{"id":76166,"date":"2026-02-25T12:37:18","date_gmt":"2026-02-25T11:37:18","guid":{"rendered":"https:\/\/www.bbmpackaging.com\/?post_type=product&#038;p=76166"},"modified":"2026-03-06T09:56:43","modified_gmt":"2026-03-06T08:56:43","slug":"combi-krones-contiform-s8-mecafill","status":"publish","type":"product","link":"https:\/\/www.bbmpackaging.com\/es\/maquinas\/usadas\/sopladoras-usadas\/combi-krones-contiform-s8-mecafill\/","title":{"rendered":"Combi KRONES Contiform S8 + Mecafill"},"content":{"rendered":"<p>La <strong>COMBI KRONES Contiform S8 + Mecafill,<\/strong> producida en 2004, es una soluci\u00f3n integrada de <strong>sopladora, llenadora y taponadora<\/strong> dise\u00f1ada para el embotellado en PET con altos est\u00e1ndares de fiabilidad y rendimiento. Esta unidad <strong>COMBI<\/strong> combina la tecnolog\u00eda de estirado-soplado Contiform S8 de Krones AG con el sistema de llenado Mecafill y la <strong>taponadora KRONES<\/strong>, alcanzando una velocidad m\u00e1xima de 12.800 bph con rosca Alaska.<\/p>\n<p>La m\u00e1quina est\u00e1 equipada con un PLC Siemens AG y un HMI KRONES, y puede trabajar con agua natural y con gas. Actualmente est\u00e1 <strong>disponible para ver en producci\u00f3n hasta enero de 2027<\/strong> y se encuentra en venta en consignaci\u00f3n, representando una oportunidad real para quienes buscan una soluci\u00f3n KRONES confiable y de alto rendimiento en l\u00edneas PET.<\/p>\n","protected":false},"excerpt":{"rendered":"<p>Combi KRONES Contiform S8 + Mecafill, con una capacidad de producci\u00f3n de hasta 12 800 bph.<\/p>\n","protected":false},"featured_media":76514,"comment_status":"closed","ping_status":"closed","template":"","meta":{"_acf_changed":false},"brand":[7450],"product_brand":[],"product_cat":[1104,1107,1111,1113,4449],"product_tag":[],"class_list":{"0":"post-76166","1":"product","2":"type-product","3":"status-publish","4":"has-post-thumbnail","6":"brand-krones","7":"product_cat-maquinas","8":"product_cat-usadas","9":"product_cat-sopladoras-usadas","10":"product_cat-llenadoras-usadas","11":"product_cat-taponadoras-usadas","13":"first","14":"instock","15":"shipping-taxable","16":"product-type-simple"},"acf":[],"yoast_head":"<!-- This site is optimized with the Yoast SEO plugin v27.2 - https:\/\/yoast.com\/product\/yoast-seo-wordpress\/ -->\n<title>Combi KRONES Contiform S8 + Mecafill en venta - BBM Packaging<\/title>\n<meta name=\"description\" content=\"Combi KRONES de 2004 en venta. Compuesto por una sopladora KRONES S8, una llenadora Mecafill y una taponadora KRONES. Vea el v\u00eddeo e la info t\u00e9cnica\" \/>\n<meta name=\"robots\" content=\"index, follow, max-snippet:-1, max-image-preview:large, max-video-preview:-1\" \/>\n<link rel=\"canonical\" href=\"https:\/\/www.bbmpackaging.com\/es\/maquinas\/usadas\/sopladoras-usadas\/combi-krones-contiform-s8-mecafill\/\" \/>\n<meta property=\"og:locale\" content=\"es_ES\" \/>\n<meta property=\"og:type\" content=\"article\" \/>\n<meta property=\"og:title\" content=\"Combi KRONES Contiform S8 + Mecafill en venta - BBM Packaging\" \/>\n<meta property=\"og:description\" content=\"Combi KRONES de 2004 en venta. Compuesto por una sopladora KRONES S8, una llenadora Mecafill y una taponadora KRONES. Vea el v\u00eddeo e la info t\u00e9cnica\" \/>\n<meta property=\"og:url\" content=\"https:\/\/www.bbmpackaging.com\/es\/maquinas\/usadas\/sopladoras-usadas\/combi-krones-contiform-s8-mecafill\/\" \/>\n<meta property=\"og:site_name\" content=\"BBM Packaging\" \/>\n<meta property=\"article:modified_time\" content=\"2026-03-06T08:56:43+00:00\" \/>\n<meta property=\"og:image\" content=\"https:\/\/www.bbmpackaging.com\/wp-content\/uploads\/2026\/02\/combi-krones-krones-contiform-s8-mecafill-off-2.jpg\" \/>\n\t<meta property=\"og:image:width\" content=\"1024\" \/>\n\t<meta property=\"og:image:height\" content=\"768\" \/>\n\t<meta property=\"og:image:type\" content=\"image\/jpeg\" \/>\n<meta name=\"twitter:card\" content=\"summary_large_image\" \/>\n<meta name=\"twitter:label1\" content=\"Tiempo de lectura\" \/>\n\t<meta name=\"twitter:data1\" content=\"1 minuto\" \/>\n<script type=\"application\/ld+json\" class=\"yoast-schema-graph\">{\"@context\":\"https:\/\/schema.org\",\"@graph\":[{\"@type\":\"WebPage\",\"@id\":\"https:\/\/www.bbmpackaging.com\/es\/maquinas\/usadas\/sopladoras-usadas\/combi-krones-contiform-s8-mecafill\/\",\"url\":\"https:\/\/www.bbmpackaging.com\/es\/maquinas\/usadas\/sopladoras-usadas\/combi-krones-contiform-s8-mecafill\/\",\"name\":\"Combi KRONES Contiform S8 + Mecafill en venta - BBM Packaging\",\"isPartOf\":{\"@id\":\"https:\/\/www.bbmpackaging.com\/es\/#website\"},\"primaryImageOfPage\":{\"@id\":\"https:\/\/www.bbmpackaging.com\/es\/maquinas\/usadas\/sopladoras-usadas\/combi-krones-contiform-s8-mecafill\/#primaryimage\"},\"image\":{\"@id\":\"https:\/\/www.bbmpackaging.com\/es\/maquinas\/usadas\/sopladoras-usadas\/combi-krones-contiform-s8-mecafill\/#primaryimage\"},\"thumbnailUrl\":\"https:\/\/www.bbmpackaging.com\/wp-content\/uploads\/2026\/02\/combi-krones-krones-contiform-s8-mecafill-off-2.jpg\",\"datePublished\":\"2026-02-25T11:37:18+00:00\",\"dateModified\":\"2026-03-06T08:56:43+00:00\",\"description\":\"Combi KRONES de 2004 en venta. Compuesto por una sopladora KRONES S8, una llenadora Mecafill y una taponadora KRONES. Vea el v\u00eddeo e la info t\u00e9cnica\",\"breadcrumb\":{\"@id\":\"https:\/\/www.bbmpackaging.com\/es\/maquinas\/usadas\/sopladoras-usadas\/combi-krones-contiform-s8-mecafill\/#breadcrumb\"},\"inLanguage\":\"es\",\"potentialAction\":[{\"@type\":\"ReadAction\",\"target\":[\"https:\/\/www.bbmpackaging.com\/es\/maquinas\/usadas\/sopladoras-usadas\/combi-krones-contiform-s8-mecafill\/\"]}]},{\"@type\":\"ImageObject\",\"inLanguage\":\"es\",\"@id\":\"https:\/\/www.bbmpackaging.com\/es\/maquinas\/usadas\/sopladoras-usadas\/combi-krones-contiform-s8-mecafill\/#primaryimage\",\"url\":\"https:\/\/www.bbmpackaging.com\/wp-content\/uploads\/2026\/02\/combi-krones-krones-contiform-s8-mecafill-off-2.jpg\",\"contentUrl\":\"https:\/\/www.bbmpackaging.com\/wp-content\/uploads\/2026\/02\/combi-krones-krones-contiform-s8-mecafill-off-2.jpg\",\"width\":1024,\"height\":768,\"caption\":\"Combi KRONES Contiform S8 Mecafill\"},{\"@type\":\"BreadcrumbList\",\"@id\":\"https:\/\/www.bbmpackaging.com\/es\/maquinas\/usadas\/sopladoras-usadas\/combi-krones-contiform-s8-mecafill\/#breadcrumb\",\"itemListElement\":[{\"@type\":\"ListItem\",\"position\":1,\"name\":\"Home\",\"item\":\"https:\/\/www.bbmpackaging.com\/es\/\"},{\"@type\":\"ListItem\",\"position\":2,\"name\":\"Productos\",\"item\":\"https:\/\/www.bbmpackaging.com\/es\/productos\/\"},{\"@type\":\"ListItem\",\"position\":3,\"name\":\"Usado\",\"item\":\"https:\/\/www.bbmpackaging.com\/es\/maquinas\/usadas\/\"},{\"@type\":\"ListItem\",\"position\":4,\"name\":\"Sopladoras\",\"item\":\"https:\/\/www.bbmpackaging.com\/es\/maquinas\/sopladoras-usadas\/\"},{\"@type\":\"ListItem\",\"position\":5,\"name\":\"Combi KRONES Contiform S8 + Mecafill\"}]},{\"@type\":\"WebSite\",\"@id\":\"https:\/\/www.bbmpackaging.com\/es\/#website\",\"url\":\"https:\/\/www.bbmpackaging.com\/es\/\",\"name\":\"BBM Packaging\",\"description\":\"Imbottigliamento: macchinari manutenzione e much more\",\"potentialAction\":[{\"@type\":\"SearchAction\",\"target\":{\"@type\":\"EntryPoint\",\"urlTemplate\":\"https:\/\/www.bbmpackaging.com\/es\/?s={search_term_string}\"},\"query-input\":{\"@type\":\"PropertyValueSpecification\",\"valueRequired\":true,\"valueName\":\"search_term_string\"}}],\"inLanguage\":\"es\"}]}<\/script>\n<!-- \/ Yoast SEO plugin. -->","yoast_head_json":{"title":"Combi KRONES Contiform S8 + Mecafill en venta - BBM Packaging","description":"Combi KRONES de 2004 en venta. Compuesto por una sopladora KRONES S8, una llenadora Mecafill y una taponadora KRONES. Vea el v\u00eddeo e la info t\u00e9cnica","robots":{"index":"index","follow":"follow","max-snippet":"max-snippet:-1","max-image-preview":"max-image-preview:large","max-video-preview":"max-video-preview:-1"},"canonical":"https:\/\/www.bbmpackaging.com\/es\/maquinas\/usadas\/sopladoras-usadas\/combi-krones-contiform-s8-mecafill\/","og_locale":"es_ES","og_type":"article","og_title":"Combi KRONES Contiform S8 + Mecafill en venta - BBM Packaging","og_description":"Combi KRONES de 2004 en venta. Compuesto por una sopladora KRONES S8, una llenadora Mecafill y una taponadora KRONES. Vea el v\u00eddeo e la info t\u00e9cnica","og_url":"https:\/\/www.bbmpackaging.com\/es\/maquinas\/usadas\/sopladoras-usadas\/combi-krones-contiform-s8-mecafill\/","og_site_name":"BBM Packaging","article_modified_time":"2026-03-06T08:56:43+00:00","og_image":[{"width":1024,"height":768,"url":"https:\/\/www.bbmpackaging.com\/wp-content\/uploads\/2026\/02\/combi-krones-krones-contiform-s8-mecafill-off-2.jpg","type":"image\/jpeg"}],"twitter_card":"summary_large_image","twitter_misc":{"Tiempo de lectura":"1 minuto"},"schema":{"@context":"https:\/\/schema.org","@graph":[{"@type":"WebPage","@id":"https:\/\/www.bbmpackaging.com\/es\/maquinas\/usadas\/sopladoras-usadas\/combi-krones-contiform-s8-mecafill\/","url":"https:\/\/www.bbmpackaging.com\/es\/maquinas\/usadas\/sopladoras-usadas\/combi-krones-contiform-s8-mecafill\/","name":"Combi KRONES Contiform S8 + Mecafill en venta - BBM Packaging","isPartOf":{"@id":"https:\/\/www.bbmpackaging.com\/es\/#website"},"primaryImageOfPage":{"@id":"https:\/\/www.bbmpackaging.com\/es\/maquinas\/usadas\/sopladoras-usadas\/combi-krones-contiform-s8-mecafill\/#primaryimage"},"image":{"@id":"https:\/\/www.bbmpackaging.com\/es\/maquinas\/usadas\/sopladoras-usadas\/combi-krones-contiform-s8-mecafill\/#primaryimage"},"thumbnailUrl":"https:\/\/www.bbmpackaging.com\/wp-content\/uploads\/2026\/02\/combi-krones-krones-contiform-s8-mecafill-off-2.jpg","datePublished":"2026-02-25T11:37:18+00:00","dateModified":"2026-03-06T08:56:43+00:00","description":"Combi KRONES de 2004 en venta. Compuesto por una sopladora KRONES S8, una llenadora Mecafill y una taponadora KRONES. Vea el v\u00eddeo e la info t\u00e9cnica","breadcrumb":{"@id":"https:\/\/www.bbmpackaging.com\/es\/maquinas\/usadas\/sopladoras-usadas\/combi-krones-contiform-s8-mecafill\/#breadcrumb"},"inLanguage":"es","potentialAction":[{"@type":"ReadAction","target":["https:\/\/www.bbmpackaging.com\/es\/maquinas\/usadas\/sopladoras-usadas\/combi-krones-contiform-s8-mecafill\/"]}]},{"@type":"ImageObject","inLanguage":"es","@id":"https:\/\/www.bbmpackaging.com\/es\/maquinas\/usadas\/sopladoras-usadas\/combi-krones-contiform-s8-mecafill\/#primaryimage","url":"https:\/\/www.bbmpackaging.com\/wp-content\/uploads\/2026\/02\/combi-krones-krones-contiform-s8-mecafill-off-2.jpg","contentUrl":"https:\/\/www.bbmpackaging.com\/wp-content\/uploads\/2026\/02\/combi-krones-krones-contiform-s8-mecafill-off-2.jpg","width":1024,"height":768,"caption":"Combi KRONES Contiform S8 Mecafill"},{"@type":"BreadcrumbList","@id":"https:\/\/www.bbmpackaging.com\/es\/maquinas\/usadas\/sopladoras-usadas\/combi-krones-contiform-s8-mecafill\/#breadcrumb","itemListElement":[{"@type":"ListItem","position":1,"name":"Home","item":"https:\/\/www.bbmpackaging.com\/es\/"},{"@type":"ListItem","position":2,"name":"Productos","item":"https:\/\/www.bbmpackaging.com\/es\/productos\/"},{"@type":"ListItem","position":3,"name":"Usado","item":"https:\/\/www.bbmpackaging.com\/es\/maquinas\/usadas\/"},{"@type":"ListItem","position":4,"name":"Sopladoras","item":"https:\/\/www.bbmpackaging.com\/es\/maquinas\/sopladoras-usadas\/"},{"@type":"ListItem","position":5,"name":"Combi KRONES Contiform S8 + Mecafill"}]},{"@type":"WebSite","@id":"https:\/\/www.bbmpackaging.com\/es\/#website","url":"https:\/\/www.bbmpackaging.com\/es\/","name":"BBM Packaging","description":"Imbottigliamento: macchinari manutenzione e much more","potentialAction":[{"@type":"SearchAction","target":{"@type":"EntryPoint","urlTemplate":"https:\/\/www.bbmpackaging.com\/es\/?s={search_term_string}"},"query-input":{"@type":"PropertyValueSpecification","valueRequired":true,"valueName":"search_term_string"}}],"inLanguage":"es"}]}},"_links":{"self":[{"href":"https:\/\/www.bbmpackaging.com\/es\/wp-json\/wp\/v2\/product\/76166","targetHints":{"allow":["GET"]}}],"collection":[{"href":"https:\/\/www.bbmpackaging.com\/es\/wp-json\/wp\/v2\/product"}],"about":[{"href":"https:\/\/www.bbmpackaging.com\/es\/wp-json\/wp\/v2\/types\/product"}],"replies":[{"embeddable":true,"href":"https:\/\/www.bbmpackaging.com\/es\/wp-json\/wp\/v2\/comments?post=76166"}],"wp:featuredmedia":[{"embeddable":true,"href":"https:\/\/www.bbmpackaging.com\/es\/wp-json\/wp\/v2\/media\/76514"}],"wp:attachment":[{"href":"https:\/\/www.bbmpackaging.com\/es\/wp-json\/wp\/v2\/media?parent=76166"}],"wp:term":[{"taxonomy":"brand","embeddable":true,"href":"https:\/\/www.bbmpackaging.com\/es\/wp-json\/wp\/v2\/brand?post=76166"},{"taxonomy":"product_brand","embeddable":true,"href":"https:\/\/www.bbmpackaging.com\/es\/wp-json\/wp\/v2\/product_brand?post=76166"},{"taxonomy":"product_cat","embeddable":true,"href":"https:\/\/www.bbmpackaging.com\/es\/wp-json\/wp\/v2\/product_cat?post=76166"},{"taxonomy":"product_tag","embeddable":true,"href":"https:\/\/www.bbmpackaging.com\/es\/wp-json\/wp\/v2\/product_tag?post=76166"}],"curies":[{"name":"wp","href":"https:\/\/api.w.org\/{rel}","templated":true}]}}