{"id":76433,"date":"2026-02-27T12:32:48","date_gmt":"2026-02-27T11:32:48","guid":{"rendered":"https:\/\/www.bbmpackaging.com\/?post_type=product&#038;p=76433"},"modified":"2026-03-06T08:10:14","modified_gmt":"2026-03-06T07:10:14","slug":"enfajadora-smi-lsk-35t","status":"publish","type":"product","link":"https:\/\/www.bbmpackaging.com\/es\/maquinas\/usadas\/enfajadoras-empaquetadoras-de-bandejas-usadas\/enfajadora-smi-lsk-35t\/","title":{"rendered":"Enfajadora SMI LSK 35T"},"content":{"rendered":"<p data-start=\"0\" data-end=\"317\">La enfajadora <strong data-start=\"17\" data-end=\"32\">SMI LSK 35T<\/strong> <strong data-start=\"17\" data-end=\"32\">(2011) <\/strong>es una soluci\u00f3n fiable y de alto rendimiento para l\u00edneas de bebidas, con una capacidad de producci\u00f3n de hasta <strong data-start=\"129\" data-end=\"143\">12.600 bph<\/strong>. Adecuada para el envasado de botellas en <strong data-start=\"187\" data-end=\"202\">PET y vidrio<\/strong>, realiza paquetes <strong data-start=\"220\" data-end=\"235\">&nbsp;film + bandeja<\/strong> y est\u00e1 configurada con <strong data-start=\"257\" data-end=\"268\">8 carriles<\/strong> para garantizar eficiencia y continuidad operativa.<\/p>\n<p data-start=\"319\" data-end=\"477\">Equipada con <strong data-start=\"329\" data-end=\"346\">PLC y HMI SMI<\/strong>, incluye un <strong data-start=\"362\" data-end=\"413\">dispositivo para centrar el film impreso<\/strong>, asegurando precisi\u00f3n y calidad est\u00e9tica del producto terminado.<\/p>\n<p data-start=\"479\" data-end=\"586\" data-is-last-node=\"\" data-is-only-node=\"\">Disponible <strong data-start=\"491\" data-end=\"511\">vista y apreciada<\/strong> o <strong data-start=\"519\" data-end=\"546\">revisada y garantizada<\/strong>.<\/p>\n<p data-start=\"479\" data-end=\"586\" data-is-last-node=\"\" data-is-only-node=\"\"><a href=\"https:\/\/www.bbmpackaging.com\/es\/maquinas\/enfajadoras-empaquetadoras-de-bandejas-usadas\/\" target=\"_blank\" rel=\"noopener\">Descubre otras enfajadoras<\/a><a href=\"https:\/\/www.bbmpackaging.com\/es\/maquinas\/enfajadoras-empaquetadoras-de-bandejas-usadas\/\" target=\"_blank\" rel=\"noopener\">&nbsp;en venta.<\/a><\/p>\n","protected":false},"excerpt":{"rendered":"<p>Enfajadora SMI LSK 35T, con una capacidad de producci\u00f3n de hasta 12 600 BPH. La velocidad indicada en botellas por hora se refiere al formato est\u00e1ndar de 1500 ml en embalaje 3&#215;2.<\/p>\n","protected":false},"featured_media":76337,"comment_status":"closed","ping_status":"closed","template":"","meta":{"_acf_changed":false},"brand":[7439],"product_brand":[],"product_cat":[1107,1119],"product_tag":[],"class_list":{"0":"post-76433","1":"product","2":"type-product","3":"status-publish","4":"has-post-thumbnail","6":"brand-smi","7":"product_cat-usadas","8":"product_cat-enfajadoras-empaquetadoras-de-bandejas-usadas","10":"first","11":"instock","12":"shipping-taxable","13":"product-type-simple"},"acf":[],"yoast_head":"<!-- This site is optimized with the Yoast SEO plugin v27.2 - https:\/\/yoast.com\/product\/yoast-seo-wordpress\/ -->\n<title>Enfajadora SMI LSK 35T en venta - BBM Packaging<\/title>\n<meta name=\"description\" content=\"Enfajadora SMI LSK 35T de 12 600 bph para PET y vidrio en venta. Disponible revisada o vista y aprobada. Vea las fotos y descubra la informaci\u00f3n t\u00e9cnica.\" \/>\n<meta name=\"robots\" content=\"index, follow, max-snippet:-1, max-image-preview:large, max-video-preview:-1\" \/>\n<link rel=\"canonical\" href=\"https:\/\/www.bbmpackaging.com\/es\/maquinas\/usadas\/enfajadoras-empaquetadoras-de-bandejas-usadas\/enfajadora-smi-lsk-35t\/\" \/>\n<meta property=\"og:locale\" content=\"es_ES\" \/>\n<meta property=\"og:type\" content=\"article\" \/>\n<meta property=\"og:title\" content=\"Enfajadora SMI LSK 35T en venta - BBM Packaging\" \/>\n<meta property=\"og:description\" content=\"Enfajadora SMI LSK 35T de 12 600 bph para PET y vidrio en venta. Disponible revisada o vista y aprobada. Vea las fotos y descubra la informaci\u00f3n t\u00e9cnica.\" \/>\n<meta property=\"og:url\" content=\"https:\/\/www.bbmpackaging.com\/es\/maquinas\/usadas\/enfajadoras-empaquetadoras-de-bandejas-usadas\/enfajadora-smi-lsk-35t\/\" \/>\n<meta property=\"og:site_name\" content=\"BBM Packaging\" \/>\n<meta property=\"article:modified_time\" content=\"2026-03-06T07:10:14+00:00\" \/>\n<meta property=\"og:image\" content=\"https:\/\/www.bbmpackaging.com\/wp-content\/uploads\/2026\/02\/Enfajadora-SMI-LSK-35T-4.jpg\" \/>\n\t<meta property=\"og:image:width\" content=\"1000\" \/>\n\t<meta property=\"og:image:height\" content=\"750\" \/>\n\t<meta property=\"og:image:type\" content=\"image\/jpeg\" \/>\n<meta name=\"twitter:card\" content=\"summary_large_image\" \/>\n<meta name=\"twitter:label1\" content=\"Tiempo de lectura\" \/>\n\t<meta name=\"twitter:data1\" content=\"1 minuto\" \/>\n<script type=\"application\/ld+json\" class=\"yoast-schema-graph\">{\"@context\":\"https:\/\/schema.org\",\"@graph\":[{\"@type\":\"WebPage\",\"@id\":\"https:\/\/www.bbmpackaging.com\/es\/maquinas\/usadas\/enfajadoras-empaquetadoras-de-bandejas-usadas\/enfajadora-smi-lsk-35t\/\",\"url\":\"https:\/\/www.bbmpackaging.com\/es\/maquinas\/usadas\/enfajadoras-empaquetadoras-de-bandejas-usadas\/enfajadora-smi-lsk-35t\/\",\"name\":\"Enfajadora SMI LSK 35T en venta - BBM Packaging\",\"isPartOf\":{\"@id\":\"https:\/\/www.bbmpackaging.com\/es\/#website\"},\"primaryImageOfPage\":{\"@id\":\"https:\/\/www.bbmpackaging.com\/es\/maquinas\/usadas\/enfajadoras-empaquetadoras-de-bandejas-usadas\/enfajadora-smi-lsk-35t\/#primaryimage\"},\"image\":{\"@id\":\"https:\/\/www.bbmpackaging.com\/es\/maquinas\/usadas\/enfajadoras-empaquetadoras-de-bandejas-usadas\/enfajadora-smi-lsk-35t\/#primaryimage\"},\"thumbnailUrl\":\"https:\/\/www.bbmpackaging.com\/wp-content\/uploads\/2026\/02\/Fardellatrice-SMI-LSK-35T-5.jpg\",\"datePublished\":\"2026-02-27T11:32:48+00:00\",\"dateModified\":\"2026-03-06T07:10:14+00:00\",\"description\":\"Enfajadora SMI LSK 35T de 12 600 bph para PET y vidrio en venta. Disponible revisada o vista y aprobada. Vea las fotos y descubra la informaci\u00f3n t\u00e9cnica.\",\"breadcrumb\":{\"@id\":\"https:\/\/www.bbmpackaging.com\/es\/maquinas\/usadas\/enfajadoras-empaquetadoras-de-bandejas-usadas\/enfajadora-smi-lsk-35t\/#breadcrumb\"},\"inLanguage\":\"es\",\"potentialAction\":[{\"@type\":\"ReadAction\",\"target\":[\"https:\/\/www.bbmpackaging.com\/es\/maquinas\/usadas\/enfajadoras-empaquetadoras-de-bandejas-usadas\/enfajadora-smi-lsk-35t\/\"]}]},{\"@type\":\"ImageObject\",\"inLanguage\":\"es\",\"@id\":\"https:\/\/www.bbmpackaging.com\/es\/maquinas\/usadas\/enfajadoras-empaquetadoras-de-bandejas-usadas\/enfajadora-smi-lsk-35t\/#primaryimage\",\"url\":\"https:\/\/www.bbmpackaging.com\/wp-content\/uploads\/2026\/02\/Fardellatrice-SMI-LSK-35T-5.jpg\",\"contentUrl\":\"https:\/\/www.bbmpackaging.com\/wp-content\/uploads\/2026\/02\/Fardellatrice-SMI-LSK-35T-5.jpg\",\"width\":1000,\"height\":750,\"caption\":\"Fardellatrice SMI LSK 35T\"},{\"@type\":\"BreadcrumbList\",\"@id\":\"https:\/\/www.bbmpackaging.com\/es\/maquinas\/usadas\/enfajadoras-empaquetadoras-de-bandejas-usadas\/enfajadora-smi-lsk-35t\/#breadcrumb\",\"itemListElement\":[{\"@type\":\"ListItem\",\"position\":1,\"name\":\"Home\",\"item\":\"https:\/\/www.bbmpackaging.com\/es\/\"},{\"@type\":\"ListItem\",\"position\":2,\"name\":\"Productos\",\"item\":\"https:\/\/www.bbmpackaging.com\/es\/productos\/\"},{\"@type\":\"ListItem\",\"position\":3,\"name\":\"Usado\",\"item\":\"https:\/\/www.bbmpackaging.com\/es\/maquinas\/usadas\/\"},{\"@type\":\"ListItem\",\"position\":4,\"name\":\"Enfajadoras y empaquetadoras\",\"item\":\"https:\/\/www.bbmpackaging.com\/es\/maquinas\/enfajadoras-empaquetadoras-de-bandejas-usadas\/\"},{\"@type\":\"ListItem\",\"position\":5,\"name\":\"Enfajadora SMI LSK 35T\"}]},{\"@type\":\"WebSite\",\"@id\":\"https:\/\/www.bbmpackaging.com\/es\/#website\",\"url\":\"https:\/\/www.bbmpackaging.com\/es\/\",\"name\":\"BBM Packaging\",\"description\":\"Imbottigliamento: macchinari manutenzione e much more\",\"potentialAction\":[{\"@type\":\"SearchAction\",\"target\":{\"@type\":\"EntryPoint\",\"urlTemplate\":\"https:\/\/www.bbmpackaging.com\/es\/?s={search_term_string}\"},\"query-input\":{\"@type\":\"PropertyValueSpecification\",\"valueRequired\":true,\"valueName\":\"search_term_string\"}}],\"inLanguage\":\"es\"}]}<\/script>\n<!-- \/ Yoast SEO plugin. -->","yoast_head_json":{"title":"Enfajadora SMI LSK 35T en venta - BBM Packaging","description":"Enfajadora SMI LSK 35T de 12 600 bph para PET y vidrio en venta. Disponible revisada o vista y aprobada. Vea las fotos y descubra la informaci\u00f3n t\u00e9cnica.","robots":{"index":"index","follow":"follow","max-snippet":"max-snippet:-1","max-image-preview":"max-image-preview:large","max-video-preview":"max-video-preview:-1"},"canonical":"https:\/\/www.bbmpackaging.com\/es\/maquinas\/usadas\/enfajadoras-empaquetadoras-de-bandejas-usadas\/enfajadora-smi-lsk-35t\/","og_locale":"es_ES","og_type":"article","og_title":"Enfajadora SMI LSK 35T en venta - BBM Packaging","og_description":"Enfajadora SMI LSK 35T de 12 600 bph para PET y vidrio en venta. Disponible revisada o vista y aprobada. Vea las fotos y descubra la informaci\u00f3n t\u00e9cnica.","og_url":"https:\/\/www.bbmpackaging.com\/es\/maquinas\/usadas\/enfajadoras-empaquetadoras-de-bandejas-usadas\/enfajadora-smi-lsk-35t\/","og_site_name":"BBM Packaging","article_modified_time":"2026-03-06T07:10:14+00:00","og_image":[{"width":1000,"height":750,"url":"https:\/\/www.bbmpackaging.com\/wp-content\/uploads\/2026\/02\/Enfajadora-SMI-LSK-35T-4.jpg","type":"image\/jpeg"}],"twitter_card":"summary_large_image","twitter_misc":{"Tiempo de lectura":"1 minuto"},"schema":{"@context":"https:\/\/schema.org","@graph":[{"@type":"WebPage","@id":"https:\/\/www.bbmpackaging.com\/es\/maquinas\/usadas\/enfajadoras-empaquetadoras-de-bandejas-usadas\/enfajadora-smi-lsk-35t\/","url":"https:\/\/www.bbmpackaging.com\/es\/maquinas\/usadas\/enfajadoras-empaquetadoras-de-bandejas-usadas\/enfajadora-smi-lsk-35t\/","name":"Enfajadora SMI LSK 35T en venta - BBM Packaging","isPartOf":{"@id":"https:\/\/www.bbmpackaging.com\/es\/#website"},"primaryImageOfPage":{"@id":"https:\/\/www.bbmpackaging.com\/es\/maquinas\/usadas\/enfajadoras-empaquetadoras-de-bandejas-usadas\/enfajadora-smi-lsk-35t\/#primaryimage"},"image":{"@id":"https:\/\/www.bbmpackaging.com\/es\/maquinas\/usadas\/enfajadoras-empaquetadoras-de-bandejas-usadas\/enfajadora-smi-lsk-35t\/#primaryimage"},"thumbnailUrl":"https:\/\/www.bbmpackaging.com\/wp-content\/uploads\/2026\/02\/Fardellatrice-SMI-LSK-35T-5.jpg","datePublished":"2026-02-27T11:32:48+00:00","dateModified":"2026-03-06T07:10:14+00:00","description":"Enfajadora SMI LSK 35T de 12 600 bph para PET y vidrio en venta. Disponible revisada o vista y aprobada. Vea las fotos y descubra la informaci\u00f3n t\u00e9cnica.","breadcrumb":{"@id":"https:\/\/www.bbmpackaging.com\/es\/maquinas\/usadas\/enfajadoras-empaquetadoras-de-bandejas-usadas\/enfajadora-smi-lsk-35t\/#breadcrumb"},"inLanguage":"es","potentialAction":[{"@type":"ReadAction","target":["https:\/\/www.bbmpackaging.com\/es\/maquinas\/usadas\/enfajadoras-empaquetadoras-de-bandejas-usadas\/enfajadora-smi-lsk-35t\/"]}]},{"@type":"ImageObject","inLanguage":"es","@id":"https:\/\/www.bbmpackaging.com\/es\/maquinas\/usadas\/enfajadoras-empaquetadoras-de-bandejas-usadas\/enfajadora-smi-lsk-35t\/#primaryimage","url":"https:\/\/www.bbmpackaging.com\/wp-content\/uploads\/2026\/02\/Fardellatrice-SMI-LSK-35T-5.jpg","contentUrl":"https:\/\/www.bbmpackaging.com\/wp-content\/uploads\/2026\/02\/Fardellatrice-SMI-LSK-35T-5.jpg","width":1000,"height":750,"caption":"Fardellatrice SMI LSK 35T"},{"@type":"BreadcrumbList","@id":"https:\/\/www.bbmpackaging.com\/es\/maquinas\/usadas\/enfajadoras-empaquetadoras-de-bandejas-usadas\/enfajadora-smi-lsk-35t\/#breadcrumb","itemListElement":[{"@type":"ListItem","position":1,"name":"Home","item":"https:\/\/www.bbmpackaging.com\/es\/"},{"@type":"ListItem","position":2,"name":"Productos","item":"https:\/\/www.bbmpackaging.com\/es\/productos\/"},{"@type":"ListItem","position":3,"name":"Usado","item":"https:\/\/www.bbmpackaging.com\/es\/maquinas\/usadas\/"},{"@type":"ListItem","position":4,"name":"Enfajadoras y empaquetadoras","item":"https:\/\/www.bbmpackaging.com\/es\/maquinas\/enfajadoras-empaquetadoras-de-bandejas-usadas\/"},{"@type":"ListItem","position":5,"name":"Enfajadora SMI LSK 35T"}]},{"@type":"WebSite","@id":"https:\/\/www.bbmpackaging.com\/es\/#website","url":"https:\/\/www.bbmpackaging.com\/es\/","name":"BBM Packaging","description":"Imbottigliamento: macchinari manutenzione e much more","potentialAction":[{"@type":"SearchAction","target":{"@type":"EntryPoint","urlTemplate":"https:\/\/www.bbmpackaging.com\/es\/?s={search_term_string}"},"query-input":{"@type":"PropertyValueSpecification","valueRequired":true,"valueName":"search_term_string"}}],"inLanguage":"es"}]}},"_links":{"self":[{"href":"https:\/\/www.bbmpackaging.com\/es\/wp-json\/wp\/v2\/product\/76433","targetHints":{"allow":["GET"]}}],"collection":[{"href":"https:\/\/www.bbmpackaging.com\/es\/wp-json\/wp\/v2\/product"}],"about":[{"href":"https:\/\/www.bbmpackaging.com\/es\/wp-json\/wp\/v2\/types\/product"}],"replies":[{"embeddable":true,"href":"https:\/\/www.bbmpackaging.com\/es\/wp-json\/wp\/v2\/comments?post=76433"}],"wp:featuredmedia":[{"embeddable":true,"href":"https:\/\/www.bbmpackaging.com\/es\/wp-json\/wp\/v2\/media\/76337"}],"wp:attachment":[{"href":"https:\/\/www.bbmpackaging.com\/es\/wp-json\/wp\/v2\/media?parent=76433"}],"wp:term":[{"taxonomy":"brand","embeddable":true,"href":"https:\/\/www.bbmpackaging.com\/es\/wp-json\/wp\/v2\/brand?post=76433"},{"taxonomy":"product_brand","embeddable":true,"href":"https:\/\/www.bbmpackaging.com\/es\/wp-json\/wp\/v2\/product_brand?post=76433"},{"taxonomy":"product_cat","embeddable":true,"href":"https:\/\/www.bbmpackaging.com\/es\/wp-json\/wp\/v2\/product_cat?post=76433"},{"taxonomy":"product_tag","embeddable":true,"href":"https:\/\/www.bbmpackaging.com\/es\/wp-json\/wp\/v2\/product_tag?post=76433"}],"curies":[{"name":"wp","href":"https:\/\/api.w.org\/{rel}","templated":true}]}}