{"id":77604,"date":"2026-04-23T15:01:41","date_gmt":"2026-04-23T13:01:41","guid":{"rendered":"https:\/\/www.bbmpackaging.com\/?post_type=product&#038;p=77604"},"modified":"2026-04-23T15:34:27","modified_gmt":"2026-04-23T13:34:27","slug":"paletizador-tmg-strio-2s1","status":"publish","type":"product","link":"https:\/\/www.bbmpackaging.com\/es\/maquinas\/usadas\/paletizadoras-usadas\/paletizador-tmg-strio-2s1\/","title":{"rendered":"Paletizador TMG Strio 2S1"},"content":{"rendered":"<p data-start=\"0\" data-end=\"106\"><strong>Paletizador TMG Strio 2S1<\/strong>, a\u00f1o <strong>2003<\/strong>, capaz de paletizar hasta <strong>14.000 bph<\/strong> en formatos <strong>wrap, bandeja y film.<\/strong><\/p>\n<p data-start=\"108\" data-end=\"352\">Es compatible con m\u00faltiples tipos de envases, incluyendo PET, vidrio y latas. Admite palets est\u00e1ndar 800&#215;1200 mm y est\u00e1 equipado con <strong>alimentador autom\u00e1tico de interl\u00e1minas<\/strong>, optimizando la estabilidad de la carga y la automatizaci\u00f3n del proceso.<\/p>\n<p data-start=\"354\" data-end=\"513\">Desde el punto de vista del control, la m\u00e1quina est\u00e1 equipada con <strong>PLC Siemens<\/strong> e interfaz de operador <strong>HMI S7-300<\/strong>, sin\u00f3nimo de fiabilidad y facilidad de gesti\u00f3n.<\/p>\n<p data-start=\"515\" data-end=\"584\" data-is-last-node=\"\" data-is-only-node=\"\">Disponible usado, revisado y garantizado, o vendido visto y aprobado.<\/p>\n","protected":false},"excerpt":{"rendered":"<p>Paletizador TMG Strio 2S1 usado, revisado y garantizado. La velocidad indicada en botellas por hora se refiere al formato est\u00e1ndar de 1500 ml en envase 3&#215;2.<\/p>\n","protected":false},"featured_media":77737,"comment_status":"closed","ping_status":"closed","template":"","meta":{"_acf_changed":false},"brand":[7611],"product_brand":[],"product_cat":[1104,1107,1127],"product_tag":[],"class_list":{"0":"post-77604","1":"product","2":"type-product","3":"status-publish","4":"has-post-thumbnail","6":"brand-tmg","7":"product_cat-maquinas","8":"product_cat-usadas","9":"product_cat-paletizadoras-usadas","11":"first","12":"instock","13":"shipping-taxable","14":"product-type-simple"},"acf":[],"yoast_head":"<!-- This site is optimized with the Yoast SEO plugin v27.2 - https:\/\/yoast.com\/product\/yoast-seo-wordpress\/ -->\n<title>Paletizador TMG Strio 2S1 - BBM Packaging<\/title>\n<meta name=\"description\" content=\"Paletizador TMG Strio 2S1 usado para embalajes wrap-bandeja-film hasta 14.000 bph. 800x1200, PLC Siemens y HMI S7-300. Revisado o vendido visto y aprobado\" \/>\n<meta name=\"robots\" content=\"index, follow, max-snippet:-1, max-image-preview:large, max-video-preview:-1\" \/>\n<link rel=\"canonical\" href=\"https:\/\/www.bbmpackaging.com\/es\/maquinas\/usadas\/paletizadoras-usadas\/paletizador-tmg-strio-2s1\/\" \/>\n<meta property=\"og:locale\" content=\"es_ES\" \/>\n<meta property=\"og:type\" content=\"article\" \/>\n<meta property=\"og:title\" content=\"Paletizador TMG Strio 2S1 - BBM Packaging\" \/>\n<meta property=\"og:description\" content=\"Paletizador TMG Strio 2S1 usado para embalajes wrap-bandeja-film hasta 14.000 bph. 800x1200, PLC Siemens y HMI S7-300. Revisado o vendido visto y aprobado\" \/>\n<meta property=\"og:url\" content=\"https:\/\/www.bbmpackaging.com\/es\/maquinas\/usadas\/paletizadoras-usadas\/paletizador-tmg-strio-2s1\/\" \/>\n<meta property=\"og:site_name\" content=\"BBM Packaging\" \/>\n<meta property=\"article:modified_time\" content=\"2026-04-23T13:34:27+00:00\" \/>\n<meta property=\"og:image\" content=\"https:\/\/cdn.bbmpackaging.com\/wp-content\/uploads\/2026\/04\/Pallettizzatore-TMG-Strio-2S1-7.jpg\" \/>\n\t<meta property=\"og:image:width\" content=\"1440\" \/>\n\t<meta property=\"og:image:height\" content=\"1080\" \/>\n\t<meta property=\"og:image:type\" content=\"image\/jpeg\" \/>\n<meta name=\"twitter:card\" content=\"summary_large_image\" \/>\n<meta name=\"twitter:label1\" content=\"Tiempo de lectura\" \/>\n\t<meta name=\"twitter:data1\" content=\"1 minuto\" \/>\n<script type=\"application\/ld+json\" class=\"yoast-schema-graph\">{\"@context\":\"https:\/\/schema.org\",\"@graph\":[{\"@type\":\"WebPage\",\"@id\":\"https:\/\/www.bbmpackaging.com\/es\/maquinas\/usadas\/paletizadoras-usadas\/paletizador-tmg-strio-2s1\/\",\"url\":\"https:\/\/www.bbmpackaging.com\/es\/maquinas\/usadas\/paletizadoras-usadas\/paletizador-tmg-strio-2s1\/\",\"name\":\"Paletizador TMG Strio 2S1 - BBM Packaging\",\"isPartOf\":{\"@id\":\"https:\/\/www.bbmpackaging.com\/es\/#website\"},\"primaryImageOfPage\":{\"@id\":\"https:\/\/www.bbmpackaging.com\/es\/maquinas\/usadas\/paletizadoras-usadas\/paletizador-tmg-strio-2s1\/#primaryimage\"},\"image\":{\"@id\":\"https:\/\/www.bbmpackaging.com\/es\/maquinas\/usadas\/paletizadoras-usadas\/paletizador-tmg-strio-2s1\/#primaryimage\"},\"thumbnailUrl\":\"https:\/\/cdn.bbmpackaging.com\/wp-content\/uploads\/2026\/04\/Pallettizzatore-TMG-Strio-2S1-7.jpg\",\"datePublished\":\"2026-04-23T13:01:41+00:00\",\"dateModified\":\"2026-04-23T13:34:27+00:00\",\"description\":\"Paletizador TMG Strio 2S1 usado para embalajes wrap-bandeja-film hasta 14.000 bph. 800x1200, PLC Siemens y HMI S7-300. Revisado o vendido visto y aprobado\",\"breadcrumb\":{\"@id\":\"https:\/\/www.bbmpackaging.com\/es\/maquinas\/usadas\/paletizadoras-usadas\/paletizador-tmg-strio-2s1\/#breadcrumb\"},\"inLanguage\":\"es\",\"potentialAction\":[{\"@type\":\"ReadAction\",\"target\":[\"https:\/\/www.bbmpackaging.com\/es\/maquinas\/usadas\/paletizadoras-usadas\/paletizador-tmg-strio-2s1\/\"]}]},{\"@type\":\"ImageObject\",\"inLanguage\":\"es\",\"@id\":\"https:\/\/www.bbmpackaging.com\/es\/maquinas\/usadas\/paletizadoras-usadas\/paletizador-tmg-strio-2s1\/#primaryimage\",\"url\":\"https:\/\/cdn.bbmpackaging.com\/wp-content\/uploads\/2026\/04\/Pallettizzatore-TMG-Strio-2S1-7.jpg\",\"contentUrl\":\"https:\/\/cdn.bbmpackaging.com\/wp-content\/uploads\/2026\/04\/Pallettizzatore-TMG-Strio-2S1-7.jpg\",\"width\":1440,\"height\":1080,\"caption\":\"Paletizador TMG Strio 2S1 usado para embalajes wrap-bandeja-film hasta 14.000 bph. 800x1200, PLC Siemens y HMI S7-300. Revisado o vendido visto y aprobado\"},{\"@type\":\"BreadcrumbList\",\"@id\":\"https:\/\/www.bbmpackaging.com\/es\/maquinas\/usadas\/paletizadoras-usadas\/paletizador-tmg-strio-2s1\/#breadcrumb\",\"itemListElement\":[{\"@type\":\"ListItem\",\"position\":1,\"name\":\"Home\",\"item\":\"https:\/\/www.bbmpackaging.com\/es\/\"},{\"@type\":\"ListItem\",\"position\":2,\"name\":\"Productos\",\"item\":\"https:\/\/www.bbmpackaging.com\/es\/productos\/\"},{\"@type\":\"ListItem\",\"position\":3,\"name\":\"Usado\",\"item\":\"https:\/\/www.bbmpackaging.com\/es\/maquinas\/usadas\/\"},{\"@type\":\"ListItem\",\"position\":4,\"name\":\"Paletizadores\",\"item\":\"https:\/\/www.bbmpackaging.com\/es\/maquinas\/paletizadoras-usadas\/\"},{\"@type\":\"ListItem\",\"position\":5,\"name\":\"Paletizador TMG Strio 2S1\"}]},{\"@type\":\"WebSite\",\"@id\":\"https:\/\/www.bbmpackaging.com\/es\/#website\",\"url\":\"https:\/\/www.bbmpackaging.com\/es\/\",\"name\":\"BBM Packaging\",\"description\":\"Imbottigliamento: macchinari manutenzione e much more\",\"potentialAction\":[{\"@type\":\"SearchAction\",\"target\":{\"@type\":\"EntryPoint\",\"urlTemplate\":\"https:\/\/www.bbmpackaging.com\/es\/?s={search_term_string}\"},\"query-input\":{\"@type\":\"PropertyValueSpecification\",\"valueRequired\":true,\"valueName\":\"search_term_string\"}}],\"inLanguage\":\"es\"}]}<\/script>\n<!-- \/ Yoast SEO plugin. -->","yoast_head_json":{"title":"Paletizador TMG Strio 2S1 - BBM Packaging","description":"Paletizador TMG Strio 2S1 usado para embalajes wrap-bandeja-film hasta 14.000 bph. 800x1200, PLC Siemens y HMI S7-300. Revisado o vendido visto y aprobado","robots":{"index":"index","follow":"follow","max-snippet":"max-snippet:-1","max-image-preview":"max-image-preview:large","max-video-preview":"max-video-preview:-1"},"canonical":"https:\/\/www.bbmpackaging.com\/es\/maquinas\/usadas\/paletizadoras-usadas\/paletizador-tmg-strio-2s1\/","og_locale":"es_ES","og_type":"article","og_title":"Paletizador TMG Strio 2S1 - BBM Packaging","og_description":"Paletizador TMG Strio 2S1 usado para embalajes wrap-bandeja-film hasta 14.000 bph. 800x1200, PLC Siemens y HMI S7-300. Revisado o vendido visto y aprobado","og_url":"https:\/\/www.bbmpackaging.com\/es\/maquinas\/usadas\/paletizadoras-usadas\/paletizador-tmg-strio-2s1\/","og_site_name":"BBM Packaging","article_modified_time":"2026-04-23T13:34:27+00:00","og_image":[{"width":1440,"height":1080,"url":"https:\/\/cdn.bbmpackaging.com\/wp-content\/uploads\/2026\/04\/Pallettizzatore-TMG-Strio-2S1-7.jpg","type":"image\/jpeg"}],"twitter_card":"summary_large_image","twitter_misc":{"Tiempo de lectura":"1 minuto"},"schema":{"@context":"https:\/\/schema.org","@graph":[{"@type":"WebPage","@id":"https:\/\/www.bbmpackaging.com\/es\/maquinas\/usadas\/paletizadoras-usadas\/paletizador-tmg-strio-2s1\/","url":"https:\/\/www.bbmpackaging.com\/es\/maquinas\/usadas\/paletizadoras-usadas\/paletizador-tmg-strio-2s1\/","name":"Paletizador TMG Strio 2S1 - BBM Packaging","isPartOf":{"@id":"https:\/\/www.bbmpackaging.com\/es\/#website"},"primaryImageOfPage":{"@id":"https:\/\/www.bbmpackaging.com\/es\/maquinas\/usadas\/paletizadoras-usadas\/paletizador-tmg-strio-2s1\/#primaryimage"},"image":{"@id":"https:\/\/www.bbmpackaging.com\/es\/maquinas\/usadas\/paletizadoras-usadas\/paletizador-tmg-strio-2s1\/#primaryimage"},"thumbnailUrl":"https:\/\/cdn.bbmpackaging.com\/wp-content\/uploads\/2026\/04\/Pallettizzatore-TMG-Strio-2S1-7.jpg","datePublished":"2026-04-23T13:01:41+00:00","dateModified":"2026-04-23T13:34:27+00:00","description":"Paletizador TMG Strio 2S1 usado para embalajes wrap-bandeja-film hasta 14.000 bph. 800x1200, PLC Siemens y HMI S7-300. Revisado o vendido visto y aprobado","breadcrumb":{"@id":"https:\/\/www.bbmpackaging.com\/es\/maquinas\/usadas\/paletizadoras-usadas\/paletizador-tmg-strio-2s1\/#breadcrumb"},"inLanguage":"es","potentialAction":[{"@type":"ReadAction","target":["https:\/\/www.bbmpackaging.com\/es\/maquinas\/usadas\/paletizadoras-usadas\/paletizador-tmg-strio-2s1\/"]}]},{"@type":"ImageObject","inLanguage":"es","@id":"https:\/\/www.bbmpackaging.com\/es\/maquinas\/usadas\/paletizadoras-usadas\/paletizador-tmg-strio-2s1\/#primaryimage","url":"https:\/\/cdn.bbmpackaging.com\/wp-content\/uploads\/2026\/04\/Pallettizzatore-TMG-Strio-2S1-7.jpg","contentUrl":"https:\/\/cdn.bbmpackaging.com\/wp-content\/uploads\/2026\/04\/Pallettizzatore-TMG-Strio-2S1-7.jpg","width":1440,"height":1080,"caption":"Paletizador TMG Strio 2S1 usado para embalajes wrap-bandeja-film hasta 14.000 bph. 800x1200, PLC Siemens y HMI S7-300. Revisado o vendido visto y aprobado"},{"@type":"BreadcrumbList","@id":"https:\/\/www.bbmpackaging.com\/es\/maquinas\/usadas\/paletizadoras-usadas\/paletizador-tmg-strio-2s1\/#breadcrumb","itemListElement":[{"@type":"ListItem","position":1,"name":"Home","item":"https:\/\/www.bbmpackaging.com\/es\/"},{"@type":"ListItem","position":2,"name":"Productos","item":"https:\/\/www.bbmpackaging.com\/es\/productos\/"},{"@type":"ListItem","position":3,"name":"Usado","item":"https:\/\/www.bbmpackaging.com\/es\/maquinas\/usadas\/"},{"@type":"ListItem","position":4,"name":"Paletizadores","item":"https:\/\/www.bbmpackaging.com\/es\/maquinas\/paletizadoras-usadas\/"},{"@type":"ListItem","position":5,"name":"Paletizador TMG Strio 2S1"}]},{"@type":"WebSite","@id":"https:\/\/www.bbmpackaging.com\/es\/#website","url":"https:\/\/www.bbmpackaging.com\/es\/","name":"BBM Packaging","description":"Imbottigliamento: macchinari manutenzione e much more","potentialAction":[{"@type":"SearchAction","target":{"@type":"EntryPoint","urlTemplate":"https:\/\/www.bbmpackaging.com\/es\/?s={search_term_string}"},"query-input":{"@type":"PropertyValueSpecification","valueRequired":true,"valueName":"search_term_string"}}],"inLanguage":"es"}]}},"_links":{"self":[{"href":"https:\/\/www.bbmpackaging.com\/es\/wp-json\/wp\/v2\/product\/77604","targetHints":{"allow":["GET"]}}],"collection":[{"href":"https:\/\/www.bbmpackaging.com\/es\/wp-json\/wp\/v2\/product"}],"about":[{"href":"https:\/\/www.bbmpackaging.com\/es\/wp-json\/wp\/v2\/types\/product"}],"replies":[{"embeddable":true,"href":"https:\/\/www.bbmpackaging.com\/es\/wp-json\/wp\/v2\/comments?post=77604"}],"wp:featuredmedia":[{"embeddable":true,"href":"https:\/\/www.bbmpackaging.com\/es\/wp-json\/wp\/v2\/media\/77737"}],"wp:attachment":[{"href":"https:\/\/www.bbmpackaging.com\/es\/wp-json\/wp\/v2\/media?parent=77604"}],"wp:term":[{"taxonomy":"brand","embeddable":true,"href":"https:\/\/www.bbmpackaging.com\/es\/wp-json\/wp\/v2\/brand?post=77604"},{"taxonomy":"product_brand","embeddable":true,"href":"https:\/\/www.bbmpackaging.com\/es\/wp-json\/wp\/v2\/product_brand?post=77604"},{"taxonomy":"product_cat","embeddable":true,"href":"https:\/\/www.bbmpackaging.com\/es\/wp-json\/wp\/v2\/product_cat?post=77604"},{"taxonomy":"product_tag","embeddable":true,"href":"https:\/\/www.bbmpackaging.com\/es\/wp-json\/wp\/v2\/product_tag?post=77604"}],"curies":[{"name":"wp","href":"https:\/\/api.w.org\/{rel}","templated":true}]}}