{"id":77876,"date":"2026-04-24T09:11:20","date_gmt":"2026-04-24T07:11:20","guid":{"rendered":"https:\/\/www.bbmpackaging.com\/?post_type=product&#038;p=77876"},"modified":"2026-04-24T09:20:22","modified_gmt":"2026-04-24T07:20:22","slug":"enfajadora-ocme-vega-ht-100-2","status":"publish","type":"product","link":"https:\/\/www.bbmpackaging.com\/es\/maquinas\/usadas\/enfajadoras-empaquetadoras-de-bandejas-usadas\/enfajadora-ocme-vega-ht-100-2\/","title":{"rendered":"Enfajadora OCME VEGA HT 100\/2"},"content":{"rendered":"<p data-start=\"0\" data-end=\"273\"><strong>Enfajadora OCME VEGA HT 100\/2<\/strong>, dise\u00f1ada para alto rendimiento en l\u00edneas de bebidas, con una velocidad de hasta <strong data-start=\"105\" data-end=\"119\">72.000 bph<\/strong>. Configurada en <strong data-start=\"147\" data-end=\"158\">6 pistas<\/strong>, es ideal para el procesamiento de <strong data-start=\"191\" data-end=\"226\">latas en paquetes de film<\/strong>, garantizando eficiencia y continuidad operativa.<\/p>\n<p data-start=\"275\" data-end=\"475\" data-is-last-node=\"\" data-is-only-node=\"\">Equipada con <strong data-start=\"285\" data-end=\"306\">PLC y HMI Siemens<\/strong>, asegura un control fiable, facilidad de gesti\u00f3n e integraci\u00f3n en l\u00edneas existentes.&nbsp;<\/p>\n<p data-start=\"275\" data-end=\"475\" data-is-last-node=\"\" data-is-only-node=\"\">Disponible <strong data-start=\"491\" data-end=\"511\">vista y aceptada<\/strong> o <strong data-start=\"519\" data-end=\"546\">revisada y garantizada<\/strong>.<\/p>\n<p data-start=\"275\" data-end=\"475\" data-is-last-node=\"\" data-is-only-node=\"\">&nbsp;<\/p>\n","protected":false},"excerpt":{"rendered":"<p>Enfajadora OCME VEGA HT 100\/2, con una capacidad de producci\u00f3n de hasta 72.000 BPH. La velocidad indicada en botellas por hora se refiere al formato est\u00e1ndar de 1.500 ml en configuraci\u00f3n 3&#215;2.<\/p>\n","protected":false},"featured_media":77909,"comment_status":"closed","ping_status":"closed","template":"","meta":{"_acf_changed":false},"brand":[7459],"product_brand":[],"product_cat":[1104,1107,1119],"product_tag":[],"class_list":{"0":"post-77876","1":"product","2":"type-product","3":"status-publish","4":"has-post-thumbnail","6":"brand-ocme","7":"product_cat-maquinas","8":"product_cat-usadas","9":"product_cat-enfajadoras-empaquetadoras-de-bandejas-usadas","11":"first","12":"instock","13":"shipping-taxable","14":"product-type-simple"},"acf":[],"yoast_head":"<!-- This site is optimized with the Yoast SEO plugin v27.2 - https:\/\/yoast.com\/product\/yoast-seo-wordpress\/ -->\n<title>Enfajadora OCME VEGA HT 100\/2 - BBM Packaging<\/title>\n<meta name=\"description\" content=\"Enfajadora OCME VEGA HT 100\/2 para latas en film, 72.000 bph. 6 pistas, PLC y HMI Siemens. Disponible usada y revisada o vista y aceptada\" \/>\n<meta name=\"robots\" content=\"index, follow, max-snippet:-1, max-image-preview:large, max-video-preview:-1\" \/>\n<link rel=\"canonical\" href=\"https:\/\/www.bbmpackaging.com\/es\/maquinas\/usadas\/enfajadoras-empaquetadoras-de-bandejas-usadas\/enfajadora-ocme-vega-ht-100-2\/\" \/>\n<meta property=\"og:locale\" content=\"es_ES\" \/>\n<meta property=\"og:type\" content=\"article\" \/>\n<meta property=\"og:title\" content=\"Enfajadora OCME VEGA HT 100\/2 - BBM Packaging\" \/>\n<meta property=\"og:description\" content=\"Enfajadora OCME VEGA HT 100\/2 para latas en film, 72.000 bph. 6 pistas, PLC y HMI Siemens. Disponible usada y revisada o vista y aceptada\" \/>\n<meta property=\"og:url\" content=\"https:\/\/www.bbmpackaging.com\/es\/maquinas\/usadas\/enfajadoras-empaquetadoras-de-bandejas-usadas\/enfajadora-ocme-vega-ht-100-2\/\" \/>\n<meta property=\"og:site_name\" content=\"BBM Packaging\" \/>\n<meta property=\"article:modified_time\" content=\"2026-04-24T07:20:22+00:00\" \/>\n<meta property=\"og:image\" content=\"https:\/\/cdn.bbmpackaging.com\/wp-content\/uploads\/2026\/04\/Enfajadora-OCME-VEGA-HT-1002_.jpg\" \/>\n\t<meta property=\"og:image:width\" content=\"1024\" \/>\n\t<meta property=\"og:image:height\" content=\"768\" \/>\n\t<meta property=\"og:image:type\" content=\"image\/jpeg\" \/>\n<meta name=\"twitter:card\" content=\"summary_large_image\" \/>\n<meta name=\"twitter:label1\" content=\"Tiempo de lectura\" \/>\n\t<meta name=\"twitter:data1\" content=\"1 minuto\" \/>\n<script type=\"application\/ld+json\" class=\"yoast-schema-graph\">{\"@context\":\"https:\/\/schema.org\",\"@graph\":[{\"@type\":\"WebPage\",\"@id\":\"https:\/\/www.bbmpackaging.com\/es\/maquinas\/usadas\/enfajadoras-empaquetadoras-de-bandejas-usadas\/enfajadora-ocme-vega-ht-100-2\/\",\"url\":\"https:\/\/www.bbmpackaging.com\/es\/maquinas\/usadas\/enfajadoras-empaquetadoras-de-bandejas-usadas\/enfajadora-ocme-vega-ht-100-2\/\",\"name\":\"Enfajadora OCME VEGA HT 100\/2 - BBM Packaging\",\"isPartOf\":{\"@id\":\"https:\/\/www.bbmpackaging.com\/es\/#website\"},\"primaryImageOfPage\":{\"@id\":\"https:\/\/www.bbmpackaging.com\/es\/maquinas\/usadas\/enfajadoras-empaquetadoras-de-bandejas-usadas\/enfajadora-ocme-vega-ht-100-2\/#primaryimage\"},\"image\":{\"@id\":\"https:\/\/www.bbmpackaging.com\/es\/maquinas\/usadas\/enfajadoras-empaquetadoras-de-bandejas-usadas\/enfajadora-ocme-vega-ht-100-2\/#primaryimage\"},\"thumbnailUrl\":\"https:\/\/cdn.bbmpackaging.com\/wp-content\/uploads\/2026\/04\/Enfajadora-OCME-VEGA-HT-1002_.jpg\",\"datePublished\":\"2026-04-24T07:11:20+00:00\",\"dateModified\":\"2026-04-24T07:20:22+00:00\",\"description\":\"Enfajadora OCME VEGA HT 100\/2 para latas en film, 72.000 bph. 6 pistas, PLC y HMI Siemens. Disponible usada y revisada o vista y aceptada\",\"breadcrumb\":{\"@id\":\"https:\/\/www.bbmpackaging.com\/es\/maquinas\/usadas\/enfajadoras-empaquetadoras-de-bandejas-usadas\/enfajadora-ocme-vega-ht-100-2\/#breadcrumb\"},\"inLanguage\":\"es\",\"potentialAction\":[{\"@type\":\"ReadAction\",\"target\":[\"https:\/\/www.bbmpackaging.com\/es\/maquinas\/usadas\/enfajadoras-empaquetadoras-de-bandejas-usadas\/enfajadora-ocme-vega-ht-100-2\/\"]}]},{\"@type\":\"ImageObject\",\"inLanguage\":\"es\",\"@id\":\"https:\/\/www.bbmpackaging.com\/es\/maquinas\/usadas\/enfajadoras-empaquetadoras-de-bandejas-usadas\/enfajadora-ocme-vega-ht-100-2\/#primaryimage\",\"url\":\"https:\/\/cdn.bbmpackaging.com\/wp-content\/uploads\/2026\/04\/Enfajadora-OCME-VEGA-HT-1002_.jpg\",\"contentUrl\":\"https:\/\/cdn.bbmpackaging.com\/wp-content\/uploads\/2026\/04\/Enfajadora-OCME-VEGA-HT-1002_.jpg\",\"width\":1024,\"height\":768},{\"@type\":\"BreadcrumbList\",\"@id\":\"https:\/\/www.bbmpackaging.com\/es\/maquinas\/usadas\/enfajadoras-empaquetadoras-de-bandejas-usadas\/enfajadora-ocme-vega-ht-100-2\/#breadcrumb\",\"itemListElement\":[{\"@type\":\"ListItem\",\"position\":1,\"name\":\"Home\",\"item\":\"https:\/\/www.bbmpackaging.com\/es\/\"},{\"@type\":\"ListItem\",\"position\":2,\"name\":\"Productos\",\"item\":\"https:\/\/www.bbmpackaging.com\/es\/productos\/\"},{\"@type\":\"ListItem\",\"position\":3,\"name\":\"Usado\",\"item\":\"https:\/\/www.bbmpackaging.com\/es\/maquinas\/usadas\/\"},{\"@type\":\"ListItem\",\"position\":4,\"name\":\"Enfajadoras y empaquetadoras\",\"item\":\"https:\/\/www.bbmpackaging.com\/es\/maquinas\/enfajadoras-empaquetadoras-de-bandejas-usadas\/\"},{\"@type\":\"ListItem\",\"position\":5,\"name\":\"Enfajadora OCME VEGA HT 100\/2\"}]},{\"@type\":\"WebSite\",\"@id\":\"https:\/\/www.bbmpackaging.com\/es\/#website\",\"url\":\"https:\/\/www.bbmpackaging.com\/es\/\",\"name\":\"BBM Packaging\",\"description\":\"Imbottigliamento: macchinari manutenzione e much more\",\"potentialAction\":[{\"@type\":\"SearchAction\",\"target\":{\"@type\":\"EntryPoint\",\"urlTemplate\":\"https:\/\/www.bbmpackaging.com\/es\/?s={search_term_string}\"},\"query-input\":{\"@type\":\"PropertyValueSpecification\",\"valueRequired\":true,\"valueName\":\"search_term_string\"}}],\"inLanguage\":\"es\"}]}<\/script>\n<!-- \/ Yoast SEO plugin. -->","yoast_head_json":{"title":"Enfajadora OCME VEGA HT 100\/2 - BBM Packaging","description":"Enfajadora OCME VEGA HT 100\/2 para latas en film, 72.000 bph. 6 pistas, PLC y HMI Siemens. Disponible usada y revisada o vista y aceptada","robots":{"index":"index","follow":"follow","max-snippet":"max-snippet:-1","max-image-preview":"max-image-preview:large","max-video-preview":"max-video-preview:-1"},"canonical":"https:\/\/www.bbmpackaging.com\/es\/maquinas\/usadas\/enfajadoras-empaquetadoras-de-bandejas-usadas\/enfajadora-ocme-vega-ht-100-2\/","og_locale":"es_ES","og_type":"article","og_title":"Enfajadora OCME VEGA HT 100\/2 - BBM Packaging","og_description":"Enfajadora OCME VEGA HT 100\/2 para latas en film, 72.000 bph. 6 pistas, PLC y HMI Siemens. Disponible usada y revisada o vista y aceptada","og_url":"https:\/\/www.bbmpackaging.com\/es\/maquinas\/usadas\/enfajadoras-empaquetadoras-de-bandejas-usadas\/enfajadora-ocme-vega-ht-100-2\/","og_site_name":"BBM Packaging","article_modified_time":"2026-04-24T07:20:22+00:00","og_image":[{"width":1024,"height":768,"url":"https:\/\/cdn.bbmpackaging.com\/wp-content\/uploads\/2026\/04\/Enfajadora-OCME-VEGA-HT-1002_.jpg","type":"image\/jpeg"}],"twitter_card":"summary_large_image","twitter_misc":{"Tiempo de lectura":"1 minuto"},"schema":{"@context":"https:\/\/schema.org","@graph":[{"@type":"WebPage","@id":"https:\/\/www.bbmpackaging.com\/es\/maquinas\/usadas\/enfajadoras-empaquetadoras-de-bandejas-usadas\/enfajadora-ocme-vega-ht-100-2\/","url":"https:\/\/www.bbmpackaging.com\/es\/maquinas\/usadas\/enfajadoras-empaquetadoras-de-bandejas-usadas\/enfajadora-ocme-vega-ht-100-2\/","name":"Enfajadora OCME VEGA HT 100\/2 - BBM Packaging","isPartOf":{"@id":"https:\/\/www.bbmpackaging.com\/es\/#website"},"primaryImageOfPage":{"@id":"https:\/\/www.bbmpackaging.com\/es\/maquinas\/usadas\/enfajadoras-empaquetadoras-de-bandejas-usadas\/enfajadora-ocme-vega-ht-100-2\/#primaryimage"},"image":{"@id":"https:\/\/www.bbmpackaging.com\/es\/maquinas\/usadas\/enfajadoras-empaquetadoras-de-bandejas-usadas\/enfajadora-ocme-vega-ht-100-2\/#primaryimage"},"thumbnailUrl":"https:\/\/cdn.bbmpackaging.com\/wp-content\/uploads\/2026\/04\/Enfajadora-OCME-VEGA-HT-1002_.jpg","datePublished":"2026-04-24T07:11:20+00:00","dateModified":"2026-04-24T07:20:22+00:00","description":"Enfajadora OCME VEGA HT 100\/2 para latas en film, 72.000 bph. 6 pistas, PLC y HMI Siemens. Disponible usada y revisada o vista y aceptada","breadcrumb":{"@id":"https:\/\/www.bbmpackaging.com\/es\/maquinas\/usadas\/enfajadoras-empaquetadoras-de-bandejas-usadas\/enfajadora-ocme-vega-ht-100-2\/#breadcrumb"},"inLanguage":"es","potentialAction":[{"@type":"ReadAction","target":["https:\/\/www.bbmpackaging.com\/es\/maquinas\/usadas\/enfajadoras-empaquetadoras-de-bandejas-usadas\/enfajadora-ocme-vega-ht-100-2\/"]}]},{"@type":"ImageObject","inLanguage":"es","@id":"https:\/\/www.bbmpackaging.com\/es\/maquinas\/usadas\/enfajadoras-empaquetadoras-de-bandejas-usadas\/enfajadora-ocme-vega-ht-100-2\/#primaryimage","url":"https:\/\/cdn.bbmpackaging.com\/wp-content\/uploads\/2026\/04\/Enfajadora-OCME-VEGA-HT-1002_.jpg","contentUrl":"https:\/\/cdn.bbmpackaging.com\/wp-content\/uploads\/2026\/04\/Enfajadora-OCME-VEGA-HT-1002_.jpg","width":1024,"height":768},{"@type":"BreadcrumbList","@id":"https:\/\/www.bbmpackaging.com\/es\/maquinas\/usadas\/enfajadoras-empaquetadoras-de-bandejas-usadas\/enfajadora-ocme-vega-ht-100-2\/#breadcrumb","itemListElement":[{"@type":"ListItem","position":1,"name":"Home","item":"https:\/\/www.bbmpackaging.com\/es\/"},{"@type":"ListItem","position":2,"name":"Productos","item":"https:\/\/www.bbmpackaging.com\/es\/productos\/"},{"@type":"ListItem","position":3,"name":"Usado","item":"https:\/\/www.bbmpackaging.com\/es\/maquinas\/usadas\/"},{"@type":"ListItem","position":4,"name":"Enfajadoras y empaquetadoras","item":"https:\/\/www.bbmpackaging.com\/es\/maquinas\/enfajadoras-empaquetadoras-de-bandejas-usadas\/"},{"@type":"ListItem","position":5,"name":"Enfajadora OCME VEGA HT 100\/2"}]},{"@type":"WebSite","@id":"https:\/\/www.bbmpackaging.com\/es\/#website","url":"https:\/\/www.bbmpackaging.com\/es\/","name":"BBM Packaging","description":"Imbottigliamento: macchinari manutenzione e much more","potentialAction":[{"@type":"SearchAction","target":{"@type":"EntryPoint","urlTemplate":"https:\/\/www.bbmpackaging.com\/es\/?s={search_term_string}"},"query-input":{"@type":"PropertyValueSpecification","valueRequired":true,"valueName":"search_term_string"}}],"inLanguage":"es"}]}},"_links":{"self":[{"href":"https:\/\/www.bbmpackaging.com\/es\/wp-json\/wp\/v2\/product\/77876","targetHints":{"allow":["GET"]}}],"collection":[{"href":"https:\/\/www.bbmpackaging.com\/es\/wp-json\/wp\/v2\/product"}],"about":[{"href":"https:\/\/www.bbmpackaging.com\/es\/wp-json\/wp\/v2\/types\/product"}],"replies":[{"embeddable":true,"href":"https:\/\/www.bbmpackaging.com\/es\/wp-json\/wp\/v2\/comments?post=77876"}],"wp:featuredmedia":[{"embeddable":true,"href":"https:\/\/www.bbmpackaging.com\/es\/wp-json\/wp\/v2\/media\/77909"}],"wp:attachment":[{"href":"https:\/\/www.bbmpackaging.com\/es\/wp-json\/wp\/v2\/media?parent=77876"}],"wp:term":[{"taxonomy":"brand","embeddable":true,"href":"https:\/\/www.bbmpackaging.com\/es\/wp-json\/wp\/v2\/brand?post=77876"},{"taxonomy":"product_brand","embeddable":true,"href":"https:\/\/www.bbmpackaging.com\/es\/wp-json\/wp\/v2\/product_brand?post=77876"},{"taxonomy":"product_cat","embeddable":true,"href":"https:\/\/www.bbmpackaging.com\/es\/wp-json\/wp\/v2\/product_cat?post=77876"},{"taxonomy":"product_tag","embeddable":true,"href":"https:\/\/www.bbmpackaging.com\/es\/wp-json\/wp\/v2\/product_tag?post=77876"}],"curies":[{"name":"wp","href":"https:\/\/api.w.org\/{rel}","templated":true}]}}