{"id":21866,"date":"2021-07-19T14:41:28","date_gmt":"2021-07-19T12:41:28","guid":{"rendered":"https:\/\/www.bbmpackaging.com\/manutenzione\/manutenzione-confezionatrici\/"},"modified":"2024-11-27T09:26:11","modified_gmt":"2024-11-27T08:26:11","slug":"manutenzione-confezionatrici","status":"publish","type":"page","link":"https:\/\/www.bbmpackaging.com\/fr\/services\/maintenance-lignes-embouteillage\/conditionneuses\/","title":{"rendered":"Maintenance sur emballeuses"},"content":{"rendered":"<p class=\"big\">Maintenance ordinaire et extraordinaire des machines emballeuses avec r\u00e9vision compl\u00e8te des composants ou des machines.<\/p>\n<h3>Ce que nous faisons<\/h3>\n<p>ur les machines empaqueteuses telles que les fardeleuses, les formeuses de barquettes, les encartonneuses et les suremballeuses de diff\u00e9rents groupes de marques, BBM offre son service d\u2019assistance et de maintenance ordinaire et extraordinaire, tant m\u00e9canique qu\u2019\u00e9lectronique. L\u2019exp\u00e9rience de plus de dix ans d\u2019interventions sur chaque type de machine nous permet d\u2019\u00eatre efficaces et de respecter les d\u00e9lais, souvent tr\u00e8s limit\u00e9s, de nos clients.<\/p>\n<h3>Pi\u00e8ces de rechange<\/h3>\n<p><a class=\"brochure\" href=\"https:\/\/cdn.bbmpackaging.com\/wp-content\/uploads\/2022\/09\/BBM-Service-Manutenzioni-Fardellatrice_FR_compressed.pdf\" target=\"_blank\" rel=\"noopener\">T\u00e9l\u00e9charger le brochure<\/a><\/p>\n","protected":false},"excerpt":{"rendered":"<p>Maintenance ordinaire et extraordinaire des machines emballeuses avec r\u00e9vision compl\u00e8te des composants ou des machines. Ce que nous&#8230;<\/p>\n","protected":false},"author":2,"featured_media":16083,"parent":21862,"menu_order":0,"comment_status":"closed","ping_status":"closed","template":"","meta":{"_acf_changed":false,"footnotes":""},"class_list":["post-21866","page","type-page","status-publish","has-post-thumbnail","hentry"],"acf":[],"yoast_head":"<!-- This site is optimized with the Yoast SEO plugin v27.2 - https:\/\/yoast.com\/product\/yoast-seo-wordpress\/ -->\n<title>Service de maintenance des conditionneuses - BBM Packaging<\/title>\n<meta name=\"description\" content=\"Avec BBM Packaging, vous avez \u00e0 disposition une maintenance ordinaire et extraordinaire des machines d&#039;emballage. Contactez-nous.\" \/>\n<meta name=\"robots\" content=\"index, follow, max-snippet:-1, max-image-preview:large, max-video-preview:-1\" \/>\n<link rel=\"canonical\" href=\"https:\/\/www.bbmpackaging.com\/fr\/services\/maintenance-lignes-embouteillage\/conditionneuses\/\" \/>\n<meta property=\"og:locale\" content=\"fr_FR\" \/>\n<meta property=\"og:type\" content=\"article\" \/>\n<meta property=\"og:title\" content=\"Service de maintenance des conditionneuses - BBM Packaging\" \/>\n<meta property=\"og:description\" content=\"Avec BBM Packaging, vous avez \u00e0 disposition une maintenance ordinaire et extraordinaire des machines d&#039;emballage. Contactez-nous.\" \/>\n<meta property=\"og:url\" content=\"https:\/\/www.bbmpackaging.com\/fr\/services\/maintenance-lignes-embouteillage\/conditionneuses\/\" \/>\n<meta property=\"og:site_name\" content=\"BBM Packaging\" \/>\n<meta property=\"article:modified_time\" content=\"2024-11-27T08:26:11+00:00\" \/>\n<meta property=\"og:image\" content=\"https:\/\/cdn.bbmpackaging.com\/wp-content\/uploads\/2021\/07\/manutenzione-confezionatrici-01-1.jpg\" \/>\n\t<meta property=\"og:image:width\" content=\"1920\" \/>\n\t<meta property=\"og:image:height\" content=\"630\" \/>\n\t<meta property=\"og:image:type\" content=\"image\/jpeg\" \/>\n<meta name=\"twitter:card\" content=\"summary_large_image\" \/>\n<meta name=\"twitter:label1\" content=\"Dur\u00e9e de lecture estim\u00e9e\" \/>\n\t<meta name=\"twitter:data1\" content=\"1 minute\" \/>\n<script type=\"application\/ld+json\" class=\"yoast-schema-graph\">{\"@context\":\"https:\/\/schema.org\",\"@graph\":[{\"@type\":\"WebPage\",\"@id\":\"https:\/\/www.bbmpackaging.com\/fr\/services\/maintenance-lignes-embouteillage\/conditionneuses\/\",\"url\":\"https:\/\/www.bbmpackaging.com\/fr\/services\/maintenance-lignes-embouteillage\/conditionneuses\/\",\"name\":\"Service de maintenance des conditionneuses - BBM Packaging\",\"isPartOf\":{\"@id\":\"https:\/\/www.bbmpackaging.com\/fr\/#website\"},\"primaryImageOfPage\":{\"@id\":\"https:\/\/www.bbmpackaging.com\/fr\/services\/maintenance-lignes-embouteillage\/conditionneuses\/#primaryimage\"},\"image\":{\"@id\":\"https:\/\/www.bbmpackaging.com\/fr\/services\/maintenance-lignes-embouteillage\/conditionneuses\/#primaryimage\"},\"thumbnailUrl\":\"https:\/\/cdn.bbmpackaging.com\/wp-content\/uploads\/2021\/07\/manutenzione-confezionatrici-01-1.jpg\",\"datePublished\":\"2021-07-19T12:41:28+00:00\",\"dateModified\":\"2024-11-27T08:26:11+00:00\",\"description\":\"Avec BBM Packaging, vous avez \u00e0 disposition une maintenance ordinaire et extraordinaire des machines d'emballage. Contactez-nous.\",\"breadcrumb\":{\"@id\":\"https:\/\/www.bbmpackaging.com\/fr\/services\/maintenance-lignes-embouteillage\/conditionneuses\/#breadcrumb\"},\"inLanguage\":\"fr-FR\",\"potentialAction\":[{\"@type\":\"ReadAction\",\"target\":[\"https:\/\/www.bbmpackaging.com\/fr\/services\/maintenance-lignes-embouteillage\/conditionneuses\/\"]}]},{\"@type\":\"ImageObject\",\"inLanguage\":\"fr-FR\",\"@id\":\"https:\/\/www.bbmpackaging.com\/fr\/services\/maintenance-lignes-embouteillage\/conditionneuses\/#primaryimage\",\"url\":\"https:\/\/cdn.bbmpackaging.com\/wp-content\/uploads\/2021\/07\/manutenzione-confezionatrici-01-1.jpg\",\"contentUrl\":\"https:\/\/cdn.bbmpackaging.com\/wp-content\/uploads\/2021\/07\/manutenzione-confezionatrici-01-1.jpg\",\"width\":1920,\"height\":630},{\"@type\":\"BreadcrumbList\",\"@id\":\"https:\/\/www.bbmpackaging.com\/fr\/services\/maintenance-lignes-embouteillage\/conditionneuses\/#breadcrumb\",\"itemListElement\":[{\"@type\":\"ListItem\",\"position\":1,\"name\":\"Home\",\"item\":\"https:\/\/www.bbmpackaging.com\/fr\/\"},{\"@type\":\"ListItem\",\"position\":2,\"name\":\"Service\",\"item\":\"https:\/\/www.bbmpackaging.com\/fr\/services\/\"},{\"@type\":\"ListItem\",\"position\":3,\"name\":\"Maintenance des machines\",\"item\":\"https:\/\/www.bbmpackaging.com\/fr\/services\/maintenance-lignes-embouteillage\/\"},{\"@type\":\"ListItem\",\"position\":4,\"name\":\"Maintenance sur emballeuses\"}]},{\"@type\":\"WebSite\",\"@id\":\"https:\/\/www.bbmpackaging.com\/fr\/#website\",\"url\":\"https:\/\/www.bbmpackaging.com\/fr\/\",\"name\":\"BBM Packaging\",\"description\":\"Imbottigliamento: macchinari manutenzione e much more\",\"potentialAction\":[{\"@type\":\"SearchAction\",\"target\":{\"@type\":\"EntryPoint\",\"urlTemplate\":\"https:\/\/www.bbmpackaging.com\/fr\/?s={search_term_string}\"},\"query-input\":{\"@type\":\"PropertyValueSpecification\",\"valueRequired\":true,\"valueName\":\"search_term_string\"}}],\"inLanguage\":\"fr-FR\"}]}<\/script>\n<!-- \/ Yoast SEO plugin. -->","yoast_head_json":{"title":"Service de maintenance des conditionneuses - BBM Packaging","description":"Avec BBM Packaging, vous avez \u00e0 disposition une maintenance ordinaire et extraordinaire des machines d'emballage. Contactez-nous.","robots":{"index":"index","follow":"follow","max-snippet":"max-snippet:-1","max-image-preview":"max-image-preview:large","max-video-preview":"max-video-preview:-1"},"canonical":"https:\/\/www.bbmpackaging.com\/fr\/services\/maintenance-lignes-embouteillage\/conditionneuses\/","og_locale":"fr_FR","og_type":"article","og_title":"Service de maintenance des conditionneuses - BBM Packaging","og_description":"Avec BBM Packaging, vous avez \u00e0 disposition une maintenance ordinaire et extraordinaire des machines d'emballage. Contactez-nous.","og_url":"https:\/\/www.bbmpackaging.com\/fr\/services\/maintenance-lignes-embouteillage\/conditionneuses\/","og_site_name":"BBM Packaging","article_modified_time":"2024-11-27T08:26:11+00:00","og_image":[{"width":1920,"height":630,"url":"https:\/\/cdn.bbmpackaging.com\/wp-content\/uploads\/2021\/07\/manutenzione-confezionatrici-01-1.jpg","type":"image\/jpeg"}],"twitter_card":"summary_large_image","twitter_misc":{"Dur\u00e9e de lecture estim\u00e9e":"1 minute"},"schema":{"@context":"https:\/\/schema.org","@graph":[{"@type":"WebPage","@id":"https:\/\/www.bbmpackaging.com\/fr\/services\/maintenance-lignes-embouteillage\/conditionneuses\/","url":"https:\/\/www.bbmpackaging.com\/fr\/services\/maintenance-lignes-embouteillage\/conditionneuses\/","name":"Service de maintenance des conditionneuses - BBM Packaging","isPartOf":{"@id":"https:\/\/www.bbmpackaging.com\/fr\/#website"},"primaryImageOfPage":{"@id":"https:\/\/www.bbmpackaging.com\/fr\/services\/maintenance-lignes-embouteillage\/conditionneuses\/#primaryimage"},"image":{"@id":"https:\/\/www.bbmpackaging.com\/fr\/services\/maintenance-lignes-embouteillage\/conditionneuses\/#primaryimage"},"thumbnailUrl":"https:\/\/cdn.bbmpackaging.com\/wp-content\/uploads\/2021\/07\/manutenzione-confezionatrici-01-1.jpg","datePublished":"2021-07-19T12:41:28+00:00","dateModified":"2024-11-27T08:26:11+00:00","description":"Avec BBM Packaging, vous avez \u00e0 disposition une maintenance ordinaire et extraordinaire des machines d'emballage. Contactez-nous.","breadcrumb":{"@id":"https:\/\/www.bbmpackaging.com\/fr\/services\/maintenance-lignes-embouteillage\/conditionneuses\/#breadcrumb"},"inLanguage":"fr-FR","potentialAction":[{"@type":"ReadAction","target":["https:\/\/www.bbmpackaging.com\/fr\/services\/maintenance-lignes-embouteillage\/conditionneuses\/"]}]},{"@type":"ImageObject","inLanguage":"fr-FR","@id":"https:\/\/www.bbmpackaging.com\/fr\/services\/maintenance-lignes-embouteillage\/conditionneuses\/#primaryimage","url":"https:\/\/cdn.bbmpackaging.com\/wp-content\/uploads\/2021\/07\/manutenzione-confezionatrici-01-1.jpg","contentUrl":"https:\/\/cdn.bbmpackaging.com\/wp-content\/uploads\/2021\/07\/manutenzione-confezionatrici-01-1.jpg","width":1920,"height":630},{"@type":"BreadcrumbList","@id":"https:\/\/www.bbmpackaging.com\/fr\/services\/maintenance-lignes-embouteillage\/conditionneuses\/#breadcrumb","itemListElement":[{"@type":"ListItem","position":1,"name":"Home","item":"https:\/\/www.bbmpackaging.com\/fr\/"},{"@type":"ListItem","position":2,"name":"Service","item":"https:\/\/www.bbmpackaging.com\/fr\/services\/"},{"@type":"ListItem","position":3,"name":"Maintenance des machines","item":"https:\/\/www.bbmpackaging.com\/fr\/services\/maintenance-lignes-embouteillage\/"},{"@type":"ListItem","position":4,"name":"Maintenance sur emballeuses"}]},{"@type":"WebSite","@id":"https:\/\/www.bbmpackaging.com\/fr\/#website","url":"https:\/\/www.bbmpackaging.com\/fr\/","name":"BBM Packaging","description":"Imbottigliamento: macchinari manutenzione e much more","potentialAction":[{"@type":"SearchAction","target":{"@type":"EntryPoint","urlTemplate":"https:\/\/www.bbmpackaging.com\/fr\/?s={search_term_string}"},"query-input":{"@type":"PropertyValueSpecification","valueRequired":true,"valueName":"search_term_string"}}],"inLanguage":"fr-FR"}]}},"_links":{"self":[{"href":"https:\/\/www.bbmpackaging.com\/fr\/wp-json\/wp\/v2\/pages\/21866","targetHints":{"allow":["GET"]}}],"collection":[{"href":"https:\/\/www.bbmpackaging.com\/fr\/wp-json\/wp\/v2\/pages"}],"about":[{"href":"https:\/\/www.bbmpackaging.com\/fr\/wp-json\/wp\/v2\/types\/page"}],"author":[{"embeddable":true,"href":"https:\/\/www.bbmpackaging.com\/fr\/wp-json\/wp\/v2\/users\/2"}],"replies":[{"embeddable":true,"href":"https:\/\/www.bbmpackaging.com\/fr\/wp-json\/wp\/v2\/comments?post=21866"}],"version-history":[{"count":0,"href":"https:\/\/www.bbmpackaging.com\/fr\/wp-json\/wp\/v2\/pages\/21866\/revisions"}],"up":[{"embeddable":true,"href":"https:\/\/www.bbmpackaging.com\/fr\/wp-json\/wp\/v2\/pages\/21862"}],"wp:featuredmedia":[{"embeddable":true,"href":"https:\/\/www.bbmpackaging.com\/fr\/wp-json\/wp\/v2\/media\/16083"}],"wp:attachment":[{"href":"https:\/\/www.bbmpackaging.com\/fr\/wp-json\/wp\/v2\/media?parent=21866"}],"curies":[{"name":"wp","href":"https:\/\/api.w.org\/{rel}","templated":true}]}}