{"id":21868,"date":"2021-07-19T14:41:04","date_gmt":"2021-07-19T12:41:04","guid":{"rendered":"https:\/\/www.bbmpackaging.com\/manutenzione\/manutenzione-riempitrici\/"},"modified":"2024-11-27T09:26:18","modified_gmt":"2024-11-27T08:26:18","slug":"manutenzione-riempitrici","status":"publish","type":"page","link":"https:\/\/www.bbmpackaging.com\/fr\/services\/maintenance-lignes-embouteillage\/remplisseuses\/","title":{"rendered":"Maintenance sur remplisseuses"},"content":{"rendered":"<p class=\"big\">D\u00e9sassemblage, maintenance et r\u00e9assemblage des pi\u00e8ces sujettes \u00e0 l\u2019usure, telles que joints d\u2019\u00e9tanch\u00e9it\u00e9, rondelles, bagues de vannes et collecteurs.<\/p>\n","protected":false},"excerpt":{"rendered":"<p>D\u00e9sassemblage, maintenance et r\u00e9assemblage des pi\u00e8ces sujettes \u00e0 l\u2019usure, telles que joints d\u2019\u00e9tanch\u00e9it\u00e9, rondelles, bagues de vannes et&#8230;<\/p>\n","protected":false},"author":2,"featured_media":16075,"parent":21862,"menu_order":0,"comment_status":"closed","ping_status":"closed","template":"page-2colonne.php","meta":{"_acf_changed":false,"footnotes":""},"class_list":["post-21868","page","type-page","status-publish","has-post-thumbnail","hentry"],"acf":[],"yoast_head":"<!-- This site is optimized with the Yoast SEO plugin v27.2 - https:\/\/yoast.com\/product\/yoast-seo-wordpress\/ -->\n<title>Maintenance des remplisseuses industrielles - BBM Packaging<\/title>\n<meta name=\"description\" content=\"BBM Packaging propose un service de d\u00e9montage et de r\u00e9vision compl\u00e8te des pi\u00e8ces usables de la remplisseuse. Choisissez-nous maintenant !\" \/>\n<meta name=\"robots\" content=\"index, follow, max-snippet:-1, max-image-preview:large, max-video-preview:-1\" \/>\n<link rel=\"canonical\" href=\"https:\/\/www.bbmpackaging.com\/fr\/services\/maintenance-lignes-embouteillage\/remplisseuses\/\" \/>\n<meta property=\"og:locale\" content=\"fr_FR\" \/>\n<meta property=\"og:type\" content=\"article\" \/>\n<meta property=\"og:title\" content=\"Maintenance des remplisseuses industrielles - BBM Packaging\" \/>\n<meta property=\"og:description\" content=\"BBM Packaging propose un service de d\u00e9montage et de r\u00e9vision compl\u00e8te des pi\u00e8ces usables de la remplisseuse. Choisissez-nous maintenant !\" \/>\n<meta property=\"og:url\" content=\"https:\/\/www.bbmpackaging.com\/fr\/services\/maintenance-lignes-embouteillage\/remplisseuses\/\" \/>\n<meta property=\"og:site_name\" content=\"BBM Packaging\" \/>\n<meta property=\"article:modified_time\" content=\"2024-11-27T08:26:18+00:00\" \/>\n<meta property=\"og:image\" content=\"https:\/\/cdn.bbmpackaging.com\/wp-content\/uploads\/2021\/07\/riempitrici_manu.jpg\" \/>\n\t<meta property=\"og:image:width\" content=\"1440\" \/>\n\t<meta property=\"og:image:height\" content=\"491\" \/>\n\t<meta property=\"og:image:type\" content=\"image\/jpeg\" \/>\n<meta name=\"twitter:card\" content=\"summary_large_image\" \/>\n<meta name=\"twitter:label1\" content=\"Dur\u00e9e de lecture estim\u00e9e\" \/>\n\t<meta name=\"twitter:data1\" content=\"1 minute\" \/>\n<script type=\"application\/ld+json\" class=\"yoast-schema-graph\">{\"@context\":\"https:\/\/schema.org\",\"@graph\":[{\"@type\":\"WebPage\",\"@id\":\"https:\/\/www.bbmpackaging.com\/fr\/services\/maintenance-lignes-embouteillage\/remplisseuses\/\",\"url\":\"https:\/\/www.bbmpackaging.com\/fr\/services\/maintenance-lignes-embouteillage\/remplisseuses\/\",\"name\":\"Maintenance des remplisseuses industrielles - BBM Packaging\",\"isPartOf\":{\"@id\":\"https:\/\/www.bbmpackaging.com\/fr\/#website\"},\"primaryImageOfPage\":{\"@id\":\"https:\/\/www.bbmpackaging.com\/fr\/services\/maintenance-lignes-embouteillage\/remplisseuses\/#primaryimage\"},\"image\":{\"@id\":\"https:\/\/www.bbmpackaging.com\/fr\/services\/maintenance-lignes-embouteillage\/remplisseuses\/#primaryimage\"},\"thumbnailUrl\":\"https:\/\/cdn.bbmpackaging.com\/wp-content\/uploads\/2021\/07\/riempitrici_manu.jpg\",\"datePublished\":\"2021-07-19T12:41:04+00:00\",\"dateModified\":\"2024-11-27T08:26:18+00:00\",\"description\":\"BBM Packaging propose un service de d\u00e9montage et de r\u00e9vision compl\u00e8te des pi\u00e8ces usables de la remplisseuse. Choisissez-nous maintenant !\",\"breadcrumb\":{\"@id\":\"https:\/\/www.bbmpackaging.com\/fr\/services\/maintenance-lignes-embouteillage\/remplisseuses\/#breadcrumb\"},\"inLanguage\":\"fr-FR\",\"potentialAction\":[{\"@type\":\"ReadAction\",\"target\":[\"https:\/\/www.bbmpackaging.com\/fr\/services\/maintenance-lignes-embouteillage\/remplisseuses\/\"]}]},{\"@type\":\"ImageObject\",\"inLanguage\":\"fr-FR\",\"@id\":\"https:\/\/www.bbmpackaging.com\/fr\/services\/maintenance-lignes-embouteillage\/remplisseuses\/#primaryimage\",\"url\":\"https:\/\/cdn.bbmpackaging.com\/wp-content\/uploads\/2021\/07\/riempitrici_manu.jpg\",\"contentUrl\":\"https:\/\/cdn.bbmpackaging.com\/wp-content\/uploads\/2021\/07\/riempitrici_manu.jpg\",\"width\":1440,\"height\":491},{\"@type\":\"BreadcrumbList\",\"@id\":\"https:\/\/www.bbmpackaging.com\/fr\/services\/maintenance-lignes-embouteillage\/remplisseuses\/#breadcrumb\",\"itemListElement\":[{\"@type\":\"ListItem\",\"position\":1,\"name\":\"Home\",\"item\":\"https:\/\/www.bbmpackaging.com\/fr\/\"},{\"@type\":\"ListItem\",\"position\":2,\"name\":\"Service\",\"item\":\"https:\/\/www.bbmpackaging.com\/fr\/services\/\"},{\"@type\":\"ListItem\",\"position\":3,\"name\":\"Maintenance des machines\",\"item\":\"https:\/\/www.bbmpackaging.com\/fr\/services\/maintenance-lignes-embouteillage\/\"},{\"@type\":\"ListItem\",\"position\":4,\"name\":\"Maintenance sur remplisseuses\"}]},{\"@type\":\"WebSite\",\"@id\":\"https:\/\/www.bbmpackaging.com\/fr\/#website\",\"url\":\"https:\/\/www.bbmpackaging.com\/fr\/\",\"name\":\"BBM Packaging\",\"description\":\"Imbottigliamento: macchinari manutenzione e much more\",\"potentialAction\":[{\"@type\":\"SearchAction\",\"target\":{\"@type\":\"EntryPoint\",\"urlTemplate\":\"https:\/\/www.bbmpackaging.com\/fr\/?s={search_term_string}\"},\"query-input\":{\"@type\":\"PropertyValueSpecification\",\"valueRequired\":true,\"valueName\":\"search_term_string\"}}],\"inLanguage\":\"fr-FR\"}]}<\/script>\n<!-- \/ Yoast SEO plugin. -->","yoast_head_json":{"title":"Maintenance des remplisseuses industrielles - BBM Packaging","description":"BBM Packaging propose un service de d\u00e9montage et de r\u00e9vision compl\u00e8te des pi\u00e8ces usables de la remplisseuse. Choisissez-nous maintenant !","robots":{"index":"index","follow":"follow","max-snippet":"max-snippet:-1","max-image-preview":"max-image-preview:large","max-video-preview":"max-video-preview:-1"},"canonical":"https:\/\/www.bbmpackaging.com\/fr\/services\/maintenance-lignes-embouteillage\/remplisseuses\/","og_locale":"fr_FR","og_type":"article","og_title":"Maintenance des remplisseuses industrielles - BBM Packaging","og_description":"BBM Packaging propose un service de d\u00e9montage et de r\u00e9vision compl\u00e8te des pi\u00e8ces usables de la remplisseuse. Choisissez-nous maintenant !","og_url":"https:\/\/www.bbmpackaging.com\/fr\/services\/maintenance-lignes-embouteillage\/remplisseuses\/","og_site_name":"BBM Packaging","article_modified_time":"2024-11-27T08:26:18+00:00","og_image":[{"width":1440,"height":491,"url":"https:\/\/cdn.bbmpackaging.com\/wp-content\/uploads\/2021\/07\/riempitrici_manu.jpg","type":"image\/jpeg"}],"twitter_card":"summary_large_image","twitter_misc":{"Dur\u00e9e de lecture estim\u00e9e":"1 minute"},"schema":{"@context":"https:\/\/schema.org","@graph":[{"@type":"WebPage","@id":"https:\/\/www.bbmpackaging.com\/fr\/services\/maintenance-lignes-embouteillage\/remplisseuses\/","url":"https:\/\/www.bbmpackaging.com\/fr\/services\/maintenance-lignes-embouteillage\/remplisseuses\/","name":"Maintenance des remplisseuses industrielles - BBM Packaging","isPartOf":{"@id":"https:\/\/www.bbmpackaging.com\/fr\/#website"},"primaryImageOfPage":{"@id":"https:\/\/www.bbmpackaging.com\/fr\/services\/maintenance-lignes-embouteillage\/remplisseuses\/#primaryimage"},"image":{"@id":"https:\/\/www.bbmpackaging.com\/fr\/services\/maintenance-lignes-embouteillage\/remplisseuses\/#primaryimage"},"thumbnailUrl":"https:\/\/cdn.bbmpackaging.com\/wp-content\/uploads\/2021\/07\/riempitrici_manu.jpg","datePublished":"2021-07-19T12:41:04+00:00","dateModified":"2024-11-27T08:26:18+00:00","description":"BBM Packaging propose un service de d\u00e9montage et de r\u00e9vision compl\u00e8te des pi\u00e8ces usables de la remplisseuse. Choisissez-nous maintenant !","breadcrumb":{"@id":"https:\/\/www.bbmpackaging.com\/fr\/services\/maintenance-lignes-embouteillage\/remplisseuses\/#breadcrumb"},"inLanguage":"fr-FR","potentialAction":[{"@type":"ReadAction","target":["https:\/\/www.bbmpackaging.com\/fr\/services\/maintenance-lignes-embouteillage\/remplisseuses\/"]}]},{"@type":"ImageObject","inLanguage":"fr-FR","@id":"https:\/\/www.bbmpackaging.com\/fr\/services\/maintenance-lignes-embouteillage\/remplisseuses\/#primaryimage","url":"https:\/\/cdn.bbmpackaging.com\/wp-content\/uploads\/2021\/07\/riempitrici_manu.jpg","contentUrl":"https:\/\/cdn.bbmpackaging.com\/wp-content\/uploads\/2021\/07\/riempitrici_manu.jpg","width":1440,"height":491},{"@type":"BreadcrumbList","@id":"https:\/\/www.bbmpackaging.com\/fr\/services\/maintenance-lignes-embouteillage\/remplisseuses\/#breadcrumb","itemListElement":[{"@type":"ListItem","position":1,"name":"Home","item":"https:\/\/www.bbmpackaging.com\/fr\/"},{"@type":"ListItem","position":2,"name":"Service","item":"https:\/\/www.bbmpackaging.com\/fr\/services\/"},{"@type":"ListItem","position":3,"name":"Maintenance des machines","item":"https:\/\/www.bbmpackaging.com\/fr\/services\/maintenance-lignes-embouteillage\/"},{"@type":"ListItem","position":4,"name":"Maintenance sur remplisseuses"}]},{"@type":"WebSite","@id":"https:\/\/www.bbmpackaging.com\/fr\/#website","url":"https:\/\/www.bbmpackaging.com\/fr\/","name":"BBM Packaging","description":"Imbottigliamento: macchinari manutenzione e much more","potentialAction":[{"@type":"SearchAction","target":{"@type":"EntryPoint","urlTemplate":"https:\/\/www.bbmpackaging.com\/fr\/?s={search_term_string}"},"query-input":{"@type":"PropertyValueSpecification","valueRequired":true,"valueName":"search_term_string"}}],"inLanguage":"fr-FR"}]}},"_links":{"self":[{"href":"https:\/\/www.bbmpackaging.com\/fr\/wp-json\/wp\/v2\/pages\/21868","targetHints":{"allow":["GET"]}}],"collection":[{"href":"https:\/\/www.bbmpackaging.com\/fr\/wp-json\/wp\/v2\/pages"}],"about":[{"href":"https:\/\/www.bbmpackaging.com\/fr\/wp-json\/wp\/v2\/types\/page"}],"author":[{"embeddable":true,"href":"https:\/\/www.bbmpackaging.com\/fr\/wp-json\/wp\/v2\/users\/2"}],"replies":[{"embeddable":true,"href":"https:\/\/www.bbmpackaging.com\/fr\/wp-json\/wp\/v2\/comments?post=21868"}],"version-history":[{"count":0,"href":"https:\/\/www.bbmpackaging.com\/fr\/wp-json\/wp\/v2\/pages\/21868\/revisions"}],"up":[{"embeddable":true,"href":"https:\/\/www.bbmpackaging.com\/fr\/wp-json\/wp\/v2\/pages\/21862"}],"wp:featuredmedia":[{"embeddable":true,"href":"https:\/\/www.bbmpackaging.com\/fr\/wp-json\/wp\/v2\/media\/16075"}],"wp:attachment":[{"href":"https:\/\/www.bbmpackaging.com\/fr\/wp-json\/wp\/v2\/media?parent=21868"}],"curies":[{"name":"wp","href":"https:\/\/api.w.org\/{rel}","templated":true}]}}