{"id":21870,"date":"2021-07-19T14:40:40","date_gmt":"2021-07-19T12:40:40","guid":{"rendered":"https:\/\/www.bbmpackaging.com\/manutenzione\/manutenzione-soffiatrici\/"},"modified":"2024-11-27T09:26:30","modified_gmt":"2024-11-27T08:26:30","slug":"manutenzione-soffiatrici","status":"publish","type":"page","link":"https:\/\/www.bbmpackaging.com\/fr\/services\/maintenance-lignes-embouteillage\/souffleuses\/","title":{"rendered":"Maintenance sur souffleuse"},"content":{"rendered":"<p class=\"big\">R\u00e9vision compl\u00e8te pour la maintenance ordinaire et extraordinaire des machines de soufflage de diff\u00e9rents fabricants, avec une efficacit\u00e9 garanti<\/p>\n<h3>Ce que nous faisons<\/h3>\n<p>BBM propose des services de maintenance ordinaires et extraordinaires personnalis\u00e9s sur les souffleuses des bouteilles PET de diff\u00e9rents fabricants.<br \/>\nLa premi\u00e8re \u00e9tape de la maintenance consiste en une inspection approfondie \u00e0 effectuer pour effectuer des interventions cibl\u00e9es et limiter au minimum la p\u00e9riode d\u2019arr\u00eat de la production, en r\u00e9visant ou en rempla\u00e7ant uniquement la pi\u00e8ce n\u00e9cessitant une maintenance, r\u00e9duisant ainsi \u00e9galement les co\u00fbts pour le client, en termes de pi\u00e8ces de rechange qu\u2019en termes d\u2019heures de maintenance annuelles.<\/p>\n<h3>Pi\u00e8ces de rechange<\/h3>\n<p>BBM peut \u00e9galement fournir des pi\u00e8ces de rechange pour souffleuses.Notre d\u00e9partement de <a href=\"https:\/\/www.bbmpackaging.com\/fr\/pieces-de-rechange\/\">PIECES DE RECHANGE<\/a> est \u00e0 votre disposition pour toute demande.<\/p>\n<p><a class=\"brochure\" title=\"ENTRETIEN DE SOUFFLEUSES\" href=\"https:\/\/cdn.bbmpackaging.com\/wp-content\/uploads\/2024\/02\/BBM_Entretien-de-souffleuses.pdf\" target=\"_blank\" rel=\"noopener\">T\u00e9l\u00e9charger la pr\u00e9sentation compl\u00e8te<\/a><\/p>\n","protected":false},"excerpt":{"rendered":"<p>R\u00e9vision compl\u00e8te pour la maintenance ordinaire et extraordinaire des machines de soufflage de diff\u00e9rents fabricants, avec une efficacit\u00e9&#8230;<\/p>\n","protected":false},"author":2,"featured_media":16044,"parent":21862,"menu_order":0,"comment_status":"closed","ping_status":"closed","template":"","meta":{"_acf_changed":false,"footnotes":""},"class_list":["post-21870","page","type-page","status-publish","has-post-thumbnail","hentry"],"acf":[],"yoast_head":"<!-- This site is optimized with the Yoast SEO plugin v27.2 - https:\/\/yoast.com\/product\/yoast-seo-wordpress\/ -->\n<title>Maintenance des souffleuses industrielles - BBM Packaging<\/title>\n<meta name=\"description\" content=\"BBM Packaging offre un service de r\u00e9vision compl\u00e8te pour la maintenance ordinaire et extraordinaire des souffleuses multimarques. Contactez-nous.\" \/>\n<meta name=\"robots\" content=\"index, follow, max-snippet:-1, max-image-preview:large, max-video-preview:-1\" \/>\n<link rel=\"canonical\" href=\"https:\/\/www.bbmpackaging.com\/fr\/services\/maintenance-lignes-embouteillage\/souffleuses\/\" \/>\n<meta property=\"og:locale\" content=\"fr_FR\" \/>\n<meta property=\"og:type\" content=\"article\" \/>\n<meta property=\"og:title\" content=\"Maintenance des souffleuses industrielles - BBM Packaging\" \/>\n<meta property=\"og:description\" content=\"BBM Packaging offre un service de r\u00e9vision compl\u00e8te pour la maintenance ordinaire et extraordinaire des souffleuses multimarques. Contactez-nous.\" \/>\n<meta property=\"og:url\" content=\"https:\/\/www.bbmpackaging.com\/fr\/services\/maintenance-lignes-embouteillage\/souffleuses\/\" \/>\n<meta property=\"og:site_name\" content=\"BBM Packaging\" \/>\n<meta property=\"article:modified_time\" content=\"2024-11-27T08:26:30+00:00\" \/>\n<meta property=\"og:image\" content=\"https:\/\/cdn.bbmpackaging.com\/wp-content\/uploads\/2021\/07\/manutenzione_soffiatrici.jpg\" \/>\n\t<meta property=\"og:image:width\" content=\"1440\" \/>\n\t<meta property=\"og:image:height\" content=\"491\" \/>\n\t<meta property=\"og:image:type\" content=\"image\/jpeg\" \/>\n<meta name=\"twitter:card\" content=\"summary_large_image\" \/>\n<meta name=\"twitter:label1\" content=\"Dur\u00e9e de lecture estim\u00e9e\" \/>\n\t<meta name=\"twitter:data1\" content=\"1 minute\" \/>\n<script type=\"application\/ld+json\" class=\"yoast-schema-graph\">{\"@context\":\"https:\/\/schema.org\",\"@graph\":[{\"@type\":\"WebPage\",\"@id\":\"https:\/\/www.bbmpackaging.com\/fr\/services\/maintenance-lignes-embouteillage\/souffleuses\/\",\"url\":\"https:\/\/www.bbmpackaging.com\/fr\/services\/maintenance-lignes-embouteillage\/souffleuses\/\",\"name\":\"Maintenance des souffleuses industrielles - BBM Packaging\",\"isPartOf\":{\"@id\":\"https:\/\/www.bbmpackaging.com\/fr\/#website\"},\"primaryImageOfPage\":{\"@id\":\"https:\/\/www.bbmpackaging.com\/fr\/services\/maintenance-lignes-embouteillage\/souffleuses\/#primaryimage\"},\"image\":{\"@id\":\"https:\/\/www.bbmpackaging.com\/fr\/services\/maintenance-lignes-embouteillage\/souffleuses\/#primaryimage\"},\"thumbnailUrl\":\"https:\/\/cdn.bbmpackaging.com\/wp-content\/uploads\/2021\/07\/manutenzione_soffiatrici.jpg\",\"datePublished\":\"2021-07-19T12:40:40+00:00\",\"dateModified\":\"2024-11-27T08:26:30+00:00\",\"description\":\"BBM Packaging offre un service de r\u00e9vision compl\u00e8te pour la maintenance ordinaire et extraordinaire des souffleuses multimarques. Contactez-nous.\",\"breadcrumb\":{\"@id\":\"https:\/\/www.bbmpackaging.com\/fr\/services\/maintenance-lignes-embouteillage\/souffleuses\/#breadcrumb\"},\"inLanguage\":\"fr-FR\",\"potentialAction\":[{\"@type\":\"ReadAction\",\"target\":[\"https:\/\/www.bbmpackaging.com\/fr\/services\/maintenance-lignes-embouteillage\/souffleuses\/\"]}]},{\"@type\":\"ImageObject\",\"inLanguage\":\"fr-FR\",\"@id\":\"https:\/\/www.bbmpackaging.com\/fr\/services\/maintenance-lignes-embouteillage\/souffleuses\/#primaryimage\",\"url\":\"https:\/\/cdn.bbmpackaging.com\/wp-content\/uploads\/2021\/07\/manutenzione_soffiatrici.jpg\",\"contentUrl\":\"https:\/\/cdn.bbmpackaging.com\/wp-content\/uploads\/2021\/07\/manutenzione_soffiatrici.jpg\",\"width\":1440,\"height\":491},{\"@type\":\"BreadcrumbList\",\"@id\":\"https:\/\/www.bbmpackaging.com\/fr\/services\/maintenance-lignes-embouteillage\/souffleuses\/#breadcrumb\",\"itemListElement\":[{\"@type\":\"ListItem\",\"position\":1,\"name\":\"Home\",\"item\":\"https:\/\/www.bbmpackaging.com\/fr\/\"},{\"@type\":\"ListItem\",\"position\":2,\"name\":\"Service\",\"item\":\"https:\/\/www.bbmpackaging.com\/fr\/services\/\"},{\"@type\":\"ListItem\",\"position\":3,\"name\":\"Maintenance des machines\",\"item\":\"https:\/\/www.bbmpackaging.com\/fr\/services\/maintenance-lignes-embouteillage\/\"},{\"@type\":\"ListItem\",\"position\":4,\"name\":\"Maintenance sur souffleuse\"}]},{\"@type\":\"WebSite\",\"@id\":\"https:\/\/www.bbmpackaging.com\/fr\/#website\",\"url\":\"https:\/\/www.bbmpackaging.com\/fr\/\",\"name\":\"BBM Packaging\",\"description\":\"Imbottigliamento: macchinari manutenzione e much more\",\"potentialAction\":[{\"@type\":\"SearchAction\",\"target\":{\"@type\":\"EntryPoint\",\"urlTemplate\":\"https:\/\/www.bbmpackaging.com\/fr\/?s={search_term_string}\"},\"query-input\":{\"@type\":\"PropertyValueSpecification\",\"valueRequired\":true,\"valueName\":\"search_term_string\"}}],\"inLanguage\":\"fr-FR\"}]}<\/script>\n<!-- \/ Yoast SEO plugin. -->","yoast_head_json":{"title":"Maintenance des souffleuses industrielles - BBM Packaging","description":"BBM Packaging offre un service de r\u00e9vision compl\u00e8te pour la maintenance ordinaire et extraordinaire des souffleuses multimarques. Contactez-nous.","robots":{"index":"index","follow":"follow","max-snippet":"max-snippet:-1","max-image-preview":"max-image-preview:large","max-video-preview":"max-video-preview:-1"},"canonical":"https:\/\/www.bbmpackaging.com\/fr\/services\/maintenance-lignes-embouteillage\/souffleuses\/","og_locale":"fr_FR","og_type":"article","og_title":"Maintenance des souffleuses industrielles - BBM Packaging","og_description":"BBM Packaging offre un service de r\u00e9vision compl\u00e8te pour la maintenance ordinaire et extraordinaire des souffleuses multimarques. Contactez-nous.","og_url":"https:\/\/www.bbmpackaging.com\/fr\/services\/maintenance-lignes-embouteillage\/souffleuses\/","og_site_name":"BBM Packaging","article_modified_time":"2024-11-27T08:26:30+00:00","og_image":[{"width":1440,"height":491,"url":"https:\/\/cdn.bbmpackaging.com\/wp-content\/uploads\/2021\/07\/manutenzione_soffiatrici.jpg","type":"image\/jpeg"}],"twitter_card":"summary_large_image","twitter_misc":{"Dur\u00e9e de lecture estim\u00e9e":"1 minute"},"schema":{"@context":"https:\/\/schema.org","@graph":[{"@type":"WebPage","@id":"https:\/\/www.bbmpackaging.com\/fr\/services\/maintenance-lignes-embouteillage\/souffleuses\/","url":"https:\/\/www.bbmpackaging.com\/fr\/services\/maintenance-lignes-embouteillage\/souffleuses\/","name":"Maintenance des souffleuses industrielles - BBM Packaging","isPartOf":{"@id":"https:\/\/www.bbmpackaging.com\/fr\/#website"},"primaryImageOfPage":{"@id":"https:\/\/www.bbmpackaging.com\/fr\/services\/maintenance-lignes-embouteillage\/souffleuses\/#primaryimage"},"image":{"@id":"https:\/\/www.bbmpackaging.com\/fr\/services\/maintenance-lignes-embouteillage\/souffleuses\/#primaryimage"},"thumbnailUrl":"https:\/\/cdn.bbmpackaging.com\/wp-content\/uploads\/2021\/07\/manutenzione_soffiatrici.jpg","datePublished":"2021-07-19T12:40:40+00:00","dateModified":"2024-11-27T08:26:30+00:00","description":"BBM Packaging offre un service de r\u00e9vision compl\u00e8te pour la maintenance ordinaire et extraordinaire des souffleuses multimarques. Contactez-nous.","breadcrumb":{"@id":"https:\/\/www.bbmpackaging.com\/fr\/services\/maintenance-lignes-embouteillage\/souffleuses\/#breadcrumb"},"inLanguage":"fr-FR","potentialAction":[{"@type":"ReadAction","target":["https:\/\/www.bbmpackaging.com\/fr\/services\/maintenance-lignes-embouteillage\/souffleuses\/"]}]},{"@type":"ImageObject","inLanguage":"fr-FR","@id":"https:\/\/www.bbmpackaging.com\/fr\/services\/maintenance-lignes-embouteillage\/souffleuses\/#primaryimage","url":"https:\/\/cdn.bbmpackaging.com\/wp-content\/uploads\/2021\/07\/manutenzione_soffiatrici.jpg","contentUrl":"https:\/\/cdn.bbmpackaging.com\/wp-content\/uploads\/2021\/07\/manutenzione_soffiatrici.jpg","width":1440,"height":491},{"@type":"BreadcrumbList","@id":"https:\/\/www.bbmpackaging.com\/fr\/services\/maintenance-lignes-embouteillage\/souffleuses\/#breadcrumb","itemListElement":[{"@type":"ListItem","position":1,"name":"Home","item":"https:\/\/www.bbmpackaging.com\/fr\/"},{"@type":"ListItem","position":2,"name":"Service","item":"https:\/\/www.bbmpackaging.com\/fr\/services\/"},{"@type":"ListItem","position":3,"name":"Maintenance des machines","item":"https:\/\/www.bbmpackaging.com\/fr\/services\/maintenance-lignes-embouteillage\/"},{"@type":"ListItem","position":4,"name":"Maintenance sur souffleuse"}]},{"@type":"WebSite","@id":"https:\/\/www.bbmpackaging.com\/fr\/#website","url":"https:\/\/www.bbmpackaging.com\/fr\/","name":"BBM Packaging","description":"Imbottigliamento: macchinari manutenzione e much more","potentialAction":[{"@type":"SearchAction","target":{"@type":"EntryPoint","urlTemplate":"https:\/\/www.bbmpackaging.com\/fr\/?s={search_term_string}"},"query-input":{"@type":"PropertyValueSpecification","valueRequired":true,"valueName":"search_term_string"}}],"inLanguage":"fr-FR"}]}},"_links":{"self":[{"href":"https:\/\/www.bbmpackaging.com\/fr\/wp-json\/wp\/v2\/pages\/21870","targetHints":{"allow":["GET"]}}],"collection":[{"href":"https:\/\/www.bbmpackaging.com\/fr\/wp-json\/wp\/v2\/pages"}],"about":[{"href":"https:\/\/www.bbmpackaging.com\/fr\/wp-json\/wp\/v2\/types\/page"}],"author":[{"embeddable":true,"href":"https:\/\/www.bbmpackaging.com\/fr\/wp-json\/wp\/v2\/users\/2"}],"replies":[{"embeddable":true,"href":"https:\/\/www.bbmpackaging.com\/fr\/wp-json\/wp\/v2\/comments?post=21870"}],"version-history":[{"count":0,"href":"https:\/\/www.bbmpackaging.com\/fr\/wp-json\/wp\/v2\/pages\/21870\/revisions"}],"up":[{"embeddable":true,"href":"https:\/\/www.bbmpackaging.com\/fr\/wp-json\/wp\/v2\/pages\/21862"}],"wp:featuredmedia":[{"embeddable":true,"href":"https:\/\/www.bbmpackaging.com\/fr\/wp-json\/wp\/v2\/media\/16044"}],"wp:attachment":[{"href":"https:\/\/www.bbmpackaging.com\/fr\/wp-json\/wp\/v2\/media?parent=21870"}],"curies":[{"name":"wp","href":"https:\/\/api.w.org\/{rel}","templated":true}]}}