{"id":21876,"date":"2021-09-07T09:30:24","date_gmt":"2021-09-07T07:30:24","guid":{"rendered":"https:\/\/www.bbmpackaging.com\/services\/"},"modified":"2025-06-20T12:40:48","modified_gmt":"2025-06-20T10:40:48","slug":"services","status":"publish","type":"page","link":"https:\/\/www.bbmpackaging.com\/fr\/services\/","title":{"rendered":"Service"},"content":{"rendered":"<h2><strong>Service complet pour les machines et lignes d\u2019embouteillage et de conditionnement.<\/strong><\/h2>\n<p>BBM propose une assistance technique professionnelle sur des lignes d\u2019embouteillage et de conditionnement multi-marques. Nos comp\u00e9tences techniques couvrent toute une gamme compl\u00e8te de services, de la maintenance pr\u00e9dictive \u00e0 la relocation d\u2019installations, garantissant toujours une efficacit\u00e9 op\u00e9rationnelle maximale. Gr\u00e2ce \u00e0 notre exp\u00e9rience avec des marques leaders telles que SIDEL, KRONES, SMI, OCME, ACMI et bien d\u2019autres, nous sommes le partenaire id\u00e9al pour maintenir votre installation toujours \u00e0 son niveau de performance optimal.<\/p>\n<p><strong>Nous fournissons une assistance technique 24\/7, garantissant notre support m\u00eame pendant les week-ends et les jours f\u00e9ri\u00e9s, pour assurer la continuit\u00e9 et la fiabilit\u00e9 de votre travail.<\/strong><\/p>\n<div class=\"uk-grid servicesgrid\" style=\"padding-bottom: 0px; padding-top: 20px\">\n<div class=\"uk-width-1-2@m\">\n<h3>Service vid\u00e9o BBM<\/h3>\n<p><iframe loading=\"lazy\" title=\"YouTube video player\" src=\"https:\/\/www.youtube.com\/embed\/jNMouE_7ff0?si=RnGui6NCEgJKd49X\" width=\"560\" height=\"315\" frameborder=\"0\" allowfullscreen=\"allowfullscreen\"><\/iframe><\/p>\n<\/div>\n<div class=\"uk-width-1-2@m\">\n<h3>Carte des interventions BBM<\/h3>\n<p><iframe loading=\"lazy\" src=\"https:\/\/www.google.com\/maps\/d\/embed?mid=1ze93MKk04sGh4XE0YSZhl_L3Kk-zORM&amp;ehbc=2E312F&amp;noprof=1&amp;z=2\" width=\"640\" height=\"315\"><\/iframe><\/p>\n<\/div>\n<\/div>\n","protected":false},"excerpt":{"rendered":"<p>Service complet pour les machines et lignes d\u2019embouteillage et de conditionnement. BBM propose une assistance technique professionnelle sur&#8230;<\/p>\n","protected":false},"author":2,"featured_media":53312,"parent":0,"menu_order":0,"comment_status":"closed","ping_status":"closed","template":"page-manutenzione.php","meta":{"_acf_changed":false,"footnotes":""},"class_list":["post-21876","page","type-page","status-publish","has-post-thumbnail","hentry"],"acf":[],"yoast_head":"<!-- This site is optimized with the Yoast SEO plugin v27.2 - https:\/\/yoast.com\/product\/yoast-seo-wordpress\/ -->\n<title>Service lignes d&#039;embouteillage et de conditionnement - BBM Service<\/title>\n<meta name=\"description\" content=\"BBM Packaging offre un service sur les machines et lignes d&#039;embouteillage et d&#039;emballage multimarques. Contactez-nous pour optimiser votre installation.\" \/>\n<meta name=\"robots\" content=\"index, follow, max-snippet:-1, max-image-preview:large, max-video-preview:-1\" \/>\n<link rel=\"canonical\" href=\"https:\/\/www.bbmpackaging.com\/fr\/services\/\" \/>\n<meta property=\"og:locale\" content=\"fr_FR\" \/>\n<meta property=\"og:type\" content=\"article\" \/>\n<meta property=\"og:title\" content=\"Service lignes d&#039;embouteillage et de conditionnement - BBM Service\" \/>\n<meta property=\"og:description\" content=\"BBM Packaging offre un service sur les machines et lignes d&#039;embouteillage et d&#039;emballage multimarques. Contactez-nous pour optimiser votre installation.\" \/>\n<meta property=\"og:url\" content=\"https:\/\/www.bbmpackaging.com\/fr\/services\/\" \/>\n<meta property=\"og:site_name\" content=\"BBM Packaging\" \/>\n<meta property=\"article:modified_time\" content=\"2025-06-20T10:40:48+00:00\" \/>\n<meta property=\"og:image\" content=\"https:\/\/cdn.bbmpackaging.com\/wp-content\/uploads\/2025\/06\/service-lignes-embouteillage-emballage-bbm-service.jpg\" \/>\n\t<meta property=\"og:image:width\" content=\"1920\" \/>\n\t<meta property=\"og:image:height\" content=\"630\" \/>\n\t<meta property=\"og:image:type\" content=\"image\/jpeg\" \/>\n<meta name=\"twitter:card\" content=\"summary_large_image\" \/>\n<meta name=\"twitter:label1\" content=\"Dur\u00e9e de lecture estim\u00e9e\" \/>\n\t<meta name=\"twitter:data1\" content=\"1 minute\" \/>\n<script type=\"application\/ld+json\" class=\"yoast-schema-graph\">{\"@context\":\"https:\/\/schema.org\",\"@graph\":[{\"@type\":\"WebPage\",\"@id\":\"https:\/\/www.bbmpackaging.com\/fr\/services\/\",\"url\":\"https:\/\/www.bbmpackaging.com\/fr\/services\/\",\"name\":\"Service lignes d'embouteillage et de conditionnement - BBM Service\",\"isPartOf\":{\"@id\":\"https:\/\/www.bbmpackaging.com\/fr\/#website\"},\"primaryImageOfPage\":{\"@id\":\"https:\/\/www.bbmpackaging.com\/fr\/services\/#primaryimage\"},\"image\":{\"@id\":\"https:\/\/www.bbmpackaging.com\/fr\/services\/#primaryimage\"},\"thumbnailUrl\":\"https:\/\/cdn.bbmpackaging.com\/wp-content\/uploads\/2025\/06\/service-lignes-embouteillage-emballage-bbm-service.jpg\",\"datePublished\":\"2021-09-07T07:30:24+00:00\",\"dateModified\":\"2025-06-20T10:40:48+00:00\",\"description\":\"BBM Packaging offre un service sur les machines et lignes d'embouteillage et d'emballage multimarques. Contactez-nous pour optimiser votre installation.\",\"breadcrumb\":{\"@id\":\"https:\/\/www.bbmpackaging.com\/fr\/services\/#breadcrumb\"},\"inLanguage\":\"fr-FR\",\"potentialAction\":[{\"@type\":\"ReadAction\",\"target\":[\"https:\/\/www.bbmpackaging.com\/fr\/services\/\"]}]},{\"@type\":\"ImageObject\",\"inLanguage\":\"fr-FR\",\"@id\":\"https:\/\/www.bbmpackaging.com\/fr\/services\/#primaryimage\",\"url\":\"https:\/\/cdn.bbmpackaging.com\/wp-content\/uploads\/2025\/06\/service-lignes-embouteillage-emballage-bbm-service.jpg\",\"contentUrl\":\"https:\/\/cdn.bbmpackaging.com\/wp-content\/uploads\/2025\/06\/service-lignes-embouteillage-emballage-bbm-service.jpg\",\"width\":1920,\"height\":630,\"caption\":\"Service lignes d'embouteillage et de conditionnement - BBM Service\"},{\"@type\":\"BreadcrumbList\",\"@id\":\"https:\/\/www.bbmpackaging.com\/fr\/services\/#breadcrumb\",\"itemListElement\":[{\"@type\":\"ListItem\",\"position\":1,\"name\":\"Home\",\"item\":\"https:\/\/www.bbmpackaging.com\/fr\/\"},{\"@type\":\"ListItem\",\"position\":2,\"name\":\"Service\"}]},{\"@type\":\"WebSite\",\"@id\":\"https:\/\/www.bbmpackaging.com\/fr\/#website\",\"url\":\"https:\/\/www.bbmpackaging.com\/fr\/\",\"name\":\"BBM Packaging\",\"description\":\"Imbottigliamento: macchinari manutenzione e much more\",\"potentialAction\":[{\"@type\":\"SearchAction\",\"target\":{\"@type\":\"EntryPoint\",\"urlTemplate\":\"https:\/\/www.bbmpackaging.com\/fr\/?s={search_term_string}\"},\"query-input\":{\"@type\":\"PropertyValueSpecification\",\"valueRequired\":true,\"valueName\":\"search_term_string\"}}],\"inLanguage\":\"fr-FR\"}]}<\/script>\n<!-- \/ Yoast SEO plugin. -->","yoast_head_json":{"title":"Service lignes d'embouteillage et de conditionnement - BBM Service","description":"BBM Packaging offre un service sur les machines et lignes d'embouteillage et d'emballage multimarques. Contactez-nous pour optimiser votre installation.","robots":{"index":"index","follow":"follow","max-snippet":"max-snippet:-1","max-image-preview":"max-image-preview:large","max-video-preview":"max-video-preview:-1"},"canonical":"https:\/\/www.bbmpackaging.com\/fr\/services\/","og_locale":"fr_FR","og_type":"article","og_title":"Service lignes d'embouteillage et de conditionnement - BBM Service","og_description":"BBM Packaging offre un service sur les machines et lignes d'embouteillage et d'emballage multimarques. Contactez-nous pour optimiser votre installation.","og_url":"https:\/\/www.bbmpackaging.com\/fr\/services\/","og_site_name":"BBM Packaging","article_modified_time":"2025-06-20T10:40:48+00:00","og_image":[{"width":1920,"height":630,"url":"https:\/\/cdn.bbmpackaging.com\/wp-content\/uploads\/2025\/06\/service-lignes-embouteillage-emballage-bbm-service.jpg","type":"image\/jpeg"}],"twitter_card":"summary_large_image","twitter_misc":{"Dur\u00e9e de lecture estim\u00e9e":"1 minute"},"schema":{"@context":"https:\/\/schema.org","@graph":[{"@type":"WebPage","@id":"https:\/\/www.bbmpackaging.com\/fr\/services\/","url":"https:\/\/www.bbmpackaging.com\/fr\/services\/","name":"Service lignes d'embouteillage et de conditionnement - BBM Service","isPartOf":{"@id":"https:\/\/www.bbmpackaging.com\/fr\/#website"},"primaryImageOfPage":{"@id":"https:\/\/www.bbmpackaging.com\/fr\/services\/#primaryimage"},"image":{"@id":"https:\/\/www.bbmpackaging.com\/fr\/services\/#primaryimage"},"thumbnailUrl":"https:\/\/cdn.bbmpackaging.com\/wp-content\/uploads\/2025\/06\/service-lignes-embouteillage-emballage-bbm-service.jpg","datePublished":"2021-09-07T07:30:24+00:00","dateModified":"2025-06-20T10:40:48+00:00","description":"BBM Packaging offre un service sur les machines et lignes d'embouteillage et d'emballage multimarques. Contactez-nous pour optimiser votre installation.","breadcrumb":{"@id":"https:\/\/www.bbmpackaging.com\/fr\/services\/#breadcrumb"},"inLanguage":"fr-FR","potentialAction":[{"@type":"ReadAction","target":["https:\/\/www.bbmpackaging.com\/fr\/services\/"]}]},{"@type":"ImageObject","inLanguage":"fr-FR","@id":"https:\/\/www.bbmpackaging.com\/fr\/services\/#primaryimage","url":"https:\/\/cdn.bbmpackaging.com\/wp-content\/uploads\/2025\/06\/service-lignes-embouteillage-emballage-bbm-service.jpg","contentUrl":"https:\/\/cdn.bbmpackaging.com\/wp-content\/uploads\/2025\/06\/service-lignes-embouteillage-emballage-bbm-service.jpg","width":1920,"height":630,"caption":"Service lignes d'embouteillage et de conditionnement - BBM Service"},{"@type":"BreadcrumbList","@id":"https:\/\/www.bbmpackaging.com\/fr\/services\/#breadcrumb","itemListElement":[{"@type":"ListItem","position":1,"name":"Home","item":"https:\/\/www.bbmpackaging.com\/fr\/"},{"@type":"ListItem","position":2,"name":"Service"}]},{"@type":"WebSite","@id":"https:\/\/www.bbmpackaging.com\/fr\/#website","url":"https:\/\/www.bbmpackaging.com\/fr\/","name":"BBM Packaging","description":"Imbottigliamento: macchinari manutenzione e much more","potentialAction":[{"@type":"SearchAction","target":{"@type":"EntryPoint","urlTemplate":"https:\/\/www.bbmpackaging.com\/fr\/?s={search_term_string}"},"query-input":{"@type":"PropertyValueSpecification","valueRequired":true,"valueName":"search_term_string"}}],"inLanguage":"fr-FR"}]}},"_links":{"self":[{"href":"https:\/\/www.bbmpackaging.com\/fr\/wp-json\/wp\/v2\/pages\/21876","targetHints":{"allow":["GET"]}}],"collection":[{"href":"https:\/\/www.bbmpackaging.com\/fr\/wp-json\/wp\/v2\/pages"}],"about":[{"href":"https:\/\/www.bbmpackaging.com\/fr\/wp-json\/wp\/v2\/types\/page"}],"author":[{"embeddable":true,"href":"https:\/\/www.bbmpackaging.com\/fr\/wp-json\/wp\/v2\/users\/2"}],"replies":[{"embeddable":true,"href":"https:\/\/www.bbmpackaging.com\/fr\/wp-json\/wp\/v2\/comments?post=21876"}],"version-history":[{"count":4,"href":"https:\/\/www.bbmpackaging.com\/fr\/wp-json\/wp\/v2\/pages\/21876\/revisions"}],"predecessor-version":[{"id":53321,"href":"https:\/\/www.bbmpackaging.com\/fr\/wp-json\/wp\/v2\/pages\/21876\/revisions\/53321"}],"wp:featuredmedia":[{"embeddable":true,"href":"https:\/\/www.bbmpackaging.com\/fr\/wp-json\/wp\/v2\/media\/53312"}],"wp:attachment":[{"href":"https:\/\/www.bbmpackaging.com\/fr\/wp-json\/wp\/v2\/media?parent=21876"}],"curies":[{"name":"wp","href":"https:\/\/api.w.org\/{rel}","templated":true}]}}