{"id":21880,"date":"2021-07-16T14:42:37","date_gmt":"2021-07-16T12:42:37","guid":{"rendered":"https:\/\/www.bbmpackaging.com\/engineering\/cambio-catena-forno\/"},"modified":"2024-11-27T09:37:16","modified_gmt":"2024-11-27T08:37:16","slug":"cambio-catena-forno","status":"publish","type":"page","link":"https:\/\/www.bbmpackaging.com\/fr\/engineering\/conversion-chaine-four\/","title":{"rendered":"Cha\u00eene en acier inoxydable"},"content":{"rendered":"<p class=\"big\">Mise \u00e0 niveau de la cha\u00eene du four de thermor\u00e9traction \u00e0 mailles en acier inoxydable: cela consiste \u00e0 monter la cha\u00eene \u00e0 mailles en acier inoxydable sur le four de thermor\u00e9traction.<\/p>\n","protected":false},"excerpt":{"rendered":"<p>Mise \u00e0 niveau de la cha\u00eene du four de thermor\u00e9traction \u00e0 mailles en acier inoxydable: cela consiste \u00e0&#8230;<\/p>\n","protected":false},"author":2,"featured_media":15989,"parent":21874,"menu_order":0,"comment_status":"closed","ping_status":"closed","template":"page-2colonne.php","meta":{"_acf_changed":false,"footnotes":""},"class_list":["post-21880","page","type-page","status-publish","has-post-thumbnail","hentry"],"acf":[],"yoast_head":"<!-- This site is optimized with the Yoast SEO plugin v27.2 - https:\/\/yoast.com\/product\/yoast-seo-wordpress\/ -->\n<title>Cha\u00eene de four pour fardeleuses - BBM Packaging<\/title>\n<meta name=\"description\" content=\"Mise \u00e0 niveau de la cha\u00eene du four de fardeleuse en maillage d&#039;acier: consiste en l&#039;installation de la cha\u00eene en maillage d&#039;acier sur le four de r\u00e9traction.\" \/>\n<meta name=\"robots\" content=\"index, follow, max-snippet:-1, max-image-preview:large, max-video-preview:-1\" \/>\n<link rel=\"canonical\" href=\"https:\/\/www.bbmpackaging.com\/fr\/engineering\/conversion-chaine-four\/\" \/>\n<meta property=\"og:locale\" content=\"fr_FR\" \/>\n<meta property=\"og:type\" content=\"article\" \/>\n<meta property=\"og:title\" content=\"Cha\u00eene de four pour fardeleuses - BBM Packaging\" \/>\n<meta property=\"og:description\" content=\"Mise \u00e0 niveau de la cha\u00eene du four de fardeleuse en maillage d&#039;acier: consiste en l&#039;installation de la cha\u00eene en maillage d&#039;acier sur le four de r\u00e9traction.\" \/>\n<meta property=\"og:url\" content=\"https:\/\/www.bbmpackaging.com\/fr\/engineering\/conversion-chaine-four\/\" \/>\n<meta property=\"og:site_name\" content=\"BBM Packaging\" \/>\n<meta property=\"article:modified_time\" content=\"2024-11-27T08:37:16+00:00\" \/>\n<meta property=\"og:image\" content=\"https:\/\/cdn.bbmpackaging.com\/wp-content\/uploads\/2021\/07\/catena.jpg\" \/>\n\t<meta property=\"og:image:width\" content=\"1440\" \/>\n\t<meta property=\"og:image:height\" content=\"491\" \/>\n\t<meta property=\"og:image:type\" content=\"image\/jpeg\" \/>\n<meta name=\"twitter:card\" content=\"summary_large_image\" \/>\n<meta name=\"twitter:label1\" content=\"Dur\u00e9e de lecture estim\u00e9e\" \/>\n\t<meta name=\"twitter:data1\" content=\"1 minute\" \/>\n<script type=\"application\/ld+json\" class=\"yoast-schema-graph\">{\"@context\":\"https:\/\/schema.org\",\"@graph\":[{\"@type\":\"WebPage\",\"@id\":\"https:\/\/www.bbmpackaging.com\/fr\/engineering\/conversion-chaine-four\/\",\"url\":\"https:\/\/www.bbmpackaging.com\/fr\/engineering\/conversion-chaine-four\/\",\"name\":\"Cha\u00eene de four pour fardeleuses - BBM Packaging\",\"isPartOf\":{\"@id\":\"https:\/\/www.bbmpackaging.com\/fr\/#website\"},\"primaryImageOfPage\":{\"@id\":\"https:\/\/www.bbmpackaging.com\/fr\/engineering\/conversion-chaine-four\/#primaryimage\"},\"image\":{\"@id\":\"https:\/\/www.bbmpackaging.com\/fr\/engineering\/conversion-chaine-four\/#primaryimage\"},\"thumbnailUrl\":\"https:\/\/cdn.bbmpackaging.com\/wp-content\/uploads\/2021\/07\/catena.jpg\",\"datePublished\":\"2021-07-16T12:42:37+00:00\",\"dateModified\":\"2024-11-27T08:37:16+00:00\",\"description\":\"Mise \u00e0 niveau de la cha\u00eene du four de fardeleuse en maillage d'acier: consiste en l'installation de la cha\u00eene en maillage d'acier sur le four de r\u00e9traction.\",\"breadcrumb\":{\"@id\":\"https:\/\/www.bbmpackaging.com\/fr\/engineering\/conversion-chaine-four\/#breadcrumb\"},\"inLanguage\":\"fr-FR\",\"potentialAction\":[{\"@type\":\"ReadAction\",\"target\":[\"https:\/\/www.bbmpackaging.com\/fr\/engineering\/conversion-chaine-four\/\"]}]},{\"@type\":\"ImageObject\",\"inLanguage\":\"fr-FR\",\"@id\":\"https:\/\/www.bbmpackaging.com\/fr\/engineering\/conversion-chaine-four\/#primaryimage\",\"url\":\"https:\/\/cdn.bbmpackaging.com\/wp-content\/uploads\/2021\/07\/catena.jpg\",\"contentUrl\":\"https:\/\/cdn.bbmpackaging.com\/wp-content\/uploads\/2021\/07\/catena.jpg\",\"width\":1440,\"height\":491},{\"@type\":\"BreadcrumbList\",\"@id\":\"https:\/\/www.bbmpackaging.com\/fr\/engineering\/conversion-chaine-four\/#breadcrumb\",\"itemListElement\":[{\"@type\":\"ListItem\",\"position\":1,\"name\":\"Home\",\"item\":\"https:\/\/www.bbmpackaging.com\/fr\/\"},{\"@type\":\"ListItem\",\"position\":2,\"name\":\"Engineering\",\"item\":\"https:\/\/www.bbmpackaging.com\/fr\/engineering\/\"},{\"@type\":\"ListItem\",\"position\":3,\"name\":\"Cha\u00eene en acier inoxydable\"}]},{\"@type\":\"WebSite\",\"@id\":\"https:\/\/www.bbmpackaging.com\/fr\/#website\",\"url\":\"https:\/\/www.bbmpackaging.com\/fr\/\",\"name\":\"BBM Packaging\",\"description\":\"Imbottigliamento: macchinari manutenzione e much more\",\"potentialAction\":[{\"@type\":\"SearchAction\",\"target\":{\"@type\":\"EntryPoint\",\"urlTemplate\":\"https:\/\/www.bbmpackaging.com\/fr\/?s={search_term_string}\"},\"query-input\":{\"@type\":\"PropertyValueSpecification\",\"valueRequired\":true,\"valueName\":\"search_term_string\"}}],\"inLanguage\":\"fr-FR\"}]}<\/script>\n<!-- \/ Yoast SEO plugin. -->","yoast_head_json":{"title":"Cha\u00eene de four pour fardeleuses - BBM Packaging","description":"Mise \u00e0 niveau de la cha\u00eene du four de fardeleuse en maillage d'acier: consiste en l'installation de la cha\u00eene en maillage d'acier sur le four de r\u00e9traction.","robots":{"index":"index","follow":"follow","max-snippet":"max-snippet:-1","max-image-preview":"max-image-preview:large","max-video-preview":"max-video-preview:-1"},"canonical":"https:\/\/www.bbmpackaging.com\/fr\/engineering\/conversion-chaine-four\/","og_locale":"fr_FR","og_type":"article","og_title":"Cha\u00eene de four pour fardeleuses - BBM Packaging","og_description":"Mise \u00e0 niveau de la cha\u00eene du four de fardeleuse en maillage d'acier: consiste en l'installation de la cha\u00eene en maillage d'acier sur le four de r\u00e9traction.","og_url":"https:\/\/www.bbmpackaging.com\/fr\/engineering\/conversion-chaine-four\/","og_site_name":"BBM Packaging","article_modified_time":"2024-11-27T08:37:16+00:00","og_image":[{"width":1440,"height":491,"url":"https:\/\/cdn.bbmpackaging.com\/wp-content\/uploads\/2021\/07\/catena.jpg","type":"image\/jpeg"}],"twitter_card":"summary_large_image","twitter_misc":{"Dur\u00e9e de lecture estim\u00e9e":"1 minute"},"schema":{"@context":"https:\/\/schema.org","@graph":[{"@type":"WebPage","@id":"https:\/\/www.bbmpackaging.com\/fr\/engineering\/conversion-chaine-four\/","url":"https:\/\/www.bbmpackaging.com\/fr\/engineering\/conversion-chaine-four\/","name":"Cha\u00eene de four pour fardeleuses - BBM Packaging","isPartOf":{"@id":"https:\/\/www.bbmpackaging.com\/fr\/#website"},"primaryImageOfPage":{"@id":"https:\/\/www.bbmpackaging.com\/fr\/engineering\/conversion-chaine-four\/#primaryimage"},"image":{"@id":"https:\/\/www.bbmpackaging.com\/fr\/engineering\/conversion-chaine-four\/#primaryimage"},"thumbnailUrl":"https:\/\/cdn.bbmpackaging.com\/wp-content\/uploads\/2021\/07\/catena.jpg","datePublished":"2021-07-16T12:42:37+00:00","dateModified":"2024-11-27T08:37:16+00:00","description":"Mise \u00e0 niveau de la cha\u00eene du four de fardeleuse en maillage d'acier: consiste en l'installation de la cha\u00eene en maillage d'acier sur le four de r\u00e9traction.","breadcrumb":{"@id":"https:\/\/www.bbmpackaging.com\/fr\/engineering\/conversion-chaine-four\/#breadcrumb"},"inLanguage":"fr-FR","potentialAction":[{"@type":"ReadAction","target":["https:\/\/www.bbmpackaging.com\/fr\/engineering\/conversion-chaine-four\/"]}]},{"@type":"ImageObject","inLanguage":"fr-FR","@id":"https:\/\/www.bbmpackaging.com\/fr\/engineering\/conversion-chaine-four\/#primaryimage","url":"https:\/\/cdn.bbmpackaging.com\/wp-content\/uploads\/2021\/07\/catena.jpg","contentUrl":"https:\/\/cdn.bbmpackaging.com\/wp-content\/uploads\/2021\/07\/catena.jpg","width":1440,"height":491},{"@type":"BreadcrumbList","@id":"https:\/\/www.bbmpackaging.com\/fr\/engineering\/conversion-chaine-four\/#breadcrumb","itemListElement":[{"@type":"ListItem","position":1,"name":"Home","item":"https:\/\/www.bbmpackaging.com\/fr\/"},{"@type":"ListItem","position":2,"name":"Engineering","item":"https:\/\/www.bbmpackaging.com\/fr\/engineering\/"},{"@type":"ListItem","position":3,"name":"Cha\u00eene en acier inoxydable"}]},{"@type":"WebSite","@id":"https:\/\/www.bbmpackaging.com\/fr\/#website","url":"https:\/\/www.bbmpackaging.com\/fr\/","name":"BBM Packaging","description":"Imbottigliamento: macchinari manutenzione e much more","potentialAction":[{"@type":"SearchAction","target":{"@type":"EntryPoint","urlTemplate":"https:\/\/www.bbmpackaging.com\/fr\/?s={search_term_string}"},"query-input":{"@type":"PropertyValueSpecification","valueRequired":true,"valueName":"search_term_string"}}],"inLanguage":"fr-FR"}]}},"_links":{"self":[{"href":"https:\/\/www.bbmpackaging.com\/fr\/wp-json\/wp\/v2\/pages\/21880","targetHints":{"allow":["GET"]}}],"collection":[{"href":"https:\/\/www.bbmpackaging.com\/fr\/wp-json\/wp\/v2\/pages"}],"about":[{"href":"https:\/\/www.bbmpackaging.com\/fr\/wp-json\/wp\/v2\/types\/page"}],"author":[{"embeddable":true,"href":"https:\/\/www.bbmpackaging.com\/fr\/wp-json\/wp\/v2\/users\/2"}],"replies":[{"embeddable":true,"href":"https:\/\/www.bbmpackaging.com\/fr\/wp-json\/wp\/v2\/comments?post=21880"}],"version-history":[{"count":0,"href":"https:\/\/www.bbmpackaging.com\/fr\/wp-json\/wp\/v2\/pages\/21880\/revisions"}],"up":[{"embeddable":true,"href":"https:\/\/www.bbmpackaging.com\/fr\/wp-json\/wp\/v2\/pages\/21874"}],"wp:featuredmedia":[{"embeddable":true,"href":"https:\/\/www.bbmpackaging.com\/fr\/wp-json\/wp\/v2\/media\/15989"}],"wp:attachment":[{"href":"https:\/\/www.bbmpackaging.com\/fr\/wp-json\/wp\/v2\/media?parent=21880"}],"curies":[{"name":"wp","href":"https:\/\/api.w.org\/{rel}","templated":true}]}}