{"id":21886,"date":"2021-07-16T14:42:06","date_gmt":"2021-07-16T12:42:06","guid":{"rendered":"https:\/\/www.bbmpackaging.com\/engineering\/gruppo-taglio-film-e-lama-motorizzata\/"},"modified":"2024-11-27T09:37:37","modified_gmt":"2024-11-27T08:37:37","slug":"gruppo-taglio-film-e-lama-motorizzata","status":"publish","type":"page","link":"https:\/\/www.bbmpackaging.com\/fr\/engineering\/groupe-coupe-film-lame-motorisee\/","title":{"rendered":"Groupe de coupe \u00e0 lame motoris\u00e9e"},"content":{"rendered":"<p class=\"big\">Le groupe de coupe \u00e0 lame motoris\u00e9e pour les fardeleuses fait partie du portefeuille de upgrade propos\u00e9 par BBM PACKAGING pour optimiser et r\u00e9duire le co\u00fbt \/ la consommation du film thermo-r\u00e9tractable utilis\u00e9 pour l\u2019emballage.<\/p>\n","protected":false},"excerpt":{"rendered":"<p>Le groupe de coupe \u00e0 lame motoris\u00e9e pour les fardeleuses fait partie du portefeuille de upgrade propos\u00e9 par&#8230;<\/p>\n","protected":false},"author":2,"featured_media":15978,"parent":21874,"menu_order":0,"comment_status":"closed","ping_status":"closed","template":"page-2colonne.php","meta":{"_acf_changed":false,"footnotes":""},"class_list":["post-21886","page","type-page","status-publish","has-post-thumbnail","hentry"],"acf":[],"yoast_head":"<!-- This site is optimized with the Yoast SEO plugin v27.2 - https:\/\/yoast.com\/product\/yoast-seo-wordpress\/ -->\n<title>Groupe de coupe de film et lame motoris\u00e9e pour fardeleuses<\/title>\n<meta name=\"description\" content=\"Le groupe de coupe avec lame motoris\u00e9e pour les fardeleuses de BBM PACKAGING pour optimiser et r\u00e9duire les co\u00fbts.\" \/>\n<meta name=\"robots\" content=\"index, follow, max-snippet:-1, max-image-preview:large, max-video-preview:-1\" \/>\n<link rel=\"canonical\" href=\"https:\/\/www.bbmpackaging.com\/fr\/engineering\/groupe-coupe-film-lame-motorisee\/\" \/>\n<meta property=\"og:locale\" content=\"fr_FR\" \/>\n<meta property=\"og:type\" content=\"article\" \/>\n<meta property=\"og:title\" content=\"Groupe de coupe de film et lame motoris\u00e9e pour fardeleuses\" \/>\n<meta property=\"og:description\" content=\"Le groupe de coupe avec lame motoris\u00e9e pour les fardeleuses de BBM PACKAGING pour optimiser et r\u00e9duire les co\u00fbts.\" \/>\n<meta property=\"og:url\" content=\"https:\/\/www.bbmpackaging.com\/fr\/engineering\/groupe-coupe-film-lame-motorisee\/\" \/>\n<meta property=\"og:site_name\" content=\"BBM Packaging\" \/>\n<meta property=\"article:modified_time\" content=\"2024-11-27T08:37:37+00:00\" \/>\n<meta property=\"og:image\" content=\"https:\/\/cdn.bbmpackaging.com\/wp-content\/uploads\/2021\/07\/gruppo_taglio.jpg\" \/>\n\t<meta property=\"og:image:width\" content=\"1440\" \/>\n\t<meta property=\"og:image:height\" content=\"491\" \/>\n\t<meta property=\"og:image:type\" content=\"image\/jpeg\" \/>\n<meta name=\"twitter:card\" content=\"summary_large_image\" \/>\n<meta name=\"twitter:label1\" content=\"Dur\u00e9e de lecture estim\u00e9e\" \/>\n\t<meta name=\"twitter:data1\" content=\"1 minute\" \/>\n<script type=\"application\/ld+json\" class=\"yoast-schema-graph\">{\"@context\":\"https:\/\/schema.org\",\"@graph\":[{\"@type\":\"WebPage\",\"@id\":\"https:\/\/www.bbmpackaging.com\/fr\/engineering\/groupe-coupe-film-lame-motorisee\/\",\"url\":\"https:\/\/www.bbmpackaging.com\/fr\/engineering\/groupe-coupe-film-lame-motorisee\/\",\"name\":\"Groupe de coupe de film et lame motoris\u00e9e pour fardeleuses\",\"isPartOf\":{\"@id\":\"https:\/\/www.bbmpackaging.com\/fr\/#website\"},\"primaryImageOfPage\":{\"@id\":\"https:\/\/www.bbmpackaging.com\/fr\/engineering\/groupe-coupe-film-lame-motorisee\/#primaryimage\"},\"image\":{\"@id\":\"https:\/\/www.bbmpackaging.com\/fr\/engineering\/groupe-coupe-film-lame-motorisee\/#primaryimage\"},\"thumbnailUrl\":\"https:\/\/cdn.bbmpackaging.com\/wp-content\/uploads\/2021\/07\/gruppo_taglio.jpg\",\"datePublished\":\"2021-07-16T12:42:06+00:00\",\"dateModified\":\"2024-11-27T08:37:37+00:00\",\"description\":\"Le groupe de coupe avec lame motoris\u00e9e pour les fardeleuses de BBM PACKAGING pour optimiser et r\u00e9duire les co\u00fbts.\",\"breadcrumb\":{\"@id\":\"https:\/\/www.bbmpackaging.com\/fr\/engineering\/groupe-coupe-film-lame-motorisee\/#breadcrumb\"},\"inLanguage\":\"fr-FR\",\"potentialAction\":[{\"@type\":\"ReadAction\",\"target\":[\"https:\/\/www.bbmpackaging.com\/fr\/engineering\/groupe-coupe-film-lame-motorisee\/\"]}]},{\"@type\":\"ImageObject\",\"inLanguage\":\"fr-FR\",\"@id\":\"https:\/\/www.bbmpackaging.com\/fr\/engineering\/groupe-coupe-film-lame-motorisee\/#primaryimage\",\"url\":\"https:\/\/cdn.bbmpackaging.com\/wp-content\/uploads\/2021\/07\/gruppo_taglio.jpg\",\"contentUrl\":\"https:\/\/cdn.bbmpackaging.com\/wp-content\/uploads\/2021\/07\/gruppo_taglio.jpg\",\"width\":1440,\"height\":491},{\"@type\":\"BreadcrumbList\",\"@id\":\"https:\/\/www.bbmpackaging.com\/fr\/engineering\/groupe-coupe-film-lame-motorisee\/#breadcrumb\",\"itemListElement\":[{\"@type\":\"ListItem\",\"position\":1,\"name\":\"Home\",\"item\":\"https:\/\/www.bbmpackaging.com\/fr\/\"},{\"@type\":\"ListItem\",\"position\":2,\"name\":\"Engineering\",\"item\":\"https:\/\/www.bbmpackaging.com\/fr\/engineering\/\"},{\"@type\":\"ListItem\",\"position\":3,\"name\":\"Groupe de coupe \u00e0 lame motoris\u00e9e\"}]},{\"@type\":\"WebSite\",\"@id\":\"https:\/\/www.bbmpackaging.com\/fr\/#website\",\"url\":\"https:\/\/www.bbmpackaging.com\/fr\/\",\"name\":\"BBM Packaging\",\"description\":\"Imbottigliamento: macchinari manutenzione e much more\",\"potentialAction\":[{\"@type\":\"SearchAction\",\"target\":{\"@type\":\"EntryPoint\",\"urlTemplate\":\"https:\/\/www.bbmpackaging.com\/fr\/?s={search_term_string}\"},\"query-input\":{\"@type\":\"PropertyValueSpecification\",\"valueRequired\":true,\"valueName\":\"search_term_string\"}}],\"inLanguage\":\"fr-FR\"}]}<\/script>\n<!-- \/ Yoast SEO plugin. -->","yoast_head_json":{"title":"Groupe de coupe de film et lame motoris\u00e9e pour fardeleuses","description":"Le groupe de coupe avec lame motoris\u00e9e pour les fardeleuses de BBM PACKAGING pour optimiser et r\u00e9duire les co\u00fbts.","robots":{"index":"index","follow":"follow","max-snippet":"max-snippet:-1","max-image-preview":"max-image-preview:large","max-video-preview":"max-video-preview:-1"},"canonical":"https:\/\/www.bbmpackaging.com\/fr\/engineering\/groupe-coupe-film-lame-motorisee\/","og_locale":"fr_FR","og_type":"article","og_title":"Groupe de coupe de film et lame motoris\u00e9e pour fardeleuses","og_description":"Le groupe de coupe avec lame motoris\u00e9e pour les fardeleuses de BBM PACKAGING pour optimiser et r\u00e9duire les co\u00fbts.","og_url":"https:\/\/www.bbmpackaging.com\/fr\/engineering\/groupe-coupe-film-lame-motorisee\/","og_site_name":"BBM Packaging","article_modified_time":"2024-11-27T08:37:37+00:00","og_image":[{"width":1440,"height":491,"url":"https:\/\/cdn.bbmpackaging.com\/wp-content\/uploads\/2021\/07\/gruppo_taglio.jpg","type":"image\/jpeg"}],"twitter_card":"summary_large_image","twitter_misc":{"Dur\u00e9e de lecture estim\u00e9e":"1 minute"},"schema":{"@context":"https:\/\/schema.org","@graph":[{"@type":"WebPage","@id":"https:\/\/www.bbmpackaging.com\/fr\/engineering\/groupe-coupe-film-lame-motorisee\/","url":"https:\/\/www.bbmpackaging.com\/fr\/engineering\/groupe-coupe-film-lame-motorisee\/","name":"Groupe de coupe de film et lame motoris\u00e9e pour fardeleuses","isPartOf":{"@id":"https:\/\/www.bbmpackaging.com\/fr\/#website"},"primaryImageOfPage":{"@id":"https:\/\/www.bbmpackaging.com\/fr\/engineering\/groupe-coupe-film-lame-motorisee\/#primaryimage"},"image":{"@id":"https:\/\/www.bbmpackaging.com\/fr\/engineering\/groupe-coupe-film-lame-motorisee\/#primaryimage"},"thumbnailUrl":"https:\/\/cdn.bbmpackaging.com\/wp-content\/uploads\/2021\/07\/gruppo_taglio.jpg","datePublished":"2021-07-16T12:42:06+00:00","dateModified":"2024-11-27T08:37:37+00:00","description":"Le groupe de coupe avec lame motoris\u00e9e pour les fardeleuses de BBM PACKAGING pour optimiser et r\u00e9duire les co\u00fbts.","breadcrumb":{"@id":"https:\/\/www.bbmpackaging.com\/fr\/engineering\/groupe-coupe-film-lame-motorisee\/#breadcrumb"},"inLanguage":"fr-FR","potentialAction":[{"@type":"ReadAction","target":["https:\/\/www.bbmpackaging.com\/fr\/engineering\/groupe-coupe-film-lame-motorisee\/"]}]},{"@type":"ImageObject","inLanguage":"fr-FR","@id":"https:\/\/www.bbmpackaging.com\/fr\/engineering\/groupe-coupe-film-lame-motorisee\/#primaryimage","url":"https:\/\/cdn.bbmpackaging.com\/wp-content\/uploads\/2021\/07\/gruppo_taglio.jpg","contentUrl":"https:\/\/cdn.bbmpackaging.com\/wp-content\/uploads\/2021\/07\/gruppo_taglio.jpg","width":1440,"height":491},{"@type":"BreadcrumbList","@id":"https:\/\/www.bbmpackaging.com\/fr\/engineering\/groupe-coupe-film-lame-motorisee\/#breadcrumb","itemListElement":[{"@type":"ListItem","position":1,"name":"Home","item":"https:\/\/www.bbmpackaging.com\/fr\/"},{"@type":"ListItem","position":2,"name":"Engineering","item":"https:\/\/www.bbmpackaging.com\/fr\/engineering\/"},{"@type":"ListItem","position":3,"name":"Groupe de coupe \u00e0 lame motoris\u00e9e"}]},{"@type":"WebSite","@id":"https:\/\/www.bbmpackaging.com\/fr\/#website","url":"https:\/\/www.bbmpackaging.com\/fr\/","name":"BBM Packaging","description":"Imbottigliamento: macchinari manutenzione e much more","potentialAction":[{"@type":"SearchAction","target":{"@type":"EntryPoint","urlTemplate":"https:\/\/www.bbmpackaging.com\/fr\/?s={search_term_string}"},"query-input":{"@type":"PropertyValueSpecification","valueRequired":true,"valueName":"search_term_string"}}],"inLanguage":"fr-FR"}]}},"_links":{"self":[{"href":"https:\/\/www.bbmpackaging.com\/fr\/wp-json\/wp\/v2\/pages\/21886","targetHints":{"allow":["GET"]}}],"collection":[{"href":"https:\/\/www.bbmpackaging.com\/fr\/wp-json\/wp\/v2\/pages"}],"about":[{"href":"https:\/\/www.bbmpackaging.com\/fr\/wp-json\/wp\/v2\/types\/page"}],"author":[{"embeddable":true,"href":"https:\/\/www.bbmpackaging.com\/fr\/wp-json\/wp\/v2\/users\/2"}],"replies":[{"embeddable":true,"href":"https:\/\/www.bbmpackaging.com\/fr\/wp-json\/wp\/v2\/comments?post=21886"}],"version-history":[{"count":0,"href":"https:\/\/www.bbmpackaging.com\/fr\/wp-json\/wp\/v2\/pages\/21886\/revisions"}],"up":[{"embeddable":true,"href":"https:\/\/www.bbmpackaging.com\/fr\/wp-json\/wp\/v2\/pages\/21874"}],"wp:featuredmedia":[{"embeddable":true,"href":"https:\/\/www.bbmpackaging.com\/fr\/wp-json\/wp\/v2\/media\/15978"}],"wp:attachment":[{"href":"https:\/\/www.bbmpackaging.com\/fr\/wp-json\/wp\/v2\/media?parent=21886"}],"curies":[{"name":"wp","href":"https:\/\/api.w.org\/{rel}","templated":true}]}}