{"id":21890,"date":"2021-07-16T14:40:32","date_gmt":"2021-07-16T12:40:32","guid":{"rendered":"https:\/\/www.bbmpackaging.com\/engineering\/progetto-polaris\/"},"modified":"2024-11-27T09:37:54","modified_gmt":"2024-11-27T08:37:54","slug":"progetto-polaris","status":"publish","type":"page","link":"https:\/\/www.bbmpackaging.com\/fr\/engineering\/projet-polaris\/","title":{"rendered":"Projet Polaris"},"content":{"rendered":"<p class=\"big\">Syst\u00e8me POLARIS pour souffleuse : POLARIS est le syst\u00e8me de actualisation r\u00e9alis\u00e9 pour des souffleuses qui sont p\u00e9rim\u00e9e, il est compos\u00e9 par 4 modules des solutions qu\u2019ils offrent nouveaux opportunit\u00e9s pour votre souffleuse, avec des am\u00e9liorations sur la configuration de la machine et sur le proc\u00e8s de production de la bouteille PET.<\/p>\n","protected":false},"excerpt":{"rendered":"<p>Syst\u00e8me POLARIS pour souffleuse : POLARIS est le syst\u00e8me de actualisation r\u00e9alis\u00e9 pour des souffleuses qui sont p\u00e9rim\u00e9e,&#8230;<\/p>\n","protected":false},"author":2,"featured_media":15943,"parent":21874,"menu_order":0,"comment_status":"closed","ping_status":"closed","template":"page-2colonne.php","meta":{"_acf_changed":false,"footnotes":""},"class_list":["post-21890","page","type-page","status-publish","has-post-thumbnail","hentry"],"acf":[],"yoast_head":"<!-- This site is optimized with the Yoast SEO plugin v27.2 - https:\/\/yoast.com\/product\/yoast-seo-wordpress\/ -->\n<title>D\u00e9couvrez le Projet Polaris - BBM Packaging<\/title>\n<meta name=\"description\" content=\"Syst\u00e8me Polaris pour souffleuses: POLARIS est le syst\u00e8me de mise \u00e0 niveau con\u00e7u pour les souffleuses de la g\u00e9n\u00e9ration pr\u00e9c\u00e9dente, constitu\u00e9 de 4 modules.\" \/>\n<meta name=\"robots\" content=\"index, follow, max-snippet:-1, max-image-preview:large, max-video-preview:-1\" \/>\n<link rel=\"canonical\" href=\"https:\/\/www.bbmpackaging.com\/fr\/engineering\/projet-polaris\/\" \/>\n<meta property=\"og:locale\" content=\"fr_FR\" \/>\n<meta property=\"og:type\" content=\"article\" \/>\n<meta property=\"og:title\" content=\"D\u00e9couvrez le Projet Polaris - BBM Packaging\" \/>\n<meta property=\"og:description\" content=\"Syst\u00e8me Polaris pour souffleuses: POLARIS est le syst\u00e8me de mise \u00e0 niveau con\u00e7u pour les souffleuses de la g\u00e9n\u00e9ration pr\u00e9c\u00e9dente, constitu\u00e9 de 4 modules.\" \/>\n<meta property=\"og:url\" content=\"https:\/\/www.bbmpackaging.com\/fr\/engineering\/projet-polaris\/\" \/>\n<meta property=\"og:site_name\" content=\"BBM Packaging\" \/>\n<meta property=\"article:modified_time\" content=\"2024-11-27T08:37:54+00:00\" \/>\n<meta property=\"og:image\" content=\"https:\/\/cdn.bbmpackaging.com\/wp-content\/uploads\/2021\/07\/polaris_bg.jpg\" \/>\n\t<meta property=\"og:image:width\" content=\"1440\" \/>\n\t<meta property=\"og:image:height\" content=\"491\" \/>\n\t<meta property=\"og:image:type\" content=\"image\/jpeg\" \/>\n<meta name=\"twitter:card\" content=\"summary_large_image\" \/>\n<meta name=\"twitter:label1\" content=\"Dur\u00e9e de lecture estim\u00e9e\" \/>\n\t<meta name=\"twitter:data1\" content=\"1 minute\" \/>\n<script type=\"application\/ld+json\" class=\"yoast-schema-graph\">{\"@context\":\"https:\/\/schema.org\",\"@graph\":[{\"@type\":\"WebPage\",\"@id\":\"https:\/\/www.bbmpackaging.com\/fr\/engineering\/projet-polaris\/\",\"url\":\"https:\/\/www.bbmpackaging.com\/fr\/engineering\/projet-polaris\/\",\"name\":\"D\u00e9couvrez le Projet Polaris - BBM Packaging\",\"isPartOf\":{\"@id\":\"https:\/\/www.bbmpackaging.com\/fr\/#website\"},\"primaryImageOfPage\":{\"@id\":\"https:\/\/www.bbmpackaging.com\/fr\/engineering\/projet-polaris\/#primaryimage\"},\"image\":{\"@id\":\"https:\/\/www.bbmpackaging.com\/fr\/engineering\/projet-polaris\/#primaryimage\"},\"thumbnailUrl\":\"https:\/\/cdn.bbmpackaging.com\/wp-content\/uploads\/2021\/07\/polaris_bg.jpg\",\"datePublished\":\"2021-07-16T12:40:32+00:00\",\"dateModified\":\"2024-11-27T08:37:54+00:00\",\"description\":\"Syst\u00e8me Polaris pour souffleuses: POLARIS est le syst\u00e8me de mise \u00e0 niveau con\u00e7u pour les souffleuses de la g\u00e9n\u00e9ration pr\u00e9c\u00e9dente, constitu\u00e9 de 4 modules.\",\"breadcrumb\":{\"@id\":\"https:\/\/www.bbmpackaging.com\/fr\/engineering\/projet-polaris\/#breadcrumb\"},\"inLanguage\":\"fr-FR\",\"potentialAction\":[{\"@type\":\"ReadAction\",\"target\":[\"https:\/\/www.bbmpackaging.com\/fr\/engineering\/projet-polaris\/\"]}]},{\"@type\":\"ImageObject\",\"inLanguage\":\"fr-FR\",\"@id\":\"https:\/\/www.bbmpackaging.com\/fr\/engineering\/projet-polaris\/#primaryimage\",\"url\":\"https:\/\/cdn.bbmpackaging.com\/wp-content\/uploads\/2021\/07\/polaris_bg.jpg\",\"contentUrl\":\"https:\/\/cdn.bbmpackaging.com\/wp-content\/uploads\/2021\/07\/polaris_bg.jpg\",\"width\":1440,\"height\":491},{\"@type\":\"BreadcrumbList\",\"@id\":\"https:\/\/www.bbmpackaging.com\/fr\/engineering\/projet-polaris\/#breadcrumb\",\"itemListElement\":[{\"@type\":\"ListItem\",\"position\":1,\"name\":\"Home\",\"item\":\"https:\/\/www.bbmpackaging.com\/fr\/\"},{\"@type\":\"ListItem\",\"position\":2,\"name\":\"Engineering\",\"item\":\"https:\/\/www.bbmpackaging.com\/fr\/engineering\/\"},{\"@type\":\"ListItem\",\"position\":3,\"name\":\"Projet Polaris\"}]},{\"@type\":\"WebSite\",\"@id\":\"https:\/\/www.bbmpackaging.com\/fr\/#website\",\"url\":\"https:\/\/www.bbmpackaging.com\/fr\/\",\"name\":\"BBM Packaging\",\"description\":\"Imbottigliamento: macchinari manutenzione e much more\",\"potentialAction\":[{\"@type\":\"SearchAction\",\"target\":{\"@type\":\"EntryPoint\",\"urlTemplate\":\"https:\/\/www.bbmpackaging.com\/fr\/?s={search_term_string}\"},\"query-input\":{\"@type\":\"PropertyValueSpecification\",\"valueRequired\":true,\"valueName\":\"search_term_string\"}}],\"inLanguage\":\"fr-FR\"}]}<\/script>\n<!-- \/ Yoast SEO plugin. -->","yoast_head_json":{"title":"D\u00e9couvrez le Projet Polaris - BBM Packaging","description":"Syst\u00e8me Polaris pour souffleuses: POLARIS est le syst\u00e8me de mise \u00e0 niveau con\u00e7u pour les souffleuses de la g\u00e9n\u00e9ration pr\u00e9c\u00e9dente, constitu\u00e9 de 4 modules.","robots":{"index":"index","follow":"follow","max-snippet":"max-snippet:-1","max-image-preview":"max-image-preview:large","max-video-preview":"max-video-preview:-1"},"canonical":"https:\/\/www.bbmpackaging.com\/fr\/engineering\/projet-polaris\/","og_locale":"fr_FR","og_type":"article","og_title":"D\u00e9couvrez le Projet Polaris - BBM Packaging","og_description":"Syst\u00e8me Polaris pour souffleuses: POLARIS est le syst\u00e8me de mise \u00e0 niveau con\u00e7u pour les souffleuses de la g\u00e9n\u00e9ration pr\u00e9c\u00e9dente, constitu\u00e9 de 4 modules.","og_url":"https:\/\/www.bbmpackaging.com\/fr\/engineering\/projet-polaris\/","og_site_name":"BBM Packaging","article_modified_time":"2024-11-27T08:37:54+00:00","og_image":[{"width":1440,"height":491,"url":"https:\/\/cdn.bbmpackaging.com\/wp-content\/uploads\/2021\/07\/polaris_bg.jpg","type":"image\/jpeg"}],"twitter_card":"summary_large_image","twitter_misc":{"Dur\u00e9e de lecture estim\u00e9e":"1 minute"},"schema":{"@context":"https:\/\/schema.org","@graph":[{"@type":"WebPage","@id":"https:\/\/www.bbmpackaging.com\/fr\/engineering\/projet-polaris\/","url":"https:\/\/www.bbmpackaging.com\/fr\/engineering\/projet-polaris\/","name":"D\u00e9couvrez le Projet Polaris - BBM Packaging","isPartOf":{"@id":"https:\/\/www.bbmpackaging.com\/fr\/#website"},"primaryImageOfPage":{"@id":"https:\/\/www.bbmpackaging.com\/fr\/engineering\/projet-polaris\/#primaryimage"},"image":{"@id":"https:\/\/www.bbmpackaging.com\/fr\/engineering\/projet-polaris\/#primaryimage"},"thumbnailUrl":"https:\/\/cdn.bbmpackaging.com\/wp-content\/uploads\/2021\/07\/polaris_bg.jpg","datePublished":"2021-07-16T12:40:32+00:00","dateModified":"2024-11-27T08:37:54+00:00","description":"Syst\u00e8me Polaris pour souffleuses: POLARIS est le syst\u00e8me de mise \u00e0 niveau con\u00e7u pour les souffleuses de la g\u00e9n\u00e9ration pr\u00e9c\u00e9dente, constitu\u00e9 de 4 modules.","breadcrumb":{"@id":"https:\/\/www.bbmpackaging.com\/fr\/engineering\/projet-polaris\/#breadcrumb"},"inLanguage":"fr-FR","potentialAction":[{"@type":"ReadAction","target":["https:\/\/www.bbmpackaging.com\/fr\/engineering\/projet-polaris\/"]}]},{"@type":"ImageObject","inLanguage":"fr-FR","@id":"https:\/\/www.bbmpackaging.com\/fr\/engineering\/projet-polaris\/#primaryimage","url":"https:\/\/cdn.bbmpackaging.com\/wp-content\/uploads\/2021\/07\/polaris_bg.jpg","contentUrl":"https:\/\/cdn.bbmpackaging.com\/wp-content\/uploads\/2021\/07\/polaris_bg.jpg","width":1440,"height":491},{"@type":"BreadcrumbList","@id":"https:\/\/www.bbmpackaging.com\/fr\/engineering\/projet-polaris\/#breadcrumb","itemListElement":[{"@type":"ListItem","position":1,"name":"Home","item":"https:\/\/www.bbmpackaging.com\/fr\/"},{"@type":"ListItem","position":2,"name":"Engineering","item":"https:\/\/www.bbmpackaging.com\/fr\/engineering\/"},{"@type":"ListItem","position":3,"name":"Projet Polaris"}]},{"@type":"WebSite","@id":"https:\/\/www.bbmpackaging.com\/fr\/#website","url":"https:\/\/www.bbmpackaging.com\/fr\/","name":"BBM Packaging","description":"Imbottigliamento: macchinari manutenzione e much more","potentialAction":[{"@type":"SearchAction","target":{"@type":"EntryPoint","urlTemplate":"https:\/\/www.bbmpackaging.com\/fr\/?s={search_term_string}"},"query-input":{"@type":"PropertyValueSpecification","valueRequired":true,"valueName":"search_term_string"}}],"inLanguage":"fr-FR"}]}},"_links":{"self":[{"href":"https:\/\/www.bbmpackaging.com\/fr\/wp-json\/wp\/v2\/pages\/21890","targetHints":{"allow":["GET"]}}],"collection":[{"href":"https:\/\/www.bbmpackaging.com\/fr\/wp-json\/wp\/v2\/pages"}],"about":[{"href":"https:\/\/www.bbmpackaging.com\/fr\/wp-json\/wp\/v2\/types\/page"}],"author":[{"embeddable":true,"href":"https:\/\/www.bbmpackaging.com\/fr\/wp-json\/wp\/v2\/users\/2"}],"replies":[{"embeddable":true,"href":"https:\/\/www.bbmpackaging.com\/fr\/wp-json\/wp\/v2\/comments?post=21890"}],"version-history":[{"count":0,"href":"https:\/\/www.bbmpackaging.com\/fr\/wp-json\/wp\/v2\/pages\/21890\/revisions"}],"up":[{"embeddable":true,"href":"https:\/\/www.bbmpackaging.com\/fr\/wp-json\/wp\/v2\/pages\/21874"}],"wp:featuredmedia":[{"embeddable":true,"href":"https:\/\/www.bbmpackaging.com\/fr\/wp-json\/wp\/v2\/media\/15943"}],"wp:attachment":[{"href":"https:\/\/www.bbmpackaging.com\/fr\/wp-json\/wp\/v2\/media?parent=21890"}],"curies":[{"name":"wp","href":"https:\/\/api.w.org\/{rel}","templated":true}]}}