{"id":21908,"date":"2021-02-23T13:12:17","date_gmt":"2021-02-23T12:12:17","guid":{"rendered":"https:\/\/www.bbmpackaging.com\/contatti\/"},"modified":"2025-11-26T08:56:04","modified_gmt":"2025-11-26T07:56:04","slug":"contatti","status":"publish","type":"page","link":"https:\/\/www.bbmpackaging.com\/fr\/contacts\/","title":{"rendered":"Contacts"},"content":{"rendered":"<p class=\"big\" style=\"font-size: 21px;\">Contactez-nous. BBM PACKAGING est sp\u00e9cialis\u00e9e dans la fourniture de machines d\u2019embouteillage et de conditionnement ; notre point fort r\u00e9side dans nos machines d\u2019occasion, r\u00e9vis\u00e9es et garanties. Des machines et lignes d\u2019embouteillage de qualit\u00e9 au juste prix.<\/p>\n<p>BBM PACKAGING est situ\u00e9e \u00e0 <strong>San Pellegrino Terme<\/strong>, au c\u0153ur de la Val Brembana, dans la province de Bergame.<br \/>\nEn particulier, nous nous trouvons \u00e0 25 km de la sortie de Bergame et \u00e0 20 km de la sortie de Dalmine de l\u2019autoroute A4 Milan\u2013Venise.<br \/>\nNous disposons \u00e9galement d\u2019un si\u00e8ge op\u00e9rationnel et d\u2019un showroom \u00e0 <strong>Lenna<\/strong>, \u00e0 quelques kilom\u00e8tres de San Pellegrino Terme, o\u00f9 sont pr\u00e9sent\u00e9es nos machines et nos projets de revamping, ainsi qu\u2019une filiale en Espagne, situ\u00e9e pr\u00e8s de <strong>Palencia<\/strong>, afin de garantir un service encore plus \u00e9tendu \u00e0 nos clients internationaux. Contactez-nous d\u00e8s aujourd\u2019hui.<\/p>\n<p>&nbsp;<\/p>\n<div class=\"uk-grid-match uk-grid\">\n<div class=\"uk-width-1-2@m\">\n<div style=\"line-height: 0; margin-bottom: 5px;\">\n<p><img decoding=\"async\" width=\"685\" height=\"167\" class=\"wp-image-72494 size-full\" style=\"margin: 0 !important; padding: 0 !important; display: block; max-width: 70%; height: auto;\" src=\"https:\/\/www.bbmpackaging.com\/wp-content\/uploads\/2025\/10\/BBM-SERVICE-SRL-contatti-1.jpg\" alt=\"Logo BBM Service S.R.L.\" srcset=\"https:\/\/www.bbmpackaging.com\/wp-content\/uploads\/2025\/10\/BBM-SERVICE-SRL-contatti-1.jpg 685w, https:\/\/www.bbmpackaging.com\/wp-content\/uploads\/2025\/10\/BBM-SERVICE-SRL-contatti-1-300x73.jpg 300w, https:\/\/www.bbmpackaging.com\/wp-content\/uploads\/2025\/10\/BBM-SERVICE-SRL-contatti-1-420x102.jpg 420w, https:\/\/www.bbmpackaging.com\/wp-content\/uploads\/2025\/10\/BBM-SERVICE-SRL-contatti-1-560x137.jpg 560w\" sizes=\"(max-width: 685px) 100vw, 685px\" \/><\/p>\n<h3 style=\"margin: 0 !important; padding: 0 !important; font-size: 1.5em; line-height: 1.2;\">BBM Service s.r.l.<\/h3>\n<\/div>\n<address style=\"margin-bottom: 3px;\">Via Pregalleno, 24<br \/>\n24016 San Pellegrino Terme (BG)<br \/>\nItalie<\/address>\n<p style=\"margin-top: 3px; margin-bottom: 3px;\"><strong>T\u00e9l :<\/strong> +39 0345 23642<\/p>\n<p style=\"margin-top: 3px; margin-bottom: 15px;\"><strong>E-mail :<\/strong> <a title=\"\u00c9crire \u00e0 BBM Service S.R.L.\" href=\"mailto:info@bbmpackaging.com\">info@bbmpackaging.com<\/a><\/p>\n<p><a class=\"button\" style=\"color: #ffffff;\" href=\"https:\/\/www.bbmpackaging.com\/fr\/venez-nous-rendre-visite\/\">Venez nous rendre visite<\/a><\/p>\n<div class=\"uk-width-1-1\" style=\"margin-top: 20px;\"><iframe loading=\"lazy\" class=\"map\" style=\"border: 0;\" title=\"Carte Si\u00e8ge BBM San Pellegrino Terme\" src=\"https:\/\/www.google.com\/maps\/embed?pb=!1m14!1m8!1m3!1d88967.14993534768!2d9.6125697!3d45.8268088!3m2!1i1024!2i768!4f13.1!3m3!1m2!1s0x0%3A0x732a7c28f96252d2!2sB.B.M.+Service+Srl!5e0!3m2!1sit!2sit!4v1557821031138!5m2!1sit!2sit\" width=\"100%\" height=\"350\" frameborder=\"0\" allowfullscreen=\"allowfullscreen\"><\/iframe><\/div>\n<\/div>\n<div class=\"uk-width-1-2@m\">\n<div style=\"line-height: 0; margin-bottom: 5px;\">\n<p><img decoding=\"async\" width=\"685\" height=\"167\" class=\"wp-image-72490 size-full\" style=\"margin: 0 !important; padding: 0 !important; display: block; max-width: 70%; height: auto;\" src=\"https:\/\/www.bbmpackaging.com\/wp-content\/uploads\/2025\/10\/GSI-SERVICE-IBERICA-contatti-1.jpg\" alt=\"Logo GSI Service Ib\u00e9rica S.L.\" srcset=\"https:\/\/www.bbmpackaging.com\/wp-content\/uploads\/2025\/10\/GSI-SERVICE-IBERICA-contatti-1.jpg 685w, https:\/\/www.bbmpackaging.com\/wp-content\/uploads\/2025\/10\/GSI-SERVICE-IBERICA-contatti-1-300x73.jpg 300w, https:\/\/www.bbmpackaging.com\/wp-content\/uploads\/2025\/10\/GSI-SERVICE-IBERICA-contatti-1-420x102.jpg 420w, https:\/\/www.bbmpackaging.com\/wp-content\/uploads\/2025\/10\/GSI-SERVICE-IBERICA-contatti-1-560x137.jpg 560w\" sizes=\"(max-width: 685px) 100vw, 685px\" \/><\/p>\n<h3 style=\"margin: 0 !important; padding: 0 !important; font-size: 1.5em; line-height: 1.2;\">GSI Service Ib\u00e9rica S.L.<\/h3>\n<\/div>\n<address style=\"margin-bottom: 3px;\">Carretera Burgos, 12<br \/>\nVenta de Ba\u00f1os<br \/>\nEspagne<\/address>\n<p style=\"margin-top: 3px; margin-bottom: 3px;\"><strong>T\u00e9l :<\/strong> (+34) 689 67 67 80&nbsp;<\/p>\n<p style=\"margin-top: 3px; margin-bottom: 15px;\"><strong>E-mail :<\/strong> <a href=\"mailto:jonatan.gallego@bbmpackaging.com\">jonatan.gallego@bbmpackaging.com<\/a><\/p>\n<p><a class=\"button\" style=\"color: #ffffff;\" href=\"https:\/\/www.bbmpackaging.com\/fr\/venez-nous-rendre-visite\/\">Venez nous rendre visite<\/a><\/p>\n<div class=\"uk-width-1-1\" style=\"margin-top: 20px;\"><iframe loading=\"lazy\" class=\"map\" style=\"border: 0;\" title=\"Carte Si\u00e8ge BBM Dalmine\" src=\"https:\/\/www.google.com\/maps\/embed?pb=!1m18!1m12!1m3!1d2968.4543796007797!2d-4.492823223514221!3d41.92608666240771!2m3!1f0!2f0!3f0!3m2!1i1024!2i768!4f13.1!3m3!1m2!1s0xd47aea4ab2ed9ef%3A0xfff4cc9338242f12!2sCtra.%20Burgos%2C%2012%2C%2034200%20Venta%20de%20Ba%C3%B1os%2C%20Palencia%2C%20Spagna!5e0!3m2!1sit!2sit!4v1761722761761!5m2!1sit!2sit\" width=\"100%\" height=\"350\" allowfullscreen=\"allowfullscreen\"><\/iframe><\/div>\n<\/div>\n<\/div>\n<div class=\"uk-width-1-1\" style=\"margin-top: 30px;\"><div class=\"frm_forms  with_frm_style frm_style_bbm-style\" id=\"frm_form_4_container\" data-token=\"81493f7d6b1c2a6a8df58c2b4ec3a599\">\n<form enctype=\"multipart\/form-data\" method=\"post\" class=\"frm-show-form  frm_js_validate  frm_ajax_submit  frm_pro_form \" id=\"form_contattaci-page\" data-token=\"81493f7d6b1c2a6a8df58c2b4ec3a599\">\n<div class=\"frm_form_fields \">\n<fieldset>\n<legend class=\"frm_screen_reader\">Contactez-nous<\/legend>\r\n<h3 class=\"frm_form_title\">Contactez-nous<\/h3>\r\n<div class=\"frm_description\"><p>Contactez-nous pour toute information.<\/p>\n<\/div><div class=\"frm_fields_container\">\n<input type=\"hidden\" name=\"frm_action\" value=\"create\" \/>\n<input type=\"hidden\" name=\"form_id\" value=\"4\" \/>\n<input type=\"hidden\" name=\"frm_hide_fields_4\" id=\"frm_hide_fields_4\" value=\"\" \/>\n<input type=\"hidden\" name=\"form_key\" value=\"contattaci-page\" \/>\n<input type=\"hidden\" name=\"item_meta[0]\" value=\"\" \/>\n<input type=\"hidden\" id=\"frm_submit_entry_4\" name=\"frm_submit_entry_4\" value=\"2c3672279a\" \/><input type=\"hidden\" name=\"_wp_http_referer\" value=\"\/fr\/wp-json\/wp\/v2\/pages\/21908\" \/><div id=\"frm_field_34_container\" class=\"frm_form_field form-field  frm_required_field frm_top_container frm6 frm_first\">\r\n\t<label for=\"field_xyjwv3\" id=\"field_xyjwv3_label\" class=\"frm_primary_label\">Pr\u00e9nom\r\n\t\t<span class=\"frm_required\" aria-hidden=\"true\">*<\/span>\r\n\t<\/label>\r\n\t<input  type=\"text\" id=\"field_xyjwv3\" name=\"item_meta[34]\" value=\"\"  data-reqmsg=\"Le champ Pr\u00e9nom est obligatoire.\" aria-required=\"true\" data-invmsg=\"Le champ Pr\u00e9nom doit contenir un num\u00e9ro existant.\" aria-invalid=\"false\"   \/>\r\n\t\r\n\t\r\n<\/div>\n<div id=\"frm_field_35_container\" class=\"frm_form_field form-field  frm_required_field frm_top_container frm6\">\r\n\t<label for=\"field_e3vr83\" id=\"field_e3vr83_label\" class=\"frm_primary_label\">Nom\r\n\t\t<span class=\"frm_required\" aria-hidden=\"true\">*<\/span>\r\n\t<\/label>\r\n\t<input  type=\"text\" id=\"field_e3vr83\" name=\"item_meta[35]\" value=\"\"  data-reqmsg=\"Le champ Nom est obligatoire.\" aria-required=\"true\" data-invmsg=\"Le champ Nom doit contenir un num\u00e9ro existant.\" aria-invalid=\"false\"   \/>\r\n\t\r\n\t\r\n<\/div>\n<div id=\"frm_field_36_container\" class=\"frm_form_field form-field  frm_required_field frm_top_container frm6 frm_first\">\r\n\t<label for=\"field_81bzx3\" id=\"field_81bzx3_label\" class=\"frm_primary_label\">Raison sociale\r\n\t\t<span class=\"frm_required\" aria-hidden=\"true\">*<\/span>\r\n\t<\/label>\r\n\t<input  type=\"text\" id=\"field_81bzx3\" name=\"item_meta[36]\" value=\"\"  data-reqmsg=\"Raison sociale est un champ obligatoire.\" aria-required=\"true\" data-invmsg=\"Raison sociale n&#039;est pas valide.\" aria-invalid=\"false\"   \/>\r\n\t\r\n\t\r\n<\/div>\n<div id=\"frm_field_91_container\" class=\"frm_form_field form-field  frm_required_field frm_top_container frm6\">\r\n\t<label for=\"field_vhei4\" id=\"field_vhei4_label\" class=\"frm_primary_label\">Pays\r\n\t\t<span class=\"frm_required\" aria-hidden=\"true\">*<\/span>\r\n\t<\/label>\r\n\t<input  type=\"text\" id=\"field_vhei4\" name=\"item_meta[91]\" value=\"\"  data-reqmsg=\"Pays est un champ obligatoire.\" aria-required=\"true\" data-invmsg=\"Pays n&#039;est pas valide.\" aria-invalid=\"false\"   \/>\r\n\t\r\n\t\r\n<\/div>\n<div id=\"frm_field_37_container\" class=\"frm_form_field form-field  frm_required_field frm_top_container frm6 frm_first\">\r\n\t<label for=\"field_9njku3\" id=\"field_9njku3_label\" class=\"frm_primary_label\">E-mail\r\n\t\t<span class=\"frm_required\" aria-hidden=\"true\">*<\/span>\r\n\t<\/label>\r\n\t<input type=\"email\" id=\"field_9njku3\" name=\"item_meta[37]\" value=\"\"  autocomplete=\"email\"  data-reqmsg=\"E-mail est un champ obligatoire.\" aria-required=\"true\" data-invmsg=\"E-mail doit contenir un e-mail existant.\" aria-invalid=\"false\"  \/>\r\n\t\r\n\t\r\n<\/div>\n<div id=\"frm_field_38_container\" class=\"frm_form_field form-field  frm_required_field frm_top_container frm6\">\r\n\t<label for=\"field_4zf913\" id=\"field_4zf913_label\" class=\"frm_primary_label\">T\u00e9l\u00e9phone\r\n\t\t<span class=\"frm_required\" aria-hidden=\"true\">*<\/span>\r\n\t<\/label>\r\n\t<input  type=\"text\" id=\"field_4zf913\" name=\"item_meta[38]\" value=\"\"  data-reqmsg=\"T\u00e9l\u00e9phone est un champ obligatoire.\" aria-required=\"true\" data-invmsg=\"Le champ T\u00e9l\u00e9phone doit contenir un num\u00e9ro existant.\" aria-invalid=\"false\"   \/>\r\n\t\r\n\t\r\n<\/div>\n<div id=\"frm_field_61_container\" class=\"frm_form_field form-field  frm_required_field frm_top_container frm12 frm_first\">\r\n\t<label for=\"field_1mkdk\" id=\"field_1mkdk_label\" class=\"frm_primary_label\">Type\r\n\t\t<span class=\"frm_required\" aria-hidden=\"true\">*<\/span>\r\n\t<\/label>\r\n\t\t\t<select name=\"item_meta[61]\" id=\"field_1mkdk\"  data-frmval=\"Utente finale\" data-reqmsg=\"Type est un champ obligatoire.\" aria-required=\"true\" data-invmsg=\"Type est non valide\" aria-invalid=\"false\"  >\n\t\t<option  value=\"Utente finale\" selected='selected'>Utilisateur final<\/option><option  value=\"Intermediario\">Interm\u00e9diaire<\/option>\t<\/select>\n\t\r\n\t\r\n\t\r\n<\/div>\n<div id=\"frm_field_39_container\" class=\"frm_form_field form-field  frm_required_field frm_top_container\">\r\n\t<label for=\"field_gr0hu3\" id=\"field_gr0hu3_label\" class=\"frm_primary_label\">Message\r\n\t\t<span class=\"frm_required\" aria-hidden=\"true\">*<\/span>\r\n\t<\/label>\r\n\t<textarea name=\"item_meta[39]\" id=\"field_gr0hu3\" rows=\"5\"  data-reqmsg=\"Message est un champ obligatoire.\" aria-required=\"true\" data-invmsg=\"Message n&#039;est pas valide.\" aria-invalid=\"false\"  ><\/textarea>\r\n\t\r\n\t\r\n<\/div>\n<div id=\"frm_field_40_container\" class=\"frm_form_field form-field  frm_required_field frm_none_container vertical_radio\">\r\n\t<div  id=\"field_cs2h43_label\" class=\"frm_primary_label\">Politique de Confidentialit\u00e9\r\n\t\t<span class=\"frm_required\" aria-hidden=\"true\">*<\/span>\r\n\t<\/div>\r\n\t<div class=\"frm_opt_container\" aria-labelledby=\"field_cs2h43_label\" role=\"group\">\t\t<div class=\"frm_checkbox\" id=\"frm_checkbox_40-0\">\t\t\t<label  for=\"field_cs2h43-0\">\n\t\t\t<input type=\"checkbox\" name=\"item_meta[40][]\" id=\"field_cs2h43-0\" value=\"Avendo letto l&#039;&lt;a href=&quot;https:\/\/www.iubenda.com\/privacy-policy\/51487652\/full-legal&quot; target=&quot;_blank&quot;&gt;Informativa privacy&lt;\/a&gt;, acconsento BBM Service S.r.l. all&#039;uso dei miei dati personali.\"  data-reqmsg=\"Il faut accepter le Politique de Confidentialit\u00e9\" data-invmsg=\"Politique de Confidentialit\u00e9 est non valide\"   aria-required=\"true\"  \/> Ayant lu la <a href=\"https:\/\/www.iubenda.com\/privacy-policy\/13243361\/full-legal\" target=\"_blank\">politique<\/a> de confidentialit\u00e9, je consens \u00e0 ce que BBM Service S.r.l. utilise mes donn\u00e9es personnelles. <\/label><\/div>\n<\/div>\r\n\t\r\n\t\r\n<\/div>\n<div id=\"frm_field_41_container\" class=\"frm_form_field form-field  frm_none_container vertical_radio\">\r\n\t<div  id=\"field_l1s5e3_label\" class=\"frm_primary_label\">Commercialisation\r\n\t\t<span class=\"frm_required\" aria-hidden=\"true\"><\/span>\r\n\t<\/div>\r\n\t<div class=\"frm_opt_container\" aria-labelledby=\"field_l1s5e3_label\" role=\"group\">\t\t<div class=\"frm_checkbox\" id=\"frm_checkbox_41-0\">\t\t\t<label  for=\"field_l1s5e3-0\">\n\t\t\t<input type=\"checkbox\" name=\"item_meta[41][]\" id=\"field_l1s5e3-0\" value=\"Iscrivimi alla Newsletter\"  data-invmsg=\"Commercialisation est non valide\"   \/> Inscrivez-moi \u00e0 la newsletter<\/label><\/div>\n<\/div>\r\n\t\r\n\t\r\n<\/div>\n<input type=\"hidden\" name=\"item_meta[42]\" id=\"field_qq4nx3\" value=\"fr\"  data-frmval=\"fr\"   \/>\n<input type=\"hidden\" name=\"item_meta[43]\" id=\"field_oyobi3\" value=\"https:\/\/www.bbmpackaging.com\/fr\/wp-json\/wp\/v2\/pages\/21908\"  data-frmval=\"https:\/\/www.bbmpackaging.com\/fr\/wp-json\/wp\/v2\/pages\/21908\"   \/>\n<div id=\"frm_field_44_container\" class=\"frm_form_field form-field  frm_none_container\">\r\n\t<label for=\"cf-turnstile-response\" id=\"field_n4te93_label\" class=\"frm_primary_label\">Captcha\r\n\t\t<span class=\"frm_required\" aria-hidden=\"true\"><\/span>\r\n\t<\/label>\r\n\t<div  id=\"field_n4te93\" class=\"frm-cf-turnstile\" data-sitekey=\"0x4AAAAAABATEuT_f_y2-QjY\" data-language=\"fr-FR\" data-size=\"normal\" data-theme=\"light\"><\/div>\r\n\t\r\n\t\r\n<\/div>\n<div id=\"frm_field_45_container\" class=\"frm_form_field form-field \">\r\n\t<div class=\"frm_submit frm_flex\">\r\n<button class=\"frm_button_submit frm_final_submit\" type=\"submit\"   formnovalidate=\"formnovalidate\">Envoyer<\/button>\r\n\r\n\r\n\r\n<\/div>\r\n<\/div>\n\t<input type=\"hidden\" name=\"item_key\" value=\"\" \/>\n\t\t\t<div id=\"frm_field_214_container\">\n\t\t\t<label for=\"field_1wkl0\" >\n\t\t\t\tSi vous \u00eates un humain, ne remplissez pas ce champ.\t\t\t<\/label>\n\t\t\t<input  id=\"field_1wkl0\" type=\"text\" class=\"frm_form_field form-field frm_verify\" name=\"item_meta[214]\" value=\"\"  \/>\n\t\t<\/div>\n\t\t<input name=\"frm_state\" type=\"hidden\" value=\"VzPH+\/u8C\/sDiwGhCGBke2ATvT28CHqAD\/\/NQAVhYWxIEMx4tiqlXEEdV\/kOaj3H\" \/><\/div>\n<\/fieldset>\n<\/div>\n\n<p style=\"display: none !important;\" class=\"akismet-fields-container\" data-prefix=\"ak_\"><label>&#916;<textarea name=\"ak_hp_textarea\" cols=\"45\" rows=\"8\" maxlength=\"100\"><\/textarea><\/label><input type=\"hidden\" id=\"ak_js_1\" name=\"ak_js\" value=\"155\"\/><script>document.getElementById( \"ak_js_1\" ).setAttribute( \"value\", ( new Date() ).getTime() );<\/script><\/p><\/form>\n<\/div>\n<\/div>\n","protected":false},"excerpt":{"rendered":"<p>Contactez-nous. BBM PACKAGING est sp\u00e9cialis\u00e9e dans la fourniture de machines d\u2019embouteillage et de conditionnement ; notre point fort&#8230;<\/p>\n","protected":false},"author":2,"featured_media":395,"parent":0,"menu_order":0,"comment_status":"closed","ping_status":"closed","template":"page-contatti.php","meta":{"_acf_changed":false,"footnotes":""},"class_list":["post-21908","page","type-page","status-publish","has-post-thumbnail","hentry"],"acf":[],"yoast_head":"<!-- This site is optimized with the Yoast SEO plugin v27.2 - https:\/\/yoast.com\/product\/yoast-seo-wordpress\/ -->\n<title>Contactez BBM Packaging and Service<\/title>\n<meta name=\"description\" content=\"Contactez BBM Packaging pour des consultations sur des solutions d\u2019embouteillage personnalis\u00e9es et d\u2019automatisation, adapt\u00e9es \u00e0 chaque besoin industriel.\" \/>\n<meta name=\"robots\" content=\"index, follow, max-snippet:-1, max-image-preview:large, max-video-preview:-1\" \/>\n<link rel=\"canonical\" href=\"https:\/\/www.bbmpackaging.com\/fr\/contacts\/\" \/>\n<meta property=\"og:locale\" content=\"fr_FR\" \/>\n<meta property=\"og:type\" content=\"article\" \/>\n<meta property=\"og:title\" content=\"Contactez BBM Packaging and Service\" \/>\n<meta property=\"og:description\" content=\"Contactez BBM Packaging pour des consultations sur des solutions d\u2019embouteillage personnalis\u00e9es et d\u2019automatisation, adapt\u00e9es \u00e0 chaque besoin industriel.\" \/>\n<meta property=\"og:url\" content=\"https:\/\/www.bbmpackaging.com\/fr\/contacts\/\" \/>\n<meta property=\"og:site_name\" content=\"BBM Packaging\" \/>\n<meta property=\"article:modified_time\" content=\"2025-11-26T07:56:04+00:00\" \/>\n<meta property=\"og:image\" content=\"https:\/\/www.bbmpackaging.com\/wp-content\/uploads\/2021\/02\/contatti.jpg\" \/>\n\t<meta property=\"og:image:width\" content=\"1440\" \/>\n\t<meta property=\"og:image:height\" content=\"491\" \/>\n\t<meta property=\"og:image:type\" content=\"image\/jpeg\" \/>\n<meta name=\"twitter:card\" content=\"summary_large_image\" \/>\n<meta name=\"twitter:label1\" content=\"Dur\u00e9e de lecture estim\u00e9e\" \/>\n\t<meta name=\"twitter:data1\" content=\"1 minute\" \/>\n<script type=\"application\/ld+json\" class=\"yoast-schema-graph\">{\"@context\":\"https:\/\/schema.org\",\"@graph\":[{\"@type\":\"WebPage\",\"@id\":\"https:\/\/www.bbmpackaging.com\/fr\/contacts\/\",\"url\":\"https:\/\/www.bbmpackaging.com\/fr\/contacts\/\",\"name\":\"Contactez BBM Packaging and Service\",\"isPartOf\":{\"@id\":\"https:\/\/www.bbmpackaging.com\/fr\/#website\"},\"primaryImageOfPage\":{\"@id\":\"https:\/\/www.bbmpackaging.com\/fr\/contacts\/#primaryimage\"},\"image\":{\"@id\":\"https:\/\/www.bbmpackaging.com\/fr\/contacts\/#primaryimage\"},\"thumbnailUrl\":\"https:\/\/cdn.bbmpackaging.com\/wp-content\/uploads\/2021\/02\/contatti.jpg\",\"datePublished\":\"2021-02-23T12:12:17+00:00\",\"dateModified\":\"2025-11-26T07:56:04+00:00\",\"description\":\"Contactez BBM Packaging pour des consultations sur des solutions d\u2019embouteillage personnalis\u00e9es et d\u2019automatisation, adapt\u00e9es \u00e0 chaque besoin industriel.\",\"breadcrumb\":{\"@id\":\"https:\/\/www.bbmpackaging.com\/fr\/contacts\/#breadcrumb\"},\"inLanguage\":\"fr-FR\",\"potentialAction\":[{\"@type\":\"ReadAction\",\"target\":[\"https:\/\/www.bbmpackaging.com\/fr\/contacts\/\"]}]},{\"@type\":\"ImageObject\",\"inLanguage\":\"fr-FR\",\"@id\":\"https:\/\/www.bbmpackaging.com\/fr\/contacts\/#primaryimage\",\"url\":\"https:\/\/cdn.bbmpackaging.com\/wp-content\/uploads\/2021\/02\/contatti.jpg\",\"contentUrl\":\"https:\/\/cdn.bbmpackaging.com\/wp-content\/uploads\/2021\/02\/contatti.jpg\",\"width\":1440,\"height\":491},{\"@type\":\"BreadcrumbList\",\"@id\":\"https:\/\/www.bbmpackaging.com\/fr\/contacts\/#breadcrumb\",\"itemListElement\":[{\"@type\":\"ListItem\",\"position\":1,\"name\":\"Home\",\"item\":\"https:\/\/www.bbmpackaging.com\/fr\/\"},{\"@type\":\"ListItem\",\"position\":2,\"name\":\"Contacts\"}]},{\"@type\":\"WebSite\",\"@id\":\"https:\/\/www.bbmpackaging.com\/fr\/#website\",\"url\":\"https:\/\/www.bbmpackaging.com\/fr\/\",\"name\":\"BBM Packaging\",\"description\":\"Imbottigliamento: macchinari manutenzione e much more\",\"potentialAction\":[{\"@type\":\"SearchAction\",\"target\":{\"@type\":\"EntryPoint\",\"urlTemplate\":\"https:\/\/www.bbmpackaging.com\/fr\/?s={search_term_string}\"},\"query-input\":{\"@type\":\"PropertyValueSpecification\",\"valueRequired\":true,\"valueName\":\"search_term_string\"}}],\"inLanguage\":\"fr-FR\"}]}<\/script>\n<!-- \/ Yoast SEO plugin. -->","yoast_head_json":{"title":"Contactez BBM Packaging and Service","description":"Contactez BBM Packaging pour des consultations sur des solutions d\u2019embouteillage personnalis\u00e9es et d\u2019automatisation, adapt\u00e9es \u00e0 chaque besoin industriel.","robots":{"index":"index","follow":"follow","max-snippet":"max-snippet:-1","max-image-preview":"max-image-preview:large","max-video-preview":"max-video-preview:-1"},"canonical":"https:\/\/www.bbmpackaging.com\/fr\/contacts\/","og_locale":"fr_FR","og_type":"article","og_title":"Contactez BBM Packaging and Service","og_description":"Contactez BBM Packaging pour des consultations sur des solutions d\u2019embouteillage personnalis\u00e9es et d\u2019automatisation, adapt\u00e9es \u00e0 chaque besoin industriel.","og_url":"https:\/\/www.bbmpackaging.com\/fr\/contacts\/","og_site_name":"BBM Packaging","article_modified_time":"2025-11-26T07:56:04+00:00","og_image":[{"width":1440,"height":491,"url":"https:\/\/www.bbmpackaging.com\/wp-content\/uploads\/2021\/02\/contatti.jpg","type":"image\/jpeg"}],"twitter_card":"summary_large_image","twitter_misc":{"Dur\u00e9e de lecture estim\u00e9e":"1 minute"},"schema":{"@context":"https:\/\/schema.org","@graph":[{"@type":"WebPage","@id":"https:\/\/www.bbmpackaging.com\/fr\/contacts\/","url":"https:\/\/www.bbmpackaging.com\/fr\/contacts\/","name":"Contactez BBM Packaging and Service","isPartOf":{"@id":"https:\/\/www.bbmpackaging.com\/fr\/#website"},"primaryImageOfPage":{"@id":"https:\/\/www.bbmpackaging.com\/fr\/contacts\/#primaryimage"},"image":{"@id":"https:\/\/www.bbmpackaging.com\/fr\/contacts\/#primaryimage"},"thumbnailUrl":"https:\/\/cdn.bbmpackaging.com\/wp-content\/uploads\/2021\/02\/contatti.jpg","datePublished":"2021-02-23T12:12:17+00:00","dateModified":"2025-11-26T07:56:04+00:00","description":"Contactez BBM Packaging pour des consultations sur des solutions d\u2019embouteillage personnalis\u00e9es et d\u2019automatisation, adapt\u00e9es \u00e0 chaque besoin industriel.","breadcrumb":{"@id":"https:\/\/www.bbmpackaging.com\/fr\/contacts\/#breadcrumb"},"inLanguage":"fr-FR","potentialAction":[{"@type":"ReadAction","target":["https:\/\/www.bbmpackaging.com\/fr\/contacts\/"]}]},{"@type":"ImageObject","inLanguage":"fr-FR","@id":"https:\/\/www.bbmpackaging.com\/fr\/contacts\/#primaryimage","url":"https:\/\/cdn.bbmpackaging.com\/wp-content\/uploads\/2021\/02\/contatti.jpg","contentUrl":"https:\/\/cdn.bbmpackaging.com\/wp-content\/uploads\/2021\/02\/contatti.jpg","width":1440,"height":491},{"@type":"BreadcrumbList","@id":"https:\/\/www.bbmpackaging.com\/fr\/contacts\/#breadcrumb","itemListElement":[{"@type":"ListItem","position":1,"name":"Home","item":"https:\/\/www.bbmpackaging.com\/fr\/"},{"@type":"ListItem","position":2,"name":"Contacts"}]},{"@type":"WebSite","@id":"https:\/\/www.bbmpackaging.com\/fr\/#website","url":"https:\/\/www.bbmpackaging.com\/fr\/","name":"BBM Packaging","description":"Imbottigliamento: macchinari manutenzione e much more","potentialAction":[{"@type":"SearchAction","target":{"@type":"EntryPoint","urlTemplate":"https:\/\/www.bbmpackaging.com\/fr\/?s={search_term_string}"},"query-input":{"@type":"PropertyValueSpecification","valueRequired":true,"valueName":"search_term_string"}}],"inLanguage":"fr-FR"}]}},"_links":{"self":[{"href":"https:\/\/www.bbmpackaging.com\/fr\/wp-json\/wp\/v2\/pages\/21908","targetHints":{"allow":["GET"]}}],"collection":[{"href":"https:\/\/www.bbmpackaging.com\/fr\/wp-json\/wp\/v2\/pages"}],"about":[{"href":"https:\/\/www.bbmpackaging.com\/fr\/wp-json\/wp\/v2\/types\/page"}],"author":[{"embeddable":true,"href":"https:\/\/www.bbmpackaging.com\/fr\/wp-json\/wp\/v2\/users\/2"}],"replies":[{"embeddable":true,"href":"https:\/\/www.bbmpackaging.com\/fr\/wp-json\/wp\/v2\/comments?post=21908"}],"version-history":[{"count":4,"href":"https:\/\/www.bbmpackaging.com\/fr\/wp-json\/wp\/v2\/pages\/21908\/revisions"}],"predecessor-version":[{"id":73107,"href":"https:\/\/www.bbmpackaging.com\/fr\/wp-json\/wp\/v2\/pages\/21908\/revisions\/73107"}],"wp:featuredmedia":[{"embeddable":true,"href":"https:\/\/www.bbmpackaging.com\/fr\/wp-json\/wp\/v2\/media\/395"}],"wp:attachment":[{"href":"https:\/\/www.bbmpackaging.com\/fr\/wp-json\/wp\/v2\/media?parent=21908"}],"curies":[{"name":"wp","href":"https:\/\/api.w.org\/{rel}","templated":true}]}}