{"id":24231,"date":"2021-11-23T09:34:50","date_gmt":"2021-11-23T08:34:50","guid":{"rendered":"https:\/\/www.bbmpackaging.com\/attrezzature-accessorie\/"},"modified":"2024-12-24T08:54:17","modified_gmt":"2024-12-24T07:54:17","slug":"attrezzature-accessorie","status":"publish","type":"page","link":"https:\/\/www.bbmpackaging.com\/fr\/machines\/equipements-accessoires-occasion\/","title":{"rendered":"\u00c9quipements Auxiliaires"},"content":{"rendered":"<p>Les \u00e9quipements permettant de compl\u00e9ter l&rsquo;approvisionnement des lignes et vous permettent de personnaliser vos produits et de disposer d&rsquo;une ligne compl\u00e8te et efficace qui r\u00e9pond \u00e0 toutes les exigences du march\u00e9. Il s&rsquo;agit d&rsquo;\u00e9quipements de taille moyenne\/petite qui sont int\u00e9gr\u00e9s aux machines r\u00e9elles d&rsquo;une ligne d&#8217;embouteillage ou de conditionnement automatis\u00e9, permettant d&rsquo;atteindre des normes de production \u00e9lev\u00e9es.<\/p>\n","protected":false},"excerpt":{"rendered":"<p>Les \u00e9quipements permettant de compl\u00e9ter l&rsquo;approvisionnement des lignes et vous permettent de personnaliser vos produits et de disposer&#8230;<\/p>\n","protected":false},"author":2,"featured_media":24228,"parent":0,"menu_order":0,"comment_status":"closed","ping_status":"closed","template":"page-attrezzature.php","meta":{"_acf_changed":false,"footnotes":""},"class_list":["post-24231","page","type-page","status-publish","has-post-thumbnail","hentry"],"acf":[],"yoast_head":"<!-- This site is optimized with the Yoast SEO plugin v27.2 - https:\/\/yoast.com\/product\/yoast-seo-wordpress\/ -->\n<title>\u00c9quipements accessoires - BBM Packaging<\/title>\n<meta name=\"description\" content=\"D\u00e9couvrez les \u00e9quipements pour compl\u00e9ter les lignes de fourniture. Ils permettent de personnaliser vos produits et d&#039;avoir une ligne compl\u00e8te et efficace.\" \/>\n<meta name=\"robots\" content=\"index, follow, max-snippet:-1, max-image-preview:large, max-video-preview:-1\" \/>\n<link rel=\"canonical\" href=\"https:\/\/www.bbmpackaging.com\/fr\/machines\/equipements-accessoires-occasion\/\" \/>\n<meta property=\"og:locale\" content=\"fr_FR\" \/>\n<meta property=\"og:type\" content=\"article\" \/>\n<meta property=\"og:title\" content=\"\u00c9quipements accessoires - BBM Packaging\" \/>\n<meta property=\"og:description\" content=\"D\u00e9couvrez les \u00e9quipements pour compl\u00e9ter les lignes de fourniture. Ils permettent de personnaliser vos produits et d&#039;avoir une ligne compl\u00e8te et efficace.\" \/>\n<meta property=\"og:url\" content=\"https:\/\/www.bbmpackaging.com\/fr\/machines\/equipements-accessoires-occasion\/\" \/>\n<meta property=\"og:site_name\" content=\"BBM Packaging\" \/>\n<meta property=\"article:modified_time\" content=\"2024-12-24T07:54:17+00:00\" \/>\n<meta property=\"og:image\" content=\"https:\/\/cdn.bbmpackaging.com\/wp-content\/uploads\/2021\/11\/attrezzature_accessorie-1.jpg\" \/>\n\t<meta property=\"og:image:width\" content=\"1440\" \/>\n\t<meta property=\"og:image:height\" content=\"491\" \/>\n\t<meta property=\"og:image:type\" content=\"image\/jpeg\" \/>\n<meta name=\"twitter:card\" content=\"summary_large_image\" \/>\n<meta name=\"twitter:label1\" content=\"Dur\u00e9e de lecture estim\u00e9e\" \/>\n\t<meta name=\"twitter:data1\" content=\"1 minute\" \/>\n<script type=\"application\/ld+json\" class=\"yoast-schema-graph\">{\"@context\":\"https:\/\/schema.org\",\"@graph\":[{\"@type\":\"WebPage\",\"@id\":\"https:\/\/www.bbmpackaging.com\/fr\/machines\/equipements-accessoires-occasion\/\",\"url\":\"https:\/\/www.bbmpackaging.com\/fr\/machines\/equipements-accessoires-occasion\/\",\"name\":\"\u00c9quipements accessoires - BBM Packaging\",\"isPartOf\":{\"@id\":\"https:\/\/www.bbmpackaging.com\/fr\/#website\"},\"primaryImageOfPage\":{\"@id\":\"https:\/\/www.bbmpackaging.com\/fr\/machines\/equipements-accessoires-occasion\/#primaryimage\"},\"image\":{\"@id\":\"https:\/\/www.bbmpackaging.com\/fr\/machines\/equipements-accessoires-occasion\/#primaryimage\"},\"thumbnailUrl\":\"https:\/\/cdn.bbmpackaging.com\/wp-content\/uploads\/2021\/11\/attrezzature_accessorie-1.jpg\",\"datePublished\":\"2021-11-23T08:34:50+00:00\",\"dateModified\":\"2024-12-24T07:54:17+00:00\",\"description\":\"D\u00e9couvrez les \u00e9quipements pour compl\u00e9ter les lignes de fourniture. Ils permettent de personnaliser vos produits et d'avoir une ligne compl\u00e8te et efficace.\",\"breadcrumb\":{\"@id\":\"https:\/\/www.bbmpackaging.com\/fr\/machines\/equipements-accessoires-occasion\/#breadcrumb\"},\"inLanguage\":\"fr-FR\",\"potentialAction\":[{\"@type\":\"ReadAction\",\"target\":[\"https:\/\/www.bbmpackaging.com\/fr\/machines\/equipements-accessoires-occasion\/\"]}]},{\"@type\":\"ImageObject\",\"inLanguage\":\"fr-FR\",\"@id\":\"https:\/\/www.bbmpackaging.com\/fr\/machines\/equipements-accessoires-occasion\/#primaryimage\",\"url\":\"https:\/\/cdn.bbmpackaging.com\/wp-content\/uploads\/2021\/11\/attrezzature_accessorie-1.jpg\",\"contentUrl\":\"https:\/\/cdn.bbmpackaging.com\/wp-content\/uploads\/2021\/11\/attrezzature_accessorie-1.jpg\",\"width\":1440,\"height\":491},{\"@type\":\"BreadcrumbList\",\"@id\":\"https:\/\/www.bbmpackaging.com\/fr\/machines\/equipements-accessoires-occasion\/#breadcrumb\",\"itemListElement\":[{\"@type\":\"ListItem\",\"position\":1,\"name\":\"Home\",\"item\":\"https:\/\/www.bbmpackaging.com\/fr\/\"},{\"@type\":\"ListItem\",\"position\":2,\"name\":\"\u00c9quipements Auxiliaires\"}]},{\"@type\":\"WebSite\",\"@id\":\"https:\/\/www.bbmpackaging.com\/fr\/#website\",\"url\":\"https:\/\/www.bbmpackaging.com\/fr\/\",\"name\":\"BBM Packaging\",\"description\":\"Imbottigliamento: macchinari manutenzione e much more\",\"potentialAction\":[{\"@type\":\"SearchAction\",\"target\":{\"@type\":\"EntryPoint\",\"urlTemplate\":\"https:\/\/www.bbmpackaging.com\/fr\/?s={search_term_string}\"},\"query-input\":{\"@type\":\"PropertyValueSpecification\",\"valueRequired\":true,\"valueName\":\"search_term_string\"}}],\"inLanguage\":\"fr-FR\"}]}<\/script>\n<!-- \/ Yoast SEO plugin. -->","yoast_head_json":{"title":"\u00c9quipements accessoires - BBM Packaging","description":"D\u00e9couvrez les \u00e9quipements pour compl\u00e9ter les lignes de fourniture. Ils permettent de personnaliser vos produits et d'avoir une ligne compl\u00e8te et efficace.","robots":{"index":"index","follow":"follow","max-snippet":"max-snippet:-1","max-image-preview":"max-image-preview:large","max-video-preview":"max-video-preview:-1"},"canonical":"https:\/\/www.bbmpackaging.com\/fr\/machines\/equipements-accessoires-occasion\/","og_locale":"fr_FR","og_type":"article","og_title":"\u00c9quipements accessoires - BBM Packaging","og_description":"D\u00e9couvrez les \u00e9quipements pour compl\u00e9ter les lignes de fourniture. Ils permettent de personnaliser vos produits et d'avoir une ligne compl\u00e8te et efficace.","og_url":"https:\/\/www.bbmpackaging.com\/fr\/machines\/equipements-accessoires-occasion\/","og_site_name":"BBM Packaging","article_modified_time":"2024-12-24T07:54:17+00:00","og_image":[{"width":1440,"height":491,"url":"https:\/\/cdn.bbmpackaging.com\/wp-content\/uploads\/2021\/11\/attrezzature_accessorie-1.jpg","type":"image\/jpeg"}],"twitter_card":"summary_large_image","twitter_misc":{"Dur\u00e9e de lecture estim\u00e9e":"1 minute"},"schema":{"@context":"https:\/\/schema.org","@graph":[{"@type":"WebPage","@id":"https:\/\/www.bbmpackaging.com\/fr\/machines\/equipements-accessoires-occasion\/","url":"https:\/\/www.bbmpackaging.com\/fr\/machines\/equipements-accessoires-occasion\/","name":"\u00c9quipements accessoires - BBM Packaging","isPartOf":{"@id":"https:\/\/www.bbmpackaging.com\/fr\/#website"},"primaryImageOfPage":{"@id":"https:\/\/www.bbmpackaging.com\/fr\/machines\/equipements-accessoires-occasion\/#primaryimage"},"image":{"@id":"https:\/\/www.bbmpackaging.com\/fr\/machines\/equipements-accessoires-occasion\/#primaryimage"},"thumbnailUrl":"https:\/\/cdn.bbmpackaging.com\/wp-content\/uploads\/2021\/11\/attrezzature_accessorie-1.jpg","datePublished":"2021-11-23T08:34:50+00:00","dateModified":"2024-12-24T07:54:17+00:00","description":"D\u00e9couvrez les \u00e9quipements pour compl\u00e9ter les lignes de fourniture. Ils permettent de personnaliser vos produits et d'avoir une ligne compl\u00e8te et efficace.","breadcrumb":{"@id":"https:\/\/www.bbmpackaging.com\/fr\/machines\/equipements-accessoires-occasion\/#breadcrumb"},"inLanguage":"fr-FR","potentialAction":[{"@type":"ReadAction","target":["https:\/\/www.bbmpackaging.com\/fr\/machines\/equipements-accessoires-occasion\/"]}]},{"@type":"ImageObject","inLanguage":"fr-FR","@id":"https:\/\/www.bbmpackaging.com\/fr\/machines\/equipements-accessoires-occasion\/#primaryimage","url":"https:\/\/cdn.bbmpackaging.com\/wp-content\/uploads\/2021\/11\/attrezzature_accessorie-1.jpg","contentUrl":"https:\/\/cdn.bbmpackaging.com\/wp-content\/uploads\/2021\/11\/attrezzature_accessorie-1.jpg","width":1440,"height":491},{"@type":"BreadcrumbList","@id":"https:\/\/www.bbmpackaging.com\/fr\/machines\/equipements-accessoires-occasion\/#breadcrumb","itemListElement":[{"@type":"ListItem","position":1,"name":"Home","item":"https:\/\/www.bbmpackaging.com\/fr\/"},{"@type":"ListItem","position":2,"name":"\u00c9quipements Auxiliaires"}]},{"@type":"WebSite","@id":"https:\/\/www.bbmpackaging.com\/fr\/#website","url":"https:\/\/www.bbmpackaging.com\/fr\/","name":"BBM Packaging","description":"Imbottigliamento: macchinari manutenzione e much more","potentialAction":[{"@type":"SearchAction","target":{"@type":"EntryPoint","urlTemplate":"https:\/\/www.bbmpackaging.com\/fr\/?s={search_term_string}"},"query-input":{"@type":"PropertyValueSpecification","valueRequired":true,"valueName":"search_term_string"}}],"inLanguage":"fr-FR"}]}},"_links":{"self":[{"href":"https:\/\/www.bbmpackaging.com\/fr\/wp-json\/wp\/v2\/pages\/24231","targetHints":{"allow":["GET"]}}],"collection":[{"href":"https:\/\/www.bbmpackaging.com\/fr\/wp-json\/wp\/v2\/pages"}],"about":[{"href":"https:\/\/www.bbmpackaging.com\/fr\/wp-json\/wp\/v2\/types\/page"}],"author":[{"embeddable":true,"href":"https:\/\/www.bbmpackaging.com\/fr\/wp-json\/wp\/v2\/users\/2"}],"replies":[{"embeddable":true,"href":"https:\/\/www.bbmpackaging.com\/fr\/wp-json\/wp\/v2\/comments?post=24231"}],"version-history":[{"count":1,"href":"https:\/\/www.bbmpackaging.com\/fr\/wp-json\/wp\/v2\/pages\/24231\/revisions"}],"predecessor-version":[{"id":48316,"href":"https:\/\/www.bbmpackaging.com\/fr\/wp-json\/wp\/v2\/pages\/24231\/revisions\/48316"}],"wp:featuredmedia":[{"embeddable":true,"href":"https:\/\/www.bbmpackaging.com\/fr\/wp-json\/wp\/v2\/media\/24228"}],"wp:attachment":[{"href":"https:\/\/www.bbmpackaging.com\/fr\/wp-json\/wp\/v2\/media?parent=24231"}],"curies":[{"name":"wp","href":"https:\/\/api.w.org\/{rel}","templated":true}]}}