{"id":24903,"date":"2022-01-25T11:09:07","date_gmt":"2022-01-25T10:09:07","guid":{"rendered":"https:\/\/www.bbmpackaging.com\/?page_id=24903"},"modified":"2025-05-19T15:57:38","modified_gmt":"2025-05-19T13:57:38","slug":"sostenibilita-ambientale-e-sociale","status":"publish","type":"page","link":"https:\/\/www.bbmpackaging.com\/fr\/qui-sommes-nous\/durabilite\/","title":{"rendered":"Durabilit\u00e9"},"content":{"rendered":"<h2 class=\"\" data-start=\"112\" data-end=\"155\"><strong>Notre strat\u00e9gie pour la durabilit\u00e9<\/strong><\/h2>\n<p class=\"\" data-start=\"157\" data-end=\"435\">Chez BBM, nous croyons que la durabilit\u00e9 n\u2019est pas un objectif, mais une fa\u00e7on de travailler, chaque jour. C\u2019est pourquoi nous int\u00e9grons les principes ESG dans chaque aspect de notre activit\u00e9 : de la conception des services \u00e0 la gestion interne, de la gouvernance \u00e0 la relation avec le territoire.<\/p>\n<p class=\"\" data-start=\"437\" data-end=\"927\">Notre mod\u00e8le de durabilit\u00e9 repose sur une gouvernance solide et partag\u00e9e. Le Conseil d\u2019Administration, compos\u00e9 des trois associ\u00e9s fondateurs, guide l\u2019engagement strat\u00e9gique soutenu par une \u00e9quipe transversale de professionnels qui coordonne des comit\u00e9s sur des th\u00e8mes cl\u00e9s : \u00e9galit\u00e9 des genres, confidentialit\u00e9, lanceurs d\u2019alerte. Chaque initiative na\u00eet d\u2019un dialogue continu entre d\u00e9partements et se traduit par des actions concr\u00e8tes, soutenues par des documents tels que le Code \u00c9thique et le Plan Strat\u00e9gique pour l\u2019\u00c9galit\u00e9 des Genres.<\/p>\n<p class=\"\" data-start=\"929\" data-end=\"1485\">Notre durabilit\u00e9 a deux volets : interne et externe. En interne, nous encourageons des comportements responsables \u2013 de l\u2019\u00e9limination du plastique \u00e0 usage unique \u00e0 la digitalisation des processus \u2013 et investissons dans des solutions \u00e0 faible impact, telles que des installations photovolta\u00efques, des v\u00e9hicules d\u2019entreprise \u00e0 faibles \u00e9missions et une gestion rigoureuse des d\u00e9chets. En externe, nous proposons un mod\u00e8le d\u2019affaires circulaire dont le <strong data-start=\"1329\" data-end=\"1348\">remanufacturing<\/strong> est le c\u0153ur battant : nous r\u00e9g\u00e9n\u00e9rons des machines d\u2019occasion pour les remettre sur le march\u00e9 avec des performances \u00e9lev\u00e9es et une empreinte environnementale r\u00e9duite.<\/p>\n<p class=\"\" data-start=\"1487\" data-end=\"1645\">Cette approche nous a permis, en 2024, d\u2019obtenir la <strong data-start=\"1543\" data-end=\"1573\">m\u00e9daille d\u2019or d\u2019Ecovadis<\/strong>, nous positionnant parmi les 5 % des entreprises les plus vertueuses au niveau mondial.<\/p>\n<p class=\"\" data-start=\"1647\" data-end=\"1893\">Nous investissons \u00e9galement dans les personnes et la communaut\u00e9 : nous collaborons avec des universit\u00e9s, des \u00e9coles et des centres de recherche pour former les talents de demain, et participons activement \u00e0 la vie \u00e9conomique du territoire, en synergie avec les organismes publics et les associations.<\/p>\n<p class=\"\" data-start=\"1895\" data-end=\"2204\">Notre regard est tourn\u00e9 vers l\u2019avenir. Pour la p\u00e9riode 2025\u20132027, nous avons d\u00e9fini des objectifs ambitieux : un nouveau si\u00e8ge \u00e0 faible impact environnemental, des bornes de recharge pour v\u00e9hicules \u00e9lectriques, la digitalisation des processus, des certifications de qualit\u00e9, des entrep\u00f4ts automatiques et des parcours de formation toujours plus cibl\u00e9s.<\/p>\n<p data-start=\"1895\" data-end=\"2204\">BBM d\u00e9clare fi\u00e8rement son adh\u00e9sion au ensemble de principes promus par le Pacte Mondial des Nations Unies (UNGC). Cet engagement t\u00e9moigne de notre d\u00e9vouement \u00e0 promouvoir la durabilit\u00e9 et \u00e0 poursuivre des pratiques commerciales \u00e9thiques et responsables.<\/p>\n<p class=\"\" data-start=\"1098\" data-end=\"1326\"><strong data-start=\"1098\" data-end=\"1326\">Nous vous invitons \u00e0 consulter notre Rapport de Durabilit\u00e9 pour d\u00e9couvrir en d\u00e9tail les actions concr\u00e8tes que nous entreprenons pour contribuer \u00e0 l\u2019atteinte des ODD et promouvoir un mod\u00e8le de d\u00e9veloppement durable.<\/strong><\/p>\n","protected":false},"excerpt":{"rendered":"<p>Notre strat\u00e9gie pour la durabilit\u00e9 Chez BBM, nous croyons que la durabilit\u00e9 n\u2019est pas un objectif, mais une&#8230;<\/p>\n","protected":false},"author":2,"featured_media":52532,"parent":21906,"menu_order":0,"comment_status":"closed","ping_status":"closed","template":"page-chisiamo.php","meta":{"_acf_changed":false,"footnotes":""},"class_list":["post-24903","page","type-page","status-publish","has-post-thumbnail","hentry"],"acf":[],"yoast_head":"<!-- This site is optimized with the Yoast SEO plugin v27.2 - https:\/\/yoast.com\/product\/yoast-seo-wordpress\/ -->\n<title>Notre engagement pour la Durabilit\u00e9 - BBM Packaging<\/title>\n<meta name=\"description\" content=\"BBM promeut une durabilit\u00e9 int\u00e9gr\u00e9e, y compris \u00e0 l\u2019ext\u00e9rieur gr\u00e2ce au remanufacturing des lignes d\u2019embouteillage. Consultez le Rapport de durabilit\u00e9.\" \/>\n<meta name=\"robots\" content=\"index, follow, max-snippet:-1, max-image-preview:large, max-video-preview:-1\" \/>\n<link rel=\"canonical\" href=\"https:\/\/www.bbmpackaging.com\/fr\/qui-sommes-nous\/durabilite\/\" \/>\n<meta property=\"og:locale\" content=\"fr_FR\" \/>\n<meta property=\"og:type\" content=\"article\" \/>\n<meta property=\"og:title\" content=\"Notre engagement pour la Durabilit\u00e9 - BBM Packaging\" \/>\n<meta property=\"og:description\" content=\"BBM promeut une durabilit\u00e9 int\u00e9gr\u00e9e, y compris \u00e0 l\u2019ext\u00e9rieur gr\u00e2ce au remanufacturing des lignes d\u2019embouteillage. Consultez le Rapport de durabilit\u00e9.\" \/>\n<meta property=\"og:url\" content=\"https:\/\/www.bbmpackaging.com\/fr\/qui-sommes-nous\/durabilite\/\" \/>\n<meta property=\"og:site_name\" content=\"BBM Packaging\" \/>\n<meta property=\"article:modified_time\" content=\"2025-05-19T13:57:38+00:00\" \/>\n<meta property=\"og:image\" content=\"https:\/\/cdn.bbmpackaging.com\/wp-content\/uploads\/2025\/05\/bbm-packaging-sostenibilita.jpg\" \/>\n\t<meta property=\"og:image:width\" content=\"1920\" \/>\n\t<meta property=\"og:image:height\" content=\"547\" \/>\n\t<meta property=\"og:image:type\" content=\"image\/jpeg\" \/>\n<meta name=\"twitter:card\" content=\"summary_large_image\" \/>\n<meta name=\"twitter:label1\" content=\"Dur\u00e9e de lecture estim\u00e9e\" \/>\n\t<meta name=\"twitter:data1\" content=\"3 minutes\" \/>\n<script type=\"application\/ld+json\" class=\"yoast-schema-graph\">{\"@context\":\"https:\/\/schema.org\",\"@graph\":[{\"@type\":\"WebPage\",\"@id\":\"https:\/\/www.bbmpackaging.com\/fr\/qui-sommes-nous\/durabilite\/\",\"url\":\"https:\/\/www.bbmpackaging.com\/fr\/qui-sommes-nous\/durabilite\/\",\"name\":\"Notre engagement pour la Durabilit\u00e9 - BBM Packaging\",\"isPartOf\":{\"@id\":\"https:\/\/www.bbmpackaging.com\/fr\/#website\"},\"primaryImageOfPage\":{\"@id\":\"https:\/\/www.bbmpackaging.com\/fr\/qui-sommes-nous\/durabilite\/#primaryimage\"},\"image\":{\"@id\":\"https:\/\/www.bbmpackaging.com\/fr\/qui-sommes-nous\/durabilite\/#primaryimage\"},\"thumbnailUrl\":\"https:\/\/cdn.bbmpackaging.com\/wp-content\/uploads\/2025\/05\/bbm-packaging-sostenibilita.jpg\",\"datePublished\":\"2022-01-25T10:09:07+00:00\",\"dateModified\":\"2025-05-19T13:57:38+00:00\",\"description\":\"BBM promeut une durabilit\u00e9 int\u00e9gr\u00e9e, y compris \u00e0 l\u2019ext\u00e9rieur gr\u00e2ce au remanufacturing des lignes d\u2019embouteillage. Consultez le Rapport de durabilit\u00e9.\",\"breadcrumb\":{\"@id\":\"https:\/\/www.bbmpackaging.com\/fr\/qui-sommes-nous\/durabilite\/#breadcrumb\"},\"inLanguage\":\"fr-FR\",\"potentialAction\":[{\"@type\":\"ReadAction\",\"target\":[\"https:\/\/www.bbmpackaging.com\/fr\/qui-sommes-nous\/durabilite\/\"]}]},{\"@type\":\"ImageObject\",\"inLanguage\":\"fr-FR\",\"@id\":\"https:\/\/www.bbmpackaging.com\/fr\/qui-sommes-nous\/durabilite\/#primaryimage\",\"url\":\"https:\/\/cdn.bbmpackaging.com\/wp-content\/uploads\/2025\/05\/bbm-packaging-sostenibilita.jpg\",\"contentUrl\":\"https:\/\/cdn.bbmpackaging.com\/wp-content\/uploads\/2025\/05\/bbm-packaging-sostenibilita.jpg\",\"width\":1920,\"height\":547,\"caption\":\"BBM promuove una sostenibilit\u00e0 integrata, anche esternamente il remanufacturing delle linee di imbottigliamento. Leggi il Bilancio di Sostenibilit\u00e0\"},{\"@type\":\"BreadcrumbList\",\"@id\":\"https:\/\/www.bbmpackaging.com\/fr\/qui-sommes-nous\/durabilite\/#breadcrumb\",\"itemListElement\":[{\"@type\":\"ListItem\",\"position\":1,\"name\":\"Home\",\"item\":\"https:\/\/www.bbmpackaging.com\/fr\/\"},{\"@type\":\"ListItem\",\"position\":2,\"name\":\"Qui sommes\",\"item\":\"https:\/\/www.bbmpackaging.com\/fr\/qui-sommes-nous\/\"},{\"@type\":\"ListItem\",\"position\":3,\"name\":\"Durabilit\u00e9\"}]},{\"@type\":\"WebSite\",\"@id\":\"https:\/\/www.bbmpackaging.com\/fr\/#website\",\"url\":\"https:\/\/www.bbmpackaging.com\/fr\/\",\"name\":\"BBM Packaging\",\"description\":\"Imbottigliamento: macchinari manutenzione e much more\",\"potentialAction\":[{\"@type\":\"SearchAction\",\"target\":{\"@type\":\"EntryPoint\",\"urlTemplate\":\"https:\/\/www.bbmpackaging.com\/fr\/?s={search_term_string}\"},\"query-input\":{\"@type\":\"PropertyValueSpecification\",\"valueRequired\":true,\"valueName\":\"search_term_string\"}}],\"inLanguage\":\"fr-FR\"}]}<\/script>\n<!-- \/ Yoast SEO plugin. -->","yoast_head_json":{"title":"Notre engagement pour la Durabilit\u00e9 - BBM Packaging","description":"BBM promeut une durabilit\u00e9 int\u00e9gr\u00e9e, y compris \u00e0 l\u2019ext\u00e9rieur gr\u00e2ce au remanufacturing des lignes d\u2019embouteillage. Consultez le Rapport de durabilit\u00e9.","robots":{"index":"index","follow":"follow","max-snippet":"max-snippet:-1","max-image-preview":"max-image-preview:large","max-video-preview":"max-video-preview:-1"},"canonical":"https:\/\/www.bbmpackaging.com\/fr\/qui-sommes-nous\/durabilite\/","og_locale":"fr_FR","og_type":"article","og_title":"Notre engagement pour la Durabilit\u00e9 - BBM Packaging","og_description":"BBM promeut une durabilit\u00e9 int\u00e9gr\u00e9e, y compris \u00e0 l\u2019ext\u00e9rieur gr\u00e2ce au remanufacturing des lignes d\u2019embouteillage. Consultez le Rapport de durabilit\u00e9.","og_url":"https:\/\/www.bbmpackaging.com\/fr\/qui-sommes-nous\/durabilite\/","og_site_name":"BBM Packaging","article_modified_time":"2025-05-19T13:57:38+00:00","og_image":[{"width":1920,"height":547,"url":"https:\/\/cdn.bbmpackaging.com\/wp-content\/uploads\/2025\/05\/bbm-packaging-sostenibilita.jpg","type":"image\/jpeg"}],"twitter_card":"summary_large_image","twitter_misc":{"Dur\u00e9e de lecture estim\u00e9e":"3 minutes"},"schema":{"@context":"https:\/\/schema.org","@graph":[{"@type":"WebPage","@id":"https:\/\/www.bbmpackaging.com\/fr\/qui-sommes-nous\/durabilite\/","url":"https:\/\/www.bbmpackaging.com\/fr\/qui-sommes-nous\/durabilite\/","name":"Notre engagement pour la Durabilit\u00e9 - BBM Packaging","isPartOf":{"@id":"https:\/\/www.bbmpackaging.com\/fr\/#website"},"primaryImageOfPage":{"@id":"https:\/\/www.bbmpackaging.com\/fr\/qui-sommes-nous\/durabilite\/#primaryimage"},"image":{"@id":"https:\/\/www.bbmpackaging.com\/fr\/qui-sommes-nous\/durabilite\/#primaryimage"},"thumbnailUrl":"https:\/\/cdn.bbmpackaging.com\/wp-content\/uploads\/2025\/05\/bbm-packaging-sostenibilita.jpg","datePublished":"2022-01-25T10:09:07+00:00","dateModified":"2025-05-19T13:57:38+00:00","description":"BBM promeut une durabilit\u00e9 int\u00e9gr\u00e9e, y compris \u00e0 l\u2019ext\u00e9rieur gr\u00e2ce au remanufacturing des lignes d\u2019embouteillage. Consultez le Rapport de durabilit\u00e9.","breadcrumb":{"@id":"https:\/\/www.bbmpackaging.com\/fr\/qui-sommes-nous\/durabilite\/#breadcrumb"},"inLanguage":"fr-FR","potentialAction":[{"@type":"ReadAction","target":["https:\/\/www.bbmpackaging.com\/fr\/qui-sommes-nous\/durabilite\/"]}]},{"@type":"ImageObject","inLanguage":"fr-FR","@id":"https:\/\/www.bbmpackaging.com\/fr\/qui-sommes-nous\/durabilite\/#primaryimage","url":"https:\/\/cdn.bbmpackaging.com\/wp-content\/uploads\/2025\/05\/bbm-packaging-sostenibilita.jpg","contentUrl":"https:\/\/cdn.bbmpackaging.com\/wp-content\/uploads\/2025\/05\/bbm-packaging-sostenibilita.jpg","width":1920,"height":547,"caption":"BBM promuove una sostenibilit\u00e0 integrata, anche esternamente il remanufacturing delle linee di imbottigliamento. Leggi il Bilancio di Sostenibilit\u00e0"},{"@type":"BreadcrumbList","@id":"https:\/\/www.bbmpackaging.com\/fr\/qui-sommes-nous\/durabilite\/#breadcrumb","itemListElement":[{"@type":"ListItem","position":1,"name":"Home","item":"https:\/\/www.bbmpackaging.com\/fr\/"},{"@type":"ListItem","position":2,"name":"Qui sommes","item":"https:\/\/www.bbmpackaging.com\/fr\/qui-sommes-nous\/"},{"@type":"ListItem","position":3,"name":"Durabilit\u00e9"}]},{"@type":"WebSite","@id":"https:\/\/www.bbmpackaging.com\/fr\/#website","url":"https:\/\/www.bbmpackaging.com\/fr\/","name":"BBM Packaging","description":"Imbottigliamento: macchinari manutenzione e much more","potentialAction":[{"@type":"SearchAction","target":{"@type":"EntryPoint","urlTemplate":"https:\/\/www.bbmpackaging.com\/fr\/?s={search_term_string}"},"query-input":{"@type":"PropertyValueSpecification","valueRequired":true,"valueName":"search_term_string"}}],"inLanguage":"fr-FR"}]}},"_links":{"self":[{"href":"https:\/\/www.bbmpackaging.com\/fr\/wp-json\/wp\/v2\/pages\/24903","targetHints":{"allow":["GET"]}}],"collection":[{"href":"https:\/\/www.bbmpackaging.com\/fr\/wp-json\/wp\/v2\/pages"}],"about":[{"href":"https:\/\/www.bbmpackaging.com\/fr\/wp-json\/wp\/v2\/types\/page"}],"author":[{"embeddable":true,"href":"https:\/\/www.bbmpackaging.com\/fr\/wp-json\/wp\/v2\/users\/2"}],"replies":[{"embeddable":true,"href":"https:\/\/www.bbmpackaging.com\/fr\/wp-json\/wp\/v2\/comments?post=24903"}],"version-history":[{"count":4,"href":"https:\/\/www.bbmpackaging.com\/fr\/wp-json\/wp\/v2\/pages\/24903\/revisions"}],"predecessor-version":[{"id":52538,"href":"https:\/\/www.bbmpackaging.com\/fr\/wp-json\/wp\/v2\/pages\/24903\/revisions\/52538"}],"up":[{"embeddable":true,"href":"https:\/\/www.bbmpackaging.com\/fr\/wp-json\/wp\/v2\/pages\/21906"}],"wp:featuredmedia":[{"embeddable":true,"href":"https:\/\/www.bbmpackaging.com\/fr\/wp-json\/wp\/v2\/media\/52532"}],"wp:attachment":[{"href":"https:\/\/www.bbmpackaging.com\/fr\/wp-json\/wp\/v2\/media?parent=24903"}],"curies":[{"name":"wp","href":"https:\/\/api.w.org\/{rel}","templated":true}]}}