{"id":29238,"date":"2022-08-22T15:25:00","date_gmt":"2022-08-22T13:25:00","guid":{"rendered":"https:\/\/www.bbmpackaging.com\/?page_id=29238"},"modified":"2026-03-30T15:18:45","modified_gmt":"2026-03-30T13:18:45","slug":"elettronica-di-commercio","status":"publish","type":"page","link":"https:\/\/www.bbmpackaging.com\/fr\/machines\/composants-electroniques-occasion\/","title":{"rendered":"Composants \u00e9lectroniques"},"content":{"rendered":"<h3>Composants \u00e9lectroniques BBM- d&rsquo;occasion pur les lignes d&#8217;embouteillage et d&#8217;emballage<\/h3>\n<ul>\n<li>Nous sommes sp\u00e9cialis\u00e9s dans la fourniture et l&rsquo;installation de dispositifs \u00e9lectroniques pour les lignes d&#8217;embouteillage. Nous rempla\u00e7ons les composants \u00e9lectroniques d\u00e9di\u00e9s (tels que les inspecteurs, les modules, les I-O, les HMI, les PLC) du fabricant, qui sont souvent obsol\u00e8tes ou hors production, par de nouveaux composants.<\/li>\n<\/ul>\n<h5><strong>PROS<\/strong><\/h5>\n<p>Les pi\u00e8ces d&rsquo;origine sont remplac\u00e9es par des pi\u00e8ces d&rsquo;occasion, ce qui lib\u00e8re le client de la soci\u00e9t\u00e9 m\u00e8re. En ne d\u00e9pendant pas d&rsquo;une seule marque, le client peut opter pour la pi\u00e8ce pr\u00e9sentant le meilleur rapport qualit\u00e9\/prix et des d\u00e9lais de livraison courts. D\u00e9couvrez la large gamme de composants \u00e9lectroniques propos\u00e9s par BBM; nous nous chargeons \u00e9galement de l&rsquo;installation et du service sur votre site.<\/p>\n<p>&nbsp;<\/p>\n","protected":false},"excerpt":{"rendered":"<p>Composants \u00e9lectroniques BBM- d&rsquo;occasion pur les lignes d&#8217;embouteillage et d&#8217;emballage Nous sommes sp\u00e9cialis\u00e9s dans la fourniture et l&rsquo;installation&#8230;<\/p>\n","protected":false},"author":2,"featured_media":30057,"parent":24231,"menu_order":0,"comment_status":"closed","ping_status":"closed","template":"page-attrezzature.php","meta":{"_acf_changed":false,"footnotes":""},"class_list":["post-29238","page","type-page","status-publish","has-post-thumbnail","hentry"],"acf":[],"yoast_head":"<!-- This site is optimized with the Yoast SEO plugin v27.2 - https:\/\/yoast.com\/product\/yoast-seo-wordpress\/ -->\n<title>Composants \u00e9lectroniques - BBM Packaging<\/title>\n<meta name=\"description\" content=\"Sp\u00e9cialis\u00e9s dans la fourniture et l&#039;installation de dispositifs \u00e9lectroniques commerciaux pour lignes d&#039;embouteillage. D\u00e9couvrez les composants \u00e9lectroniques.\" \/>\n<meta name=\"robots\" content=\"index, follow, max-snippet:-1, max-image-preview:large, max-video-preview:-1\" \/>\n<link rel=\"canonical\" href=\"https:\/\/www.bbmpackaging.com\/fr\/machines\/composants-electroniques-occasion\/\" \/>\n<meta property=\"og:locale\" content=\"fr_FR\" \/>\n<meta property=\"og:type\" content=\"article\" \/>\n<meta property=\"og:title\" content=\"Composants \u00e9lectroniques - BBM Packaging\" \/>\n<meta property=\"og:description\" content=\"Sp\u00e9cialis\u00e9s dans la fourniture et l&#039;installation de dispositifs \u00e9lectroniques commerciaux pour lignes d&#039;embouteillage. D\u00e9couvrez les composants \u00e9lectroniques.\" \/>\n<meta property=\"og:url\" content=\"https:\/\/www.bbmpackaging.com\/fr\/machines\/composants-electroniques-occasion\/\" \/>\n<meta property=\"og:site_name\" content=\"BBM Packaging\" \/>\n<meta property=\"article:modified_time\" content=\"2026-03-30T13:18:45+00:00\" \/>\n<meta property=\"og:image\" content=\"https:\/\/cdn.bbmpackaging.com\/wp-content\/uploads\/2022\/07\/IMG_3453-e1657783001221.jpg\" \/>\n\t<meta property=\"og:image:width\" content=\"1024\" \/>\n\t<meta property=\"og:image:height\" content=\"768\" \/>\n\t<meta property=\"og:image:type\" content=\"image\/jpeg\" \/>\n<meta name=\"twitter:card\" content=\"summary_large_image\" \/>\n<meta name=\"twitter:label1\" content=\"Dur\u00e9e de lecture estim\u00e9e\" \/>\n\t<meta name=\"twitter:data1\" content=\"1 minute\" \/>\n<script type=\"application\/ld+json\" class=\"yoast-schema-graph\">{\"@context\":\"https:\/\/schema.org\",\"@graph\":[{\"@type\":\"WebPage\",\"@id\":\"https:\/\/www.bbmpackaging.com\/fr\/machines\/composants-electroniques-occasion\/\",\"url\":\"https:\/\/www.bbmpackaging.com\/fr\/machines\/composants-electroniques-occasion\/\",\"name\":\"Composants \u00e9lectroniques - BBM Packaging\",\"isPartOf\":{\"@id\":\"https:\/\/www.bbmpackaging.com\/fr\/#website\"},\"primaryImageOfPage\":{\"@id\":\"https:\/\/www.bbmpackaging.com\/fr\/machines\/composants-electroniques-occasion\/#primaryimage\"},\"image\":{\"@id\":\"https:\/\/www.bbmpackaging.com\/fr\/machines\/composants-electroniques-occasion\/#primaryimage\"},\"thumbnailUrl\":\"https:\/\/cdn.bbmpackaging.com\/wp-content\/uploads\/2022\/07\/IMG_3453-e1657783001221.jpg\",\"datePublished\":\"2022-08-22T13:25:00+00:00\",\"dateModified\":\"2026-03-30T13:18:45+00:00\",\"description\":\"Sp\u00e9cialis\u00e9s dans la fourniture et l'installation de dispositifs \u00e9lectroniques commerciaux pour lignes d'embouteillage. D\u00e9couvrez les composants \u00e9lectroniques.\",\"breadcrumb\":{\"@id\":\"https:\/\/www.bbmpackaging.com\/fr\/machines\/composants-electroniques-occasion\/#breadcrumb\"},\"inLanguage\":\"fr-FR\",\"potentialAction\":[{\"@type\":\"ReadAction\",\"target\":[\"https:\/\/www.bbmpackaging.com\/fr\/machines\/composants-electroniques-occasion\/\"]}]},{\"@type\":\"ImageObject\",\"inLanguage\":\"fr-FR\",\"@id\":\"https:\/\/www.bbmpackaging.com\/fr\/machines\/composants-electroniques-occasion\/#primaryimage\",\"url\":\"https:\/\/cdn.bbmpackaging.com\/wp-content\/uploads\/2022\/07\/IMG_3453-e1657783001221.jpg\",\"contentUrl\":\"https:\/\/cdn.bbmpackaging.com\/wp-content\/uploads\/2022\/07\/IMG_3453-e1657783001221.jpg\",\"width\":1024,\"height\":768,\"caption\":\"Componenti elettronici BBM\"},{\"@type\":\"BreadcrumbList\",\"@id\":\"https:\/\/www.bbmpackaging.com\/fr\/machines\/composants-electroniques-occasion\/#breadcrumb\",\"itemListElement\":[{\"@type\":\"ListItem\",\"position\":1,\"name\":\"Home\",\"item\":\"https:\/\/www.bbmpackaging.com\/fr\/\"},{\"@type\":\"ListItem\",\"position\":2,\"name\":\"\u00c9quipements Auxiliaires\",\"item\":\"https:\/\/www.bbmpackaging.com\/fr\/machines\/equipements-accessoires-occasion\/\"},{\"@type\":\"ListItem\",\"position\":3,\"name\":\"Composants \u00e9lectroniques\"}]},{\"@type\":\"WebSite\",\"@id\":\"https:\/\/www.bbmpackaging.com\/fr\/#website\",\"url\":\"https:\/\/www.bbmpackaging.com\/fr\/\",\"name\":\"BBM Packaging\",\"description\":\"Imbottigliamento: macchinari manutenzione e much more\",\"potentialAction\":[{\"@type\":\"SearchAction\",\"target\":{\"@type\":\"EntryPoint\",\"urlTemplate\":\"https:\/\/www.bbmpackaging.com\/fr\/?s={search_term_string}\"},\"query-input\":{\"@type\":\"PropertyValueSpecification\",\"valueRequired\":true,\"valueName\":\"search_term_string\"}}],\"inLanguage\":\"fr-FR\"}]}<\/script>\n<!-- \/ Yoast SEO plugin. -->","yoast_head_json":{"title":"Composants \u00e9lectroniques - BBM Packaging","description":"Sp\u00e9cialis\u00e9s dans la fourniture et l'installation de dispositifs \u00e9lectroniques commerciaux pour lignes d'embouteillage. D\u00e9couvrez les composants \u00e9lectroniques.","robots":{"index":"index","follow":"follow","max-snippet":"max-snippet:-1","max-image-preview":"max-image-preview:large","max-video-preview":"max-video-preview:-1"},"canonical":"https:\/\/www.bbmpackaging.com\/fr\/machines\/composants-electroniques-occasion\/","og_locale":"fr_FR","og_type":"article","og_title":"Composants \u00e9lectroniques - BBM Packaging","og_description":"Sp\u00e9cialis\u00e9s dans la fourniture et l'installation de dispositifs \u00e9lectroniques commerciaux pour lignes d'embouteillage. D\u00e9couvrez les composants \u00e9lectroniques.","og_url":"https:\/\/www.bbmpackaging.com\/fr\/machines\/composants-electroniques-occasion\/","og_site_name":"BBM Packaging","article_modified_time":"2026-03-30T13:18:45+00:00","og_image":[{"width":1024,"height":768,"url":"https:\/\/cdn.bbmpackaging.com\/wp-content\/uploads\/2022\/07\/IMG_3453-e1657783001221.jpg","type":"image\/jpeg"}],"twitter_card":"summary_large_image","twitter_misc":{"Dur\u00e9e de lecture estim\u00e9e":"1 minute"},"schema":{"@context":"https:\/\/schema.org","@graph":[{"@type":"WebPage","@id":"https:\/\/www.bbmpackaging.com\/fr\/machines\/composants-electroniques-occasion\/","url":"https:\/\/www.bbmpackaging.com\/fr\/machines\/composants-electroniques-occasion\/","name":"Composants \u00e9lectroniques - BBM Packaging","isPartOf":{"@id":"https:\/\/www.bbmpackaging.com\/fr\/#website"},"primaryImageOfPage":{"@id":"https:\/\/www.bbmpackaging.com\/fr\/machines\/composants-electroniques-occasion\/#primaryimage"},"image":{"@id":"https:\/\/www.bbmpackaging.com\/fr\/machines\/composants-electroniques-occasion\/#primaryimage"},"thumbnailUrl":"https:\/\/cdn.bbmpackaging.com\/wp-content\/uploads\/2022\/07\/IMG_3453-e1657783001221.jpg","datePublished":"2022-08-22T13:25:00+00:00","dateModified":"2026-03-30T13:18:45+00:00","description":"Sp\u00e9cialis\u00e9s dans la fourniture et l'installation de dispositifs \u00e9lectroniques commerciaux pour lignes d'embouteillage. D\u00e9couvrez les composants \u00e9lectroniques.","breadcrumb":{"@id":"https:\/\/www.bbmpackaging.com\/fr\/machines\/composants-electroniques-occasion\/#breadcrumb"},"inLanguage":"fr-FR","potentialAction":[{"@type":"ReadAction","target":["https:\/\/www.bbmpackaging.com\/fr\/machines\/composants-electroniques-occasion\/"]}]},{"@type":"ImageObject","inLanguage":"fr-FR","@id":"https:\/\/www.bbmpackaging.com\/fr\/machines\/composants-electroniques-occasion\/#primaryimage","url":"https:\/\/cdn.bbmpackaging.com\/wp-content\/uploads\/2022\/07\/IMG_3453-e1657783001221.jpg","contentUrl":"https:\/\/cdn.bbmpackaging.com\/wp-content\/uploads\/2022\/07\/IMG_3453-e1657783001221.jpg","width":1024,"height":768,"caption":"Componenti elettronici BBM"},{"@type":"BreadcrumbList","@id":"https:\/\/www.bbmpackaging.com\/fr\/machines\/composants-electroniques-occasion\/#breadcrumb","itemListElement":[{"@type":"ListItem","position":1,"name":"Home","item":"https:\/\/www.bbmpackaging.com\/fr\/"},{"@type":"ListItem","position":2,"name":"\u00c9quipements Auxiliaires","item":"https:\/\/www.bbmpackaging.com\/fr\/machines\/equipements-accessoires-occasion\/"},{"@type":"ListItem","position":3,"name":"Composants \u00e9lectroniques"}]},{"@type":"WebSite","@id":"https:\/\/www.bbmpackaging.com\/fr\/#website","url":"https:\/\/www.bbmpackaging.com\/fr\/","name":"BBM Packaging","description":"Imbottigliamento: macchinari manutenzione e much more","potentialAction":[{"@type":"SearchAction","target":{"@type":"EntryPoint","urlTemplate":"https:\/\/www.bbmpackaging.com\/fr\/?s={search_term_string}"},"query-input":{"@type":"PropertyValueSpecification","valueRequired":true,"valueName":"search_term_string"}}],"inLanguage":"fr-FR"}]}},"_links":{"self":[{"href":"https:\/\/www.bbmpackaging.com\/fr\/wp-json\/wp\/v2\/pages\/29238","targetHints":{"allow":["GET"]}}],"collection":[{"href":"https:\/\/www.bbmpackaging.com\/fr\/wp-json\/wp\/v2\/pages"}],"about":[{"href":"https:\/\/www.bbmpackaging.com\/fr\/wp-json\/wp\/v2\/types\/page"}],"author":[{"embeddable":true,"href":"https:\/\/www.bbmpackaging.com\/fr\/wp-json\/wp\/v2\/users\/2"}],"replies":[{"embeddable":true,"href":"https:\/\/www.bbmpackaging.com\/fr\/wp-json\/wp\/v2\/comments?post=29238"}],"version-history":[{"count":2,"href":"https:\/\/www.bbmpackaging.com\/fr\/wp-json\/wp\/v2\/pages\/29238\/revisions"}],"predecessor-version":[{"id":77046,"href":"https:\/\/www.bbmpackaging.com\/fr\/wp-json\/wp\/v2\/pages\/29238\/revisions\/77046"}],"up":[{"embeddable":true,"href":"https:\/\/www.bbmpackaging.com\/fr\/wp-json\/wp\/v2\/pages\/24231"}],"wp:featuredmedia":[{"embeddable":true,"href":"https:\/\/www.bbmpackaging.com\/fr\/wp-json\/wp\/v2\/media\/30057"}],"wp:attachment":[{"href":"https:\/\/www.bbmpackaging.com\/fr\/wp-json\/wp\/v2\/media?parent=29238"}],"curies":[{"name":"wp","href":"https:\/\/api.w.org\/{rel}","templated":true}]}}