{"id":37204,"date":"2023-08-16T14:01:21","date_gmt":"2023-08-16T12:01:21","guid":{"rendered":"https:\/\/www.bbmpackaging.com\/services\/montaggio-conto-terzi\/"},"modified":"2024-11-27T09:25:00","modified_gmt":"2024-11-27T08:25:00","slug":"montaggio-conto-terzi","status":"publish","type":"page","link":"https:\/\/www.bbmpackaging.com\/fr\/services\/assemblage-pour-compte-tiers\/","title":{"rendered":"Assemblage de machines \u00e0 fa\u00e7on"},"content":{"rendered":"<p><strong>TROP DE TRAVAIL ET PAS ASSEZ DE TEMPS? BBM R\u00c9ALISE L&rsquo;ASSEMBLAGE DE MACHINES \u00c0 FA\u00c7ON COMPL\u00c8TES<\/strong><\/p>\n<p style=\"margin: 0cm 0cm 18.0pt 0cm;\"><strong>Gr\u00e2ce \u00e0 notre exp\u00e9rience, nous garantissons un travail d&rsquo;excellente qualit\u00e9 et un savoir-faire technique de haut niveau.<\/strong><\/p>\n<p>De plus en plus de clients nous demandent un service d&rsquo;assemblage complet ou partiel de machines et d&rsquo;installations industrielles, ainsi que l&rsquo;assemblage de pi\u00e8ces m\u00e9caniques, <a href=\"https:\/\/www.bbmpackaging.com\/fr\/composants-electroniques\/\" target=\"_blank\" rel=\"noopener\"><strong>\u00e9lectriques<\/strong> <\/a>et \u00e9lectrom\u00e9caniques. Nous r\u00e9alisons ce service pour le compte de tiers ou sur la base d&rsquo;un contrat: le montage peut \u00eatre effectu\u00e9 dans notre usine, <strong>ce qui offre au client l&rsquo;avantage de ne pas avoir \u00e0 occuper l&rsquo;espace de son atelier ni \u00e0 engager ses propres ressources et \u00e9quipements.<\/strong><\/p>\n<p><strong>Pourquoi sous-traiter \u00e0 BBM ?<\/strong><\/p>\n<p>BBM a d\u00e9cid\u00e9 de consacrer 400 m\u00e8tres carr\u00e9s de sa zone de production au montage et aux essais de nouvelles machines. En d\u00e9l\u00e9guant les travaux de montage \u00e0 nos techniciens sp\u00e9cialis\u00e9s, le client peut compter sur un soutien pr\u00e9cieux, en externalisant les t\u00e2ches et les responsabilit\u00e9s. Nous offrons de la qualit\u00e9 et de la flexibilit\u00e9 dans la production.<\/p>\n","protected":false},"excerpt":{"rendered":"<p>TROP DE TRAVAIL ET PAS ASSEZ DE TEMPS? BBM R\u00c9ALISE L&rsquo;ASSEMBLAGE DE MACHINES \u00c0 FA\u00c7ON COMPL\u00c8TES Gr\u00e2ce \u00e0&#8230;<\/p>\n","protected":false},"author":2,"featured_media":37760,"parent":21876,"menu_order":0,"comment_status":"closed","ping_status":"closed","template":"page-chisiamo.php","meta":{"_acf_changed":false,"footnotes":""},"class_list":["post-37204","page","type-page","status-publish","has-post-thumbnail","hentry"],"acf":[],"yoast_head":"<!-- This site is optimized with the Yoast SEO plugin v27.2 - https:\/\/yoast.com\/product\/yoast-seo-wordpress\/ -->\n<title>Assemblage pour compte tiers des lignes d&#039;embouteillage et de conditionnement<\/title>\n<meta name=\"description\" content=\"BBM effectue le montage sous-trait\u00e9 de machines compl\u00e8tes pour les lignes d&#039;embouteillage et d&#039;emballage. Contactez-nous pour savoir comment cela se d\u00e9roule.\" \/>\n<meta name=\"robots\" content=\"index, follow, max-snippet:-1, max-image-preview:large, max-video-preview:-1\" \/>\n<link rel=\"canonical\" href=\"https:\/\/www.bbmpackaging.com\/fr\/services\/assemblage-pour-compte-tiers\/\" \/>\n<meta property=\"og:locale\" content=\"fr_FR\" \/>\n<meta property=\"og:type\" content=\"article\" \/>\n<meta property=\"og:title\" content=\"Assemblage pour compte tiers des lignes d&#039;embouteillage et de conditionnement\" \/>\n<meta property=\"og:description\" content=\"BBM effectue le montage sous-trait\u00e9 de machines compl\u00e8tes pour les lignes d&#039;embouteillage et d&#039;emballage. Contactez-nous pour savoir comment cela se d\u00e9roule.\" \/>\n<meta property=\"og:url\" content=\"https:\/\/www.bbmpackaging.com\/fr\/services\/assemblage-pour-compte-tiers\/\" \/>\n<meta property=\"og:site_name\" content=\"BBM Packaging\" \/>\n<meta property=\"article:modified_time\" content=\"2024-11-27T08:25:00+00:00\" \/>\n<meta property=\"og:image\" content=\"https:\/\/cdn.bbmpackaging.com\/wp-content\/uploads\/2023\/10\/camion-trasporto-rulliere-e1706869606192.jpg\" \/>\n\t<meta property=\"og:image:width\" content=\"1440\" \/>\n\t<meta property=\"og:image:height\" content=\"1080\" \/>\n\t<meta property=\"og:image:type\" content=\"image\/jpeg\" \/>\n<meta name=\"twitter:card\" content=\"summary_large_image\" \/>\n<meta name=\"twitter:label1\" content=\"Dur\u00e9e de lecture estim\u00e9e\" \/>\n\t<meta name=\"twitter:data1\" content=\"2 minutes\" \/>\n<script type=\"application\/ld+json\" class=\"yoast-schema-graph\">{\"@context\":\"https:\/\/schema.org\",\"@graph\":[{\"@type\":\"WebPage\",\"@id\":\"https:\/\/www.bbmpackaging.com\/fr\/services\/assemblage-pour-compte-tiers\/\",\"url\":\"https:\/\/www.bbmpackaging.com\/fr\/services\/assemblage-pour-compte-tiers\/\",\"name\":\"Assemblage pour compte tiers des lignes d'embouteillage et de conditionnement\",\"isPartOf\":{\"@id\":\"https:\/\/www.bbmpackaging.com\/fr\/#website\"},\"primaryImageOfPage\":{\"@id\":\"https:\/\/www.bbmpackaging.com\/fr\/services\/assemblage-pour-compte-tiers\/#primaryimage\"},\"image\":{\"@id\":\"https:\/\/www.bbmpackaging.com\/fr\/services\/assemblage-pour-compte-tiers\/#primaryimage\"},\"thumbnailUrl\":\"https:\/\/cdn.bbmpackaging.com\/wp-content\/uploads\/2023\/10\/camion-trasporto-rulliere-e1706869606192.jpg\",\"datePublished\":\"2023-08-16T12:01:21+00:00\",\"dateModified\":\"2024-11-27T08:25:00+00:00\",\"description\":\"BBM effectue le montage sous-trait\u00e9 de machines compl\u00e8tes pour les lignes d'embouteillage et d'emballage. Contactez-nous pour savoir comment cela se d\u00e9roule.\",\"breadcrumb\":{\"@id\":\"https:\/\/www.bbmpackaging.com\/fr\/services\/assemblage-pour-compte-tiers\/#breadcrumb\"},\"inLanguage\":\"fr-FR\",\"potentialAction\":[{\"@type\":\"ReadAction\",\"target\":[\"https:\/\/www.bbmpackaging.com\/fr\/services\/assemblage-pour-compte-tiers\/\"]}]},{\"@type\":\"ImageObject\",\"inLanguage\":\"fr-FR\",\"@id\":\"https:\/\/www.bbmpackaging.com\/fr\/services\/assemblage-pour-compte-tiers\/#primaryimage\",\"url\":\"https:\/\/cdn.bbmpackaging.com\/wp-content\/uploads\/2023\/10\/camion-trasporto-rulliere-e1706869606192.jpg\",\"contentUrl\":\"https:\/\/cdn.bbmpackaging.com\/wp-content\/uploads\/2023\/10\/camion-trasporto-rulliere-e1706869606192.jpg\",\"width\":1440,\"height\":1080,\"caption\":\"camion trasporto rulliere\"},{\"@type\":\"BreadcrumbList\",\"@id\":\"https:\/\/www.bbmpackaging.com\/fr\/services\/assemblage-pour-compte-tiers\/#breadcrumb\",\"itemListElement\":[{\"@type\":\"ListItem\",\"position\":1,\"name\":\"Home\",\"item\":\"https:\/\/www.bbmpackaging.com\/fr\/\"},{\"@type\":\"ListItem\",\"position\":2,\"name\":\"Service\",\"item\":\"https:\/\/www.bbmpackaging.com\/fr\/services\/\"},{\"@type\":\"ListItem\",\"position\":3,\"name\":\"Assemblage de machines \u00e0 fa\u00e7on\"}]},{\"@type\":\"WebSite\",\"@id\":\"https:\/\/www.bbmpackaging.com\/fr\/#website\",\"url\":\"https:\/\/www.bbmpackaging.com\/fr\/\",\"name\":\"BBM Packaging\",\"description\":\"Imbottigliamento: macchinari manutenzione e much more\",\"potentialAction\":[{\"@type\":\"SearchAction\",\"target\":{\"@type\":\"EntryPoint\",\"urlTemplate\":\"https:\/\/www.bbmpackaging.com\/fr\/?s={search_term_string}\"},\"query-input\":{\"@type\":\"PropertyValueSpecification\",\"valueRequired\":true,\"valueName\":\"search_term_string\"}}],\"inLanguage\":\"fr-FR\"}]}<\/script>\n<!-- \/ Yoast SEO plugin. -->","yoast_head_json":{"title":"Assemblage pour compte tiers des lignes d'embouteillage et de conditionnement","description":"BBM effectue le montage sous-trait\u00e9 de machines compl\u00e8tes pour les lignes d'embouteillage et d'emballage. Contactez-nous pour savoir comment cela se d\u00e9roule.","robots":{"index":"index","follow":"follow","max-snippet":"max-snippet:-1","max-image-preview":"max-image-preview:large","max-video-preview":"max-video-preview:-1"},"canonical":"https:\/\/www.bbmpackaging.com\/fr\/services\/assemblage-pour-compte-tiers\/","og_locale":"fr_FR","og_type":"article","og_title":"Assemblage pour compte tiers des lignes d'embouteillage et de conditionnement","og_description":"BBM effectue le montage sous-trait\u00e9 de machines compl\u00e8tes pour les lignes d'embouteillage et d'emballage. Contactez-nous pour savoir comment cela se d\u00e9roule.","og_url":"https:\/\/www.bbmpackaging.com\/fr\/services\/assemblage-pour-compte-tiers\/","og_site_name":"BBM Packaging","article_modified_time":"2024-11-27T08:25:00+00:00","og_image":[{"width":1440,"height":1080,"url":"https:\/\/cdn.bbmpackaging.com\/wp-content\/uploads\/2023\/10\/camion-trasporto-rulliere-e1706869606192.jpg","type":"image\/jpeg"}],"twitter_card":"summary_large_image","twitter_misc":{"Dur\u00e9e de lecture estim\u00e9e":"2 minutes"},"schema":{"@context":"https:\/\/schema.org","@graph":[{"@type":"WebPage","@id":"https:\/\/www.bbmpackaging.com\/fr\/services\/assemblage-pour-compte-tiers\/","url":"https:\/\/www.bbmpackaging.com\/fr\/services\/assemblage-pour-compte-tiers\/","name":"Assemblage pour compte tiers des lignes d'embouteillage et de conditionnement","isPartOf":{"@id":"https:\/\/www.bbmpackaging.com\/fr\/#website"},"primaryImageOfPage":{"@id":"https:\/\/www.bbmpackaging.com\/fr\/services\/assemblage-pour-compte-tiers\/#primaryimage"},"image":{"@id":"https:\/\/www.bbmpackaging.com\/fr\/services\/assemblage-pour-compte-tiers\/#primaryimage"},"thumbnailUrl":"https:\/\/cdn.bbmpackaging.com\/wp-content\/uploads\/2023\/10\/camion-trasporto-rulliere-e1706869606192.jpg","datePublished":"2023-08-16T12:01:21+00:00","dateModified":"2024-11-27T08:25:00+00:00","description":"BBM effectue le montage sous-trait\u00e9 de machines compl\u00e8tes pour les lignes d'embouteillage et d'emballage. Contactez-nous pour savoir comment cela se d\u00e9roule.","breadcrumb":{"@id":"https:\/\/www.bbmpackaging.com\/fr\/services\/assemblage-pour-compte-tiers\/#breadcrumb"},"inLanguage":"fr-FR","potentialAction":[{"@type":"ReadAction","target":["https:\/\/www.bbmpackaging.com\/fr\/services\/assemblage-pour-compte-tiers\/"]}]},{"@type":"ImageObject","inLanguage":"fr-FR","@id":"https:\/\/www.bbmpackaging.com\/fr\/services\/assemblage-pour-compte-tiers\/#primaryimage","url":"https:\/\/cdn.bbmpackaging.com\/wp-content\/uploads\/2023\/10\/camion-trasporto-rulliere-e1706869606192.jpg","contentUrl":"https:\/\/cdn.bbmpackaging.com\/wp-content\/uploads\/2023\/10\/camion-trasporto-rulliere-e1706869606192.jpg","width":1440,"height":1080,"caption":"camion trasporto rulliere"},{"@type":"BreadcrumbList","@id":"https:\/\/www.bbmpackaging.com\/fr\/services\/assemblage-pour-compte-tiers\/#breadcrumb","itemListElement":[{"@type":"ListItem","position":1,"name":"Home","item":"https:\/\/www.bbmpackaging.com\/fr\/"},{"@type":"ListItem","position":2,"name":"Service","item":"https:\/\/www.bbmpackaging.com\/fr\/services\/"},{"@type":"ListItem","position":3,"name":"Assemblage de machines \u00e0 fa\u00e7on"}]},{"@type":"WebSite","@id":"https:\/\/www.bbmpackaging.com\/fr\/#website","url":"https:\/\/www.bbmpackaging.com\/fr\/","name":"BBM Packaging","description":"Imbottigliamento: macchinari manutenzione e much more","potentialAction":[{"@type":"SearchAction","target":{"@type":"EntryPoint","urlTemplate":"https:\/\/www.bbmpackaging.com\/fr\/?s={search_term_string}"},"query-input":{"@type":"PropertyValueSpecification","valueRequired":true,"valueName":"search_term_string"}}],"inLanguage":"fr-FR"}]}},"_links":{"self":[{"href":"https:\/\/www.bbmpackaging.com\/fr\/wp-json\/wp\/v2\/pages\/37204","targetHints":{"allow":["GET"]}}],"collection":[{"href":"https:\/\/www.bbmpackaging.com\/fr\/wp-json\/wp\/v2\/pages"}],"about":[{"href":"https:\/\/www.bbmpackaging.com\/fr\/wp-json\/wp\/v2\/types\/page"}],"author":[{"embeddable":true,"href":"https:\/\/www.bbmpackaging.com\/fr\/wp-json\/wp\/v2\/users\/2"}],"replies":[{"embeddable":true,"href":"https:\/\/www.bbmpackaging.com\/fr\/wp-json\/wp\/v2\/comments?post=37204"}],"version-history":[{"count":0,"href":"https:\/\/www.bbmpackaging.com\/fr\/wp-json\/wp\/v2\/pages\/37204\/revisions"}],"up":[{"embeddable":true,"href":"https:\/\/www.bbmpackaging.com\/fr\/wp-json\/wp\/v2\/pages\/21876"}],"wp:featuredmedia":[{"embeddable":true,"href":"https:\/\/www.bbmpackaging.com\/fr\/wp-json\/wp\/v2\/media\/37760"}],"wp:attachment":[{"href":"https:\/\/www.bbmpackaging.com\/fr\/wp-json\/wp\/v2\/media?parent=37204"}],"curies":[{"name":"wp","href":"https:\/\/api.w.org\/{rel}","templated":true}]}}