{"id":38708,"date":"2024-01-18T15:11:11","date_gmt":"2024-01-18T14:11:11","guid":{"rendered":"https:\/\/www.bbmpackaging.com\/qualita\/"},"modified":"2025-10-15T08:59:49","modified_gmt":"2025-10-15T06:59:49","slug":"qualita","status":"publish","type":"page","link":"https:\/\/www.bbmpackaging.com\/fr\/qui-sommes-nous\/qualite\/","title":{"rendered":"Qualit\u00e9"},"content":{"rendered":"<h2><strong>BBM : Excellence, Innovation et Fiabilit\u00e9 dans les Pi\u00e8ces de Rechange pour l\u2019Emballage et le Conditionnement<\/strong><\/h2>\n<p>Chez BBM, la qualit\u00e9 n\u2019est pas seulement un objectif, mais une marque distinctive qui nous distingue dans le secteur des <a title=\"Pi\u00e8ces de rechange BBM\" href=\"https:\/\/www.bbmpackaging.com\/fr\/pieces-de-rechange\/\" target=\"_blank\" rel=\"noopener\"><strong>pi\u00e8ces de rechange pour machines d\u2019embouteillage et de conditionnement<\/strong><\/a>. D\u00e9couvrez les trois piliers de notre qualit\u00e9 : des normes \u00e9lev\u00e9es, des performances durables et une fiabilit\u00e9 sans compromis.<\/p>\n<p>BBM Service fournit&nbsp;des pi\u00e8ces de rechange compatibles pour les machines d\u2019embouteillage et de conditionnement d\u2019eau, de boissons et de produits alimentaires. Afin de garantir la conformit\u00e9 des pi\u00e8ces aux normes de qualit\u00e9 les plus \u00e9lev\u00e9es, BBM a mis en place un processus de contr\u00f4le qualit\u00e9 rigoureux et a con\u00e7u une salle de m\u00e9trologie interne \u00e9quip\u00e9e d\u2019instruments de pointe.<\/p>\n<ul>\n<li><span style=\"color: #000000;\">Proc\u00e9dure rigoureuse de contr\u00f4le qualit\u00e9 gr\u00e2ce \u00e0 la pr\u00e9sence d\u2019une <strong>salle de m\u00e9trologie interne<\/strong><\/span><\/li>\n<li><span style=\"color: #000000;\">Collaboration avec des <strong>partenaires d\u2019excellence<\/strong> : des fournisseurs s\u00e9lectionn\u00e9s qui effectuent des analyses approfondies des articles after-market, en compl\u00e9ment de nos tests internes. Tous les fournisseurs sont constamment \u00e9valu\u00e9s \u00e0 travers un processus de notation des fournisseurs (vendor rating)<\/span><\/li>\n<li><span style=\"color: #000000;\">R\u00e9daction de <strong>rapports internes de conformit\u00e9<\/strong><\/span><\/li>\n<\/ul>\n<h4><strong>Salle de m\u00e9trologie BBM : un environnement id\u00e9al pour atteindre les plus hauts niveaux de qualit\u00e9 et de productivit\u00e9<\/strong><\/h4>\n<p><strong>BBM a construit une v\u00e9ritable salle de m\u00e9trologie interne.<\/strong> La salle de m\u00e9trologie de BBM est un environnement climatis\u00e9 et \u00e0 temp\u00e9rature contr\u00f4l\u00e9e, \u00e9quip\u00e9 des instruments n\u00e9cessaires pour un contr\u00f4le dimensionnel de haute pr\u00e9cision. Parmi les instruments disponibles : pieds \u00e0 coulisse num\u00e9riques de grande taille, microm\u00e8tres num\u00e9riques externes et internes, al\u00e9som\u00e8tres, durom\u00e8tres, rugosim\u00e8tres, projecteur de profils, microscope num\u00e9rique et autres dispositifs permettant une mesure extr\u00eamement pr\u00e9cise des param\u00e8tres des pi\u00e8ces.<\/p>\n<p><iframe loading=\"lazy\" title=\"YouTube video player\" src=\"https:\/\/www.youtube.com\/embed\/hl8UutVT2Y8?si=-i2xNXQx1qOo_GFV\" width=\"560\" height=\"315\" frameborder=\"0\" allowfullscreen=\"allowfullscreen\"><\/iframe><\/p>\n<h4><strong>Reverse Engineering<\/strong><\/h4>\n<p>Le reverse engineering est le processus d\u2019analyse d\u2019un produit afin de comprendre sa structure et ses principes de conception, souvent dans le but de le reproduire \u2013 toujours dans le respect des lois en vigueur sur la propri\u00e9t\u00e9 intellectuelle. Il peut \u00eatre utilis\u00e9 \u00e0 diverses fins, comme l\u2019am\u00e9lioration ou la correction d\u2019un produit existant.<\/p>\n<p>Avec le bras de mesure <strong>Quantum Max de <a title=\"FARO Technologies\" href=\"https:\/\/www.faro.com\/fr-FR\" target=\"_blank\" rel=\"noopener\">FARO Technologies<\/a><\/strong>, BBM effectue des mesures compl\u00e8tes sur la machine du client. La d\u00e9tection dimensionnelle pr\u00e9cise permet une reproduction fid\u00e8le des pi\u00e8ces de rechange, <strong>y compris celles qui ne sont plus commercialis\u00e9es<\/strong>. Le bras garantit une rapidit\u00e9 et une pr\u00e9cision exceptionnelles, facilitant les inspections 3D et l\u2019identification rapide des d\u00e9fauts.<\/p>\n<p>Gr\u00e2ce \u00e0 sa portabilit\u00e9 et \u00e0 son extension de 2,5 m\u00e8tres, nous r\u00e9alisons des relev\u00e9s m\u00eame sur des pi\u00e8ces de grande taille ou de formes complexes, aussi bien dans notre atelier que sur le site du client.<\/p>\n<h4><strong>Machine de mesure \u00e0 balayage ZEISS<\/strong><\/h4>\n<p>La salle de m\u00e9trologie de BBM poss\u00e8de son joyau : une machine de mesure tridimensionnelle \u00e0 balayage&nbsp;<a title=\"ZEISS\" href=\"https:\/\/www.zeiss.fr\/metrologie\/home.html\"><strong>ZEISS<\/strong><\/a> Duramax, une marque de r\u00e9f\u00e9rence dans le domaine de la mesure de pr\u00e9cision. Gr\u00e2ce \u00e0 sa technologie de balayage avanc\u00e9e, \u00e0 sa pr\u00e9cision micronique assist\u00e9e par ordinateur, \u00e0 sa mesure haute r\u00e9solution et \u00e0 son automatisation compl\u00e8te, le syst\u00e8me de mesure de BBM est in\u00e9gal\u00e9 dans sa cat\u00e9gorie.<\/p>\n<h4><strong>Nouvelle arriv\u00e9e : Machine optique ZEISS<\/strong><\/h4>\n<p>La toute nouvelle machine optique ZEISS est d\u00e9sormais op\u00e9rationnelle. Dot\u00e9e d\u2019un haut degr\u00e9 d\u2019automatisation et de capteurs de derni\u00e8re g\u00e9n\u00e9ration, elle permet une mesure extr\u00eamement rapide et encore plus pr\u00e9cise des composants distribu\u00e9s par BBM.<\/p>\n<p>Gr\u00e2ce \u00e0 l\u2019action combin\u00e9e des deux machines, un contr\u00f4le \u00e0 360 degr\u00e9s de chaque pi\u00e8ce est obtenu&nbsp;\u2013 la premi\u00e8re est id\u00e9ale pour la mesure de surfaces moyennes et grandes ainsi que pour les pi\u00e8ces complexes, tandis que la seconde est parfaite pour les petits composants et la visserie.<\/p>\n<p>&nbsp;<\/p>\n<p><iframe loading=\"lazy\" title=\"YouTube video player\" src=\"https:\/\/www.youtube.com\/embed\/pNdDtDQ7nR4?si=m_ns6X49xHYh3e7I\" width=\"560\" height=\"315\" frameborder=\"0\" allowfullscreen=\"allowfullscreen\"><span data-mce-type=\"bookmark\" style=\"display: inline-block; width: 0px; overflow: hidden; line-height: 0;\" class=\"mce_SELRES_start\">\ufeff<\/span><span data-mce-type=\"bookmark\" style=\"display: inline-block; width: 0px; overflow: hidden; line-height: 0;\" class=\"mce_SELRES_start\">\ufeff<\/span><\/iframe><\/p>\n<h3><strong>Pourquoi faire confiance \u00e0 la qualit\u00e9 BBM Service ?<\/strong><\/h3>\n<p>La recherche de la qualit\u00e9 est un processus rigoureux, n\u00e9cessaire pour identifier les faiblesses d\u2019une pi\u00e8ce et les corriger, am\u00e9liorant ainsi ses performances et prolongeant sa dur\u00e9e de vie. BBM est un partenaire fiable pour identifier les probl\u00e8mes les plus sp\u00e9cifiques des pi\u00e8ces, afin d\u2019en am\u00e9liorer les performances gr\u00e2ce \u00e0 de nouveaux traitements et rev\u00eatements. L\u2019objectif final ? Am\u00e9liorer la dur\u00e9e de vie de la pi\u00e8ce et, par cons\u00e9quent, celle de la machine.<\/p>\n<p><strong>Les pi\u00e8ces de rechange BBM utilis\u00e9es lors des interventions de <a title=\"maintenance de la ligne d\u2019embouteillage\" href=\"https:\/\/www.bbmpackaging.com\/fr\/maintenance\/\" target=\"_blank\" rel=\"noopener\">maintenance de la ligne d\u2019embouteillage<\/a> suivent \u00e9galement ce processus rigoureux. Ce n\u2019est qu\u2019une fois d\u00e9clar\u00e9es conformes qu\u2019elles sont autoris\u00e9es \u00e0 \u00eatre exp\u00e9di\u00e9es et stock\u00e9es.<\/strong><\/p>\n<div id='gallery-1' class='gallery galleryid-38708 gallery-columns-3 gallery-size-medium'><figure class='gallery-item'>\n\t\t\t<div class='gallery-icon landscape'>\n\t\t\t\t<a href='https:\/\/www.bbmpackaging.com\/fr\/qui-sommes-nous\/qualite\/attachment\/sidel-krones-smi-pieces-rechange-qualite-6\/'><img decoding=\"async\" width=\"300\" height=\"200\" src=\"https:\/\/www.bbmpackaging.com\/wp-content\/uploads\/2025\/10\/sidel-krones-smi-pieces-rechange-qualite-6-300x200.jpg\" class=\"attachment-medium size-medium\" alt=\"BBM propose des pi\u00e8ces de rechange pour l\u2019embouteillage, garanties par des contr\u00f4les qualit\u00e9 stricts et une salle m\u00e9trologique moderne.\" srcset=\"https:\/\/www.bbmpackaging.com\/wp-content\/uploads\/2025\/10\/sidel-krones-smi-pieces-rechange-qualite-6-300x200.jpg 300w, https:\/\/www.bbmpackaging.com\/wp-content\/uploads\/2025\/10\/sidel-krones-smi-pieces-rechange-qualite-6-768x512.jpg 768w, https:\/\/www.bbmpackaging.com\/wp-content\/uploads\/2025\/10\/sidel-krones-smi-pieces-rechange-qualite-6-420x280.jpg 420w, https:\/\/www.bbmpackaging.com\/wp-content\/uploads\/2025\/10\/sidel-krones-smi-pieces-rechange-qualite-6-560x374.jpg 560w, https:\/\/www.bbmpackaging.com\/wp-content\/uploads\/2025\/10\/sidel-krones-smi-pieces-rechange-qualite-6.jpg 1024w\" sizes=\"(max-width: 300px) 100vw, 300px\" \/><\/a>\n\t\t\t<\/div><\/figure><figure class='gallery-item'>\n\t\t\t<div class='gallery-icon landscape'>\n\t\t\t\t<a href='https:\/\/www.bbmpackaging.com\/fr\/qui-sommes-nous\/qualite\/attachment\/sidel-krones-smi-pieces-rechange-qualite-1\/'><img decoding=\"async\" width=\"300\" height=\"200\" src=\"https:\/\/www.bbmpackaging.com\/wp-content\/uploads\/2025\/10\/sidel-krones-smi-pieces-rechange-qualite-1-300x200.jpg\" class=\"attachment-medium size-medium\" alt=\"BBM propose des pi\u00e8ces de rechange pour l\u2019embouteillage, garanties par des contr\u00f4les qualit\u00e9 stricts et une salle m\u00e9trologique moderne.\" srcset=\"https:\/\/www.bbmpackaging.com\/wp-content\/uploads\/2025\/10\/sidel-krones-smi-pieces-rechange-qualite-1-300x200.jpg 300w, https:\/\/www.bbmpackaging.com\/wp-content\/uploads\/2025\/10\/sidel-krones-smi-pieces-rechange-qualite-1-768x512.jpg 768w, https:\/\/www.bbmpackaging.com\/wp-content\/uploads\/2025\/10\/sidel-krones-smi-pieces-rechange-qualite-1-420x280.jpg 420w, https:\/\/www.bbmpackaging.com\/wp-content\/uploads\/2025\/10\/sidel-krones-smi-pieces-rechange-qualite-1-560x374.jpg 560w, https:\/\/www.bbmpackaging.com\/wp-content\/uploads\/2025\/10\/sidel-krones-smi-pieces-rechange-qualite-1.jpg 1024w\" sizes=\"(max-width: 300px) 100vw, 300px\" \/><\/a>\n\t\t\t<\/div><\/figure><figure class='gallery-item'>\n\t\t\t<div class='gallery-icon landscape'>\n\t\t\t\t<a href='https:\/\/www.bbmpackaging.com\/fr\/qui-sommes-nous\/qualite\/attachment\/sidel-krones-smi-pieces-rechange-qualite-2\/'><img decoding=\"async\" width=\"300\" height=\"200\" src=\"https:\/\/www.bbmpackaging.com\/wp-content\/uploads\/2025\/10\/sidel-krones-smi-pieces-rechange-qualite-2-300x200.jpg\" class=\"attachment-medium size-medium\" alt=\"BBM propose des pi\u00e8ces de rechange pour l\u2019embouteillage, garanties par des contr\u00f4les qualit\u00e9 stricts et une salle m\u00e9trologique moderne.\" srcset=\"https:\/\/www.bbmpackaging.com\/wp-content\/uploads\/2025\/10\/sidel-krones-smi-pieces-rechange-qualite-2-300x200.jpg 300w, https:\/\/www.bbmpackaging.com\/wp-content\/uploads\/2025\/10\/sidel-krones-smi-pieces-rechange-qualite-2-768x512.jpg 768w, https:\/\/www.bbmpackaging.com\/wp-content\/uploads\/2025\/10\/sidel-krones-smi-pieces-rechange-qualite-2-420x280.jpg 420w, https:\/\/www.bbmpackaging.com\/wp-content\/uploads\/2025\/10\/sidel-krones-smi-pieces-rechange-qualite-2-560x374.jpg 560w, https:\/\/www.bbmpackaging.com\/wp-content\/uploads\/2025\/10\/sidel-krones-smi-pieces-rechange-qualite-2.jpg 1024w\" sizes=\"(max-width: 300px) 100vw, 300px\" \/><\/a>\n\t\t\t<\/div><\/figure><figure class='gallery-item'>\n\t\t\t<div class='gallery-icon landscape'>\n\t\t\t\t<a href='https:\/\/www.bbmpackaging.com\/fr\/qui-sommes-nous\/qualite\/attachment\/sidel-krones-smi-pieces-rechange-qualite-3\/'><img decoding=\"async\" width=\"300\" height=\"200\" src=\"https:\/\/www.bbmpackaging.com\/wp-content\/uploads\/2025\/10\/sidel-krones-smi-pieces-rechange-qualite-3-300x200.jpg\" class=\"attachment-medium size-medium\" alt=\"BBM propose des pi\u00e8ces de rechange pour l\u2019embouteillage, garanties par des contr\u00f4les qualit\u00e9 stricts et une salle m\u00e9trologique moderne.\" srcset=\"https:\/\/www.bbmpackaging.com\/wp-content\/uploads\/2025\/10\/sidel-krones-smi-pieces-rechange-qualite-3-300x200.jpg 300w, https:\/\/www.bbmpackaging.com\/wp-content\/uploads\/2025\/10\/sidel-krones-smi-pieces-rechange-qualite-3-768x512.jpg 768w, https:\/\/www.bbmpackaging.com\/wp-content\/uploads\/2025\/10\/sidel-krones-smi-pieces-rechange-qualite-3-420x280.jpg 420w, https:\/\/www.bbmpackaging.com\/wp-content\/uploads\/2025\/10\/sidel-krones-smi-pieces-rechange-qualite-3-560x374.jpg 560w, https:\/\/www.bbmpackaging.com\/wp-content\/uploads\/2025\/10\/sidel-krones-smi-pieces-rechange-qualite-3.jpg 1024w\" sizes=\"(max-width: 300px) 100vw, 300px\" \/><\/a>\n\t\t\t<\/div><\/figure><figure class='gallery-item'>\n\t\t\t<div class='gallery-icon landscape'>\n\t\t\t\t<a href='https:\/\/www.bbmpackaging.com\/fr\/qui-sommes-nous\/qualite\/attachment\/sidel-krones-smi-pieces-rechange-qualite-4\/'><img decoding=\"async\" width=\"300\" height=\"200\" src=\"https:\/\/www.bbmpackaging.com\/wp-content\/uploads\/2025\/10\/sidel-krones-smi-pieces-rechange-qualite-4-300x200.jpg\" class=\"attachment-medium size-medium\" alt=\"BBM propose des pi\u00e8ces de rechange pour l\u2019embouteillage, garanties par des contr\u00f4les qualit\u00e9 stricts et une salle m\u00e9trologique moderne.\" srcset=\"https:\/\/www.bbmpackaging.com\/wp-content\/uploads\/2025\/10\/sidel-krones-smi-pieces-rechange-qualite-4-300x200.jpg 300w, https:\/\/www.bbmpackaging.com\/wp-content\/uploads\/2025\/10\/sidel-krones-smi-pieces-rechange-qualite-4-768x512.jpg 768w, https:\/\/www.bbmpackaging.com\/wp-content\/uploads\/2025\/10\/sidel-krones-smi-pieces-rechange-qualite-4-420x280.jpg 420w, https:\/\/www.bbmpackaging.com\/wp-content\/uploads\/2025\/10\/sidel-krones-smi-pieces-rechange-qualite-4-560x374.jpg 560w, https:\/\/www.bbmpackaging.com\/wp-content\/uploads\/2025\/10\/sidel-krones-smi-pieces-rechange-qualite-4.jpg 1024w\" sizes=\"(max-width: 300px) 100vw, 300px\" \/><\/a>\n\t\t\t<\/div><\/figure><figure class='gallery-item'>\n\t\t\t<div class='gallery-icon landscape'>\n\t\t\t\t<a href='https:\/\/www.bbmpackaging.com\/fr\/qui-sommes-nous\/qualite\/attachment\/sidel-krones-smi-pieces-rechange-qualite-5\/'><img decoding=\"async\" width=\"300\" height=\"200\" src=\"https:\/\/www.bbmpackaging.com\/wp-content\/uploads\/2025\/10\/sidel-krones-smi-pieces-rechange-qualite-5-300x200.jpg\" class=\"attachment-medium size-medium\" alt=\"\" srcset=\"https:\/\/www.bbmpackaging.com\/wp-content\/uploads\/2025\/10\/sidel-krones-smi-pieces-rechange-qualite-5-300x200.jpg 300w, https:\/\/www.bbmpackaging.com\/wp-content\/uploads\/2025\/10\/sidel-krones-smi-pieces-rechange-qualite-5-768x512.jpg 768w, https:\/\/www.bbmpackaging.com\/wp-content\/uploads\/2025\/10\/sidel-krones-smi-pieces-rechange-qualite-5-420x280.jpg 420w, https:\/\/www.bbmpackaging.com\/wp-content\/uploads\/2025\/10\/sidel-krones-smi-pieces-rechange-qualite-5-560x374.jpg 560w, https:\/\/www.bbmpackaging.com\/wp-content\/uploads\/2025\/10\/sidel-krones-smi-pieces-rechange-qualite-5.jpg 1024w\" sizes=\"(max-width: 300px) 100vw, 300px\" \/><\/a>\n\t\t\t<\/div><\/figure>\n\t\t<\/div>\n\n<h4><strong>Formation continue<\/strong><\/h4>\n<p>BBM investit massivement dans la formation de son bureau technique. Chaque ann\u00e9e, nos ing\u00e9nieurs et concepteurs participent \u00e0 des sessions de formation stimulantes dans des institutions prestigieuses telles que l\u2019<a title=\"Universit\u00e9 de Bergame\" href=\"https:\/\/www.unibg.it\/\" target=\"_blank\" rel=\"noopener\">Universit\u00e9 de Bergame<\/a> \u2013 facult\u00e9 d\u2019ing\u00e9nierie \u2013 et la Chambre de commerce de Bergame. En nous concentrant sur des th\u00e8mes essentiels tels que les mat\u00e9riaux innovants, qu\u2019ils soient m\u00e9talliques ou plastiques, nous nous engageons \u00e0 garantir une qualit\u00e9 toujours croissante pour r\u00e9pondre aux exigences de plus en plus \u00e9lev\u00e9es de nos clients.<\/p>\n<h4><strong>D\u00e9lais de r\u00e9ponse rapides et fiables<\/strong><\/h4>\n<p><strong>Un PLUS \u00e0 ne pas sous-estimer \u2013&nbsp;<\/strong>Chaque demande client est trait\u00e9e avec la plus grande rapidit\u00e9, sans jamais compromettre la qualit\u00e9 ni la pr\u00e9cision des r\u00e9ponses. D\u00e9couvrez l\u2019efficacit\u00e9 de notre infrastructure logistique, qui nous permet de surveiller en permanence les demandes entrantes et de traiter les commandes dans les meilleurs d\u00e9lais.<\/p>\n<p><strong><a class=\"button\" href=\"https:\/\/www.bbmpackaging.com\/wp-content\/uploads\/2025\/09\/BBM_Pieces-de-rechange_2025_compressed.pdf\" target=\"_blank\" rel=\"noopener\">D\u00e9couvrez la s\u00e9lection de pi\u00e8ces de rechange compatibles BBM<\/a><\/strong><\/p>\n","protected":false},"excerpt":{"rendered":"<p>BBM : Excellence, Innovation et Fiabilit\u00e9 dans les Pi\u00e8ces de Rechange pour l\u2019Emballage et le Conditionnement Chez BBM,&#8230;<\/p>\n","protected":false},"author":2,"featured_media":52746,"parent":21906,"menu_order":0,"comment_status":"closed","ping_status":"closed","template":"page-chisiamo.php","meta":{"_acf_changed":false,"footnotes":""},"class_list":["post-38708","page","type-page","status-publish","has-post-thumbnail","hentry"],"acf":[],"yoast_head":"<!-- This site is optimized with the Yoast SEO plugin v27.2 - https:\/\/yoast.com\/product\/yoast-seo-wordpress\/ -->\n<title>La qualit\u00e9 des pi\u00e8ces de rechange compatibles BBM Packaging<\/title>\n<meta name=\"description\" content=\"BBM propose des pi\u00e8ces de rechange pour l\u2019embouteillage, garanties par des contr\u00f4les qualit\u00e9 stricts et une salle m\u00e9trologique moderne.\" \/>\n<meta name=\"robots\" content=\"index, follow, max-snippet:-1, max-image-preview:large, max-video-preview:-1\" \/>\n<link rel=\"canonical\" href=\"https:\/\/www.bbmpackaging.com\/fr\/qui-sommes-nous\/qualite\/\" \/>\n<meta property=\"og:locale\" content=\"fr_FR\" \/>\n<meta property=\"og:type\" content=\"article\" \/>\n<meta property=\"og:title\" content=\"La qualit\u00e9 des pi\u00e8ces de rechange compatibles BBM Packaging\" \/>\n<meta property=\"og:description\" content=\"BBM propose des pi\u00e8ces de rechange pour l\u2019embouteillage, garanties par des contr\u00f4les qualit\u00e9 stricts et une salle m\u00e9trologique moderne.\" \/>\n<meta property=\"og:url\" content=\"https:\/\/www.bbmpackaging.com\/fr\/qui-sommes-nous\/qualite\/\" \/>\n<meta property=\"og:site_name\" content=\"BBM Packaging\" \/>\n<meta property=\"article:modified_time\" content=\"2025-10-15T06:59:49+00:00\" \/>\n<meta property=\"og:image\" content=\"https:\/\/www.bbmpackaging.com\/wp-content\/uploads\/2025\/05\/qualita-ricambi-bbm-packaging.jpg\" \/>\n\t<meta property=\"og:image:width\" content=\"1620\" \/>\n\t<meta property=\"og:image:height\" content=\"1080\" \/>\n\t<meta property=\"og:image:type\" content=\"image\/jpeg\" \/>\n<meta name=\"twitter:card\" content=\"summary_large_image\" \/>\n<meta name=\"twitter:label1\" content=\"Dur\u00e9e de lecture estim\u00e9e\" \/>\n\t<meta name=\"twitter:data1\" content=\"5 minutes\" \/>\n<script type=\"application\/ld+json\" class=\"yoast-schema-graph\">{\"@context\":\"https:\/\/schema.org\",\"@graph\":[{\"@type\":\"WebPage\",\"@id\":\"https:\/\/www.bbmpackaging.com\/fr\/qui-sommes-nous\/qualite\/\",\"url\":\"https:\/\/www.bbmpackaging.com\/fr\/qui-sommes-nous\/qualite\/\",\"name\":\"La qualit\u00e9 des pi\u00e8ces de rechange compatibles BBM Packaging\",\"isPartOf\":{\"@id\":\"https:\/\/www.bbmpackaging.com\/fr\/#website\"},\"primaryImageOfPage\":{\"@id\":\"https:\/\/www.bbmpackaging.com\/fr\/qui-sommes-nous\/qualite\/#primaryimage\"},\"image\":{\"@id\":\"https:\/\/www.bbmpackaging.com\/fr\/qui-sommes-nous\/qualite\/#primaryimage\"},\"thumbnailUrl\":\"https:\/\/cdn.bbmpackaging.com\/wp-content\/uploads\/2025\/05\/qualita-ricambi-bbm-packaging.jpg\",\"datePublished\":\"2024-01-18T14:11:11+00:00\",\"dateModified\":\"2025-10-15T06:59:49+00:00\",\"description\":\"BBM propose des pi\u00e8ces de rechange pour l\u2019embouteillage, garanties par des contr\u00f4les qualit\u00e9 stricts et une salle m\u00e9trologique moderne.\",\"breadcrumb\":{\"@id\":\"https:\/\/www.bbmpackaging.com\/fr\/qui-sommes-nous\/qualite\/#breadcrumb\"},\"inLanguage\":\"fr-FR\",\"potentialAction\":[{\"@type\":\"ReadAction\",\"target\":[\"https:\/\/www.bbmpackaging.com\/fr\/qui-sommes-nous\/qualite\/\"]}]},{\"@type\":\"ImageObject\",\"inLanguage\":\"fr-FR\",\"@id\":\"https:\/\/www.bbmpackaging.com\/fr\/qui-sommes-nous\/qualite\/#primaryimage\",\"url\":\"https:\/\/cdn.bbmpackaging.com\/wp-content\/uploads\/2025\/05\/qualita-ricambi-bbm-packaging.jpg\",\"contentUrl\":\"https:\/\/cdn.bbmpackaging.com\/wp-content\/uploads\/2025\/05\/qualita-ricambi-bbm-packaging.jpg\",\"width\":1620,\"height\":1080,\"caption\":\"Ricambi compatibili di alta qualit\u00e0 per macchine di imbottigliamento e confezionamento. BBM Packaging garantisce affidabilit\u00e0, ampia disponibilit\u00e0 e soluzioni su misura per ridurre i fermi impianto\"},{\"@type\":\"BreadcrumbList\",\"@id\":\"https:\/\/www.bbmpackaging.com\/fr\/qui-sommes-nous\/qualite\/#breadcrumb\",\"itemListElement\":[{\"@type\":\"ListItem\",\"position\":1,\"name\":\"Home\",\"item\":\"https:\/\/www.bbmpackaging.com\/fr\/\"},{\"@type\":\"ListItem\",\"position\":2,\"name\":\"Qui sommes\",\"item\":\"https:\/\/www.bbmpackaging.com\/fr\/qui-sommes-nous\/\"},{\"@type\":\"ListItem\",\"position\":3,\"name\":\"Qualit\u00e9\"}]},{\"@type\":\"WebSite\",\"@id\":\"https:\/\/www.bbmpackaging.com\/fr\/#website\",\"url\":\"https:\/\/www.bbmpackaging.com\/fr\/\",\"name\":\"BBM Packaging\",\"description\":\"Imbottigliamento: macchinari manutenzione e much more\",\"potentialAction\":[{\"@type\":\"SearchAction\",\"target\":{\"@type\":\"EntryPoint\",\"urlTemplate\":\"https:\/\/www.bbmpackaging.com\/fr\/?s={search_term_string}\"},\"query-input\":{\"@type\":\"PropertyValueSpecification\",\"valueRequired\":true,\"valueName\":\"search_term_string\"}}],\"inLanguage\":\"fr-FR\"}]}<\/script>\n<!-- \/ Yoast SEO plugin. -->","yoast_head_json":{"title":"La qualit\u00e9 des pi\u00e8ces de rechange compatibles BBM Packaging","description":"BBM propose des pi\u00e8ces de rechange pour l\u2019embouteillage, garanties par des contr\u00f4les qualit\u00e9 stricts et une salle m\u00e9trologique moderne.","robots":{"index":"index","follow":"follow","max-snippet":"max-snippet:-1","max-image-preview":"max-image-preview:large","max-video-preview":"max-video-preview:-1"},"canonical":"https:\/\/www.bbmpackaging.com\/fr\/qui-sommes-nous\/qualite\/","og_locale":"fr_FR","og_type":"article","og_title":"La qualit\u00e9 des pi\u00e8ces de rechange compatibles BBM Packaging","og_description":"BBM propose des pi\u00e8ces de rechange pour l\u2019embouteillage, garanties par des contr\u00f4les qualit\u00e9 stricts et une salle m\u00e9trologique moderne.","og_url":"https:\/\/www.bbmpackaging.com\/fr\/qui-sommes-nous\/qualite\/","og_site_name":"BBM Packaging","article_modified_time":"2025-10-15T06:59:49+00:00","og_image":[{"width":1620,"height":1080,"url":"https:\/\/www.bbmpackaging.com\/wp-content\/uploads\/2025\/05\/qualita-ricambi-bbm-packaging.jpg","type":"image\/jpeg"}],"twitter_card":"summary_large_image","twitter_misc":{"Dur\u00e9e de lecture estim\u00e9e":"5 minutes"},"schema":{"@context":"https:\/\/schema.org","@graph":[{"@type":"WebPage","@id":"https:\/\/www.bbmpackaging.com\/fr\/qui-sommes-nous\/qualite\/","url":"https:\/\/www.bbmpackaging.com\/fr\/qui-sommes-nous\/qualite\/","name":"La qualit\u00e9 des pi\u00e8ces de rechange compatibles BBM Packaging","isPartOf":{"@id":"https:\/\/www.bbmpackaging.com\/fr\/#website"},"primaryImageOfPage":{"@id":"https:\/\/www.bbmpackaging.com\/fr\/qui-sommes-nous\/qualite\/#primaryimage"},"image":{"@id":"https:\/\/www.bbmpackaging.com\/fr\/qui-sommes-nous\/qualite\/#primaryimage"},"thumbnailUrl":"https:\/\/cdn.bbmpackaging.com\/wp-content\/uploads\/2025\/05\/qualita-ricambi-bbm-packaging.jpg","datePublished":"2024-01-18T14:11:11+00:00","dateModified":"2025-10-15T06:59:49+00:00","description":"BBM propose des pi\u00e8ces de rechange pour l\u2019embouteillage, garanties par des contr\u00f4les qualit\u00e9 stricts et une salle m\u00e9trologique moderne.","breadcrumb":{"@id":"https:\/\/www.bbmpackaging.com\/fr\/qui-sommes-nous\/qualite\/#breadcrumb"},"inLanguage":"fr-FR","potentialAction":[{"@type":"ReadAction","target":["https:\/\/www.bbmpackaging.com\/fr\/qui-sommes-nous\/qualite\/"]}]},{"@type":"ImageObject","inLanguage":"fr-FR","@id":"https:\/\/www.bbmpackaging.com\/fr\/qui-sommes-nous\/qualite\/#primaryimage","url":"https:\/\/cdn.bbmpackaging.com\/wp-content\/uploads\/2025\/05\/qualita-ricambi-bbm-packaging.jpg","contentUrl":"https:\/\/cdn.bbmpackaging.com\/wp-content\/uploads\/2025\/05\/qualita-ricambi-bbm-packaging.jpg","width":1620,"height":1080,"caption":"Ricambi compatibili di alta qualit\u00e0 per macchine di imbottigliamento e confezionamento. BBM Packaging garantisce affidabilit\u00e0, ampia disponibilit\u00e0 e soluzioni su misura per ridurre i fermi impianto"},{"@type":"BreadcrumbList","@id":"https:\/\/www.bbmpackaging.com\/fr\/qui-sommes-nous\/qualite\/#breadcrumb","itemListElement":[{"@type":"ListItem","position":1,"name":"Home","item":"https:\/\/www.bbmpackaging.com\/fr\/"},{"@type":"ListItem","position":2,"name":"Qui sommes","item":"https:\/\/www.bbmpackaging.com\/fr\/qui-sommes-nous\/"},{"@type":"ListItem","position":3,"name":"Qualit\u00e9"}]},{"@type":"WebSite","@id":"https:\/\/www.bbmpackaging.com\/fr\/#website","url":"https:\/\/www.bbmpackaging.com\/fr\/","name":"BBM Packaging","description":"Imbottigliamento: macchinari manutenzione e much more","potentialAction":[{"@type":"SearchAction","target":{"@type":"EntryPoint","urlTemplate":"https:\/\/www.bbmpackaging.com\/fr\/?s={search_term_string}"},"query-input":{"@type":"PropertyValueSpecification","valueRequired":true,"valueName":"search_term_string"}}],"inLanguage":"fr-FR"}]}},"_links":{"self":[{"href":"https:\/\/www.bbmpackaging.com\/fr\/wp-json\/wp\/v2\/pages\/38708","targetHints":{"allow":["GET"]}}],"collection":[{"href":"https:\/\/www.bbmpackaging.com\/fr\/wp-json\/wp\/v2\/pages"}],"about":[{"href":"https:\/\/www.bbmpackaging.com\/fr\/wp-json\/wp\/v2\/types\/page"}],"author":[{"embeddable":true,"href":"https:\/\/www.bbmpackaging.com\/fr\/wp-json\/wp\/v2\/users\/2"}],"replies":[{"embeddable":true,"href":"https:\/\/www.bbmpackaging.com\/fr\/wp-json\/wp\/v2\/comments?post=38708"}],"version-history":[{"count":4,"href":"https:\/\/www.bbmpackaging.com\/fr\/wp-json\/wp\/v2\/pages\/38708\/revisions"}],"predecessor-version":[{"id":72041,"href":"https:\/\/www.bbmpackaging.com\/fr\/wp-json\/wp\/v2\/pages\/38708\/revisions\/72041"}],"up":[{"embeddable":true,"href":"https:\/\/www.bbmpackaging.com\/fr\/wp-json\/wp\/v2\/pages\/21906"}],"wp:featuredmedia":[{"embeddable":true,"href":"https:\/\/www.bbmpackaging.com\/fr\/wp-json\/wp\/v2\/media\/52746"}],"wp:attachment":[{"href":"https:\/\/www.bbmpackaging.com\/fr\/wp-json\/wp\/v2\/media?parent=38708"}],"curies":[{"name":"wp","href":"https:\/\/api.w.org\/{rel}","templated":true}]}}