{"id":38795,"date":"2024-01-19T17:32:50","date_gmt":"2024-01-19T16:32:50","guid":{"rendered":"https:\/\/www.bbmpackaging.com\/logistica-bbm\/"},"modified":"2025-09-10T16:52:09","modified_gmt":"2025-09-10T14:52:09","slug":"logistica-bbm","status":"publish","type":"page","link":"https:\/\/www.bbmpackaging.com\/fr\/qui-sommes-nous\/logistique\/","title":{"rendered":"Logistique"},"content":{"rendered":"<h2><strong>LOGISTIQUE BBM : UN MOD\u00c8LE D&rsquo;AUTOMATISATION ET DE LARGE GAMME<\/strong><\/h2>\n<div class=\"w-full text-token-text-primary\" data-testid=\"conversation-turn-10\">\n<div class=\"px-4 py-2 justify-center text-base md:gap-6 m-auto\">\n<div class=\"flex flex-1 text-base mx-auto gap-3 md:px-5 lg:px-1 xl:px-5 md:max-w-3xl lg:max-w-[40rem] xl:max-w-[48rem] group\">\n<div class=\"relative flex w-full flex-col lg:w-[calc(100%-115px)]\">\n<div class=\"flex-col gap-1 md:gap-3\">\n<div class=\"flex flex-grow flex-col max-w-full\">\n<div class=\"min-h-[20px] text-message flex flex-col items-start gap-3 whitespace-pre-wrap break-words [.text-message+&amp;]:mt-5 overflow-x-auto\" data-message-author-role=\"user\" data-message-id=\"aaa2fe44-3767-4019-a97e-711b3c5d628c\">\n<div class=\"\"><strong>Pour relever les d\u00e9fis du secteur, nous avons investi dans le renforcement du stock de pi\u00e8ces de rechange compatibles pour l&#8217;embouteillage et le conditionnement, ainsi que dans l&rsquo;automatisation de toute la cha\u00eene d&rsquo;approvisionnement.<\/strong><\/div>\n<div>&nbsp;<\/div>\n<h3><strong>Investissements et innovation pour optimiser l&rsquo;exp\u00e9rience client<\/strong><\/h3>\n<div class=\"w-full text-token-text-primary\" data-testid=\"conversation-turn-14\">\n<div class=\"px-4 py-2 justify-center text-base md:gap-6 m-auto\">\n<div class=\"flex flex-1 text-base mx-auto gap-3 md:px-5 lg:px-1 xl:px-5 md:max-w-3xl lg:max-w-[40rem] xl:max-w-[48rem] group\">\n<div class=\"relative flex w-full flex-col lg:w-[calc(100%-115px)]\">\n<div class=\"flex-col gap-1 md:gap-3\">\n<div class=\"flex flex-grow flex-col max-w-full\">\n<div class=\"min-h-[20px] text-message flex flex-col items-start gap-3 whitespace-pre-wrap break-words [.text-message+&amp;]:mt-5 overflow-x-auto\" data-message-author-role=\"user\" data-message-id=\"aaa2e483-cc3b-488d-bcac-6dec8f2a6dd8\">\n<div class=\"\">Notre passion se concr\u00e9tise par un engagement constant et une qu\u00eate incessante d&rsquo;am\u00e9lioration. Ces derni\u00e8res ann\u00e9es, nous avons r\u00e9alis\u00e9 des investissements significatifs dans la num\u00e9risation et la transition vers l&rsquo;industrie 4.0. Cela nous a permis d&rsquo;assurer une plus grande flexibilit\u00e9 et un meilleur contr\u00f4le des co\u00fbts.<\/div>\n<h3><strong>Durabilit\u00e9 : BBM et la r\u00e9duction de l&#8217;empreinte CO\u2082 gr\u00e2ce \u00e0 des exp\u00e9ditions plus durables<\/strong><\/h3>\n<div>BBM Service s&rsquo;engage activement \u00e0 r\u00e9duire les \u00e9missions de CO\u2082 de ses exp\u00e9ditions en adoptant du carburant d&rsquo;aviation durable. Pour atteindre cet objectif, nous avons choisi <a href=\"https:\/\/dhlpro.com\/media\/38129\/gogreen-plus.pdf\" target=\"_blank\" rel=\"noopener\"><strong>DHL Express<\/strong><\/a>, avec qui nous partageons un engagement en faveur de solutions plus durables. Nos exp\u00e9ditions utilisent le service DHL GoGreenPlus, nous permettant de r\u00e9duire l&rsquo;impact environnemental des op\u00e9rations logistiques. Gr\u00e2ce \u00e0 l&rsquo;utilisation de SAF (Sustainable Aviation Fuel), un carburant pour l&rsquo;aviation \u00e0 faible impact environnemental, m\u00e9lang\u00e9 au carburant traditionnel, nous pouvons r\u00e9duire les \u00e9missions jusqu&rsquo;\u00e0 80%*.<\/div>\n<p><img decoding=\"async\" class=\"alignnone size-full wp-image-46735\" src=\"https:\/\/cdn.bbmpackaging.com\/wp-content\/uploads\/2024\/10\/LOGO-DHL.png\" alt=\"\" width=\"712\" height=\"218\" srcset=\"https:\/\/cdn.bbmpackaging.com\/wp-content\/uploads\/2024\/10\/LOGO-DHL.png 712w, https:\/\/cdn.bbmpackaging.com\/wp-content\/uploads\/2024\/10\/LOGO-DHL-300x92.png 300w, https:\/\/cdn.bbmpackaging.com\/wp-content\/uploads\/2024\/10\/LOGO-DHL-420x129.png 420w, https:\/\/cdn.bbmpackaging.com\/wp-content\/uploads\/2024\/10\/LOGO-DHL-560x171.png 560w\" sizes=\"(max-width: 712px) 100vw, 712px\" \/><br \/>\n*Carburant pour avion bas\u00e9 sur les directives CORSIA prescrites par SBTI. Valeurs LCA SAF bas\u00e9es sur les donn\u00e9es ICCT en supposant les \u00e9missions du cycle de vie des huiles de cuisson usag\u00e9es et des huiles v\u00e9g\u00e9tales d\u00e9riv\u00e9es de plantes.<\/p>\n<\/div>\n<\/div>\n<\/div>\n<\/div>\n<\/div>\n<\/div>\n<\/div>\n<\/div>\n<\/div>\n<\/div>\n<\/div>\n<\/div>\n<\/div>\n<\/div>\n","protected":false},"excerpt":{"rendered":"<p>LOGISTIQUE BBM : UN MOD\u00c8LE D&rsquo;AUTOMATISATION ET DE LARGE GAMME Pour relever les d\u00e9fis du secteur, nous avons&#8230;<\/p>\n","protected":false},"author":2,"featured_media":38786,"parent":21906,"menu_order":0,"comment_status":"closed","ping_status":"closed","template":"page-chisiamo.php","meta":{"_acf_changed":false,"footnotes":""},"class_list":["post-38795","page","type-page","status-publish","has-post-thumbnail","hentry"],"acf":[],"yoast_head":"<!-- This site is optimized with the Yoast SEO plugin v27.2 - https:\/\/yoast.com\/product\/yoast-seo-wordpress\/ -->\n<title>Logistique BBM Packaging : Automatisation et Large Gamme<\/title>\n<meta name=\"description\" content=\"BBM Packaging offre des solutions logistiques avanc\u00e9es pour am\u00e9liorer l&#039;efficacit\u00e9 et la gestion de toute la cha\u00eene d&#039;approvisionnement.\" \/>\n<meta name=\"robots\" content=\"index, follow, max-snippet:-1, max-image-preview:large, max-video-preview:-1\" \/>\n<link rel=\"canonical\" href=\"https:\/\/www.bbmpackaging.com\/fr\/qui-sommes-nous\/logistique\/\" \/>\n<meta property=\"og:locale\" content=\"fr_FR\" \/>\n<meta property=\"og:type\" content=\"article\" \/>\n<meta property=\"og:title\" content=\"Logistique BBM Packaging : Automatisation et Large Gamme\" \/>\n<meta property=\"og:description\" content=\"BBM Packaging offre des solutions logistiques avanc\u00e9es pour am\u00e9liorer l&#039;efficacit\u00e9 et la gestion de toute la cha\u00eene d&#039;approvisionnement.\" \/>\n<meta property=\"og:url\" content=\"https:\/\/www.bbmpackaging.com\/fr\/qui-sommes-nous\/logistique\/\" \/>\n<meta property=\"og:site_name\" content=\"BBM Packaging\" \/>\n<meta property=\"article:modified_time\" content=\"2025-09-10T14:52:09+00:00\" \/>\n<meta property=\"og:image\" content=\"https:\/\/www.bbmpackaging.com\/wp-content\/uploads\/2024\/01\/SMI-3-e1705681826690.jpg\" \/>\n\t<meta property=\"og:image:width\" content=\"1620\" \/>\n\t<meta property=\"og:image:height\" content=\"1080\" \/>\n\t<meta property=\"og:image:type\" content=\"image\/jpeg\" \/>\n<meta name=\"twitter:card\" content=\"summary_large_image\" \/>\n<meta name=\"twitter:label1\" content=\"Dur\u00e9e de lecture estim\u00e9e\" \/>\n\t<meta name=\"twitter:data1\" content=\"2 minutes\" \/>\n<script type=\"application\/ld+json\" class=\"yoast-schema-graph\">{\"@context\":\"https:\/\/schema.org\",\"@graph\":[{\"@type\":\"WebPage\",\"@id\":\"https:\/\/www.bbmpackaging.com\/fr\/qui-sommes-nous\/logistique\/\",\"url\":\"https:\/\/www.bbmpackaging.com\/fr\/qui-sommes-nous\/logistique\/\",\"name\":\"Logistique BBM Packaging : Automatisation et Large Gamme\",\"isPartOf\":{\"@id\":\"https:\/\/www.bbmpackaging.com\/fr\/#website\"},\"primaryImageOfPage\":{\"@id\":\"https:\/\/www.bbmpackaging.com\/fr\/qui-sommes-nous\/logistique\/#primaryimage\"},\"image\":{\"@id\":\"https:\/\/www.bbmpackaging.com\/fr\/qui-sommes-nous\/logistique\/#primaryimage\"},\"thumbnailUrl\":\"https:\/\/cdn.bbmpackaging.com\/wp-content\/uploads\/2024\/01\/SMI-3.jpg\",\"datePublished\":\"2024-01-19T16:32:50+00:00\",\"dateModified\":\"2025-09-10T14:52:09+00:00\",\"description\":\"BBM Packaging offre des solutions logistiques avanc\u00e9es pour am\u00e9liorer l'efficacit\u00e9 et la gestion de toute la cha\u00eene d'approvisionnement.\",\"breadcrumb\":{\"@id\":\"https:\/\/www.bbmpackaging.com\/fr\/qui-sommes-nous\/logistique\/#breadcrumb\"},\"inLanguage\":\"fr-FR\",\"potentialAction\":[{\"@type\":\"ReadAction\",\"target\":[\"https:\/\/www.bbmpackaging.com\/fr\/qui-sommes-nous\/logistique\/\"]}]},{\"@type\":\"ImageObject\",\"inLanguage\":\"fr-FR\",\"@id\":\"https:\/\/www.bbmpackaging.com\/fr\/qui-sommes-nous\/logistique\/#primaryimage\",\"url\":\"https:\/\/cdn.bbmpackaging.com\/wp-content\/uploads\/2024\/01\/SMI-3.jpg\",\"contentUrl\":\"https:\/\/cdn.bbmpackaging.com\/wp-content\/uploads\/2024\/01\/SMI-3.jpg\",\"width\":1620,\"height\":1080},{\"@type\":\"BreadcrumbList\",\"@id\":\"https:\/\/www.bbmpackaging.com\/fr\/qui-sommes-nous\/logistique\/#breadcrumb\",\"itemListElement\":[{\"@type\":\"ListItem\",\"position\":1,\"name\":\"Home\",\"item\":\"https:\/\/www.bbmpackaging.com\/fr\/\"},{\"@type\":\"ListItem\",\"position\":2,\"name\":\"Qui sommes\",\"item\":\"https:\/\/www.bbmpackaging.com\/fr\/qui-sommes-nous\/\"},{\"@type\":\"ListItem\",\"position\":3,\"name\":\"Logistique\"}]},{\"@type\":\"WebSite\",\"@id\":\"https:\/\/www.bbmpackaging.com\/fr\/#website\",\"url\":\"https:\/\/www.bbmpackaging.com\/fr\/\",\"name\":\"BBM Packaging\",\"description\":\"Imbottigliamento: macchinari manutenzione e much more\",\"potentialAction\":[{\"@type\":\"SearchAction\",\"target\":{\"@type\":\"EntryPoint\",\"urlTemplate\":\"https:\/\/www.bbmpackaging.com\/fr\/?s={search_term_string}\"},\"query-input\":{\"@type\":\"PropertyValueSpecification\",\"valueRequired\":true,\"valueName\":\"search_term_string\"}}],\"inLanguage\":\"fr-FR\"}]}<\/script>\n<!-- \/ Yoast SEO plugin. -->","yoast_head_json":{"title":"Logistique BBM Packaging : Automatisation et Large Gamme","description":"BBM Packaging offre des solutions logistiques avanc\u00e9es pour am\u00e9liorer l'efficacit\u00e9 et la gestion de toute la cha\u00eene d'approvisionnement.","robots":{"index":"index","follow":"follow","max-snippet":"max-snippet:-1","max-image-preview":"max-image-preview:large","max-video-preview":"max-video-preview:-1"},"canonical":"https:\/\/www.bbmpackaging.com\/fr\/qui-sommes-nous\/logistique\/","og_locale":"fr_FR","og_type":"article","og_title":"Logistique BBM Packaging : Automatisation et Large Gamme","og_description":"BBM Packaging offre des solutions logistiques avanc\u00e9es pour am\u00e9liorer l'efficacit\u00e9 et la gestion de toute la cha\u00eene d'approvisionnement.","og_url":"https:\/\/www.bbmpackaging.com\/fr\/qui-sommes-nous\/logistique\/","og_site_name":"BBM Packaging","article_modified_time":"2025-09-10T14:52:09+00:00","og_image":[{"width":1620,"height":1080,"url":"https:\/\/www.bbmpackaging.com\/wp-content\/uploads\/2024\/01\/SMI-3-e1705681826690.jpg","type":"image\/jpeg"}],"twitter_card":"summary_large_image","twitter_misc":{"Dur\u00e9e de lecture estim\u00e9e":"2 minutes"},"schema":{"@context":"https:\/\/schema.org","@graph":[{"@type":"WebPage","@id":"https:\/\/www.bbmpackaging.com\/fr\/qui-sommes-nous\/logistique\/","url":"https:\/\/www.bbmpackaging.com\/fr\/qui-sommes-nous\/logistique\/","name":"Logistique BBM Packaging : Automatisation et Large Gamme","isPartOf":{"@id":"https:\/\/www.bbmpackaging.com\/fr\/#website"},"primaryImageOfPage":{"@id":"https:\/\/www.bbmpackaging.com\/fr\/qui-sommes-nous\/logistique\/#primaryimage"},"image":{"@id":"https:\/\/www.bbmpackaging.com\/fr\/qui-sommes-nous\/logistique\/#primaryimage"},"thumbnailUrl":"https:\/\/cdn.bbmpackaging.com\/wp-content\/uploads\/2024\/01\/SMI-3.jpg","datePublished":"2024-01-19T16:32:50+00:00","dateModified":"2025-09-10T14:52:09+00:00","description":"BBM Packaging offre des solutions logistiques avanc\u00e9es pour am\u00e9liorer l'efficacit\u00e9 et la gestion de toute la cha\u00eene d'approvisionnement.","breadcrumb":{"@id":"https:\/\/www.bbmpackaging.com\/fr\/qui-sommes-nous\/logistique\/#breadcrumb"},"inLanguage":"fr-FR","potentialAction":[{"@type":"ReadAction","target":["https:\/\/www.bbmpackaging.com\/fr\/qui-sommes-nous\/logistique\/"]}]},{"@type":"ImageObject","inLanguage":"fr-FR","@id":"https:\/\/www.bbmpackaging.com\/fr\/qui-sommes-nous\/logistique\/#primaryimage","url":"https:\/\/cdn.bbmpackaging.com\/wp-content\/uploads\/2024\/01\/SMI-3.jpg","contentUrl":"https:\/\/cdn.bbmpackaging.com\/wp-content\/uploads\/2024\/01\/SMI-3.jpg","width":1620,"height":1080},{"@type":"BreadcrumbList","@id":"https:\/\/www.bbmpackaging.com\/fr\/qui-sommes-nous\/logistique\/#breadcrumb","itemListElement":[{"@type":"ListItem","position":1,"name":"Home","item":"https:\/\/www.bbmpackaging.com\/fr\/"},{"@type":"ListItem","position":2,"name":"Qui sommes","item":"https:\/\/www.bbmpackaging.com\/fr\/qui-sommes-nous\/"},{"@type":"ListItem","position":3,"name":"Logistique"}]},{"@type":"WebSite","@id":"https:\/\/www.bbmpackaging.com\/fr\/#website","url":"https:\/\/www.bbmpackaging.com\/fr\/","name":"BBM Packaging","description":"Imbottigliamento: macchinari manutenzione e much more","potentialAction":[{"@type":"SearchAction","target":{"@type":"EntryPoint","urlTemplate":"https:\/\/www.bbmpackaging.com\/fr\/?s={search_term_string}"},"query-input":{"@type":"PropertyValueSpecification","valueRequired":true,"valueName":"search_term_string"}}],"inLanguage":"fr-FR"}]}},"_links":{"self":[{"href":"https:\/\/www.bbmpackaging.com\/fr\/wp-json\/wp\/v2\/pages\/38795","targetHints":{"allow":["GET"]}}],"collection":[{"href":"https:\/\/www.bbmpackaging.com\/fr\/wp-json\/wp\/v2\/pages"}],"about":[{"href":"https:\/\/www.bbmpackaging.com\/fr\/wp-json\/wp\/v2\/types\/page"}],"author":[{"embeddable":true,"href":"https:\/\/www.bbmpackaging.com\/fr\/wp-json\/wp\/v2\/users\/2"}],"replies":[{"embeddable":true,"href":"https:\/\/www.bbmpackaging.com\/fr\/wp-json\/wp\/v2\/comments?post=38795"}],"version-history":[{"count":2,"href":"https:\/\/www.bbmpackaging.com\/fr\/wp-json\/wp\/v2\/pages\/38795\/revisions"}],"predecessor-version":[{"id":58885,"href":"https:\/\/www.bbmpackaging.com\/fr\/wp-json\/wp\/v2\/pages\/38795\/revisions\/58885"}],"up":[{"embeddable":true,"href":"https:\/\/www.bbmpackaging.com\/fr\/wp-json\/wp\/v2\/pages\/21906"}],"wp:featuredmedia":[{"embeddable":true,"href":"https:\/\/www.bbmpackaging.com\/fr\/wp-json\/wp\/v2\/media\/38786"}],"wp:attachment":[{"href":"https:\/\/www.bbmpackaging.com\/fr\/wp-json\/wp\/v2\/media?parent=38795"}],"curies":[{"name":"wp","href":"https:\/\/api.w.org\/{rel}","templated":true}]}}