{"id":49016,"date":"2025-02-14T09:46:46","date_gmt":"2025-02-14T08:46:46","guid":{"rendered":"https:\/\/www.bbmpackaging.com\/?page_id=49016"},"modified":"2025-11-26T08:51:53","modified_gmt":"2025-11-26T07:51:53","slug":"venez-nous-rendre-visite","status":"publish","type":"page","link":"https:\/\/www.bbmpackaging.com\/fr\/venez-nous-rendre-visite\/","title":{"rendered":"Venez nous rendre visite"},"content":{"rendered":"<h2><strong>BBM PACKAGING et ses sites op\u00e9rationnels<\/strong><\/h2>\n<p><strong>BBM Packaging<\/strong> est une entreprise italienne solidement ancr\u00e9e dans dans la Val Brembana (Bergame), sp\u00e9cialis\u00e9e dans <strong>le secteur de l&#8217;embouteillage et du conditionnement<\/strong>. Son mod\u00e8le op\u00e9rationnel repose sur un \u00e9quilibre entre innovation, durabilit\u00e9 et valorisation des comp\u00e9tences locales.<\/p>\n<p>Les deux sites principaux \u2013 <strong>San Pellegrino Terme et Lenna<\/strong> \u2013 constituent chacun un p\u00f4le strat\u00e9gique, compl\u00e9mentaire par leur fonction et leur vision, au service d\u2019une mission commune: <strong>offrir des solutions efficaces et de pointe pour le monde du packaging<\/strong>. Les deux sites sont facilement accessibles, situ\u00e9s \u00e0 moins de 30 minutes en voiture de l\u2019a\u00e9roport international de Milan Orio al Serio, garantissant ainsi une connexion rapide et efficace avec les clients et partenaires, en Italie comme \u00e0 l\u2019\u00e9tranger.<\/p>\n","protected":false},"excerpt":{"rendered":"<p>BBM PACKAGING et ses sites op\u00e9rationnels BBM Packaging est une entreprise italienne solidement ancr\u00e9e dans dans la Val&#8230;<\/p>\n","protected":false},"author":3,"featured_media":53745,"parent":0,"menu_order":0,"comment_status":"closed","ping_status":"closed","template":"page-2colonne.php","meta":{"_acf_changed":false,"footnotes":""},"class_list":["post-49016","page","type-page","status-publish","has-post-thumbnail","hentry"],"acf":[],"yoast_head":"<!-- This site is optimized with the Yoast SEO plugin v27.2 - https:\/\/yoast.com\/product\/yoast-seo-wordpress\/ -->\n<title>BBM PACKAGING Sites d&#039;exploitation dans le Val Brembana (BG)<\/title>\n<meta name=\"description\" content=\"Venez nous rendre visite sur nos sites \u00e0 San Pellegrino Terme et \u00e0 Lenna, deux p\u00f4les strat\u00e9giques dans les secteurs de l&#039;embouteillage et des machines d&#039;emballage.\" \/>\n<meta name=\"robots\" content=\"index, follow, max-snippet:-1, max-image-preview:large, max-video-preview:-1\" \/>\n<link rel=\"canonical\" href=\"https:\/\/www.bbmpackaging.com\/fr\/venez-nous-rendre-visite\/\" \/>\n<meta property=\"og:locale\" content=\"fr_FR\" \/>\n<meta property=\"og:type\" content=\"article\" \/>\n<meta property=\"og:title\" content=\"BBM PACKAGING Sites d&#039;exploitation dans le Val Brembana (BG)\" \/>\n<meta property=\"og:description\" content=\"Venez nous rendre visite sur nos sites \u00e0 San Pellegrino Terme et \u00e0 Lenna, deux p\u00f4les strat\u00e9giques dans les secteurs de l&#039;embouteillage et des machines d&#039;emballage.\" \/>\n<meta property=\"og:url\" content=\"https:\/\/www.bbmpackaging.com\/fr\/venez-nous-rendre-visite\/\" \/>\n<meta property=\"og:site_name\" content=\"BBM Packaging\" \/>\n<meta property=\"article:modified_time\" content=\"2025-11-26T07:51:53+00:00\" \/>\n<meta property=\"og:image\" content=\"https:\/\/www.bbmpackaging.com\/wp-content\/uploads\/2025\/06\/BBM-venez-nous-rendre-visite-1.jpg\" \/>\n\t<meta property=\"og:image:width\" content=\"1920\" \/>\n\t<meta property=\"og:image:height\" content=\"655\" \/>\n\t<meta property=\"og:image:type\" content=\"image\/jpeg\" \/>\n<meta name=\"twitter:card\" content=\"summary_large_image\" \/>\n<meta name=\"twitter:label1\" content=\"Dur\u00e9e de lecture estim\u00e9e\" \/>\n\t<meta name=\"twitter:data1\" content=\"1 minute\" \/>\n<script type=\"application\/ld+json\" class=\"yoast-schema-graph\">{\"@context\":\"https:\/\/schema.org\",\"@graph\":[{\"@type\":\"WebPage\",\"@id\":\"https:\/\/www.bbmpackaging.com\/fr\/venez-nous-rendre-visite\/\",\"url\":\"https:\/\/www.bbmpackaging.com\/fr\/venez-nous-rendre-visite\/\",\"name\":\"BBM PACKAGING Sites d'exploitation dans le Val Brembana (BG)\",\"isPartOf\":{\"@id\":\"https:\/\/www.bbmpackaging.com\/fr\/#website\"},\"primaryImageOfPage\":{\"@id\":\"https:\/\/www.bbmpackaging.com\/fr\/venez-nous-rendre-visite\/#primaryimage\"},\"image\":{\"@id\":\"https:\/\/www.bbmpackaging.com\/fr\/venez-nous-rendre-visite\/#primaryimage\"},\"thumbnailUrl\":\"https:\/\/cdn.bbmpackaging.com\/wp-content\/uploads\/2025\/06\/BBM-venez-nous-rendre-visite-1.jpg\",\"datePublished\":\"2025-02-14T08:46:46+00:00\",\"dateModified\":\"2025-11-26T07:51:53+00:00\",\"description\":\"Venez nous rendre visite sur nos sites \u00e0 San Pellegrino Terme et \u00e0 Lenna, deux p\u00f4les strat\u00e9giques dans les secteurs de l'embouteillage et des machines d'emballage.\",\"breadcrumb\":{\"@id\":\"https:\/\/www.bbmpackaging.com\/fr\/venez-nous-rendre-visite\/#breadcrumb\"},\"inLanguage\":\"fr-FR\",\"potentialAction\":[{\"@type\":\"ReadAction\",\"target\":[\"https:\/\/www.bbmpackaging.com\/fr\/venez-nous-rendre-visite\/\"]}]},{\"@type\":\"ImageObject\",\"inLanguage\":\"fr-FR\",\"@id\":\"https:\/\/www.bbmpackaging.com\/fr\/venez-nous-rendre-visite\/#primaryimage\",\"url\":\"https:\/\/cdn.bbmpackaging.com\/wp-content\/uploads\/2025\/06\/BBM-venez-nous-rendre-visite-1.jpg\",\"contentUrl\":\"https:\/\/cdn.bbmpackaging.com\/wp-content\/uploads\/2025\/06\/BBM-venez-nous-rendre-visite-1.jpg\",\"width\":1920,\"height\":655,\"caption\":\"BBM - venez nous rendre visite\"},{\"@type\":\"BreadcrumbList\",\"@id\":\"https:\/\/www.bbmpackaging.com\/fr\/venez-nous-rendre-visite\/#breadcrumb\",\"itemListElement\":[{\"@type\":\"ListItem\",\"position\":1,\"name\":\"Home\",\"item\":\"https:\/\/www.bbmpackaging.com\/fr\/\"},{\"@type\":\"ListItem\",\"position\":2,\"name\":\"Venez nous rendre visite\"}]},{\"@type\":\"WebSite\",\"@id\":\"https:\/\/www.bbmpackaging.com\/fr\/#website\",\"url\":\"https:\/\/www.bbmpackaging.com\/fr\/\",\"name\":\"BBM Packaging\",\"description\":\"Imbottigliamento: macchinari manutenzione e much more\",\"potentialAction\":[{\"@type\":\"SearchAction\",\"target\":{\"@type\":\"EntryPoint\",\"urlTemplate\":\"https:\/\/www.bbmpackaging.com\/fr\/?s={search_term_string}\"},\"query-input\":{\"@type\":\"PropertyValueSpecification\",\"valueRequired\":true,\"valueName\":\"search_term_string\"}}],\"inLanguage\":\"fr-FR\"}]}<\/script>\n<!-- \/ Yoast SEO plugin. -->","yoast_head_json":{"title":"BBM PACKAGING Sites d'exploitation dans le Val Brembana (BG)","description":"Venez nous rendre visite sur nos sites \u00e0 San Pellegrino Terme et \u00e0 Lenna, deux p\u00f4les strat\u00e9giques dans les secteurs de l'embouteillage et des machines d'emballage.","robots":{"index":"index","follow":"follow","max-snippet":"max-snippet:-1","max-image-preview":"max-image-preview:large","max-video-preview":"max-video-preview:-1"},"canonical":"https:\/\/www.bbmpackaging.com\/fr\/venez-nous-rendre-visite\/","og_locale":"fr_FR","og_type":"article","og_title":"BBM PACKAGING Sites d'exploitation dans le Val Brembana (BG)","og_description":"Venez nous rendre visite sur nos sites \u00e0 San Pellegrino Terme et \u00e0 Lenna, deux p\u00f4les strat\u00e9giques dans les secteurs de l'embouteillage et des machines d'emballage.","og_url":"https:\/\/www.bbmpackaging.com\/fr\/venez-nous-rendre-visite\/","og_site_name":"BBM Packaging","article_modified_time":"2025-11-26T07:51:53+00:00","og_image":[{"width":1920,"height":655,"url":"https:\/\/www.bbmpackaging.com\/wp-content\/uploads\/2025\/06\/BBM-venez-nous-rendre-visite-1.jpg","type":"image\/jpeg"}],"twitter_card":"summary_large_image","twitter_misc":{"Dur\u00e9e de lecture estim\u00e9e":"1 minute"},"schema":{"@context":"https:\/\/schema.org","@graph":[{"@type":"WebPage","@id":"https:\/\/www.bbmpackaging.com\/fr\/venez-nous-rendre-visite\/","url":"https:\/\/www.bbmpackaging.com\/fr\/venez-nous-rendre-visite\/","name":"BBM PACKAGING Sites d'exploitation dans le Val Brembana (BG)","isPartOf":{"@id":"https:\/\/www.bbmpackaging.com\/fr\/#website"},"primaryImageOfPage":{"@id":"https:\/\/www.bbmpackaging.com\/fr\/venez-nous-rendre-visite\/#primaryimage"},"image":{"@id":"https:\/\/www.bbmpackaging.com\/fr\/venez-nous-rendre-visite\/#primaryimage"},"thumbnailUrl":"https:\/\/cdn.bbmpackaging.com\/wp-content\/uploads\/2025\/06\/BBM-venez-nous-rendre-visite-1.jpg","datePublished":"2025-02-14T08:46:46+00:00","dateModified":"2025-11-26T07:51:53+00:00","description":"Venez nous rendre visite sur nos sites \u00e0 San Pellegrino Terme et \u00e0 Lenna, deux p\u00f4les strat\u00e9giques dans les secteurs de l'embouteillage et des machines d'emballage.","breadcrumb":{"@id":"https:\/\/www.bbmpackaging.com\/fr\/venez-nous-rendre-visite\/#breadcrumb"},"inLanguage":"fr-FR","potentialAction":[{"@type":"ReadAction","target":["https:\/\/www.bbmpackaging.com\/fr\/venez-nous-rendre-visite\/"]}]},{"@type":"ImageObject","inLanguage":"fr-FR","@id":"https:\/\/www.bbmpackaging.com\/fr\/venez-nous-rendre-visite\/#primaryimage","url":"https:\/\/cdn.bbmpackaging.com\/wp-content\/uploads\/2025\/06\/BBM-venez-nous-rendre-visite-1.jpg","contentUrl":"https:\/\/cdn.bbmpackaging.com\/wp-content\/uploads\/2025\/06\/BBM-venez-nous-rendre-visite-1.jpg","width":1920,"height":655,"caption":"BBM - venez nous rendre visite"},{"@type":"BreadcrumbList","@id":"https:\/\/www.bbmpackaging.com\/fr\/venez-nous-rendre-visite\/#breadcrumb","itemListElement":[{"@type":"ListItem","position":1,"name":"Home","item":"https:\/\/www.bbmpackaging.com\/fr\/"},{"@type":"ListItem","position":2,"name":"Venez nous rendre visite"}]},{"@type":"WebSite","@id":"https:\/\/www.bbmpackaging.com\/fr\/#website","url":"https:\/\/www.bbmpackaging.com\/fr\/","name":"BBM Packaging","description":"Imbottigliamento: macchinari manutenzione e much more","potentialAction":[{"@type":"SearchAction","target":{"@type":"EntryPoint","urlTemplate":"https:\/\/www.bbmpackaging.com\/fr\/?s={search_term_string}"},"query-input":{"@type":"PropertyValueSpecification","valueRequired":true,"valueName":"search_term_string"}}],"inLanguage":"fr-FR"}]}},"_links":{"self":[{"href":"https:\/\/www.bbmpackaging.com\/fr\/wp-json\/wp\/v2\/pages\/49016","targetHints":{"allow":["GET"]}}],"collection":[{"href":"https:\/\/www.bbmpackaging.com\/fr\/wp-json\/wp\/v2\/pages"}],"about":[{"href":"https:\/\/www.bbmpackaging.com\/fr\/wp-json\/wp\/v2\/types\/page"}],"author":[{"embeddable":true,"href":"https:\/\/www.bbmpackaging.com\/fr\/wp-json\/wp\/v2\/users\/3"}],"replies":[{"embeddable":true,"href":"https:\/\/www.bbmpackaging.com\/fr\/wp-json\/wp\/v2\/comments?post=49016"}],"version-history":[{"count":5,"href":"https:\/\/www.bbmpackaging.com\/fr\/wp-json\/wp\/v2\/pages\/49016\/revisions"}],"predecessor-version":[{"id":73106,"href":"https:\/\/www.bbmpackaging.com\/fr\/wp-json\/wp\/v2\/pages\/49016\/revisions\/73106"}],"wp:featuredmedia":[{"embeddable":true,"href":"https:\/\/www.bbmpackaging.com\/fr\/wp-json\/wp\/v2\/media\/53745"}],"wp:attachment":[{"href":"https:\/\/www.bbmpackaging.com\/fr\/wp-json\/wp\/v2\/media?parent=49016"}],"curies":[{"name":"wp","href":"https:\/\/api.w.org\/{rel}","templated":true}]}}