{"id":21652,"date":"2021-08-23T10:03:48","date_gmt":"2021-08-23T08:03:48","guid":{"rendered":"https:\/\/www.bbmpackaging.com\/prodotto\/combinatore-universale-unicom-uc-25\/"},"modified":"2026-02-05T12:32:33","modified_gmt":"2026-02-05T11:32:33","slug":"combinatore-universale-unicom-uc-25","status":"publish","type":"product","link":"https:\/\/www.bbmpackaging.com\/fr\/machines\/combinatrice-universelle-unicom-uc-25\/","title":{"rendered":"Module de connexion UNICOM"},"content":{"rendered":"<h4>Le d\u00e9partement d&rsquo;ing\u00e9nierie de BBM Service a d\u00e9velopp\u00e9 et construit <strong>le premier module universel qui permet d&rsquo;\u00e9liminer les convoyeyrs pour le transport des bouteilles entre les principales machines de la ligne PET<\/strong>.<\/h4>\n<p>Le module est appel\u00e9 UNICOM car il unifie et combine une souffleuse et remplisseuse de n&rsquo;importe quel fabricant. Le module, con\u00e7u pour moderniser et optimiser la ligne d&#8217;embouteillage PET, consiste en u<strong>n banc destin\u00e9 \u00e0 transporter les bouteilles entre les deux machines sur une courte distance<\/strong>, r\u00e9duisant ainsi la consommation d&rsquo;eau et d&rsquo;\u00e9nergie, les risques de contamination des bouteilles et les probl\u00e8mes d&rsquo;\u00e9crasement et de d\u00e9formation des bouteilles elles-m\u00eames.<\/p>\n","protected":false},"excerpt":{"rendered":"<p>Le d\u00e9partement d&rsquo;ing\u00e9nierie de BBM Service a d\u00e9velopp\u00e9 et construit le premier module universel qui permet d&rsquo;\u00e9liminer les&#8230;<\/p>\n","protected":false},"featured_media":15111,"comment_status":"open","ping_status":"closed","template":"","meta":{"_acf_changed":false},"brand":[7497],"product_brand":[],"product_cat":[1102,1103],"product_tag":[],"class_list":{"0":"post-21652","1":"product","2":"type-product","3":"status-publish","4":"has-post-thumbnail","6":"brand-bbm-packaging","7":"product_cat-machines","8":"product_cat-neuf","10":"first","11":"instock","12":"shipping-taxable","13":"product-type-simple"},"acf":[],"yoast_head":"<!-- This site is optimized with the Yoast SEO plugin v27.2 - https:\/\/yoast.com\/product\/yoast-seo-wordpress\/ -->\n<title>Combineur universel UNICOM Neuf - BBM Packaging<\/title>\n<meta name=\"description\" content=\"D\u00e9couvrez le Module universel UNICOM de BBM Service, id\u00e9al pour \u00e9liminer les convoyeurs \u00e0 l&#039;air et optimiser l&#039;agencement dans les lignes d\u2019embouteillage.\" \/>\n<meta name=\"robots\" content=\"index, follow, max-snippet:-1, max-image-preview:large, max-video-preview:-1\" \/>\n<link rel=\"canonical\" href=\"https:\/\/www.bbmpackaging.com\/fr\/machines\/combinatrice-universelle-unicom-uc-25\/\" \/>\n<meta property=\"og:locale\" content=\"fr_FR\" \/>\n<meta property=\"og:type\" content=\"article\" \/>\n<meta property=\"og:title\" content=\"Combineur universel UNICOM Neuf - BBM Packaging\" \/>\n<meta property=\"og:description\" content=\"D\u00e9couvrez le Module universel UNICOM de BBM Service, id\u00e9al pour \u00e9liminer les convoyeurs \u00e0 l&#039;air et optimiser l&#039;agencement dans les lignes d\u2019embouteillage.\" \/>\n<meta property=\"og:url\" content=\"https:\/\/www.bbmpackaging.com\/fr\/machines\/combinatrice-universelle-unicom-uc-25\/\" \/>\n<meta property=\"og:site_name\" content=\"BBM Packaging\" \/>\n<meta property=\"article:modified_time\" content=\"2026-02-05T11:32:33+00:00\" \/>\n<meta property=\"og:image\" content=\"https:\/\/www.bbmpackaging.com\/wp-content\/uploads\/2021\/03\/Unicom_UC-25-thimb.jpg\" \/>\n\t<meta property=\"og:image:width\" content=\"450\" \/>\n\t<meta property=\"og:image:height\" content=\"370\" \/>\n\t<meta property=\"og:image:type\" content=\"image\/jpeg\" \/>\n<meta name=\"twitter:card\" content=\"summary_large_image\" \/>\n<meta name=\"twitter:label1\" content=\"Dur\u00e9e de lecture estim\u00e9e\" \/>\n\t<meta name=\"twitter:data1\" content=\"1 minute\" \/>\n<script type=\"application\/ld+json\" class=\"yoast-schema-graph\">{\"@context\":\"https:\/\/schema.org\",\"@graph\":[{\"@type\":\"WebPage\",\"@id\":\"https:\/\/www.bbmpackaging.com\/fr\/machines\/combinatrice-universelle-unicom-uc-25\/\",\"url\":\"https:\/\/www.bbmpackaging.com\/fr\/machines\/combinatrice-universelle-unicom-uc-25\/\",\"name\":\"Combineur universel UNICOM Neuf - BBM Packaging\",\"isPartOf\":{\"@id\":\"https:\/\/www.bbmpackaging.com\/fr\/#website\"},\"primaryImageOfPage\":{\"@id\":\"https:\/\/www.bbmpackaging.com\/fr\/machines\/combinatrice-universelle-unicom-uc-25\/#primaryimage\"},\"image\":{\"@id\":\"https:\/\/www.bbmpackaging.com\/fr\/machines\/combinatrice-universelle-unicom-uc-25\/#primaryimage\"},\"thumbnailUrl\":\"https:\/\/cdn.bbmpackaging.com\/wp-content\/uploads\/2021\/03\/Unicom_UC-25-thimb.jpg\",\"datePublished\":\"2021-08-23T08:03:48+00:00\",\"dateModified\":\"2026-02-05T11:32:33+00:00\",\"description\":\"D\u00e9couvrez le Module universel UNICOM de BBM Service, id\u00e9al pour \u00e9liminer les convoyeurs \u00e0 l'air et optimiser l'agencement dans les lignes d\u2019embouteillage.\",\"breadcrumb\":{\"@id\":\"https:\/\/www.bbmpackaging.com\/fr\/machines\/combinatrice-universelle-unicom-uc-25\/#breadcrumb\"},\"inLanguage\":\"fr-FR\",\"potentialAction\":[{\"@type\":\"ReadAction\",\"target\":[\"https:\/\/www.bbmpackaging.com\/fr\/machines\/combinatrice-universelle-unicom-uc-25\/\"]}]},{\"@type\":\"ImageObject\",\"inLanguage\":\"fr-FR\",\"@id\":\"https:\/\/www.bbmpackaging.com\/fr\/machines\/combinatrice-universelle-unicom-uc-25\/#primaryimage\",\"url\":\"https:\/\/cdn.bbmpackaging.com\/wp-content\/uploads\/2021\/03\/Unicom_UC-25-thimb.jpg\",\"contentUrl\":\"https:\/\/cdn.bbmpackaging.com\/wp-content\/uploads\/2021\/03\/Unicom_UC-25-thimb.jpg\",\"width\":450,\"height\":370},{\"@type\":\"BreadcrumbList\",\"@id\":\"https:\/\/www.bbmpackaging.com\/fr\/machines\/combinatrice-universelle-unicom-uc-25\/#breadcrumb\",\"itemListElement\":[{\"@type\":\"ListItem\",\"position\":1,\"name\":\"Home\",\"item\":\"https:\/\/www.bbmpackaging.com\/fr\/\"},{\"@type\":\"ListItem\",\"position\":2,\"name\":\"Produits\",\"item\":\"https:\/\/www.bbmpackaging.com\/fr\/produits\/\"},{\"@type\":\"ListItem\",\"position\":3,\"name\":\"Neuf\",\"item\":\"https:\/\/www.bbmpackaging.com\/fr\/machines\/neuf\/\"},{\"@type\":\"ListItem\",\"position\":4,\"name\":\"Module de connexion UNICOM\"}]},{\"@type\":\"WebSite\",\"@id\":\"https:\/\/www.bbmpackaging.com\/fr\/#website\",\"url\":\"https:\/\/www.bbmpackaging.com\/fr\/\",\"name\":\"BBM Packaging\",\"description\":\"Imbottigliamento: macchinari manutenzione e much more\",\"potentialAction\":[{\"@type\":\"SearchAction\",\"target\":{\"@type\":\"EntryPoint\",\"urlTemplate\":\"https:\/\/www.bbmpackaging.com\/fr\/?s={search_term_string}\"},\"query-input\":{\"@type\":\"PropertyValueSpecification\",\"valueRequired\":true,\"valueName\":\"search_term_string\"}}],\"inLanguage\":\"fr-FR\"}]}<\/script>\n<!-- \/ Yoast SEO plugin. -->","yoast_head_json":{"title":"Combineur universel UNICOM Neuf - BBM Packaging","description":"D\u00e9couvrez le Module universel UNICOM de BBM Service, id\u00e9al pour \u00e9liminer les convoyeurs \u00e0 l'air et optimiser l'agencement dans les lignes d\u2019embouteillage.","robots":{"index":"index","follow":"follow","max-snippet":"max-snippet:-1","max-image-preview":"max-image-preview:large","max-video-preview":"max-video-preview:-1"},"canonical":"https:\/\/www.bbmpackaging.com\/fr\/machines\/combinatrice-universelle-unicom-uc-25\/","og_locale":"fr_FR","og_type":"article","og_title":"Combineur universel UNICOM Neuf - BBM Packaging","og_description":"D\u00e9couvrez le Module universel UNICOM de BBM Service, id\u00e9al pour \u00e9liminer les convoyeurs \u00e0 l'air et optimiser l'agencement dans les lignes d\u2019embouteillage.","og_url":"https:\/\/www.bbmpackaging.com\/fr\/machines\/combinatrice-universelle-unicom-uc-25\/","og_site_name":"BBM Packaging","article_modified_time":"2026-02-05T11:32:33+00:00","og_image":[{"width":450,"height":370,"url":"https:\/\/www.bbmpackaging.com\/wp-content\/uploads\/2021\/03\/Unicom_UC-25-thimb.jpg","type":"image\/jpeg"}],"twitter_card":"summary_large_image","twitter_misc":{"Dur\u00e9e de lecture estim\u00e9e":"1 minute"},"schema":{"@context":"https:\/\/schema.org","@graph":[{"@type":"WebPage","@id":"https:\/\/www.bbmpackaging.com\/fr\/machines\/combinatrice-universelle-unicom-uc-25\/","url":"https:\/\/www.bbmpackaging.com\/fr\/machines\/combinatrice-universelle-unicom-uc-25\/","name":"Combineur universel UNICOM Neuf - BBM Packaging","isPartOf":{"@id":"https:\/\/www.bbmpackaging.com\/fr\/#website"},"primaryImageOfPage":{"@id":"https:\/\/www.bbmpackaging.com\/fr\/machines\/combinatrice-universelle-unicom-uc-25\/#primaryimage"},"image":{"@id":"https:\/\/www.bbmpackaging.com\/fr\/machines\/combinatrice-universelle-unicom-uc-25\/#primaryimage"},"thumbnailUrl":"https:\/\/cdn.bbmpackaging.com\/wp-content\/uploads\/2021\/03\/Unicom_UC-25-thimb.jpg","datePublished":"2021-08-23T08:03:48+00:00","dateModified":"2026-02-05T11:32:33+00:00","description":"D\u00e9couvrez le Module universel UNICOM de BBM Service, id\u00e9al pour \u00e9liminer les convoyeurs \u00e0 l'air et optimiser l'agencement dans les lignes d\u2019embouteillage.","breadcrumb":{"@id":"https:\/\/www.bbmpackaging.com\/fr\/machines\/combinatrice-universelle-unicom-uc-25\/#breadcrumb"},"inLanguage":"fr-FR","potentialAction":[{"@type":"ReadAction","target":["https:\/\/www.bbmpackaging.com\/fr\/machines\/combinatrice-universelle-unicom-uc-25\/"]}]},{"@type":"ImageObject","inLanguage":"fr-FR","@id":"https:\/\/www.bbmpackaging.com\/fr\/machines\/combinatrice-universelle-unicom-uc-25\/#primaryimage","url":"https:\/\/cdn.bbmpackaging.com\/wp-content\/uploads\/2021\/03\/Unicom_UC-25-thimb.jpg","contentUrl":"https:\/\/cdn.bbmpackaging.com\/wp-content\/uploads\/2021\/03\/Unicom_UC-25-thimb.jpg","width":450,"height":370},{"@type":"BreadcrumbList","@id":"https:\/\/www.bbmpackaging.com\/fr\/machines\/combinatrice-universelle-unicom-uc-25\/#breadcrumb","itemListElement":[{"@type":"ListItem","position":1,"name":"Home","item":"https:\/\/www.bbmpackaging.com\/fr\/"},{"@type":"ListItem","position":2,"name":"Produits","item":"https:\/\/www.bbmpackaging.com\/fr\/produits\/"},{"@type":"ListItem","position":3,"name":"Neuf","item":"https:\/\/www.bbmpackaging.com\/fr\/machines\/neuf\/"},{"@type":"ListItem","position":4,"name":"Module de connexion UNICOM"}]},{"@type":"WebSite","@id":"https:\/\/www.bbmpackaging.com\/fr\/#website","url":"https:\/\/www.bbmpackaging.com\/fr\/","name":"BBM Packaging","description":"Imbottigliamento: macchinari manutenzione e much more","potentialAction":[{"@type":"SearchAction","target":{"@type":"EntryPoint","urlTemplate":"https:\/\/www.bbmpackaging.com\/fr\/?s={search_term_string}"},"query-input":{"@type":"PropertyValueSpecification","valueRequired":true,"valueName":"search_term_string"}}],"inLanguage":"fr-FR"}]}},"_links":{"self":[{"href":"https:\/\/www.bbmpackaging.com\/fr\/wp-json\/wp\/v2\/product\/21652","targetHints":{"allow":["GET"]}}],"collection":[{"href":"https:\/\/www.bbmpackaging.com\/fr\/wp-json\/wp\/v2\/product"}],"about":[{"href":"https:\/\/www.bbmpackaging.com\/fr\/wp-json\/wp\/v2\/types\/product"}],"replies":[{"embeddable":true,"href":"https:\/\/www.bbmpackaging.com\/fr\/wp-json\/wp\/v2\/comments?post=21652"}],"wp:featuredmedia":[{"embeddable":true,"href":"https:\/\/www.bbmpackaging.com\/fr\/wp-json\/wp\/v2\/media\/15111"}],"wp:attachment":[{"href":"https:\/\/www.bbmpackaging.com\/fr\/wp-json\/wp\/v2\/media?parent=21652"}],"wp:term":[{"taxonomy":"brand","embeddable":true,"href":"https:\/\/www.bbmpackaging.com\/fr\/wp-json\/wp\/v2\/brand?post=21652"},{"taxonomy":"product_brand","embeddable":true,"href":"https:\/\/www.bbmpackaging.com\/fr\/wp-json\/wp\/v2\/product_brand?post=21652"},{"taxonomy":"product_cat","embeddable":true,"href":"https:\/\/www.bbmpackaging.com\/fr\/wp-json\/wp\/v2\/product_cat?post=21652"},{"taxonomy":"product_tag","embeddable":true,"href":"https:\/\/www.bbmpackaging.com\/fr\/wp-json\/wp\/v2\/product_tag?post=21652"}],"curies":[{"name":"wp","href":"https:\/\/api.w.org\/{rel}","templated":true}]}}