{"id":21654,"date":"2021-08-23T11:15:11","date_gmt":"2021-08-23T09:15:11","guid":{"rendered":"https:\/\/www.bbmpackaging.com\/prodotto\/soffiatrice-grandi-formati-bs-1\/"},"modified":"2026-02-05T12:32:33","modified_gmt":"2026-02-05T11:32:33","slug":"soffiatrice-grandi-formati-bs-1","status":"publish","type":"product","link":"https:\/\/www.bbmpackaging.com\/fr\/machines\/souffleuse-grands-formats\/","title":{"rendered":"Souffleuse pour grand format"},"content":{"rendered":"<h4 class=\"big\">BBM PACKAGING con\u00e7oit et fabrique des souffleuse sur mesure pour les grands formats, comme r\u00e9servoirs d\u2019eau \u00e0 usage unique et rechargeables.<\/h4>\n<p>Les souffleuse sur mesure sont adapt\u00e9es pour plusieurs applications, comme l\u2019eau, l\u2019huile d\u2019alimentation, les produits chimiques, d\u2019autres. Le gros avantage de ces souffleuses sur mesure est que les conteneurs r\u00e9alis\u00e9s peuvent \u00eatre recycl\u00e9s.<\/p>\n","protected":false},"excerpt":{"rendered":"<p>BBM PACKAGING con\u00e7oit et fabrique des souffleuse sur mesure pour les grands formats, comme r\u00e9servoirs d\u2019eau \u00e0 usage&#8230;<\/p>\n","protected":false},"featured_media":15116,"comment_status":"open","ping_status":"closed","template":"","meta":{"_acf_changed":false},"brand":[7497],"product_brand":[],"product_cat":[1102,1103],"product_tag":[],"class_list":{"0":"post-21654","1":"product","2":"type-product","3":"status-publish","4":"has-post-thumbnail","6":"brand-bbm-packaging","7":"product_cat-machines","8":"product_cat-neuf","10":"first","11":"instock","12":"shipping-taxable","13":"product-type-simple"},"acf":[],"yoast_head":"<!-- This site is optimized with the Yoast SEO plugin v27.2 - https:\/\/yoast.com\/product\/yoast-seo-wordpress\/ -->\n<title>Souffleuse grands formats Neuf - BBM Packaging<\/title>\n<meta name=\"description\" content=\"Souffleuses sur mesure BBM pour grands formats, tels que les bonbonnes d&#039;eau, con\u00e7ues pour des performances \u00e9lev\u00e9es et une fiabilit\u00e9 optimale.\" \/>\n<meta name=\"robots\" content=\"index, follow, max-snippet:-1, max-image-preview:large, max-video-preview:-1\" \/>\n<link rel=\"canonical\" href=\"https:\/\/www.bbmpackaging.com\/fr\/machines\/souffleuse-grands-formats\/\" \/>\n<meta property=\"og:locale\" content=\"fr_FR\" \/>\n<meta property=\"og:type\" content=\"article\" \/>\n<meta property=\"og:title\" content=\"Souffleuse grands formats Neuf - BBM Packaging\" \/>\n<meta property=\"og:description\" content=\"Souffleuses sur mesure BBM pour grands formats, tels que les bonbonnes d&#039;eau, con\u00e7ues pour des performances \u00e9lev\u00e9es et une fiabilit\u00e9 optimale.\" \/>\n<meta property=\"og:url\" content=\"https:\/\/www.bbmpackaging.com\/fr\/machines\/souffleuse-grands-formats\/\" \/>\n<meta property=\"og:site_name\" content=\"BBM Packaging\" \/>\n<meta property=\"article:modified_time\" content=\"2026-02-05T11:32:33+00:00\" \/>\n<meta property=\"og:image\" content=\"https:\/\/www.bbmpackaging.com\/wp-content\/uploads\/2021\/03\/macchine-per-imbottigliamento-su-misura-01-1.jpg\" \/>\n\t<meta property=\"og:image:width\" content=\"450\" \/>\n\t<meta property=\"og:image:height\" content=\"370\" \/>\n\t<meta property=\"og:image:type\" content=\"image\/jpeg\" \/>\n<meta name=\"twitter:card\" content=\"summary_large_image\" \/>\n<meta name=\"twitter:label1\" content=\"Dur\u00e9e de lecture estim\u00e9e\" \/>\n\t<meta name=\"twitter:data1\" content=\"1 minute\" \/>\n<script type=\"application\/ld+json\" class=\"yoast-schema-graph\">{\"@context\":\"https:\/\/schema.org\",\"@graph\":[{\"@type\":\"WebPage\",\"@id\":\"https:\/\/www.bbmpackaging.com\/fr\/machines\/souffleuse-grands-formats\/\",\"url\":\"https:\/\/www.bbmpackaging.com\/fr\/machines\/souffleuse-grands-formats\/\",\"name\":\"Souffleuse grands formats Neuf - BBM Packaging\",\"isPartOf\":{\"@id\":\"https:\/\/www.bbmpackaging.com\/fr\/#website\"},\"primaryImageOfPage\":{\"@id\":\"https:\/\/www.bbmpackaging.com\/fr\/machines\/souffleuse-grands-formats\/#primaryimage\"},\"image\":{\"@id\":\"https:\/\/www.bbmpackaging.com\/fr\/machines\/souffleuse-grands-formats\/#primaryimage\"},\"thumbnailUrl\":\"https:\/\/cdn.bbmpackaging.com\/wp-content\/uploads\/2021\/03\/macchine-per-imbottigliamento-su-misura-01-1.jpg\",\"datePublished\":\"2021-08-23T09:15:11+00:00\",\"dateModified\":\"2026-02-05T11:32:33+00:00\",\"description\":\"Souffleuses sur mesure BBM pour grands formats, tels que les bonbonnes d'eau, con\u00e7ues pour des performances \u00e9lev\u00e9es et une fiabilit\u00e9 optimale.\",\"breadcrumb\":{\"@id\":\"https:\/\/www.bbmpackaging.com\/fr\/machines\/souffleuse-grands-formats\/#breadcrumb\"},\"inLanguage\":\"fr-FR\",\"potentialAction\":[{\"@type\":\"ReadAction\",\"target\":[\"https:\/\/www.bbmpackaging.com\/fr\/machines\/souffleuse-grands-formats\/\"]}]},{\"@type\":\"ImageObject\",\"inLanguage\":\"fr-FR\",\"@id\":\"https:\/\/www.bbmpackaging.com\/fr\/machines\/souffleuse-grands-formats\/#primaryimage\",\"url\":\"https:\/\/cdn.bbmpackaging.com\/wp-content\/uploads\/2021\/03\/macchine-per-imbottigliamento-su-misura-01-1.jpg\",\"contentUrl\":\"https:\/\/cdn.bbmpackaging.com\/wp-content\/uploads\/2021\/03\/macchine-per-imbottigliamento-su-misura-01-1.jpg\",\"width\":450,\"height\":370},{\"@type\":\"BreadcrumbList\",\"@id\":\"https:\/\/www.bbmpackaging.com\/fr\/machines\/souffleuse-grands-formats\/#breadcrumb\",\"itemListElement\":[{\"@type\":\"ListItem\",\"position\":1,\"name\":\"Home\",\"item\":\"https:\/\/www.bbmpackaging.com\/fr\/\"},{\"@type\":\"ListItem\",\"position\":2,\"name\":\"Produits\",\"item\":\"https:\/\/www.bbmpackaging.com\/fr\/produits\/\"},{\"@type\":\"ListItem\",\"position\":3,\"name\":\"Neuf\",\"item\":\"https:\/\/www.bbmpackaging.com\/fr\/machines\/neuf\/\"},{\"@type\":\"ListItem\",\"position\":4,\"name\":\"Souffleuse pour grand format\"}]},{\"@type\":\"WebSite\",\"@id\":\"https:\/\/www.bbmpackaging.com\/fr\/#website\",\"url\":\"https:\/\/www.bbmpackaging.com\/fr\/\",\"name\":\"BBM Packaging\",\"description\":\"Imbottigliamento: macchinari manutenzione e much more\",\"potentialAction\":[{\"@type\":\"SearchAction\",\"target\":{\"@type\":\"EntryPoint\",\"urlTemplate\":\"https:\/\/www.bbmpackaging.com\/fr\/?s={search_term_string}\"},\"query-input\":{\"@type\":\"PropertyValueSpecification\",\"valueRequired\":true,\"valueName\":\"search_term_string\"}}],\"inLanguage\":\"fr-FR\"}]}<\/script>\n<!-- \/ Yoast SEO plugin. -->","yoast_head_json":{"title":"Souffleuse grands formats Neuf - BBM Packaging","description":"Souffleuses sur mesure BBM pour grands formats, tels que les bonbonnes d'eau, con\u00e7ues pour des performances \u00e9lev\u00e9es et une fiabilit\u00e9 optimale.","robots":{"index":"index","follow":"follow","max-snippet":"max-snippet:-1","max-image-preview":"max-image-preview:large","max-video-preview":"max-video-preview:-1"},"canonical":"https:\/\/www.bbmpackaging.com\/fr\/machines\/souffleuse-grands-formats\/","og_locale":"fr_FR","og_type":"article","og_title":"Souffleuse grands formats Neuf - BBM Packaging","og_description":"Souffleuses sur mesure BBM pour grands formats, tels que les bonbonnes d'eau, con\u00e7ues pour des performances \u00e9lev\u00e9es et une fiabilit\u00e9 optimale.","og_url":"https:\/\/www.bbmpackaging.com\/fr\/machines\/souffleuse-grands-formats\/","og_site_name":"BBM Packaging","article_modified_time":"2026-02-05T11:32:33+00:00","og_image":[{"width":450,"height":370,"url":"https:\/\/www.bbmpackaging.com\/wp-content\/uploads\/2021\/03\/macchine-per-imbottigliamento-su-misura-01-1.jpg","type":"image\/jpeg"}],"twitter_card":"summary_large_image","twitter_misc":{"Dur\u00e9e de lecture estim\u00e9e":"1 minute"},"schema":{"@context":"https:\/\/schema.org","@graph":[{"@type":"WebPage","@id":"https:\/\/www.bbmpackaging.com\/fr\/machines\/souffleuse-grands-formats\/","url":"https:\/\/www.bbmpackaging.com\/fr\/machines\/souffleuse-grands-formats\/","name":"Souffleuse grands formats Neuf - BBM Packaging","isPartOf":{"@id":"https:\/\/www.bbmpackaging.com\/fr\/#website"},"primaryImageOfPage":{"@id":"https:\/\/www.bbmpackaging.com\/fr\/machines\/souffleuse-grands-formats\/#primaryimage"},"image":{"@id":"https:\/\/www.bbmpackaging.com\/fr\/machines\/souffleuse-grands-formats\/#primaryimage"},"thumbnailUrl":"https:\/\/cdn.bbmpackaging.com\/wp-content\/uploads\/2021\/03\/macchine-per-imbottigliamento-su-misura-01-1.jpg","datePublished":"2021-08-23T09:15:11+00:00","dateModified":"2026-02-05T11:32:33+00:00","description":"Souffleuses sur mesure BBM pour grands formats, tels que les bonbonnes d'eau, con\u00e7ues pour des performances \u00e9lev\u00e9es et une fiabilit\u00e9 optimale.","breadcrumb":{"@id":"https:\/\/www.bbmpackaging.com\/fr\/machines\/souffleuse-grands-formats\/#breadcrumb"},"inLanguage":"fr-FR","potentialAction":[{"@type":"ReadAction","target":["https:\/\/www.bbmpackaging.com\/fr\/machines\/souffleuse-grands-formats\/"]}]},{"@type":"ImageObject","inLanguage":"fr-FR","@id":"https:\/\/www.bbmpackaging.com\/fr\/machines\/souffleuse-grands-formats\/#primaryimage","url":"https:\/\/cdn.bbmpackaging.com\/wp-content\/uploads\/2021\/03\/macchine-per-imbottigliamento-su-misura-01-1.jpg","contentUrl":"https:\/\/cdn.bbmpackaging.com\/wp-content\/uploads\/2021\/03\/macchine-per-imbottigliamento-su-misura-01-1.jpg","width":450,"height":370},{"@type":"BreadcrumbList","@id":"https:\/\/www.bbmpackaging.com\/fr\/machines\/souffleuse-grands-formats\/#breadcrumb","itemListElement":[{"@type":"ListItem","position":1,"name":"Home","item":"https:\/\/www.bbmpackaging.com\/fr\/"},{"@type":"ListItem","position":2,"name":"Produits","item":"https:\/\/www.bbmpackaging.com\/fr\/produits\/"},{"@type":"ListItem","position":3,"name":"Neuf","item":"https:\/\/www.bbmpackaging.com\/fr\/machines\/neuf\/"},{"@type":"ListItem","position":4,"name":"Souffleuse pour grand format"}]},{"@type":"WebSite","@id":"https:\/\/www.bbmpackaging.com\/fr\/#website","url":"https:\/\/www.bbmpackaging.com\/fr\/","name":"BBM Packaging","description":"Imbottigliamento: macchinari manutenzione e much more","potentialAction":[{"@type":"SearchAction","target":{"@type":"EntryPoint","urlTemplate":"https:\/\/www.bbmpackaging.com\/fr\/?s={search_term_string}"},"query-input":{"@type":"PropertyValueSpecification","valueRequired":true,"valueName":"search_term_string"}}],"inLanguage":"fr-FR"}]}},"_links":{"self":[{"href":"https:\/\/www.bbmpackaging.com\/fr\/wp-json\/wp\/v2\/product\/21654","targetHints":{"allow":["GET"]}}],"collection":[{"href":"https:\/\/www.bbmpackaging.com\/fr\/wp-json\/wp\/v2\/product"}],"about":[{"href":"https:\/\/www.bbmpackaging.com\/fr\/wp-json\/wp\/v2\/types\/product"}],"replies":[{"embeddable":true,"href":"https:\/\/www.bbmpackaging.com\/fr\/wp-json\/wp\/v2\/comments?post=21654"}],"wp:featuredmedia":[{"embeddable":true,"href":"https:\/\/www.bbmpackaging.com\/fr\/wp-json\/wp\/v2\/media\/15116"}],"wp:attachment":[{"href":"https:\/\/www.bbmpackaging.com\/fr\/wp-json\/wp\/v2\/media?parent=21654"}],"wp:term":[{"taxonomy":"brand","embeddable":true,"href":"https:\/\/www.bbmpackaging.com\/fr\/wp-json\/wp\/v2\/brand?post=21654"},{"taxonomy":"product_brand","embeddable":true,"href":"https:\/\/www.bbmpackaging.com\/fr\/wp-json\/wp\/v2\/product_brand?post=21654"},{"taxonomy":"product_cat","embeddable":true,"href":"https:\/\/www.bbmpackaging.com\/fr\/wp-json\/wp\/v2\/product_cat?post=21654"},{"taxonomy":"product_tag","embeddable":true,"href":"https:\/\/www.bbmpackaging.com\/fr\/wp-json\/wp\/v2\/product_tag?post=21654"}],"curies":[{"name":"wp","href":"https:\/\/api.w.org\/{rel}","templated":true}]}}