{"id":21656,"date":"2021-08-23T11:19:05","date_gmt":"2021-08-23T09:19:05","guid":{"rendered":"https:\/\/www.bbmpackaging.com\/prodotto\/lca-10ts-impianto-di-lavaggio-automatico-casse-in-plastica\/"},"modified":"2026-02-05T12:32:33","modified_gmt":"2026-02-05T11:32:33","slug":"lca-10ts-impianto-di-lavaggio-automatico-casse-in-plastica","status":"publish","type":"product","link":"https:\/\/www.bbmpackaging.com\/fr\/machines\/installation-lavage-cagettes-automatique\/","title":{"rendered":"Laveause automatique de caisses en plastique"},"content":{"rendered":"<h4 class=\"big\">Laveuse automatique des caisse sur mesure pour ligne d\u2019embouteillage: LCA 10T-S pour le laveuses des caisse en plastique.<\/h4>\n<p>LCA 10T-S est l\u2019innovant <strong>syst\u00e8me pour le laveuse automatique des caisse en plastique que ressoude d\u00e9finitivement le probl\u00e8me du fond sal\u00e9 des bouteilles en verre<\/strong>. LCA 10T-S utilise l\u2019action m\u00e9canique des 200 brosses rotatives et l\u2019action nettoyant de l\u2019eau en pression que garantie, en 5 m\u00e8tre d\u2019espace, la nettoyage efficace de caisses pour 50.000 bph.<\/p>\n<p>LCA 10T-S offre la flexibilit\u00e9 op\u00e9rative avec <strong>un syst\u00e8me du changement de format que permit de laver des caisses des diff\u00e9rents dimensions<\/strong> et formats (5\u00d74, 4\u00d73, 4\u00d74 \u00e0 ruche, avec diff\u00e9rents formats des bouteilles): avec le \u00ab touch-screen \u00bb, il est possible personnaliser le programme de nettoyage pour satisfaire aussi les exigences plus sp\u00e9cifiques.<\/p>\n<p>L\u2019\u00e9quipement peut \u00eatre compl\u00e9t\u00e9 avec le <strong>syst\u00e8me pour le savon<\/strong> et le syst\u00e8me pour la nettoyage externe des caisses.<\/p>\n","protected":false},"excerpt":{"rendered":"<p>Laveuse automatique des caisse sur mesure pour ligne d\u2019embouteillage: LCA 10T-S pour le laveuses des caisse en plastique&#8230;.<\/p>\n","protected":false},"featured_media":46070,"comment_status":"open","ping_status":"closed","template":"","meta":{"_acf_changed":false},"brand":[7497],"product_brand":[],"product_cat":[1102,1106,1103],"product_tag":[],"class_list":{"0":"post-21656","1":"product","2":"type-product","3":"status-publish","4":"has-post-thumbnail","6":"brand-bbm-packaging","7":"product_cat-machines","8":"product_cat-occasion","9":"product_cat-neuf","11":"first","12":"instock","13":"shipping-taxable","14":"product-type-simple"},"acf":[],"yoast_head":"<!-- This site is optimized with the Yoast SEO plugin v27.2 - https:\/\/yoast.com\/product\/yoast-seo-wordpress\/ -->\n<title>Lavage de caisses bouteilles automatique - BBM Packaging<\/title>\n<meta name=\"description\" content=\"Installation automatique LCA 10T-S de BBM Packaging pour le nettoyage des caisses en plastique, id\u00e9ale pour les lignes d\u2019embouteillage sur mesure.\" \/>\n<meta name=\"robots\" content=\"index, follow, max-snippet:-1, max-image-preview:large, max-video-preview:-1\" \/>\n<link rel=\"canonical\" href=\"https:\/\/www.bbmpackaging.com\/fr\/machines\/installation-lavage-cagettes-automatique\/\" \/>\n<meta property=\"og:locale\" content=\"fr_FR\" \/>\n<meta property=\"og:type\" content=\"article\" \/>\n<meta property=\"og:title\" content=\"Lavage de caisses bouteilles automatique - BBM Packaging\" \/>\n<meta property=\"og:description\" content=\"Installation automatique LCA 10T-S de BBM Packaging pour le nettoyage des caisses en plastique, id\u00e9ale pour les lignes d\u2019embouteillage sur mesure.\" \/>\n<meta property=\"og:url\" content=\"https:\/\/www.bbmpackaging.com\/fr\/machines\/installation-lavage-cagettes-automatique\/\" \/>\n<meta property=\"og:site_name\" content=\"BBM Packaging\" \/>\n<meta property=\"article:modified_time\" content=\"2026-02-05T11:32:33+00:00\" \/>\n<meta property=\"og:image\" content=\"https:\/\/www.bbmpackaging.com\/wp-content\/uploads\/2021\/08\/Lavacasse-automatico-BBM-Packaging.jpg\" \/>\n\t<meta property=\"og:image:width\" content=\"584\" \/>\n\t<meta property=\"og:image:height\" content=\"480\" \/>\n\t<meta property=\"og:image:type\" content=\"image\/jpeg\" \/>\n<meta name=\"twitter:card\" content=\"summary_large_image\" \/>\n<meta name=\"twitter:label1\" content=\"Dur\u00e9e de lecture estim\u00e9e\" \/>\n\t<meta name=\"twitter:data1\" content=\"1 minute\" \/>\n<script type=\"application\/ld+json\" class=\"yoast-schema-graph\">{\"@context\":\"https:\/\/schema.org\",\"@graph\":[{\"@type\":\"WebPage\",\"@id\":\"https:\/\/www.bbmpackaging.com\/fr\/machines\/installation-lavage-cagettes-automatique\/\",\"url\":\"https:\/\/www.bbmpackaging.com\/fr\/machines\/installation-lavage-cagettes-automatique\/\",\"name\":\"Lavage de caisses bouteilles automatique - BBM Packaging\",\"isPartOf\":{\"@id\":\"https:\/\/www.bbmpackaging.com\/fr\/#website\"},\"primaryImageOfPage\":{\"@id\":\"https:\/\/www.bbmpackaging.com\/fr\/machines\/installation-lavage-cagettes-automatique\/#primaryimage\"},\"image\":{\"@id\":\"https:\/\/www.bbmpackaging.com\/fr\/machines\/installation-lavage-cagettes-automatique\/#primaryimage\"},\"thumbnailUrl\":\"https:\/\/cdn.bbmpackaging.com\/wp-content\/uploads\/2021\/08\/Lavacasse-automatico-BBM-Packaging.jpg\",\"datePublished\":\"2021-08-23T09:19:05+00:00\",\"dateModified\":\"2026-02-05T11:32:33+00:00\",\"description\":\"Installation automatique LCA 10T-S de BBM Packaging pour le nettoyage des caisses en plastique, id\u00e9ale pour les lignes d\u2019embouteillage sur mesure.\",\"breadcrumb\":{\"@id\":\"https:\/\/www.bbmpackaging.com\/fr\/machines\/installation-lavage-cagettes-automatique\/#breadcrumb\"},\"inLanguage\":\"fr-FR\",\"potentialAction\":[{\"@type\":\"ReadAction\",\"target\":[\"https:\/\/www.bbmpackaging.com\/fr\/machines\/installation-lavage-cagettes-automatique\/\"]}]},{\"@type\":\"ImageObject\",\"inLanguage\":\"fr-FR\",\"@id\":\"https:\/\/www.bbmpackaging.com\/fr\/machines\/installation-lavage-cagettes-automatique\/#primaryimage\",\"url\":\"https:\/\/cdn.bbmpackaging.com\/wp-content\/uploads\/2021\/08\/Lavacasse-automatico-BBM-Packaging.jpg\",\"contentUrl\":\"https:\/\/cdn.bbmpackaging.com\/wp-content\/uploads\/2021\/08\/Lavacasse-automatico-BBM-Packaging.jpg\",\"width\":584,\"height\":480,\"caption\":\"Lavacasse automatico BBM Packaging\"},{\"@type\":\"BreadcrumbList\",\"@id\":\"https:\/\/www.bbmpackaging.com\/fr\/machines\/installation-lavage-cagettes-automatique\/#breadcrumb\",\"itemListElement\":[{\"@type\":\"ListItem\",\"position\":1,\"name\":\"Home\",\"item\":\"https:\/\/www.bbmpackaging.com\/fr\/\"},{\"@type\":\"ListItem\",\"position\":2,\"name\":\"Produits\",\"item\":\"https:\/\/www.bbmpackaging.com\/fr\/produits\/\"},{\"@type\":\"ListItem\",\"position\":3,\"name\":\"Laveause automatique de caisses en plastique\"}]},{\"@type\":\"WebSite\",\"@id\":\"https:\/\/www.bbmpackaging.com\/fr\/#website\",\"url\":\"https:\/\/www.bbmpackaging.com\/fr\/\",\"name\":\"BBM Packaging\",\"description\":\"Imbottigliamento: macchinari manutenzione e much more\",\"potentialAction\":[{\"@type\":\"SearchAction\",\"target\":{\"@type\":\"EntryPoint\",\"urlTemplate\":\"https:\/\/www.bbmpackaging.com\/fr\/?s={search_term_string}\"},\"query-input\":{\"@type\":\"PropertyValueSpecification\",\"valueRequired\":true,\"valueName\":\"search_term_string\"}}],\"inLanguage\":\"fr-FR\"}]}<\/script>\n<!-- \/ Yoast SEO plugin. -->","yoast_head_json":{"title":"Lavage de caisses bouteilles automatique - BBM Packaging","description":"Installation automatique LCA 10T-S de BBM Packaging pour le nettoyage des caisses en plastique, id\u00e9ale pour les lignes d\u2019embouteillage sur mesure.","robots":{"index":"index","follow":"follow","max-snippet":"max-snippet:-1","max-image-preview":"max-image-preview:large","max-video-preview":"max-video-preview:-1"},"canonical":"https:\/\/www.bbmpackaging.com\/fr\/machines\/installation-lavage-cagettes-automatique\/","og_locale":"fr_FR","og_type":"article","og_title":"Lavage de caisses bouteilles automatique - BBM Packaging","og_description":"Installation automatique LCA 10T-S de BBM Packaging pour le nettoyage des caisses en plastique, id\u00e9ale pour les lignes d\u2019embouteillage sur mesure.","og_url":"https:\/\/www.bbmpackaging.com\/fr\/machines\/installation-lavage-cagettes-automatique\/","og_site_name":"BBM Packaging","article_modified_time":"2026-02-05T11:32:33+00:00","og_image":[{"width":584,"height":480,"url":"https:\/\/www.bbmpackaging.com\/wp-content\/uploads\/2021\/08\/Lavacasse-automatico-BBM-Packaging.jpg","type":"image\/jpeg"}],"twitter_card":"summary_large_image","twitter_misc":{"Dur\u00e9e de lecture estim\u00e9e":"1 minute"},"schema":{"@context":"https:\/\/schema.org","@graph":[{"@type":"WebPage","@id":"https:\/\/www.bbmpackaging.com\/fr\/machines\/installation-lavage-cagettes-automatique\/","url":"https:\/\/www.bbmpackaging.com\/fr\/machines\/installation-lavage-cagettes-automatique\/","name":"Lavage de caisses bouteilles automatique - BBM Packaging","isPartOf":{"@id":"https:\/\/www.bbmpackaging.com\/fr\/#website"},"primaryImageOfPage":{"@id":"https:\/\/www.bbmpackaging.com\/fr\/machines\/installation-lavage-cagettes-automatique\/#primaryimage"},"image":{"@id":"https:\/\/www.bbmpackaging.com\/fr\/machines\/installation-lavage-cagettes-automatique\/#primaryimage"},"thumbnailUrl":"https:\/\/cdn.bbmpackaging.com\/wp-content\/uploads\/2021\/08\/Lavacasse-automatico-BBM-Packaging.jpg","datePublished":"2021-08-23T09:19:05+00:00","dateModified":"2026-02-05T11:32:33+00:00","description":"Installation automatique LCA 10T-S de BBM Packaging pour le nettoyage des caisses en plastique, id\u00e9ale pour les lignes d\u2019embouteillage sur mesure.","breadcrumb":{"@id":"https:\/\/www.bbmpackaging.com\/fr\/machines\/installation-lavage-cagettes-automatique\/#breadcrumb"},"inLanguage":"fr-FR","potentialAction":[{"@type":"ReadAction","target":["https:\/\/www.bbmpackaging.com\/fr\/machines\/installation-lavage-cagettes-automatique\/"]}]},{"@type":"ImageObject","inLanguage":"fr-FR","@id":"https:\/\/www.bbmpackaging.com\/fr\/machines\/installation-lavage-cagettes-automatique\/#primaryimage","url":"https:\/\/cdn.bbmpackaging.com\/wp-content\/uploads\/2021\/08\/Lavacasse-automatico-BBM-Packaging.jpg","contentUrl":"https:\/\/cdn.bbmpackaging.com\/wp-content\/uploads\/2021\/08\/Lavacasse-automatico-BBM-Packaging.jpg","width":584,"height":480,"caption":"Lavacasse automatico BBM Packaging"},{"@type":"BreadcrumbList","@id":"https:\/\/www.bbmpackaging.com\/fr\/machines\/installation-lavage-cagettes-automatique\/#breadcrumb","itemListElement":[{"@type":"ListItem","position":1,"name":"Home","item":"https:\/\/www.bbmpackaging.com\/fr\/"},{"@type":"ListItem","position":2,"name":"Produits","item":"https:\/\/www.bbmpackaging.com\/fr\/produits\/"},{"@type":"ListItem","position":3,"name":"Laveause automatique de caisses en plastique"}]},{"@type":"WebSite","@id":"https:\/\/www.bbmpackaging.com\/fr\/#website","url":"https:\/\/www.bbmpackaging.com\/fr\/","name":"BBM Packaging","description":"Imbottigliamento: macchinari manutenzione e much more","potentialAction":[{"@type":"SearchAction","target":{"@type":"EntryPoint","urlTemplate":"https:\/\/www.bbmpackaging.com\/fr\/?s={search_term_string}"},"query-input":{"@type":"PropertyValueSpecification","valueRequired":true,"valueName":"search_term_string"}}],"inLanguage":"fr-FR"}]}},"_links":{"self":[{"href":"https:\/\/www.bbmpackaging.com\/fr\/wp-json\/wp\/v2\/product\/21656","targetHints":{"allow":["GET"]}}],"collection":[{"href":"https:\/\/www.bbmpackaging.com\/fr\/wp-json\/wp\/v2\/product"}],"about":[{"href":"https:\/\/www.bbmpackaging.com\/fr\/wp-json\/wp\/v2\/types\/product"}],"replies":[{"embeddable":true,"href":"https:\/\/www.bbmpackaging.com\/fr\/wp-json\/wp\/v2\/comments?post=21656"}],"wp:featuredmedia":[{"embeddable":true,"href":"https:\/\/www.bbmpackaging.com\/fr\/wp-json\/wp\/v2\/media\/46070"}],"wp:attachment":[{"href":"https:\/\/www.bbmpackaging.com\/fr\/wp-json\/wp\/v2\/media?parent=21656"}],"wp:term":[{"taxonomy":"brand","embeddable":true,"href":"https:\/\/www.bbmpackaging.com\/fr\/wp-json\/wp\/v2\/brand?post=21656"},{"taxonomy":"product_brand","embeddable":true,"href":"https:\/\/www.bbmpackaging.com\/fr\/wp-json\/wp\/v2\/product_brand?post=21656"},{"taxonomy":"product_cat","embeddable":true,"href":"https:\/\/www.bbmpackaging.com\/fr\/wp-json\/wp\/v2\/product_cat?post=21656"},{"taxonomy":"product_tag","embeddable":true,"href":"https:\/\/www.bbmpackaging.com\/fr\/wp-json\/wp\/v2\/product_tag?post=21656"}],"curies":[{"name":"wp","href":"https:\/\/api.w.org\/{rel}","templated":true}]}}