{"id":21658,"date":"2021-08-23T11:21:13","date_gmt":"2021-08-23T09:21:13","guid":{"rendered":"https:\/\/www.bbmpackaging.com\/prodotto\/pick-place-manipolatori-e-sovrappositori\/"},"modified":"2026-02-05T12:32:33","modified_gmt":"2026-02-05T11:32:33","slug":"pick-place-manipolatori-e-sovrappositori","status":"publish","type":"product","link":"https:\/\/www.bbmpackaging.com\/fr\/machines\/pick-place-manipulateurs-et-superposeurs\/","title":{"rendered":"Pick &#038; place"},"content":{"rendered":"<h4>BBM PACKAGING propose de syst\u00e8me pick et place sur mesure pour le boxing, pour la cr\u00e9ation de formats multi-couches, pour la manipulation de produits et pour l\u2019automatisation des processus d\u2019emballage.<\/h4>\n<p>Les syst\u00e8mes de Pick &amp; Place sont des solutions compactes et polyvalentes pour la manipulation des produits de nature diff\u00e9rente; ils sont utilis\u00e9s pour cr\u00e9er des configurations multi-couches, pour la manipulation\/transfert ou l\u2019insertion de produits dans des plateaux, des bo\u00eetes, des blisters, etc. Chaque pick and place est personnalis\u00e9 pour le produit \u00e0 traiter et pour l\u2019application requise, assurant la flexibilit\u00e9 n\u00e9cessaire pour chaque application.<\/p>\n","protected":false},"excerpt":{"rendered":"<p>BBM PACKAGING propose de syst\u00e8me pick et place sur mesure pour le boxing, pour la cr\u00e9ation de formats&#8230;<\/p>\n","protected":false},"featured_media":15126,"comment_status":"open","ping_status":"closed","template":"","meta":{"_acf_changed":false},"brand":[7497],"product_brand":[],"product_cat":[1102,1103],"product_tag":[],"class_list":{"0":"post-21658","1":"product","2":"type-product","3":"status-publish","4":"has-post-thumbnail","6":"brand-bbm-packaging","7":"product_cat-machines","8":"product_cat-neuf","10":"first","11":"instock","12":"shipping-taxable","13":"product-type-simple"},"acf":[],"yoast_head":"<!-- This site is optimized with the Yoast SEO plugin v27.2 - https:\/\/yoast.com\/product\/yoast-seo-wordpress\/ -->\n<title>Machines Pick and Place Neuves - BBM Packaging<\/title>\n<meta name=\"description\" content=\"D\u00e9couvrez les syst\u00e8mes Pick and Place pour l\u2019encartonnage avec des formats multi-couches et une manipulation pr\u00e9cise des produits.\" \/>\n<meta name=\"robots\" content=\"index, follow, max-snippet:-1, max-image-preview:large, max-video-preview:-1\" \/>\n<link rel=\"canonical\" href=\"https:\/\/www.bbmpackaging.com\/fr\/machines\/pick-place-manipulateurs-et-superposeurs\/\" \/>\n<meta property=\"og:locale\" content=\"fr_FR\" \/>\n<meta property=\"og:type\" content=\"article\" \/>\n<meta property=\"og:title\" content=\"Machines Pick and Place Neuves - BBM Packaging\" \/>\n<meta property=\"og:description\" content=\"D\u00e9couvrez les syst\u00e8mes Pick and Place pour l\u2019encartonnage avec des formats multi-couches et une manipulation pr\u00e9cise des produits.\" \/>\n<meta property=\"og:url\" content=\"https:\/\/www.bbmpackaging.com\/fr\/machines\/pick-place-manipulateurs-et-superposeurs\/\" \/>\n<meta property=\"og:site_name\" content=\"BBM Packaging\" \/>\n<meta property=\"article:modified_time\" content=\"2026-02-05T11:32:33+00:00\" \/>\n<meta property=\"og:image\" content=\"https:\/\/www.bbmpackaging.com\/wp-content\/uploads\/2021\/03\/macchine-per-imbottigliamento-su-misura-03.jpg\" \/>\n\t<meta property=\"og:image:width\" content=\"450\" \/>\n\t<meta property=\"og:image:height\" content=\"370\" \/>\n\t<meta property=\"og:image:type\" content=\"image\/jpeg\" \/>\n<meta name=\"twitter:card\" content=\"summary_large_image\" \/>\n<meta name=\"twitter:label1\" content=\"Dur\u00e9e de lecture estim\u00e9e\" \/>\n\t<meta name=\"twitter:data1\" content=\"1 minute\" \/>\n<script type=\"application\/ld+json\" class=\"yoast-schema-graph\">{\"@context\":\"https:\/\/schema.org\",\"@graph\":[{\"@type\":\"WebPage\",\"@id\":\"https:\/\/www.bbmpackaging.com\/fr\/machines\/pick-place-manipulateurs-et-superposeurs\/\",\"url\":\"https:\/\/www.bbmpackaging.com\/fr\/machines\/pick-place-manipulateurs-et-superposeurs\/\",\"name\":\"Machines Pick and Place Neuves - BBM Packaging\",\"isPartOf\":{\"@id\":\"https:\/\/www.bbmpackaging.com\/fr\/#website\"},\"primaryImageOfPage\":{\"@id\":\"https:\/\/www.bbmpackaging.com\/fr\/machines\/pick-place-manipulateurs-et-superposeurs\/#primaryimage\"},\"image\":{\"@id\":\"https:\/\/www.bbmpackaging.com\/fr\/machines\/pick-place-manipulateurs-et-superposeurs\/#primaryimage\"},\"thumbnailUrl\":\"https:\/\/cdn.bbmpackaging.com\/wp-content\/uploads\/2021\/03\/macchine-per-imbottigliamento-su-misura-03.jpg\",\"datePublished\":\"2021-08-23T09:21:13+00:00\",\"dateModified\":\"2026-02-05T11:32:33+00:00\",\"description\":\"D\u00e9couvrez les syst\u00e8mes Pick and Place pour l\u2019encartonnage avec des formats multi-couches et une manipulation pr\u00e9cise des produits.\",\"breadcrumb\":{\"@id\":\"https:\/\/www.bbmpackaging.com\/fr\/machines\/pick-place-manipulateurs-et-superposeurs\/#breadcrumb\"},\"inLanguage\":\"fr-FR\",\"potentialAction\":[{\"@type\":\"ReadAction\",\"target\":[\"https:\/\/www.bbmpackaging.com\/fr\/machines\/pick-place-manipulateurs-et-superposeurs\/\"]}]},{\"@type\":\"ImageObject\",\"inLanguage\":\"fr-FR\",\"@id\":\"https:\/\/www.bbmpackaging.com\/fr\/machines\/pick-place-manipulateurs-et-superposeurs\/#primaryimage\",\"url\":\"https:\/\/cdn.bbmpackaging.com\/wp-content\/uploads\/2021\/03\/macchine-per-imbottigliamento-su-misura-03.jpg\",\"contentUrl\":\"https:\/\/cdn.bbmpackaging.com\/wp-content\/uploads\/2021\/03\/macchine-per-imbottigliamento-su-misura-03.jpg\",\"width\":450,\"height\":370},{\"@type\":\"BreadcrumbList\",\"@id\":\"https:\/\/www.bbmpackaging.com\/fr\/machines\/pick-place-manipulateurs-et-superposeurs\/#breadcrumb\",\"itemListElement\":[{\"@type\":\"ListItem\",\"position\":1,\"name\":\"Home\",\"item\":\"https:\/\/www.bbmpackaging.com\/fr\/\"},{\"@type\":\"ListItem\",\"position\":2,\"name\":\"Produits\",\"item\":\"https:\/\/www.bbmpackaging.com\/fr\/produits\/\"},{\"@type\":\"ListItem\",\"position\":3,\"name\":\"Neuf\",\"item\":\"https:\/\/www.bbmpackaging.com\/fr\/machines\/neuf\/\"},{\"@type\":\"ListItem\",\"position\":4,\"name\":\"Pick &#038; place\"}]},{\"@type\":\"WebSite\",\"@id\":\"https:\/\/www.bbmpackaging.com\/fr\/#website\",\"url\":\"https:\/\/www.bbmpackaging.com\/fr\/\",\"name\":\"BBM Packaging\",\"description\":\"Imbottigliamento: macchinari manutenzione e much more\",\"potentialAction\":[{\"@type\":\"SearchAction\",\"target\":{\"@type\":\"EntryPoint\",\"urlTemplate\":\"https:\/\/www.bbmpackaging.com\/fr\/?s={search_term_string}\"},\"query-input\":{\"@type\":\"PropertyValueSpecification\",\"valueRequired\":true,\"valueName\":\"search_term_string\"}}],\"inLanguage\":\"fr-FR\"}]}<\/script>\n<!-- \/ Yoast SEO plugin. -->","yoast_head_json":{"title":"Machines Pick and Place Neuves - BBM Packaging","description":"D\u00e9couvrez les syst\u00e8mes Pick and Place pour l\u2019encartonnage avec des formats multi-couches et une manipulation pr\u00e9cise des produits.","robots":{"index":"index","follow":"follow","max-snippet":"max-snippet:-1","max-image-preview":"max-image-preview:large","max-video-preview":"max-video-preview:-1"},"canonical":"https:\/\/www.bbmpackaging.com\/fr\/machines\/pick-place-manipulateurs-et-superposeurs\/","og_locale":"fr_FR","og_type":"article","og_title":"Machines Pick and Place Neuves - BBM Packaging","og_description":"D\u00e9couvrez les syst\u00e8mes Pick and Place pour l\u2019encartonnage avec des formats multi-couches et une manipulation pr\u00e9cise des produits.","og_url":"https:\/\/www.bbmpackaging.com\/fr\/machines\/pick-place-manipulateurs-et-superposeurs\/","og_site_name":"BBM Packaging","article_modified_time":"2026-02-05T11:32:33+00:00","og_image":[{"width":450,"height":370,"url":"https:\/\/www.bbmpackaging.com\/wp-content\/uploads\/2021\/03\/macchine-per-imbottigliamento-su-misura-03.jpg","type":"image\/jpeg"}],"twitter_card":"summary_large_image","twitter_misc":{"Dur\u00e9e de lecture estim\u00e9e":"1 minute"},"schema":{"@context":"https:\/\/schema.org","@graph":[{"@type":"WebPage","@id":"https:\/\/www.bbmpackaging.com\/fr\/machines\/pick-place-manipulateurs-et-superposeurs\/","url":"https:\/\/www.bbmpackaging.com\/fr\/machines\/pick-place-manipulateurs-et-superposeurs\/","name":"Machines Pick and Place Neuves - BBM Packaging","isPartOf":{"@id":"https:\/\/www.bbmpackaging.com\/fr\/#website"},"primaryImageOfPage":{"@id":"https:\/\/www.bbmpackaging.com\/fr\/machines\/pick-place-manipulateurs-et-superposeurs\/#primaryimage"},"image":{"@id":"https:\/\/www.bbmpackaging.com\/fr\/machines\/pick-place-manipulateurs-et-superposeurs\/#primaryimage"},"thumbnailUrl":"https:\/\/cdn.bbmpackaging.com\/wp-content\/uploads\/2021\/03\/macchine-per-imbottigliamento-su-misura-03.jpg","datePublished":"2021-08-23T09:21:13+00:00","dateModified":"2026-02-05T11:32:33+00:00","description":"D\u00e9couvrez les syst\u00e8mes Pick and Place pour l\u2019encartonnage avec des formats multi-couches et une manipulation pr\u00e9cise des produits.","breadcrumb":{"@id":"https:\/\/www.bbmpackaging.com\/fr\/machines\/pick-place-manipulateurs-et-superposeurs\/#breadcrumb"},"inLanguage":"fr-FR","potentialAction":[{"@type":"ReadAction","target":["https:\/\/www.bbmpackaging.com\/fr\/machines\/pick-place-manipulateurs-et-superposeurs\/"]}]},{"@type":"ImageObject","inLanguage":"fr-FR","@id":"https:\/\/www.bbmpackaging.com\/fr\/machines\/pick-place-manipulateurs-et-superposeurs\/#primaryimage","url":"https:\/\/cdn.bbmpackaging.com\/wp-content\/uploads\/2021\/03\/macchine-per-imbottigliamento-su-misura-03.jpg","contentUrl":"https:\/\/cdn.bbmpackaging.com\/wp-content\/uploads\/2021\/03\/macchine-per-imbottigliamento-su-misura-03.jpg","width":450,"height":370},{"@type":"BreadcrumbList","@id":"https:\/\/www.bbmpackaging.com\/fr\/machines\/pick-place-manipulateurs-et-superposeurs\/#breadcrumb","itemListElement":[{"@type":"ListItem","position":1,"name":"Home","item":"https:\/\/www.bbmpackaging.com\/fr\/"},{"@type":"ListItem","position":2,"name":"Produits","item":"https:\/\/www.bbmpackaging.com\/fr\/produits\/"},{"@type":"ListItem","position":3,"name":"Neuf","item":"https:\/\/www.bbmpackaging.com\/fr\/machines\/neuf\/"},{"@type":"ListItem","position":4,"name":"Pick &#038; place"}]},{"@type":"WebSite","@id":"https:\/\/www.bbmpackaging.com\/fr\/#website","url":"https:\/\/www.bbmpackaging.com\/fr\/","name":"BBM Packaging","description":"Imbottigliamento: macchinari manutenzione e much more","potentialAction":[{"@type":"SearchAction","target":{"@type":"EntryPoint","urlTemplate":"https:\/\/www.bbmpackaging.com\/fr\/?s={search_term_string}"},"query-input":{"@type":"PropertyValueSpecification","valueRequired":true,"valueName":"search_term_string"}}],"inLanguage":"fr-FR"}]}},"_links":{"self":[{"href":"https:\/\/www.bbmpackaging.com\/fr\/wp-json\/wp\/v2\/product\/21658","targetHints":{"allow":["GET"]}}],"collection":[{"href":"https:\/\/www.bbmpackaging.com\/fr\/wp-json\/wp\/v2\/product"}],"about":[{"href":"https:\/\/www.bbmpackaging.com\/fr\/wp-json\/wp\/v2\/types\/product"}],"replies":[{"embeddable":true,"href":"https:\/\/www.bbmpackaging.com\/fr\/wp-json\/wp\/v2\/comments?post=21658"}],"wp:featuredmedia":[{"embeddable":true,"href":"https:\/\/www.bbmpackaging.com\/fr\/wp-json\/wp\/v2\/media\/15126"}],"wp:attachment":[{"href":"https:\/\/www.bbmpackaging.com\/fr\/wp-json\/wp\/v2\/media?parent=21658"}],"wp:term":[{"taxonomy":"brand","embeddable":true,"href":"https:\/\/www.bbmpackaging.com\/fr\/wp-json\/wp\/v2\/brand?post=21658"},{"taxonomy":"product_brand","embeddable":true,"href":"https:\/\/www.bbmpackaging.com\/fr\/wp-json\/wp\/v2\/product_brand?post=21658"},{"taxonomy":"product_cat","embeddable":true,"href":"https:\/\/www.bbmpackaging.com\/fr\/wp-json\/wp\/v2\/product_cat?post=21658"},{"taxonomy":"product_tag","embeddable":true,"href":"https:\/\/www.bbmpackaging.com\/fr\/wp-json\/wp\/v2\/product_tag?post=21658"}],"curies":[{"name":"wp","href":"https:\/\/api.w.org\/{rel}","templated":true}]}}