{"id":21660,"date":"2021-08-23T11:25:54","date_gmt":"2021-08-23T09:25:54","guid":{"rendered":"https:\/\/www.bbmpackaging.com\/prodotto\/bbm-hsb-30-manipolatore-ad-assi-cartesiani\/"},"modified":"2026-02-05T12:32:33","modified_gmt":"2026-02-05T11:32:33","slug":"bbm-hsb-30-manipolatore-ad-assi-cartesiani","status":"publish","type":"product","link":"https:\/\/www.bbmpackaging.com\/fr\/machines\/bbm-manipulateur-a-axes-cartesiens\/","title":{"rendered":"Manipulateur avec axes \u00e9lectriques"},"content":{"rendered":"<h4>Manipulateur avec axes \u00e9lectriques contr\u00f4l\u00e9e par structure \u00e0 portique, que permet la manipulation de paquets, bo\u00eetes et des produits de toutes sortes et tailles. Dans un espace r\u00e9duit, HSB-30 pr\u00e9dispose les produits re\u00e7us selon le sch\u00e9ma requis: distribution \u00e0 travers plusieurs canaux, la rotation, le libre passage des produits.<\/h4>\n<p>En utilisant une structure en g\u00e9om\u00e9trie cart\u00e9sienne, compos\u00e9 de trois axes lin\u00e9aires et perpendiculaires qui contr\u00f4lent les mouvements dans les trois dimensions x-y-z. HSB-30 assure la pr\u00e9cision et la r\u00e9p\u00e9titivit\u00e9 des mouvements, avec un contr\u00f4le facile des trajectoires contr\u00f4l\u00e9es par le PLC. Le mouvement des produits est fait suivant les produits m\u00eame : les moteurs brushless garanti la pr\u00e9cision, la stabilit\u00e9 et le mouvement fluide des produits.<\/p>\n","protected":false},"excerpt":{"rendered":"<p>Manipulateur avec axes \u00e9lectriques contr\u00f4l\u00e9e par structure \u00e0 portique, que permet la manipulation de paquets, bo\u00eetes et des&#8230;<\/p>\n","protected":false},"featured_media":15131,"comment_status":"open","ping_status":"closed","template":"","meta":{"_acf_changed":false},"brand":[7497],"product_brand":[],"product_cat":[1102,1106,1103],"product_tag":[],"class_list":{"0":"post-21660","1":"product","2":"type-product","3":"status-publish","4":"has-post-thumbnail","6":"brand-bbm-packaging","7":"product_cat-machines","8":"product_cat-occasion","9":"product_cat-neuf","11":"first","12":"instock","13":"shipping-taxable","14":"product-type-simple"},"acf":[],"yoast_head":"<!-- This site is optimized with the Yoast SEO plugin v27.2 - https:\/\/yoast.com\/product\/yoast-seo-wordpress\/ -->\n<title>Manipulateur \u00e0 axes cart\u00e9siens Neuf - BBM Packaging<\/title>\n<meta name=\"description\" content=\"Manipulateur \u00e0 axes cart\u00e9siens pour la manipulation \u00e0 haute vitesse de fardeaux et de cartons, avec une structure robuste et un contr\u00f4le \u00e9lectronique pr\u00e9cis.\" \/>\n<meta name=\"robots\" content=\"index, follow, max-snippet:-1, max-image-preview:large, max-video-preview:-1\" \/>\n<link rel=\"canonical\" href=\"https:\/\/www.bbmpackaging.com\/fr\/machines\/bbm-manipulateur-a-axes-cartesiens\/\" \/>\n<meta property=\"og:locale\" content=\"fr_FR\" \/>\n<meta property=\"og:type\" content=\"article\" \/>\n<meta property=\"og:title\" content=\"Manipulateur \u00e0 axes cart\u00e9siens Neuf - BBM Packaging\" \/>\n<meta property=\"og:description\" content=\"Manipulateur \u00e0 axes cart\u00e9siens pour la manipulation \u00e0 haute vitesse de fardeaux et de cartons, avec une structure robuste et un contr\u00f4le \u00e9lectronique pr\u00e9cis.\" \/>\n<meta property=\"og:url\" content=\"https:\/\/www.bbmpackaging.com\/fr\/machines\/bbm-manipulateur-a-axes-cartesiens\/\" \/>\n<meta property=\"og:site_name\" content=\"BBM Packaging\" \/>\n<meta property=\"article:modified_time\" content=\"2026-02-05T11:32:33+00:00\" \/>\n<meta property=\"og:image\" content=\"https:\/\/www.bbmpackaging.com\/wp-content\/uploads\/2021\/03\/BBM-HSB-30.jpg\" \/>\n\t<meta property=\"og:image:width\" content=\"450\" \/>\n\t<meta property=\"og:image:height\" content=\"370\" \/>\n\t<meta property=\"og:image:type\" content=\"image\/jpeg\" \/>\n<meta name=\"twitter:card\" content=\"summary_large_image\" \/>\n<meta name=\"twitter:label1\" content=\"Dur\u00e9e de lecture estim\u00e9e\" \/>\n\t<meta name=\"twitter:data1\" content=\"1 minute\" \/>\n<script type=\"application\/ld+json\" class=\"yoast-schema-graph\">{\"@context\":\"https:\/\/schema.org\",\"@graph\":[{\"@type\":\"WebPage\",\"@id\":\"https:\/\/www.bbmpackaging.com\/fr\/machines\/bbm-manipulateur-a-axes-cartesiens\/\",\"url\":\"https:\/\/www.bbmpackaging.com\/fr\/machines\/bbm-manipulateur-a-axes-cartesiens\/\",\"name\":\"Manipulateur \u00e0 axes cart\u00e9siens Neuf - BBM Packaging\",\"isPartOf\":{\"@id\":\"https:\/\/www.bbmpackaging.com\/fr\/#website\"},\"primaryImageOfPage\":{\"@id\":\"https:\/\/www.bbmpackaging.com\/fr\/machines\/bbm-manipulateur-a-axes-cartesiens\/#primaryimage\"},\"image\":{\"@id\":\"https:\/\/www.bbmpackaging.com\/fr\/machines\/bbm-manipulateur-a-axes-cartesiens\/#primaryimage\"},\"thumbnailUrl\":\"https:\/\/cdn.bbmpackaging.com\/wp-content\/uploads\/2021\/03\/BBM-HSB-30.jpg\",\"datePublished\":\"2021-08-23T09:25:54+00:00\",\"dateModified\":\"2026-02-05T11:32:33+00:00\",\"description\":\"Manipulateur \u00e0 axes cart\u00e9siens pour la manipulation \u00e0 haute vitesse de fardeaux et de cartons, avec une structure robuste et un contr\u00f4le \u00e9lectronique pr\u00e9cis.\",\"breadcrumb\":{\"@id\":\"https:\/\/www.bbmpackaging.com\/fr\/machines\/bbm-manipulateur-a-axes-cartesiens\/#breadcrumb\"},\"inLanguage\":\"fr-FR\",\"potentialAction\":[{\"@type\":\"ReadAction\",\"target\":[\"https:\/\/www.bbmpackaging.com\/fr\/machines\/bbm-manipulateur-a-axes-cartesiens\/\"]}]},{\"@type\":\"ImageObject\",\"inLanguage\":\"fr-FR\",\"@id\":\"https:\/\/www.bbmpackaging.com\/fr\/machines\/bbm-manipulateur-a-axes-cartesiens\/#primaryimage\",\"url\":\"https:\/\/cdn.bbmpackaging.com\/wp-content\/uploads\/2021\/03\/BBM-HSB-30.jpg\",\"contentUrl\":\"https:\/\/cdn.bbmpackaging.com\/wp-content\/uploads\/2021\/03\/BBM-HSB-30.jpg\",\"width\":450,\"height\":370},{\"@type\":\"BreadcrumbList\",\"@id\":\"https:\/\/www.bbmpackaging.com\/fr\/machines\/bbm-manipulateur-a-axes-cartesiens\/#breadcrumb\",\"itemListElement\":[{\"@type\":\"ListItem\",\"position\":1,\"name\":\"Home\",\"item\":\"https:\/\/www.bbmpackaging.com\/fr\/\"},{\"@type\":\"ListItem\",\"position\":2,\"name\":\"Produits\",\"item\":\"https:\/\/www.bbmpackaging.com\/fr\/produits\/\"},{\"@type\":\"ListItem\",\"position\":3,\"name\":\"Manipulateur avec axes \u00e9lectriques\"}]},{\"@type\":\"WebSite\",\"@id\":\"https:\/\/www.bbmpackaging.com\/fr\/#website\",\"url\":\"https:\/\/www.bbmpackaging.com\/fr\/\",\"name\":\"BBM Packaging\",\"description\":\"Imbottigliamento: macchinari manutenzione e much more\",\"potentialAction\":[{\"@type\":\"SearchAction\",\"target\":{\"@type\":\"EntryPoint\",\"urlTemplate\":\"https:\/\/www.bbmpackaging.com\/fr\/?s={search_term_string}\"},\"query-input\":{\"@type\":\"PropertyValueSpecification\",\"valueRequired\":true,\"valueName\":\"search_term_string\"}}],\"inLanguage\":\"fr-FR\"}]}<\/script>\n<!-- \/ Yoast SEO plugin. -->","yoast_head_json":{"title":"Manipulateur \u00e0 axes cart\u00e9siens Neuf - BBM Packaging","description":"Manipulateur \u00e0 axes cart\u00e9siens pour la manipulation \u00e0 haute vitesse de fardeaux et de cartons, avec une structure robuste et un contr\u00f4le \u00e9lectronique pr\u00e9cis.","robots":{"index":"index","follow":"follow","max-snippet":"max-snippet:-1","max-image-preview":"max-image-preview:large","max-video-preview":"max-video-preview:-1"},"canonical":"https:\/\/www.bbmpackaging.com\/fr\/machines\/bbm-manipulateur-a-axes-cartesiens\/","og_locale":"fr_FR","og_type":"article","og_title":"Manipulateur \u00e0 axes cart\u00e9siens Neuf - BBM Packaging","og_description":"Manipulateur \u00e0 axes cart\u00e9siens pour la manipulation \u00e0 haute vitesse de fardeaux et de cartons, avec une structure robuste et un contr\u00f4le \u00e9lectronique pr\u00e9cis.","og_url":"https:\/\/www.bbmpackaging.com\/fr\/machines\/bbm-manipulateur-a-axes-cartesiens\/","og_site_name":"BBM Packaging","article_modified_time":"2026-02-05T11:32:33+00:00","og_image":[{"width":450,"height":370,"url":"https:\/\/www.bbmpackaging.com\/wp-content\/uploads\/2021\/03\/BBM-HSB-30.jpg","type":"image\/jpeg"}],"twitter_card":"summary_large_image","twitter_misc":{"Dur\u00e9e de lecture estim\u00e9e":"1 minute"},"schema":{"@context":"https:\/\/schema.org","@graph":[{"@type":"WebPage","@id":"https:\/\/www.bbmpackaging.com\/fr\/machines\/bbm-manipulateur-a-axes-cartesiens\/","url":"https:\/\/www.bbmpackaging.com\/fr\/machines\/bbm-manipulateur-a-axes-cartesiens\/","name":"Manipulateur \u00e0 axes cart\u00e9siens Neuf - BBM Packaging","isPartOf":{"@id":"https:\/\/www.bbmpackaging.com\/fr\/#website"},"primaryImageOfPage":{"@id":"https:\/\/www.bbmpackaging.com\/fr\/machines\/bbm-manipulateur-a-axes-cartesiens\/#primaryimage"},"image":{"@id":"https:\/\/www.bbmpackaging.com\/fr\/machines\/bbm-manipulateur-a-axes-cartesiens\/#primaryimage"},"thumbnailUrl":"https:\/\/cdn.bbmpackaging.com\/wp-content\/uploads\/2021\/03\/BBM-HSB-30.jpg","datePublished":"2021-08-23T09:25:54+00:00","dateModified":"2026-02-05T11:32:33+00:00","description":"Manipulateur \u00e0 axes cart\u00e9siens pour la manipulation \u00e0 haute vitesse de fardeaux et de cartons, avec une structure robuste et un contr\u00f4le \u00e9lectronique pr\u00e9cis.","breadcrumb":{"@id":"https:\/\/www.bbmpackaging.com\/fr\/machines\/bbm-manipulateur-a-axes-cartesiens\/#breadcrumb"},"inLanguage":"fr-FR","potentialAction":[{"@type":"ReadAction","target":["https:\/\/www.bbmpackaging.com\/fr\/machines\/bbm-manipulateur-a-axes-cartesiens\/"]}]},{"@type":"ImageObject","inLanguage":"fr-FR","@id":"https:\/\/www.bbmpackaging.com\/fr\/machines\/bbm-manipulateur-a-axes-cartesiens\/#primaryimage","url":"https:\/\/cdn.bbmpackaging.com\/wp-content\/uploads\/2021\/03\/BBM-HSB-30.jpg","contentUrl":"https:\/\/cdn.bbmpackaging.com\/wp-content\/uploads\/2021\/03\/BBM-HSB-30.jpg","width":450,"height":370},{"@type":"BreadcrumbList","@id":"https:\/\/www.bbmpackaging.com\/fr\/machines\/bbm-manipulateur-a-axes-cartesiens\/#breadcrumb","itemListElement":[{"@type":"ListItem","position":1,"name":"Home","item":"https:\/\/www.bbmpackaging.com\/fr\/"},{"@type":"ListItem","position":2,"name":"Produits","item":"https:\/\/www.bbmpackaging.com\/fr\/produits\/"},{"@type":"ListItem","position":3,"name":"Manipulateur avec axes \u00e9lectriques"}]},{"@type":"WebSite","@id":"https:\/\/www.bbmpackaging.com\/fr\/#website","url":"https:\/\/www.bbmpackaging.com\/fr\/","name":"BBM Packaging","description":"Imbottigliamento: macchinari manutenzione e much more","potentialAction":[{"@type":"SearchAction","target":{"@type":"EntryPoint","urlTemplate":"https:\/\/www.bbmpackaging.com\/fr\/?s={search_term_string}"},"query-input":{"@type":"PropertyValueSpecification","valueRequired":true,"valueName":"search_term_string"}}],"inLanguage":"fr-FR"}]}},"_links":{"self":[{"href":"https:\/\/www.bbmpackaging.com\/fr\/wp-json\/wp\/v2\/product\/21660","targetHints":{"allow":["GET"]}}],"collection":[{"href":"https:\/\/www.bbmpackaging.com\/fr\/wp-json\/wp\/v2\/product"}],"about":[{"href":"https:\/\/www.bbmpackaging.com\/fr\/wp-json\/wp\/v2\/types\/product"}],"replies":[{"embeddable":true,"href":"https:\/\/www.bbmpackaging.com\/fr\/wp-json\/wp\/v2\/comments?post=21660"}],"wp:featuredmedia":[{"embeddable":true,"href":"https:\/\/www.bbmpackaging.com\/fr\/wp-json\/wp\/v2\/media\/15131"}],"wp:attachment":[{"href":"https:\/\/www.bbmpackaging.com\/fr\/wp-json\/wp\/v2\/media?parent=21660"}],"wp:term":[{"taxonomy":"brand","embeddable":true,"href":"https:\/\/www.bbmpackaging.com\/fr\/wp-json\/wp\/v2\/brand?post=21660"},{"taxonomy":"product_brand","embeddable":true,"href":"https:\/\/www.bbmpackaging.com\/fr\/wp-json\/wp\/v2\/product_brand?post=21660"},{"taxonomy":"product_cat","embeddable":true,"href":"https:\/\/www.bbmpackaging.com\/fr\/wp-json\/wp\/v2\/product_cat?post=21660"},{"taxonomy":"product_tag","embeddable":true,"href":"https:\/\/www.bbmpackaging.com\/fr\/wp-json\/wp\/v2\/product_tag?post=21660"}],"curies":[{"name":"wp","href":"https:\/\/api.w.org\/{rel}","templated":true}]}}