{"id":21664,"date":"2021-08-23T11:34:40","date_gmt":"2021-08-23T09:34:40","guid":{"rendered":"https:\/\/www.bbmpackaging.com\/prodotto\/confezionatrici\/"},"modified":"2026-02-05T12:32:33","modified_gmt":"2026-02-05T11:32:33","slug":"confezionatrici","status":"publish","type":"product","link":"https:\/\/www.bbmpackaging.com\/fr\/machines\/conditionneuses-smipack\/","title":{"rendered":"Fardeleuses SMIpack"},"content":{"rendered":"<h4 class=\"big\">Les machines d&#8217;emballage Smipack avec tunnel sont vendues manuelles, semi-automatiques et automatiques, con\u00e7ues pour l&#8217;emballage et le conditionnement dans l&rsquo;automatisation des processus industriels.<\/h4>\n<p>Les machines SMIPACK sont utilis\u00e9es dans de nombreux segments de march\u00e9 : alimentaire (pain et d\u00e9riv\u00e9s, p\u00e2tisseries, pizzas, fruits et l\u00e9gumes, produits laitiers, boissons et conserves), non alimentaire (produits de l&rsquo;industrie graphique, informatique, \u00e9lectronique et m\u00e9canique, blanchisserie, jouets, articles m\u00e9nagers et de nettoyage, parfums et produits pharmaceutiques), conditionnement \u00e0 fa\u00e7on et grande distribution. Cette s\u00e9rie de machines de conditionnement se caract\u00e9rise par sa modularit\u00e9 : tous les mod\u00e8les de cette gamme, en effet, peuvent \u00eatre fournis avec ou sans tunnel de r\u00e9traction. Les conditionneuses SMIPACK version INOX sont particuli\u00e8rement adapt\u00e9es pour r\u00e9pondre aux besoins de l&rsquo;industrie alimentaire (viande, produits surgel\u00e9s, produits de la p\u00eache, fromage, chocolat, etc.) et sont caract\u00e9ris\u00e9es par une structure en acier inoxydable (AISI 304) et une bande transporteuse du produit conforme aux r\u00e9glementations FDA, UE et USDA pour le contact avec les aliments.<\/p>\n","protected":false},"excerpt":{"rendered":"<p>Les machines d&#8217;emballage Smipack avec tunnel sont vendues manuelles, semi-automatiques et automatiques, con\u00e7ues pour l&#8217;emballage et le conditionnement&#8230;<\/p>\n","protected":false},"featured_media":15151,"comment_status":"open","ping_status":"closed","template":"","meta":{"_acf_changed":false},"brand":[7494],"product_brand":[],"product_cat":[1102,1106,1103],"product_tag":[],"class_list":{"0":"post-21664","1":"product","2":"type-product","3":"status-publish","4":"has-post-thumbnail","6":"brand-smipack","7":"product_cat-machines","8":"product_cat-occasion","9":"product_cat-neuf","11":"first","12":"instock","13":"shipping-taxable","14":"product-type-simple"},"acf":[],"yoast_head":"<!-- This site is optimized with the Yoast SEO plugin v27.2 - https:\/\/yoast.com\/product\/yoast-seo-wordpress\/ -->\n<title>Emballage SMIPACK Neuf - BBM Packaging<\/title>\n<meta name=\"description\" content=\"D\u00e9couvrez les conditionneuses SMIPACK de BBM Packaging. Conditionneuses manuelles, semi-automatiques et automatiques.\" \/>\n<meta name=\"robots\" content=\"index, follow, max-snippet:-1, max-image-preview:large, max-video-preview:-1\" \/>\n<link rel=\"canonical\" href=\"https:\/\/www.bbmpackaging.com\/fr\/machines\/conditionneuses-smipack\/\" \/>\n<meta property=\"og:locale\" content=\"fr_FR\" \/>\n<meta property=\"og:type\" content=\"article\" \/>\n<meta property=\"og:title\" content=\"Emballage SMIPACK Neuf - BBM Packaging\" \/>\n<meta property=\"og:description\" content=\"D\u00e9couvrez les conditionneuses SMIPACK de BBM Packaging. Conditionneuses manuelles, semi-automatiques et automatiques.\" \/>\n<meta property=\"og:url\" content=\"https:\/\/www.bbmpackaging.com\/fr\/machines\/conditionneuses-smipack\/\" \/>\n<meta property=\"og:site_name\" content=\"BBM Packaging\" \/>\n<meta property=\"article:modified_time\" content=\"2026-02-05T11:32:33+00:00\" \/>\n<meta property=\"og:image\" content=\"https:\/\/www.bbmpackaging.com\/wp-content\/uploads\/2021\/03\/macchine-confezionatrici-smipack-03.jpg\" \/>\n\t<meta property=\"og:image:width\" content=\"450\" \/>\n\t<meta property=\"og:image:height\" content=\"370\" \/>\n\t<meta property=\"og:image:type\" content=\"image\/jpeg\" \/>\n<meta name=\"twitter:card\" content=\"summary_large_image\" \/>\n<meta name=\"twitter:label1\" content=\"Dur\u00e9e de lecture estim\u00e9e\" \/>\n\t<meta name=\"twitter:data1\" content=\"2 minutes\" \/>\n<script type=\"application\/ld+json\" class=\"yoast-schema-graph\">{\"@context\":\"https:\/\/schema.org\",\"@graph\":[{\"@type\":\"WebPage\",\"@id\":\"https:\/\/www.bbmpackaging.com\/fr\/machines\/conditionneuses-smipack\/\",\"url\":\"https:\/\/www.bbmpackaging.com\/fr\/machines\/conditionneuses-smipack\/\",\"name\":\"Emballage SMIPACK Neuf - BBM Packaging\",\"isPartOf\":{\"@id\":\"https:\/\/www.bbmpackaging.com\/fr\/#website\"},\"primaryImageOfPage\":{\"@id\":\"https:\/\/www.bbmpackaging.com\/fr\/machines\/conditionneuses-smipack\/#primaryimage\"},\"image\":{\"@id\":\"https:\/\/www.bbmpackaging.com\/fr\/machines\/conditionneuses-smipack\/#primaryimage\"},\"thumbnailUrl\":\"https:\/\/cdn.bbmpackaging.com\/wp-content\/uploads\/2021\/03\/macchine-confezionatrici-smipack-03.jpg\",\"datePublished\":\"2021-08-23T09:34:40+00:00\",\"dateModified\":\"2026-02-05T11:32:33+00:00\",\"description\":\"D\u00e9couvrez les conditionneuses SMIPACK de BBM Packaging. Conditionneuses manuelles, semi-automatiques et automatiques.\",\"breadcrumb\":{\"@id\":\"https:\/\/www.bbmpackaging.com\/fr\/machines\/conditionneuses-smipack\/#breadcrumb\"},\"inLanguage\":\"fr-FR\",\"potentialAction\":[{\"@type\":\"ReadAction\",\"target\":[\"https:\/\/www.bbmpackaging.com\/fr\/machines\/conditionneuses-smipack\/\"]}]},{\"@type\":\"ImageObject\",\"inLanguage\":\"fr-FR\",\"@id\":\"https:\/\/www.bbmpackaging.com\/fr\/machines\/conditionneuses-smipack\/#primaryimage\",\"url\":\"https:\/\/cdn.bbmpackaging.com\/wp-content\/uploads\/2021\/03\/macchine-confezionatrici-smipack-03.jpg\",\"contentUrl\":\"https:\/\/cdn.bbmpackaging.com\/wp-content\/uploads\/2021\/03\/macchine-confezionatrici-smipack-03.jpg\",\"width\":450,\"height\":370},{\"@type\":\"BreadcrumbList\",\"@id\":\"https:\/\/www.bbmpackaging.com\/fr\/machines\/conditionneuses-smipack\/#breadcrumb\",\"itemListElement\":[{\"@type\":\"ListItem\",\"position\":1,\"name\":\"Home\",\"item\":\"https:\/\/www.bbmpackaging.com\/fr\/\"},{\"@type\":\"ListItem\",\"position\":2,\"name\":\"Produits\",\"item\":\"https:\/\/www.bbmpackaging.com\/fr\/produits\/\"},{\"@type\":\"ListItem\",\"position\":3,\"name\":\"Fardeleuses SMIpack\"}]},{\"@type\":\"WebSite\",\"@id\":\"https:\/\/www.bbmpackaging.com\/fr\/#website\",\"url\":\"https:\/\/www.bbmpackaging.com\/fr\/\",\"name\":\"BBM Packaging\",\"description\":\"Imbottigliamento: macchinari manutenzione e much more\",\"potentialAction\":[{\"@type\":\"SearchAction\",\"target\":{\"@type\":\"EntryPoint\",\"urlTemplate\":\"https:\/\/www.bbmpackaging.com\/fr\/?s={search_term_string}\"},\"query-input\":{\"@type\":\"PropertyValueSpecification\",\"valueRequired\":true,\"valueName\":\"search_term_string\"}}],\"inLanguage\":\"fr-FR\"}]}<\/script>\n<!-- \/ Yoast SEO plugin. -->","yoast_head_json":{"title":"Emballage SMIPACK Neuf - BBM Packaging","description":"D\u00e9couvrez les conditionneuses SMIPACK de BBM Packaging. Conditionneuses manuelles, semi-automatiques et automatiques.","robots":{"index":"index","follow":"follow","max-snippet":"max-snippet:-1","max-image-preview":"max-image-preview:large","max-video-preview":"max-video-preview:-1"},"canonical":"https:\/\/www.bbmpackaging.com\/fr\/machines\/conditionneuses-smipack\/","og_locale":"fr_FR","og_type":"article","og_title":"Emballage SMIPACK Neuf - BBM Packaging","og_description":"D\u00e9couvrez les conditionneuses SMIPACK de BBM Packaging. Conditionneuses manuelles, semi-automatiques et automatiques.","og_url":"https:\/\/www.bbmpackaging.com\/fr\/machines\/conditionneuses-smipack\/","og_site_name":"BBM Packaging","article_modified_time":"2026-02-05T11:32:33+00:00","og_image":[{"width":450,"height":370,"url":"https:\/\/www.bbmpackaging.com\/wp-content\/uploads\/2021\/03\/macchine-confezionatrici-smipack-03.jpg","type":"image\/jpeg"}],"twitter_card":"summary_large_image","twitter_misc":{"Dur\u00e9e de lecture estim\u00e9e":"2 minutes"},"schema":{"@context":"https:\/\/schema.org","@graph":[{"@type":"WebPage","@id":"https:\/\/www.bbmpackaging.com\/fr\/machines\/conditionneuses-smipack\/","url":"https:\/\/www.bbmpackaging.com\/fr\/machines\/conditionneuses-smipack\/","name":"Emballage SMIPACK Neuf - BBM Packaging","isPartOf":{"@id":"https:\/\/www.bbmpackaging.com\/fr\/#website"},"primaryImageOfPage":{"@id":"https:\/\/www.bbmpackaging.com\/fr\/machines\/conditionneuses-smipack\/#primaryimage"},"image":{"@id":"https:\/\/www.bbmpackaging.com\/fr\/machines\/conditionneuses-smipack\/#primaryimage"},"thumbnailUrl":"https:\/\/cdn.bbmpackaging.com\/wp-content\/uploads\/2021\/03\/macchine-confezionatrici-smipack-03.jpg","datePublished":"2021-08-23T09:34:40+00:00","dateModified":"2026-02-05T11:32:33+00:00","description":"D\u00e9couvrez les conditionneuses SMIPACK de BBM Packaging. Conditionneuses manuelles, semi-automatiques et automatiques.","breadcrumb":{"@id":"https:\/\/www.bbmpackaging.com\/fr\/machines\/conditionneuses-smipack\/#breadcrumb"},"inLanguage":"fr-FR","potentialAction":[{"@type":"ReadAction","target":["https:\/\/www.bbmpackaging.com\/fr\/machines\/conditionneuses-smipack\/"]}]},{"@type":"ImageObject","inLanguage":"fr-FR","@id":"https:\/\/www.bbmpackaging.com\/fr\/machines\/conditionneuses-smipack\/#primaryimage","url":"https:\/\/cdn.bbmpackaging.com\/wp-content\/uploads\/2021\/03\/macchine-confezionatrici-smipack-03.jpg","contentUrl":"https:\/\/cdn.bbmpackaging.com\/wp-content\/uploads\/2021\/03\/macchine-confezionatrici-smipack-03.jpg","width":450,"height":370},{"@type":"BreadcrumbList","@id":"https:\/\/www.bbmpackaging.com\/fr\/machines\/conditionneuses-smipack\/#breadcrumb","itemListElement":[{"@type":"ListItem","position":1,"name":"Home","item":"https:\/\/www.bbmpackaging.com\/fr\/"},{"@type":"ListItem","position":2,"name":"Produits","item":"https:\/\/www.bbmpackaging.com\/fr\/produits\/"},{"@type":"ListItem","position":3,"name":"Fardeleuses SMIpack"}]},{"@type":"WebSite","@id":"https:\/\/www.bbmpackaging.com\/fr\/#website","url":"https:\/\/www.bbmpackaging.com\/fr\/","name":"BBM Packaging","description":"Imbottigliamento: macchinari manutenzione e much more","potentialAction":[{"@type":"SearchAction","target":{"@type":"EntryPoint","urlTemplate":"https:\/\/www.bbmpackaging.com\/fr\/?s={search_term_string}"},"query-input":{"@type":"PropertyValueSpecification","valueRequired":true,"valueName":"search_term_string"}}],"inLanguage":"fr-FR"}]}},"_links":{"self":[{"href":"https:\/\/www.bbmpackaging.com\/fr\/wp-json\/wp\/v2\/product\/21664","targetHints":{"allow":["GET"]}}],"collection":[{"href":"https:\/\/www.bbmpackaging.com\/fr\/wp-json\/wp\/v2\/product"}],"about":[{"href":"https:\/\/www.bbmpackaging.com\/fr\/wp-json\/wp\/v2\/types\/product"}],"replies":[{"embeddable":true,"href":"https:\/\/www.bbmpackaging.com\/fr\/wp-json\/wp\/v2\/comments?post=21664"}],"wp:featuredmedia":[{"embeddable":true,"href":"https:\/\/www.bbmpackaging.com\/fr\/wp-json\/wp\/v2\/media\/15151"}],"wp:attachment":[{"href":"https:\/\/www.bbmpackaging.com\/fr\/wp-json\/wp\/v2\/media?parent=21664"}],"wp:term":[{"taxonomy":"brand","embeddable":true,"href":"https:\/\/www.bbmpackaging.com\/fr\/wp-json\/wp\/v2\/brand?post=21664"},{"taxonomy":"product_brand","embeddable":true,"href":"https:\/\/www.bbmpackaging.com\/fr\/wp-json\/wp\/v2\/product_brand?post=21664"},{"taxonomy":"product_cat","embeddable":true,"href":"https:\/\/www.bbmpackaging.com\/fr\/wp-json\/wp\/v2\/product_cat?post=21664"},{"taxonomy":"product_tag","embeddable":true,"href":"https:\/\/www.bbmpackaging.com\/fr\/wp-json\/wp\/v2\/product_tag?post=21664"}],"curies":[{"name":"wp","href":"https:\/\/api.w.org\/{rel}","templated":true}]}}