{"id":21733,"date":"2021-07-21T10:06:52","date_gmt":"2021-07-21T08:06:52","guid":{"rendered":"https:\/\/www.bbmpackaging.com\/prodotto\/fasciatore-robopac-helix\/"},"modified":"2026-03-04T12:57:52","modified_gmt":"2026-03-04T11:57:52","slug":"fasciatore-robopac-helix","status":"publish","type":"product","link":"https:\/\/www.bbmpackaging.com\/fr\/machines\/bandelereuses-occasion\/bandelereuse-robopac-helix\/","title":{"rendered":"Bandelereuse Robopac Helix"},"content":{"rendered":"<p>Bandeleuse d\u2019occasion ROBOPAC Helix<\/p>\n","protected":false},"excerpt":{"rendered":"<p>Bandeleuse d\u2019occasion ROBOPAC, retap\u00e9e \u00e0 neuf et garantie avec production nominal jusqu\u2019\u00e0 45 pph. La vitesse indiqu\u00e9e en bouteilles par heure fait r\u00e9f\u00e9rence au format standard de 1500 ml en conditionnement 3&#215;2.<\/p>\n","protected":false},"featured_media":16700,"comment_status":"closed","ping_status":"closed","template":"","meta":{"_acf_changed":false},"brand":[7461],"product_brand":[],"product_cat":[1106,4456],"product_tag":[],"class_list":{"0":"post-21733","1":"product","2":"type-product","3":"status-publish","4":"has-post-thumbnail","6":"brand-robopac","7":"product_cat-occasion","8":"product_cat-bandelereuses-occasion","10":"first","11":"instock","12":"product-type-simple"},"acf":[],"yoast_head":"<!-- This site is optimized with the Yoast SEO plugin v27.2 - https:\/\/yoast.com\/product\/yoast-seo-wordpress\/ -->\n<title>Banderoleuse Robopac Helix d&#039;occasion - BBM Packaging<\/title>\n<meta name=\"description\" content=\"D\u00e9couvrez la bandelereuse Robopac Helix d&#039;occasion, garanti par BBM Service, avec une capacit\u00e9 allant jusqu&#039;\u00e0 45 palettes\/heure. R\u00e9vis\u00e9 et disponible.\" \/>\n<meta name=\"robots\" content=\"index, follow, max-snippet:-1, max-image-preview:large, max-video-preview:-1\" \/>\n<link rel=\"canonical\" href=\"https:\/\/www.bbmpackaging.com\/fr\/machines\/bandelereuses-occasion\/bandelereuse-robopac-helix\/\" \/>\n<meta property=\"og:locale\" content=\"fr_FR\" \/>\n<meta property=\"og:type\" content=\"article\" \/>\n<meta property=\"og:title\" content=\"Banderoleuse Robopac Helix d&#039;occasion - BBM Packaging\" \/>\n<meta property=\"og:description\" content=\"D\u00e9couvrez la bandelereuse Robopac Helix d&#039;occasion, garanti par BBM Service, avec une capacit\u00e9 allant jusqu&#039;\u00e0 45 palettes\/heure. R\u00e9vis\u00e9 et disponible.\" \/>\n<meta property=\"og:url\" content=\"https:\/\/www.bbmpackaging.com\/fr\/machines\/bandelereuses-occasion\/bandelereuse-robopac-helix\/\" \/>\n<meta property=\"og:site_name\" content=\"BBM Packaging\" \/>\n<meta property=\"article:modified_time\" content=\"2026-03-04T11:57:52+00:00\" \/>\n<meta property=\"og:image\" content=\"https:\/\/www.bbmpackaging.com\/wp-content\/uploads\/2021\/07\/fasciatore-robopac-usato.jpg\" \/>\n\t<meta property=\"og:image:width\" content=\"560\" \/>\n\t<meta property=\"og:image:height\" content=\"420\" \/>\n\t<meta property=\"og:image:type\" content=\"image\/jpeg\" \/>\n<meta name=\"twitter:card\" content=\"summary_large_image\" \/>\n<meta name=\"twitter:label1\" content=\"Dur\u00e9e de lecture estim\u00e9e\" \/>\n\t<meta name=\"twitter:data1\" content=\"1 minute\" \/>\n<script type=\"application\/ld+json\" class=\"yoast-schema-graph\">{\"@context\":\"https:\/\/schema.org\",\"@graph\":[{\"@type\":\"WebPage\",\"@id\":\"https:\/\/www.bbmpackaging.com\/fr\/machines\/bandelereuses-occasion\/bandelereuse-robopac-helix\/\",\"url\":\"https:\/\/www.bbmpackaging.com\/fr\/machines\/bandelereuses-occasion\/bandelereuse-robopac-helix\/\",\"name\":\"Banderoleuse Robopac Helix d'occasion - BBM Packaging\",\"isPartOf\":{\"@id\":\"https:\/\/www.bbmpackaging.com\/fr\/#website\"},\"primaryImageOfPage\":{\"@id\":\"https:\/\/www.bbmpackaging.com\/fr\/machines\/bandelereuses-occasion\/bandelereuse-robopac-helix\/#primaryimage\"},\"image\":{\"@id\":\"https:\/\/www.bbmpackaging.com\/fr\/machines\/bandelereuses-occasion\/bandelereuse-robopac-helix\/#primaryimage\"},\"thumbnailUrl\":\"https:\/\/cdn.bbmpackaging.com\/wp-content\/uploads\/2021\/07\/fasciatore-robopac-usato.jpg\",\"datePublished\":\"2021-07-21T08:06:52+00:00\",\"dateModified\":\"2026-03-04T11:57:52+00:00\",\"description\":\"D\u00e9couvrez la bandelereuse Robopac Helix d'occasion, garanti par BBM Service, avec une capacit\u00e9 allant jusqu'\u00e0 45 palettes\/heure. R\u00e9vis\u00e9 et disponible.\",\"breadcrumb\":{\"@id\":\"https:\/\/www.bbmpackaging.com\/fr\/machines\/bandelereuses-occasion\/bandelereuse-robopac-helix\/#breadcrumb\"},\"inLanguage\":\"fr-FR\",\"potentialAction\":[{\"@type\":\"ReadAction\",\"target\":[\"https:\/\/www.bbmpackaging.com\/fr\/machines\/bandelereuses-occasion\/bandelereuse-robopac-helix\/\"]}]},{\"@type\":\"ImageObject\",\"inLanguage\":\"fr-FR\",\"@id\":\"https:\/\/www.bbmpackaging.com\/fr\/machines\/bandelereuses-occasion\/bandelereuse-robopac-helix\/#primaryimage\",\"url\":\"https:\/\/cdn.bbmpackaging.com\/wp-content\/uploads\/2021\/07\/fasciatore-robopac-usato.jpg\",\"contentUrl\":\"https:\/\/cdn.bbmpackaging.com\/wp-content\/uploads\/2021\/07\/fasciatore-robopac-usato.jpg\",\"width\":560,\"height\":420},{\"@type\":\"BreadcrumbList\",\"@id\":\"https:\/\/www.bbmpackaging.com\/fr\/machines\/bandelereuses-occasion\/bandelereuse-robopac-helix\/#breadcrumb\",\"itemListElement\":[{\"@type\":\"ListItem\",\"position\":1,\"name\":\"Home\",\"item\":\"https:\/\/www.bbmpackaging.com\/fr\/\"},{\"@type\":\"ListItem\",\"position\":2,\"name\":\"Produits\",\"item\":\"https:\/\/www.bbmpackaging.com\/fr\/produits\/\"},{\"@type\":\"ListItem\",\"position\":3,\"name\":\"Machines d\u2019occasion\",\"item\":\"https:\/\/www.bbmpackaging.com\/fr\/machines\/occasion\/\"},{\"@type\":\"ListItem\",\"position\":4,\"name\":\"Bandelereuse Robopac Helix\"}]},{\"@type\":\"WebSite\",\"@id\":\"https:\/\/www.bbmpackaging.com\/fr\/#website\",\"url\":\"https:\/\/www.bbmpackaging.com\/fr\/\",\"name\":\"BBM Packaging\",\"description\":\"Imbottigliamento: macchinari manutenzione e much more\",\"potentialAction\":[{\"@type\":\"SearchAction\",\"target\":{\"@type\":\"EntryPoint\",\"urlTemplate\":\"https:\/\/www.bbmpackaging.com\/fr\/?s={search_term_string}\"},\"query-input\":{\"@type\":\"PropertyValueSpecification\",\"valueRequired\":true,\"valueName\":\"search_term_string\"}}],\"inLanguage\":\"fr-FR\"}]}<\/script>\n<!-- \/ Yoast SEO plugin. -->","yoast_head_json":{"title":"Banderoleuse Robopac Helix d'occasion - BBM Packaging","description":"D\u00e9couvrez la bandelereuse Robopac Helix d'occasion, garanti par BBM Service, avec une capacit\u00e9 allant jusqu'\u00e0 45 palettes\/heure. R\u00e9vis\u00e9 et disponible.","robots":{"index":"index","follow":"follow","max-snippet":"max-snippet:-1","max-image-preview":"max-image-preview:large","max-video-preview":"max-video-preview:-1"},"canonical":"https:\/\/www.bbmpackaging.com\/fr\/machines\/bandelereuses-occasion\/bandelereuse-robopac-helix\/","og_locale":"fr_FR","og_type":"article","og_title":"Banderoleuse Robopac Helix d'occasion - BBM Packaging","og_description":"D\u00e9couvrez la bandelereuse Robopac Helix d'occasion, garanti par BBM Service, avec une capacit\u00e9 allant jusqu'\u00e0 45 palettes\/heure. R\u00e9vis\u00e9 et disponible.","og_url":"https:\/\/www.bbmpackaging.com\/fr\/machines\/bandelereuses-occasion\/bandelereuse-robopac-helix\/","og_site_name":"BBM Packaging","article_modified_time":"2026-03-04T11:57:52+00:00","og_image":[{"width":560,"height":420,"url":"https:\/\/www.bbmpackaging.com\/wp-content\/uploads\/2021\/07\/fasciatore-robopac-usato.jpg","type":"image\/jpeg"}],"twitter_card":"summary_large_image","twitter_misc":{"Dur\u00e9e de lecture estim\u00e9e":"1 minute"},"schema":{"@context":"https:\/\/schema.org","@graph":[{"@type":"WebPage","@id":"https:\/\/www.bbmpackaging.com\/fr\/machines\/bandelereuses-occasion\/bandelereuse-robopac-helix\/","url":"https:\/\/www.bbmpackaging.com\/fr\/machines\/bandelereuses-occasion\/bandelereuse-robopac-helix\/","name":"Banderoleuse Robopac Helix d'occasion - BBM Packaging","isPartOf":{"@id":"https:\/\/www.bbmpackaging.com\/fr\/#website"},"primaryImageOfPage":{"@id":"https:\/\/www.bbmpackaging.com\/fr\/machines\/bandelereuses-occasion\/bandelereuse-robopac-helix\/#primaryimage"},"image":{"@id":"https:\/\/www.bbmpackaging.com\/fr\/machines\/bandelereuses-occasion\/bandelereuse-robopac-helix\/#primaryimage"},"thumbnailUrl":"https:\/\/cdn.bbmpackaging.com\/wp-content\/uploads\/2021\/07\/fasciatore-robopac-usato.jpg","datePublished":"2021-07-21T08:06:52+00:00","dateModified":"2026-03-04T11:57:52+00:00","description":"D\u00e9couvrez la bandelereuse Robopac Helix d'occasion, garanti par BBM Service, avec une capacit\u00e9 allant jusqu'\u00e0 45 palettes\/heure. R\u00e9vis\u00e9 et disponible.","breadcrumb":{"@id":"https:\/\/www.bbmpackaging.com\/fr\/machines\/bandelereuses-occasion\/bandelereuse-robopac-helix\/#breadcrumb"},"inLanguage":"fr-FR","potentialAction":[{"@type":"ReadAction","target":["https:\/\/www.bbmpackaging.com\/fr\/machines\/bandelereuses-occasion\/bandelereuse-robopac-helix\/"]}]},{"@type":"ImageObject","inLanguage":"fr-FR","@id":"https:\/\/www.bbmpackaging.com\/fr\/machines\/bandelereuses-occasion\/bandelereuse-robopac-helix\/#primaryimage","url":"https:\/\/cdn.bbmpackaging.com\/wp-content\/uploads\/2021\/07\/fasciatore-robopac-usato.jpg","contentUrl":"https:\/\/cdn.bbmpackaging.com\/wp-content\/uploads\/2021\/07\/fasciatore-robopac-usato.jpg","width":560,"height":420},{"@type":"BreadcrumbList","@id":"https:\/\/www.bbmpackaging.com\/fr\/machines\/bandelereuses-occasion\/bandelereuse-robopac-helix\/#breadcrumb","itemListElement":[{"@type":"ListItem","position":1,"name":"Home","item":"https:\/\/www.bbmpackaging.com\/fr\/"},{"@type":"ListItem","position":2,"name":"Produits","item":"https:\/\/www.bbmpackaging.com\/fr\/produits\/"},{"@type":"ListItem","position":3,"name":"Machines d\u2019occasion","item":"https:\/\/www.bbmpackaging.com\/fr\/machines\/occasion\/"},{"@type":"ListItem","position":4,"name":"Bandelereuse Robopac Helix"}]},{"@type":"WebSite","@id":"https:\/\/www.bbmpackaging.com\/fr\/#website","url":"https:\/\/www.bbmpackaging.com\/fr\/","name":"BBM Packaging","description":"Imbottigliamento: macchinari manutenzione e much more","potentialAction":[{"@type":"SearchAction","target":{"@type":"EntryPoint","urlTemplate":"https:\/\/www.bbmpackaging.com\/fr\/?s={search_term_string}"},"query-input":{"@type":"PropertyValueSpecification","valueRequired":true,"valueName":"search_term_string"}}],"inLanguage":"fr-FR"}]}},"_links":{"self":[{"href":"https:\/\/www.bbmpackaging.com\/fr\/wp-json\/wp\/v2\/product\/21733","targetHints":{"allow":["GET"]}}],"collection":[{"href":"https:\/\/www.bbmpackaging.com\/fr\/wp-json\/wp\/v2\/product"}],"about":[{"href":"https:\/\/www.bbmpackaging.com\/fr\/wp-json\/wp\/v2\/types\/product"}],"replies":[{"embeddable":true,"href":"https:\/\/www.bbmpackaging.com\/fr\/wp-json\/wp\/v2\/comments?post=21733"}],"wp:featuredmedia":[{"embeddable":true,"href":"https:\/\/www.bbmpackaging.com\/fr\/wp-json\/wp\/v2\/media\/16700"}],"wp:attachment":[{"href":"https:\/\/www.bbmpackaging.com\/fr\/wp-json\/wp\/v2\/media?parent=21733"}],"wp:term":[{"taxonomy":"brand","embeddable":true,"href":"https:\/\/www.bbmpackaging.com\/fr\/wp-json\/wp\/v2\/brand?post=21733"},{"taxonomy":"product_brand","embeddable":true,"href":"https:\/\/www.bbmpackaging.com\/fr\/wp-json\/wp\/v2\/product_brand?post=21733"},{"taxonomy":"product_cat","embeddable":true,"href":"https:\/\/www.bbmpackaging.com\/fr\/wp-json\/wp\/v2\/product_cat?post=21733"},{"taxonomy":"product_tag","embeddable":true,"href":"https:\/\/www.bbmpackaging.com\/fr\/wp-json\/wp\/v2\/product_tag?post=21733"}],"curies":[{"name":"wp","href":"https:\/\/api.w.org\/{rel}","templated":true}]}}