{"id":21785,"date":"2021-07-21T10:06:32","date_gmt":"2021-07-21T08:06:32","guid":{"rendered":"https:\/\/www.bbmpackaging.com\/prodotto\/raddrizzatore-bottiglie-posimat-access-n26\/"},"modified":"2025-02-27T09:36:26","modified_gmt":"2025-02-27T08:36:26","slug":"raddrizzatore-bottiglie-posimat-access-n26","status":"publish","type":"product","link":"https:\/\/www.bbmpackaging.com\/fr\/machines\/autres-machines-occasion\/redresseur-bouteilles-posimat-access-n26\/","title":{"rendered":"Redresseur POSIMAT"},"content":{"rendered":"","protected":false},"excerpt":{"rendered":"<p>Redresseur d\u2019occasion Posimat avec vitesse nominal jusqu\u2019\u00e0 10.000 bph, retap\u00e9 et garantie.<\/p>\n","protected":false},"featured_media":16943,"comment_status":"closed","ping_status":"closed","template":"","meta":{"_acf_changed":false},"brand":[],"product_brand":[],"product_cat":[1128,1106],"product_tag":[],"class_list":{"0":"post-21785","1":"product","2":"type-product","3":"status-publish","4":"has-post-thumbnail","6":"product_cat-autres-machines-occasion","7":"product_cat-occasion","9":"first","10":"instock","11":"product-type-simple"},"acf":[],"yoast_head":"<!-- This site is optimized with the Yoast SEO plugin v27.2 - https:\/\/yoast.com\/product\/yoast-seo-wordpress\/ -->\n<title>Redresseur de bouteilles POSIMAT Access N26 d&#039;occasion<\/title>\n<meta name=\"description\" content=\"D\u00e9couvrez le redresseur Posimat Access N26 d&#039;occasion, r\u00e9vis\u00e9, avec une capacit\u00e9 allant jusqu&#039;\u00e0 10 000 bph.\" \/>\n<meta name=\"robots\" content=\"index, follow, max-snippet:-1, max-image-preview:large, max-video-preview:-1\" \/>\n<link rel=\"canonical\" href=\"https:\/\/www.bbmpackaging.com\/fr\/machines\/autres-machines-occasion\/redresseur-bouteilles-posimat-access-n26\/\" \/>\n<meta property=\"og:locale\" content=\"fr_FR\" \/>\n<meta property=\"og:type\" content=\"article\" \/>\n<meta property=\"og:title\" content=\"Redresseur de bouteilles POSIMAT Access N26 d&#039;occasion\" \/>\n<meta property=\"og:description\" content=\"D\u00e9couvrez le redresseur Posimat Access N26 d&#039;occasion, r\u00e9vis\u00e9, avec une capacit\u00e9 allant jusqu&#039;\u00e0 10 000 bph.\" \/>\n<meta property=\"og:url\" content=\"https:\/\/www.bbmpackaging.com\/fr\/machines\/autres-machines-occasion\/redresseur-bouteilles-posimat-access-n26\/\" \/>\n<meta property=\"og:site_name\" content=\"BBM Packaging\" \/>\n<meta property=\"article:modified_time\" content=\"2025-02-27T08:36:26+00:00\" \/>\n<meta property=\"og:image\" content=\"https:\/\/cdn.bbmpackaging.com\/wp-content\/uploads\/2021\/07\/raddrizzatore-bottiglie-usato-2.jpg\" \/>\n\t<meta property=\"og:image:width\" content=\"560\" \/>\n\t<meta property=\"og:image:height\" content=\"420\" \/>\n\t<meta property=\"og:image:type\" content=\"image\/jpeg\" \/>\n<meta name=\"twitter:card\" content=\"summary_large_image\" \/>\n<meta name=\"twitter:label1\" content=\"Dur\u00e9e de lecture estim\u00e9e\" \/>\n\t<meta name=\"twitter:data1\" content=\"1 minute\" \/>\n<script type=\"application\/ld+json\" class=\"yoast-schema-graph\">{\"@context\":\"https:\/\/schema.org\",\"@graph\":[{\"@type\":\"WebPage\",\"@id\":\"https:\/\/www.bbmpackaging.com\/fr\/machines\/autres-machines-occasion\/redresseur-bouteilles-posimat-access-n26\/\",\"url\":\"https:\/\/www.bbmpackaging.com\/fr\/machines\/autres-machines-occasion\/redresseur-bouteilles-posimat-access-n26\/\",\"name\":\"Redresseur de bouteilles POSIMAT Access N26 d'occasion\",\"isPartOf\":{\"@id\":\"https:\/\/www.bbmpackaging.com\/fr\/#website\"},\"primaryImageOfPage\":{\"@id\":\"https:\/\/www.bbmpackaging.com\/fr\/machines\/autres-machines-occasion\/redresseur-bouteilles-posimat-access-n26\/#primaryimage\"},\"image\":{\"@id\":\"https:\/\/www.bbmpackaging.com\/fr\/machines\/autres-machines-occasion\/redresseur-bouteilles-posimat-access-n26\/#primaryimage\"},\"thumbnailUrl\":\"https:\/\/cdn.bbmpackaging.com\/wp-content\/uploads\/2021\/07\/raddrizzatore-bottiglie-usato-2.jpg\",\"datePublished\":\"2021-07-21T08:06:32+00:00\",\"dateModified\":\"2025-02-27T08:36:26+00:00\",\"description\":\"D\u00e9couvrez le redresseur Posimat Access N26 d'occasion, r\u00e9vis\u00e9, avec une capacit\u00e9 allant jusqu'\u00e0 10 000 bph.\",\"breadcrumb\":{\"@id\":\"https:\/\/www.bbmpackaging.com\/fr\/machines\/autres-machines-occasion\/redresseur-bouteilles-posimat-access-n26\/#breadcrumb\"},\"inLanguage\":\"fr-FR\",\"potentialAction\":[{\"@type\":\"ReadAction\",\"target\":[\"https:\/\/www.bbmpackaging.com\/fr\/machines\/autres-machines-occasion\/redresseur-bouteilles-posimat-access-n26\/\"]}]},{\"@type\":\"ImageObject\",\"inLanguage\":\"fr-FR\",\"@id\":\"https:\/\/www.bbmpackaging.com\/fr\/machines\/autres-machines-occasion\/redresseur-bouteilles-posimat-access-n26\/#primaryimage\",\"url\":\"https:\/\/cdn.bbmpackaging.com\/wp-content\/uploads\/2021\/07\/raddrizzatore-bottiglie-usato-2.jpg\",\"contentUrl\":\"https:\/\/cdn.bbmpackaging.com\/wp-content\/uploads\/2021\/07\/raddrizzatore-bottiglie-usato-2.jpg\",\"width\":560,\"height\":420},{\"@type\":\"BreadcrumbList\",\"@id\":\"https:\/\/www.bbmpackaging.com\/fr\/machines\/autres-machines-occasion\/redresseur-bouteilles-posimat-access-n26\/#breadcrumb\",\"itemListElement\":[{\"@type\":\"ListItem\",\"position\":1,\"name\":\"Home\",\"item\":\"https:\/\/www.bbmpackaging.com\/fr\/\"},{\"@type\":\"ListItem\",\"position\":2,\"name\":\"Produits\",\"item\":\"https:\/\/www.bbmpackaging.com\/fr\/produits\/\"},{\"@type\":\"ListItem\",\"position\":3,\"name\":\"Machines d\u2019occasion\",\"item\":\"https:\/\/www.bbmpackaging.com\/fr\/machines\/occasion\/\"},{\"@type\":\"ListItem\",\"position\":4,\"name\":\"Autres machines pour l\u2019embouteillage\",\"item\":\"https:\/\/www.bbmpackaging.com\/fr\/machines\/autres-machines-occasion\/\"},{\"@type\":\"ListItem\",\"position\":5,\"name\":\"Redresseur POSIMAT\"}]},{\"@type\":\"WebSite\",\"@id\":\"https:\/\/www.bbmpackaging.com\/fr\/#website\",\"url\":\"https:\/\/www.bbmpackaging.com\/fr\/\",\"name\":\"BBM Packaging\",\"description\":\"Imbottigliamento: macchinari manutenzione e much more\",\"potentialAction\":[{\"@type\":\"SearchAction\",\"target\":{\"@type\":\"EntryPoint\",\"urlTemplate\":\"https:\/\/www.bbmpackaging.com\/fr\/?s={search_term_string}\"},\"query-input\":{\"@type\":\"PropertyValueSpecification\",\"valueRequired\":true,\"valueName\":\"search_term_string\"}}],\"inLanguage\":\"fr-FR\"}]}<\/script>\n<!-- \/ Yoast SEO plugin. -->","yoast_head_json":{"title":"Redresseur de bouteilles POSIMAT Access N26 d'occasion","description":"D\u00e9couvrez le redresseur Posimat Access N26 d'occasion, r\u00e9vis\u00e9, avec une capacit\u00e9 allant jusqu'\u00e0 10 000 bph.","robots":{"index":"index","follow":"follow","max-snippet":"max-snippet:-1","max-image-preview":"max-image-preview:large","max-video-preview":"max-video-preview:-1"},"canonical":"https:\/\/www.bbmpackaging.com\/fr\/machines\/autres-machines-occasion\/redresseur-bouteilles-posimat-access-n26\/","og_locale":"fr_FR","og_type":"article","og_title":"Redresseur de bouteilles POSIMAT Access N26 d'occasion","og_description":"D\u00e9couvrez le redresseur Posimat Access N26 d'occasion, r\u00e9vis\u00e9, avec une capacit\u00e9 allant jusqu'\u00e0 10 000 bph.","og_url":"https:\/\/www.bbmpackaging.com\/fr\/machines\/autres-machines-occasion\/redresseur-bouteilles-posimat-access-n26\/","og_site_name":"BBM Packaging","article_modified_time":"2025-02-27T08:36:26+00:00","og_image":[{"width":560,"height":420,"url":"https:\/\/cdn.bbmpackaging.com\/wp-content\/uploads\/2021\/07\/raddrizzatore-bottiglie-usato-2.jpg","type":"image\/jpeg"}],"twitter_card":"summary_large_image","twitter_misc":{"Dur\u00e9e de lecture estim\u00e9e":"1 minute"},"schema":{"@context":"https:\/\/schema.org","@graph":[{"@type":"WebPage","@id":"https:\/\/www.bbmpackaging.com\/fr\/machines\/autres-machines-occasion\/redresseur-bouteilles-posimat-access-n26\/","url":"https:\/\/www.bbmpackaging.com\/fr\/machines\/autres-machines-occasion\/redresseur-bouteilles-posimat-access-n26\/","name":"Redresseur de bouteilles POSIMAT Access N26 d'occasion","isPartOf":{"@id":"https:\/\/www.bbmpackaging.com\/fr\/#website"},"primaryImageOfPage":{"@id":"https:\/\/www.bbmpackaging.com\/fr\/machines\/autres-machines-occasion\/redresseur-bouteilles-posimat-access-n26\/#primaryimage"},"image":{"@id":"https:\/\/www.bbmpackaging.com\/fr\/machines\/autres-machines-occasion\/redresseur-bouteilles-posimat-access-n26\/#primaryimage"},"thumbnailUrl":"https:\/\/cdn.bbmpackaging.com\/wp-content\/uploads\/2021\/07\/raddrizzatore-bottiglie-usato-2.jpg","datePublished":"2021-07-21T08:06:32+00:00","dateModified":"2025-02-27T08:36:26+00:00","description":"D\u00e9couvrez le redresseur Posimat Access N26 d'occasion, r\u00e9vis\u00e9, avec une capacit\u00e9 allant jusqu'\u00e0 10 000 bph.","breadcrumb":{"@id":"https:\/\/www.bbmpackaging.com\/fr\/machines\/autres-machines-occasion\/redresseur-bouteilles-posimat-access-n26\/#breadcrumb"},"inLanguage":"fr-FR","potentialAction":[{"@type":"ReadAction","target":["https:\/\/www.bbmpackaging.com\/fr\/machines\/autres-machines-occasion\/redresseur-bouteilles-posimat-access-n26\/"]}]},{"@type":"ImageObject","inLanguage":"fr-FR","@id":"https:\/\/www.bbmpackaging.com\/fr\/machines\/autres-machines-occasion\/redresseur-bouteilles-posimat-access-n26\/#primaryimage","url":"https:\/\/cdn.bbmpackaging.com\/wp-content\/uploads\/2021\/07\/raddrizzatore-bottiglie-usato-2.jpg","contentUrl":"https:\/\/cdn.bbmpackaging.com\/wp-content\/uploads\/2021\/07\/raddrizzatore-bottiglie-usato-2.jpg","width":560,"height":420},{"@type":"BreadcrumbList","@id":"https:\/\/www.bbmpackaging.com\/fr\/machines\/autres-machines-occasion\/redresseur-bouteilles-posimat-access-n26\/#breadcrumb","itemListElement":[{"@type":"ListItem","position":1,"name":"Home","item":"https:\/\/www.bbmpackaging.com\/fr\/"},{"@type":"ListItem","position":2,"name":"Produits","item":"https:\/\/www.bbmpackaging.com\/fr\/produits\/"},{"@type":"ListItem","position":3,"name":"Machines d\u2019occasion","item":"https:\/\/www.bbmpackaging.com\/fr\/machines\/occasion\/"},{"@type":"ListItem","position":4,"name":"Autres machines pour l\u2019embouteillage","item":"https:\/\/www.bbmpackaging.com\/fr\/machines\/autres-machines-occasion\/"},{"@type":"ListItem","position":5,"name":"Redresseur POSIMAT"}]},{"@type":"WebSite","@id":"https:\/\/www.bbmpackaging.com\/fr\/#website","url":"https:\/\/www.bbmpackaging.com\/fr\/","name":"BBM Packaging","description":"Imbottigliamento: macchinari manutenzione e much more","potentialAction":[{"@type":"SearchAction","target":{"@type":"EntryPoint","urlTemplate":"https:\/\/www.bbmpackaging.com\/fr\/?s={search_term_string}"},"query-input":{"@type":"PropertyValueSpecification","valueRequired":true,"valueName":"search_term_string"}}],"inLanguage":"fr-FR"}]}},"_links":{"self":[{"href":"https:\/\/www.bbmpackaging.com\/fr\/wp-json\/wp\/v2\/product\/21785","targetHints":{"allow":["GET"]}}],"collection":[{"href":"https:\/\/www.bbmpackaging.com\/fr\/wp-json\/wp\/v2\/product"}],"about":[{"href":"https:\/\/www.bbmpackaging.com\/fr\/wp-json\/wp\/v2\/types\/product"}],"replies":[{"embeddable":true,"href":"https:\/\/www.bbmpackaging.com\/fr\/wp-json\/wp\/v2\/comments?post=21785"}],"wp:featuredmedia":[{"embeddable":true,"href":"https:\/\/www.bbmpackaging.com\/fr\/wp-json\/wp\/v2\/media\/16943"}],"wp:attachment":[{"href":"https:\/\/www.bbmpackaging.com\/fr\/wp-json\/wp\/v2\/media?parent=21785"}],"wp:term":[{"taxonomy":"brand","embeddable":true,"href":"https:\/\/www.bbmpackaging.com\/fr\/wp-json\/wp\/v2\/brand?post=21785"},{"taxonomy":"product_brand","embeddable":true,"href":"https:\/\/www.bbmpackaging.com\/fr\/wp-json\/wp\/v2\/product_brand?post=21785"},{"taxonomy":"product_cat","embeddable":true,"href":"https:\/\/www.bbmpackaging.com\/fr\/wp-json\/wp\/v2\/product_cat?post=21785"},{"taxonomy":"product_tag","embeddable":true,"href":"https:\/\/www.bbmpackaging.com\/fr\/wp-json\/wp\/v2\/product_tag?post=21785"}],"curies":[{"name":"wp","href":"https:\/\/api.w.org\/{rel}","templated":true}]}}