{"id":21795,"date":"2021-07-21T10:06:32","date_gmt":"2021-07-21T08:06:32","guid":{"rendered":"https:\/\/www.bbmpackaging.com\/prodotto\/etichettatrice-krones-canmatic-combi\/"},"modified":"2026-02-02T16:18:22","modified_gmt":"2026-02-02T15:18:22","slug":"etichettatrice-krones-canmatic-combi","status":"publish","type":"product","link":"https:\/\/www.bbmpackaging.com\/fr\/machines\/etiqueteuses-occasion\/etiqueteuse-krones-canmatic-combi\/","title":{"rendered":"\u00c9tiqueteuse KRONES Canmatic"},"content":{"rendered":"<p>\u00c9tiqueteuse d\u2019occasion KRONES pour le papier pr\u00e9-coup\u00e9 avec la production nominale jusqu\u2019\u00e0 30.000bph<\/p>\n","protected":false},"excerpt":{"rendered":"<p>\u00c9tiqueteuse d\u2019occasion Krones Canmatic pour l\u2019embouteillage, retapait \u00e0 neuf avec production nominale jusqu\u2019\u00e0 30.000bph.<\/p>\n","protected":false},"featured_media":28549,"comment_status":"closed","ping_status":"closed","template":"","meta":{"_acf_changed":false},"brand":[7449],"product_brand":[],"product_cat":[1102,1106,1116],"product_tag":[2742,3032],"class_list":{"0":"post-21795","1":"product","2":"type-product","3":"status-publish","4":"has-post-thumbnail","6":"brand-krones","7":"product_cat-machines","8":"product_cat-occasion","9":"product_cat-etiqueteuses-occasion","10":"product_tag-labeller-fr","11":"product_tag-krones-fr","13":"first","14":"instock","15":"product-type-simple"},"acf":[],"yoast_head":"<!-- This site is optimized with the Yoast SEO plugin v27.2 - https:\/\/yoast.com\/product\/yoast-seo-wordpress\/ -->\n<title>\u00c9tiqueteuse KRONES Canmatic-Combi d&#039;Occasion<\/title>\n<meta name=\"description\" content=\"D\u00e9couvrez l&#039;\u00e9tiqueteuse pour bouteilles Krones Canmatic Hotmelt 12T d&#039;occasion, r\u00e9vis\u00e9e avec une vitesse maximale de 18 000 bph. D\u00e9couvrez-en plus sur notre site.\" \/>\n<meta name=\"robots\" content=\"index, follow, max-snippet:-1, max-image-preview:large, max-video-preview:-1\" \/>\n<link rel=\"canonical\" href=\"https:\/\/www.bbmpackaging.com\/fr\/machines\/etiqueteuses-occasion\/etiqueteuse-krones-canmatic-combi\/\" \/>\n<meta property=\"og:locale\" content=\"fr_FR\" \/>\n<meta property=\"og:type\" content=\"article\" \/>\n<meta property=\"og:title\" content=\"\u00c9tiqueteuse KRONES Canmatic-Combi d&#039;Occasion\" \/>\n<meta property=\"og:description\" content=\"D\u00e9couvrez l&#039;\u00e9tiqueteuse pour bouteilles Krones Canmatic Hotmelt 12T d&#039;occasion, r\u00e9vis\u00e9e avec une vitesse maximale de 18 000 bph. D\u00e9couvrez-en plus sur notre site.\" \/>\n<meta property=\"og:url\" content=\"https:\/\/www.bbmpackaging.com\/fr\/machines\/etiqueteuses-occasion\/etiqueteuse-krones-canmatic-combi\/\" \/>\n<meta property=\"og:site_name\" content=\"BBM Packaging\" \/>\n<meta property=\"article:modified_time\" content=\"2026-02-02T15:18:22+00:00\" \/>\n<meta property=\"og:image\" content=\"https:\/\/cdn.bbmpackaging.com\/wp-content\/uploads\/2021\/07\/krones-canmatic-combi.jpg\" \/>\n\t<meta property=\"og:image:width\" content=\"300\" \/>\n\t<meta property=\"og:image:height\" content=\"225\" \/>\n\t<meta property=\"og:image:type\" content=\"image\/jpeg\" \/>\n<meta name=\"twitter:card\" content=\"summary_large_image\" \/>\n<meta name=\"twitter:label1\" content=\"Dur\u00e9e de lecture estim\u00e9e\" \/>\n\t<meta name=\"twitter:data1\" content=\"1 minute\" \/>\n<script type=\"application\/ld+json\" class=\"yoast-schema-graph\">{\"@context\":\"https:\/\/schema.org\",\"@graph\":[{\"@type\":\"WebPage\",\"@id\":\"https:\/\/www.bbmpackaging.com\/fr\/machines\/etiqueteuses-occasion\/etiqueteuse-krones-canmatic-combi\/\",\"url\":\"https:\/\/www.bbmpackaging.com\/fr\/machines\/etiqueteuses-occasion\/etiqueteuse-krones-canmatic-combi\/\",\"name\":\"\u00c9tiqueteuse KRONES Canmatic-Combi d'Occasion\",\"isPartOf\":{\"@id\":\"https:\/\/www.bbmpackaging.com\/fr\/#website\"},\"primaryImageOfPage\":{\"@id\":\"https:\/\/www.bbmpackaging.com\/fr\/machines\/etiqueteuses-occasion\/etiqueteuse-krones-canmatic-combi\/#primaryimage\"},\"image\":{\"@id\":\"https:\/\/www.bbmpackaging.com\/fr\/machines\/etiqueteuses-occasion\/etiqueteuse-krones-canmatic-combi\/#primaryimage\"},\"thumbnailUrl\":\"https:\/\/cdn.bbmpackaging.com\/wp-content\/uploads\/2021\/07\/krones-canmatic-combi.jpg\",\"datePublished\":\"2021-07-21T08:06:32+00:00\",\"dateModified\":\"2026-02-02T15:18:22+00:00\",\"description\":\"D\u00e9couvrez l'\u00e9tiqueteuse pour bouteilles Krones Canmatic Hotmelt 12T d'occasion, r\u00e9vis\u00e9e avec une vitesse maximale de 18 000 bph. D\u00e9couvrez-en plus sur notre site.\",\"breadcrumb\":{\"@id\":\"https:\/\/www.bbmpackaging.com\/fr\/machines\/etiqueteuses-occasion\/etiqueteuse-krones-canmatic-combi\/#breadcrumb\"},\"inLanguage\":\"fr-FR\",\"potentialAction\":[{\"@type\":\"ReadAction\",\"target\":[\"https:\/\/www.bbmpackaging.com\/fr\/machines\/etiqueteuses-occasion\/etiqueteuse-krones-canmatic-combi\/\"]}]},{\"@type\":\"ImageObject\",\"inLanguage\":\"fr-FR\",\"@id\":\"https:\/\/www.bbmpackaging.com\/fr\/machines\/etiqueteuses-occasion\/etiqueteuse-krones-canmatic-combi\/#primaryimage\",\"url\":\"https:\/\/cdn.bbmpackaging.com\/wp-content\/uploads\/2021\/07\/krones-canmatic-combi.jpg\",\"contentUrl\":\"https:\/\/cdn.bbmpackaging.com\/wp-content\/uploads\/2021\/07\/krones-canmatic-combi.jpg\",\"width\":300,\"height\":225,\"caption\":\"etichettatrice krones canmatic combi\"},{\"@type\":\"BreadcrumbList\",\"@id\":\"https:\/\/www.bbmpackaging.com\/fr\/machines\/etiqueteuses-occasion\/etiqueteuse-krones-canmatic-combi\/#breadcrumb\",\"itemListElement\":[{\"@type\":\"ListItem\",\"position\":1,\"name\":\"Home\",\"item\":\"https:\/\/www.bbmpackaging.com\/fr\/\"},{\"@type\":\"ListItem\",\"position\":2,\"name\":\"Produits\",\"item\":\"https:\/\/www.bbmpackaging.com\/fr\/produits\/\"},{\"@type\":\"ListItem\",\"position\":3,\"name\":\"Machines d\u2019occasion\",\"item\":\"https:\/\/www.bbmpackaging.com\/fr\/machines\/occasion\/\"},{\"@type\":\"ListItem\",\"position\":4,\"name\":\"\u00c9tiqueteuse\",\"item\":\"https:\/\/www.bbmpackaging.com\/fr\/machines\/etiqueteuses-occasion\/\"},{\"@type\":\"ListItem\",\"position\":5,\"name\":\"\u00c9tiqueteuse KRONES Canmatic\"}]},{\"@type\":\"WebSite\",\"@id\":\"https:\/\/www.bbmpackaging.com\/fr\/#website\",\"url\":\"https:\/\/www.bbmpackaging.com\/fr\/\",\"name\":\"BBM Packaging\",\"description\":\"Imbottigliamento: macchinari manutenzione e much more\",\"potentialAction\":[{\"@type\":\"SearchAction\",\"target\":{\"@type\":\"EntryPoint\",\"urlTemplate\":\"https:\/\/www.bbmpackaging.com\/fr\/?s={search_term_string}\"},\"query-input\":{\"@type\":\"PropertyValueSpecification\",\"valueRequired\":true,\"valueName\":\"search_term_string\"}}],\"inLanguage\":\"fr-FR\"}]}<\/script>\n<!-- \/ Yoast SEO plugin. -->","yoast_head_json":{"title":"\u00c9tiqueteuse KRONES Canmatic-Combi d'Occasion","description":"D\u00e9couvrez l'\u00e9tiqueteuse pour bouteilles Krones Canmatic Hotmelt 12T d'occasion, r\u00e9vis\u00e9e avec une vitesse maximale de 18 000 bph. D\u00e9couvrez-en plus sur notre site.","robots":{"index":"index","follow":"follow","max-snippet":"max-snippet:-1","max-image-preview":"max-image-preview:large","max-video-preview":"max-video-preview:-1"},"canonical":"https:\/\/www.bbmpackaging.com\/fr\/machines\/etiqueteuses-occasion\/etiqueteuse-krones-canmatic-combi\/","og_locale":"fr_FR","og_type":"article","og_title":"\u00c9tiqueteuse KRONES Canmatic-Combi d'Occasion","og_description":"D\u00e9couvrez l'\u00e9tiqueteuse pour bouteilles Krones Canmatic Hotmelt 12T d'occasion, r\u00e9vis\u00e9e avec une vitesse maximale de 18 000 bph. D\u00e9couvrez-en plus sur notre site.","og_url":"https:\/\/www.bbmpackaging.com\/fr\/machines\/etiqueteuses-occasion\/etiqueteuse-krones-canmatic-combi\/","og_site_name":"BBM Packaging","article_modified_time":"2026-02-02T15:18:22+00:00","og_image":[{"width":300,"height":225,"url":"https:\/\/cdn.bbmpackaging.com\/wp-content\/uploads\/2021\/07\/krones-canmatic-combi.jpg","type":"image\/jpeg"}],"twitter_card":"summary_large_image","twitter_misc":{"Dur\u00e9e de lecture estim\u00e9e":"1 minute"},"schema":{"@context":"https:\/\/schema.org","@graph":[{"@type":"WebPage","@id":"https:\/\/www.bbmpackaging.com\/fr\/machines\/etiqueteuses-occasion\/etiqueteuse-krones-canmatic-combi\/","url":"https:\/\/www.bbmpackaging.com\/fr\/machines\/etiqueteuses-occasion\/etiqueteuse-krones-canmatic-combi\/","name":"\u00c9tiqueteuse KRONES Canmatic-Combi d'Occasion","isPartOf":{"@id":"https:\/\/www.bbmpackaging.com\/fr\/#website"},"primaryImageOfPage":{"@id":"https:\/\/www.bbmpackaging.com\/fr\/machines\/etiqueteuses-occasion\/etiqueteuse-krones-canmatic-combi\/#primaryimage"},"image":{"@id":"https:\/\/www.bbmpackaging.com\/fr\/machines\/etiqueteuses-occasion\/etiqueteuse-krones-canmatic-combi\/#primaryimage"},"thumbnailUrl":"https:\/\/cdn.bbmpackaging.com\/wp-content\/uploads\/2021\/07\/krones-canmatic-combi.jpg","datePublished":"2021-07-21T08:06:32+00:00","dateModified":"2026-02-02T15:18:22+00:00","description":"D\u00e9couvrez l'\u00e9tiqueteuse pour bouteilles Krones Canmatic Hotmelt 12T d'occasion, r\u00e9vis\u00e9e avec une vitesse maximale de 18 000 bph. D\u00e9couvrez-en plus sur notre site.","breadcrumb":{"@id":"https:\/\/www.bbmpackaging.com\/fr\/machines\/etiqueteuses-occasion\/etiqueteuse-krones-canmatic-combi\/#breadcrumb"},"inLanguage":"fr-FR","potentialAction":[{"@type":"ReadAction","target":["https:\/\/www.bbmpackaging.com\/fr\/machines\/etiqueteuses-occasion\/etiqueteuse-krones-canmatic-combi\/"]}]},{"@type":"ImageObject","inLanguage":"fr-FR","@id":"https:\/\/www.bbmpackaging.com\/fr\/machines\/etiqueteuses-occasion\/etiqueteuse-krones-canmatic-combi\/#primaryimage","url":"https:\/\/cdn.bbmpackaging.com\/wp-content\/uploads\/2021\/07\/krones-canmatic-combi.jpg","contentUrl":"https:\/\/cdn.bbmpackaging.com\/wp-content\/uploads\/2021\/07\/krones-canmatic-combi.jpg","width":300,"height":225,"caption":"etichettatrice krones canmatic combi"},{"@type":"BreadcrumbList","@id":"https:\/\/www.bbmpackaging.com\/fr\/machines\/etiqueteuses-occasion\/etiqueteuse-krones-canmatic-combi\/#breadcrumb","itemListElement":[{"@type":"ListItem","position":1,"name":"Home","item":"https:\/\/www.bbmpackaging.com\/fr\/"},{"@type":"ListItem","position":2,"name":"Produits","item":"https:\/\/www.bbmpackaging.com\/fr\/produits\/"},{"@type":"ListItem","position":3,"name":"Machines d\u2019occasion","item":"https:\/\/www.bbmpackaging.com\/fr\/machines\/occasion\/"},{"@type":"ListItem","position":4,"name":"\u00c9tiqueteuse","item":"https:\/\/www.bbmpackaging.com\/fr\/machines\/etiqueteuses-occasion\/"},{"@type":"ListItem","position":5,"name":"\u00c9tiqueteuse KRONES Canmatic"}]},{"@type":"WebSite","@id":"https:\/\/www.bbmpackaging.com\/fr\/#website","url":"https:\/\/www.bbmpackaging.com\/fr\/","name":"BBM Packaging","description":"Imbottigliamento: macchinari manutenzione e much more","potentialAction":[{"@type":"SearchAction","target":{"@type":"EntryPoint","urlTemplate":"https:\/\/www.bbmpackaging.com\/fr\/?s={search_term_string}"},"query-input":{"@type":"PropertyValueSpecification","valueRequired":true,"valueName":"search_term_string"}}],"inLanguage":"fr-FR"}]}},"_links":{"self":[{"href":"https:\/\/www.bbmpackaging.com\/fr\/wp-json\/wp\/v2\/product\/21795","targetHints":{"allow":["GET"]}}],"collection":[{"href":"https:\/\/www.bbmpackaging.com\/fr\/wp-json\/wp\/v2\/product"}],"about":[{"href":"https:\/\/www.bbmpackaging.com\/fr\/wp-json\/wp\/v2\/types\/product"}],"replies":[{"embeddable":true,"href":"https:\/\/www.bbmpackaging.com\/fr\/wp-json\/wp\/v2\/comments?post=21795"}],"wp:featuredmedia":[{"embeddable":true,"href":"https:\/\/www.bbmpackaging.com\/fr\/wp-json\/wp\/v2\/media\/28549"}],"wp:attachment":[{"href":"https:\/\/www.bbmpackaging.com\/fr\/wp-json\/wp\/v2\/media?parent=21795"}],"wp:term":[{"taxonomy":"brand","embeddable":true,"href":"https:\/\/www.bbmpackaging.com\/fr\/wp-json\/wp\/v2\/brand?post=21795"},{"taxonomy":"product_brand","embeddable":true,"href":"https:\/\/www.bbmpackaging.com\/fr\/wp-json\/wp\/v2\/product_brand?post=21795"},{"taxonomy":"product_cat","embeddable":true,"href":"https:\/\/www.bbmpackaging.com\/fr\/wp-json\/wp\/v2\/product_cat?post=21795"},{"taxonomy":"product_tag","embeddable":true,"href":"https:\/\/www.bbmpackaging.com\/fr\/wp-json\/wp\/v2\/product_tag?post=21795"}],"curies":[{"name":"wp","href":"https:\/\/api.w.org\/{rel}","templated":true}]}}