{"id":21849,"date":"2021-07-21T10:06:07","date_gmt":"2021-07-21T08:06:07","guid":{"rendered":"https:\/\/www.bbmpackaging.com\/prodotto\/etichettatrice-pe-labellers-adhesleeve-960-24t\/"},"modified":"2026-02-02T16:18:43","modified_gmt":"2026-02-02T15:18:43","slug":"etichettatrice-pe-labellers-adhesleeve-960-24t","status":"publish","type":"product","link":"https:\/\/www.bbmpackaging.com\/fr\/machines\/etiqueteuses-occasion\/etiqueteuse-pe-labellers-adhesleeve-960-24t\/","title":{"rendered":"\u00c9tiqueteuse PE Labellers Adhe Sleeve 960-24T"},"content":{"rendered":"<p>\u00c9tiqueteuse d\u2019occasion PE Labellers Adhe Sleeve 960-24T pour bouteilles en PET avec \u00e9tiquettes adhesive et production nominale jusqu\u2019\u00e0 30.000bph dans le format 1500ml.<\/p>\n","protected":false},"excerpt":{"rendered":"<p>\u00c9tiqueteuse d\u2019occasion PE Labellers Adhe Sleeve 960-24T, retap\u00e9e et garantie avec production nominale jusqu\u2019\u00e0 30.000 bph<\/p>\n","protected":false},"featured_media":38969,"comment_status":"closed","ping_status":"closed","template":"","meta":{"_acf_changed":false},"brand":[7518],"product_brand":[],"product_cat":[1106,1116],"product_tag":[2742,3031],"class_list":{"0":"post-21849","1":"product","2":"type-product","3":"status-publish","4":"has-post-thumbnail","6":"brand-pe-labellers","7":"product_cat-occasion","8":"product_cat-etiqueteuses-occasion","9":"product_tag-labeller-fr","10":"product_tag-etichettatrice-fr","12":"first","13":"instock","14":"product-type-simple"},"acf":[],"yoast_head":"<!-- This site is optimized with the Yoast SEO plugin v27.2 - https:\/\/yoast.com\/product\/yoast-seo-wordpress\/ -->\n<title>\u00c9tiqueteuse PE Labellers Adhesleeve 960 24T d&#039;Occasion<\/title>\n<meta name=\"description\" content=\"D\u00e9couvrez l&#039;\u00e9tiqueteuse d&#039;occasion PE Labellers Adhe Sleeve 960-24T, avec une capacit\u00e9 de production jusqu&#039;\u00e0 30 000 bph. D\u00e9couvrez-en plus et contactez-nous.\" \/>\n<meta name=\"robots\" content=\"index, follow, max-snippet:-1, max-image-preview:large, max-video-preview:-1\" \/>\n<link rel=\"canonical\" href=\"https:\/\/www.bbmpackaging.com\/fr\/machines\/etiqueteuses-occasion\/etiqueteuse-pe-labellers-adhesleeve-960-24t\/\" \/>\n<meta property=\"og:locale\" content=\"fr_FR\" \/>\n<meta property=\"og:type\" content=\"article\" \/>\n<meta property=\"og:title\" content=\"\u00c9tiqueteuse PE Labellers Adhesleeve 960 24T d&#039;Occasion\" \/>\n<meta property=\"og:description\" content=\"D\u00e9couvrez l&#039;\u00e9tiqueteuse d&#039;occasion PE Labellers Adhe Sleeve 960-24T, avec une capacit\u00e9 de production jusqu&#039;\u00e0 30 000 bph. D\u00e9couvrez-en plus et contactez-nous.\" \/>\n<meta property=\"og:url\" content=\"https:\/\/www.bbmpackaging.com\/fr\/machines\/etiqueteuses-occasion\/etiqueteuse-pe-labellers-adhesleeve-960-24t\/\" \/>\n<meta property=\"og:site_name\" content=\"BBM Packaging\" \/>\n<meta property=\"article:modified_time\" content=\"2026-02-02T15:18:43+00:00\" \/>\n<meta property=\"og:image\" content=\"https:\/\/www.bbmpackaging.com\/wp-content\/uploads\/2021\/07\/Etichettatrice-PE-Labeller-Adhe-Sleeve-1.jpg\" \/>\n\t<meta property=\"og:image:width\" content=\"560\" \/>\n\t<meta property=\"og:image:height\" content=\"420\" \/>\n\t<meta property=\"og:image:type\" content=\"image\/jpeg\" \/>\n<meta name=\"twitter:card\" content=\"summary_large_image\" \/>\n<meta name=\"twitter:label1\" content=\"Dur\u00e9e de lecture estim\u00e9e\" \/>\n\t<meta name=\"twitter:data1\" content=\"1 minute\" \/>\n<script type=\"application\/ld+json\" class=\"yoast-schema-graph\">{\"@context\":\"https:\/\/schema.org\",\"@graph\":[{\"@type\":\"WebPage\",\"@id\":\"https:\/\/www.bbmpackaging.com\/fr\/machines\/etiqueteuses-occasion\/etiqueteuse-pe-labellers-adhesleeve-960-24t\/\",\"url\":\"https:\/\/www.bbmpackaging.com\/fr\/machines\/etiqueteuses-occasion\/etiqueteuse-pe-labellers-adhesleeve-960-24t\/\",\"name\":\"\u00c9tiqueteuse PE Labellers Adhesleeve 960 24T d'Occasion\",\"isPartOf\":{\"@id\":\"https:\/\/www.bbmpackaging.com\/fr\/#website\"},\"primaryImageOfPage\":{\"@id\":\"https:\/\/www.bbmpackaging.com\/fr\/machines\/etiqueteuses-occasion\/etiqueteuse-pe-labellers-adhesleeve-960-24t\/#primaryimage\"},\"image\":{\"@id\":\"https:\/\/www.bbmpackaging.com\/fr\/machines\/etiqueteuses-occasion\/etiqueteuse-pe-labellers-adhesleeve-960-24t\/#primaryimage\"},\"thumbnailUrl\":\"https:\/\/cdn.bbmpackaging.com\/wp-content\/uploads\/2021\/07\/Etichettatrice-PE-Labeller-Adhe-Sleeve-1.jpg\",\"datePublished\":\"2021-07-21T08:06:07+00:00\",\"dateModified\":\"2026-02-02T15:18:43+00:00\",\"description\":\"D\u00e9couvrez l'\u00e9tiqueteuse d'occasion PE Labellers Adhe Sleeve 960-24T, avec une capacit\u00e9 de production jusqu'\u00e0 30 000 bph. D\u00e9couvrez-en plus et contactez-nous.\",\"breadcrumb\":{\"@id\":\"https:\/\/www.bbmpackaging.com\/fr\/machines\/etiqueteuses-occasion\/etiqueteuse-pe-labellers-adhesleeve-960-24t\/#breadcrumb\"},\"inLanguage\":\"fr-FR\",\"potentialAction\":[{\"@type\":\"ReadAction\",\"target\":[\"https:\/\/www.bbmpackaging.com\/fr\/machines\/etiqueteuses-occasion\/etiqueteuse-pe-labellers-adhesleeve-960-24t\/\"]}]},{\"@type\":\"ImageObject\",\"inLanguage\":\"fr-FR\",\"@id\":\"https:\/\/www.bbmpackaging.com\/fr\/machines\/etiqueteuses-occasion\/etiqueteuse-pe-labellers-adhesleeve-960-24t\/#primaryimage\",\"url\":\"https:\/\/cdn.bbmpackaging.com\/wp-content\/uploads\/2021\/07\/Etichettatrice-PE-Labeller-Adhe-Sleeve-1.jpg\",\"contentUrl\":\"https:\/\/cdn.bbmpackaging.com\/wp-content\/uploads\/2021\/07\/Etichettatrice-PE-Labeller-Adhe-Sleeve-1.jpg\",\"width\":560,\"height\":420,\"caption\":\"Etichettatrice PE Labeller Adhe Sleeve\"},{\"@type\":\"BreadcrumbList\",\"@id\":\"https:\/\/www.bbmpackaging.com\/fr\/machines\/etiqueteuses-occasion\/etiqueteuse-pe-labellers-adhesleeve-960-24t\/#breadcrumb\",\"itemListElement\":[{\"@type\":\"ListItem\",\"position\":1,\"name\":\"Home\",\"item\":\"https:\/\/www.bbmpackaging.com\/fr\/\"},{\"@type\":\"ListItem\",\"position\":2,\"name\":\"Produits\",\"item\":\"https:\/\/www.bbmpackaging.com\/fr\/produits\/\"},{\"@type\":\"ListItem\",\"position\":3,\"name\":\"Machines d\u2019occasion\",\"item\":\"https:\/\/www.bbmpackaging.com\/fr\/machines\/occasion\/\"},{\"@type\":\"ListItem\",\"position\":4,\"name\":\"\u00c9tiqueteuse\",\"item\":\"https:\/\/www.bbmpackaging.com\/fr\/machines\/etiqueteuses-occasion\/\"},{\"@type\":\"ListItem\",\"position\":5,\"name\":\"\u00c9tiqueteuse PE Labellers Adhe Sleeve 960-24T\"}]},{\"@type\":\"WebSite\",\"@id\":\"https:\/\/www.bbmpackaging.com\/fr\/#website\",\"url\":\"https:\/\/www.bbmpackaging.com\/fr\/\",\"name\":\"BBM Packaging\",\"description\":\"Imbottigliamento: macchinari manutenzione e much more\",\"potentialAction\":[{\"@type\":\"SearchAction\",\"target\":{\"@type\":\"EntryPoint\",\"urlTemplate\":\"https:\/\/www.bbmpackaging.com\/fr\/?s={search_term_string}\"},\"query-input\":{\"@type\":\"PropertyValueSpecification\",\"valueRequired\":true,\"valueName\":\"search_term_string\"}}],\"inLanguage\":\"fr-FR\"}]}<\/script>\n<!-- \/ Yoast SEO plugin. -->","yoast_head_json":{"title":"\u00c9tiqueteuse PE Labellers Adhesleeve 960 24T d'Occasion","description":"D\u00e9couvrez l'\u00e9tiqueteuse d'occasion PE Labellers Adhe Sleeve 960-24T, avec une capacit\u00e9 de production jusqu'\u00e0 30 000 bph. D\u00e9couvrez-en plus et contactez-nous.","robots":{"index":"index","follow":"follow","max-snippet":"max-snippet:-1","max-image-preview":"max-image-preview:large","max-video-preview":"max-video-preview:-1"},"canonical":"https:\/\/www.bbmpackaging.com\/fr\/machines\/etiqueteuses-occasion\/etiqueteuse-pe-labellers-adhesleeve-960-24t\/","og_locale":"fr_FR","og_type":"article","og_title":"\u00c9tiqueteuse PE Labellers Adhesleeve 960 24T d'Occasion","og_description":"D\u00e9couvrez l'\u00e9tiqueteuse d'occasion PE Labellers Adhe Sleeve 960-24T, avec une capacit\u00e9 de production jusqu'\u00e0 30 000 bph. D\u00e9couvrez-en plus et contactez-nous.","og_url":"https:\/\/www.bbmpackaging.com\/fr\/machines\/etiqueteuses-occasion\/etiqueteuse-pe-labellers-adhesleeve-960-24t\/","og_site_name":"BBM Packaging","article_modified_time":"2026-02-02T15:18:43+00:00","og_image":[{"width":560,"height":420,"url":"https:\/\/www.bbmpackaging.com\/wp-content\/uploads\/2021\/07\/Etichettatrice-PE-Labeller-Adhe-Sleeve-1.jpg","type":"image\/jpeg"}],"twitter_card":"summary_large_image","twitter_misc":{"Dur\u00e9e de lecture estim\u00e9e":"1 minute"},"schema":{"@context":"https:\/\/schema.org","@graph":[{"@type":"WebPage","@id":"https:\/\/www.bbmpackaging.com\/fr\/machines\/etiqueteuses-occasion\/etiqueteuse-pe-labellers-adhesleeve-960-24t\/","url":"https:\/\/www.bbmpackaging.com\/fr\/machines\/etiqueteuses-occasion\/etiqueteuse-pe-labellers-adhesleeve-960-24t\/","name":"\u00c9tiqueteuse PE Labellers Adhesleeve 960 24T d'Occasion","isPartOf":{"@id":"https:\/\/www.bbmpackaging.com\/fr\/#website"},"primaryImageOfPage":{"@id":"https:\/\/www.bbmpackaging.com\/fr\/machines\/etiqueteuses-occasion\/etiqueteuse-pe-labellers-adhesleeve-960-24t\/#primaryimage"},"image":{"@id":"https:\/\/www.bbmpackaging.com\/fr\/machines\/etiqueteuses-occasion\/etiqueteuse-pe-labellers-adhesleeve-960-24t\/#primaryimage"},"thumbnailUrl":"https:\/\/cdn.bbmpackaging.com\/wp-content\/uploads\/2021\/07\/Etichettatrice-PE-Labeller-Adhe-Sleeve-1.jpg","datePublished":"2021-07-21T08:06:07+00:00","dateModified":"2026-02-02T15:18:43+00:00","description":"D\u00e9couvrez l'\u00e9tiqueteuse d'occasion PE Labellers Adhe Sleeve 960-24T, avec une capacit\u00e9 de production jusqu'\u00e0 30 000 bph. D\u00e9couvrez-en plus et contactez-nous.","breadcrumb":{"@id":"https:\/\/www.bbmpackaging.com\/fr\/machines\/etiqueteuses-occasion\/etiqueteuse-pe-labellers-adhesleeve-960-24t\/#breadcrumb"},"inLanguage":"fr-FR","potentialAction":[{"@type":"ReadAction","target":["https:\/\/www.bbmpackaging.com\/fr\/machines\/etiqueteuses-occasion\/etiqueteuse-pe-labellers-adhesleeve-960-24t\/"]}]},{"@type":"ImageObject","inLanguage":"fr-FR","@id":"https:\/\/www.bbmpackaging.com\/fr\/machines\/etiqueteuses-occasion\/etiqueteuse-pe-labellers-adhesleeve-960-24t\/#primaryimage","url":"https:\/\/cdn.bbmpackaging.com\/wp-content\/uploads\/2021\/07\/Etichettatrice-PE-Labeller-Adhe-Sleeve-1.jpg","contentUrl":"https:\/\/cdn.bbmpackaging.com\/wp-content\/uploads\/2021\/07\/Etichettatrice-PE-Labeller-Adhe-Sleeve-1.jpg","width":560,"height":420,"caption":"Etichettatrice PE Labeller Adhe Sleeve"},{"@type":"BreadcrumbList","@id":"https:\/\/www.bbmpackaging.com\/fr\/machines\/etiqueteuses-occasion\/etiqueteuse-pe-labellers-adhesleeve-960-24t\/#breadcrumb","itemListElement":[{"@type":"ListItem","position":1,"name":"Home","item":"https:\/\/www.bbmpackaging.com\/fr\/"},{"@type":"ListItem","position":2,"name":"Produits","item":"https:\/\/www.bbmpackaging.com\/fr\/produits\/"},{"@type":"ListItem","position":3,"name":"Machines d\u2019occasion","item":"https:\/\/www.bbmpackaging.com\/fr\/machines\/occasion\/"},{"@type":"ListItem","position":4,"name":"\u00c9tiqueteuse","item":"https:\/\/www.bbmpackaging.com\/fr\/machines\/etiqueteuses-occasion\/"},{"@type":"ListItem","position":5,"name":"\u00c9tiqueteuse PE Labellers Adhe Sleeve 960-24T"}]},{"@type":"WebSite","@id":"https:\/\/www.bbmpackaging.com\/fr\/#website","url":"https:\/\/www.bbmpackaging.com\/fr\/","name":"BBM Packaging","description":"Imbottigliamento: macchinari manutenzione e much more","potentialAction":[{"@type":"SearchAction","target":{"@type":"EntryPoint","urlTemplate":"https:\/\/www.bbmpackaging.com\/fr\/?s={search_term_string}"},"query-input":{"@type":"PropertyValueSpecification","valueRequired":true,"valueName":"search_term_string"}}],"inLanguage":"fr-FR"}]}},"_links":{"self":[{"href":"https:\/\/www.bbmpackaging.com\/fr\/wp-json\/wp\/v2\/product\/21849","targetHints":{"allow":["GET"]}}],"collection":[{"href":"https:\/\/www.bbmpackaging.com\/fr\/wp-json\/wp\/v2\/product"}],"about":[{"href":"https:\/\/www.bbmpackaging.com\/fr\/wp-json\/wp\/v2\/types\/product"}],"replies":[{"embeddable":true,"href":"https:\/\/www.bbmpackaging.com\/fr\/wp-json\/wp\/v2\/comments?post=21849"}],"wp:featuredmedia":[{"embeddable":true,"href":"https:\/\/www.bbmpackaging.com\/fr\/wp-json\/wp\/v2\/media\/38969"}],"wp:attachment":[{"href":"https:\/\/www.bbmpackaging.com\/fr\/wp-json\/wp\/v2\/media?parent=21849"}],"wp:term":[{"taxonomy":"brand","embeddable":true,"href":"https:\/\/www.bbmpackaging.com\/fr\/wp-json\/wp\/v2\/brand?post=21849"},{"taxonomy":"product_brand","embeddable":true,"href":"https:\/\/www.bbmpackaging.com\/fr\/wp-json\/wp\/v2\/product_brand?post=21849"},{"taxonomy":"product_cat","embeddable":true,"href":"https:\/\/www.bbmpackaging.com\/fr\/wp-json\/wp\/v2\/product_cat?post=21849"},{"taxonomy":"product_tag","embeddable":true,"href":"https:\/\/www.bbmpackaging.com\/fr\/wp-json\/wp\/v2\/product_tag?post=21849"}],"curies":[{"name":"wp","href":"https:\/\/api.w.org\/{rel}","templated":true}]}}