{"id":21851,"date":"2021-07-16T10:14:27","date_gmt":"2021-07-16T08:14:27","guid":{"rendered":"https:\/\/www.bbmpackaging.com\/prodotto\/nastri-ad-aria\/"},"modified":"2026-02-05T12:32:43","modified_gmt":"2026-02-05T11:32:43","slug":"nastri-ad-aria","status":"publish","type":"product","link":"https:\/\/www.bbmpackaging.com\/fr\/machines\/convoyeurs\/convoyeurs-de-l-air\/","title":{"rendered":"Convoyeurs \u00e0 air"},"content":{"rendered":"<p>Les convoyeurs \u00e0 air sont utilis\u00e9s pour le transfert des bouteilles de la machine de soufflage \u00e0 la machine de remplissage. Les convoyeurs \u00e0 air peuvent \u00eatre install\u00e9s au mur ou accroch\u00e9s au plafond, ils fonctionnent gr\u00e2ce \u00e0 un flux g\u00e9n\u00e9r\u00e9 par l\u2019air qui d\u00e9place les bouteilles le long du chemin de mani\u00e8re uniforme. Il est possible de r\u00e9gler le syst\u00e8me de distribution de l\u2019air et la position des guides coulissants en fonction de la bouteille \u00e0 transporter. Les convoyeurs \u00e0 air sont fabriqu\u00e9s en acier inoxydable, ils sont disponibles avec une chambre simple ou double et peuvent distribuer le flux d\u2019air aussi bien sur le col que sur l\u2019\u00e9paule de la bouteille.<\/p>\n","protected":false},"excerpt":{"rendered":"<p>Les convoyeurs \u00e0 air sont utilis\u00e9s pour le transfert des bouteilles de la machine de soufflage \u00e0 la&#8230;<\/p>\n","protected":false},"featured_media":39797,"comment_status":"open","ping_status":"closed","template":"","meta":{"_acf_changed":false},"brand":[7497],"product_brand":[],"product_cat":[1103,1130,1106],"product_tag":[],"class_list":{"0":"post-21851","1":"product","2":"type-product","3":"status-publish","4":"has-post-thumbnail","6":"brand-bbm-packaging","7":"product_cat-neuf","8":"product_cat-convoyeurs","9":"product_cat-occasion","11":"first","12":"instock","13":"shipping-taxable","14":"product-type-simple"},"acf":[],"yoast_head":"<!-- This site is optimized with the Yoast SEO plugin v27.2 - https:\/\/yoast.com\/product\/yoast-seo-wordpress\/ -->\n<title>Convoyeurs \u00e0 air - BBM Packaging<\/title>\n<meta name=\"description\" content=\"D\u00e9couvrez les convoyeurs de l&#039;air de BBM Packaging, id\u00e9aux pour transf\u00e9rer des bouteilles de la souffleuse \u00e0 la remplisseuse\" \/>\n<meta name=\"robots\" content=\"index, follow, max-snippet:-1, max-image-preview:large, max-video-preview:-1\" \/>\n<link rel=\"canonical\" href=\"https:\/\/www.bbmpackaging.com\/fr\/machines\/convoyeurs\/convoyeurs-de-l-air\/\" \/>\n<meta property=\"og:locale\" content=\"fr_FR\" \/>\n<meta property=\"og:type\" content=\"article\" \/>\n<meta property=\"og:title\" content=\"Convoyeurs \u00e0 air - BBM Packaging\" \/>\n<meta property=\"og:description\" content=\"D\u00e9couvrez les convoyeurs de l&#039;air de BBM Packaging, id\u00e9aux pour transf\u00e9rer des bouteilles de la souffleuse \u00e0 la remplisseuse\" \/>\n<meta property=\"og:url\" content=\"https:\/\/www.bbmpackaging.com\/fr\/machines\/convoyeurs\/convoyeurs-de-l-air\/\" \/>\n<meta property=\"og:site_name\" content=\"BBM Packaging\" \/>\n<meta property=\"article:modified_time\" content=\"2026-02-05T11:32:43+00:00\" \/>\n<meta property=\"og:image\" content=\"https:\/\/www.bbmpackaging.com\/wp-content\/uploads\/2021\/07\/nastro-aria.jpg\" \/>\n\t<meta property=\"og:image:width\" content=\"1438\" \/>\n\t<meta property=\"og:image:height\" content=\"1078\" \/>\n\t<meta property=\"og:image:type\" content=\"image\/jpeg\" \/>\n<meta name=\"twitter:card\" content=\"summary_large_image\" \/>\n<meta name=\"twitter:label1\" content=\"Dur\u00e9e de lecture estim\u00e9e\" \/>\n\t<meta name=\"twitter:data1\" content=\"1 minute\" \/>\n<script type=\"application\/ld+json\" class=\"yoast-schema-graph\">{\"@context\":\"https:\/\/schema.org\",\"@graph\":[{\"@type\":\"WebPage\",\"@id\":\"https:\/\/www.bbmpackaging.com\/fr\/machines\/convoyeurs\/convoyeurs-de-l-air\/\",\"url\":\"https:\/\/www.bbmpackaging.com\/fr\/machines\/convoyeurs\/convoyeurs-de-l-air\/\",\"name\":\"Convoyeurs \u00e0 air - BBM Packaging\",\"isPartOf\":{\"@id\":\"https:\/\/www.bbmpackaging.com\/fr\/#website\"},\"primaryImageOfPage\":{\"@id\":\"https:\/\/www.bbmpackaging.com\/fr\/machines\/convoyeurs\/convoyeurs-de-l-air\/#primaryimage\"},\"image\":{\"@id\":\"https:\/\/www.bbmpackaging.com\/fr\/machines\/convoyeurs\/convoyeurs-de-l-air\/#primaryimage\"},\"thumbnailUrl\":\"https:\/\/cdn.bbmpackaging.com\/wp-content\/uploads\/2021\/07\/nastro-aria.jpg\",\"datePublished\":\"2021-07-16T08:14:27+00:00\",\"dateModified\":\"2026-02-05T11:32:43+00:00\",\"description\":\"D\u00e9couvrez les convoyeurs de l'air de BBM Packaging, id\u00e9aux pour transf\u00e9rer des bouteilles de la souffleuse \u00e0 la remplisseuse\",\"breadcrumb\":{\"@id\":\"https:\/\/www.bbmpackaging.com\/fr\/machines\/convoyeurs\/convoyeurs-de-l-air\/#breadcrumb\"},\"inLanguage\":\"fr-FR\",\"potentialAction\":[{\"@type\":\"ReadAction\",\"target\":[\"https:\/\/www.bbmpackaging.com\/fr\/machines\/convoyeurs\/convoyeurs-de-l-air\/\"]}]},{\"@type\":\"ImageObject\",\"inLanguage\":\"fr-FR\",\"@id\":\"https:\/\/www.bbmpackaging.com\/fr\/machines\/convoyeurs\/convoyeurs-de-l-air\/#primaryimage\",\"url\":\"https:\/\/cdn.bbmpackaging.com\/wp-content\/uploads\/2021\/07\/nastro-aria.jpg\",\"contentUrl\":\"https:\/\/cdn.bbmpackaging.com\/wp-content\/uploads\/2021\/07\/nastro-aria.jpg\",\"width\":1438,\"height\":1078,\"caption\":\"BBM_Air conveyors\"},{\"@type\":\"BreadcrumbList\",\"@id\":\"https:\/\/www.bbmpackaging.com\/fr\/machines\/convoyeurs\/convoyeurs-de-l-air\/#breadcrumb\",\"itemListElement\":[{\"@type\":\"ListItem\",\"position\":1,\"name\":\"Home\",\"item\":\"https:\/\/www.bbmpackaging.com\/fr\/\"},{\"@type\":\"ListItem\",\"position\":2,\"name\":\"Produits\",\"item\":\"https:\/\/www.bbmpackaging.com\/fr\/produits\/\"},{\"@type\":\"ListItem\",\"position\":3,\"name\":\"Neuf\",\"item\":\"https:\/\/www.bbmpackaging.com\/fr\/machines\/neuf\/\"},{\"@type\":\"ListItem\",\"position\":4,\"name\":\"Convoyeurs \u00e0 air\"}]},{\"@type\":\"WebSite\",\"@id\":\"https:\/\/www.bbmpackaging.com\/fr\/#website\",\"url\":\"https:\/\/www.bbmpackaging.com\/fr\/\",\"name\":\"BBM Packaging\",\"description\":\"Imbottigliamento: macchinari manutenzione e much more\",\"potentialAction\":[{\"@type\":\"SearchAction\",\"target\":{\"@type\":\"EntryPoint\",\"urlTemplate\":\"https:\/\/www.bbmpackaging.com\/fr\/?s={search_term_string}\"},\"query-input\":{\"@type\":\"PropertyValueSpecification\",\"valueRequired\":true,\"valueName\":\"search_term_string\"}}],\"inLanguage\":\"fr-FR\"}]}<\/script>\n<!-- \/ Yoast SEO plugin. -->","yoast_head_json":{"title":"Convoyeurs \u00e0 air - BBM Packaging","description":"D\u00e9couvrez les convoyeurs de l'air de BBM Packaging, id\u00e9aux pour transf\u00e9rer des bouteilles de la souffleuse \u00e0 la remplisseuse","robots":{"index":"index","follow":"follow","max-snippet":"max-snippet:-1","max-image-preview":"max-image-preview:large","max-video-preview":"max-video-preview:-1"},"canonical":"https:\/\/www.bbmpackaging.com\/fr\/machines\/convoyeurs\/convoyeurs-de-l-air\/","og_locale":"fr_FR","og_type":"article","og_title":"Convoyeurs \u00e0 air - BBM Packaging","og_description":"D\u00e9couvrez les convoyeurs de l'air de BBM Packaging, id\u00e9aux pour transf\u00e9rer des bouteilles de la souffleuse \u00e0 la remplisseuse","og_url":"https:\/\/www.bbmpackaging.com\/fr\/machines\/convoyeurs\/convoyeurs-de-l-air\/","og_site_name":"BBM Packaging","article_modified_time":"2026-02-05T11:32:43+00:00","og_image":[{"width":1438,"height":1078,"url":"https:\/\/www.bbmpackaging.com\/wp-content\/uploads\/2021\/07\/nastro-aria.jpg","type":"image\/jpeg"}],"twitter_card":"summary_large_image","twitter_misc":{"Dur\u00e9e de lecture estim\u00e9e":"1 minute"},"schema":{"@context":"https:\/\/schema.org","@graph":[{"@type":"WebPage","@id":"https:\/\/www.bbmpackaging.com\/fr\/machines\/convoyeurs\/convoyeurs-de-l-air\/","url":"https:\/\/www.bbmpackaging.com\/fr\/machines\/convoyeurs\/convoyeurs-de-l-air\/","name":"Convoyeurs \u00e0 air - BBM Packaging","isPartOf":{"@id":"https:\/\/www.bbmpackaging.com\/fr\/#website"},"primaryImageOfPage":{"@id":"https:\/\/www.bbmpackaging.com\/fr\/machines\/convoyeurs\/convoyeurs-de-l-air\/#primaryimage"},"image":{"@id":"https:\/\/www.bbmpackaging.com\/fr\/machines\/convoyeurs\/convoyeurs-de-l-air\/#primaryimage"},"thumbnailUrl":"https:\/\/cdn.bbmpackaging.com\/wp-content\/uploads\/2021\/07\/nastro-aria.jpg","datePublished":"2021-07-16T08:14:27+00:00","dateModified":"2026-02-05T11:32:43+00:00","description":"D\u00e9couvrez les convoyeurs de l'air de BBM Packaging, id\u00e9aux pour transf\u00e9rer des bouteilles de la souffleuse \u00e0 la remplisseuse","breadcrumb":{"@id":"https:\/\/www.bbmpackaging.com\/fr\/machines\/convoyeurs\/convoyeurs-de-l-air\/#breadcrumb"},"inLanguage":"fr-FR","potentialAction":[{"@type":"ReadAction","target":["https:\/\/www.bbmpackaging.com\/fr\/machines\/convoyeurs\/convoyeurs-de-l-air\/"]}]},{"@type":"ImageObject","inLanguage":"fr-FR","@id":"https:\/\/www.bbmpackaging.com\/fr\/machines\/convoyeurs\/convoyeurs-de-l-air\/#primaryimage","url":"https:\/\/cdn.bbmpackaging.com\/wp-content\/uploads\/2021\/07\/nastro-aria.jpg","contentUrl":"https:\/\/cdn.bbmpackaging.com\/wp-content\/uploads\/2021\/07\/nastro-aria.jpg","width":1438,"height":1078,"caption":"BBM_Air conveyors"},{"@type":"BreadcrumbList","@id":"https:\/\/www.bbmpackaging.com\/fr\/machines\/convoyeurs\/convoyeurs-de-l-air\/#breadcrumb","itemListElement":[{"@type":"ListItem","position":1,"name":"Home","item":"https:\/\/www.bbmpackaging.com\/fr\/"},{"@type":"ListItem","position":2,"name":"Produits","item":"https:\/\/www.bbmpackaging.com\/fr\/produits\/"},{"@type":"ListItem","position":3,"name":"Neuf","item":"https:\/\/www.bbmpackaging.com\/fr\/machines\/neuf\/"},{"@type":"ListItem","position":4,"name":"Convoyeurs \u00e0 air"}]},{"@type":"WebSite","@id":"https:\/\/www.bbmpackaging.com\/fr\/#website","url":"https:\/\/www.bbmpackaging.com\/fr\/","name":"BBM Packaging","description":"Imbottigliamento: macchinari manutenzione e much more","potentialAction":[{"@type":"SearchAction","target":{"@type":"EntryPoint","urlTemplate":"https:\/\/www.bbmpackaging.com\/fr\/?s={search_term_string}"},"query-input":{"@type":"PropertyValueSpecification","valueRequired":true,"valueName":"search_term_string"}}],"inLanguage":"fr-FR"}]}},"_links":{"self":[{"href":"https:\/\/www.bbmpackaging.com\/fr\/wp-json\/wp\/v2\/product\/21851","targetHints":{"allow":["GET"]}}],"collection":[{"href":"https:\/\/www.bbmpackaging.com\/fr\/wp-json\/wp\/v2\/product"}],"about":[{"href":"https:\/\/www.bbmpackaging.com\/fr\/wp-json\/wp\/v2\/types\/product"}],"replies":[{"embeddable":true,"href":"https:\/\/www.bbmpackaging.com\/fr\/wp-json\/wp\/v2\/comments?post=21851"}],"wp:featuredmedia":[{"embeddable":true,"href":"https:\/\/www.bbmpackaging.com\/fr\/wp-json\/wp\/v2\/media\/39797"}],"wp:attachment":[{"href":"https:\/\/www.bbmpackaging.com\/fr\/wp-json\/wp\/v2\/media?parent=21851"}],"wp:term":[{"taxonomy":"brand","embeddable":true,"href":"https:\/\/www.bbmpackaging.com\/fr\/wp-json\/wp\/v2\/brand?post=21851"},{"taxonomy":"product_brand","embeddable":true,"href":"https:\/\/www.bbmpackaging.com\/fr\/wp-json\/wp\/v2\/product_brand?post=21851"},{"taxonomy":"product_cat","embeddable":true,"href":"https:\/\/www.bbmpackaging.com\/fr\/wp-json\/wp\/v2\/product_cat?post=21851"},{"taxonomy":"product_tag","embeddable":true,"href":"https:\/\/www.bbmpackaging.com\/fr\/wp-json\/wp\/v2\/product_tag?post=21851"}],"curies":[{"name":"wp","href":"https:\/\/api.w.org\/{rel}","templated":true}]}}