{"id":21853,"date":"2021-07-16T10:20:53","date_gmt":"2021-07-16T08:20:53","guid":{"rendered":"https:\/\/www.bbmpackaging.com\/prodotto\/nastri-bottiglie\/"},"modified":"2026-02-05T12:32:43","modified_gmt":"2026-02-05T11:32:43","slug":"nastri-bottiglie","status":"publish","type":"product","link":"https:\/\/www.bbmpackaging.com\/fr\/machines\/convoyeurs\/convoyeurs-bouteilles\/","title":{"rendered":"Convoyeurs de bouteilles"},"content":{"rendered":"<p>Les convoyeurs de bouteilles sont r\u00e9alis\u00e9s avec une structure solide en acier et sont compos\u00e9s de cha\u00eenes en acier inoxydable ou en plastique. Les convoyeurs sont contr\u00f4l\u00e9s par des capteurs et des pilotes sp\u00e9ciaux qui permettent une production continue.<\/p>\n","protected":false},"excerpt":{"rendered":"<p>Les convoyeurs de bouteilles sont r\u00e9alis\u00e9s avec une structure solide en acier et sont compos\u00e9s de cha\u00eenes en&#8230;<\/p>\n","protected":false},"featured_media":16137,"comment_status":"open","ping_status":"closed","template":"","meta":{"_acf_changed":false},"brand":[7497],"product_brand":[],"product_cat":[1103,1130,1106],"product_tag":[],"class_list":{"0":"post-21853","1":"product","2":"type-product","3":"status-publish","4":"has-post-thumbnail","6":"brand-bbm-packaging","7":"product_cat-neuf","8":"product_cat-convoyeurs","9":"product_cat-occasion","11":"first","12":"instock","13":"shipping-taxable","14":"product-type-simple"},"acf":[],"yoast_head":"<!-- This site is optimized with the Yoast SEO plugin v27.2 - https:\/\/yoast.com\/product\/yoast-seo-wordpress\/ -->\n<title>Convoyeurs pour bouteilles - BBM Packaging<\/title>\n<meta name=\"description\" content=\"Convoyeurs pour bouteilles avec cha\u00eenes en acier ou en plastique, con\u00e7us pour la robustesse et la durabilit\u00e9 Pour l\u2019efficacit\u00e9 des lignes d\u2019embouteillage.\" \/>\n<meta name=\"robots\" content=\"index, follow, max-snippet:-1, max-image-preview:large, max-video-preview:-1\" \/>\n<link rel=\"canonical\" href=\"https:\/\/www.bbmpackaging.com\/fr\/machines\/convoyeurs\/convoyeurs-bouteilles\/\" \/>\n<meta property=\"og:locale\" content=\"fr_FR\" \/>\n<meta property=\"og:type\" content=\"article\" \/>\n<meta property=\"og:title\" content=\"Convoyeurs pour bouteilles - BBM Packaging\" \/>\n<meta property=\"og:description\" content=\"Convoyeurs pour bouteilles avec cha\u00eenes en acier ou en plastique, con\u00e7us pour la robustesse et la durabilit\u00e9 Pour l\u2019efficacit\u00e9 des lignes d\u2019embouteillage.\" \/>\n<meta property=\"og:url\" content=\"https:\/\/www.bbmpackaging.com\/fr\/machines\/convoyeurs\/convoyeurs-bouteilles\/\" \/>\n<meta property=\"og:site_name\" content=\"BBM Packaging\" \/>\n<meta property=\"article:modified_time\" content=\"2026-02-05T11:32:43+00:00\" \/>\n<meta property=\"og:image\" content=\"https:\/\/www.bbmpackaging.com\/wp-content\/uploads\/2021\/07\/prew-nastri-bottiglie.jpg\" \/>\n\t<meta property=\"og:image:width\" content=\"560\" \/>\n\t<meta property=\"og:image:height\" content=\"420\" \/>\n\t<meta property=\"og:image:type\" content=\"image\/jpeg\" \/>\n<meta name=\"twitter:card\" content=\"summary_large_image\" \/>\n<meta name=\"twitter:label1\" content=\"Dur\u00e9e de lecture estim\u00e9e\" \/>\n\t<meta name=\"twitter:data1\" content=\"1 minute\" \/>\n<script type=\"application\/ld+json\" class=\"yoast-schema-graph\">{\"@context\":\"https:\/\/schema.org\",\"@graph\":[{\"@type\":\"WebPage\",\"@id\":\"https:\/\/www.bbmpackaging.com\/fr\/machines\/convoyeurs\/convoyeurs-bouteilles\/\",\"url\":\"https:\/\/www.bbmpackaging.com\/fr\/machines\/convoyeurs\/convoyeurs-bouteilles\/\",\"name\":\"Convoyeurs pour bouteilles - BBM Packaging\",\"isPartOf\":{\"@id\":\"https:\/\/www.bbmpackaging.com\/fr\/#website\"},\"primaryImageOfPage\":{\"@id\":\"https:\/\/www.bbmpackaging.com\/fr\/machines\/convoyeurs\/convoyeurs-bouteilles\/#primaryimage\"},\"image\":{\"@id\":\"https:\/\/www.bbmpackaging.com\/fr\/machines\/convoyeurs\/convoyeurs-bouteilles\/#primaryimage\"},\"thumbnailUrl\":\"https:\/\/cdn.bbmpackaging.com\/wp-content\/uploads\/2021\/07\/prew-nastri-bottiglie.jpg\",\"datePublished\":\"2021-07-16T08:20:53+00:00\",\"dateModified\":\"2026-02-05T11:32:43+00:00\",\"description\":\"Convoyeurs pour bouteilles avec cha\u00eenes en acier ou en plastique, con\u00e7us pour la robustesse et la durabilit\u00e9 Pour l\u2019efficacit\u00e9 des lignes d\u2019embouteillage.\",\"breadcrumb\":{\"@id\":\"https:\/\/www.bbmpackaging.com\/fr\/machines\/convoyeurs\/convoyeurs-bouteilles\/#breadcrumb\"},\"inLanguage\":\"fr-FR\",\"potentialAction\":[{\"@type\":\"ReadAction\",\"target\":[\"https:\/\/www.bbmpackaging.com\/fr\/machines\/convoyeurs\/convoyeurs-bouteilles\/\"]}]},{\"@type\":\"ImageObject\",\"inLanguage\":\"fr-FR\",\"@id\":\"https:\/\/www.bbmpackaging.com\/fr\/machines\/convoyeurs\/convoyeurs-bouteilles\/#primaryimage\",\"url\":\"https:\/\/cdn.bbmpackaging.com\/wp-content\/uploads\/2021\/07\/prew-nastri-bottiglie.jpg\",\"contentUrl\":\"https:\/\/cdn.bbmpackaging.com\/wp-content\/uploads\/2021\/07\/prew-nastri-bottiglie.jpg\",\"width\":560,\"height\":420},{\"@type\":\"BreadcrumbList\",\"@id\":\"https:\/\/www.bbmpackaging.com\/fr\/machines\/convoyeurs\/convoyeurs-bouteilles\/#breadcrumb\",\"itemListElement\":[{\"@type\":\"ListItem\",\"position\":1,\"name\":\"Home\",\"item\":\"https:\/\/www.bbmpackaging.com\/fr\/\"},{\"@type\":\"ListItem\",\"position\":2,\"name\":\"Produits\",\"item\":\"https:\/\/www.bbmpackaging.com\/fr\/produits\/\"},{\"@type\":\"ListItem\",\"position\":3,\"name\":\"Neuf\",\"item\":\"https:\/\/www.bbmpackaging.com\/fr\/machines\/neuf\/\"},{\"@type\":\"ListItem\",\"position\":4,\"name\":\"Convoyeurs de bouteilles\"}]},{\"@type\":\"WebSite\",\"@id\":\"https:\/\/www.bbmpackaging.com\/fr\/#website\",\"url\":\"https:\/\/www.bbmpackaging.com\/fr\/\",\"name\":\"BBM Packaging\",\"description\":\"Imbottigliamento: macchinari manutenzione e much more\",\"potentialAction\":[{\"@type\":\"SearchAction\",\"target\":{\"@type\":\"EntryPoint\",\"urlTemplate\":\"https:\/\/www.bbmpackaging.com\/fr\/?s={search_term_string}\"},\"query-input\":{\"@type\":\"PropertyValueSpecification\",\"valueRequired\":true,\"valueName\":\"search_term_string\"}}],\"inLanguage\":\"fr-FR\"}]}<\/script>\n<!-- \/ Yoast SEO plugin. -->","yoast_head_json":{"title":"Convoyeurs pour bouteilles - BBM Packaging","description":"Convoyeurs pour bouteilles avec cha\u00eenes en acier ou en plastique, con\u00e7us pour la robustesse et la durabilit\u00e9 Pour l\u2019efficacit\u00e9 des lignes d\u2019embouteillage.","robots":{"index":"index","follow":"follow","max-snippet":"max-snippet:-1","max-image-preview":"max-image-preview:large","max-video-preview":"max-video-preview:-1"},"canonical":"https:\/\/www.bbmpackaging.com\/fr\/machines\/convoyeurs\/convoyeurs-bouteilles\/","og_locale":"fr_FR","og_type":"article","og_title":"Convoyeurs pour bouteilles - BBM Packaging","og_description":"Convoyeurs pour bouteilles avec cha\u00eenes en acier ou en plastique, con\u00e7us pour la robustesse et la durabilit\u00e9 Pour l\u2019efficacit\u00e9 des lignes d\u2019embouteillage.","og_url":"https:\/\/www.bbmpackaging.com\/fr\/machines\/convoyeurs\/convoyeurs-bouteilles\/","og_site_name":"BBM Packaging","article_modified_time":"2026-02-05T11:32:43+00:00","og_image":[{"width":560,"height":420,"url":"https:\/\/www.bbmpackaging.com\/wp-content\/uploads\/2021\/07\/prew-nastri-bottiglie.jpg","type":"image\/jpeg"}],"twitter_card":"summary_large_image","twitter_misc":{"Dur\u00e9e de lecture estim\u00e9e":"1 minute"},"schema":{"@context":"https:\/\/schema.org","@graph":[{"@type":"WebPage","@id":"https:\/\/www.bbmpackaging.com\/fr\/machines\/convoyeurs\/convoyeurs-bouteilles\/","url":"https:\/\/www.bbmpackaging.com\/fr\/machines\/convoyeurs\/convoyeurs-bouteilles\/","name":"Convoyeurs pour bouteilles - BBM Packaging","isPartOf":{"@id":"https:\/\/www.bbmpackaging.com\/fr\/#website"},"primaryImageOfPage":{"@id":"https:\/\/www.bbmpackaging.com\/fr\/machines\/convoyeurs\/convoyeurs-bouteilles\/#primaryimage"},"image":{"@id":"https:\/\/www.bbmpackaging.com\/fr\/machines\/convoyeurs\/convoyeurs-bouteilles\/#primaryimage"},"thumbnailUrl":"https:\/\/cdn.bbmpackaging.com\/wp-content\/uploads\/2021\/07\/prew-nastri-bottiglie.jpg","datePublished":"2021-07-16T08:20:53+00:00","dateModified":"2026-02-05T11:32:43+00:00","description":"Convoyeurs pour bouteilles avec cha\u00eenes en acier ou en plastique, con\u00e7us pour la robustesse et la durabilit\u00e9 Pour l\u2019efficacit\u00e9 des lignes d\u2019embouteillage.","breadcrumb":{"@id":"https:\/\/www.bbmpackaging.com\/fr\/machines\/convoyeurs\/convoyeurs-bouteilles\/#breadcrumb"},"inLanguage":"fr-FR","potentialAction":[{"@type":"ReadAction","target":["https:\/\/www.bbmpackaging.com\/fr\/machines\/convoyeurs\/convoyeurs-bouteilles\/"]}]},{"@type":"ImageObject","inLanguage":"fr-FR","@id":"https:\/\/www.bbmpackaging.com\/fr\/machines\/convoyeurs\/convoyeurs-bouteilles\/#primaryimage","url":"https:\/\/cdn.bbmpackaging.com\/wp-content\/uploads\/2021\/07\/prew-nastri-bottiglie.jpg","contentUrl":"https:\/\/cdn.bbmpackaging.com\/wp-content\/uploads\/2021\/07\/prew-nastri-bottiglie.jpg","width":560,"height":420},{"@type":"BreadcrumbList","@id":"https:\/\/www.bbmpackaging.com\/fr\/machines\/convoyeurs\/convoyeurs-bouteilles\/#breadcrumb","itemListElement":[{"@type":"ListItem","position":1,"name":"Home","item":"https:\/\/www.bbmpackaging.com\/fr\/"},{"@type":"ListItem","position":2,"name":"Produits","item":"https:\/\/www.bbmpackaging.com\/fr\/produits\/"},{"@type":"ListItem","position":3,"name":"Neuf","item":"https:\/\/www.bbmpackaging.com\/fr\/machines\/neuf\/"},{"@type":"ListItem","position":4,"name":"Convoyeurs de bouteilles"}]},{"@type":"WebSite","@id":"https:\/\/www.bbmpackaging.com\/fr\/#website","url":"https:\/\/www.bbmpackaging.com\/fr\/","name":"BBM Packaging","description":"Imbottigliamento: macchinari manutenzione e much more","potentialAction":[{"@type":"SearchAction","target":{"@type":"EntryPoint","urlTemplate":"https:\/\/www.bbmpackaging.com\/fr\/?s={search_term_string}"},"query-input":{"@type":"PropertyValueSpecification","valueRequired":true,"valueName":"search_term_string"}}],"inLanguage":"fr-FR"}]}},"_links":{"self":[{"href":"https:\/\/www.bbmpackaging.com\/fr\/wp-json\/wp\/v2\/product\/21853","targetHints":{"allow":["GET"]}}],"collection":[{"href":"https:\/\/www.bbmpackaging.com\/fr\/wp-json\/wp\/v2\/product"}],"about":[{"href":"https:\/\/www.bbmpackaging.com\/fr\/wp-json\/wp\/v2\/types\/product"}],"replies":[{"embeddable":true,"href":"https:\/\/www.bbmpackaging.com\/fr\/wp-json\/wp\/v2\/comments?post=21853"}],"wp:featuredmedia":[{"embeddable":true,"href":"https:\/\/www.bbmpackaging.com\/fr\/wp-json\/wp\/v2\/media\/16137"}],"wp:attachment":[{"href":"https:\/\/www.bbmpackaging.com\/fr\/wp-json\/wp\/v2\/media?parent=21853"}],"wp:term":[{"taxonomy":"brand","embeddable":true,"href":"https:\/\/www.bbmpackaging.com\/fr\/wp-json\/wp\/v2\/brand?post=21853"},{"taxonomy":"product_brand","embeddable":true,"href":"https:\/\/www.bbmpackaging.com\/fr\/wp-json\/wp\/v2\/product_brand?post=21853"},{"taxonomy":"product_cat","embeddable":true,"href":"https:\/\/www.bbmpackaging.com\/fr\/wp-json\/wp\/v2\/product_cat?post=21853"},{"taxonomy":"product_tag","embeddable":true,"href":"https:\/\/www.bbmpackaging.com\/fr\/wp-json\/wp\/v2\/product_tag?post=21853"}],"curies":[{"name":"wp","href":"https:\/\/api.w.org\/{rel}","templated":true}]}}