{"id":21855,"date":"2021-07-16T10:21:22","date_gmt":"2021-07-16T08:21:22","guid":{"rendered":"https:\/\/www.bbmpackaging.com\/prodotto\/nastri-fardello\/"},"modified":"2026-02-05T12:32:43","modified_gmt":"2026-02-05T11:32:43","slug":"nastri-fardello","status":"publish","type":"product","link":"https:\/\/www.bbmpackaging.com\/fr\/machines\/convoyeurs\/convoyeurs-fardelle\/","title":{"rendered":"Convoyeurs pour paquets et caisses"},"content":{"rendered":"<p>Les convoyeurs de paquets sont utilis\u00e9s pour transporter tous les types de marchandises suremball\u00e9es: caisses pleines ou vides, cartons, bo\u00eetes, barquettes, packs film\u00e9s et palettes.<br \/>\nLes convoyeurs sont r\u00e9alis\u00e9s avec une structure solide en acier et sont \u00e9quip\u00e9s de dispositifs qui prot\u00e8gent l\u2019emballage des frottements et des frictions, garantissant un flux de produit plus fluide gr\u00e2ce \u00e0 des capteurs et des pilotes sp\u00e9ciaux.<br \/>\nLes convoyeurs peuvent \u00eatre de diff\u00e9rents types en fonction du mat\u00e9riau transport\u00e9 et des exigences sp\u00e9cifiques de production: convoyeurs \u00e0 tapis modulaire, \u00e0 treillis, \u00e0 bande, \u00e0 rouleaux et \u00e0 cha\u00eenes.<br \/>\nUn syst\u00e8me de r\u00e9glage automatique des guides peut \u00eatre install\u00e9 pour permettre des changements de format rapides et faciles.<\/p>\n","protected":false},"excerpt":{"rendered":"<p>Les convoyeurs de paquets sont utilis\u00e9s pour transporter tous les types de marchandises suremball\u00e9es: caisses pleines ou vides,&#8230;<\/p>\n","protected":false},"featured_media":16153,"comment_status":"open","ping_status":"closed","template":"","meta":{"_acf_changed":false},"brand":[7497],"product_brand":[],"product_cat":[1103,1130,1106],"product_tag":[],"class_list":{"0":"post-21855","1":"product","2":"type-product","3":"status-publish","4":"has-post-thumbnail","6":"brand-bbm-packaging","7":"product_cat-neuf","8":"product_cat-convoyeurs","9":"product_cat-occasion","11":"first","12":"instock","13":"shipping-taxable","14":"product-type-simple"},"acf":[],"yoast_head":"<!-- This site is optimized with the Yoast SEO plugin v27.2 - https:\/\/yoast.com\/product\/yoast-seo-wordpress\/ -->\n<title>Convoyeurs de fardeaux - BBM Packaging<\/title>\n<meta name=\"description\" content=\"Les convoyeurs pour fardeaux de BBM Packaging d\u00e9placent caisses, cartons et fardeaux avec pr\u00e9cision, s\u2019adaptant \u00e0 divers suremballages industriels. Contactez-nous.\" \/>\n<meta name=\"robots\" content=\"index, follow, max-snippet:-1, max-image-preview:large, max-video-preview:-1\" \/>\n<link rel=\"canonical\" href=\"https:\/\/www.bbmpackaging.com\/fr\/machines\/convoyeurs\/convoyeurs-fardelle\/\" \/>\n<meta property=\"og:locale\" content=\"fr_FR\" \/>\n<meta property=\"og:type\" content=\"article\" \/>\n<meta property=\"og:title\" content=\"Convoyeurs de fardeaux - BBM Packaging\" \/>\n<meta property=\"og:description\" content=\"Les convoyeurs pour fardeaux de BBM Packaging d\u00e9placent caisses, cartons et fardeaux avec pr\u00e9cision, s\u2019adaptant \u00e0 divers suremballages industriels. Contactez-nous.\" \/>\n<meta property=\"og:url\" content=\"https:\/\/www.bbmpackaging.com\/fr\/machines\/convoyeurs\/convoyeurs-fardelle\/\" \/>\n<meta property=\"og:site_name\" content=\"BBM Packaging\" \/>\n<meta property=\"article:modified_time\" content=\"2026-02-05T11:32:43+00:00\" \/>\n<meta property=\"og:image\" content=\"https:\/\/www.bbmpackaging.com\/wp-content\/uploads\/2021\/07\/prew-nastri-fardello.jpg\" \/>\n\t<meta property=\"og:image:width\" content=\"560\" \/>\n\t<meta property=\"og:image:height\" content=\"420\" \/>\n\t<meta property=\"og:image:type\" content=\"image\/jpeg\" \/>\n<meta name=\"twitter:card\" content=\"summary_large_image\" \/>\n<meta name=\"twitter:label1\" content=\"Dur\u00e9e de lecture estim\u00e9e\" \/>\n\t<meta name=\"twitter:data1\" content=\"1 minute\" \/>\n<script type=\"application\/ld+json\" class=\"yoast-schema-graph\">{\"@context\":\"https:\/\/schema.org\",\"@graph\":[{\"@type\":\"WebPage\",\"@id\":\"https:\/\/www.bbmpackaging.com\/fr\/machines\/convoyeurs\/convoyeurs-fardelle\/\",\"url\":\"https:\/\/www.bbmpackaging.com\/fr\/machines\/convoyeurs\/convoyeurs-fardelle\/\",\"name\":\"Convoyeurs de fardeaux - BBM Packaging\",\"isPartOf\":{\"@id\":\"https:\/\/www.bbmpackaging.com\/fr\/#website\"},\"primaryImageOfPage\":{\"@id\":\"https:\/\/www.bbmpackaging.com\/fr\/machines\/convoyeurs\/convoyeurs-fardelle\/#primaryimage\"},\"image\":{\"@id\":\"https:\/\/www.bbmpackaging.com\/fr\/machines\/convoyeurs\/convoyeurs-fardelle\/#primaryimage\"},\"thumbnailUrl\":\"https:\/\/cdn.bbmpackaging.com\/wp-content\/uploads\/2021\/07\/prew-nastri-fardello.jpg\",\"datePublished\":\"2021-07-16T08:21:22+00:00\",\"dateModified\":\"2026-02-05T11:32:43+00:00\",\"description\":\"Les convoyeurs pour fardeaux de BBM Packaging d\u00e9placent caisses, cartons et fardeaux avec pr\u00e9cision, s\u2019adaptant \u00e0 divers suremballages industriels. Contactez-nous.\",\"breadcrumb\":{\"@id\":\"https:\/\/www.bbmpackaging.com\/fr\/machines\/convoyeurs\/convoyeurs-fardelle\/#breadcrumb\"},\"inLanguage\":\"fr-FR\",\"potentialAction\":[{\"@type\":\"ReadAction\",\"target\":[\"https:\/\/www.bbmpackaging.com\/fr\/machines\/convoyeurs\/convoyeurs-fardelle\/\"]}]},{\"@type\":\"ImageObject\",\"inLanguage\":\"fr-FR\",\"@id\":\"https:\/\/www.bbmpackaging.com\/fr\/machines\/convoyeurs\/convoyeurs-fardelle\/#primaryimage\",\"url\":\"https:\/\/cdn.bbmpackaging.com\/wp-content\/uploads\/2021\/07\/prew-nastri-fardello.jpg\",\"contentUrl\":\"https:\/\/cdn.bbmpackaging.com\/wp-content\/uploads\/2021\/07\/prew-nastri-fardello.jpg\",\"width\":560,\"height\":420},{\"@type\":\"BreadcrumbList\",\"@id\":\"https:\/\/www.bbmpackaging.com\/fr\/machines\/convoyeurs\/convoyeurs-fardelle\/#breadcrumb\",\"itemListElement\":[{\"@type\":\"ListItem\",\"position\":1,\"name\":\"Home\",\"item\":\"https:\/\/www.bbmpackaging.com\/fr\/\"},{\"@type\":\"ListItem\",\"position\":2,\"name\":\"Produits\",\"item\":\"https:\/\/www.bbmpackaging.com\/fr\/produits\/\"},{\"@type\":\"ListItem\",\"position\":3,\"name\":\"Neuf\",\"item\":\"https:\/\/www.bbmpackaging.com\/fr\/machines\/neuf\/\"},{\"@type\":\"ListItem\",\"position\":4,\"name\":\"Convoyeurs pour paquets et caisses\"}]},{\"@type\":\"WebSite\",\"@id\":\"https:\/\/www.bbmpackaging.com\/fr\/#website\",\"url\":\"https:\/\/www.bbmpackaging.com\/fr\/\",\"name\":\"BBM Packaging\",\"description\":\"Imbottigliamento: macchinari manutenzione e much more\",\"potentialAction\":[{\"@type\":\"SearchAction\",\"target\":{\"@type\":\"EntryPoint\",\"urlTemplate\":\"https:\/\/www.bbmpackaging.com\/fr\/?s={search_term_string}\"},\"query-input\":{\"@type\":\"PropertyValueSpecification\",\"valueRequired\":true,\"valueName\":\"search_term_string\"}}],\"inLanguage\":\"fr-FR\"}]}<\/script>\n<!-- \/ Yoast SEO plugin. -->","yoast_head_json":{"title":"Convoyeurs de fardeaux - BBM Packaging","description":"Les convoyeurs pour fardeaux de BBM Packaging d\u00e9placent caisses, cartons et fardeaux avec pr\u00e9cision, s\u2019adaptant \u00e0 divers suremballages industriels. Contactez-nous.","robots":{"index":"index","follow":"follow","max-snippet":"max-snippet:-1","max-image-preview":"max-image-preview:large","max-video-preview":"max-video-preview:-1"},"canonical":"https:\/\/www.bbmpackaging.com\/fr\/machines\/convoyeurs\/convoyeurs-fardelle\/","og_locale":"fr_FR","og_type":"article","og_title":"Convoyeurs de fardeaux - BBM Packaging","og_description":"Les convoyeurs pour fardeaux de BBM Packaging d\u00e9placent caisses, cartons et fardeaux avec pr\u00e9cision, s\u2019adaptant \u00e0 divers suremballages industriels. Contactez-nous.","og_url":"https:\/\/www.bbmpackaging.com\/fr\/machines\/convoyeurs\/convoyeurs-fardelle\/","og_site_name":"BBM Packaging","article_modified_time":"2026-02-05T11:32:43+00:00","og_image":[{"width":560,"height":420,"url":"https:\/\/www.bbmpackaging.com\/wp-content\/uploads\/2021\/07\/prew-nastri-fardello.jpg","type":"image\/jpeg"}],"twitter_card":"summary_large_image","twitter_misc":{"Dur\u00e9e de lecture estim\u00e9e":"1 minute"},"schema":{"@context":"https:\/\/schema.org","@graph":[{"@type":"WebPage","@id":"https:\/\/www.bbmpackaging.com\/fr\/machines\/convoyeurs\/convoyeurs-fardelle\/","url":"https:\/\/www.bbmpackaging.com\/fr\/machines\/convoyeurs\/convoyeurs-fardelle\/","name":"Convoyeurs de fardeaux - BBM Packaging","isPartOf":{"@id":"https:\/\/www.bbmpackaging.com\/fr\/#website"},"primaryImageOfPage":{"@id":"https:\/\/www.bbmpackaging.com\/fr\/machines\/convoyeurs\/convoyeurs-fardelle\/#primaryimage"},"image":{"@id":"https:\/\/www.bbmpackaging.com\/fr\/machines\/convoyeurs\/convoyeurs-fardelle\/#primaryimage"},"thumbnailUrl":"https:\/\/cdn.bbmpackaging.com\/wp-content\/uploads\/2021\/07\/prew-nastri-fardello.jpg","datePublished":"2021-07-16T08:21:22+00:00","dateModified":"2026-02-05T11:32:43+00:00","description":"Les convoyeurs pour fardeaux de BBM Packaging d\u00e9placent caisses, cartons et fardeaux avec pr\u00e9cision, s\u2019adaptant \u00e0 divers suremballages industriels. Contactez-nous.","breadcrumb":{"@id":"https:\/\/www.bbmpackaging.com\/fr\/machines\/convoyeurs\/convoyeurs-fardelle\/#breadcrumb"},"inLanguage":"fr-FR","potentialAction":[{"@type":"ReadAction","target":["https:\/\/www.bbmpackaging.com\/fr\/machines\/convoyeurs\/convoyeurs-fardelle\/"]}]},{"@type":"ImageObject","inLanguage":"fr-FR","@id":"https:\/\/www.bbmpackaging.com\/fr\/machines\/convoyeurs\/convoyeurs-fardelle\/#primaryimage","url":"https:\/\/cdn.bbmpackaging.com\/wp-content\/uploads\/2021\/07\/prew-nastri-fardello.jpg","contentUrl":"https:\/\/cdn.bbmpackaging.com\/wp-content\/uploads\/2021\/07\/prew-nastri-fardello.jpg","width":560,"height":420},{"@type":"BreadcrumbList","@id":"https:\/\/www.bbmpackaging.com\/fr\/machines\/convoyeurs\/convoyeurs-fardelle\/#breadcrumb","itemListElement":[{"@type":"ListItem","position":1,"name":"Home","item":"https:\/\/www.bbmpackaging.com\/fr\/"},{"@type":"ListItem","position":2,"name":"Produits","item":"https:\/\/www.bbmpackaging.com\/fr\/produits\/"},{"@type":"ListItem","position":3,"name":"Neuf","item":"https:\/\/www.bbmpackaging.com\/fr\/machines\/neuf\/"},{"@type":"ListItem","position":4,"name":"Convoyeurs pour paquets et caisses"}]},{"@type":"WebSite","@id":"https:\/\/www.bbmpackaging.com\/fr\/#website","url":"https:\/\/www.bbmpackaging.com\/fr\/","name":"BBM Packaging","description":"Imbottigliamento: macchinari manutenzione e much more","potentialAction":[{"@type":"SearchAction","target":{"@type":"EntryPoint","urlTemplate":"https:\/\/www.bbmpackaging.com\/fr\/?s={search_term_string}"},"query-input":{"@type":"PropertyValueSpecification","valueRequired":true,"valueName":"search_term_string"}}],"inLanguage":"fr-FR"}]}},"_links":{"self":[{"href":"https:\/\/www.bbmpackaging.com\/fr\/wp-json\/wp\/v2\/product\/21855","targetHints":{"allow":["GET"]}}],"collection":[{"href":"https:\/\/www.bbmpackaging.com\/fr\/wp-json\/wp\/v2\/product"}],"about":[{"href":"https:\/\/www.bbmpackaging.com\/fr\/wp-json\/wp\/v2\/types\/product"}],"replies":[{"embeddable":true,"href":"https:\/\/www.bbmpackaging.com\/fr\/wp-json\/wp\/v2\/comments?post=21855"}],"wp:featuredmedia":[{"embeddable":true,"href":"https:\/\/www.bbmpackaging.com\/fr\/wp-json\/wp\/v2\/media\/16153"}],"wp:attachment":[{"href":"https:\/\/www.bbmpackaging.com\/fr\/wp-json\/wp\/v2\/media?parent=21855"}],"wp:term":[{"taxonomy":"brand","embeddable":true,"href":"https:\/\/www.bbmpackaging.com\/fr\/wp-json\/wp\/v2\/brand?post=21855"},{"taxonomy":"product_brand","embeddable":true,"href":"https:\/\/www.bbmpackaging.com\/fr\/wp-json\/wp\/v2\/product_brand?post=21855"},{"taxonomy":"product_cat","embeddable":true,"href":"https:\/\/www.bbmpackaging.com\/fr\/wp-json\/wp\/v2\/product_cat?post=21855"},{"taxonomy":"product_tag","embeddable":true,"href":"https:\/\/www.bbmpackaging.com\/fr\/wp-json\/wp\/v2\/product_tag?post=21855"}],"curies":[{"name":"wp","href":"https:\/\/api.w.org\/{rel}","templated":true}]}}