{"id":28017,"date":"2022-03-30T16:58:03","date_gmt":"2022-03-30T14:58:03","guid":{"rendered":"https:\/\/www.bbmpackaging.com\/prodotto\/banco-di-accumulo-unifilare\/"},"modified":"2026-02-24T16:25:53","modified_gmt":"2026-02-24T15:25:53","slug":"banco-di-accumulo-unifilare","status":"publish","type":"product","link":"https:\/\/www.bbmpackaging.com\/fr\/banco-di-accumulo-unifilare\/","title":{"rendered":"Table d&rsquo;accumulation mono-filaire dynamique"},"content":{"rendered":"<p>La table d&rsquo;accumulation monofilaire est r\u00e9alis\u00e9e en acier inoxydable AISI 304 ; les structures et les composants sont identiques \u00e0 ceux requis pour la construction des convoyeurs \u00e0 lattes. <strong>La table est compos\u00e9e de deux convoyeurs modulaires positionn\u00e9s en parall\u00e8le avec des directions oppos\u00e9es et d\u2019un chariot motoris\u00e9 sp\u00e9cial \u00e9quip\u00e9 d\u2019une cha\u00eene qui transporte les conteneurs d\u2019un convoyeur \u00e0 l\u2019autre en suivant le flux de production. <\/strong>Ce syst\u00e8me est utilis\u00e9 pour synchroniser et accumuler le produit de mani\u00e8re progressive en cas de ralentissements sur les machines en aval.<\/p>\n","protected":false},"excerpt":{"rendered":"<p>Syst\u00e8me d&rsquo;accumulation dynamique POUR LES PETITES DIMENSIONS<\/p>\n","protected":false},"featured_media":28008,"comment_status":"open","ping_status":"closed","template":"","meta":{"_acf_changed":false},"brand":[7497],"product_brand":[],"product_cat":[1102,1130,1103],"product_tag":[2956,2955,2953],"class_list":{"0":"post-28017","1":"product","2":"type-product","3":"status-publish","4":"has-post-thumbnail","6":"brand-bbm-packaging","7":"product_cat-machines","8":"product_cat-convoyeurs","9":"product_cat-neuf","10":"product_tag-conveyors-fr","11":"product_tag-nastri-fr","12":"product_tag-banco-di-accumulo-fr","14":"first","15":"instock","16":"shipping-taxable","17":"product-type-simple"},"acf":[],"yoast_head":"<!-- This site is optimized with the Yoast SEO plugin v27.2 - https:\/\/yoast.com\/product\/yoast-seo-wordpress\/ -->\n<title>Table d&#039;accumulation unifilaire - BBM Packaging<\/title>\n<meta name=\"description\" content=\"Table d&#039;accumulation unifilaire pour synchroniser le flux des produits et g\u00e9rer les ralentissements dans les lignes de production de mani\u00e8re efficace\" \/>\n<meta name=\"robots\" content=\"index, follow, max-snippet:-1, max-image-preview:large, max-video-preview:-1\" \/>\n<link rel=\"canonical\" href=\"https:\/\/www.bbmpackaging.com\/fr\/banco-di-accumulo-unifilare\/\" \/>\n<meta property=\"og:locale\" content=\"fr_FR\" \/>\n<meta property=\"og:type\" content=\"article\" \/>\n<meta property=\"og:title\" content=\"Table d&#039;accumulation unifilaire - BBM Packaging\" \/>\n<meta property=\"og:description\" content=\"Table d&#039;accumulation unifilaire pour synchroniser le flux des produits et g\u00e9rer les ralentissements dans les lignes de production de mani\u00e8re efficace\" \/>\n<meta property=\"og:url\" content=\"https:\/\/www.bbmpackaging.com\/fr\/banco-di-accumulo-unifilare\/\" \/>\n<meta property=\"og:site_name\" content=\"BBM Packaging\" \/>\n<meta property=\"article:modified_time\" content=\"2026-02-24T15:25:53+00:00\" \/>\n<meta property=\"og:image\" content=\"https:\/\/www.bbmpackaging.com\/wp-content\/uploads\/2022\/03\/foto-prodotto.jpg\" \/>\n\t<meta property=\"og:image:width\" content=\"1024\" \/>\n\t<meta property=\"og:image:height\" content=\"768\" \/>\n\t<meta property=\"og:image:type\" content=\"image\/jpeg\" \/>\n<meta name=\"twitter:card\" content=\"summary_large_image\" \/>\n<meta name=\"twitter:label1\" content=\"Dur\u00e9e de lecture estim\u00e9e\" \/>\n\t<meta name=\"twitter:data1\" content=\"1 minute\" \/>\n<script type=\"application\/ld+json\" class=\"yoast-schema-graph\">{\"@context\":\"https:\/\/schema.org\",\"@graph\":[{\"@type\":\"WebPage\",\"@id\":\"https:\/\/www.bbmpackaging.com\/fr\/banco-di-accumulo-unifilare\/\",\"url\":\"https:\/\/www.bbmpackaging.com\/fr\/banco-di-accumulo-unifilare\/\",\"name\":\"Table d'accumulation unifilaire - BBM Packaging\",\"isPartOf\":{\"@id\":\"https:\/\/www.bbmpackaging.com\/fr\/#website\"},\"primaryImageOfPage\":{\"@id\":\"https:\/\/www.bbmpackaging.com\/fr\/banco-di-accumulo-unifilare\/#primaryimage\"},\"image\":{\"@id\":\"https:\/\/www.bbmpackaging.com\/fr\/banco-di-accumulo-unifilare\/#primaryimage\"},\"thumbnailUrl\":\"https:\/\/cdn.bbmpackaging.com\/wp-content\/uploads\/2022\/03\/foto-prodotto.jpg\",\"datePublished\":\"2022-03-30T14:58:03+00:00\",\"dateModified\":\"2026-02-24T15:25:53+00:00\",\"description\":\"Table d'accumulation unifilaire pour synchroniser le flux des produits et g\u00e9rer les ralentissements dans les lignes de production de mani\u00e8re efficace\",\"breadcrumb\":{\"@id\":\"https:\/\/www.bbmpackaging.com\/fr\/banco-di-accumulo-unifilare\/#breadcrumb\"},\"inLanguage\":\"fr-FR\",\"potentialAction\":[{\"@type\":\"ReadAction\",\"target\":[\"https:\/\/www.bbmpackaging.com\/fr\/banco-di-accumulo-unifilare\/\"]}]},{\"@type\":\"ImageObject\",\"inLanguage\":\"fr-FR\",\"@id\":\"https:\/\/www.bbmpackaging.com\/fr\/banco-di-accumulo-unifilare\/#primaryimage\",\"url\":\"https:\/\/cdn.bbmpackaging.com\/wp-content\/uploads\/2022\/03\/foto-prodotto.jpg\",\"contentUrl\":\"https:\/\/cdn.bbmpackaging.com\/wp-content\/uploads\/2022\/03\/foto-prodotto.jpg\",\"width\":1024,\"height\":768,\"caption\":\"Banco di accumulo BBM Service\"},{\"@type\":\"BreadcrumbList\",\"@id\":\"https:\/\/www.bbmpackaging.com\/fr\/banco-di-accumulo-unifilare\/#breadcrumb\",\"itemListElement\":[{\"@type\":\"ListItem\",\"position\":1,\"name\":\"Home\",\"item\":\"https:\/\/www.bbmpackaging.com\/fr\/\"},{\"@type\":\"ListItem\",\"position\":2,\"name\":\"Produits\",\"item\":\"https:\/\/www.bbmpackaging.com\/fr\/produits\/\"},{\"@type\":\"ListItem\",\"position\":3,\"name\":\"Neuf\",\"item\":\"https:\/\/www.bbmpackaging.com\/fr\/machines\/neuf\/\"},{\"@type\":\"ListItem\",\"position\":4,\"name\":\"Table d&#8217;accumulation mono-filaire dynamique\"}]},{\"@type\":\"WebSite\",\"@id\":\"https:\/\/www.bbmpackaging.com\/fr\/#website\",\"url\":\"https:\/\/www.bbmpackaging.com\/fr\/\",\"name\":\"BBM Packaging\",\"description\":\"Imbottigliamento: macchinari manutenzione e much more\",\"potentialAction\":[{\"@type\":\"SearchAction\",\"target\":{\"@type\":\"EntryPoint\",\"urlTemplate\":\"https:\/\/www.bbmpackaging.com\/fr\/?s={search_term_string}\"},\"query-input\":{\"@type\":\"PropertyValueSpecification\",\"valueRequired\":true,\"valueName\":\"search_term_string\"}}],\"inLanguage\":\"fr-FR\"}]}<\/script>\n<!-- \/ Yoast SEO plugin. -->","yoast_head_json":{"title":"Table d'accumulation unifilaire - BBM Packaging","description":"Table d'accumulation unifilaire pour synchroniser le flux des produits et g\u00e9rer les ralentissements dans les lignes de production de mani\u00e8re efficace","robots":{"index":"index","follow":"follow","max-snippet":"max-snippet:-1","max-image-preview":"max-image-preview:large","max-video-preview":"max-video-preview:-1"},"canonical":"https:\/\/www.bbmpackaging.com\/fr\/banco-di-accumulo-unifilare\/","og_locale":"fr_FR","og_type":"article","og_title":"Table d'accumulation unifilaire - BBM Packaging","og_description":"Table d'accumulation unifilaire pour synchroniser le flux des produits et g\u00e9rer les ralentissements dans les lignes de production de mani\u00e8re efficace","og_url":"https:\/\/www.bbmpackaging.com\/fr\/banco-di-accumulo-unifilare\/","og_site_name":"BBM Packaging","article_modified_time":"2026-02-24T15:25:53+00:00","og_image":[{"width":1024,"height":768,"url":"https:\/\/www.bbmpackaging.com\/wp-content\/uploads\/2022\/03\/foto-prodotto.jpg","type":"image\/jpeg"}],"twitter_card":"summary_large_image","twitter_misc":{"Dur\u00e9e de lecture estim\u00e9e":"1 minute"},"schema":{"@context":"https:\/\/schema.org","@graph":[{"@type":"WebPage","@id":"https:\/\/www.bbmpackaging.com\/fr\/banco-di-accumulo-unifilare\/","url":"https:\/\/www.bbmpackaging.com\/fr\/banco-di-accumulo-unifilare\/","name":"Table d'accumulation unifilaire - BBM Packaging","isPartOf":{"@id":"https:\/\/www.bbmpackaging.com\/fr\/#website"},"primaryImageOfPage":{"@id":"https:\/\/www.bbmpackaging.com\/fr\/banco-di-accumulo-unifilare\/#primaryimage"},"image":{"@id":"https:\/\/www.bbmpackaging.com\/fr\/banco-di-accumulo-unifilare\/#primaryimage"},"thumbnailUrl":"https:\/\/cdn.bbmpackaging.com\/wp-content\/uploads\/2022\/03\/foto-prodotto.jpg","datePublished":"2022-03-30T14:58:03+00:00","dateModified":"2026-02-24T15:25:53+00:00","description":"Table d'accumulation unifilaire pour synchroniser le flux des produits et g\u00e9rer les ralentissements dans les lignes de production de mani\u00e8re efficace","breadcrumb":{"@id":"https:\/\/www.bbmpackaging.com\/fr\/banco-di-accumulo-unifilare\/#breadcrumb"},"inLanguage":"fr-FR","potentialAction":[{"@type":"ReadAction","target":["https:\/\/www.bbmpackaging.com\/fr\/banco-di-accumulo-unifilare\/"]}]},{"@type":"ImageObject","inLanguage":"fr-FR","@id":"https:\/\/www.bbmpackaging.com\/fr\/banco-di-accumulo-unifilare\/#primaryimage","url":"https:\/\/cdn.bbmpackaging.com\/wp-content\/uploads\/2022\/03\/foto-prodotto.jpg","contentUrl":"https:\/\/cdn.bbmpackaging.com\/wp-content\/uploads\/2022\/03\/foto-prodotto.jpg","width":1024,"height":768,"caption":"Banco di accumulo BBM Service"},{"@type":"BreadcrumbList","@id":"https:\/\/www.bbmpackaging.com\/fr\/banco-di-accumulo-unifilare\/#breadcrumb","itemListElement":[{"@type":"ListItem","position":1,"name":"Home","item":"https:\/\/www.bbmpackaging.com\/fr\/"},{"@type":"ListItem","position":2,"name":"Produits","item":"https:\/\/www.bbmpackaging.com\/fr\/produits\/"},{"@type":"ListItem","position":3,"name":"Neuf","item":"https:\/\/www.bbmpackaging.com\/fr\/machines\/neuf\/"},{"@type":"ListItem","position":4,"name":"Table d&#8217;accumulation mono-filaire dynamique"}]},{"@type":"WebSite","@id":"https:\/\/www.bbmpackaging.com\/fr\/#website","url":"https:\/\/www.bbmpackaging.com\/fr\/","name":"BBM Packaging","description":"Imbottigliamento: macchinari manutenzione e much more","potentialAction":[{"@type":"SearchAction","target":{"@type":"EntryPoint","urlTemplate":"https:\/\/www.bbmpackaging.com\/fr\/?s={search_term_string}"},"query-input":{"@type":"PropertyValueSpecification","valueRequired":true,"valueName":"search_term_string"}}],"inLanguage":"fr-FR"}]}},"_links":{"self":[{"href":"https:\/\/www.bbmpackaging.com\/fr\/wp-json\/wp\/v2\/product\/28017","targetHints":{"allow":["GET"]}}],"collection":[{"href":"https:\/\/www.bbmpackaging.com\/fr\/wp-json\/wp\/v2\/product"}],"about":[{"href":"https:\/\/www.bbmpackaging.com\/fr\/wp-json\/wp\/v2\/types\/product"}],"replies":[{"embeddable":true,"href":"https:\/\/www.bbmpackaging.com\/fr\/wp-json\/wp\/v2\/comments?post=28017"}],"wp:featuredmedia":[{"embeddable":true,"href":"https:\/\/www.bbmpackaging.com\/fr\/wp-json\/wp\/v2\/media\/28008"}],"wp:attachment":[{"href":"https:\/\/www.bbmpackaging.com\/fr\/wp-json\/wp\/v2\/media?parent=28017"}],"wp:term":[{"taxonomy":"brand","embeddable":true,"href":"https:\/\/www.bbmpackaging.com\/fr\/wp-json\/wp\/v2\/brand?post=28017"},{"taxonomy":"product_brand","embeddable":true,"href":"https:\/\/www.bbmpackaging.com\/fr\/wp-json\/wp\/v2\/product_brand?post=28017"},{"taxonomy":"product_cat","embeddable":true,"href":"https:\/\/www.bbmpackaging.com\/fr\/wp-json\/wp\/v2\/product_cat?post=28017"},{"taxonomy":"product_tag","embeddable":true,"href":"https:\/\/www.bbmpackaging.com\/fr\/wp-json\/wp\/v2\/product_tag?post=28017"}],"curies":[{"name":"wp","href":"https:\/\/api.w.org\/{rel}","templated":true}]}}