{"id":29879,"date":"2022-07-13T14:39:55","date_gmt":"2022-07-13T12:39:55","guid":{"rendered":"https:\/\/www.bbmpackaging.com\/prodotto\/chiudicartoni-tecnomeccanica\/"},"modified":"2025-02-27T09:36:51","modified_gmt":"2025-02-27T08:36:51","slug":"chiudicartoni-tecnomeccanica","status":"publish","type":"product","link":"https:\/\/www.bbmpackaging.com\/fr\/machines\/autres-machines-occasion\/fermeuse-cartons-tecnomeccanica\/","title":{"rendered":"Colleuse de caisses Tecnomeccanica"},"content":{"rendered":"<p>Colleuse de caisses de fabricant Tecnomeccanica. Utilis\u00e9, retap\u00e9e \u00e0 neuf et garanti par BBM Service. Emballeur de carton am\u00e9ricain.<\/p>\n","protected":false},"excerpt":{"rendered":"<p>Colleuse de caisses d&rsquo;occasion, retap\u00e9e \u00e0 neuf et garantie<\/p>\n","protected":false},"featured_media":29864,"comment_status":"closed","ping_status":"closed","template":"","meta":{"_acf_changed":false},"brand":[7561],"product_brand":[],"product_cat":[1102,1106,1128],"product_tag":[2725],"class_list":{"0":"post-29879","1":"product","2":"type-product","3":"status-publish","4":"has-post-thumbnail","6":"brand-tecnomeccanica","7":"product_cat-machines","8":"product_cat-occasion","9":"product_cat-autres-machines-occasion","10":"product_tag-bottling-fr","12":"first","13":"instock","14":"shipping-taxable","15":"product-type-simple"},"acf":[],"yoast_head":"<!-- This site is optimized with the Yoast SEO plugin v27.2 - https:\/\/yoast.com\/product\/yoast-seo-wordpress\/ -->\n<title>Fermeuse de cartons Tecnomeccanica d&#039;occasion<\/title>\n<meta name=\"description\" content=\"D\u00e9couvrez le fermeuse de cartons Tecnomeccanica d&#039;occasion et r\u00e9vis\u00e9, id\u00e9al pour l&#039;emballage dans des cartons am\u00e9ricains. Garanti par BBM Service.\" \/>\n<meta name=\"robots\" content=\"index, follow, max-snippet:-1, max-image-preview:large, max-video-preview:-1\" \/>\n<link rel=\"canonical\" href=\"https:\/\/www.bbmpackaging.com\/fr\/machines\/autres-machines-occasion\/fermeuse-cartons-tecnomeccanica\/\" \/>\n<meta property=\"og:locale\" content=\"fr_FR\" \/>\n<meta property=\"og:type\" content=\"article\" \/>\n<meta property=\"og:title\" content=\"Fermeuse de cartons Tecnomeccanica d&#039;occasion\" \/>\n<meta property=\"og:description\" content=\"D\u00e9couvrez le fermeuse de cartons Tecnomeccanica d&#039;occasion et r\u00e9vis\u00e9, id\u00e9al pour l&#039;emballage dans des cartons am\u00e9ricains. Garanti par BBM Service.\" \/>\n<meta property=\"og:url\" content=\"https:\/\/www.bbmpackaging.com\/fr\/machines\/autres-machines-occasion\/fermeuse-cartons-tecnomeccanica\/\" \/>\n<meta property=\"og:site_name\" content=\"BBM Packaging\" \/>\n<meta property=\"article:modified_time\" content=\"2025-02-27T08:36:51+00:00\" \/>\n<meta property=\"og:image\" content=\"https:\/\/www.bbmpackaging.com\/wp-content\/uploads\/2022\/07\/foto-prodotto_chiudicartoni-tecnomeccanica.jpg\" \/>\n\t<meta property=\"og:image:width\" content=\"560\" \/>\n\t<meta property=\"og:image:height\" content=\"420\" \/>\n\t<meta property=\"og:image:type\" content=\"image\/jpeg\" \/>\n<meta name=\"twitter:card\" content=\"summary_large_image\" \/>\n<meta name=\"twitter:label1\" content=\"Dur\u00e9e de lecture estim\u00e9e\" \/>\n\t<meta name=\"twitter:data1\" content=\"1 minute\" \/>\n<script type=\"application\/ld+json\" class=\"yoast-schema-graph\">{\"@context\":\"https:\/\/schema.org\",\"@graph\":[{\"@type\":\"WebPage\",\"@id\":\"https:\/\/www.bbmpackaging.com\/fr\/machines\/autres-machines-occasion\/fermeuse-cartons-tecnomeccanica\/\",\"url\":\"https:\/\/www.bbmpackaging.com\/fr\/machines\/autres-machines-occasion\/fermeuse-cartons-tecnomeccanica\/\",\"name\":\"Fermeuse de cartons Tecnomeccanica d'occasion\",\"isPartOf\":{\"@id\":\"https:\/\/www.bbmpackaging.com\/fr\/#website\"},\"primaryImageOfPage\":{\"@id\":\"https:\/\/www.bbmpackaging.com\/fr\/machines\/autres-machines-occasion\/fermeuse-cartons-tecnomeccanica\/#primaryimage\"},\"image\":{\"@id\":\"https:\/\/www.bbmpackaging.com\/fr\/machines\/autres-machines-occasion\/fermeuse-cartons-tecnomeccanica\/#primaryimage\"},\"thumbnailUrl\":\"https:\/\/cdn.bbmpackaging.com\/wp-content\/uploads\/2022\/07\/foto-prodotto_chiudicartoni-tecnomeccanica.jpg\",\"datePublished\":\"2022-07-13T12:39:55+00:00\",\"dateModified\":\"2025-02-27T08:36:51+00:00\",\"description\":\"D\u00e9couvrez le fermeuse de cartons Tecnomeccanica d'occasion et r\u00e9vis\u00e9, id\u00e9al pour l'emballage dans des cartons am\u00e9ricains. Garanti par BBM Service.\",\"breadcrumb\":{\"@id\":\"https:\/\/www.bbmpackaging.com\/fr\/machines\/autres-machines-occasion\/fermeuse-cartons-tecnomeccanica\/#breadcrumb\"},\"inLanguage\":\"fr-FR\",\"potentialAction\":[{\"@type\":\"ReadAction\",\"target\":[\"https:\/\/www.bbmpackaging.com\/fr\/machines\/autres-machines-occasion\/fermeuse-cartons-tecnomeccanica\/\"]}]},{\"@type\":\"ImageObject\",\"inLanguage\":\"fr-FR\",\"@id\":\"https:\/\/www.bbmpackaging.com\/fr\/machines\/autres-machines-occasion\/fermeuse-cartons-tecnomeccanica\/#primaryimage\",\"url\":\"https:\/\/cdn.bbmpackaging.com\/wp-content\/uploads\/2022\/07\/foto-prodotto_chiudicartoni-tecnomeccanica.jpg\",\"contentUrl\":\"https:\/\/cdn.bbmpackaging.com\/wp-content\/uploads\/2022\/07\/foto-prodotto_chiudicartoni-tecnomeccanica.jpg\",\"width\":560,\"height\":420,\"caption\":\"chiudicartoni tecnomeccanica\"},{\"@type\":\"BreadcrumbList\",\"@id\":\"https:\/\/www.bbmpackaging.com\/fr\/machines\/autres-machines-occasion\/fermeuse-cartons-tecnomeccanica\/#breadcrumb\",\"itemListElement\":[{\"@type\":\"ListItem\",\"position\":1,\"name\":\"Home\",\"item\":\"https:\/\/www.bbmpackaging.com\/fr\/\"},{\"@type\":\"ListItem\",\"position\":2,\"name\":\"Produits\",\"item\":\"https:\/\/www.bbmpackaging.com\/fr\/produits\/\"},{\"@type\":\"ListItem\",\"position\":3,\"name\":\"Machines d\u2019occasion\",\"item\":\"https:\/\/www.bbmpackaging.com\/fr\/machines\/occasion\/\"},{\"@type\":\"ListItem\",\"position\":4,\"name\":\"Autres machines pour l\u2019embouteillage\",\"item\":\"https:\/\/www.bbmpackaging.com\/fr\/machines\/autres-machines-occasion\/\"},{\"@type\":\"ListItem\",\"position\":5,\"name\":\"Colleuse de caisses Tecnomeccanica\"}]},{\"@type\":\"WebSite\",\"@id\":\"https:\/\/www.bbmpackaging.com\/fr\/#website\",\"url\":\"https:\/\/www.bbmpackaging.com\/fr\/\",\"name\":\"BBM Packaging\",\"description\":\"Imbottigliamento: macchinari manutenzione e much more\",\"potentialAction\":[{\"@type\":\"SearchAction\",\"target\":{\"@type\":\"EntryPoint\",\"urlTemplate\":\"https:\/\/www.bbmpackaging.com\/fr\/?s={search_term_string}\"},\"query-input\":{\"@type\":\"PropertyValueSpecification\",\"valueRequired\":true,\"valueName\":\"search_term_string\"}}],\"inLanguage\":\"fr-FR\"}]}<\/script>\n<!-- \/ Yoast SEO plugin. -->","yoast_head_json":{"title":"Fermeuse de cartons Tecnomeccanica d'occasion","description":"D\u00e9couvrez le fermeuse de cartons Tecnomeccanica d'occasion et r\u00e9vis\u00e9, id\u00e9al pour l'emballage dans des cartons am\u00e9ricains. Garanti par BBM Service.","robots":{"index":"index","follow":"follow","max-snippet":"max-snippet:-1","max-image-preview":"max-image-preview:large","max-video-preview":"max-video-preview:-1"},"canonical":"https:\/\/www.bbmpackaging.com\/fr\/machines\/autres-machines-occasion\/fermeuse-cartons-tecnomeccanica\/","og_locale":"fr_FR","og_type":"article","og_title":"Fermeuse de cartons Tecnomeccanica d'occasion","og_description":"D\u00e9couvrez le fermeuse de cartons Tecnomeccanica d'occasion et r\u00e9vis\u00e9, id\u00e9al pour l'emballage dans des cartons am\u00e9ricains. Garanti par BBM Service.","og_url":"https:\/\/www.bbmpackaging.com\/fr\/machines\/autres-machines-occasion\/fermeuse-cartons-tecnomeccanica\/","og_site_name":"BBM Packaging","article_modified_time":"2025-02-27T08:36:51+00:00","og_image":[{"width":560,"height":420,"url":"https:\/\/www.bbmpackaging.com\/wp-content\/uploads\/2022\/07\/foto-prodotto_chiudicartoni-tecnomeccanica.jpg","type":"image\/jpeg"}],"twitter_card":"summary_large_image","twitter_misc":{"Dur\u00e9e de lecture estim\u00e9e":"1 minute"},"schema":{"@context":"https:\/\/schema.org","@graph":[{"@type":"WebPage","@id":"https:\/\/www.bbmpackaging.com\/fr\/machines\/autres-machines-occasion\/fermeuse-cartons-tecnomeccanica\/","url":"https:\/\/www.bbmpackaging.com\/fr\/machines\/autres-machines-occasion\/fermeuse-cartons-tecnomeccanica\/","name":"Fermeuse de cartons Tecnomeccanica d'occasion","isPartOf":{"@id":"https:\/\/www.bbmpackaging.com\/fr\/#website"},"primaryImageOfPage":{"@id":"https:\/\/www.bbmpackaging.com\/fr\/machines\/autres-machines-occasion\/fermeuse-cartons-tecnomeccanica\/#primaryimage"},"image":{"@id":"https:\/\/www.bbmpackaging.com\/fr\/machines\/autres-machines-occasion\/fermeuse-cartons-tecnomeccanica\/#primaryimage"},"thumbnailUrl":"https:\/\/cdn.bbmpackaging.com\/wp-content\/uploads\/2022\/07\/foto-prodotto_chiudicartoni-tecnomeccanica.jpg","datePublished":"2022-07-13T12:39:55+00:00","dateModified":"2025-02-27T08:36:51+00:00","description":"D\u00e9couvrez le fermeuse de cartons Tecnomeccanica d'occasion et r\u00e9vis\u00e9, id\u00e9al pour l'emballage dans des cartons am\u00e9ricains. Garanti par BBM Service.","breadcrumb":{"@id":"https:\/\/www.bbmpackaging.com\/fr\/machines\/autres-machines-occasion\/fermeuse-cartons-tecnomeccanica\/#breadcrumb"},"inLanguage":"fr-FR","potentialAction":[{"@type":"ReadAction","target":["https:\/\/www.bbmpackaging.com\/fr\/machines\/autres-machines-occasion\/fermeuse-cartons-tecnomeccanica\/"]}]},{"@type":"ImageObject","inLanguage":"fr-FR","@id":"https:\/\/www.bbmpackaging.com\/fr\/machines\/autres-machines-occasion\/fermeuse-cartons-tecnomeccanica\/#primaryimage","url":"https:\/\/cdn.bbmpackaging.com\/wp-content\/uploads\/2022\/07\/foto-prodotto_chiudicartoni-tecnomeccanica.jpg","contentUrl":"https:\/\/cdn.bbmpackaging.com\/wp-content\/uploads\/2022\/07\/foto-prodotto_chiudicartoni-tecnomeccanica.jpg","width":560,"height":420,"caption":"chiudicartoni tecnomeccanica"},{"@type":"BreadcrumbList","@id":"https:\/\/www.bbmpackaging.com\/fr\/machines\/autres-machines-occasion\/fermeuse-cartons-tecnomeccanica\/#breadcrumb","itemListElement":[{"@type":"ListItem","position":1,"name":"Home","item":"https:\/\/www.bbmpackaging.com\/fr\/"},{"@type":"ListItem","position":2,"name":"Produits","item":"https:\/\/www.bbmpackaging.com\/fr\/produits\/"},{"@type":"ListItem","position":3,"name":"Machines d\u2019occasion","item":"https:\/\/www.bbmpackaging.com\/fr\/machines\/occasion\/"},{"@type":"ListItem","position":4,"name":"Autres machines pour l\u2019embouteillage","item":"https:\/\/www.bbmpackaging.com\/fr\/machines\/autres-machines-occasion\/"},{"@type":"ListItem","position":5,"name":"Colleuse de caisses Tecnomeccanica"}]},{"@type":"WebSite","@id":"https:\/\/www.bbmpackaging.com\/fr\/#website","url":"https:\/\/www.bbmpackaging.com\/fr\/","name":"BBM Packaging","description":"Imbottigliamento: macchinari manutenzione e much more","potentialAction":[{"@type":"SearchAction","target":{"@type":"EntryPoint","urlTemplate":"https:\/\/www.bbmpackaging.com\/fr\/?s={search_term_string}"},"query-input":{"@type":"PropertyValueSpecification","valueRequired":true,"valueName":"search_term_string"}}],"inLanguage":"fr-FR"}]}},"_links":{"self":[{"href":"https:\/\/www.bbmpackaging.com\/fr\/wp-json\/wp\/v2\/product\/29879","targetHints":{"allow":["GET"]}}],"collection":[{"href":"https:\/\/www.bbmpackaging.com\/fr\/wp-json\/wp\/v2\/product"}],"about":[{"href":"https:\/\/www.bbmpackaging.com\/fr\/wp-json\/wp\/v2\/types\/product"}],"replies":[{"embeddable":true,"href":"https:\/\/www.bbmpackaging.com\/fr\/wp-json\/wp\/v2\/comments?post=29879"}],"wp:featuredmedia":[{"embeddable":true,"href":"https:\/\/www.bbmpackaging.com\/fr\/wp-json\/wp\/v2\/media\/29864"}],"wp:attachment":[{"href":"https:\/\/www.bbmpackaging.com\/fr\/wp-json\/wp\/v2\/media?parent=29879"}],"wp:term":[{"taxonomy":"brand","embeddable":true,"href":"https:\/\/www.bbmpackaging.com\/fr\/wp-json\/wp\/v2\/brand?post=29879"},{"taxonomy":"product_brand","embeddable":true,"href":"https:\/\/www.bbmpackaging.com\/fr\/wp-json\/wp\/v2\/product_brand?post=29879"},{"taxonomy":"product_cat","embeddable":true,"href":"https:\/\/www.bbmpackaging.com\/fr\/wp-json\/wp\/v2\/product_cat?post=29879"},{"taxonomy":"product_tag","embeddable":true,"href":"https:\/\/www.bbmpackaging.com\/fr\/wp-json\/wp\/v2\/product_tag?post=29879"}],"curies":[{"name":"wp","href":"https:\/\/api.w.org\/{rel}","templated":true}]}}