{"id":29939,"date":"2022-07-13T15:45:41","date_gmt":"2022-07-13T13:45:41","guid":{"rendered":"https:\/\/www.bbmpackaging.com\/prodotto\/elevatore-tappi\/"},"modified":"2025-04-24T15:16:15","modified_gmt":"2025-04-24T13:16:15","slug":"elevatore-tappi","status":"publish","type":"product","link":"https:\/\/www.bbmpackaging.com\/fr\/machines\/capsuleuses-occasion\/elevateur-bouchons\/","title":{"rendered":"Elevateur bouchons"},"content":{"rendered":"<p>Elevateur bouchons Gassner, mod\u00e8le Basement BM2, 2015. Capacit\u00e9 nominale jusqu&rsquo;\u00e0 40 000 bph. Id\u00e9al pour les bouchons en plastique.<\/p>\n","protected":false},"excerpt":{"rendered":"<p>Elevateur bouchons Gassner d&rsquo;occasion, r\u00e9vis\u00e9 et garanti par BBM Service<\/p>\n","protected":false},"featured_media":29907,"comment_status":"closed","ping_status":"closed","template":"","meta":{"_acf_changed":false},"brand":[7537],"product_brand":[],"product_cat":[1102,4448,1106],"product_tag":[],"class_list":{"0":"post-29939","1":"product","2":"type-product","3":"status-publish","4":"has-post-thumbnail","6":"brand-gassner","7":"product_cat-machines","8":"product_cat-capsuleuses-occasion","9":"product_cat-occasion","11":"first","12":"instock","13":"shipping-taxable","14":"product-type-simple"},"acf":[],"yoast_head":"<!-- This site is optimized with the Yoast SEO plugin v27.2 - https:\/\/yoast.com\/product\/yoast-seo-wordpress\/ -->\n<title>\u00c9l\u00e9vateur de bouchons - BBM Packaging<\/title>\n<meta name=\"description\" content=\"D\u00e9couvrez l&#039;\u00e9levateur \u00e0 bouchons Gassner d&#039;occasion, r\u00e9vis\u00e9 et garanti. D\u00e9couvrez la machine sur notre site.\" \/>\n<meta name=\"robots\" content=\"index, follow, max-snippet:-1, max-image-preview:large, max-video-preview:-1\" \/>\n<link rel=\"canonical\" href=\"https:\/\/www.bbmpackaging.com\/fr\/machines\/capsuleuses-occasion\/elevateur-bouchons\/\" \/>\n<meta property=\"og:locale\" content=\"fr_FR\" \/>\n<meta property=\"og:type\" content=\"article\" \/>\n<meta property=\"og:title\" content=\"\u00c9l\u00e9vateur de bouchons - BBM Packaging\" \/>\n<meta property=\"og:description\" content=\"D\u00e9couvrez l&#039;\u00e9levateur \u00e0 bouchons Gassner d&#039;occasion, r\u00e9vis\u00e9 et garanti. D\u00e9couvrez la machine sur notre site.\" \/>\n<meta property=\"og:url\" content=\"https:\/\/www.bbmpackaging.com\/fr\/machines\/capsuleuses-occasion\/elevateur-bouchons\/\" \/>\n<meta property=\"og:site_name\" content=\"BBM Packaging\" \/>\n<meta property=\"article:modified_time\" content=\"2025-04-24T13:16:15+00:00\" \/>\n<meta property=\"og:image\" content=\"https:\/\/cdn.bbmpackaging.com\/wp-content\/uploads\/2022\/07\/foto-prodotto_elevatore-tappi.jpg\" \/>\n\t<meta property=\"og:image:width\" content=\"560\" \/>\n\t<meta property=\"og:image:height\" content=\"420\" \/>\n\t<meta property=\"og:image:type\" content=\"image\/jpeg\" \/>\n<meta name=\"twitter:card\" content=\"summary_large_image\" \/>\n<meta name=\"twitter:label1\" content=\"Dur\u00e9e de lecture estim\u00e9e\" \/>\n\t<meta name=\"twitter:data1\" content=\"1 minute\" \/>\n<script type=\"application\/ld+json\" class=\"yoast-schema-graph\">{\"@context\":\"https:\/\/schema.org\",\"@graph\":[{\"@type\":\"WebPage\",\"@id\":\"https:\/\/www.bbmpackaging.com\/fr\/machines\/capsuleuses-occasion\/elevateur-bouchons\/\",\"url\":\"https:\/\/www.bbmpackaging.com\/fr\/machines\/capsuleuses-occasion\/elevateur-bouchons\/\",\"name\":\"\u00c9l\u00e9vateur de bouchons - BBM Packaging\",\"isPartOf\":{\"@id\":\"https:\/\/www.bbmpackaging.com\/fr\/#website\"},\"primaryImageOfPage\":{\"@id\":\"https:\/\/www.bbmpackaging.com\/fr\/machines\/capsuleuses-occasion\/elevateur-bouchons\/#primaryimage\"},\"image\":{\"@id\":\"https:\/\/www.bbmpackaging.com\/fr\/machines\/capsuleuses-occasion\/elevateur-bouchons\/#primaryimage\"},\"thumbnailUrl\":\"https:\/\/cdn.bbmpackaging.com\/wp-content\/uploads\/2022\/07\/foto-prodotto_elevatore-tappi.jpg\",\"datePublished\":\"2022-07-13T13:45:41+00:00\",\"dateModified\":\"2025-04-24T13:16:15+00:00\",\"description\":\"D\u00e9couvrez l'\u00e9levateur \u00e0 bouchons Gassner d'occasion, r\u00e9vis\u00e9 et garanti. D\u00e9couvrez la machine sur notre site.\",\"breadcrumb\":{\"@id\":\"https:\/\/www.bbmpackaging.com\/fr\/machines\/capsuleuses-occasion\/elevateur-bouchons\/#breadcrumb\"},\"inLanguage\":\"fr-FR\",\"potentialAction\":[{\"@type\":\"ReadAction\",\"target\":[\"https:\/\/www.bbmpackaging.com\/fr\/machines\/capsuleuses-occasion\/elevateur-bouchons\/\"]}]},{\"@type\":\"ImageObject\",\"inLanguage\":\"fr-FR\",\"@id\":\"https:\/\/www.bbmpackaging.com\/fr\/machines\/capsuleuses-occasion\/elevateur-bouchons\/#primaryimage\",\"url\":\"https:\/\/cdn.bbmpackaging.com\/wp-content\/uploads\/2022\/07\/foto-prodotto_elevatore-tappi.jpg\",\"contentUrl\":\"https:\/\/cdn.bbmpackaging.com\/wp-content\/uploads\/2022\/07\/foto-prodotto_elevatore-tappi.jpg\",\"width\":560,\"height\":420,\"caption\":\"elevatore tappi\"},{\"@type\":\"BreadcrumbList\",\"@id\":\"https:\/\/www.bbmpackaging.com\/fr\/machines\/capsuleuses-occasion\/elevateur-bouchons\/#breadcrumb\",\"itemListElement\":[{\"@type\":\"ListItem\",\"position\":1,\"name\":\"Home\",\"item\":\"https:\/\/www.bbmpackaging.com\/fr\/\"},{\"@type\":\"ListItem\",\"position\":2,\"name\":\"Produits\",\"item\":\"https:\/\/www.bbmpackaging.com\/fr\/produits\/\"},{\"@type\":\"ListItem\",\"position\":3,\"name\":\"Machines d\u2019occasion\",\"item\":\"https:\/\/www.bbmpackaging.com\/fr\/machines\/occasion\/\"},{\"@type\":\"ListItem\",\"position\":4,\"name\":\"Capsuleuses\",\"item\":\"https:\/\/www.bbmpackaging.com\/fr\/machines\/capsuleuses-occasion\/\"},{\"@type\":\"ListItem\",\"position\":5,\"name\":\"Elevateur bouchons\"}]},{\"@type\":\"WebSite\",\"@id\":\"https:\/\/www.bbmpackaging.com\/fr\/#website\",\"url\":\"https:\/\/www.bbmpackaging.com\/fr\/\",\"name\":\"BBM Packaging\",\"description\":\"Imbottigliamento: macchinari manutenzione e much more\",\"potentialAction\":[{\"@type\":\"SearchAction\",\"target\":{\"@type\":\"EntryPoint\",\"urlTemplate\":\"https:\/\/www.bbmpackaging.com\/fr\/?s={search_term_string}\"},\"query-input\":{\"@type\":\"PropertyValueSpecification\",\"valueRequired\":true,\"valueName\":\"search_term_string\"}}],\"inLanguage\":\"fr-FR\"}]}<\/script>\n<!-- \/ Yoast SEO plugin. -->","yoast_head_json":{"title":"\u00c9l\u00e9vateur de bouchons - BBM Packaging","description":"D\u00e9couvrez l'\u00e9levateur \u00e0 bouchons Gassner d'occasion, r\u00e9vis\u00e9 et garanti. D\u00e9couvrez la machine sur notre site.","robots":{"index":"index","follow":"follow","max-snippet":"max-snippet:-1","max-image-preview":"max-image-preview:large","max-video-preview":"max-video-preview:-1"},"canonical":"https:\/\/www.bbmpackaging.com\/fr\/machines\/capsuleuses-occasion\/elevateur-bouchons\/","og_locale":"fr_FR","og_type":"article","og_title":"\u00c9l\u00e9vateur de bouchons - BBM Packaging","og_description":"D\u00e9couvrez l'\u00e9levateur \u00e0 bouchons Gassner d'occasion, r\u00e9vis\u00e9 et garanti. D\u00e9couvrez la machine sur notre site.","og_url":"https:\/\/www.bbmpackaging.com\/fr\/machines\/capsuleuses-occasion\/elevateur-bouchons\/","og_site_name":"BBM Packaging","article_modified_time":"2025-04-24T13:16:15+00:00","og_image":[{"width":560,"height":420,"url":"https:\/\/cdn.bbmpackaging.com\/wp-content\/uploads\/2022\/07\/foto-prodotto_elevatore-tappi.jpg","type":"image\/jpeg"}],"twitter_card":"summary_large_image","twitter_misc":{"Dur\u00e9e de lecture estim\u00e9e":"1 minute"},"schema":{"@context":"https:\/\/schema.org","@graph":[{"@type":"WebPage","@id":"https:\/\/www.bbmpackaging.com\/fr\/machines\/capsuleuses-occasion\/elevateur-bouchons\/","url":"https:\/\/www.bbmpackaging.com\/fr\/machines\/capsuleuses-occasion\/elevateur-bouchons\/","name":"\u00c9l\u00e9vateur de bouchons - BBM Packaging","isPartOf":{"@id":"https:\/\/www.bbmpackaging.com\/fr\/#website"},"primaryImageOfPage":{"@id":"https:\/\/www.bbmpackaging.com\/fr\/machines\/capsuleuses-occasion\/elevateur-bouchons\/#primaryimage"},"image":{"@id":"https:\/\/www.bbmpackaging.com\/fr\/machines\/capsuleuses-occasion\/elevateur-bouchons\/#primaryimage"},"thumbnailUrl":"https:\/\/cdn.bbmpackaging.com\/wp-content\/uploads\/2022\/07\/foto-prodotto_elevatore-tappi.jpg","datePublished":"2022-07-13T13:45:41+00:00","dateModified":"2025-04-24T13:16:15+00:00","description":"D\u00e9couvrez l'\u00e9levateur \u00e0 bouchons Gassner d'occasion, r\u00e9vis\u00e9 et garanti. D\u00e9couvrez la machine sur notre site.","breadcrumb":{"@id":"https:\/\/www.bbmpackaging.com\/fr\/machines\/capsuleuses-occasion\/elevateur-bouchons\/#breadcrumb"},"inLanguage":"fr-FR","potentialAction":[{"@type":"ReadAction","target":["https:\/\/www.bbmpackaging.com\/fr\/machines\/capsuleuses-occasion\/elevateur-bouchons\/"]}]},{"@type":"ImageObject","inLanguage":"fr-FR","@id":"https:\/\/www.bbmpackaging.com\/fr\/machines\/capsuleuses-occasion\/elevateur-bouchons\/#primaryimage","url":"https:\/\/cdn.bbmpackaging.com\/wp-content\/uploads\/2022\/07\/foto-prodotto_elevatore-tappi.jpg","contentUrl":"https:\/\/cdn.bbmpackaging.com\/wp-content\/uploads\/2022\/07\/foto-prodotto_elevatore-tappi.jpg","width":560,"height":420,"caption":"elevatore tappi"},{"@type":"BreadcrumbList","@id":"https:\/\/www.bbmpackaging.com\/fr\/machines\/capsuleuses-occasion\/elevateur-bouchons\/#breadcrumb","itemListElement":[{"@type":"ListItem","position":1,"name":"Home","item":"https:\/\/www.bbmpackaging.com\/fr\/"},{"@type":"ListItem","position":2,"name":"Produits","item":"https:\/\/www.bbmpackaging.com\/fr\/produits\/"},{"@type":"ListItem","position":3,"name":"Machines d\u2019occasion","item":"https:\/\/www.bbmpackaging.com\/fr\/machines\/occasion\/"},{"@type":"ListItem","position":4,"name":"Capsuleuses","item":"https:\/\/www.bbmpackaging.com\/fr\/machines\/capsuleuses-occasion\/"},{"@type":"ListItem","position":5,"name":"Elevateur bouchons"}]},{"@type":"WebSite","@id":"https:\/\/www.bbmpackaging.com\/fr\/#website","url":"https:\/\/www.bbmpackaging.com\/fr\/","name":"BBM Packaging","description":"Imbottigliamento: macchinari manutenzione e much more","potentialAction":[{"@type":"SearchAction","target":{"@type":"EntryPoint","urlTemplate":"https:\/\/www.bbmpackaging.com\/fr\/?s={search_term_string}"},"query-input":{"@type":"PropertyValueSpecification","valueRequired":true,"valueName":"search_term_string"}}],"inLanguage":"fr-FR"}]}},"_links":{"self":[{"href":"https:\/\/www.bbmpackaging.com\/fr\/wp-json\/wp\/v2\/product\/29939","targetHints":{"allow":["GET"]}}],"collection":[{"href":"https:\/\/www.bbmpackaging.com\/fr\/wp-json\/wp\/v2\/product"}],"about":[{"href":"https:\/\/www.bbmpackaging.com\/fr\/wp-json\/wp\/v2\/types\/product"}],"replies":[{"embeddable":true,"href":"https:\/\/www.bbmpackaging.com\/fr\/wp-json\/wp\/v2\/comments?post=29939"}],"wp:featuredmedia":[{"embeddable":true,"href":"https:\/\/www.bbmpackaging.com\/fr\/wp-json\/wp\/v2\/media\/29907"}],"wp:attachment":[{"href":"https:\/\/www.bbmpackaging.com\/fr\/wp-json\/wp\/v2\/media?parent=29939"}],"wp:term":[{"taxonomy":"brand","embeddable":true,"href":"https:\/\/www.bbmpackaging.com\/fr\/wp-json\/wp\/v2\/brand?post=29939"},{"taxonomy":"product_brand","embeddable":true,"href":"https:\/\/www.bbmpackaging.com\/fr\/wp-json\/wp\/v2\/product_brand?post=29939"},{"taxonomy":"product_cat","embeddable":true,"href":"https:\/\/www.bbmpackaging.com\/fr\/wp-json\/wp\/v2\/product_cat?post=29939"},{"taxonomy":"product_tag","embeddable":true,"href":"https:\/\/www.bbmpackaging.com\/fr\/wp-json\/wp\/v2\/product_tag?post=29939"}],"curies":[{"name":"wp","href":"https:\/\/api.w.org\/{rel}","templated":true}]}}