{"id":31542,"date":"2022-11-30T11:39:30","date_gmt":"2022-11-30T10:39:30","guid":{"rendered":"https:\/\/www.bbmpackaging.com\/?post_type=product&#038;p=31542"},"modified":"2026-03-04T12:05:43","modified_gmt":"2026-03-04T11:05:43","slug":"pallettizzatore-berchi-modulo-rpt-f-l","status":"publish","type":"product","link":"https:\/\/www.bbmpackaging.com\/fr\/machines\/palettiseurs-occasion\/palettiseur-berchi-modulo-rpt-f-l\/","title":{"rendered":"BERCHI Module palettiseur RPT F\/L"},"content":{"rendered":"<p>Palettiseur BERCHI, mod\u00e8le Modulo RPT F\/L, usag\u00e9, r\u00e9vis\u00e9 et garanti.<\/p>\n","protected":false},"excerpt":{"rendered":"<p>Le palettiseur BERCHI a une vitesse de 30 ppm, fonctionne avec des palettes de 1200 x 800 cm et est \u00e9quip\u00e9 d&rsquo;un positionner automatique des intercalaires. Disponible avec un syst\u00e8me de chargement automatique de la colle. La vitesse indiqu\u00e9e en bouteilles par heure fait r\u00e9f\u00e9rence au format standard de 1500 ml en conditionnement 3&#215;2.<\/p>\n","protected":false},"featured_media":31495,"comment_status":"closed","ping_status":"closed","template":"","meta":{"_acf_changed":false},"brand":[7476],"product_brand":[],"product_cat":[1102,1126],"product_tag":[2725,3323,3442],"class_list":{"0":"post-31542","1":"product","2":"type-product","3":"status-publish","4":"has-post-thumbnail","6":"brand-berchi","7":"product_cat-machines","8":"product_cat-palettiseurs-occasion","9":"product_tag-bottling-fr","10":"product_tag-pallett-fr","11":"product_tag-palletizer-fr","13":"first","14":"instock","15":"shipping-taxable","16":"product-type-simple"},"acf":[],"yoast_head":"<!-- This site is optimized with the Yoast SEO plugin v27.2 - https:\/\/yoast.com\/product\/yoast-seo-wordpress\/ -->\n<title>Palettiseur BERCHI Modulo RPT F\/L d&#039;occasion - BBM Packaging<\/title>\n<meta name=\"description\" content=\"D\u00e9couvrez le palettiseur BERCHI Modulo RPT F\/L d&#039;occasion avec poseur de carton automatique et syst\u00e8me de chargement \u00e0 colle. Visible chez BBM Packaging.\" \/>\n<meta name=\"robots\" content=\"index, follow, max-snippet:-1, max-image-preview:large, max-video-preview:-1\" \/>\n<link rel=\"canonical\" href=\"https:\/\/www.bbmpackaging.com\/fr\/machines\/palettiseurs-occasion\/palettiseur-berchi-modulo-rpt-f-l\/\" \/>\n<meta property=\"og:locale\" content=\"fr_FR\" \/>\n<meta property=\"og:type\" content=\"article\" \/>\n<meta property=\"og:title\" content=\"Palettiseur BERCHI Modulo RPT F\/L d&#039;occasion - BBM Packaging\" \/>\n<meta property=\"og:description\" content=\"D\u00e9couvrez le palettiseur BERCHI Modulo RPT F\/L d&#039;occasion avec poseur de carton automatique et syst\u00e8me de chargement \u00e0 colle. Visible chez BBM Packaging.\" \/>\n<meta property=\"og:url\" content=\"https:\/\/www.bbmpackaging.com\/fr\/machines\/palettiseurs-occasion\/palettiseur-berchi-modulo-rpt-f-l\/\" \/>\n<meta property=\"og:site_name\" content=\"BBM Packaging\" \/>\n<meta property=\"article:modified_time\" content=\"2026-03-04T11:05:43+00:00\" \/>\n<meta property=\"og:image\" content=\"https:\/\/www.bbmpackaging.com\/wp-content\/uploads\/2022\/11\/Pallettizzatore-Berchi_immagine-prodotto.jpg\" \/>\n\t<meta property=\"og:image:width\" content=\"560\" \/>\n\t<meta property=\"og:image:height\" content=\"420\" \/>\n\t<meta property=\"og:image:type\" content=\"image\/jpeg\" \/>\n<meta name=\"twitter:card\" content=\"summary_large_image\" \/>\n<meta name=\"twitter:label1\" content=\"Dur\u00e9e de lecture estim\u00e9e\" \/>\n\t<meta name=\"twitter:data1\" content=\"1 minute\" \/>\n<script type=\"application\/ld+json\" class=\"yoast-schema-graph\">{\"@context\":\"https:\/\/schema.org\",\"@graph\":[{\"@type\":\"WebPage\",\"@id\":\"https:\/\/www.bbmpackaging.com\/fr\/machines\/palettiseurs-occasion\/palettiseur-berchi-modulo-rpt-f-l\/\",\"url\":\"https:\/\/www.bbmpackaging.com\/fr\/machines\/palettiseurs-occasion\/palettiseur-berchi-modulo-rpt-f-l\/\",\"name\":\"Palettiseur BERCHI Modulo RPT F\/L d'occasion - BBM Packaging\",\"isPartOf\":{\"@id\":\"https:\/\/www.bbmpackaging.com\/fr\/#website\"},\"primaryImageOfPage\":{\"@id\":\"https:\/\/www.bbmpackaging.com\/fr\/machines\/palettiseurs-occasion\/palettiseur-berchi-modulo-rpt-f-l\/#primaryimage\"},\"image\":{\"@id\":\"https:\/\/www.bbmpackaging.com\/fr\/machines\/palettiseurs-occasion\/palettiseur-berchi-modulo-rpt-f-l\/#primaryimage\"},\"thumbnailUrl\":\"https:\/\/cdn.bbmpackaging.com\/wp-content\/uploads\/2022\/11\/Pallettizzatore-Berchi_immagine-prodotto.jpg\",\"datePublished\":\"2022-11-30T10:39:30+00:00\",\"dateModified\":\"2026-03-04T11:05:43+00:00\",\"description\":\"D\u00e9couvrez le palettiseur BERCHI Modulo RPT F\/L d'occasion avec poseur de carton automatique et syst\u00e8me de chargement \u00e0 colle. Visible chez BBM Packaging.\",\"breadcrumb\":{\"@id\":\"https:\/\/www.bbmpackaging.com\/fr\/machines\/palettiseurs-occasion\/palettiseur-berchi-modulo-rpt-f-l\/#breadcrumb\"},\"inLanguage\":\"fr-FR\",\"potentialAction\":[{\"@type\":\"ReadAction\",\"target\":[\"https:\/\/www.bbmpackaging.com\/fr\/machines\/palettiseurs-occasion\/palettiseur-berchi-modulo-rpt-f-l\/\"]}]},{\"@type\":\"ImageObject\",\"inLanguage\":\"fr-FR\",\"@id\":\"https:\/\/www.bbmpackaging.com\/fr\/machines\/palettiseurs-occasion\/palettiseur-berchi-modulo-rpt-f-l\/#primaryimage\",\"url\":\"https:\/\/cdn.bbmpackaging.com\/wp-content\/uploads\/2022\/11\/Pallettizzatore-Berchi_immagine-prodotto.jpg\",\"contentUrl\":\"https:\/\/cdn.bbmpackaging.com\/wp-content\/uploads\/2022\/11\/Pallettizzatore-Berchi_immagine-prodotto.jpg\",\"width\":560,\"height\":420,\"caption\":\"Pallettizzatore Berchi_\"},{\"@type\":\"BreadcrumbList\",\"@id\":\"https:\/\/www.bbmpackaging.com\/fr\/machines\/palettiseurs-occasion\/palettiseur-berchi-modulo-rpt-f-l\/#breadcrumb\",\"itemListElement\":[{\"@type\":\"ListItem\",\"position\":1,\"name\":\"Home\",\"item\":\"https:\/\/www.bbmpackaging.com\/fr\/\"},{\"@type\":\"ListItem\",\"position\":2,\"name\":\"Produits\",\"item\":\"https:\/\/www.bbmpackaging.com\/fr\/produits\/\"},{\"@type\":\"ListItem\",\"position\":3,\"name\":\"Machines d\u2019occasion\",\"item\":\"https:\/\/www.bbmpackaging.com\/fr\/machines\/occasion\/\"},{\"@type\":\"ListItem\",\"position\":4,\"name\":\"Palettiseurs\",\"item\":\"https:\/\/www.bbmpackaging.com\/fr\/machines\/palettiseurs-occasion\/\"},{\"@type\":\"ListItem\",\"position\":5,\"name\":\"BERCHI Module palettiseur RPT F\/L\"}]},{\"@type\":\"WebSite\",\"@id\":\"https:\/\/www.bbmpackaging.com\/fr\/#website\",\"url\":\"https:\/\/www.bbmpackaging.com\/fr\/\",\"name\":\"BBM Packaging\",\"description\":\"Imbottigliamento: macchinari manutenzione e much more\",\"potentialAction\":[{\"@type\":\"SearchAction\",\"target\":{\"@type\":\"EntryPoint\",\"urlTemplate\":\"https:\/\/www.bbmpackaging.com\/fr\/?s={search_term_string}\"},\"query-input\":{\"@type\":\"PropertyValueSpecification\",\"valueRequired\":true,\"valueName\":\"search_term_string\"}}],\"inLanguage\":\"fr-FR\"}]}<\/script>\n<!-- \/ Yoast SEO plugin. -->","yoast_head_json":{"title":"Palettiseur BERCHI Modulo RPT F\/L d'occasion - BBM Packaging","description":"D\u00e9couvrez le palettiseur BERCHI Modulo RPT F\/L d'occasion avec poseur de carton automatique et syst\u00e8me de chargement \u00e0 colle. Visible chez BBM Packaging.","robots":{"index":"index","follow":"follow","max-snippet":"max-snippet:-1","max-image-preview":"max-image-preview:large","max-video-preview":"max-video-preview:-1"},"canonical":"https:\/\/www.bbmpackaging.com\/fr\/machines\/palettiseurs-occasion\/palettiseur-berchi-modulo-rpt-f-l\/","og_locale":"fr_FR","og_type":"article","og_title":"Palettiseur BERCHI Modulo RPT F\/L d'occasion - BBM Packaging","og_description":"D\u00e9couvrez le palettiseur BERCHI Modulo RPT F\/L d'occasion avec poseur de carton automatique et syst\u00e8me de chargement \u00e0 colle. Visible chez BBM Packaging.","og_url":"https:\/\/www.bbmpackaging.com\/fr\/machines\/palettiseurs-occasion\/palettiseur-berchi-modulo-rpt-f-l\/","og_site_name":"BBM Packaging","article_modified_time":"2026-03-04T11:05:43+00:00","og_image":[{"width":560,"height":420,"url":"https:\/\/www.bbmpackaging.com\/wp-content\/uploads\/2022\/11\/Pallettizzatore-Berchi_immagine-prodotto.jpg","type":"image\/jpeg"}],"twitter_card":"summary_large_image","twitter_misc":{"Dur\u00e9e de lecture estim\u00e9e":"1 minute"},"schema":{"@context":"https:\/\/schema.org","@graph":[{"@type":"WebPage","@id":"https:\/\/www.bbmpackaging.com\/fr\/machines\/palettiseurs-occasion\/palettiseur-berchi-modulo-rpt-f-l\/","url":"https:\/\/www.bbmpackaging.com\/fr\/machines\/palettiseurs-occasion\/palettiseur-berchi-modulo-rpt-f-l\/","name":"Palettiseur BERCHI Modulo RPT F\/L d'occasion - BBM Packaging","isPartOf":{"@id":"https:\/\/www.bbmpackaging.com\/fr\/#website"},"primaryImageOfPage":{"@id":"https:\/\/www.bbmpackaging.com\/fr\/machines\/palettiseurs-occasion\/palettiseur-berchi-modulo-rpt-f-l\/#primaryimage"},"image":{"@id":"https:\/\/www.bbmpackaging.com\/fr\/machines\/palettiseurs-occasion\/palettiseur-berchi-modulo-rpt-f-l\/#primaryimage"},"thumbnailUrl":"https:\/\/cdn.bbmpackaging.com\/wp-content\/uploads\/2022\/11\/Pallettizzatore-Berchi_immagine-prodotto.jpg","datePublished":"2022-11-30T10:39:30+00:00","dateModified":"2026-03-04T11:05:43+00:00","description":"D\u00e9couvrez le palettiseur BERCHI Modulo RPT F\/L d'occasion avec poseur de carton automatique et syst\u00e8me de chargement \u00e0 colle. Visible chez BBM Packaging.","breadcrumb":{"@id":"https:\/\/www.bbmpackaging.com\/fr\/machines\/palettiseurs-occasion\/palettiseur-berchi-modulo-rpt-f-l\/#breadcrumb"},"inLanguage":"fr-FR","potentialAction":[{"@type":"ReadAction","target":["https:\/\/www.bbmpackaging.com\/fr\/machines\/palettiseurs-occasion\/palettiseur-berchi-modulo-rpt-f-l\/"]}]},{"@type":"ImageObject","inLanguage":"fr-FR","@id":"https:\/\/www.bbmpackaging.com\/fr\/machines\/palettiseurs-occasion\/palettiseur-berchi-modulo-rpt-f-l\/#primaryimage","url":"https:\/\/cdn.bbmpackaging.com\/wp-content\/uploads\/2022\/11\/Pallettizzatore-Berchi_immagine-prodotto.jpg","contentUrl":"https:\/\/cdn.bbmpackaging.com\/wp-content\/uploads\/2022\/11\/Pallettizzatore-Berchi_immagine-prodotto.jpg","width":560,"height":420,"caption":"Pallettizzatore Berchi_"},{"@type":"BreadcrumbList","@id":"https:\/\/www.bbmpackaging.com\/fr\/machines\/palettiseurs-occasion\/palettiseur-berchi-modulo-rpt-f-l\/#breadcrumb","itemListElement":[{"@type":"ListItem","position":1,"name":"Home","item":"https:\/\/www.bbmpackaging.com\/fr\/"},{"@type":"ListItem","position":2,"name":"Produits","item":"https:\/\/www.bbmpackaging.com\/fr\/produits\/"},{"@type":"ListItem","position":3,"name":"Machines d\u2019occasion","item":"https:\/\/www.bbmpackaging.com\/fr\/machines\/occasion\/"},{"@type":"ListItem","position":4,"name":"Palettiseurs","item":"https:\/\/www.bbmpackaging.com\/fr\/machines\/palettiseurs-occasion\/"},{"@type":"ListItem","position":5,"name":"BERCHI Module palettiseur RPT F\/L"}]},{"@type":"WebSite","@id":"https:\/\/www.bbmpackaging.com\/fr\/#website","url":"https:\/\/www.bbmpackaging.com\/fr\/","name":"BBM Packaging","description":"Imbottigliamento: macchinari manutenzione e much more","potentialAction":[{"@type":"SearchAction","target":{"@type":"EntryPoint","urlTemplate":"https:\/\/www.bbmpackaging.com\/fr\/?s={search_term_string}"},"query-input":{"@type":"PropertyValueSpecification","valueRequired":true,"valueName":"search_term_string"}}],"inLanguage":"fr-FR"}]}},"_links":{"self":[{"href":"https:\/\/www.bbmpackaging.com\/fr\/wp-json\/wp\/v2\/product\/31542","targetHints":{"allow":["GET"]}}],"collection":[{"href":"https:\/\/www.bbmpackaging.com\/fr\/wp-json\/wp\/v2\/product"}],"about":[{"href":"https:\/\/www.bbmpackaging.com\/fr\/wp-json\/wp\/v2\/types\/product"}],"replies":[{"embeddable":true,"href":"https:\/\/www.bbmpackaging.com\/fr\/wp-json\/wp\/v2\/comments?post=31542"}],"wp:featuredmedia":[{"embeddable":true,"href":"https:\/\/www.bbmpackaging.com\/fr\/wp-json\/wp\/v2\/media\/31495"}],"wp:attachment":[{"href":"https:\/\/www.bbmpackaging.com\/fr\/wp-json\/wp\/v2\/media?parent=31542"}],"wp:term":[{"taxonomy":"brand","embeddable":true,"href":"https:\/\/www.bbmpackaging.com\/fr\/wp-json\/wp\/v2\/brand?post=31542"},{"taxonomy":"product_brand","embeddable":true,"href":"https:\/\/www.bbmpackaging.com\/fr\/wp-json\/wp\/v2\/product_brand?post=31542"},{"taxonomy":"product_cat","embeddable":true,"href":"https:\/\/www.bbmpackaging.com\/fr\/wp-json\/wp\/v2\/product_cat?post=31542"},{"taxonomy":"product_tag","embeddable":true,"href":"https:\/\/www.bbmpackaging.com\/fr\/wp-json\/wp\/v2\/product_tag?post=31542"}],"curies":[{"name":"wp","href":"https:\/\/api.w.org\/{rel}","templated":true}]}}