{"id":32101,"date":"2023-02-01T11:59:42","date_gmt":"2023-02-01T10:59:42","guid":{"rendered":"https:\/\/www.bbmpackaging.com\/prodotto\/riempitrice-cobert-olimpia\/"},"modified":"2026-02-02T16:19:16","modified_gmt":"2026-02-02T15:19:16","slug":"riempitrice-cobert-olimpia","status":"publish","type":"product","link":"https:\/\/www.bbmpackaging.com\/fr\/machines\/remplisseuses-occasion\/remplisseuse-cobert-olimpia\/","title":{"rendered":"Remplisseuse Cobert Olimpia"},"content":{"rendered":"<p>Remplisseuse Cobert Olimpia d&rsquo;occasion, r\u00e9vis\u00e9e et garantie. Rendement nominal jusqu&rsquo;\u00e0 12 000 bph. Id\u00e9al pour l&#8217;embouteillage de boissons alcoolis\u00e9es en verre. La machine de remplissage est int\u00e9gr\u00e9e \u00e0 une boucheuse Bertolaso. Disponible avec kit de chengement du format, contr\u00f4leur de niveau et capuchon.<\/p>\n","protected":false},"excerpt":{"rendered":"<p>Remplisseuse Cobert Olimpia d&rsquo;occasion, r\u00e9vis\u00e9e et garantie. Complet avec boucheuse Bertolaso.<\/p>\n","protected":false},"featured_media":32006,"comment_status":"closed","ping_status":"closed","template":"","meta":{"_acf_changed":false},"brand":[7482],"product_brand":[],"product_cat":[1102,1106,1112],"product_tag":[2725,3491],"class_list":{"0":"post-32101","1":"product","2":"type-product","3":"status-publish","4":"has-post-thumbnail","6":"brand-cobert","7":"product_cat-machines","8":"product_cat-occasion","9":"product_cat-remplisseuses-occasion","10":"product_tag-bottling-fr","11":"product_tag-filler-fr","13":"first","14":"instock","15":"shipping-taxable","16":"product-type-simple"},"acf":[],"yoast_head":"<!-- This site is optimized with the Yoast SEO plugin v27.2 - https:\/\/yoast.com\/product\/yoast-seo-wordpress\/ -->\n<title>Cobert Olimpia Remplisseuse d&#039;Occasion - BBM Packaging<\/title>\n<meta name=\"description\" content=\"D\u00e9couvrez la remplisseuse en verre Cobert Olimpia d&#039;occasion, reconditionn\u00e9e et garantie pour 5 000 bouteilles par heure. Contactez-nous pour les d\u00e9tails.\" \/>\n<meta name=\"robots\" content=\"index, follow, max-snippet:-1, max-image-preview:large, max-video-preview:-1\" \/>\n<link rel=\"canonical\" href=\"https:\/\/www.bbmpackaging.com\/fr\/machines\/remplisseuses-occasion\/remplisseuse-cobert-olimpia\/\" \/>\n<meta property=\"og:locale\" content=\"fr_FR\" \/>\n<meta property=\"og:type\" content=\"article\" \/>\n<meta property=\"og:title\" content=\"Cobert Olimpia Remplisseuse d&#039;Occasion - BBM Packaging\" \/>\n<meta property=\"og:description\" content=\"D\u00e9couvrez la remplisseuse en verre Cobert Olimpia d&#039;occasion, reconditionn\u00e9e et garantie pour 5 000 bouteilles par heure. Contactez-nous pour les d\u00e9tails.\" \/>\n<meta property=\"og:url\" content=\"https:\/\/www.bbmpackaging.com\/fr\/machines\/remplisseuses-occasion\/remplisseuse-cobert-olimpia\/\" \/>\n<meta property=\"og:site_name\" content=\"BBM Packaging\" \/>\n<meta property=\"article:modified_time\" content=\"2026-02-02T15:19:16+00:00\" \/>\n<meta property=\"og:image\" content=\"https:\/\/www.bbmpackaging.com\/wp-content\/uploads\/2023\/02\/Riempitrice-Cobert-Olimpia_BBM-Service_usata-revisionata-e-garantita.jpg\" \/>\n\t<meta property=\"og:image:width\" content=\"560\" \/>\n\t<meta property=\"og:image:height\" content=\"420\" \/>\n\t<meta property=\"og:image:type\" content=\"image\/jpeg\" \/>\n<meta name=\"twitter:card\" content=\"summary_large_image\" \/>\n<meta name=\"twitter:label1\" content=\"Dur\u00e9e de lecture estim\u00e9e\" \/>\n\t<meta name=\"twitter:data1\" content=\"1 minute\" \/>\n<script type=\"application\/ld+json\" class=\"yoast-schema-graph\">{\"@context\":\"https:\/\/schema.org\",\"@graph\":[{\"@type\":\"WebPage\",\"@id\":\"https:\/\/www.bbmpackaging.com\/fr\/machines\/remplisseuses-occasion\/remplisseuse-cobert-olimpia\/\",\"url\":\"https:\/\/www.bbmpackaging.com\/fr\/machines\/remplisseuses-occasion\/remplisseuse-cobert-olimpia\/\",\"name\":\"Cobert Olimpia Remplisseuse d'Occasion - BBM Packaging\",\"isPartOf\":{\"@id\":\"https:\/\/www.bbmpackaging.com\/fr\/#website\"},\"primaryImageOfPage\":{\"@id\":\"https:\/\/www.bbmpackaging.com\/fr\/machines\/remplisseuses-occasion\/remplisseuse-cobert-olimpia\/#primaryimage\"},\"image\":{\"@id\":\"https:\/\/www.bbmpackaging.com\/fr\/machines\/remplisseuses-occasion\/remplisseuse-cobert-olimpia\/#primaryimage\"},\"thumbnailUrl\":\"https:\/\/cdn.bbmpackaging.com\/wp-content\/uploads\/2023\/02\/Riempitrice-Cobert-Olimpia_BBM-Service_usata-revisionata-e-garantita.jpg\",\"datePublished\":\"2023-02-01T10:59:42+00:00\",\"dateModified\":\"2026-02-02T15:19:16+00:00\",\"description\":\"D\u00e9couvrez la remplisseuse en verre Cobert Olimpia d'occasion, reconditionn\u00e9e et garantie pour 5 000 bouteilles par heure. Contactez-nous pour les d\u00e9tails.\",\"breadcrumb\":{\"@id\":\"https:\/\/www.bbmpackaging.com\/fr\/machines\/remplisseuses-occasion\/remplisseuse-cobert-olimpia\/#breadcrumb\"},\"inLanguage\":\"fr-FR\",\"potentialAction\":[{\"@type\":\"ReadAction\",\"target\":[\"https:\/\/www.bbmpackaging.com\/fr\/machines\/remplisseuses-occasion\/remplisseuse-cobert-olimpia\/\"]}]},{\"@type\":\"ImageObject\",\"inLanguage\":\"fr-FR\",\"@id\":\"https:\/\/www.bbmpackaging.com\/fr\/machines\/remplisseuses-occasion\/remplisseuse-cobert-olimpia\/#primaryimage\",\"url\":\"https:\/\/cdn.bbmpackaging.com\/wp-content\/uploads\/2023\/02\/Riempitrice-Cobert-Olimpia_BBM-Service_usata-revisionata-e-garantita.jpg\",\"contentUrl\":\"https:\/\/cdn.bbmpackaging.com\/wp-content\/uploads\/2023\/02\/Riempitrice-Cobert-Olimpia_BBM-Service_usata-revisionata-e-garantita.jpg\",\"width\":560,\"height\":420,\"caption\":\"Riempitrice Cobert Olimpia_BBM Service_usata, revisionata e garantita\"},{\"@type\":\"BreadcrumbList\",\"@id\":\"https:\/\/www.bbmpackaging.com\/fr\/machines\/remplisseuses-occasion\/remplisseuse-cobert-olimpia\/#breadcrumb\",\"itemListElement\":[{\"@type\":\"ListItem\",\"position\":1,\"name\":\"Home\",\"item\":\"https:\/\/www.bbmpackaging.com\/fr\/\"},{\"@type\":\"ListItem\",\"position\":2,\"name\":\"Produits\",\"item\":\"https:\/\/www.bbmpackaging.com\/fr\/produits\/\"},{\"@type\":\"ListItem\",\"position\":3,\"name\":\"Machines d\u2019occasion\",\"item\":\"https:\/\/www.bbmpackaging.com\/fr\/machines\/occasion\/\"},{\"@type\":\"ListItem\",\"position\":4,\"name\":\"Remplisseuses\",\"item\":\"https:\/\/www.bbmpackaging.com\/fr\/machines\/remplisseuses-occasion\/\"},{\"@type\":\"ListItem\",\"position\":5,\"name\":\"Remplisseuse Cobert Olimpia\"}]},{\"@type\":\"WebSite\",\"@id\":\"https:\/\/www.bbmpackaging.com\/fr\/#website\",\"url\":\"https:\/\/www.bbmpackaging.com\/fr\/\",\"name\":\"BBM Packaging\",\"description\":\"Imbottigliamento: macchinari manutenzione e much more\",\"potentialAction\":[{\"@type\":\"SearchAction\",\"target\":{\"@type\":\"EntryPoint\",\"urlTemplate\":\"https:\/\/www.bbmpackaging.com\/fr\/?s={search_term_string}\"},\"query-input\":{\"@type\":\"PropertyValueSpecification\",\"valueRequired\":true,\"valueName\":\"search_term_string\"}}],\"inLanguage\":\"fr-FR\"}]}<\/script>\n<!-- \/ Yoast SEO plugin. -->","yoast_head_json":{"title":"Cobert Olimpia Remplisseuse d'Occasion - BBM Packaging","description":"D\u00e9couvrez la remplisseuse en verre Cobert Olimpia d'occasion, reconditionn\u00e9e et garantie pour 5 000 bouteilles par heure. Contactez-nous pour les d\u00e9tails.","robots":{"index":"index","follow":"follow","max-snippet":"max-snippet:-1","max-image-preview":"max-image-preview:large","max-video-preview":"max-video-preview:-1"},"canonical":"https:\/\/www.bbmpackaging.com\/fr\/machines\/remplisseuses-occasion\/remplisseuse-cobert-olimpia\/","og_locale":"fr_FR","og_type":"article","og_title":"Cobert Olimpia Remplisseuse d'Occasion - BBM Packaging","og_description":"D\u00e9couvrez la remplisseuse en verre Cobert Olimpia d'occasion, reconditionn\u00e9e et garantie pour 5 000 bouteilles par heure. Contactez-nous pour les d\u00e9tails.","og_url":"https:\/\/www.bbmpackaging.com\/fr\/machines\/remplisseuses-occasion\/remplisseuse-cobert-olimpia\/","og_site_name":"BBM Packaging","article_modified_time":"2026-02-02T15:19:16+00:00","og_image":[{"width":560,"height":420,"url":"https:\/\/www.bbmpackaging.com\/wp-content\/uploads\/2023\/02\/Riempitrice-Cobert-Olimpia_BBM-Service_usata-revisionata-e-garantita.jpg","type":"image\/jpeg"}],"twitter_card":"summary_large_image","twitter_misc":{"Dur\u00e9e de lecture estim\u00e9e":"1 minute"},"schema":{"@context":"https:\/\/schema.org","@graph":[{"@type":"WebPage","@id":"https:\/\/www.bbmpackaging.com\/fr\/machines\/remplisseuses-occasion\/remplisseuse-cobert-olimpia\/","url":"https:\/\/www.bbmpackaging.com\/fr\/machines\/remplisseuses-occasion\/remplisseuse-cobert-olimpia\/","name":"Cobert Olimpia Remplisseuse d'Occasion - BBM Packaging","isPartOf":{"@id":"https:\/\/www.bbmpackaging.com\/fr\/#website"},"primaryImageOfPage":{"@id":"https:\/\/www.bbmpackaging.com\/fr\/machines\/remplisseuses-occasion\/remplisseuse-cobert-olimpia\/#primaryimage"},"image":{"@id":"https:\/\/www.bbmpackaging.com\/fr\/machines\/remplisseuses-occasion\/remplisseuse-cobert-olimpia\/#primaryimage"},"thumbnailUrl":"https:\/\/cdn.bbmpackaging.com\/wp-content\/uploads\/2023\/02\/Riempitrice-Cobert-Olimpia_BBM-Service_usata-revisionata-e-garantita.jpg","datePublished":"2023-02-01T10:59:42+00:00","dateModified":"2026-02-02T15:19:16+00:00","description":"D\u00e9couvrez la remplisseuse en verre Cobert Olimpia d'occasion, reconditionn\u00e9e et garantie pour 5 000 bouteilles par heure. Contactez-nous pour les d\u00e9tails.","breadcrumb":{"@id":"https:\/\/www.bbmpackaging.com\/fr\/machines\/remplisseuses-occasion\/remplisseuse-cobert-olimpia\/#breadcrumb"},"inLanguage":"fr-FR","potentialAction":[{"@type":"ReadAction","target":["https:\/\/www.bbmpackaging.com\/fr\/machines\/remplisseuses-occasion\/remplisseuse-cobert-olimpia\/"]}]},{"@type":"ImageObject","inLanguage":"fr-FR","@id":"https:\/\/www.bbmpackaging.com\/fr\/machines\/remplisseuses-occasion\/remplisseuse-cobert-olimpia\/#primaryimage","url":"https:\/\/cdn.bbmpackaging.com\/wp-content\/uploads\/2023\/02\/Riempitrice-Cobert-Olimpia_BBM-Service_usata-revisionata-e-garantita.jpg","contentUrl":"https:\/\/cdn.bbmpackaging.com\/wp-content\/uploads\/2023\/02\/Riempitrice-Cobert-Olimpia_BBM-Service_usata-revisionata-e-garantita.jpg","width":560,"height":420,"caption":"Riempitrice Cobert Olimpia_BBM Service_usata, revisionata e garantita"},{"@type":"BreadcrumbList","@id":"https:\/\/www.bbmpackaging.com\/fr\/machines\/remplisseuses-occasion\/remplisseuse-cobert-olimpia\/#breadcrumb","itemListElement":[{"@type":"ListItem","position":1,"name":"Home","item":"https:\/\/www.bbmpackaging.com\/fr\/"},{"@type":"ListItem","position":2,"name":"Produits","item":"https:\/\/www.bbmpackaging.com\/fr\/produits\/"},{"@type":"ListItem","position":3,"name":"Machines d\u2019occasion","item":"https:\/\/www.bbmpackaging.com\/fr\/machines\/occasion\/"},{"@type":"ListItem","position":4,"name":"Remplisseuses","item":"https:\/\/www.bbmpackaging.com\/fr\/machines\/remplisseuses-occasion\/"},{"@type":"ListItem","position":5,"name":"Remplisseuse Cobert Olimpia"}]},{"@type":"WebSite","@id":"https:\/\/www.bbmpackaging.com\/fr\/#website","url":"https:\/\/www.bbmpackaging.com\/fr\/","name":"BBM Packaging","description":"Imbottigliamento: macchinari manutenzione e much more","potentialAction":[{"@type":"SearchAction","target":{"@type":"EntryPoint","urlTemplate":"https:\/\/www.bbmpackaging.com\/fr\/?s={search_term_string}"},"query-input":{"@type":"PropertyValueSpecification","valueRequired":true,"valueName":"search_term_string"}}],"inLanguage":"fr-FR"}]}},"_links":{"self":[{"href":"https:\/\/www.bbmpackaging.com\/fr\/wp-json\/wp\/v2\/product\/32101","targetHints":{"allow":["GET"]}}],"collection":[{"href":"https:\/\/www.bbmpackaging.com\/fr\/wp-json\/wp\/v2\/product"}],"about":[{"href":"https:\/\/www.bbmpackaging.com\/fr\/wp-json\/wp\/v2\/types\/product"}],"replies":[{"embeddable":true,"href":"https:\/\/www.bbmpackaging.com\/fr\/wp-json\/wp\/v2\/comments?post=32101"}],"wp:featuredmedia":[{"embeddable":true,"href":"https:\/\/www.bbmpackaging.com\/fr\/wp-json\/wp\/v2\/media\/32006"}],"wp:attachment":[{"href":"https:\/\/www.bbmpackaging.com\/fr\/wp-json\/wp\/v2\/media?parent=32101"}],"wp:term":[{"taxonomy":"brand","embeddable":true,"href":"https:\/\/www.bbmpackaging.com\/fr\/wp-json\/wp\/v2\/brand?post=32101"},{"taxonomy":"product_brand","embeddable":true,"href":"https:\/\/www.bbmpackaging.com\/fr\/wp-json\/wp\/v2\/product_brand?post=32101"},{"taxonomy":"product_cat","embeddable":true,"href":"https:\/\/www.bbmpackaging.com\/fr\/wp-json\/wp\/v2\/product_cat?post=32101"},{"taxonomy":"product_tag","embeddable":true,"href":"https:\/\/www.bbmpackaging.com\/fr\/wp-json\/wp\/v2\/product_tag?post=32101"}],"curies":[{"name":"wp","href":"https:\/\/api.w.org\/{rel}","templated":true}]}}