{"id":32166,"date":"2023-02-02T09:58:19","date_gmt":"2023-02-02T08:58:19","guid":{"rendered":"https:\/\/www.bbmpackaging.com\/prodotto\/pallettizzatore-sbc\/"},"modified":"2026-03-04T12:02:58","modified_gmt":"2026-03-04T11:02:58","slug":"pallettizzatore-sbc","status":"publish","type":"product","link":"https:\/\/www.bbmpackaging.com\/fr\/machines\/palettiseurs-occasion\/palettiseur-sbc\/","title":{"rendered":"Palettiseur SBC"},"content":{"rendered":"<p>Palettiseur SBC d&rsquo;occasion, entretenu et garanti par BBM Service. Capacit\u00e9 nominale jusqu&rsquo;\u00e0 3 couches par minute. Parfait pour la palettisation de bo\u00eetes enveloppantes en palettes 1200&#215;800. Complet avec plaque carton applicateur. Disponible comme-il-est<\/p>\n","protected":false},"excerpt":{"rendered":"<p>Palettiseur SBC d&rsquo;occasion, r\u00e9vis\u00e9 et garanti par BBM Service. La vitesse indiqu\u00e9e en bouteilles par heure fait r\u00e9f\u00e9rence au format standard de 1500 ml en conditionnement 3&#215;2.<\/p>\n","protected":false},"featured_media":32160,"comment_status":"closed","ping_status":"closed","template":"","meta":{"_acf_changed":false},"brand":[],"product_brand":[],"product_cat":[1126,1106,1102],"product_tag":[],"class_list":{"0":"post-32166","1":"product","2":"type-product","3":"status-publish","4":"has-post-thumbnail","6":"product_cat-palettiseurs-occasion","7":"product_cat-occasion","8":"product_cat-machines","10":"first","11":"instock","12":"shipping-taxable","13":"product-type-simple"},"acf":[],"yoast_head":"<!-- This site is optimized with the Yoast SEO plugin v27.2 - https:\/\/yoast.com\/product\/yoast-seo-wordpress\/ -->\n<title>Palettiseur SBC d&#039;occasion - BBM Packaging<\/title>\n<meta name=\"description\" content=\"D\u00e9couvrez le palettiseur SBC d&#039;occasion, garanti par BBM, avec une capacit\u00e9 allant jusqu&#039;\u00e0 3 couches\/minute. Adapt\u00e9 \u00e0 diverses applications de palettisation.\" \/>\n<meta name=\"robots\" content=\"index, follow, max-snippet:-1, max-image-preview:large, max-video-preview:-1\" \/>\n<link rel=\"canonical\" href=\"https:\/\/www.bbmpackaging.com\/fr\/machines\/palettiseurs-occasion\/palettiseur-sbc\/\" \/>\n<meta property=\"og:locale\" content=\"fr_FR\" \/>\n<meta property=\"og:type\" content=\"article\" \/>\n<meta property=\"og:title\" content=\"Palettiseur SBC d&#039;occasion - BBM Packaging\" \/>\n<meta property=\"og:description\" content=\"D\u00e9couvrez le palettiseur SBC d&#039;occasion, garanti par BBM, avec une capacit\u00e9 allant jusqu&#039;\u00e0 3 couches\/minute. Adapt\u00e9 \u00e0 diverses applications de palettisation.\" \/>\n<meta property=\"og:url\" content=\"https:\/\/www.bbmpackaging.com\/fr\/machines\/palettiseurs-occasion\/palettiseur-sbc\/\" \/>\n<meta property=\"og:site_name\" content=\"BBM Packaging\" \/>\n<meta property=\"article:modified_time\" content=\"2026-03-04T11:02:58+00:00\" \/>\n<meta property=\"og:image\" content=\"https:\/\/www.bbmpackaging.com\/wp-content\/uploads\/2023\/02\/Pallettizzatore-SBC_BBM-Service-1-e1675328264168.jpg\" \/>\n\t<meta property=\"og:image:width\" content=\"306\" \/>\n\t<meta property=\"og:image:height\" content=\"229\" \/>\n\t<meta property=\"og:image:type\" content=\"image\/jpeg\" \/>\n<meta name=\"twitter:card\" content=\"summary_large_image\" \/>\n<meta name=\"twitter:label1\" content=\"Dur\u00e9e de lecture estim\u00e9e\" \/>\n\t<meta name=\"twitter:data1\" content=\"1 minute\" \/>\n<script type=\"application\/ld+json\" class=\"yoast-schema-graph\">{\"@context\":\"https:\/\/schema.org\",\"@graph\":[{\"@type\":\"WebPage\",\"@id\":\"https:\/\/www.bbmpackaging.com\/fr\/machines\/palettiseurs-occasion\/palettiseur-sbc\/\",\"url\":\"https:\/\/www.bbmpackaging.com\/fr\/machines\/palettiseurs-occasion\/palettiseur-sbc\/\",\"name\":\"Palettiseur SBC d'occasion - BBM Packaging\",\"isPartOf\":{\"@id\":\"https:\/\/www.bbmpackaging.com\/fr\/#website\"},\"primaryImageOfPage\":{\"@id\":\"https:\/\/www.bbmpackaging.com\/fr\/machines\/palettiseurs-occasion\/palettiseur-sbc\/#primaryimage\"},\"image\":{\"@id\":\"https:\/\/www.bbmpackaging.com\/fr\/machines\/palettiseurs-occasion\/palettiseur-sbc\/#primaryimage\"},\"thumbnailUrl\":\"https:\/\/cdn.bbmpackaging.com\/wp-content\/uploads\/2023\/02\/Pallettizzatore-SBC_BBM-Service-1-e1675328264168.jpg\",\"datePublished\":\"2023-02-02T08:58:19+00:00\",\"dateModified\":\"2026-03-04T11:02:58+00:00\",\"description\":\"D\u00e9couvrez le palettiseur SBC d'occasion, garanti par BBM, avec une capacit\u00e9 allant jusqu'\u00e0 3 couches\/minute. Adapt\u00e9 \u00e0 diverses applications de palettisation.\",\"breadcrumb\":{\"@id\":\"https:\/\/www.bbmpackaging.com\/fr\/machines\/palettiseurs-occasion\/palettiseur-sbc\/#breadcrumb\"},\"inLanguage\":\"fr-FR\",\"potentialAction\":[{\"@type\":\"ReadAction\",\"target\":[\"https:\/\/www.bbmpackaging.com\/fr\/machines\/palettiseurs-occasion\/palettiseur-sbc\/\"]}]},{\"@type\":\"ImageObject\",\"inLanguage\":\"fr-FR\",\"@id\":\"https:\/\/www.bbmpackaging.com\/fr\/machines\/palettiseurs-occasion\/palettiseur-sbc\/#primaryimage\",\"url\":\"https:\/\/cdn.bbmpackaging.com\/wp-content\/uploads\/2023\/02\/Pallettizzatore-SBC_BBM-Service-1-e1675328264168.jpg\",\"contentUrl\":\"https:\/\/cdn.bbmpackaging.com\/wp-content\/uploads\/2023\/02\/Pallettizzatore-SBC_BBM-Service-1-e1675328264168.jpg\",\"width\":306,\"height\":229,\"caption\":\"Pallettizzatore SBC_BBM Service\"},{\"@type\":\"BreadcrumbList\",\"@id\":\"https:\/\/www.bbmpackaging.com\/fr\/machines\/palettiseurs-occasion\/palettiseur-sbc\/#breadcrumb\",\"itemListElement\":[{\"@type\":\"ListItem\",\"position\":1,\"name\":\"Home\",\"item\":\"https:\/\/www.bbmpackaging.com\/fr\/\"},{\"@type\":\"ListItem\",\"position\":2,\"name\":\"Produits\",\"item\":\"https:\/\/www.bbmpackaging.com\/fr\/produits\/\"},{\"@type\":\"ListItem\",\"position\":3,\"name\":\"Machines d\u2019occasion\",\"item\":\"https:\/\/www.bbmpackaging.com\/fr\/machines\/occasion\/\"},{\"@type\":\"ListItem\",\"position\":4,\"name\":\"Palettiseurs\",\"item\":\"https:\/\/www.bbmpackaging.com\/fr\/machines\/palettiseurs-occasion\/\"},{\"@type\":\"ListItem\",\"position\":5,\"name\":\"Palettiseur SBC\"}]},{\"@type\":\"WebSite\",\"@id\":\"https:\/\/www.bbmpackaging.com\/fr\/#website\",\"url\":\"https:\/\/www.bbmpackaging.com\/fr\/\",\"name\":\"BBM Packaging\",\"description\":\"Imbottigliamento: macchinari manutenzione e much more\",\"potentialAction\":[{\"@type\":\"SearchAction\",\"target\":{\"@type\":\"EntryPoint\",\"urlTemplate\":\"https:\/\/www.bbmpackaging.com\/fr\/?s={search_term_string}\"},\"query-input\":{\"@type\":\"PropertyValueSpecification\",\"valueRequired\":true,\"valueName\":\"search_term_string\"}}],\"inLanguage\":\"fr-FR\"}]}<\/script>\n<!-- \/ Yoast SEO plugin. -->","yoast_head_json":{"title":"Palettiseur SBC d'occasion - BBM Packaging","description":"D\u00e9couvrez le palettiseur SBC d'occasion, garanti par BBM, avec une capacit\u00e9 allant jusqu'\u00e0 3 couches\/minute. Adapt\u00e9 \u00e0 diverses applications de palettisation.","robots":{"index":"index","follow":"follow","max-snippet":"max-snippet:-1","max-image-preview":"max-image-preview:large","max-video-preview":"max-video-preview:-1"},"canonical":"https:\/\/www.bbmpackaging.com\/fr\/machines\/palettiseurs-occasion\/palettiseur-sbc\/","og_locale":"fr_FR","og_type":"article","og_title":"Palettiseur SBC d'occasion - BBM Packaging","og_description":"D\u00e9couvrez le palettiseur SBC d'occasion, garanti par BBM, avec une capacit\u00e9 allant jusqu'\u00e0 3 couches\/minute. Adapt\u00e9 \u00e0 diverses applications de palettisation.","og_url":"https:\/\/www.bbmpackaging.com\/fr\/machines\/palettiseurs-occasion\/palettiseur-sbc\/","og_site_name":"BBM Packaging","article_modified_time":"2026-03-04T11:02:58+00:00","og_image":[{"width":306,"height":229,"url":"https:\/\/www.bbmpackaging.com\/wp-content\/uploads\/2023\/02\/Pallettizzatore-SBC_BBM-Service-1-e1675328264168.jpg","type":"image\/jpeg"}],"twitter_card":"summary_large_image","twitter_misc":{"Dur\u00e9e de lecture estim\u00e9e":"1 minute"},"schema":{"@context":"https:\/\/schema.org","@graph":[{"@type":"WebPage","@id":"https:\/\/www.bbmpackaging.com\/fr\/machines\/palettiseurs-occasion\/palettiseur-sbc\/","url":"https:\/\/www.bbmpackaging.com\/fr\/machines\/palettiseurs-occasion\/palettiseur-sbc\/","name":"Palettiseur SBC d'occasion - BBM Packaging","isPartOf":{"@id":"https:\/\/www.bbmpackaging.com\/fr\/#website"},"primaryImageOfPage":{"@id":"https:\/\/www.bbmpackaging.com\/fr\/machines\/palettiseurs-occasion\/palettiseur-sbc\/#primaryimage"},"image":{"@id":"https:\/\/www.bbmpackaging.com\/fr\/machines\/palettiseurs-occasion\/palettiseur-sbc\/#primaryimage"},"thumbnailUrl":"https:\/\/cdn.bbmpackaging.com\/wp-content\/uploads\/2023\/02\/Pallettizzatore-SBC_BBM-Service-1-e1675328264168.jpg","datePublished":"2023-02-02T08:58:19+00:00","dateModified":"2026-03-04T11:02:58+00:00","description":"D\u00e9couvrez le palettiseur SBC d'occasion, garanti par BBM, avec une capacit\u00e9 allant jusqu'\u00e0 3 couches\/minute. Adapt\u00e9 \u00e0 diverses applications de palettisation.","breadcrumb":{"@id":"https:\/\/www.bbmpackaging.com\/fr\/machines\/palettiseurs-occasion\/palettiseur-sbc\/#breadcrumb"},"inLanguage":"fr-FR","potentialAction":[{"@type":"ReadAction","target":["https:\/\/www.bbmpackaging.com\/fr\/machines\/palettiseurs-occasion\/palettiseur-sbc\/"]}]},{"@type":"ImageObject","inLanguage":"fr-FR","@id":"https:\/\/www.bbmpackaging.com\/fr\/machines\/palettiseurs-occasion\/palettiseur-sbc\/#primaryimage","url":"https:\/\/cdn.bbmpackaging.com\/wp-content\/uploads\/2023\/02\/Pallettizzatore-SBC_BBM-Service-1-e1675328264168.jpg","contentUrl":"https:\/\/cdn.bbmpackaging.com\/wp-content\/uploads\/2023\/02\/Pallettizzatore-SBC_BBM-Service-1-e1675328264168.jpg","width":306,"height":229,"caption":"Pallettizzatore SBC_BBM Service"},{"@type":"BreadcrumbList","@id":"https:\/\/www.bbmpackaging.com\/fr\/machines\/palettiseurs-occasion\/palettiseur-sbc\/#breadcrumb","itemListElement":[{"@type":"ListItem","position":1,"name":"Home","item":"https:\/\/www.bbmpackaging.com\/fr\/"},{"@type":"ListItem","position":2,"name":"Produits","item":"https:\/\/www.bbmpackaging.com\/fr\/produits\/"},{"@type":"ListItem","position":3,"name":"Machines d\u2019occasion","item":"https:\/\/www.bbmpackaging.com\/fr\/machines\/occasion\/"},{"@type":"ListItem","position":4,"name":"Palettiseurs","item":"https:\/\/www.bbmpackaging.com\/fr\/machines\/palettiseurs-occasion\/"},{"@type":"ListItem","position":5,"name":"Palettiseur SBC"}]},{"@type":"WebSite","@id":"https:\/\/www.bbmpackaging.com\/fr\/#website","url":"https:\/\/www.bbmpackaging.com\/fr\/","name":"BBM Packaging","description":"Imbottigliamento: macchinari manutenzione e much more","potentialAction":[{"@type":"SearchAction","target":{"@type":"EntryPoint","urlTemplate":"https:\/\/www.bbmpackaging.com\/fr\/?s={search_term_string}"},"query-input":{"@type":"PropertyValueSpecification","valueRequired":true,"valueName":"search_term_string"}}],"inLanguage":"fr-FR"}]}},"_links":{"self":[{"href":"https:\/\/www.bbmpackaging.com\/fr\/wp-json\/wp\/v2\/product\/32166","targetHints":{"allow":["GET"]}}],"collection":[{"href":"https:\/\/www.bbmpackaging.com\/fr\/wp-json\/wp\/v2\/product"}],"about":[{"href":"https:\/\/www.bbmpackaging.com\/fr\/wp-json\/wp\/v2\/types\/product"}],"replies":[{"embeddable":true,"href":"https:\/\/www.bbmpackaging.com\/fr\/wp-json\/wp\/v2\/comments?post=32166"}],"wp:featuredmedia":[{"embeddable":true,"href":"https:\/\/www.bbmpackaging.com\/fr\/wp-json\/wp\/v2\/media\/32160"}],"wp:attachment":[{"href":"https:\/\/www.bbmpackaging.com\/fr\/wp-json\/wp\/v2\/media?parent=32166"}],"wp:term":[{"taxonomy":"brand","embeddable":true,"href":"https:\/\/www.bbmpackaging.com\/fr\/wp-json\/wp\/v2\/brand?post=32166"},{"taxonomy":"product_brand","embeddable":true,"href":"https:\/\/www.bbmpackaging.com\/fr\/wp-json\/wp\/v2\/product_brand?post=32166"},{"taxonomy":"product_cat","embeddable":true,"href":"https:\/\/www.bbmpackaging.com\/fr\/wp-json\/wp\/v2\/product_cat?post=32166"},{"taxonomy":"product_tag","embeddable":true,"href":"https:\/\/www.bbmpackaging.com\/fr\/wp-json\/wp\/v2\/product_tag?post=32166"}],"curies":[{"name":"wp","href":"https:\/\/api.w.org\/{rel}","templated":true}]}}