{"id":32289,"date":"2023-02-02T12:49:17","date_gmt":"2023-02-02T11:49:17","guid":{"rendered":"https:\/\/www.bbmpackaging.com\/prodotto\/linea-vetro-a-perdere-10-000-bph\/"},"modified":"2026-02-05T12:33:00","modified_gmt":"2026-02-05T11:33:00","slug":"linea-vetro-a-perdere-10-000-bph","status":"publish","type":"product","link":"https:\/\/www.bbmpackaging.com\/fr\/machines\/lignes-embouteillage-occasion\/ligne-verre-perd-10-000-bph\/","title":{"rendered":"LIGNE DE VERRE JETABLE 10.000 BPH"},"content":{"rendered":"<p>Ligne d&#8217;embouteillage d&rsquo;occasion, r\u00e9vis\u00e9e et garantie, avec une vitesse allant jusqu&rsquo;\u00e0 10 000 bph. Id\u00e9ale pour embouteiller de l&rsquo;eau naturelle &#8211; plate &#8211; et gazeuse &#8211; dans des bouteilles en verre consign\u00e9es. Format actuel : 750 mL.<\/p>\n<p><strong>Liste des machines<\/strong><\/p>\n<p>&nbsp;<\/p>\n<ul>\n<li><strong><a href=\"https:\/\/www.bbmpackaging.com\/fr\/machines\/depalettiseurs-occasion\/depalettiseur-ocme\/\" target=\"_blank\" rel=\"noopener\">D\u00e9palettiseur OCME<\/a> &nbsp;<\/strong>Dorado<\/li>\n<li><a title=\"Remplisseuse Simonazzi\" href=\"https:\/\/www.bbmpackaging.com\/fr\/remplisseuse-sarcmi-bluestar\/\" target=\"_blank\" rel=\"noopener\"><strong>Remplisseuse Sarcmi<\/strong><\/a> Bluestar<\/li>\n<li><a href=\"https:\/\/www.bbmpackaging.com\/fr\/machines\/etiqueteuses-occasion\/etiqueteuse-krones-starmatic\/\" target=\"_blank\" rel=\"noopener\"><strong>Etiqueteuse KRONES<\/strong><\/a>&nbsp;Starmatic<\/li>\n<li><a href=\"https:\/\/www.bbmpackaging.com\/fr\/?post_type=product&#038;p=34439\" target=\"_blank\" rel=\"noopener\"><strong>Encartonneuse &nbsp;SMI<\/strong>&nbsp;<\/a>CM<\/li>\n<li><a href=\"https:\/\/www.bbmpackaging.com\/fr\/machines\/palettiseurs-occasion\/\" target=\"_blank\" rel=\"noopener\"><strong>Palettiseur BERCHI<\/strong><\/a>&nbsp;Modulo RPT F\/L<\/li>\n<li><strong><a title=\"Bandelereuse ATLANTA\" href=\"https:\/\/www.bbmpackaging.com\/fr\/bandeleuse-atlanta-mytho-a-con-top-applicateur\/\" target=\"_blank\" rel=\"noopener\">Bandelereuse ATLANTA&nbsp;<\/a><\/strong>Mytho<\/li>\n<\/ul>\n<p>Selon les besoins du client, les machines de la ligne peuvent \u00eatre remplac\u00e9es par d&rsquo;autres mod\u00e8les (par exemple, une barquetteuse ou une emballeuse wrap-around).<strong> Le bureau technique de BBM Service \u00e9tablira un plan d&rsquo;am\u00e9nagement personnalis\u00e9 en fonction des besoins du client.<\/strong><\/p>\n","protected":false},"excerpt":{"rendered":"<p>Ligne d&#8217;embouteillage en verre \u00e0 10 000 bph<\/p>\n","protected":false},"featured_media":40396,"comment_status":"closed","ping_status":"closed","template":"","meta":{"_acf_changed":false},"brand":[7500],"product_brand":[],"product_cat":[1102,1106,1108],"product_tag":[2725,3590],"class_list":{"0":"post-32289","1":"product","2":"type-product","3":"status-publish","4":"has-post-thumbnail","6":"brand-muiltimarques","7":"product_cat-machines","8":"product_cat-occasion","9":"product_cat-lignes-embouteillage-occasion","10":"product_tag-bottling-fr","11":"product_tag-linea-fr","13":"first","14":"instock","15":"shipping-taxable","16":"product-type-simple"},"acf":[],"yoast_head":"<!-- This site is optimized with the Yoast SEO plugin v27.2 - https:\/\/yoast.com\/product\/yoast-seo-wordpress\/ -->\n<title>Ligne en verre \u00e0 usage unique 10 000 bph - BBM Packaging<\/title>\n<meta name=\"description\" content=\"Installation d\u2019embouteillage verre perdu jusqu\u2019\u00e0 10.000 bph. D\u00e9couvrez la solution d\u2019occasion, r\u00e9vis\u00e9e et garantie de BBM Service. Visitez notre site.\" \/>\n<meta name=\"robots\" content=\"index, follow, max-snippet:-1, max-image-preview:large, max-video-preview:-1\" \/>\n<link rel=\"canonical\" href=\"https:\/\/www.bbmpackaging.com\/fr\/machines\/lignes-embouteillage-occasion\/ligne-verre-perd-10-000-bph\/\" \/>\n<meta property=\"og:locale\" content=\"fr_FR\" \/>\n<meta property=\"og:type\" content=\"article\" \/>\n<meta property=\"og:title\" content=\"Ligne en verre \u00e0 usage unique 10 000 bph - BBM Packaging\" \/>\n<meta property=\"og:description\" content=\"Installation d\u2019embouteillage verre perdu jusqu\u2019\u00e0 10.000 bph. D\u00e9couvrez la solution d\u2019occasion, r\u00e9vis\u00e9e et garantie de BBM Service. Visitez notre site.\" \/>\n<meta property=\"og:url\" content=\"https:\/\/www.bbmpackaging.com\/fr\/machines\/lignes-embouteillage-occasion\/ligne-verre-perd-10-000-bph\/\" \/>\n<meta property=\"og:site_name\" content=\"BBM Packaging\" \/>\n<meta property=\"article:modified_time\" content=\"2026-02-05T11:33:00+00:00\" \/>\n<meta property=\"og:image\" content=\"https:\/\/cdn.bbmpackaging.com\/wp-content\/uploads\/2023\/02\/BBM_VAP-Glass-Plant-e1715939348320.jpg\" \/>\n\t<meta property=\"og:image:width\" content=\"1353\" \/>\n\t<meta property=\"og:image:height\" content=\"1014\" \/>\n\t<meta property=\"og:image:type\" content=\"image\/jpeg\" \/>\n<meta name=\"twitter:card\" content=\"summary_large_image\" \/>\n<meta name=\"twitter:label1\" content=\"Dur\u00e9e de lecture estim\u00e9e\" \/>\n\t<meta name=\"twitter:data1\" content=\"1 minute\" \/>\n<script type=\"application\/ld+json\" class=\"yoast-schema-graph\">{\"@context\":\"https:\/\/schema.org\",\"@graph\":[{\"@type\":\"WebPage\",\"@id\":\"https:\/\/www.bbmpackaging.com\/fr\/machines\/lignes-embouteillage-occasion\/ligne-verre-perd-10-000-bph\/\",\"url\":\"https:\/\/www.bbmpackaging.com\/fr\/machines\/lignes-embouteillage-occasion\/ligne-verre-perd-10-000-bph\/\",\"name\":\"Ligne en verre \u00e0 usage unique 10 000 bph - BBM Packaging\",\"isPartOf\":{\"@id\":\"https:\/\/www.bbmpackaging.com\/fr\/#website\"},\"primaryImageOfPage\":{\"@id\":\"https:\/\/www.bbmpackaging.com\/fr\/machines\/lignes-embouteillage-occasion\/ligne-verre-perd-10-000-bph\/#primaryimage\"},\"image\":{\"@id\":\"https:\/\/www.bbmpackaging.com\/fr\/machines\/lignes-embouteillage-occasion\/ligne-verre-perd-10-000-bph\/#primaryimage\"},\"thumbnailUrl\":\"https:\/\/cdn.bbmpackaging.com\/wp-content\/uploads\/2023\/02\/BBM_VAP-Glass-Plant-e1715939348320.jpg\",\"datePublished\":\"2023-02-02T11:49:17+00:00\",\"dateModified\":\"2026-02-05T11:33:00+00:00\",\"description\":\"Installation d\u2019embouteillage verre perdu jusqu\u2019\u00e0 10.000 bph. D\u00e9couvrez la solution d\u2019occasion, r\u00e9vis\u00e9e et garantie de BBM Service. Visitez notre site.\",\"breadcrumb\":{\"@id\":\"https:\/\/www.bbmpackaging.com\/fr\/machines\/lignes-embouteillage-occasion\/ligne-verre-perd-10-000-bph\/#breadcrumb\"},\"inLanguage\":\"fr-FR\",\"potentialAction\":[{\"@type\":\"ReadAction\",\"target\":[\"https:\/\/www.bbmpackaging.com\/fr\/machines\/lignes-embouteillage-occasion\/ligne-verre-perd-10-000-bph\/\"]}]},{\"@type\":\"ImageObject\",\"inLanguage\":\"fr-FR\",\"@id\":\"https:\/\/www.bbmpackaging.com\/fr\/machines\/lignes-embouteillage-occasion\/ligne-verre-perd-10-000-bph\/#primaryimage\",\"url\":\"https:\/\/cdn.bbmpackaging.com\/wp-content\/uploads\/2023\/02\/BBM_VAP-Glass-Plant-e1715939348320.jpg\",\"contentUrl\":\"https:\/\/cdn.bbmpackaging.com\/wp-content\/uploads\/2023\/02\/BBM_VAP-Glass-Plant-e1715939348320.jpg\",\"width\":1353,\"height\":1014,\"caption\":\"BBM_VAP Glass Plant\"},{\"@type\":\"BreadcrumbList\",\"@id\":\"https:\/\/www.bbmpackaging.com\/fr\/machines\/lignes-embouteillage-occasion\/ligne-verre-perd-10-000-bph\/#breadcrumb\",\"itemListElement\":[{\"@type\":\"ListItem\",\"position\":1,\"name\":\"Home\",\"item\":\"https:\/\/www.bbmpackaging.com\/fr\/\"},{\"@type\":\"ListItem\",\"position\":2,\"name\":\"Produits\",\"item\":\"https:\/\/www.bbmpackaging.com\/fr\/produits\/\"},{\"@type\":\"ListItem\",\"position\":3,\"name\":\"Machines d\u2019occasion\",\"item\":\"https:\/\/www.bbmpackaging.com\/fr\/machines\/occasion\/\"},{\"@type\":\"ListItem\",\"position\":4,\"name\":\"Ligne d\u2019embouteillage et d\u2019emballage\",\"item\":\"https:\/\/www.bbmpackaging.com\/fr\/machines\/lignes-embouteillage-occasion\/\"},{\"@type\":\"ListItem\",\"position\":5,\"name\":\"LIGNE DE VERRE JETABLE 10.000 BPH\"}]},{\"@type\":\"WebSite\",\"@id\":\"https:\/\/www.bbmpackaging.com\/fr\/#website\",\"url\":\"https:\/\/www.bbmpackaging.com\/fr\/\",\"name\":\"BBM Packaging\",\"description\":\"Imbottigliamento: macchinari manutenzione e much more\",\"potentialAction\":[{\"@type\":\"SearchAction\",\"target\":{\"@type\":\"EntryPoint\",\"urlTemplate\":\"https:\/\/www.bbmpackaging.com\/fr\/?s={search_term_string}\"},\"query-input\":{\"@type\":\"PropertyValueSpecification\",\"valueRequired\":true,\"valueName\":\"search_term_string\"}}],\"inLanguage\":\"fr-FR\"}]}<\/script>\n<!-- \/ Yoast SEO plugin. -->","yoast_head_json":{"title":"Ligne en verre \u00e0 usage unique 10 000 bph - BBM Packaging","description":"Installation d\u2019embouteillage verre perdu jusqu\u2019\u00e0 10.000 bph. D\u00e9couvrez la solution d\u2019occasion, r\u00e9vis\u00e9e et garantie de BBM Service. Visitez notre site.","robots":{"index":"index","follow":"follow","max-snippet":"max-snippet:-1","max-image-preview":"max-image-preview:large","max-video-preview":"max-video-preview:-1"},"canonical":"https:\/\/www.bbmpackaging.com\/fr\/machines\/lignes-embouteillage-occasion\/ligne-verre-perd-10-000-bph\/","og_locale":"fr_FR","og_type":"article","og_title":"Ligne en verre \u00e0 usage unique 10 000 bph - BBM Packaging","og_description":"Installation d\u2019embouteillage verre perdu jusqu\u2019\u00e0 10.000 bph. D\u00e9couvrez la solution d\u2019occasion, r\u00e9vis\u00e9e et garantie de BBM Service. Visitez notre site.","og_url":"https:\/\/www.bbmpackaging.com\/fr\/machines\/lignes-embouteillage-occasion\/ligne-verre-perd-10-000-bph\/","og_site_name":"BBM Packaging","article_modified_time":"2026-02-05T11:33:00+00:00","og_image":[{"width":1353,"height":1014,"url":"https:\/\/cdn.bbmpackaging.com\/wp-content\/uploads\/2023\/02\/BBM_VAP-Glass-Plant-e1715939348320.jpg","type":"image\/jpeg"}],"twitter_card":"summary_large_image","twitter_misc":{"Dur\u00e9e de lecture estim\u00e9e":"1 minute"},"schema":{"@context":"https:\/\/schema.org","@graph":[{"@type":"WebPage","@id":"https:\/\/www.bbmpackaging.com\/fr\/machines\/lignes-embouteillage-occasion\/ligne-verre-perd-10-000-bph\/","url":"https:\/\/www.bbmpackaging.com\/fr\/machines\/lignes-embouteillage-occasion\/ligne-verre-perd-10-000-bph\/","name":"Ligne en verre \u00e0 usage unique 10 000 bph - BBM Packaging","isPartOf":{"@id":"https:\/\/www.bbmpackaging.com\/fr\/#website"},"primaryImageOfPage":{"@id":"https:\/\/www.bbmpackaging.com\/fr\/machines\/lignes-embouteillage-occasion\/ligne-verre-perd-10-000-bph\/#primaryimage"},"image":{"@id":"https:\/\/www.bbmpackaging.com\/fr\/machines\/lignes-embouteillage-occasion\/ligne-verre-perd-10-000-bph\/#primaryimage"},"thumbnailUrl":"https:\/\/cdn.bbmpackaging.com\/wp-content\/uploads\/2023\/02\/BBM_VAP-Glass-Plant-e1715939348320.jpg","datePublished":"2023-02-02T11:49:17+00:00","dateModified":"2026-02-05T11:33:00+00:00","description":"Installation d\u2019embouteillage verre perdu jusqu\u2019\u00e0 10.000 bph. D\u00e9couvrez la solution d\u2019occasion, r\u00e9vis\u00e9e et garantie de BBM Service. Visitez notre site.","breadcrumb":{"@id":"https:\/\/www.bbmpackaging.com\/fr\/machines\/lignes-embouteillage-occasion\/ligne-verre-perd-10-000-bph\/#breadcrumb"},"inLanguage":"fr-FR","potentialAction":[{"@type":"ReadAction","target":["https:\/\/www.bbmpackaging.com\/fr\/machines\/lignes-embouteillage-occasion\/ligne-verre-perd-10-000-bph\/"]}]},{"@type":"ImageObject","inLanguage":"fr-FR","@id":"https:\/\/www.bbmpackaging.com\/fr\/machines\/lignes-embouteillage-occasion\/ligne-verre-perd-10-000-bph\/#primaryimage","url":"https:\/\/cdn.bbmpackaging.com\/wp-content\/uploads\/2023\/02\/BBM_VAP-Glass-Plant-e1715939348320.jpg","contentUrl":"https:\/\/cdn.bbmpackaging.com\/wp-content\/uploads\/2023\/02\/BBM_VAP-Glass-Plant-e1715939348320.jpg","width":1353,"height":1014,"caption":"BBM_VAP Glass Plant"},{"@type":"BreadcrumbList","@id":"https:\/\/www.bbmpackaging.com\/fr\/machines\/lignes-embouteillage-occasion\/ligne-verre-perd-10-000-bph\/#breadcrumb","itemListElement":[{"@type":"ListItem","position":1,"name":"Home","item":"https:\/\/www.bbmpackaging.com\/fr\/"},{"@type":"ListItem","position":2,"name":"Produits","item":"https:\/\/www.bbmpackaging.com\/fr\/produits\/"},{"@type":"ListItem","position":3,"name":"Machines d\u2019occasion","item":"https:\/\/www.bbmpackaging.com\/fr\/machines\/occasion\/"},{"@type":"ListItem","position":4,"name":"Ligne d\u2019embouteillage et d\u2019emballage","item":"https:\/\/www.bbmpackaging.com\/fr\/machines\/lignes-embouteillage-occasion\/"},{"@type":"ListItem","position":5,"name":"LIGNE DE VERRE JETABLE 10.000 BPH"}]},{"@type":"WebSite","@id":"https:\/\/www.bbmpackaging.com\/fr\/#website","url":"https:\/\/www.bbmpackaging.com\/fr\/","name":"BBM Packaging","description":"Imbottigliamento: macchinari manutenzione e much more","potentialAction":[{"@type":"SearchAction","target":{"@type":"EntryPoint","urlTemplate":"https:\/\/www.bbmpackaging.com\/fr\/?s={search_term_string}"},"query-input":{"@type":"PropertyValueSpecification","valueRequired":true,"valueName":"search_term_string"}}],"inLanguage":"fr-FR"}]}},"_links":{"self":[{"href":"https:\/\/www.bbmpackaging.com\/fr\/wp-json\/wp\/v2\/product\/32289","targetHints":{"allow":["GET"]}}],"collection":[{"href":"https:\/\/www.bbmpackaging.com\/fr\/wp-json\/wp\/v2\/product"}],"about":[{"href":"https:\/\/www.bbmpackaging.com\/fr\/wp-json\/wp\/v2\/types\/product"}],"replies":[{"embeddable":true,"href":"https:\/\/www.bbmpackaging.com\/fr\/wp-json\/wp\/v2\/comments?post=32289"}],"wp:featuredmedia":[{"embeddable":true,"href":"https:\/\/www.bbmpackaging.com\/fr\/wp-json\/wp\/v2\/media\/40396"}],"wp:attachment":[{"href":"https:\/\/www.bbmpackaging.com\/fr\/wp-json\/wp\/v2\/media?parent=32289"}],"wp:term":[{"taxonomy":"brand","embeddable":true,"href":"https:\/\/www.bbmpackaging.com\/fr\/wp-json\/wp\/v2\/brand?post=32289"},{"taxonomy":"product_brand","embeddable":true,"href":"https:\/\/www.bbmpackaging.com\/fr\/wp-json\/wp\/v2\/product_brand?post=32289"},{"taxonomy":"product_cat","embeddable":true,"href":"https:\/\/www.bbmpackaging.com\/fr\/wp-json\/wp\/v2\/product_cat?post=32289"},{"taxonomy":"product_tag","embeddable":true,"href":"https:\/\/www.bbmpackaging.com\/fr\/wp-json\/wp\/v2\/product_tag?post=32289"}],"curies":[{"name":"wp","href":"https:\/\/api.w.org\/{rel}","templated":true}]}}