{"id":33958,"date":"2023-03-13T12:16:15","date_gmt":"2023-03-13T11:16:15","guid":{"rendered":"https:\/\/www.bbmpackaging.com\/prodotto\/sbobinatore-manuale\/"},"modified":"2026-02-05T12:33:00","modified_gmt":"2026-02-05T11:33:00","slug":"sbobinatore-manuale","status":"publish","type":"product","link":"https:\/\/www.bbmpackaging.com\/fr\/machines\/derouleur-manuel\/","title":{"rendered":"D\u00e9rouleur manuel"},"content":{"rendered":"<p><strong>D\u00e9rouleur manuel BBM pour s\u00e9parer le r\u00e9sidu du film de la bobine<\/strong><\/p>\n<p>La s\u00e9paration du film r\u00e9siduel de la bobine de film r\u00e9tractable sur les <a href=\"https:\/\/www.bbmpackaging.com\/fr\/fardeleuse-et-formeuses-de-barquettes-d-occasion\/\" target=\"_blank\" rel=\"noopener\"><strong>machines d&#8217;emballage<\/strong><\/a> se fait aujourd&rsquo;hui manuellement \u00e0 l&rsquo;aide de ciseaux et de cutters, qui endommagent souvent le mandrin et amincissent le film r\u00e9siduel. Cette dynamique augmente \u00e9galement le risque de coupures chez les op\u00e9rateurs. En raison des nombreux accidents sur les lignes d&#8217;emballage, BBM a \u00e9t\u00e9 invit\u00e9 \u00e0 concevoir un dispositif permettant de s\u00e9parer les deux composants en toute s\u00e9curit\u00e9.<\/p>\n<p>Le <strong>d\u00e9rouleur manuel<\/strong> de BBM Service r\u00e9pond \u00e0 ce besoin en permettant une s\u00e9paration s\u00fbre et rapide des deux composants. L\u00e9ger et compact, le d\u00e9rouleur manuel est facilement transportable entre les lignes d&#8217;emballage et compl\u00e8te n&rsquo;importe quel type de machine d&#8217;emballage sous film r\u00e9tractable.<\/p>\n<h4 class=\"big\"><\/h4>\n","protected":false},"excerpt":{"rendered":"<h4 class=\"big\">D\u00e9rouleur manuel BBM pour la s\u00e9paration du r\u00e9sidus de bobine. Le d\u00e9partement d&rsquo;ing\u00e9nierie de BBM Service a d\u00e9velopp\u00e9 et construit la premi\u00e8re d\u00e9rouleuse manuelle, un dispositif qui permet de s\u00e9parer automatiquement et en toute s\u00e9curit\u00e9 les r\u00e9sidus de la bobine.<\/h4>\n","protected":false},"featured_media":33952,"comment_status":"closed","ping_status":"closed","template":"","meta":{"_acf_changed":false},"brand":[7497],"product_brand":[],"product_cat":[1102,1106,1103],"product_tag":[2914,2743,2725],"class_list":{"0":"post-33958","1":"product","2":"type-product","3":"status-publish","4":"has-post-thumbnail","6":"brand-bbm-packaging","7":"product_cat-machines","8":"product_cat-occasion","9":"product_cat-neuf","10":"product_tag-packaging-fr","11":"product_tag-machine-fr","12":"product_tag-bottling-fr","14":"first","15":"instock","16":"shipping-taxable","17":"product-type-simple"},"acf":[],"yoast_head":"<!-- This site is optimized with the Yoast SEO plugin v27.2 - https:\/\/yoast.com\/product\/yoast-seo-wordpress\/ -->\n<title>D\u00e9rouleur Manuel Neuf - BBM Packaging<\/title>\n<meta name=\"description\" content=\"D\u00e9couvrez le d\u00e9rouleur manuel BBM pour s\u00e9parer le noyau du r\u00e9sidu de la bobine en toute s\u00e9curit\u00e9. R\u00e9duit les risques\" \/>\n<meta name=\"robots\" content=\"index, follow, max-snippet:-1, max-image-preview:large, max-video-preview:-1\" \/>\n<link rel=\"canonical\" href=\"https:\/\/www.bbmpackaging.com\/fr\/machines\/derouleur-manuel\/\" \/>\n<meta property=\"og:locale\" content=\"fr_FR\" \/>\n<meta property=\"og:type\" content=\"article\" \/>\n<meta property=\"og:title\" content=\"D\u00e9rouleur Manuel Neuf - BBM Packaging\" \/>\n<meta property=\"og:description\" content=\"D\u00e9couvrez le d\u00e9rouleur manuel BBM pour s\u00e9parer le noyau du r\u00e9sidu de la bobine en toute s\u00e9curit\u00e9. R\u00e9duit les risques\" \/>\n<meta property=\"og:url\" content=\"https:\/\/www.bbmpackaging.com\/fr\/machines\/derouleur-manuel\/\" \/>\n<meta property=\"og:site_name\" content=\"BBM Packaging\" \/>\n<meta property=\"article:modified_time\" content=\"2026-02-05T11:33:00+00:00\" \/>\n<meta property=\"og:image\" content=\"https:\/\/www.bbmpackaging.com\/wp-content\/uploads\/2023\/03\/Sbobinatore-manuale_bottling-machine-1.jpg\" \/>\n\t<meta property=\"og:image:width\" content=\"450\" \/>\n\t<meta property=\"og:image:height\" content=\"370\" \/>\n\t<meta property=\"og:image:type\" content=\"image\/jpeg\" \/>\n<meta name=\"twitter:card\" content=\"summary_large_image\" \/>\n<meta name=\"twitter:label1\" content=\"Dur\u00e9e de lecture estim\u00e9e\" \/>\n\t<meta name=\"twitter:data1\" content=\"1 minute\" \/>\n<script type=\"application\/ld+json\" class=\"yoast-schema-graph\">{\"@context\":\"https:\/\/schema.org\",\"@graph\":[{\"@type\":\"WebPage\",\"@id\":\"https:\/\/www.bbmpackaging.com\/fr\/machines\/derouleur-manuel\/\",\"url\":\"https:\/\/www.bbmpackaging.com\/fr\/machines\/derouleur-manuel\/\",\"name\":\"D\u00e9rouleur Manuel Neuf - BBM Packaging\",\"isPartOf\":{\"@id\":\"https:\/\/www.bbmpackaging.com\/fr\/#website\"},\"primaryImageOfPage\":{\"@id\":\"https:\/\/www.bbmpackaging.com\/fr\/machines\/derouleur-manuel\/#primaryimage\"},\"image\":{\"@id\":\"https:\/\/www.bbmpackaging.com\/fr\/machines\/derouleur-manuel\/#primaryimage\"},\"thumbnailUrl\":\"https:\/\/cdn.bbmpackaging.com\/wp-content\/uploads\/2023\/03\/Sbobinatore-manuale_bottling-machine-1.jpg\",\"datePublished\":\"2023-03-13T11:16:15+00:00\",\"dateModified\":\"2026-02-05T11:33:00+00:00\",\"description\":\"D\u00e9couvrez le d\u00e9rouleur manuel BBM pour s\u00e9parer le noyau du r\u00e9sidu de la bobine en toute s\u00e9curit\u00e9. R\u00e9duit les risques\",\"breadcrumb\":{\"@id\":\"https:\/\/www.bbmpackaging.com\/fr\/machines\/derouleur-manuel\/#breadcrumb\"},\"inLanguage\":\"fr-FR\",\"potentialAction\":[{\"@type\":\"ReadAction\",\"target\":[\"https:\/\/www.bbmpackaging.com\/fr\/machines\/derouleur-manuel\/\"]}]},{\"@type\":\"ImageObject\",\"inLanguage\":\"fr-FR\",\"@id\":\"https:\/\/www.bbmpackaging.com\/fr\/machines\/derouleur-manuel\/#primaryimage\",\"url\":\"https:\/\/cdn.bbmpackaging.com\/wp-content\/uploads\/2023\/03\/Sbobinatore-manuale_bottling-machine-1.jpg\",\"contentUrl\":\"https:\/\/cdn.bbmpackaging.com\/wp-content\/uploads\/2023\/03\/Sbobinatore-manuale_bottling-machine-1.jpg\",\"width\":450,\"height\":370,\"caption\":\"Sbobinatore manuale_bottling machine\"},{\"@type\":\"BreadcrumbList\",\"@id\":\"https:\/\/www.bbmpackaging.com\/fr\/machines\/derouleur-manuel\/#breadcrumb\",\"itemListElement\":[{\"@type\":\"ListItem\",\"position\":1,\"name\":\"Home\",\"item\":\"https:\/\/www.bbmpackaging.com\/fr\/\"},{\"@type\":\"ListItem\",\"position\":2,\"name\":\"Produits\",\"item\":\"https:\/\/www.bbmpackaging.com\/fr\/produits\/\"},{\"@type\":\"ListItem\",\"position\":3,\"name\":\"D\u00e9rouleur manuel\"}]},{\"@type\":\"WebSite\",\"@id\":\"https:\/\/www.bbmpackaging.com\/fr\/#website\",\"url\":\"https:\/\/www.bbmpackaging.com\/fr\/\",\"name\":\"BBM Packaging\",\"description\":\"Imbottigliamento: macchinari manutenzione e much more\",\"potentialAction\":[{\"@type\":\"SearchAction\",\"target\":{\"@type\":\"EntryPoint\",\"urlTemplate\":\"https:\/\/www.bbmpackaging.com\/fr\/?s={search_term_string}\"},\"query-input\":{\"@type\":\"PropertyValueSpecification\",\"valueRequired\":true,\"valueName\":\"search_term_string\"}}],\"inLanguage\":\"fr-FR\"}]}<\/script>\n<!-- \/ Yoast SEO plugin. -->","yoast_head_json":{"title":"D\u00e9rouleur Manuel Neuf - BBM Packaging","description":"D\u00e9couvrez le d\u00e9rouleur manuel BBM pour s\u00e9parer le noyau du r\u00e9sidu de la bobine en toute s\u00e9curit\u00e9. R\u00e9duit les risques","robots":{"index":"index","follow":"follow","max-snippet":"max-snippet:-1","max-image-preview":"max-image-preview:large","max-video-preview":"max-video-preview:-1"},"canonical":"https:\/\/www.bbmpackaging.com\/fr\/machines\/derouleur-manuel\/","og_locale":"fr_FR","og_type":"article","og_title":"D\u00e9rouleur Manuel Neuf - BBM Packaging","og_description":"D\u00e9couvrez le d\u00e9rouleur manuel BBM pour s\u00e9parer le noyau du r\u00e9sidu de la bobine en toute s\u00e9curit\u00e9. R\u00e9duit les risques","og_url":"https:\/\/www.bbmpackaging.com\/fr\/machines\/derouleur-manuel\/","og_site_name":"BBM Packaging","article_modified_time":"2026-02-05T11:33:00+00:00","og_image":[{"width":450,"height":370,"url":"https:\/\/www.bbmpackaging.com\/wp-content\/uploads\/2023\/03\/Sbobinatore-manuale_bottling-machine-1.jpg","type":"image\/jpeg"}],"twitter_card":"summary_large_image","twitter_misc":{"Dur\u00e9e de lecture estim\u00e9e":"1 minute"},"schema":{"@context":"https:\/\/schema.org","@graph":[{"@type":"WebPage","@id":"https:\/\/www.bbmpackaging.com\/fr\/machines\/derouleur-manuel\/","url":"https:\/\/www.bbmpackaging.com\/fr\/machines\/derouleur-manuel\/","name":"D\u00e9rouleur Manuel Neuf - BBM Packaging","isPartOf":{"@id":"https:\/\/www.bbmpackaging.com\/fr\/#website"},"primaryImageOfPage":{"@id":"https:\/\/www.bbmpackaging.com\/fr\/machines\/derouleur-manuel\/#primaryimage"},"image":{"@id":"https:\/\/www.bbmpackaging.com\/fr\/machines\/derouleur-manuel\/#primaryimage"},"thumbnailUrl":"https:\/\/cdn.bbmpackaging.com\/wp-content\/uploads\/2023\/03\/Sbobinatore-manuale_bottling-machine-1.jpg","datePublished":"2023-03-13T11:16:15+00:00","dateModified":"2026-02-05T11:33:00+00:00","description":"D\u00e9couvrez le d\u00e9rouleur manuel BBM pour s\u00e9parer le noyau du r\u00e9sidu de la bobine en toute s\u00e9curit\u00e9. R\u00e9duit les risques","breadcrumb":{"@id":"https:\/\/www.bbmpackaging.com\/fr\/machines\/derouleur-manuel\/#breadcrumb"},"inLanguage":"fr-FR","potentialAction":[{"@type":"ReadAction","target":["https:\/\/www.bbmpackaging.com\/fr\/machines\/derouleur-manuel\/"]}]},{"@type":"ImageObject","inLanguage":"fr-FR","@id":"https:\/\/www.bbmpackaging.com\/fr\/machines\/derouleur-manuel\/#primaryimage","url":"https:\/\/cdn.bbmpackaging.com\/wp-content\/uploads\/2023\/03\/Sbobinatore-manuale_bottling-machine-1.jpg","contentUrl":"https:\/\/cdn.bbmpackaging.com\/wp-content\/uploads\/2023\/03\/Sbobinatore-manuale_bottling-machine-1.jpg","width":450,"height":370,"caption":"Sbobinatore manuale_bottling machine"},{"@type":"BreadcrumbList","@id":"https:\/\/www.bbmpackaging.com\/fr\/machines\/derouleur-manuel\/#breadcrumb","itemListElement":[{"@type":"ListItem","position":1,"name":"Home","item":"https:\/\/www.bbmpackaging.com\/fr\/"},{"@type":"ListItem","position":2,"name":"Produits","item":"https:\/\/www.bbmpackaging.com\/fr\/produits\/"},{"@type":"ListItem","position":3,"name":"D\u00e9rouleur manuel"}]},{"@type":"WebSite","@id":"https:\/\/www.bbmpackaging.com\/fr\/#website","url":"https:\/\/www.bbmpackaging.com\/fr\/","name":"BBM Packaging","description":"Imbottigliamento: macchinari manutenzione e much more","potentialAction":[{"@type":"SearchAction","target":{"@type":"EntryPoint","urlTemplate":"https:\/\/www.bbmpackaging.com\/fr\/?s={search_term_string}"},"query-input":{"@type":"PropertyValueSpecification","valueRequired":true,"valueName":"search_term_string"}}],"inLanguage":"fr-FR"}]}},"_links":{"self":[{"href":"https:\/\/www.bbmpackaging.com\/fr\/wp-json\/wp\/v2\/product\/33958","targetHints":{"allow":["GET"]}}],"collection":[{"href":"https:\/\/www.bbmpackaging.com\/fr\/wp-json\/wp\/v2\/product"}],"about":[{"href":"https:\/\/www.bbmpackaging.com\/fr\/wp-json\/wp\/v2\/types\/product"}],"replies":[{"embeddable":true,"href":"https:\/\/www.bbmpackaging.com\/fr\/wp-json\/wp\/v2\/comments?post=33958"}],"wp:featuredmedia":[{"embeddable":true,"href":"https:\/\/www.bbmpackaging.com\/fr\/wp-json\/wp\/v2\/media\/33952"}],"wp:attachment":[{"href":"https:\/\/www.bbmpackaging.com\/fr\/wp-json\/wp\/v2\/media?parent=33958"}],"wp:term":[{"taxonomy":"brand","embeddable":true,"href":"https:\/\/www.bbmpackaging.com\/fr\/wp-json\/wp\/v2\/brand?post=33958"},{"taxonomy":"product_brand","embeddable":true,"href":"https:\/\/www.bbmpackaging.com\/fr\/wp-json\/wp\/v2\/product_brand?post=33958"},{"taxonomy":"product_cat","embeddable":true,"href":"https:\/\/www.bbmpackaging.com\/fr\/wp-json\/wp\/v2\/product_cat?post=33958"},{"taxonomy":"product_tag","embeddable":true,"href":"https:\/\/www.bbmpackaging.com\/fr\/wp-json\/wp\/v2\/product_tag?post=33958"}],"curies":[{"name":"wp","href":"https:\/\/api.w.org\/{rel}","templated":true}]}}