{"id":34196,"date":"2023-05-04T08:33:08","date_gmt":"2023-05-04T06:33:08","guid":{"rendered":"https:\/\/www.bbmpackaging.com\/prodotto\/pallettizzatore-acmi-rasar-p130-2\/"},"modified":"2026-03-04T11:59:55","modified_gmt":"2026-03-04T10:59:55","slug":"pallettizzatore-acmi-rasar-p130-2","status":"publish","type":"product","link":"https:\/\/www.bbmpackaging.com\/fr\/machines\/palettiseurs-occasion\/palettiseur-acmi-rasar-p130-2\/","title":{"rendered":"Palettiseur ACMI Rasar P130"},"content":{"rendered":"<p>Palettiseur ACMI, mod\u00e8le Rasar P130, d&rsquo;occasion, r\u00e9vis\u00e9 et garanti.<\/p>\n","protected":false},"excerpt":{"rendered":"<p>Palettiseur ACMI Rasar mod\u00e8le P130 d&rsquo;occasion, r\u00e9vis\u00e9 et garanti. Palettiseur avec une vitesse nominale de 30 pph. Complet avec positionner automatique des intercalaires. Disponible imm\u00e9diatement et visible dans le showroom BBM \u00e0 Lenna. La vitesse indiqu\u00e9e en bouteilles par heure fait r\u00e9f\u00e9rence au format standard de 1500 ml en conditionnement 3&#215;2.<\/p>\n","protected":false},"featured_media":34161,"comment_status":"closed","ping_status":"closed","template":"","meta":{"_acf_changed":false},"brand":[7527],"product_brand":[],"product_cat":[1102,1106,1126],"product_tag":[2725,3442],"class_list":{"0":"post-34196","1":"product","2":"type-product","3":"status-publish","4":"has-post-thumbnail","6":"brand-acmi","7":"product_cat-machines","8":"product_cat-occasion","9":"product_cat-palettiseurs-occasion","10":"product_tag-bottling-fr","11":"product_tag-palletizer-fr","13":"first","14":"instock","15":"shipping-taxable","16":"product-type-simple"},"acf":[],"yoast_head":"<!-- This site is optimized with the Yoast SEO plugin v27.2 - https:\/\/yoast.com\/product\/yoast-seo-wordpress\/ -->\n<title>Palettiseur ACMI Rasar P130 d&#039;occasion - BBM Packaging<\/title>\n<meta name=\"description\" content=\"D\u00e9couvrez le palettiseur ACMI Rasar P130 d&#039;occasion et garanti, avec une vitesse de 30 pph et un poseur de carton automatique. Visible dans le showroom BBM \u00e0 Lenna.\" \/>\n<meta name=\"robots\" content=\"index, follow, max-snippet:-1, max-image-preview:large, max-video-preview:-1\" \/>\n<link rel=\"canonical\" href=\"https:\/\/www.bbmpackaging.com\/fr\/machines\/palettiseurs-occasion\/palettiseur-acmi-rasar-p130-2\/\" \/>\n<meta property=\"og:locale\" content=\"fr_FR\" \/>\n<meta property=\"og:type\" content=\"article\" \/>\n<meta property=\"og:title\" content=\"Palettiseur ACMI Rasar P130 d&#039;occasion - BBM Packaging\" \/>\n<meta property=\"og:description\" content=\"D\u00e9couvrez le palettiseur ACMI Rasar P130 d&#039;occasion et garanti, avec une vitesse de 30 pph et un poseur de carton automatique. Visible dans le showroom BBM \u00e0 Lenna.\" \/>\n<meta property=\"og:url\" content=\"https:\/\/www.bbmpackaging.com\/fr\/machines\/palettiseurs-occasion\/palettiseur-acmi-rasar-p130-2\/\" \/>\n<meta property=\"og:site_name\" content=\"BBM Packaging\" \/>\n<meta property=\"article:modified_time\" content=\"2026-03-04T10:59:55+00:00\" \/>\n<meta property=\"og:image\" content=\"https:\/\/www.bbmpackaging.com\/wp-content\/uploads\/2023\/05\/BBM_Pallettizzatore-ACMI-Rasar-P130_foto-prodotto.jpg.jpg\" \/>\n\t<meta property=\"og:image:width\" content=\"560\" \/>\n\t<meta property=\"og:image:height\" content=\"420\" \/>\n\t<meta property=\"og:image:type\" content=\"image\/jpeg\" \/>\n<meta name=\"twitter:card\" content=\"summary_large_image\" \/>\n<meta name=\"twitter:label1\" content=\"Dur\u00e9e de lecture estim\u00e9e\" \/>\n\t<meta name=\"twitter:data1\" content=\"1 minute\" \/>\n<script type=\"application\/ld+json\" class=\"yoast-schema-graph\">{\"@context\":\"https:\/\/schema.org\",\"@graph\":[{\"@type\":\"WebPage\",\"@id\":\"https:\/\/www.bbmpackaging.com\/fr\/machines\/palettiseurs-occasion\/palettiseur-acmi-rasar-p130-2\/\",\"url\":\"https:\/\/www.bbmpackaging.com\/fr\/machines\/palettiseurs-occasion\/palettiseur-acmi-rasar-p130-2\/\",\"name\":\"Palettiseur ACMI Rasar P130 d'occasion - BBM Packaging\",\"isPartOf\":{\"@id\":\"https:\/\/www.bbmpackaging.com\/fr\/#website\"},\"primaryImageOfPage\":{\"@id\":\"https:\/\/www.bbmpackaging.com\/fr\/machines\/palettiseurs-occasion\/palettiseur-acmi-rasar-p130-2\/#primaryimage\"},\"image\":{\"@id\":\"https:\/\/www.bbmpackaging.com\/fr\/machines\/palettiseurs-occasion\/palettiseur-acmi-rasar-p130-2\/#primaryimage\"},\"thumbnailUrl\":\"https:\/\/cdn.bbmpackaging.com\/wp-content\/uploads\/2023\/05\/BBM_Pallettizzatore-ACMI-Rasar-P130_foto-prodotto.jpg.jpg\",\"datePublished\":\"2023-05-04T06:33:08+00:00\",\"dateModified\":\"2026-03-04T10:59:55+00:00\",\"description\":\"D\u00e9couvrez le palettiseur ACMI Rasar P130 d'occasion et garanti, avec une vitesse de 30 pph et un poseur de carton automatique. Visible dans le showroom BBM \u00e0 Lenna.\",\"breadcrumb\":{\"@id\":\"https:\/\/www.bbmpackaging.com\/fr\/machines\/palettiseurs-occasion\/palettiseur-acmi-rasar-p130-2\/#breadcrumb\"},\"inLanguage\":\"fr-FR\",\"potentialAction\":[{\"@type\":\"ReadAction\",\"target\":[\"https:\/\/www.bbmpackaging.com\/fr\/machines\/palettiseurs-occasion\/palettiseur-acmi-rasar-p130-2\/\"]}]},{\"@type\":\"ImageObject\",\"inLanguage\":\"fr-FR\",\"@id\":\"https:\/\/www.bbmpackaging.com\/fr\/machines\/palettiseurs-occasion\/palettiseur-acmi-rasar-p130-2\/#primaryimage\",\"url\":\"https:\/\/cdn.bbmpackaging.com\/wp-content\/uploads\/2023\/05\/BBM_Pallettizzatore-ACMI-Rasar-P130_foto-prodotto.jpg.jpg\",\"contentUrl\":\"https:\/\/cdn.bbmpackaging.com\/wp-content\/uploads\/2023\/05\/BBM_Pallettizzatore-ACMI-Rasar-P130_foto-prodotto.jpg.jpg\",\"width\":560,\"height\":420,\"caption\":\"BBM_Pallettizzatore ACMI Rasar P130\"},{\"@type\":\"BreadcrumbList\",\"@id\":\"https:\/\/www.bbmpackaging.com\/fr\/machines\/palettiseurs-occasion\/palettiseur-acmi-rasar-p130-2\/#breadcrumb\",\"itemListElement\":[{\"@type\":\"ListItem\",\"position\":1,\"name\":\"Home\",\"item\":\"https:\/\/www.bbmpackaging.com\/fr\/\"},{\"@type\":\"ListItem\",\"position\":2,\"name\":\"Produits\",\"item\":\"https:\/\/www.bbmpackaging.com\/fr\/produits\/\"},{\"@type\":\"ListItem\",\"position\":3,\"name\":\"Machines d\u2019occasion\",\"item\":\"https:\/\/www.bbmpackaging.com\/fr\/machines\/occasion\/\"},{\"@type\":\"ListItem\",\"position\":4,\"name\":\"Palettiseurs\",\"item\":\"https:\/\/www.bbmpackaging.com\/fr\/machines\/palettiseurs-occasion\/\"},{\"@type\":\"ListItem\",\"position\":5,\"name\":\"Palettiseur ACMI Rasar P130\"}]},{\"@type\":\"WebSite\",\"@id\":\"https:\/\/www.bbmpackaging.com\/fr\/#website\",\"url\":\"https:\/\/www.bbmpackaging.com\/fr\/\",\"name\":\"BBM Packaging\",\"description\":\"Imbottigliamento: macchinari manutenzione e much more\",\"potentialAction\":[{\"@type\":\"SearchAction\",\"target\":{\"@type\":\"EntryPoint\",\"urlTemplate\":\"https:\/\/www.bbmpackaging.com\/fr\/?s={search_term_string}\"},\"query-input\":{\"@type\":\"PropertyValueSpecification\",\"valueRequired\":true,\"valueName\":\"search_term_string\"}}],\"inLanguage\":\"fr-FR\"}]}<\/script>\n<!-- \/ Yoast SEO plugin. -->","yoast_head_json":{"title":"Palettiseur ACMI Rasar P130 d'occasion - BBM Packaging","description":"D\u00e9couvrez le palettiseur ACMI Rasar P130 d'occasion et garanti, avec une vitesse de 30 pph et un poseur de carton automatique. Visible dans le showroom BBM \u00e0 Lenna.","robots":{"index":"index","follow":"follow","max-snippet":"max-snippet:-1","max-image-preview":"max-image-preview:large","max-video-preview":"max-video-preview:-1"},"canonical":"https:\/\/www.bbmpackaging.com\/fr\/machines\/palettiseurs-occasion\/palettiseur-acmi-rasar-p130-2\/","og_locale":"fr_FR","og_type":"article","og_title":"Palettiseur ACMI Rasar P130 d'occasion - BBM Packaging","og_description":"D\u00e9couvrez le palettiseur ACMI Rasar P130 d'occasion et garanti, avec une vitesse de 30 pph et un poseur de carton automatique. Visible dans le showroom BBM \u00e0 Lenna.","og_url":"https:\/\/www.bbmpackaging.com\/fr\/machines\/palettiseurs-occasion\/palettiseur-acmi-rasar-p130-2\/","og_site_name":"BBM Packaging","article_modified_time":"2026-03-04T10:59:55+00:00","og_image":[{"width":560,"height":420,"url":"https:\/\/www.bbmpackaging.com\/wp-content\/uploads\/2023\/05\/BBM_Pallettizzatore-ACMI-Rasar-P130_foto-prodotto.jpg.jpg","type":"image\/jpeg"}],"twitter_card":"summary_large_image","twitter_misc":{"Dur\u00e9e de lecture estim\u00e9e":"1 minute"},"schema":{"@context":"https:\/\/schema.org","@graph":[{"@type":"WebPage","@id":"https:\/\/www.bbmpackaging.com\/fr\/machines\/palettiseurs-occasion\/palettiseur-acmi-rasar-p130-2\/","url":"https:\/\/www.bbmpackaging.com\/fr\/machines\/palettiseurs-occasion\/palettiseur-acmi-rasar-p130-2\/","name":"Palettiseur ACMI Rasar P130 d'occasion - BBM Packaging","isPartOf":{"@id":"https:\/\/www.bbmpackaging.com\/fr\/#website"},"primaryImageOfPage":{"@id":"https:\/\/www.bbmpackaging.com\/fr\/machines\/palettiseurs-occasion\/palettiseur-acmi-rasar-p130-2\/#primaryimage"},"image":{"@id":"https:\/\/www.bbmpackaging.com\/fr\/machines\/palettiseurs-occasion\/palettiseur-acmi-rasar-p130-2\/#primaryimage"},"thumbnailUrl":"https:\/\/cdn.bbmpackaging.com\/wp-content\/uploads\/2023\/05\/BBM_Pallettizzatore-ACMI-Rasar-P130_foto-prodotto.jpg.jpg","datePublished":"2023-05-04T06:33:08+00:00","dateModified":"2026-03-04T10:59:55+00:00","description":"D\u00e9couvrez le palettiseur ACMI Rasar P130 d'occasion et garanti, avec une vitesse de 30 pph et un poseur de carton automatique. Visible dans le showroom BBM \u00e0 Lenna.","breadcrumb":{"@id":"https:\/\/www.bbmpackaging.com\/fr\/machines\/palettiseurs-occasion\/palettiseur-acmi-rasar-p130-2\/#breadcrumb"},"inLanguage":"fr-FR","potentialAction":[{"@type":"ReadAction","target":["https:\/\/www.bbmpackaging.com\/fr\/machines\/palettiseurs-occasion\/palettiseur-acmi-rasar-p130-2\/"]}]},{"@type":"ImageObject","inLanguage":"fr-FR","@id":"https:\/\/www.bbmpackaging.com\/fr\/machines\/palettiseurs-occasion\/palettiseur-acmi-rasar-p130-2\/#primaryimage","url":"https:\/\/cdn.bbmpackaging.com\/wp-content\/uploads\/2023\/05\/BBM_Pallettizzatore-ACMI-Rasar-P130_foto-prodotto.jpg.jpg","contentUrl":"https:\/\/cdn.bbmpackaging.com\/wp-content\/uploads\/2023\/05\/BBM_Pallettizzatore-ACMI-Rasar-P130_foto-prodotto.jpg.jpg","width":560,"height":420,"caption":"BBM_Pallettizzatore ACMI Rasar P130"},{"@type":"BreadcrumbList","@id":"https:\/\/www.bbmpackaging.com\/fr\/machines\/palettiseurs-occasion\/palettiseur-acmi-rasar-p130-2\/#breadcrumb","itemListElement":[{"@type":"ListItem","position":1,"name":"Home","item":"https:\/\/www.bbmpackaging.com\/fr\/"},{"@type":"ListItem","position":2,"name":"Produits","item":"https:\/\/www.bbmpackaging.com\/fr\/produits\/"},{"@type":"ListItem","position":3,"name":"Machines d\u2019occasion","item":"https:\/\/www.bbmpackaging.com\/fr\/machines\/occasion\/"},{"@type":"ListItem","position":4,"name":"Palettiseurs","item":"https:\/\/www.bbmpackaging.com\/fr\/machines\/palettiseurs-occasion\/"},{"@type":"ListItem","position":5,"name":"Palettiseur ACMI Rasar P130"}]},{"@type":"WebSite","@id":"https:\/\/www.bbmpackaging.com\/fr\/#website","url":"https:\/\/www.bbmpackaging.com\/fr\/","name":"BBM Packaging","description":"Imbottigliamento: macchinari manutenzione e much more","potentialAction":[{"@type":"SearchAction","target":{"@type":"EntryPoint","urlTemplate":"https:\/\/www.bbmpackaging.com\/fr\/?s={search_term_string}"},"query-input":{"@type":"PropertyValueSpecification","valueRequired":true,"valueName":"search_term_string"}}],"inLanguage":"fr-FR"}]}},"_links":{"self":[{"href":"https:\/\/www.bbmpackaging.com\/fr\/wp-json\/wp\/v2\/product\/34196","targetHints":{"allow":["GET"]}}],"collection":[{"href":"https:\/\/www.bbmpackaging.com\/fr\/wp-json\/wp\/v2\/product"}],"about":[{"href":"https:\/\/www.bbmpackaging.com\/fr\/wp-json\/wp\/v2\/types\/product"}],"replies":[{"embeddable":true,"href":"https:\/\/www.bbmpackaging.com\/fr\/wp-json\/wp\/v2\/comments?post=34196"}],"wp:featuredmedia":[{"embeddable":true,"href":"https:\/\/www.bbmpackaging.com\/fr\/wp-json\/wp\/v2\/media\/34161"}],"wp:attachment":[{"href":"https:\/\/www.bbmpackaging.com\/fr\/wp-json\/wp\/v2\/media?parent=34196"}],"wp:term":[{"taxonomy":"brand","embeddable":true,"href":"https:\/\/www.bbmpackaging.com\/fr\/wp-json\/wp\/v2\/brand?post=34196"},{"taxonomy":"product_brand","embeddable":true,"href":"https:\/\/www.bbmpackaging.com\/fr\/wp-json\/wp\/v2\/product_brand?post=34196"},{"taxonomy":"product_cat","embeddable":true,"href":"https:\/\/www.bbmpackaging.com\/fr\/wp-json\/wp\/v2\/product_cat?post=34196"},{"taxonomy":"product_tag","embeddable":true,"href":"https:\/\/www.bbmpackaging.com\/fr\/wp-json\/wp\/v2\/product_tag?post=34196"}],"curies":[{"name":"wp","href":"https:\/\/api.w.org\/{rel}","templated":true}]}}