{"id":34627,"date":"2023-05-05T12:06:55","date_gmt":"2023-05-05T10:06:55","guid":{"rendered":"https:\/\/www.bbmpackaging.com\/prodotto\/raddrizzatore-bottiglie-lanfranchi-2\/"},"modified":"2025-02-27T09:37:17","modified_gmt":"2025-02-27T08:37:17","slug":"raddrizzatore-bottiglie-lanfranchi-2","status":"publish","type":"product","link":"https:\/\/www.bbmpackaging.com\/fr\/machines\/autres-machines-occasion\/redresseur-bouteilles-lanfranchi-2\/","title":{"rendered":"Redresseur bouteilles Lanfranchi"},"content":{"rendered":"<p>Redresseur de bouteilles PET. R\u00e9vis\u00e9 et garanti par BBM Service. Egalement disponible comme-il-est. Le redresseur de bouteilles fonctionne \u00e0 une vitesse de 18 000 bouteilles par heure.<\/p>\n","protected":false},"excerpt":{"rendered":"<p>Redresseur de bouteilles r\u00e9vis\u00e9 et garanti<\/p>\n","protected":false},"featured_media":43626,"comment_status":"closed","ping_status":"closed","template":"","meta":{"_acf_changed":false},"brand":[7548],"product_brand":[],"product_cat":[1102,1106,1128],"product_tag":[2725,2914,3722],"class_list":{"0":"post-34627","1":"product","2":"type-product","3":"status-publish","4":"has-post-thumbnail","6":"brand-lanfranchi","7":"product_cat-machines","8":"product_cat-occasion","9":"product_cat-autres-machines-occasion","10":"product_tag-bottling-fr","11":"product_tag-packaging-fr","12":"product_tag-raddrizzatore-bottiglie-fr","14":"first","15":"instock","16":"shipping-taxable","17":"product-type-simple"},"acf":[],"yoast_head":"<!-- This site is optimized with the Yoast SEO plugin v27.2 - https:\/\/yoast.com\/product\/yoast-seo-wordpress\/ -->\n<title>Redresseur de bouteilles Lanfranchi d&#039;occasion - BBM Packaging<\/title>\n<meta name=\"description\" content=\"D\u00e9couvrez le redresseur de bouteilles Lanfranchi pour PET, r\u00e9vis\u00e9 et garanti par BBM Service. Disponible \u00e9galement vu et plu.\" \/>\n<meta name=\"robots\" content=\"index, follow, max-snippet:-1, max-image-preview:large, max-video-preview:-1\" \/>\n<link rel=\"canonical\" href=\"https:\/\/www.bbmpackaging.com\/fr\/machines\/autres-machines-occasion\/redresseur-bouteilles-lanfranchi-2\/\" \/>\n<meta property=\"og:locale\" content=\"fr_FR\" \/>\n<meta property=\"og:type\" content=\"article\" \/>\n<meta property=\"og:title\" content=\"Redresseur de bouteilles Lanfranchi d&#039;occasion - BBM Packaging\" \/>\n<meta property=\"og:description\" content=\"D\u00e9couvrez le redresseur de bouteilles Lanfranchi pour PET, r\u00e9vis\u00e9 et garanti par BBM Service. Disponible \u00e9galement vu et plu.\" \/>\n<meta property=\"og:url\" content=\"https:\/\/www.bbmpackaging.com\/fr\/machines\/autres-machines-occasion\/redresseur-bouteilles-lanfranchi-2\/\" \/>\n<meta property=\"og:site_name\" content=\"BBM Packaging\" \/>\n<meta property=\"article:modified_time\" content=\"2025-02-27T08:37:17+00:00\" \/>\n<meta property=\"og:image\" content=\"https:\/\/cdn.bbmpackaging.com\/wp-content\/uploads\/2024\/08\/BBM_Redresseur-bouteilles-Lanfranchi-9.jpg\" \/>\n\t<meta property=\"og:image:width\" content=\"801\" \/>\n\t<meta property=\"og:image:height\" content=\"600\" \/>\n\t<meta property=\"og:image:type\" content=\"image\/jpeg\" \/>\n<meta name=\"twitter:card\" content=\"summary_large_image\" \/>\n<meta name=\"twitter:label1\" content=\"Dur\u00e9e de lecture estim\u00e9e\" \/>\n\t<meta name=\"twitter:data1\" content=\"1 minute\" \/>\n<script type=\"application\/ld+json\" class=\"yoast-schema-graph\">{\"@context\":\"https:\/\/schema.org\",\"@graph\":[{\"@type\":\"WebPage\",\"@id\":\"https:\/\/www.bbmpackaging.com\/fr\/machines\/autres-machines-occasion\/redresseur-bouteilles-lanfranchi-2\/\",\"url\":\"https:\/\/www.bbmpackaging.com\/fr\/machines\/autres-machines-occasion\/redresseur-bouteilles-lanfranchi-2\/\",\"name\":\"Redresseur de bouteilles Lanfranchi d'occasion - BBM Packaging\",\"isPartOf\":{\"@id\":\"https:\/\/www.bbmpackaging.com\/fr\/#website\"},\"primaryImageOfPage\":{\"@id\":\"https:\/\/www.bbmpackaging.com\/fr\/machines\/autres-machines-occasion\/redresseur-bouteilles-lanfranchi-2\/#primaryimage\"},\"image\":{\"@id\":\"https:\/\/www.bbmpackaging.com\/fr\/machines\/autres-machines-occasion\/redresseur-bouteilles-lanfranchi-2\/#primaryimage\"},\"thumbnailUrl\":\"https:\/\/cdn.bbmpackaging.com\/wp-content\/uploads\/2024\/08\/BBM_Redresseur-bouteilles-Lanfranchi-9.jpg\",\"datePublished\":\"2023-05-05T10:06:55+00:00\",\"dateModified\":\"2025-02-27T08:37:17+00:00\",\"description\":\"D\u00e9couvrez le redresseur de bouteilles Lanfranchi pour PET, r\u00e9vis\u00e9 et garanti par BBM Service. Disponible \u00e9galement vu et plu.\",\"breadcrumb\":{\"@id\":\"https:\/\/www.bbmpackaging.com\/fr\/machines\/autres-machines-occasion\/redresseur-bouteilles-lanfranchi-2\/#breadcrumb\"},\"inLanguage\":\"fr-FR\",\"potentialAction\":[{\"@type\":\"ReadAction\",\"target\":[\"https:\/\/www.bbmpackaging.com\/fr\/machines\/autres-machines-occasion\/redresseur-bouteilles-lanfranchi-2\/\"]}]},{\"@type\":\"ImageObject\",\"inLanguage\":\"fr-FR\",\"@id\":\"https:\/\/www.bbmpackaging.com\/fr\/machines\/autres-machines-occasion\/redresseur-bouteilles-lanfranchi-2\/#primaryimage\",\"url\":\"https:\/\/cdn.bbmpackaging.com\/wp-content\/uploads\/2024\/08\/BBM_Redresseur-bouteilles-Lanfranchi-9.jpg\",\"contentUrl\":\"https:\/\/cdn.bbmpackaging.com\/wp-content\/uploads\/2024\/08\/BBM_Redresseur-bouteilles-Lanfranchi-9.jpg\",\"width\":801,\"height\":600,\"caption\":\"BBM_Redresseur bouteilles Lanfranchi\"},{\"@type\":\"BreadcrumbList\",\"@id\":\"https:\/\/www.bbmpackaging.com\/fr\/machines\/autres-machines-occasion\/redresseur-bouteilles-lanfranchi-2\/#breadcrumb\",\"itemListElement\":[{\"@type\":\"ListItem\",\"position\":1,\"name\":\"Home\",\"item\":\"https:\/\/www.bbmpackaging.com\/fr\/\"},{\"@type\":\"ListItem\",\"position\":2,\"name\":\"Produits\",\"item\":\"https:\/\/www.bbmpackaging.com\/fr\/produits\/\"},{\"@type\":\"ListItem\",\"position\":3,\"name\":\"Machines d\u2019occasion\",\"item\":\"https:\/\/www.bbmpackaging.com\/fr\/machines\/occasion\/\"},{\"@type\":\"ListItem\",\"position\":4,\"name\":\"Autres machines pour l\u2019embouteillage\",\"item\":\"https:\/\/www.bbmpackaging.com\/fr\/machines\/autres-machines-occasion\/\"},{\"@type\":\"ListItem\",\"position\":5,\"name\":\"Redresseur bouteilles Lanfranchi\"}]},{\"@type\":\"WebSite\",\"@id\":\"https:\/\/www.bbmpackaging.com\/fr\/#website\",\"url\":\"https:\/\/www.bbmpackaging.com\/fr\/\",\"name\":\"BBM Packaging\",\"description\":\"Imbottigliamento: macchinari manutenzione e much more\",\"potentialAction\":[{\"@type\":\"SearchAction\",\"target\":{\"@type\":\"EntryPoint\",\"urlTemplate\":\"https:\/\/www.bbmpackaging.com\/fr\/?s={search_term_string}\"},\"query-input\":{\"@type\":\"PropertyValueSpecification\",\"valueRequired\":true,\"valueName\":\"search_term_string\"}}],\"inLanguage\":\"fr-FR\"}]}<\/script>\n<!-- \/ Yoast SEO plugin. -->","yoast_head_json":{"title":"Redresseur de bouteilles Lanfranchi d'occasion - BBM Packaging","description":"D\u00e9couvrez le redresseur de bouteilles Lanfranchi pour PET, r\u00e9vis\u00e9 et garanti par BBM Service. Disponible \u00e9galement vu et plu.","robots":{"index":"index","follow":"follow","max-snippet":"max-snippet:-1","max-image-preview":"max-image-preview:large","max-video-preview":"max-video-preview:-1"},"canonical":"https:\/\/www.bbmpackaging.com\/fr\/machines\/autres-machines-occasion\/redresseur-bouteilles-lanfranchi-2\/","og_locale":"fr_FR","og_type":"article","og_title":"Redresseur de bouteilles Lanfranchi d'occasion - BBM Packaging","og_description":"D\u00e9couvrez le redresseur de bouteilles Lanfranchi pour PET, r\u00e9vis\u00e9 et garanti par BBM Service. Disponible \u00e9galement vu et plu.","og_url":"https:\/\/www.bbmpackaging.com\/fr\/machines\/autres-machines-occasion\/redresseur-bouteilles-lanfranchi-2\/","og_site_name":"BBM Packaging","article_modified_time":"2025-02-27T08:37:17+00:00","og_image":[{"width":801,"height":600,"url":"https:\/\/cdn.bbmpackaging.com\/wp-content\/uploads\/2024\/08\/BBM_Redresseur-bouteilles-Lanfranchi-9.jpg","type":"image\/jpeg"}],"twitter_card":"summary_large_image","twitter_misc":{"Dur\u00e9e de lecture estim\u00e9e":"1 minute"},"schema":{"@context":"https:\/\/schema.org","@graph":[{"@type":"WebPage","@id":"https:\/\/www.bbmpackaging.com\/fr\/machines\/autres-machines-occasion\/redresseur-bouteilles-lanfranchi-2\/","url":"https:\/\/www.bbmpackaging.com\/fr\/machines\/autres-machines-occasion\/redresseur-bouteilles-lanfranchi-2\/","name":"Redresseur de bouteilles Lanfranchi d'occasion - BBM Packaging","isPartOf":{"@id":"https:\/\/www.bbmpackaging.com\/fr\/#website"},"primaryImageOfPage":{"@id":"https:\/\/www.bbmpackaging.com\/fr\/machines\/autres-machines-occasion\/redresseur-bouteilles-lanfranchi-2\/#primaryimage"},"image":{"@id":"https:\/\/www.bbmpackaging.com\/fr\/machines\/autres-machines-occasion\/redresseur-bouteilles-lanfranchi-2\/#primaryimage"},"thumbnailUrl":"https:\/\/cdn.bbmpackaging.com\/wp-content\/uploads\/2024\/08\/BBM_Redresseur-bouteilles-Lanfranchi-9.jpg","datePublished":"2023-05-05T10:06:55+00:00","dateModified":"2025-02-27T08:37:17+00:00","description":"D\u00e9couvrez le redresseur de bouteilles Lanfranchi pour PET, r\u00e9vis\u00e9 et garanti par BBM Service. Disponible \u00e9galement vu et plu.","breadcrumb":{"@id":"https:\/\/www.bbmpackaging.com\/fr\/machines\/autres-machines-occasion\/redresseur-bouteilles-lanfranchi-2\/#breadcrumb"},"inLanguage":"fr-FR","potentialAction":[{"@type":"ReadAction","target":["https:\/\/www.bbmpackaging.com\/fr\/machines\/autres-machines-occasion\/redresseur-bouteilles-lanfranchi-2\/"]}]},{"@type":"ImageObject","inLanguage":"fr-FR","@id":"https:\/\/www.bbmpackaging.com\/fr\/machines\/autres-machines-occasion\/redresseur-bouteilles-lanfranchi-2\/#primaryimage","url":"https:\/\/cdn.bbmpackaging.com\/wp-content\/uploads\/2024\/08\/BBM_Redresseur-bouteilles-Lanfranchi-9.jpg","contentUrl":"https:\/\/cdn.bbmpackaging.com\/wp-content\/uploads\/2024\/08\/BBM_Redresseur-bouteilles-Lanfranchi-9.jpg","width":801,"height":600,"caption":"BBM_Redresseur bouteilles Lanfranchi"},{"@type":"BreadcrumbList","@id":"https:\/\/www.bbmpackaging.com\/fr\/machines\/autres-machines-occasion\/redresseur-bouteilles-lanfranchi-2\/#breadcrumb","itemListElement":[{"@type":"ListItem","position":1,"name":"Home","item":"https:\/\/www.bbmpackaging.com\/fr\/"},{"@type":"ListItem","position":2,"name":"Produits","item":"https:\/\/www.bbmpackaging.com\/fr\/produits\/"},{"@type":"ListItem","position":3,"name":"Machines d\u2019occasion","item":"https:\/\/www.bbmpackaging.com\/fr\/machines\/occasion\/"},{"@type":"ListItem","position":4,"name":"Autres machines pour l\u2019embouteillage","item":"https:\/\/www.bbmpackaging.com\/fr\/machines\/autres-machines-occasion\/"},{"@type":"ListItem","position":5,"name":"Redresseur bouteilles Lanfranchi"}]},{"@type":"WebSite","@id":"https:\/\/www.bbmpackaging.com\/fr\/#website","url":"https:\/\/www.bbmpackaging.com\/fr\/","name":"BBM Packaging","description":"Imbottigliamento: macchinari manutenzione e much more","potentialAction":[{"@type":"SearchAction","target":{"@type":"EntryPoint","urlTemplate":"https:\/\/www.bbmpackaging.com\/fr\/?s={search_term_string}"},"query-input":{"@type":"PropertyValueSpecification","valueRequired":true,"valueName":"search_term_string"}}],"inLanguage":"fr-FR"}]}},"_links":{"self":[{"href":"https:\/\/www.bbmpackaging.com\/fr\/wp-json\/wp\/v2\/product\/34627","targetHints":{"allow":["GET"]}}],"collection":[{"href":"https:\/\/www.bbmpackaging.com\/fr\/wp-json\/wp\/v2\/product"}],"about":[{"href":"https:\/\/www.bbmpackaging.com\/fr\/wp-json\/wp\/v2\/types\/product"}],"replies":[{"embeddable":true,"href":"https:\/\/www.bbmpackaging.com\/fr\/wp-json\/wp\/v2\/comments?post=34627"}],"wp:featuredmedia":[{"embeddable":true,"href":"https:\/\/www.bbmpackaging.com\/fr\/wp-json\/wp\/v2\/media\/43626"}],"wp:attachment":[{"href":"https:\/\/www.bbmpackaging.com\/fr\/wp-json\/wp\/v2\/media?parent=34627"}],"wp:term":[{"taxonomy":"brand","embeddable":true,"href":"https:\/\/www.bbmpackaging.com\/fr\/wp-json\/wp\/v2\/brand?post=34627"},{"taxonomy":"product_brand","embeddable":true,"href":"https:\/\/www.bbmpackaging.com\/fr\/wp-json\/wp\/v2\/product_brand?post=34627"},{"taxonomy":"product_cat","embeddable":true,"href":"https:\/\/www.bbmpackaging.com\/fr\/wp-json\/wp\/v2\/product_cat?post=34627"},{"taxonomy":"product_tag","embeddable":true,"href":"https:\/\/www.bbmpackaging.com\/fr\/wp-json\/wp\/v2\/product_tag?post=34627"}],"curies":[{"name":"wp","href":"https:\/\/api.w.org\/{rel}","templated":true}]}}