{"id":37865,"date":"2023-11-02T16:01:04","date_gmt":"2023-11-02T15:01:04","guid":{"rendered":"https:\/\/www.bbmpackaging.com\/prodotto\/fardellatrice-ocme-vega-ht-100-2\/"},"modified":"2026-03-04T08:14:58","modified_gmt":"2026-03-04T07:14:58","slug":"fardellatrice-ocme-vega-ht-100-2","status":"publish","type":"product","link":"https:\/\/www.bbmpackaging.com\/fr\/machines\/fardeleuses-formeuses-de-barquettes-occasion\/fardeleuse-ocme-vega-ht-100-2\/","title":{"rendered":"Fardeleuse OCME VEGA HT 100\/2"},"content":{"rendered":"<p>Fardeleuse d&rsquo;occasion, r\u00e9vis\u00e9e et garantie. Fardeleuse \u00e0 double piste pour l&#8217;emballage sous film. Machine avec une vitesse nominale de 200 paquets par minute. La fardeleuse emballe les canettes dans un film.<\/p>\n","protected":false},"excerpt":{"rendered":"<p>Fardeleuse automatique OCME VEGA HT 100\/2 d&rsquo;occasion, r\u00e9vis\u00e9e et garantie. La vitesse indiqu\u00e9e en bouteilles par heure fait r\u00e9f\u00e9rence au format standard de 1500 ml en conditionnement 3&#215;2.<\/p>\n","protected":false},"featured_media":37825,"comment_status":"closed","ping_status":"closed","template":"","meta":{"_acf_changed":false},"brand":[7458],"product_brand":[],"product_cat":[1102,1106,1118],"product_tag":[],"class_list":{"0":"post-37865","1":"product","2":"type-product","3":"status-publish","4":"has-post-thumbnail","6":"brand-ocme","7":"product_cat-machines","8":"product_cat-occasion","9":"product_cat-fardeleuses-formeuses-de-barquettes-occasion","11":"first","12":"instock","13":"shipping-taxable","14":"product-type-simple"},"acf":[],"yoast_head":"<!-- This site is optimized with the Yoast SEO plugin v27.2 - https:\/\/yoast.com\/product\/yoast-seo-wordpress\/ -->\n<title>Fardeleuse OCME VEGA HT 100\/2 d&#039;occasion - BBM Packaging<\/title>\n<meta name=\"description\" content=\"D\u00e9couvrez la fardeleuse OCME VEGA HT 100\/2 d&#039;occasion, r\u00e9vis\u00e9e. Fardeleuse \u00e0 double voie pour le conditionnement en film. Vitesse nominale de 200 packs\/min.\" \/>\n<meta name=\"robots\" content=\"index, follow, max-snippet:-1, max-image-preview:large, max-video-preview:-1\" \/>\n<link rel=\"canonical\" href=\"https:\/\/www.bbmpackaging.com\/fr\/machines\/fardeleuses-formeuses-de-barquettes-occasion\/fardeleuse-ocme-vega-ht-100-2\/\" \/>\n<meta property=\"og:locale\" content=\"fr_FR\" \/>\n<meta property=\"og:type\" content=\"article\" \/>\n<meta property=\"og:title\" content=\"Fardeleuse OCME VEGA HT 100\/2 d&#039;occasion - BBM Packaging\" \/>\n<meta property=\"og:description\" content=\"D\u00e9couvrez la fardeleuse OCME VEGA HT 100\/2 d&#039;occasion, r\u00e9vis\u00e9e. Fardeleuse \u00e0 double voie pour le conditionnement en film. Vitesse nominale de 200 packs\/min.\" \/>\n<meta property=\"og:url\" content=\"https:\/\/www.bbmpackaging.com\/fr\/machines\/fardeleuses-formeuses-de-barquettes-occasion\/fardeleuse-ocme-vega-ht-100-2\/\" \/>\n<meta property=\"og:site_name\" content=\"BBM Packaging\" \/>\n<meta property=\"article:modified_time\" content=\"2026-03-04T07:14:58+00:00\" \/>\n<meta property=\"og:image\" content=\"https:\/\/www.bbmpackaging.com\/wp-content\/uploads\/2023\/11\/BBM_Fardellatrice-OCME-VEGA-HT-100_2_foto-prodotto-e1698938446208.jpg\" \/>\n\t<meta property=\"og:image:width\" content=\"1441\" \/>\n\t<meta property=\"og:image:height\" content=\"1080\" \/>\n\t<meta property=\"og:image:type\" content=\"image\/jpeg\" \/>\n<meta name=\"twitter:card\" content=\"summary_large_image\" \/>\n<meta name=\"twitter:label1\" content=\"Dur\u00e9e de lecture estim\u00e9e\" \/>\n\t<meta name=\"twitter:data1\" content=\"1 minute\" \/>\n<script type=\"application\/ld+json\" class=\"yoast-schema-graph\">{\"@context\":\"https:\/\/schema.org\",\"@graph\":[{\"@type\":\"WebPage\",\"@id\":\"https:\/\/www.bbmpackaging.com\/fr\/machines\/fardeleuses-formeuses-de-barquettes-occasion\/fardeleuse-ocme-vega-ht-100-2\/\",\"url\":\"https:\/\/www.bbmpackaging.com\/fr\/machines\/fardeleuses-formeuses-de-barquettes-occasion\/fardeleuse-ocme-vega-ht-100-2\/\",\"name\":\"Fardeleuse OCME VEGA HT 100\/2 d'occasion - BBM Packaging\",\"isPartOf\":{\"@id\":\"https:\/\/www.bbmpackaging.com\/fr\/#website\"},\"primaryImageOfPage\":{\"@id\":\"https:\/\/www.bbmpackaging.com\/fr\/machines\/fardeleuses-formeuses-de-barquettes-occasion\/fardeleuse-ocme-vega-ht-100-2\/#primaryimage\"},\"image\":{\"@id\":\"https:\/\/www.bbmpackaging.com\/fr\/machines\/fardeleuses-formeuses-de-barquettes-occasion\/fardeleuse-ocme-vega-ht-100-2\/#primaryimage\"},\"thumbnailUrl\":\"https:\/\/cdn.bbmpackaging.com\/wp-content\/uploads\/2023\/11\/BBM_Fardellatrice-OCME-VEGA-HT-100_2_foto-prodotto-e1698938446208.jpg\",\"datePublished\":\"2023-11-02T15:01:04+00:00\",\"dateModified\":\"2026-03-04T07:14:58+00:00\",\"description\":\"D\u00e9couvrez la fardeleuse OCME VEGA HT 100\/2 d'occasion, r\u00e9vis\u00e9e. Fardeleuse \u00e0 double voie pour le conditionnement en film. Vitesse nominale de 200 packs\/min.\",\"breadcrumb\":{\"@id\":\"https:\/\/www.bbmpackaging.com\/fr\/machines\/fardeleuses-formeuses-de-barquettes-occasion\/fardeleuse-ocme-vega-ht-100-2\/#breadcrumb\"},\"inLanguage\":\"fr-FR\",\"potentialAction\":[{\"@type\":\"ReadAction\",\"target\":[\"https:\/\/www.bbmpackaging.com\/fr\/machines\/fardeleuses-formeuses-de-barquettes-occasion\/fardeleuse-ocme-vega-ht-100-2\/\"]}]},{\"@type\":\"ImageObject\",\"inLanguage\":\"fr-FR\",\"@id\":\"https:\/\/www.bbmpackaging.com\/fr\/machines\/fardeleuses-formeuses-de-barquettes-occasion\/fardeleuse-ocme-vega-ht-100-2\/#primaryimage\",\"url\":\"https:\/\/cdn.bbmpackaging.com\/wp-content\/uploads\/2023\/11\/BBM_Fardellatrice-OCME-VEGA-HT-100_2_foto-prodotto-e1698938446208.jpg\",\"contentUrl\":\"https:\/\/cdn.bbmpackaging.com\/wp-content\/uploads\/2023\/11\/BBM_Fardellatrice-OCME-VEGA-HT-100_2_foto-prodotto-e1698938446208.jpg\",\"width\":1441,\"height\":1080,\"caption\":\"BBM_Fardellatrice OCME VEGA HT 100_2\"},{\"@type\":\"BreadcrumbList\",\"@id\":\"https:\/\/www.bbmpackaging.com\/fr\/machines\/fardeleuses-formeuses-de-barquettes-occasion\/fardeleuse-ocme-vega-ht-100-2\/#breadcrumb\",\"itemListElement\":[{\"@type\":\"ListItem\",\"position\":1,\"name\":\"Home\",\"item\":\"https:\/\/www.bbmpackaging.com\/fr\/\"},{\"@type\":\"ListItem\",\"position\":2,\"name\":\"Produits\",\"item\":\"https:\/\/www.bbmpackaging.com\/fr\/produits\/\"},{\"@type\":\"ListItem\",\"position\":3,\"name\":\"Machines d\u2019occasion\",\"item\":\"https:\/\/www.bbmpackaging.com\/fr\/machines\/occasion\/\"},{\"@type\":\"ListItem\",\"position\":4,\"name\":\"Fardeleuse et formeuses de barquettes\",\"item\":\"https:\/\/www.bbmpackaging.com\/fr\/machines\/fardeleuses-formeuses-de-barquettes-occasion\/\"},{\"@type\":\"ListItem\",\"position\":5,\"name\":\"Fardeleuse OCME VEGA HT 100\/2\"}]},{\"@type\":\"WebSite\",\"@id\":\"https:\/\/www.bbmpackaging.com\/fr\/#website\",\"url\":\"https:\/\/www.bbmpackaging.com\/fr\/\",\"name\":\"BBM Packaging\",\"description\":\"Imbottigliamento: macchinari manutenzione e much more\",\"potentialAction\":[{\"@type\":\"SearchAction\",\"target\":{\"@type\":\"EntryPoint\",\"urlTemplate\":\"https:\/\/www.bbmpackaging.com\/fr\/?s={search_term_string}\"},\"query-input\":{\"@type\":\"PropertyValueSpecification\",\"valueRequired\":true,\"valueName\":\"search_term_string\"}}],\"inLanguage\":\"fr-FR\"}]}<\/script>\n<!-- \/ Yoast SEO plugin. -->","yoast_head_json":{"title":"Fardeleuse OCME VEGA HT 100\/2 d'occasion - BBM Packaging","description":"D\u00e9couvrez la fardeleuse OCME VEGA HT 100\/2 d'occasion, r\u00e9vis\u00e9e. Fardeleuse \u00e0 double voie pour le conditionnement en film. Vitesse nominale de 200 packs\/min.","robots":{"index":"index","follow":"follow","max-snippet":"max-snippet:-1","max-image-preview":"max-image-preview:large","max-video-preview":"max-video-preview:-1"},"canonical":"https:\/\/www.bbmpackaging.com\/fr\/machines\/fardeleuses-formeuses-de-barquettes-occasion\/fardeleuse-ocme-vega-ht-100-2\/","og_locale":"fr_FR","og_type":"article","og_title":"Fardeleuse OCME VEGA HT 100\/2 d'occasion - BBM Packaging","og_description":"D\u00e9couvrez la fardeleuse OCME VEGA HT 100\/2 d'occasion, r\u00e9vis\u00e9e. Fardeleuse \u00e0 double voie pour le conditionnement en film. Vitesse nominale de 200 packs\/min.","og_url":"https:\/\/www.bbmpackaging.com\/fr\/machines\/fardeleuses-formeuses-de-barquettes-occasion\/fardeleuse-ocme-vega-ht-100-2\/","og_site_name":"BBM Packaging","article_modified_time":"2026-03-04T07:14:58+00:00","og_image":[{"width":1441,"height":1080,"url":"https:\/\/www.bbmpackaging.com\/wp-content\/uploads\/2023\/11\/BBM_Fardellatrice-OCME-VEGA-HT-100_2_foto-prodotto-e1698938446208.jpg","type":"image\/jpeg"}],"twitter_card":"summary_large_image","twitter_misc":{"Dur\u00e9e de lecture estim\u00e9e":"1 minute"},"schema":{"@context":"https:\/\/schema.org","@graph":[{"@type":"WebPage","@id":"https:\/\/www.bbmpackaging.com\/fr\/machines\/fardeleuses-formeuses-de-barquettes-occasion\/fardeleuse-ocme-vega-ht-100-2\/","url":"https:\/\/www.bbmpackaging.com\/fr\/machines\/fardeleuses-formeuses-de-barquettes-occasion\/fardeleuse-ocme-vega-ht-100-2\/","name":"Fardeleuse OCME VEGA HT 100\/2 d'occasion - BBM Packaging","isPartOf":{"@id":"https:\/\/www.bbmpackaging.com\/fr\/#website"},"primaryImageOfPage":{"@id":"https:\/\/www.bbmpackaging.com\/fr\/machines\/fardeleuses-formeuses-de-barquettes-occasion\/fardeleuse-ocme-vega-ht-100-2\/#primaryimage"},"image":{"@id":"https:\/\/www.bbmpackaging.com\/fr\/machines\/fardeleuses-formeuses-de-barquettes-occasion\/fardeleuse-ocme-vega-ht-100-2\/#primaryimage"},"thumbnailUrl":"https:\/\/cdn.bbmpackaging.com\/wp-content\/uploads\/2023\/11\/BBM_Fardellatrice-OCME-VEGA-HT-100_2_foto-prodotto-e1698938446208.jpg","datePublished":"2023-11-02T15:01:04+00:00","dateModified":"2026-03-04T07:14:58+00:00","description":"D\u00e9couvrez la fardeleuse OCME VEGA HT 100\/2 d'occasion, r\u00e9vis\u00e9e. Fardeleuse \u00e0 double voie pour le conditionnement en film. Vitesse nominale de 200 packs\/min.","breadcrumb":{"@id":"https:\/\/www.bbmpackaging.com\/fr\/machines\/fardeleuses-formeuses-de-barquettes-occasion\/fardeleuse-ocme-vega-ht-100-2\/#breadcrumb"},"inLanguage":"fr-FR","potentialAction":[{"@type":"ReadAction","target":["https:\/\/www.bbmpackaging.com\/fr\/machines\/fardeleuses-formeuses-de-barquettes-occasion\/fardeleuse-ocme-vega-ht-100-2\/"]}]},{"@type":"ImageObject","inLanguage":"fr-FR","@id":"https:\/\/www.bbmpackaging.com\/fr\/machines\/fardeleuses-formeuses-de-barquettes-occasion\/fardeleuse-ocme-vega-ht-100-2\/#primaryimage","url":"https:\/\/cdn.bbmpackaging.com\/wp-content\/uploads\/2023\/11\/BBM_Fardellatrice-OCME-VEGA-HT-100_2_foto-prodotto-e1698938446208.jpg","contentUrl":"https:\/\/cdn.bbmpackaging.com\/wp-content\/uploads\/2023\/11\/BBM_Fardellatrice-OCME-VEGA-HT-100_2_foto-prodotto-e1698938446208.jpg","width":1441,"height":1080,"caption":"BBM_Fardellatrice OCME VEGA HT 100_2"},{"@type":"BreadcrumbList","@id":"https:\/\/www.bbmpackaging.com\/fr\/machines\/fardeleuses-formeuses-de-barquettes-occasion\/fardeleuse-ocme-vega-ht-100-2\/#breadcrumb","itemListElement":[{"@type":"ListItem","position":1,"name":"Home","item":"https:\/\/www.bbmpackaging.com\/fr\/"},{"@type":"ListItem","position":2,"name":"Produits","item":"https:\/\/www.bbmpackaging.com\/fr\/produits\/"},{"@type":"ListItem","position":3,"name":"Machines d\u2019occasion","item":"https:\/\/www.bbmpackaging.com\/fr\/machines\/occasion\/"},{"@type":"ListItem","position":4,"name":"Fardeleuse et formeuses de barquettes","item":"https:\/\/www.bbmpackaging.com\/fr\/machines\/fardeleuses-formeuses-de-barquettes-occasion\/"},{"@type":"ListItem","position":5,"name":"Fardeleuse OCME VEGA HT 100\/2"}]},{"@type":"WebSite","@id":"https:\/\/www.bbmpackaging.com\/fr\/#website","url":"https:\/\/www.bbmpackaging.com\/fr\/","name":"BBM Packaging","description":"Imbottigliamento: macchinari manutenzione e much more","potentialAction":[{"@type":"SearchAction","target":{"@type":"EntryPoint","urlTemplate":"https:\/\/www.bbmpackaging.com\/fr\/?s={search_term_string}"},"query-input":{"@type":"PropertyValueSpecification","valueRequired":true,"valueName":"search_term_string"}}],"inLanguage":"fr-FR"}]}},"_links":{"self":[{"href":"https:\/\/www.bbmpackaging.com\/fr\/wp-json\/wp\/v2\/product\/37865","targetHints":{"allow":["GET"]}}],"collection":[{"href":"https:\/\/www.bbmpackaging.com\/fr\/wp-json\/wp\/v2\/product"}],"about":[{"href":"https:\/\/www.bbmpackaging.com\/fr\/wp-json\/wp\/v2\/types\/product"}],"replies":[{"embeddable":true,"href":"https:\/\/www.bbmpackaging.com\/fr\/wp-json\/wp\/v2\/comments?post=37865"}],"wp:featuredmedia":[{"embeddable":true,"href":"https:\/\/www.bbmpackaging.com\/fr\/wp-json\/wp\/v2\/media\/37825"}],"wp:attachment":[{"href":"https:\/\/www.bbmpackaging.com\/fr\/wp-json\/wp\/v2\/media?parent=37865"}],"wp:term":[{"taxonomy":"brand","embeddable":true,"href":"https:\/\/www.bbmpackaging.com\/fr\/wp-json\/wp\/v2\/brand?post=37865"},{"taxonomy":"product_brand","embeddable":true,"href":"https:\/\/www.bbmpackaging.com\/fr\/wp-json\/wp\/v2\/product_brand?post=37865"},{"taxonomy":"product_cat","embeddable":true,"href":"https:\/\/www.bbmpackaging.com\/fr\/wp-json\/wp\/v2\/product_cat?post=37865"},{"taxonomy":"product_tag","embeddable":true,"href":"https:\/\/www.bbmpackaging.com\/fr\/wp-json\/wp\/v2\/product_tag?post=37865"}],"curies":[{"name":"wp","href":"https:\/\/api.w.org\/{rel}","templated":true}]}}