{"id":39617,"date":"2024-03-14T18:00:34","date_gmt":"2024-03-14T17:00:34","guid":{"rendered":"https:\/\/www.bbmpackaging.com\/prodotto\/banco-di-scarico-bottiglie-sfuse-da-depallettizzatore\/"},"modified":"2026-02-05T12:33:10","modified_gmt":"2026-02-05T11:33:10","slug":"banco-di-scarico-bottiglie-sfuse-da-depallettizzatore","status":"publish","type":"product","link":"https:\/\/www.bbmpackaging.com\/fr\/machines\/convoyeurs\/solutions-modulaires\/table-dechargement-bouteilles-depalettiseur\/","title":{"rendered":"Station de d\u00e9chargement des bouteilles depuis le d\u00e9palletiseur"},"content":{"rendered":"<div class=\"flex-1 overflow-hidden\">\n<div class=\"react-scroll-to-bottom--css-jybka-79elbk h-full\">\n<div class=\"react-scroll-to-bottom--css-jybka-1n7m0yu\">\n<div class=\"flex flex-col text-sm pb-9\">\n<div class=\"w-full text-token-text-primary\" data-testid=\"conversation-turn-21\">\n<div class=\"px-4 py-2 justify-center text-base md:gap-6 m-auto\">\n<div class=\"flex flex-1 text-base mx-auto gap-3 md:px-5 lg:px-1 xl:px-5 md:max-w-3xl lg:max-w-[40rem] xl:max-w-[48rem] group final-completion\">\n<div class=\"relative flex w-full flex-col agent-turn\">\n<div class=\"flex-col gap-1 md:gap-3\">\n<div class=\"flex flex-grow flex-col max-w-full\">\n<div class=\"min-h-[20px] text-message flex flex-col items-start gap-3 whitespace-pre-wrap break-words [.text-message+&amp;]:mt-5 overflow-x-auto\" data-message-author-role=\"assistant\" data-message-id=\"2855b2ec-5feb-4f2b-bcdb-b4edc5d52d7c\">\n<div class=\"markdown prose w-full break-words dark:prose-invert light\">\n<p>Apr\u00e8s avoir effectu\u00e9 la d\u00e9coupe du film protecteur, la machine lance le processus de d\u00e9palletisation des contenants. Les bouteilles sont ensuite transf\u00e9r\u00e9es sur une <strong>plateforme d&rsquo;\u00e9vacuation<\/strong> o\u00f9 elles sont organis\u00e9es et pr\u00e9par\u00e9es pour le transport automatique vers les syst\u00e8mes de remplissage.<\/p>\n<\/div>\n<\/div>\n<\/div>\n<\/div>\n<\/div>\n<\/div>\n<\/div>\n<\/div>\n<\/div>\n<\/div>\n<\/div>\n<\/div>\n<div class=\"flex-1 overflow-hidden\">\n<div class=\"react-scroll-to-bottom--css-jybka-79elbk h-full\">\n<div class=\"react-scroll-to-bottom--css-jybka-1n7m0yu\">\n<div class=\"flex flex-col text-sm pb-9\">\n<div class=\"w-full text-token-text-primary\" data-testid=\"conversation-turn-23\">\n<div class=\"px-4 py-2 justify-center text-base md:gap-6 m-auto\">\n<div class=\"flex flex-1 text-base mx-auto gap-3 md:px-5 lg:px-1 xl:px-5 md:max-w-3xl lg:max-w-[40rem] xl:max-w-[48rem] group final-completion\">\n<div class=\"relative flex w-full flex-col agent-turn\">\n<div class=\"flex-col gap-1 md:gap-3\">\n<div class=\"flex flex-grow flex-col max-w-full\">\n<div class=\"min-h-[20px] text-message flex flex-col items-start gap-3 whitespace-pre-wrap break-words [.text-message+&amp;]:mt-5 overflow-x-auto\" data-message-author-role=\"assistant\" data-message-id=\"f668dc07-8c50-4c54-8e14-c7fbc5292ea1\">\n<div class=\"markdown prose w-full break-words dark:prose-invert light\">\n<p>La station de d\u00e9chargement des bouteilles en vrac depuis le d\u00e9palletiseur est con\u00e7ue pour g\u00e9rer efficacement et pr\u00e9cis\u00e9ment les bouteilles en vrac qui proviennent du <a title=\"BBM DEPALETTISEURS\" href=\"https:\/\/www.bbmpackaging.com\/fr\/palettiseur-depalettiseur-and-bandeleuse\/\" target=\"_blank\" rel=\"noopener\"><strong>d\u00e9palletiseur<\/strong><\/a>, assurant un flux continu et sans interruption le long de la ligne de remplissage.<\/p>\n<\/div>\n<\/div>\n<\/div>\n<\/div>\n<\/div>\n<\/div>\n<\/div>\n<\/div>\n<\/div>\n<\/div>\n<\/div>\n<\/div>\n<h4>Les avantages<\/h4>\n<div class=\"flex-1 overflow-hidden\">\n<div class=\"react-scroll-to-bottom--css-jybka-79elbk h-full\">\n<div class=\"react-scroll-to-bottom--css-jybka-1n7m0yu\">\n<div class=\"flex flex-col text-sm pb-9\">\n<div class=\"w-full text-token-text-primary\" data-testid=\"conversation-turn-27\">\n<div class=\"px-4 py-2 justify-center text-base md:gap-6 m-auto\">\n<div class=\"flex flex-1 text-base mx-auto gap-3 md:px-5 lg:px-1 xl:px-5 md:max-w-3xl lg:max-w-[40rem] xl:max-w-[48rem] group final-completion\">\n<div class=\"relative flex w-full flex-col agent-turn\">\n<div class=\"flex-col gap-1 md:gap-3\">\n<div class=\"flex flex-grow flex-col max-w-full\">\n<div class=\"min-h-[20px] text-message flex flex-col items-start gap-3 whitespace-pre-wrap break-words [.text-message+&amp;]:mt-5 overflow-x-auto\" data-message-author-role=\"assistant\" data-message-id=\"0ae678bc-4e49-4729-9153-31c9442b298d\">\n<div class=\"markdown prose w-full break-words dark:prose-invert light\">\n<p>Merci \u00e0 sa conception pr\u00e9cise, la station de d\u00e9chargement des bouteilles en vrac assure que les bouteilles sont positionn\u00e9es correctement et en toute s\u00e9curit\u00e9 sur le convoyeur, \u00e9vitant les dommages ou les ruptures pendant le processus de transfert. La t\u00eate de d\u00e9chargement de couche r\u00e9cup\u00e8re les couches de contenants de toutes formes et tailles (bouteilles, bocaux, bo\u00eetes), puis les d\u00e9pose sur un tapis de stockage.<\/p>\n<\/div>\n<\/div>\n<\/div>\n<\/div>\n<\/div>\n<\/div>\n<\/div>\n<\/div>\n<\/div>\n<\/div>\n<\/div>\n<\/div>\n","protected":false},"excerpt":{"rendered":"<h2><strong>Il banco di scarico bottiglie sfuse \u00e8 essenziale per convogliare le bottiglie sfuse provenienti dal pallettizzatore verso le successive macchine della linea.<\/strong><\/h2>\n","protected":false},"featured_media":39578,"comment_status":"closed","ping_status":"closed","template":"","meta":{"_acf_changed":false},"brand":[7497],"product_brand":[],"product_cat":[1102,4459,1130,1106],"product_tag":[],"class_list":{"0":"post-39617","1":"product","2":"type-product","3":"status-publish","4":"has-post-thumbnail","6":"brand-bbm-packaging","7":"product_cat-machines","8":"product_cat-solutions-modulaires","9":"product_cat-convoyeurs","10":"product_cat-occasion","12":"first","13":"instock","14":"shipping-taxable","15":"product-type-simple"},"acf":[],"yoast_head":"<!-- This site is optimized with the Yoast SEO plugin v27.2 - https:\/\/yoast.com\/product\/yoast-seo-wordpress\/ -->\n<title>Table de d\u00e9chargement bouteilles en vrac de d\u00e9palettiseur<\/title>\n<meta name=\"description\" content=\"Table de d\u00e9chargement des bouteilles en vrac, id\u00e9ale pour la gestion des bouteilles depuis le d\u00e9palettiseur dans les lignes d\u2019embouteillage\" \/>\n<meta name=\"robots\" content=\"index, follow, max-snippet:-1, max-image-preview:large, max-video-preview:-1\" \/>\n<link rel=\"canonical\" href=\"https:\/\/www.bbmpackaging.com\/fr\/machines\/convoyeurs\/solutions-modulaires\/table-dechargement-bouteilles-depalettiseur\/\" \/>\n<meta property=\"og:locale\" content=\"fr_FR\" \/>\n<meta property=\"og:type\" content=\"article\" \/>\n<meta property=\"og:title\" content=\"Table de d\u00e9chargement bouteilles en vrac de d\u00e9palettiseur\" \/>\n<meta property=\"og:description\" content=\"Table de d\u00e9chargement des bouteilles en vrac, id\u00e9ale pour la gestion des bouteilles depuis le d\u00e9palettiseur dans les lignes d\u2019embouteillage\" \/>\n<meta property=\"og:url\" content=\"https:\/\/www.bbmpackaging.com\/fr\/machines\/convoyeurs\/solutions-modulaires\/table-dechargement-bouteilles-depalettiseur\/\" \/>\n<meta property=\"og:site_name\" content=\"BBM Packaging\" \/>\n<meta property=\"article:modified_time\" content=\"2026-02-05T11:33:10+00:00\" \/>\n<meta property=\"og:image\" content=\"https:\/\/cdn.bbmpackaging.com\/wp-content\/uploads\/2024\/03\/BBM_Depalletizer-bottle-unloading-station_-e1710487552854.jpg\" \/>\n\t<meta property=\"og:image:width\" content=\"1008\" \/>\n\t<meta property=\"og:image:height\" content=\"766\" \/>\n\t<meta property=\"og:image:type\" content=\"image\/jpeg\" \/>\n<meta name=\"twitter:card\" content=\"summary_large_image\" \/>\n<meta name=\"twitter:label1\" content=\"Dur\u00e9e de lecture estim\u00e9e\" \/>\n\t<meta name=\"twitter:data1\" content=\"1 minute\" \/>\n<script type=\"application\/ld+json\" class=\"yoast-schema-graph\">{\"@context\":\"https:\/\/schema.org\",\"@graph\":[{\"@type\":\"WebPage\",\"@id\":\"https:\/\/www.bbmpackaging.com\/fr\/machines\/convoyeurs\/solutions-modulaires\/table-dechargement-bouteilles-depalettiseur\/\",\"url\":\"https:\/\/www.bbmpackaging.com\/fr\/machines\/convoyeurs\/solutions-modulaires\/table-dechargement-bouteilles-depalettiseur\/\",\"name\":\"Table de d\u00e9chargement bouteilles en vrac de d\u00e9palettiseur\",\"isPartOf\":{\"@id\":\"https:\/\/www.bbmpackaging.com\/fr\/#website\"},\"primaryImageOfPage\":{\"@id\":\"https:\/\/www.bbmpackaging.com\/fr\/machines\/convoyeurs\/solutions-modulaires\/table-dechargement-bouteilles-depalettiseur\/#primaryimage\"},\"image\":{\"@id\":\"https:\/\/www.bbmpackaging.com\/fr\/machines\/convoyeurs\/solutions-modulaires\/table-dechargement-bouteilles-depalettiseur\/#primaryimage\"},\"thumbnailUrl\":\"https:\/\/cdn.bbmpackaging.com\/wp-content\/uploads\/2024\/03\/BBM_Depalletizer-bottle-unloading-station_-e1710487552854.jpg\",\"datePublished\":\"2024-03-14T17:00:34+00:00\",\"dateModified\":\"2026-02-05T11:33:10+00:00\",\"description\":\"Table de d\u00e9chargement des bouteilles en vrac, id\u00e9ale pour la gestion des bouteilles depuis le d\u00e9palettiseur dans les lignes d\u2019embouteillage\",\"breadcrumb\":{\"@id\":\"https:\/\/www.bbmpackaging.com\/fr\/machines\/convoyeurs\/solutions-modulaires\/table-dechargement-bouteilles-depalettiseur\/#breadcrumb\"},\"inLanguage\":\"fr-FR\",\"potentialAction\":[{\"@type\":\"ReadAction\",\"target\":[\"https:\/\/www.bbmpackaging.com\/fr\/machines\/convoyeurs\/solutions-modulaires\/table-dechargement-bouteilles-depalettiseur\/\"]}]},{\"@type\":\"ImageObject\",\"inLanguage\":\"fr-FR\",\"@id\":\"https:\/\/www.bbmpackaging.com\/fr\/machines\/convoyeurs\/solutions-modulaires\/table-dechargement-bouteilles-depalettiseur\/#primaryimage\",\"url\":\"https:\/\/cdn.bbmpackaging.com\/wp-content\/uploads\/2024\/03\/BBM_Depalletizer-bottle-unloading-station_-e1710487552854.jpg\",\"contentUrl\":\"https:\/\/cdn.bbmpackaging.com\/wp-content\/uploads\/2024\/03\/BBM_Depalletizer-bottle-unloading-station_-e1710487552854.jpg\",\"width\":1008,\"height\":766,\"caption\":\"BBM_Depalletizer bottle unloading station\"},{\"@type\":\"BreadcrumbList\",\"@id\":\"https:\/\/www.bbmpackaging.com\/fr\/machines\/convoyeurs\/solutions-modulaires\/table-dechargement-bouteilles-depalettiseur\/#breadcrumb\",\"itemListElement\":[{\"@type\":\"ListItem\",\"position\":1,\"name\":\"Home\",\"item\":\"https:\/\/www.bbmpackaging.com\/fr\/\"},{\"@type\":\"ListItem\",\"position\":2,\"name\":\"Produits\",\"item\":\"https:\/\/www.bbmpackaging.com\/fr\/produits\/\"},{\"@type\":\"ListItem\",\"position\":3,\"name\":\"Station de d\u00e9chargement des bouteilles depuis le d\u00e9palletiseur\"}]},{\"@type\":\"WebSite\",\"@id\":\"https:\/\/www.bbmpackaging.com\/fr\/#website\",\"url\":\"https:\/\/www.bbmpackaging.com\/fr\/\",\"name\":\"BBM Packaging\",\"description\":\"Imbottigliamento: macchinari manutenzione e much more\",\"potentialAction\":[{\"@type\":\"SearchAction\",\"target\":{\"@type\":\"EntryPoint\",\"urlTemplate\":\"https:\/\/www.bbmpackaging.com\/fr\/?s={search_term_string}\"},\"query-input\":{\"@type\":\"PropertyValueSpecification\",\"valueRequired\":true,\"valueName\":\"search_term_string\"}}],\"inLanguage\":\"fr-FR\"}]}<\/script>\n<!-- \/ Yoast SEO plugin. -->","yoast_head_json":{"title":"Table de d\u00e9chargement bouteilles en vrac de d\u00e9palettiseur","description":"Table de d\u00e9chargement des bouteilles en vrac, id\u00e9ale pour la gestion des bouteilles depuis le d\u00e9palettiseur dans les lignes d\u2019embouteillage","robots":{"index":"index","follow":"follow","max-snippet":"max-snippet:-1","max-image-preview":"max-image-preview:large","max-video-preview":"max-video-preview:-1"},"canonical":"https:\/\/www.bbmpackaging.com\/fr\/machines\/convoyeurs\/solutions-modulaires\/table-dechargement-bouteilles-depalettiseur\/","og_locale":"fr_FR","og_type":"article","og_title":"Table de d\u00e9chargement bouteilles en vrac de d\u00e9palettiseur","og_description":"Table de d\u00e9chargement des bouteilles en vrac, id\u00e9ale pour la gestion des bouteilles depuis le d\u00e9palettiseur dans les lignes d\u2019embouteillage","og_url":"https:\/\/www.bbmpackaging.com\/fr\/machines\/convoyeurs\/solutions-modulaires\/table-dechargement-bouteilles-depalettiseur\/","og_site_name":"BBM Packaging","article_modified_time":"2026-02-05T11:33:10+00:00","og_image":[{"width":1008,"height":766,"url":"https:\/\/cdn.bbmpackaging.com\/wp-content\/uploads\/2024\/03\/BBM_Depalletizer-bottle-unloading-station_-e1710487552854.jpg","type":"image\/jpeg"}],"twitter_card":"summary_large_image","twitter_misc":{"Dur\u00e9e de lecture estim\u00e9e":"1 minute"},"schema":{"@context":"https:\/\/schema.org","@graph":[{"@type":"WebPage","@id":"https:\/\/www.bbmpackaging.com\/fr\/machines\/convoyeurs\/solutions-modulaires\/table-dechargement-bouteilles-depalettiseur\/","url":"https:\/\/www.bbmpackaging.com\/fr\/machines\/convoyeurs\/solutions-modulaires\/table-dechargement-bouteilles-depalettiseur\/","name":"Table de d\u00e9chargement bouteilles en vrac de d\u00e9palettiseur","isPartOf":{"@id":"https:\/\/www.bbmpackaging.com\/fr\/#website"},"primaryImageOfPage":{"@id":"https:\/\/www.bbmpackaging.com\/fr\/machines\/convoyeurs\/solutions-modulaires\/table-dechargement-bouteilles-depalettiseur\/#primaryimage"},"image":{"@id":"https:\/\/www.bbmpackaging.com\/fr\/machines\/convoyeurs\/solutions-modulaires\/table-dechargement-bouteilles-depalettiseur\/#primaryimage"},"thumbnailUrl":"https:\/\/cdn.bbmpackaging.com\/wp-content\/uploads\/2024\/03\/BBM_Depalletizer-bottle-unloading-station_-e1710487552854.jpg","datePublished":"2024-03-14T17:00:34+00:00","dateModified":"2026-02-05T11:33:10+00:00","description":"Table de d\u00e9chargement des bouteilles en vrac, id\u00e9ale pour la gestion des bouteilles depuis le d\u00e9palettiseur dans les lignes d\u2019embouteillage","breadcrumb":{"@id":"https:\/\/www.bbmpackaging.com\/fr\/machines\/convoyeurs\/solutions-modulaires\/table-dechargement-bouteilles-depalettiseur\/#breadcrumb"},"inLanguage":"fr-FR","potentialAction":[{"@type":"ReadAction","target":["https:\/\/www.bbmpackaging.com\/fr\/machines\/convoyeurs\/solutions-modulaires\/table-dechargement-bouteilles-depalettiseur\/"]}]},{"@type":"ImageObject","inLanguage":"fr-FR","@id":"https:\/\/www.bbmpackaging.com\/fr\/machines\/convoyeurs\/solutions-modulaires\/table-dechargement-bouteilles-depalettiseur\/#primaryimage","url":"https:\/\/cdn.bbmpackaging.com\/wp-content\/uploads\/2024\/03\/BBM_Depalletizer-bottle-unloading-station_-e1710487552854.jpg","contentUrl":"https:\/\/cdn.bbmpackaging.com\/wp-content\/uploads\/2024\/03\/BBM_Depalletizer-bottle-unloading-station_-e1710487552854.jpg","width":1008,"height":766,"caption":"BBM_Depalletizer bottle unloading station"},{"@type":"BreadcrumbList","@id":"https:\/\/www.bbmpackaging.com\/fr\/machines\/convoyeurs\/solutions-modulaires\/table-dechargement-bouteilles-depalettiseur\/#breadcrumb","itemListElement":[{"@type":"ListItem","position":1,"name":"Home","item":"https:\/\/www.bbmpackaging.com\/fr\/"},{"@type":"ListItem","position":2,"name":"Produits","item":"https:\/\/www.bbmpackaging.com\/fr\/produits\/"},{"@type":"ListItem","position":3,"name":"Station de d\u00e9chargement des bouteilles depuis le d\u00e9palletiseur"}]},{"@type":"WebSite","@id":"https:\/\/www.bbmpackaging.com\/fr\/#website","url":"https:\/\/www.bbmpackaging.com\/fr\/","name":"BBM Packaging","description":"Imbottigliamento: macchinari manutenzione e much more","potentialAction":[{"@type":"SearchAction","target":{"@type":"EntryPoint","urlTemplate":"https:\/\/www.bbmpackaging.com\/fr\/?s={search_term_string}"},"query-input":{"@type":"PropertyValueSpecification","valueRequired":true,"valueName":"search_term_string"}}],"inLanguage":"fr-FR"}]}},"_links":{"self":[{"href":"https:\/\/www.bbmpackaging.com\/fr\/wp-json\/wp\/v2\/product\/39617","targetHints":{"allow":["GET"]}}],"collection":[{"href":"https:\/\/www.bbmpackaging.com\/fr\/wp-json\/wp\/v2\/product"}],"about":[{"href":"https:\/\/www.bbmpackaging.com\/fr\/wp-json\/wp\/v2\/types\/product"}],"replies":[{"embeddable":true,"href":"https:\/\/www.bbmpackaging.com\/fr\/wp-json\/wp\/v2\/comments?post=39617"}],"wp:featuredmedia":[{"embeddable":true,"href":"https:\/\/www.bbmpackaging.com\/fr\/wp-json\/wp\/v2\/media\/39578"}],"wp:attachment":[{"href":"https:\/\/www.bbmpackaging.com\/fr\/wp-json\/wp\/v2\/media?parent=39617"}],"wp:term":[{"taxonomy":"brand","embeddable":true,"href":"https:\/\/www.bbmpackaging.com\/fr\/wp-json\/wp\/v2\/brand?post=39617"},{"taxonomy":"product_brand","embeddable":true,"href":"https:\/\/www.bbmpackaging.com\/fr\/wp-json\/wp\/v2\/product_brand?post=39617"},{"taxonomy":"product_cat","embeddable":true,"href":"https:\/\/www.bbmpackaging.com\/fr\/wp-json\/wp\/v2\/product_cat?post=39617"},{"taxonomy":"product_tag","embeddable":true,"href":"https:\/\/www.bbmpackaging.com\/fr\/wp-json\/wp\/v2\/product_tag?post=39617"}],"curies":[{"name":"wp","href":"https:\/\/api.w.org\/{rel}","templated":true}]}}