{"id":39641,"date":"2024-03-15T12:28:21","date_gmt":"2024-03-15T11:28:21","guid":{"rendered":"https:\/\/www.bbmpackaging.com\/prodotto\/bottle-storage-disks\/"},"modified":"2026-02-05T12:33:10","modified_gmt":"2026-02-05T11:33:10","slug":"bottle-storage-disks","status":"publish","type":"product","link":"https:\/\/www.bbmpackaging.com\/fr\/machines\/convoyeurs\/solutions-modulaires\/disques-accumulation-bouteilles\/","title":{"rendered":"Disques d&rsquo;accumulation de bouteilles"},"content":{"rendered":"<p>Dans la <strong>ligne d&#8217;embouteillage<\/strong>, les disques d&rsquo;accumulation sont la solution id\u00e9ale pour garantir:<\/p>\n<ul>\n<li>L&rsquo;<strong>insertion manuelle des produits<\/strong>, offrant une plateforme stable pour faciliter cette op\u00e9ration.<\/li>\n<li>La transition fluide entre les machines avec des syst\u00e8mes d&rsquo;entr\u00e9e ou des <strong>vitesses diff\u00e9rentes.<\/strong> En effet, les disques d&rsquo;accumulation permettent de stocker temporairement les produits arrivant de la machine la plus rapide, permettant \u00e0 la machine suivante de les traiter \u00e0 un rythme appropri\u00e9. Ce processus facilite la coordination entre les phases de production et r\u00e9duit au minimum le gaspillage et les engorgements.<\/li>\n<\/ul>\n<div class=\"flex-1 overflow-hidden\">\n<div class=\"react-scroll-to-bottom--css-mmmkt-79elbk h-full\">\n<div class=\"react-scroll-to-bottom--css-mmmkt-1n7m0yu\">\n<div class=\"flex flex-col text-sm pb-9\">\n<div class=\"w-full text-token-text-primary\" data-testid=\"conversation-turn-19\">\n<div class=\"px-4 py-2 justify-center text-base md:gap-6 m-auto\">\n<div class=\"flex flex-1 text-base mx-auto gap-3 md:px-5 lg:px-1 xl:px-5 md:max-w-3xl lg:max-w-[40rem] xl:max-w-[48rem] group final-completion\">\n<div class=\"relative flex w-full flex-col agent-turn\">\n<div class=\"flex-col gap-1 md:gap-3\">\n<div class=\"flex flex-grow flex-col max-w-full\">\n<div class=\"min-h-[20px] text-message flex flex-col items-start gap-3 whitespace-pre-wrap break-words [.text-message+&amp;]:mt-5 overflow-x-auto\" data-message-author-role=\"assistant\" data-message-id=\"9388c226-220e-4308-9a91-23d31819c659\">\n<div class=\"markdown prose w-full break-words dark:prose-invert light\">\n<p>Les disques d&rsquo;accumulation peuvent \u00eatre positionn\u00e9s strat\u00e9giquement le long du parcours de travail, servant d&rsquo;\u00e9l\u00e9ments de transition.<\/p>\n<\/div>\n<\/div>\n<\/div>\n<\/div>\n<\/div>\n<\/div>\n<\/div>\n<\/div>\n<\/div>\n<\/div>\n<\/div>\n<\/div>\n","protected":false},"excerpt":{"rendered":"<div class=\"flex-1 overflow-hidden\">\n<div class=\"react-scroll-to-bottom--css-mmmkt-79elbk h-full\">\n<div class=\"react-scroll-to-bottom--css-mmmkt-1n7m0yu\">\n<div class=\"flex flex-col text-sm pb-9\">\n<div class=\"w-full text-token-text-primary\" data-testid=\"conversation-turn-23\">\n<div class=\"px-4 py-2 justify-center text-base md:gap-6 m-auto\">\n<div class=\"flex flex-1 text-base mx-auto gap-3 md:px-5 lg:px-1 xl:px-5 md:max-w-3xl lg:max-w-[40rem] xl:max-w-[48rem] group final-completion\">\n<div class=\"relative flex w-full flex-col agent-turn\">\n<div class=\"flex-col gap-1 md:gap-3\">\n<div class=\"flex flex-grow flex-col max-w-full\">\n<div class=\"min-h-[20px] text-message flex flex-col items-start gap-3 whitespace-pre-wrap break-words [.text-message+&amp;]:mt-5 overflow-x-auto\" data-message-author-role=\"assistant\" data-message-id=\"0175a5c2-5558-4977-8023-45683fecd6ad\">\n<div class=\"markdown prose w-full break-words dark:prose-invert light\">\n<h2><strong>Accumulation disks: solutions id\u00e9ales pour permettre l&rsquo;insertion manuelle de produits dans la ligne et assurer une transition fluide entre les machines fonctionnant \u00e0 des vitesses diff\u00e9rentes.<\/strong><\/h2>\n<\/div>\n<\/div>\n<\/div>\n<\/div>\n<\/div>\n<\/div>\n<\/div>\n<\/div>\n<\/div>\n<\/div>\n<\/div>\n<\/div>\n","protected":false},"featured_media":39670,"comment_status":"closed","ping_status":"closed","template":"","meta":{"_acf_changed":false},"brand":[7497],"product_brand":[],"product_cat":[1102,4459,1130,1106],"product_tag":[],"class_list":{"0":"post-39641","1":"product","2":"type-product","3":"status-publish","4":"has-post-thumbnail","6":"brand-bbm-packaging","7":"product_cat-machines","8":"product_cat-solutions-modulaires","9":"product_cat-convoyeurs","10":"product_cat-occasion","12":"first","13":"instock","14":"shipping-taxable","15":"product-type-simple"},"acf":[],"yoast_head":"<!-- This site is optimized with the Yoast SEO plugin v27.2 - https:\/\/yoast.com\/product\/yoast-seo-wordpress\/ -->\n<title>Disques d&#039;accumulation pour bouteilles - BBM Packaging<\/title>\n<meta name=\"description\" content=\"Disques d&#039;accumulation pour insertion manuelle et transition fluide entre les machines \u00e0 diff\u00e9rentes vitesses\" \/>\n<meta name=\"robots\" content=\"index, follow, max-snippet:-1, max-image-preview:large, max-video-preview:-1\" \/>\n<link rel=\"canonical\" href=\"https:\/\/www.bbmpackaging.com\/fr\/machines\/convoyeurs\/solutions-modulaires\/disques-accumulation-bouteilles\/\" \/>\n<meta property=\"og:locale\" content=\"fr_FR\" \/>\n<meta property=\"og:type\" content=\"article\" \/>\n<meta property=\"og:title\" content=\"Disques d&#039;accumulation pour bouteilles - BBM Packaging\" \/>\n<meta property=\"og:description\" content=\"Disques d&#039;accumulation pour insertion manuelle et transition fluide entre les machines \u00e0 diff\u00e9rentes vitesses\" \/>\n<meta property=\"og:url\" content=\"https:\/\/www.bbmpackaging.com\/fr\/machines\/convoyeurs\/solutions-modulaires\/disques-accumulation-bouteilles\/\" \/>\n<meta property=\"og:site_name\" content=\"BBM Packaging\" \/>\n<meta property=\"article:modified_time\" content=\"2026-02-05T11:33:10+00:00\" \/>\n<meta property=\"og:image\" content=\"https:\/\/cdn.bbmpackaging.com\/wp-content\/uploads\/2024\/03\/BBM_Bottle-storage-disks-1-1.jpg\" \/>\n\t<meta property=\"og:image:width\" content=\"974\" \/>\n\t<meta property=\"og:image:height\" content=\"730\" \/>\n\t<meta property=\"og:image:type\" content=\"image\/jpeg\" \/>\n<meta name=\"twitter:card\" content=\"summary_large_image\" \/>\n<meta name=\"twitter:label1\" content=\"Dur\u00e9e de lecture estim\u00e9e\" \/>\n\t<meta name=\"twitter:data1\" content=\"1 minute\" \/>\n<script type=\"application\/ld+json\" class=\"yoast-schema-graph\">{\"@context\":\"https:\/\/schema.org\",\"@graph\":[{\"@type\":\"WebPage\",\"@id\":\"https:\/\/www.bbmpackaging.com\/fr\/machines\/convoyeurs\/solutions-modulaires\/disques-accumulation-bouteilles\/\",\"url\":\"https:\/\/www.bbmpackaging.com\/fr\/machines\/convoyeurs\/solutions-modulaires\/disques-accumulation-bouteilles\/\",\"name\":\"Disques d'accumulation pour bouteilles - BBM Packaging\",\"isPartOf\":{\"@id\":\"https:\/\/www.bbmpackaging.com\/fr\/#website\"},\"primaryImageOfPage\":{\"@id\":\"https:\/\/www.bbmpackaging.com\/fr\/machines\/convoyeurs\/solutions-modulaires\/disques-accumulation-bouteilles\/#primaryimage\"},\"image\":{\"@id\":\"https:\/\/www.bbmpackaging.com\/fr\/machines\/convoyeurs\/solutions-modulaires\/disques-accumulation-bouteilles\/#primaryimage\"},\"thumbnailUrl\":\"https:\/\/cdn.bbmpackaging.com\/wp-content\/uploads\/2024\/03\/BBM_Bottle-storage-disks-1-1.jpg\",\"datePublished\":\"2024-03-15T11:28:21+00:00\",\"dateModified\":\"2026-02-05T11:33:10+00:00\",\"description\":\"Disques d'accumulation pour insertion manuelle et transition fluide entre les machines \u00e0 diff\u00e9rentes vitesses\",\"breadcrumb\":{\"@id\":\"https:\/\/www.bbmpackaging.com\/fr\/machines\/convoyeurs\/solutions-modulaires\/disques-accumulation-bouteilles\/#breadcrumb\"},\"inLanguage\":\"fr-FR\",\"potentialAction\":[{\"@type\":\"ReadAction\",\"target\":[\"https:\/\/www.bbmpackaging.com\/fr\/machines\/convoyeurs\/solutions-modulaires\/disques-accumulation-bouteilles\/\"]}]},{\"@type\":\"ImageObject\",\"inLanguage\":\"fr-FR\",\"@id\":\"https:\/\/www.bbmpackaging.com\/fr\/machines\/convoyeurs\/solutions-modulaires\/disques-accumulation-bouteilles\/#primaryimage\",\"url\":\"https:\/\/cdn.bbmpackaging.com\/wp-content\/uploads\/2024\/03\/BBM_Bottle-storage-disks-1-1.jpg\",\"contentUrl\":\"https:\/\/cdn.bbmpackaging.com\/wp-content\/uploads\/2024\/03\/BBM_Bottle-storage-disks-1-1.jpg\",\"width\":974,\"height\":730},{\"@type\":\"BreadcrumbList\",\"@id\":\"https:\/\/www.bbmpackaging.com\/fr\/machines\/convoyeurs\/solutions-modulaires\/disques-accumulation-bouteilles\/#breadcrumb\",\"itemListElement\":[{\"@type\":\"ListItem\",\"position\":1,\"name\":\"Home\",\"item\":\"https:\/\/www.bbmpackaging.com\/fr\/\"},{\"@type\":\"ListItem\",\"position\":2,\"name\":\"Produits\",\"item\":\"https:\/\/www.bbmpackaging.com\/fr\/produits\/\"},{\"@type\":\"ListItem\",\"position\":3,\"name\":\"Disques d&#8217;accumulation de bouteilles\"}]},{\"@type\":\"WebSite\",\"@id\":\"https:\/\/www.bbmpackaging.com\/fr\/#website\",\"url\":\"https:\/\/www.bbmpackaging.com\/fr\/\",\"name\":\"BBM Packaging\",\"description\":\"Imbottigliamento: macchinari manutenzione e much more\",\"potentialAction\":[{\"@type\":\"SearchAction\",\"target\":{\"@type\":\"EntryPoint\",\"urlTemplate\":\"https:\/\/www.bbmpackaging.com\/fr\/?s={search_term_string}\"},\"query-input\":{\"@type\":\"PropertyValueSpecification\",\"valueRequired\":true,\"valueName\":\"search_term_string\"}}],\"inLanguage\":\"fr-FR\"}]}<\/script>\n<!-- \/ Yoast SEO plugin. -->","yoast_head_json":{"title":"Disques d'accumulation pour bouteilles - BBM Packaging","description":"Disques d'accumulation pour insertion manuelle et transition fluide entre les machines \u00e0 diff\u00e9rentes vitesses","robots":{"index":"index","follow":"follow","max-snippet":"max-snippet:-1","max-image-preview":"max-image-preview:large","max-video-preview":"max-video-preview:-1"},"canonical":"https:\/\/www.bbmpackaging.com\/fr\/machines\/convoyeurs\/solutions-modulaires\/disques-accumulation-bouteilles\/","og_locale":"fr_FR","og_type":"article","og_title":"Disques d'accumulation pour bouteilles - BBM Packaging","og_description":"Disques d'accumulation pour insertion manuelle et transition fluide entre les machines \u00e0 diff\u00e9rentes vitesses","og_url":"https:\/\/www.bbmpackaging.com\/fr\/machines\/convoyeurs\/solutions-modulaires\/disques-accumulation-bouteilles\/","og_site_name":"BBM Packaging","article_modified_time":"2026-02-05T11:33:10+00:00","og_image":[{"width":974,"height":730,"url":"https:\/\/cdn.bbmpackaging.com\/wp-content\/uploads\/2024\/03\/BBM_Bottle-storage-disks-1-1.jpg","type":"image\/jpeg"}],"twitter_card":"summary_large_image","twitter_misc":{"Dur\u00e9e de lecture estim\u00e9e":"1 minute"},"schema":{"@context":"https:\/\/schema.org","@graph":[{"@type":"WebPage","@id":"https:\/\/www.bbmpackaging.com\/fr\/machines\/convoyeurs\/solutions-modulaires\/disques-accumulation-bouteilles\/","url":"https:\/\/www.bbmpackaging.com\/fr\/machines\/convoyeurs\/solutions-modulaires\/disques-accumulation-bouteilles\/","name":"Disques d'accumulation pour bouteilles - BBM Packaging","isPartOf":{"@id":"https:\/\/www.bbmpackaging.com\/fr\/#website"},"primaryImageOfPage":{"@id":"https:\/\/www.bbmpackaging.com\/fr\/machines\/convoyeurs\/solutions-modulaires\/disques-accumulation-bouteilles\/#primaryimage"},"image":{"@id":"https:\/\/www.bbmpackaging.com\/fr\/machines\/convoyeurs\/solutions-modulaires\/disques-accumulation-bouteilles\/#primaryimage"},"thumbnailUrl":"https:\/\/cdn.bbmpackaging.com\/wp-content\/uploads\/2024\/03\/BBM_Bottle-storage-disks-1-1.jpg","datePublished":"2024-03-15T11:28:21+00:00","dateModified":"2026-02-05T11:33:10+00:00","description":"Disques d'accumulation pour insertion manuelle et transition fluide entre les machines \u00e0 diff\u00e9rentes vitesses","breadcrumb":{"@id":"https:\/\/www.bbmpackaging.com\/fr\/machines\/convoyeurs\/solutions-modulaires\/disques-accumulation-bouteilles\/#breadcrumb"},"inLanguage":"fr-FR","potentialAction":[{"@type":"ReadAction","target":["https:\/\/www.bbmpackaging.com\/fr\/machines\/convoyeurs\/solutions-modulaires\/disques-accumulation-bouteilles\/"]}]},{"@type":"ImageObject","inLanguage":"fr-FR","@id":"https:\/\/www.bbmpackaging.com\/fr\/machines\/convoyeurs\/solutions-modulaires\/disques-accumulation-bouteilles\/#primaryimage","url":"https:\/\/cdn.bbmpackaging.com\/wp-content\/uploads\/2024\/03\/BBM_Bottle-storage-disks-1-1.jpg","contentUrl":"https:\/\/cdn.bbmpackaging.com\/wp-content\/uploads\/2024\/03\/BBM_Bottle-storage-disks-1-1.jpg","width":974,"height":730},{"@type":"BreadcrumbList","@id":"https:\/\/www.bbmpackaging.com\/fr\/machines\/convoyeurs\/solutions-modulaires\/disques-accumulation-bouteilles\/#breadcrumb","itemListElement":[{"@type":"ListItem","position":1,"name":"Home","item":"https:\/\/www.bbmpackaging.com\/fr\/"},{"@type":"ListItem","position":2,"name":"Produits","item":"https:\/\/www.bbmpackaging.com\/fr\/produits\/"},{"@type":"ListItem","position":3,"name":"Disques d&#8217;accumulation de bouteilles"}]},{"@type":"WebSite","@id":"https:\/\/www.bbmpackaging.com\/fr\/#website","url":"https:\/\/www.bbmpackaging.com\/fr\/","name":"BBM Packaging","description":"Imbottigliamento: macchinari manutenzione e much more","potentialAction":[{"@type":"SearchAction","target":{"@type":"EntryPoint","urlTemplate":"https:\/\/www.bbmpackaging.com\/fr\/?s={search_term_string}"},"query-input":{"@type":"PropertyValueSpecification","valueRequired":true,"valueName":"search_term_string"}}],"inLanguage":"fr-FR"}]}},"_links":{"self":[{"href":"https:\/\/www.bbmpackaging.com\/fr\/wp-json\/wp\/v2\/product\/39641","targetHints":{"allow":["GET"]}}],"collection":[{"href":"https:\/\/www.bbmpackaging.com\/fr\/wp-json\/wp\/v2\/product"}],"about":[{"href":"https:\/\/www.bbmpackaging.com\/fr\/wp-json\/wp\/v2\/types\/product"}],"replies":[{"embeddable":true,"href":"https:\/\/www.bbmpackaging.com\/fr\/wp-json\/wp\/v2\/comments?post=39641"}],"wp:featuredmedia":[{"embeddable":true,"href":"https:\/\/www.bbmpackaging.com\/fr\/wp-json\/wp\/v2\/media\/39670"}],"wp:attachment":[{"href":"https:\/\/www.bbmpackaging.com\/fr\/wp-json\/wp\/v2\/media?parent=39641"}],"wp:term":[{"taxonomy":"brand","embeddable":true,"href":"https:\/\/www.bbmpackaging.com\/fr\/wp-json\/wp\/v2\/brand?post=39641"},{"taxonomy":"product_brand","embeddable":true,"href":"https:\/\/www.bbmpackaging.com\/fr\/wp-json\/wp\/v2\/product_brand?post=39641"},{"taxonomy":"product_cat","embeddable":true,"href":"https:\/\/www.bbmpackaging.com\/fr\/wp-json\/wp\/v2\/product_cat?post=39641"},{"taxonomy":"product_tag","embeddable":true,"href":"https:\/\/www.bbmpackaging.com\/fr\/wp-json\/wp\/v2\/product_tag?post=39641"}],"curies":[{"name":"wp","href":"https:\/\/api.w.org\/{rel}","templated":true}]}}