{"id":39660,"date":"2024-03-15T14:19:14","date_gmt":"2024-03-15T13:19:14","guid":{"rendered":"https:\/\/www.bbmpackaging.com\/prodotto\/banco-di-accumulo-in-loop\/"},"modified":"2026-02-05T12:33:10","modified_gmt":"2026-02-05T11:33:10","slug":"banco-di-accumulo-in-loop","status":"publish","type":"product","link":"https:\/\/www.bbmpackaging.com\/fr\/machines\/convoyeurs\/solutions-modulaires\/tables-accumulation-loop\/","title":{"rendered":"Convoyeur de bouteilles en boucle"},"content":{"rendered":"<p>Lorsqu&rsquo;une machine de la ligne d&#8217;embouteillage (comme, par exemple, une \u00e9tiqueteuse) est \u00e0 l&rsquo;arr\u00eat ou fonctionne \u00e0 vitesse r\u00e9duite pour une raison quelconque, le flux de produits est interrompu parce qu&rsquo;il n&rsquo;y a pas d&rsquo;espace disponible pour qu&rsquo;il continue.<\/p>\n<p>Pour r\u00e9soudre ce probl\u00e8me, <strong>le produit est temporairement achemin\u00e9 sur un chemin circulaire (banc d&rsquo;accumulation en boucle) o\u00f9 il est maintenu en mouvement continu jusqu&rsquo;\u00e0 ce qu&rsquo;il puisse \u00eatre r\u00e9introduit dans la ligne d&rsquo;\u00e9vacuation principale.<\/strong><\/p>\n","protected":false},"excerpt":{"rendered":"<h2><strong>Le convoyeur de bouteilles en boucle BBM est parfait pour acheminer le produit dans une trajectoire circulaire afin d&rsquo;assurer la fluidit\u00e9 de la ligne.<\/strong><\/h2>\n","protected":false},"featured_media":39653,"comment_status":"closed","ping_status":"closed","template":"","meta":{"_acf_changed":false},"brand":[7497],"product_brand":[],"product_cat":[1102,4459,1130,1106],"product_tag":[],"class_list":{"0":"post-39660","1":"product","2":"type-product","3":"status-publish","4":"has-post-thumbnail","6":"brand-bbm-packaging","7":"product_cat-machines","8":"product_cat-solutions-modulaires","9":"product_cat-convoyeurs","10":"product_cat-occasion","12":"first","13":"instock","14":"shipping-taxable","15":"product-type-simple"},"acf":[],"yoast_head":"<!-- This site is optimized with the Yoast SEO plugin v27.2 - https:\/\/yoast.com\/product\/yoast-seo-wordpress\/ -->\n<title>Table d&#039;accumulation en boucle - BBM Packaging<\/title>\n<meta name=\"description\" content=\"La table d&#039;accumulation en boucle garantit fluidit\u00e9 dans les lignes de production, optimisant le flux des produits. D\u00e9couvrez les solutions BBM Packaging.\" \/>\n<meta name=\"robots\" content=\"index, follow, max-snippet:-1, max-image-preview:large, max-video-preview:-1\" \/>\n<link rel=\"canonical\" href=\"https:\/\/www.bbmpackaging.com\/fr\/machines\/convoyeurs\/solutions-modulaires\/tables-accumulation-loop\/\" \/>\n<meta property=\"og:locale\" content=\"fr_FR\" \/>\n<meta property=\"og:type\" content=\"article\" \/>\n<meta property=\"og:title\" content=\"Table d&#039;accumulation en boucle - BBM Packaging\" \/>\n<meta property=\"og:description\" content=\"La table d&#039;accumulation en boucle garantit fluidit\u00e9 dans les lignes de production, optimisant le flux des produits. D\u00e9couvrez les solutions BBM Packaging.\" \/>\n<meta property=\"og:url\" content=\"https:\/\/www.bbmpackaging.com\/fr\/machines\/convoyeurs\/solutions-modulaires\/tables-accumulation-loop\/\" \/>\n<meta property=\"og:site_name\" content=\"BBM Packaging\" \/>\n<meta property=\"article:modified_time\" content=\"2026-02-05T11:33:10+00:00\" \/>\n<meta property=\"og:image\" content=\"https:\/\/cdn.bbmpackaging.com\/wp-content\/uploads\/2024\/03\/BBM_Disco-di-accumulo-in-loop_-e1710509525179.jpg\" \/>\n\t<meta property=\"og:image:width\" content=\"1071\" \/>\n\t<meta property=\"og:image:height\" content=\"803\" \/>\n\t<meta property=\"og:image:type\" content=\"image\/jpeg\" \/>\n<meta name=\"twitter:card\" content=\"summary_large_image\" \/>\n<meta name=\"twitter:label1\" content=\"Dur\u00e9e de lecture estim\u00e9e\" \/>\n\t<meta name=\"twitter:data1\" content=\"1 minute\" \/>\n<script type=\"application\/ld+json\" class=\"yoast-schema-graph\">{\"@context\":\"https:\/\/schema.org\",\"@graph\":[{\"@type\":\"WebPage\",\"@id\":\"https:\/\/www.bbmpackaging.com\/fr\/machines\/convoyeurs\/solutions-modulaires\/tables-accumulation-loop\/\",\"url\":\"https:\/\/www.bbmpackaging.com\/fr\/machines\/convoyeurs\/solutions-modulaires\/tables-accumulation-loop\/\",\"name\":\"Table d'accumulation en boucle - BBM Packaging\",\"isPartOf\":{\"@id\":\"https:\/\/www.bbmpackaging.com\/fr\/#website\"},\"primaryImageOfPage\":{\"@id\":\"https:\/\/www.bbmpackaging.com\/fr\/machines\/convoyeurs\/solutions-modulaires\/tables-accumulation-loop\/#primaryimage\"},\"image\":{\"@id\":\"https:\/\/www.bbmpackaging.com\/fr\/machines\/convoyeurs\/solutions-modulaires\/tables-accumulation-loop\/#primaryimage\"},\"thumbnailUrl\":\"https:\/\/cdn.bbmpackaging.com\/wp-content\/uploads\/2024\/03\/BBM_Disco-di-accumulo-in-loop_-e1710509525179.jpg\",\"datePublished\":\"2024-03-15T13:19:14+00:00\",\"dateModified\":\"2026-02-05T11:33:10+00:00\",\"description\":\"La table d'accumulation en boucle garantit fluidit\u00e9 dans les lignes de production, optimisant le flux des produits. D\u00e9couvrez les solutions BBM Packaging.\",\"breadcrumb\":{\"@id\":\"https:\/\/www.bbmpackaging.com\/fr\/machines\/convoyeurs\/solutions-modulaires\/tables-accumulation-loop\/#breadcrumb\"},\"inLanguage\":\"fr-FR\",\"potentialAction\":[{\"@type\":\"ReadAction\",\"target\":[\"https:\/\/www.bbmpackaging.com\/fr\/machines\/convoyeurs\/solutions-modulaires\/tables-accumulation-loop\/\"]}]},{\"@type\":\"ImageObject\",\"inLanguage\":\"fr-FR\",\"@id\":\"https:\/\/www.bbmpackaging.com\/fr\/machines\/convoyeurs\/solutions-modulaires\/tables-accumulation-loop\/#primaryimage\",\"url\":\"https:\/\/cdn.bbmpackaging.com\/wp-content\/uploads\/2024\/03\/BBM_Disco-di-accumulo-in-loop_-e1710509525179.jpg\",\"contentUrl\":\"https:\/\/cdn.bbmpackaging.com\/wp-content\/uploads\/2024\/03\/BBM_Disco-di-accumulo-in-loop_-e1710509525179.jpg\",\"width\":1071,\"height\":803,\"caption\":\"BBM_Disco di accumulo in loop\"},{\"@type\":\"BreadcrumbList\",\"@id\":\"https:\/\/www.bbmpackaging.com\/fr\/machines\/convoyeurs\/solutions-modulaires\/tables-accumulation-loop\/#breadcrumb\",\"itemListElement\":[{\"@type\":\"ListItem\",\"position\":1,\"name\":\"Home\",\"item\":\"https:\/\/www.bbmpackaging.com\/fr\/\"},{\"@type\":\"ListItem\",\"position\":2,\"name\":\"Produits\",\"item\":\"https:\/\/www.bbmpackaging.com\/fr\/produits\/\"},{\"@type\":\"ListItem\",\"position\":3,\"name\":\"Convoyeur de bouteilles en boucle\"}]},{\"@type\":\"WebSite\",\"@id\":\"https:\/\/www.bbmpackaging.com\/fr\/#website\",\"url\":\"https:\/\/www.bbmpackaging.com\/fr\/\",\"name\":\"BBM Packaging\",\"description\":\"Imbottigliamento: macchinari manutenzione e much more\",\"potentialAction\":[{\"@type\":\"SearchAction\",\"target\":{\"@type\":\"EntryPoint\",\"urlTemplate\":\"https:\/\/www.bbmpackaging.com\/fr\/?s={search_term_string}\"},\"query-input\":{\"@type\":\"PropertyValueSpecification\",\"valueRequired\":true,\"valueName\":\"search_term_string\"}}],\"inLanguage\":\"fr-FR\"}]}<\/script>\n<!-- \/ Yoast SEO plugin. -->","yoast_head_json":{"title":"Table d'accumulation en boucle - BBM Packaging","description":"La table d'accumulation en boucle garantit fluidit\u00e9 dans les lignes de production, optimisant le flux des produits. D\u00e9couvrez les solutions BBM Packaging.","robots":{"index":"index","follow":"follow","max-snippet":"max-snippet:-1","max-image-preview":"max-image-preview:large","max-video-preview":"max-video-preview:-1"},"canonical":"https:\/\/www.bbmpackaging.com\/fr\/machines\/convoyeurs\/solutions-modulaires\/tables-accumulation-loop\/","og_locale":"fr_FR","og_type":"article","og_title":"Table d'accumulation en boucle - BBM Packaging","og_description":"La table d'accumulation en boucle garantit fluidit\u00e9 dans les lignes de production, optimisant le flux des produits. D\u00e9couvrez les solutions BBM Packaging.","og_url":"https:\/\/www.bbmpackaging.com\/fr\/machines\/convoyeurs\/solutions-modulaires\/tables-accumulation-loop\/","og_site_name":"BBM Packaging","article_modified_time":"2026-02-05T11:33:10+00:00","og_image":[{"width":1071,"height":803,"url":"https:\/\/cdn.bbmpackaging.com\/wp-content\/uploads\/2024\/03\/BBM_Disco-di-accumulo-in-loop_-e1710509525179.jpg","type":"image\/jpeg"}],"twitter_card":"summary_large_image","twitter_misc":{"Dur\u00e9e de lecture estim\u00e9e":"1 minute"},"schema":{"@context":"https:\/\/schema.org","@graph":[{"@type":"WebPage","@id":"https:\/\/www.bbmpackaging.com\/fr\/machines\/convoyeurs\/solutions-modulaires\/tables-accumulation-loop\/","url":"https:\/\/www.bbmpackaging.com\/fr\/machines\/convoyeurs\/solutions-modulaires\/tables-accumulation-loop\/","name":"Table d'accumulation en boucle - BBM Packaging","isPartOf":{"@id":"https:\/\/www.bbmpackaging.com\/fr\/#website"},"primaryImageOfPage":{"@id":"https:\/\/www.bbmpackaging.com\/fr\/machines\/convoyeurs\/solutions-modulaires\/tables-accumulation-loop\/#primaryimage"},"image":{"@id":"https:\/\/www.bbmpackaging.com\/fr\/machines\/convoyeurs\/solutions-modulaires\/tables-accumulation-loop\/#primaryimage"},"thumbnailUrl":"https:\/\/cdn.bbmpackaging.com\/wp-content\/uploads\/2024\/03\/BBM_Disco-di-accumulo-in-loop_-e1710509525179.jpg","datePublished":"2024-03-15T13:19:14+00:00","dateModified":"2026-02-05T11:33:10+00:00","description":"La table d'accumulation en boucle garantit fluidit\u00e9 dans les lignes de production, optimisant le flux des produits. D\u00e9couvrez les solutions BBM Packaging.","breadcrumb":{"@id":"https:\/\/www.bbmpackaging.com\/fr\/machines\/convoyeurs\/solutions-modulaires\/tables-accumulation-loop\/#breadcrumb"},"inLanguage":"fr-FR","potentialAction":[{"@type":"ReadAction","target":["https:\/\/www.bbmpackaging.com\/fr\/machines\/convoyeurs\/solutions-modulaires\/tables-accumulation-loop\/"]}]},{"@type":"ImageObject","inLanguage":"fr-FR","@id":"https:\/\/www.bbmpackaging.com\/fr\/machines\/convoyeurs\/solutions-modulaires\/tables-accumulation-loop\/#primaryimage","url":"https:\/\/cdn.bbmpackaging.com\/wp-content\/uploads\/2024\/03\/BBM_Disco-di-accumulo-in-loop_-e1710509525179.jpg","contentUrl":"https:\/\/cdn.bbmpackaging.com\/wp-content\/uploads\/2024\/03\/BBM_Disco-di-accumulo-in-loop_-e1710509525179.jpg","width":1071,"height":803,"caption":"BBM_Disco di accumulo in loop"},{"@type":"BreadcrumbList","@id":"https:\/\/www.bbmpackaging.com\/fr\/machines\/convoyeurs\/solutions-modulaires\/tables-accumulation-loop\/#breadcrumb","itemListElement":[{"@type":"ListItem","position":1,"name":"Home","item":"https:\/\/www.bbmpackaging.com\/fr\/"},{"@type":"ListItem","position":2,"name":"Produits","item":"https:\/\/www.bbmpackaging.com\/fr\/produits\/"},{"@type":"ListItem","position":3,"name":"Convoyeur de bouteilles en boucle"}]},{"@type":"WebSite","@id":"https:\/\/www.bbmpackaging.com\/fr\/#website","url":"https:\/\/www.bbmpackaging.com\/fr\/","name":"BBM Packaging","description":"Imbottigliamento: macchinari manutenzione e much more","potentialAction":[{"@type":"SearchAction","target":{"@type":"EntryPoint","urlTemplate":"https:\/\/www.bbmpackaging.com\/fr\/?s={search_term_string}"},"query-input":{"@type":"PropertyValueSpecification","valueRequired":true,"valueName":"search_term_string"}}],"inLanguage":"fr-FR"}]}},"_links":{"self":[{"href":"https:\/\/www.bbmpackaging.com\/fr\/wp-json\/wp\/v2\/product\/39660","targetHints":{"allow":["GET"]}}],"collection":[{"href":"https:\/\/www.bbmpackaging.com\/fr\/wp-json\/wp\/v2\/product"}],"about":[{"href":"https:\/\/www.bbmpackaging.com\/fr\/wp-json\/wp\/v2\/types\/product"}],"replies":[{"embeddable":true,"href":"https:\/\/www.bbmpackaging.com\/fr\/wp-json\/wp\/v2\/comments?post=39660"}],"wp:featuredmedia":[{"embeddable":true,"href":"https:\/\/www.bbmpackaging.com\/fr\/wp-json\/wp\/v2\/media\/39653"}],"wp:attachment":[{"href":"https:\/\/www.bbmpackaging.com\/fr\/wp-json\/wp\/v2\/media?parent=39660"}],"wp:term":[{"taxonomy":"brand","embeddable":true,"href":"https:\/\/www.bbmpackaging.com\/fr\/wp-json\/wp\/v2\/brand?post=39660"},{"taxonomy":"product_brand","embeddable":true,"href":"https:\/\/www.bbmpackaging.com\/fr\/wp-json\/wp\/v2\/product_brand?post=39660"},{"taxonomy":"product_cat","embeddable":true,"href":"https:\/\/www.bbmpackaging.com\/fr\/wp-json\/wp\/v2\/product_cat?post=39660"},{"taxonomy":"product_tag","embeddable":true,"href":"https:\/\/www.bbmpackaging.com\/fr\/wp-json\/wp\/v2\/product_tag?post=39660"}],"curies":[{"name":"wp","href":"https:\/\/api.w.org\/{rel}","templated":true}]}}