{"id":39705,"date":"2024-03-15T15:22:49","date_gmt":"2024-03-15T14:22:49","guid":{"rendered":"https:\/\/www.bbmpackaging.com\/prodotto\/curve-modulari\/"},"modified":"2026-02-05T12:33:10","modified_gmt":"2026-02-05T11:33:10","slug":"curve-modulari","status":"publish","type":"product","link":"https:\/\/www.bbmpackaging.com\/fr\/machines\/convoyeurs\/solutions-modulaires\/courbes-convoyeurs-modulaires\/","title":{"rendered":"Courbes modulaires"},"content":{"rendered":"<div class=\"flex-1 overflow-hidden\">\n<div class=\"react-scroll-to-bottom--css-mmmkt-79elbk h-full\">\n<div class=\"react-scroll-to-bottom--css-mmmkt-1n7m0yu\">\n<div class=\"flex flex-col text-sm pb-9\">\n<div class=\"w-full text-token-text-primary\" data-testid=\"conversation-turn-77\">\n<div class=\"px-4 py-2 justify-center text-base md:gap-6 m-auto\">\n<div class=\"flex flex-1 text-base mx-auto gap-3 md:px-5 lg:px-1 xl:px-5 md:max-w-3xl lg:max-w-[40rem] xl:max-w-[48rem] group final-completion\">\n<div class=\"relative flex w-full flex-col agent-turn\">\n<div class=\"flex-col gap-1 md:gap-3\">\n<div class=\"flex flex-grow flex-col max-w-full\">\n<div class=\"min-h-[20px] text-message flex flex-col items-start gap-3 whitespace-pre-wrap break-words [.text-message+&amp;]:mt-5 overflow-x-auto\" data-message-author-role=\"assistant\" data-message-id=\"2440e390-4684-4c56-9084-7ad4dc81b284\">\n<div class=\"markdown prose w-full break-words dark:prose-invert light\">\n<p>Une courbe modulaire dans les convoyeurs de bouteilles, de paquets ou d&#8217;emballages est un composant fondamental, utilis\u00e9 pour<strong> changer la direction du flux de mat\u00e9riaux le long de la ligne<\/strong> de mani\u00e8re efficace et pr\u00e9cise. Ce type de courbe est compos\u00e9 de sections modulaires qui permettent une plus grande flexibilit\u00e9 et adaptabilit\u00e9 par rapport aux courbes traditionnelles.<\/p>\n<\/div>\n<\/div>\n<\/div>\n<\/div>\n<\/div>\n<\/div>\n<\/div>\n<\/div>\n<\/div>\n<\/div>\n<\/div>\n<\/div>\n<div class=\"flex-1 overflow-hidden\">\n<div class=\"react-scroll-to-bottom--css-mmmkt-79elbk h-full\">\n<div class=\"react-scroll-to-bottom--css-mmmkt-1n7m0yu\">\n<div class=\"flex flex-col text-sm pb-9\">\n<div class=\"w-full text-token-text-primary\" data-testid=\"conversation-turn-79\">\n<div class=\"px-4 py-2 justify-center text-base md:gap-6 m-auto\">\n<div class=\"flex flex-1 text-base mx-auto gap-3 md:px-5 lg:px-1 xl:px-5 md:max-w-3xl lg:max-w-[40rem] xl:max-w-[48rem] group final-completion\">\n<div class=\"relative flex w-full flex-col agent-turn\">\n<div class=\"flex-col gap-1 md:gap-3\">\n<div class=\"flex flex-grow flex-col max-w-full\">\n<div class=\"min-h-[20px] text-message flex flex-col items-start gap-3 whitespace-pre-wrap break-words [.text-message+&amp;]:mt-5 overflow-x-auto\" data-message-author-role=\"assistant\" data-message-id=\"5e345841-5bcd-4dad-ac96-3bbcf698be3e\">\n<div class=\"markdown prose w-full break-words dark:prose-invert light\">\n<p>Les courbes modulaires sont con\u00e7ues pour assurer une transition fluide des mat\u00e9riaux d&rsquo;une section lin\u00e9aire \u00e0 une section courb\u00e9e, permettant le transport de marchandises dans des espaces restreints ou dans des lignes de production avec des configurations complexes. Les courbes peuvent \u00eatre <strong>personnalis\u00e9es<\/strong> pour s&rsquo;adapter aux besoins sp\u00e9cifiques du client, permettant des angles de courbure variables et des configurations \u00e0 plusieurs niveaux.<\/p>\n<\/div>\n<\/div>\n<\/div>\n<\/div>\n<\/div>\n<\/div>\n<\/div>\n<\/div>\n<\/div>\n<\/div>\n<\/div>\n<\/div>\n<div class=\"flex-1 overflow-hidden\">\n<div class=\"react-scroll-to-bottom--css-mmmkt-79elbk h-full\">\n<div class=\"react-scroll-to-bottom--css-mmmkt-1n7m0yu\">\n<div class=\"flex flex-col text-sm pb-9\">\n<div class=\"w-full text-token-text-primary\" data-testid=\"conversation-turn-81\">\n<div class=\"px-4 py-2 justify-center text-base md:gap-6 m-auto\">\n<div class=\"flex flex-1 text-base mx-auto gap-3 md:px-5 lg:px-1 xl:px-5 md:max-w-3xl lg:max-w-[40rem] xl:max-w-[48rem] group final-completion\">\n<div class=\"relative flex w-full flex-col agent-turn\">\n<div class=\"flex-col gap-1 md:gap-3\">\n<div class=\"flex flex-grow flex-col max-w-full\">\n<div class=\"min-h-[20px] text-message flex flex-col items-start gap-3 whitespace-pre-wrap break-words [.text-message+&amp;]:mt-5 overflow-x-auto\" data-message-author-role=\"assistant\" data-message-id=\"ad8d6c00-c34a-43b5-8d38-3c3c929d8fe9\">\n<div class=\"markdown prose w-full break-words dark:prose-invert light\">\n<p>L&rsquo;utilisation de courbes modulaires pr\u00e9sente plusieurs avantages, tels que l&rsquo;optimisation de l&rsquo;espace disponible et la r\u00e9duction minimale du frottement et de l&rsquo;usure des mat\u00e9riaux transport\u00e9s.<\/p>\n<\/div>\n<\/div>\n<\/div>\n<\/div>\n<\/div>\n<\/div>\n<\/div>\n<\/div>\n<\/div>\n<\/div>\n<\/div>\n<\/div>\n","protected":false},"excerpt":{"rendered":"<div class=\"flex-1 overflow-hidden\">\n<div class=\"react-scroll-to-bottom--css-mmmkt-79elbk h-full\">\n<div class=\"react-scroll-to-bottom--css-mmmkt-1n7m0yu\">\n<div class=\"flex flex-col text-sm pb-9\">\n<div class=\"w-full text-token-text-primary\" data-testid=\"conversation-turn-85\">\n<div class=\"px-4 py-2 justify-center text-base md:gap-6 m-auto\">\n<div class=\"flex flex-1 text-base mx-auto gap-3 md:px-5 lg:px-1 xl:px-5 md:max-w-3xl lg:max-w-[40rem] xl:max-w-[48rem] group final-completion\">\n<div class=\"relative flex w-full flex-col agent-turn\">\n<div class=\"flex-col gap-1 md:gap-3\">\n<div class=\"flex flex-grow flex-col max-w-full\">\n<div class=\"min-h-[20px] text-message flex flex-col items-start gap-3 whitespace-pre-wrap break-words [.text-message+&amp;]:mt-5 overflow-x-auto\" data-message-author-role=\"assistant\" data-message-id=\"76b1aae9-d1df-445d-af45-3fe19ebcac53\">\n<div class=\"markdown prose w-full break-words dark:prose-invert light\">\n<h2><strong>Courbes pour une transition fluide des colis dans les sections courb\u00e9es, en optimisant l&rsquo;espace<\/strong><\/h2>\n<\/div>\n<\/div>\n<\/div>\n<div class=\"mt-1 flex justify-start gap-3 empty:hidden\">\n<div class=\"text-gray-400 flex self-end lg:self-center items-center justify-center lg:justify-start mt-0 -ml-1 h-7 gap-[2px] visible\">\n<div class=\"flex\"><\/div>\n<\/div>\n<\/div>\n<div class=\"pr-2 lg:pr-0\"><\/div>\n<\/div>\n<div class=\"absolute\">\n<div class=\"flex w-full gap-2 items-center justify-center\"><\/div>\n<\/div>\n<\/div>\n<\/div>\n<\/div>\n<\/div>\n<\/div>\n<\/div>\n<\/div>\n<\/div>\n<div class=\"w-full pt-2 md:pt-0 dark:border-white\/20 md:border-transparent md:dark:border-transparent md:w-[calc(100%-.5rem)]\">\n<form class=\"stretch mx-2 flex flex-row gap-3 last:mb-2 md:mx-4 md:last:mb-6 lg:mx-auto lg:max-w-2xl xl:max-w-3xl\">\n<div class=\"relative flex h-full flex-1 flex-col\">\n<div class=\"flex w-full items-center\"><\/div>\n<\/div>\n<\/form>\n<\/div>\n","protected":false},"featured_media":39717,"comment_status":"closed","ping_status":"closed","template":"","meta":{"_acf_changed":false},"brand":[7497],"product_brand":[],"product_cat":[1102,4459,1130,1106],"product_tag":[],"class_list":{"0":"post-39705","1":"product","2":"type-product","3":"status-publish","4":"has-post-thumbnail","6":"brand-bbm-packaging","7":"product_cat-machines","8":"product_cat-solutions-modulaires","9":"product_cat-convoyeurs","10":"product_cat-occasion","12":"first","13":"instock","14":"shipping-taxable","15":"product-type-simple"},"acf":[],"yoast_head":"<!-- This site is optimized with the Yoast SEO plugin v27.2 - https:\/\/yoast.com\/product\/yoast-seo-wordpress\/ -->\n<title>Courbes modulaires \u00e0 Bande - BBM Packaging<\/title>\n<meta name=\"description\" content=\"Courbes modulaires \u00e0 bande pour le changement de direction du flux dans les lignes d\u2019embouteillage. Id\u00e9al pour bouteilles, fardeaux ou emballages.\" \/>\n<meta name=\"robots\" content=\"index, follow, max-snippet:-1, max-image-preview:large, max-video-preview:-1\" \/>\n<link rel=\"canonical\" href=\"https:\/\/www.bbmpackaging.com\/fr\/machines\/convoyeurs\/solutions-modulaires\/courbes-convoyeurs-modulaires\/\" \/>\n<meta property=\"og:locale\" content=\"fr_FR\" \/>\n<meta property=\"og:type\" content=\"article\" \/>\n<meta property=\"og:title\" content=\"Courbes modulaires \u00e0 Bande - BBM Packaging\" \/>\n<meta property=\"og:description\" content=\"Courbes modulaires \u00e0 bande pour le changement de direction du flux dans les lignes d\u2019embouteillage. Id\u00e9al pour bouteilles, fardeaux ou emballages.\" \/>\n<meta property=\"og:url\" content=\"https:\/\/www.bbmpackaging.com\/fr\/machines\/convoyeurs\/solutions-modulaires\/courbes-convoyeurs-modulaires\/\" \/>\n<meta property=\"og:site_name\" content=\"BBM Packaging\" \/>\n<meta property=\"article:modified_time\" content=\"2026-02-05T11:33:10+00:00\" \/>\n<meta property=\"og:image\" content=\"https:\/\/cdn.bbmpackaging.com\/wp-content\/uploads\/2024\/03\/BBM_Conveyor-belt-curve_PRODUCT.jpg\" \/>\n\t<meta property=\"og:image:width\" content=\"1024\" \/>\n\t<meta property=\"og:image:height\" content=\"768\" \/>\n\t<meta property=\"og:image:type\" content=\"image\/jpeg\" \/>\n<meta name=\"twitter:card\" content=\"summary_large_image\" \/>\n<meta name=\"twitter:label1\" content=\"Dur\u00e9e de lecture estim\u00e9e\" \/>\n\t<meta name=\"twitter:data1\" content=\"1 minute\" \/>\n<script type=\"application\/ld+json\" class=\"yoast-schema-graph\">{\"@context\":\"https:\/\/schema.org\",\"@graph\":[{\"@type\":\"WebPage\",\"@id\":\"https:\/\/www.bbmpackaging.com\/fr\/machines\/convoyeurs\/solutions-modulaires\/courbes-convoyeurs-modulaires\/\",\"url\":\"https:\/\/www.bbmpackaging.com\/fr\/machines\/convoyeurs\/solutions-modulaires\/courbes-convoyeurs-modulaires\/\",\"name\":\"Courbes modulaires \u00e0 Bande - BBM Packaging\",\"isPartOf\":{\"@id\":\"https:\/\/www.bbmpackaging.com\/fr\/#website\"},\"primaryImageOfPage\":{\"@id\":\"https:\/\/www.bbmpackaging.com\/fr\/machines\/convoyeurs\/solutions-modulaires\/courbes-convoyeurs-modulaires\/#primaryimage\"},\"image\":{\"@id\":\"https:\/\/www.bbmpackaging.com\/fr\/machines\/convoyeurs\/solutions-modulaires\/courbes-convoyeurs-modulaires\/#primaryimage\"},\"thumbnailUrl\":\"https:\/\/cdn.bbmpackaging.com\/wp-content\/uploads\/2024\/03\/BBM_Conveyor-belt-curve_PRODUCT.jpg\",\"datePublished\":\"2024-03-15T14:22:49+00:00\",\"dateModified\":\"2026-02-05T11:33:10+00:00\",\"description\":\"Courbes modulaires \u00e0 bande pour le changement de direction du flux dans les lignes d\u2019embouteillage. Id\u00e9al pour bouteilles, fardeaux ou emballages.\",\"breadcrumb\":{\"@id\":\"https:\/\/www.bbmpackaging.com\/fr\/machines\/convoyeurs\/solutions-modulaires\/courbes-convoyeurs-modulaires\/#breadcrumb\"},\"inLanguage\":\"fr-FR\",\"potentialAction\":[{\"@type\":\"ReadAction\",\"target\":[\"https:\/\/www.bbmpackaging.com\/fr\/machines\/convoyeurs\/solutions-modulaires\/courbes-convoyeurs-modulaires\/\"]}]},{\"@type\":\"ImageObject\",\"inLanguage\":\"fr-FR\",\"@id\":\"https:\/\/www.bbmpackaging.com\/fr\/machines\/convoyeurs\/solutions-modulaires\/courbes-convoyeurs-modulaires\/#primaryimage\",\"url\":\"https:\/\/cdn.bbmpackaging.com\/wp-content\/uploads\/2024\/03\/BBM_Conveyor-belt-curve_PRODUCT.jpg\",\"contentUrl\":\"https:\/\/cdn.bbmpackaging.com\/wp-content\/uploads\/2024\/03\/BBM_Conveyor-belt-curve_PRODUCT.jpg\",\"width\":1024,\"height\":768,\"caption\":\"BBM_Conveyor belt curve\"},{\"@type\":\"BreadcrumbList\",\"@id\":\"https:\/\/www.bbmpackaging.com\/fr\/machines\/convoyeurs\/solutions-modulaires\/courbes-convoyeurs-modulaires\/#breadcrumb\",\"itemListElement\":[{\"@type\":\"ListItem\",\"position\":1,\"name\":\"Home\",\"item\":\"https:\/\/www.bbmpackaging.com\/fr\/\"},{\"@type\":\"ListItem\",\"position\":2,\"name\":\"Produits\",\"item\":\"https:\/\/www.bbmpackaging.com\/fr\/produits\/\"},{\"@type\":\"ListItem\",\"position\":3,\"name\":\"Courbes modulaires\"}]},{\"@type\":\"WebSite\",\"@id\":\"https:\/\/www.bbmpackaging.com\/fr\/#website\",\"url\":\"https:\/\/www.bbmpackaging.com\/fr\/\",\"name\":\"BBM Packaging\",\"description\":\"Imbottigliamento: macchinari manutenzione e much more\",\"potentialAction\":[{\"@type\":\"SearchAction\",\"target\":{\"@type\":\"EntryPoint\",\"urlTemplate\":\"https:\/\/www.bbmpackaging.com\/fr\/?s={search_term_string}\"},\"query-input\":{\"@type\":\"PropertyValueSpecification\",\"valueRequired\":true,\"valueName\":\"search_term_string\"}}],\"inLanguage\":\"fr-FR\"}]}<\/script>\n<!-- \/ Yoast SEO plugin. -->","yoast_head_json":{"title":"Courbes modulaires \u00e0 Bande - BBM Packaging","description":"Courbes modulaires \u00e0 bande pour le changement de direction du flux dans les lignes d\u2019embouteillage. Id\u00e9al pour bouteilles, fardeaux ou emballages.","robots":{"index":"index","follow":"follow","max-snippet":"max-snippet:-1","max-image-preview":"max-image-preview:large","max-video-preview":"max-video-preview:-1"},"canonical":"https:\/\/www.bbmpackaging.com\/fr\/machines\/convoyeurs\/solutions-modulaires\/courbes-convoyeurs-modulaires\/","og_locale":"fr_FR","og_type":"article","og_title":"Courbes modulaires \u00e0 Bande - BBM Packaging","og_description":"Courbes modulaires \u00e0 bande pour le changement de direction du flux dans les lignes d\u2019embouteillage. Id\u00e9al pour bouteilles, fardeaux ou emballages.","og_url":"https:\/\/www.bbmpackaging.com\/fr\/machines\/convoyeurs\/solutions-modulaires\/courbes-convoyeurs-modulaires\/","og_site_name":"BBM Packaging","article_modified_time":"2026-02-05T11:33:10+00:00","og_image":[{"width":1024,"height":768,"url":"https:\/\/cdn.bbmpackaging.com\/wp-content\/uploads\/2024\/03\/BBM_Conveyor-belt-curve_PRODUCT.jpg","type":"image\/jpeg"}],"twitter_card":"summary_large_image","twitter_misc":{"Dur\u00e9e de lecture estim\u00e9e":"1 minute"},"schema":{"@context":"https:\/\/schema.org","@graph":[{"@type":"WebPage","@id":"https:\/\/www.bbmpackaging.com\/fr\/machines\/convoyeurs\/solutions-modulaires\/courbes-convoyeurs-modulaires\/","url":"https:\/\/www.bbmpackaging.com\/fr\/machines\/convoyeurs\/solutions-modulaires\/courbes-convoyeurs-modulaires\/","name":"Courbes modulaires \u00e0 Bande - BBM Packaging","isPartOf":{"@id":"https:\/\/www.bbmpackaging.com\/fr\/#website"},"primaryImageOfPage":{"@id":"https:\/\/www.bbmpackaging.com\/fr\/machines\/convoyeurs\/solutions-modulaires\/courbes-convoyeurs-modulaires\/#primaryimage"},"image":{"@id":"https:\/\/www.bbmpackaging.com\/fr\/machines\/convoyeurs\/solutions-modulaires\/courbes-convoyeurs-modulaires\/#primaryimage"},"thumbnailUrl":"https:\/\/cdn.bbmpackaging.com\/wp-content\/uploads\/2024\/03\/BBM_Conveyor-belt-curve_PRODUCT.jpg","datePublished":"2024-03-15T14:22:49+00:00","dateModified":"2026-02-05T11:33:10+00:00","description":"Courbes modulaires \u00e0 bande pour le changement de direction du flux dans les lignes d\u2019embouteillage. Id\u00e9al pour bouteilles, fardeaux ou emballages.","breadcrumb":{"@id":"https:\/\/www.bbmpackaging.com\/fr\/machines\/convoyeurs\/solutions-modulaires\/courbes-convoyeurs-modulaires\/#breadcrumb"},"inLanguage":"fr-FR","potentialAction":[{"@type":"ReadAction","target":["https:\/\/www.bbmpackaging.com\/fr\/machines\/convoyeurs\/solutions-modulaires\/courbes-convoyeurs-modulaires\/"]}]},{"@type":"ImageObject","inLanguage":"fr-FR","@id":"https:\/\/www.bbmpackaging.com\/fr\/machines\/convoyeurs\/solutions-modulaires\/courbes-convoyeurs-modulaires\/#primaryimage","url":"https:\/\/cdn.bbmpackaging.com\/wp-content\/uploads\/2024\/03\/BBM_Conveyor-belt-curve_PRODUCT.jpg","contentUrl":"https:\/\/cdn.bbmpackaging.com\/wp-content\/uploads\/2024\/03\/BBM_Conveyor-belt-curve_PRODUCT.jpg","width":1024,"height":768,"caption":"BBM_Conveyor belt curve"},{"@type":"BreadcrumbList","@id":"https:\/\/www.bbmpackaging.com\/fr\/machines\/convoyeurs\/solutions-modulaires\/courbes-convoyeurs-modulaires\/#breadcrumb","itemListElement":[{"@type":"ListItem","position":1,"name":"Home","item":"https:\/\/www.bbmpackaging.com\/fr\/"},{"@type":"ListItem","position":2,"name":"Produits","item":"https:\/\/www.bbmpackaging.com\/fr\/produits\/"},{"@type":"ListItem","position":3,"name":"Courbes modulaires"}]},{"@type":"WebSite","@id":"https:\/\/www.bbmpackaging.com\/fr\/#website","url":"https:\/\/www.bbmpackaging.com\/fr\/","name":"BBM Packaging","description":"Imbottigliamento: macchinari manutenzione e much more","potentialAction":[{"@type":"SearchAction","target":{"@type":"EntryPoint","urlTemplate":"https:\/\/www.bbmpackaging.com\/fr\/?s={search_term_string}"},"query-input":{"@type":"PropertyValueSpecification","valueRequired":true,"valueName":"search_term_string"}}],"inLanguage":"fr-FR"}]}},"_links":{"self":[{"href":"https:\/\/www.bbmpackaging.com\/fr\/wp-json\/wp\/v2\/product\/39705","targetHints":{"allow":["GET"]}}],"collection":[{"href":"https:\/\/www.bbmpackaging.com\/fr\/wp-json\/wp\/v2\/product"}],"about":[{"href":"https:\/\/www.bbmpackaging.com\/fr\/wp-json\/wp\/v2\/types\/product"}],"replies":[{"embeddable":true,"href":"https:\/\/www.bbmpackaging.com\/fr\/wp-json\/wp\/v2\/comments?post=39705"}],"wp:featuredmedia":[{"embeddable":true,"href":"https:\/\/www.bbmpackaging.com\/fr\/wp-json\/wp\/v2\/media\/39717"}],"wp:attachment":[{"href":"https:\/\/www.bbmpackaging.com\/fr\/wp-json\/wp\/v2\/media?parent=39705"}],"wp:term":[{"taxonomy":"brand","embeddable":true,"href":"https:\/\/www.bbmpackaging.com\/fr\/wp-json\/wp\/v2\/brand?post=39705"},{"taxonomy":"product_brand","embeddable":true,"href":"https:\/\/www.bbmpackaging.com\/fr\/wp-json\/wp\/v2\/product_brand?post=39705"},{"taxonomy":"product_cat","embeddable":true,"href":"https:\/\/www.bbmpackaging.com\/fr\/wp-json\/wp\/v2\/product_cat?post=39705"},{"taxonomy":"product_tag","embeddable":true,"href":"https:\/\/www.bbmpackaging.com\/fr\/wp-json\/wp\/v2\/product_tag?post=39705"}],"curies":[{"name":"wp","href":"https:\/\/api.w.org\/{rel}","templated":true}]}}