{"id":39790,"date":"2024-03-18T09:48:15","date_gmt":"2024-03-18T08:48:15","guid":{"rendered":"https:\/\/www.bbmpackaging.com\/prodotto\/cambio-formato-automatico\/"},"modified":"2026-02-05T12:33:10","modified_gmt":"2026-02-05T11:33:10","slug":"cambio-formato-automatico","status":"publish","type":"product","link":"https:\/\/www.bbmpackaging.com\/fr\/machines\/convoyeurs\/solutions-modulaires\/changement-format-automatique\/","title":{"rendered":"Changement automatique de format"},"content":{"rendered":"<p>Le<strong> syst\u00e8me de changement automatique<\/strong> de format ou r<strong>\u00e9glage automatique des guides<\/strong> sur les convoyeurs est une technologie innovante con\u00e7ue pour optimiser le processus de production. Ce syst\u00e8me permet une modification rapide et pr\u00e9cise des param\u00e8tres du convoyeur, tels que la largeur et la hauteur, de mani\u00e8re automatique et sans intervention humaine.<\/p>\n<p>L&rsquo;op\u00e9rateur s\u00e9lectionne <strong>le format d\u00e9sir\u00e9<\/strong> sur le panneau de contr\u00f4le, et la ligne s&rsquo;ajuste en cons\u00e9quence au nouveau format. Cela permet d&rsquo;adapter la configuration du convoyeur en temps r\u00e9el pour assurer une position et une orientation correctes des produits le long de la ligne de production.<\/p>\n<h4><strong>L&rsquo;avantage<\/strong><\/h4>\n<p>Le principal avantage de ce syst\u00e8me est sa <strong>capacit\u00e9 \u00e0 r\u00e9duire les temps d&rsquo;arr\u00eat<\/strong> de la machine associ\u00e9s \u00e0 l&rsquo;ajustement manuel des guides de contention. De plus, il am\u00e9liore la pr\u00e9cision et la coh\u00e9rence du processus de production, r\u00e9duisant ainsi au minimum les erreurs humaines et garantissant une efficacit\u00e9 globale accrue.<\/p>\n","protected":false},"excerpt":{"rendered":"<h2><strong>Changement de format des guides de confinement des convoyeurs de transport de colis.<\/strong><\/h2>\n","protected":false},"featured_media":39758,"comment_status":"closed","ping_status":"closed","template":"","meta":{"_acf_changed":false},"brand":[7497],"product_brand":[],"product_cat":[1102,4459,1130,1106],"product_tag":[],"class_list":{"0":"post-39790","1":"product","2":"type-product","3":"status-publish","4":"has-post-thumbnail","6":"brand-bbm-packaging","7":"product_cat-machines","8":"product_cat-solutions-modulaires","9":"product_cat-convoyeurs","10":"product_cat-occasion","12":"first","13":"instock","14":"shipping-taxable","15":"product-type-simple"},"acf":[],"yoast_head":"<!-- This site is optimized with the Yoast SEO plugin v27.2 - https:\/\/yoast.com\/product\/yoast-seo-wordpress\/ -->\n<title>Changement de format automatique - BBM Packaging<\/title>\n<meta name=\"description\" content=\"Le changement de format automatique permet des modifications rapides sans intervention manuelle. D\u00e9couvrez les solutions BBM Packaging.\" \/>\n<meta name=\"robots\" content=\"index, follow, max-snippet:-1, max-image-preview:large, max-video-preview:-1\" \/>\n<link rel=\"canonical\" href=\"https:\/\/www.bbmpackaging.com\/fr\/machines\/convoyeurs\/solutions-modulaires\/changement-format-automatique\/\" \/>\n<meta property=\"og:locale\" content=\"fr_FR\" \/>\n<meta property=\"og:type\" content=\"article\" \/>\n<meta property=\"og:title\" content=\"Changement de format automatique - BBM Packaging\" \/>\n<meta property=\"og:description\" content=\"Le changement de format automatique permet des modifications rapides sans intervention manuelle. D\u00e9couvrez les solutions BBM Packaging.\" \/>\n<meta property=\"og:url\" content=\"https:\/\/www.bbmpackaging.com\/fr\/machines\/convoyeurs\/solutions-modulaires\/changement-format-automatique\/\" \/>\n<meta property=\"og:site_name\" content=\"BBM Packaging\" \/>\n<meta property=\"article:modified_time\" content=\"2026-02-05T11:33:10+00:00\" \/>\n<meta property=\"og:image\" content=\"https:\/\/cdn.bbmpackaging.com\/wp-content\/uploads\/2024\/03\/BBM_Automatic-format-change-on-conveyors-2-e1710754042442.jpg\" \/>\n\t<meta property=\"og:image:width\" content=\"1024\" \/>\n\t<meta property=\"og:image:height\" content=\"766\" \/>\n\t<meta property=\"og:image:type\" content=\"image\/jpeg\" \/>\n<meta name=\"twitter:card\" content=\"summary_large_image\" \/>\n<meta name=\"twitter:label1\" content=\"Dur\u00e9e de lecture estim\u00e9e\" \/>\n\t<meta name=\"twitter:data1\" content=\"2 minutes\" \/>\n<script type=\"application\/ld+json\" class=\"yoast-schema-graph\">{\"@context\":\"https:\/\/schema.org\",\"@graph\":[{\"@type\":\"WebPage\",\"@id\":\"https:\/\/www.bbmpackaging.com\/fr\/machines\/convoyeurs\/solutions-modulaires\/changement-format-automatique\/\",\"url\":\"https:\/\/www.bbmpackaging.com\/fr\/machines\/convoyeurs\/solutions-modulaires\/changement-format-automatique\/\",\"name\":\"Changement de format automatique - BBM Packaging\",\"isPartOf\":{\"@id\":\"https:\/\/www.bbmpackaging.com\/fr\/#website\"},\"primaryImageOfPage\":{\"@id\":\"https:\/\/www.bbmpackaging.com\/fr\/machines\/convoyeurs\/solutions-modulaires\/changement-format-automatique\/#primaryimage\"},\"image\":{\"@id\":\"https:\/\/www.bbmpackaging.com\/fr\/machines\/convoyeurs\/solutions-modulaires\/changement-format-automatique\/#primaryimage\"},\"thumbnailUrl\":\"https:\/\/cdn.bbmpackaging.com\/wp-content\/uploads\/2024\/03\/BBM_Automatic-format-change-on-conveyors-2-e1710754042442.jpg\",\"datePublished\":\"2024-03-18T08:48:15+00:00\",\"dateModified\":\"2026-02-05T11:33:10+00:00\",\"description\":\"Le changement de format automatique permet des modifications rapides sans intervention manuelle. D\u00e9couvrez les solutions BBM Packaging.\",\"breadcrumb\":{\"@id\":\"https:\/\/www.bbmpackaging.com\/fr\/machines\/convoyeurs\/solutions-modulaires\/changement-format-automatique\/#breadcrumb\"},\"inLanguage\":\"fr-FR\",\"potentialAction\":[{\"@type\":\"ReadAction\",\"target\":[\"https:\/\/www.bbmpackaging.com\/fr\/machines\/convoyeurs\/solutions-modulaires\/changement-format-automatique\/\"]}]},{\"@type\":\"ImageObject\",\"inLanguage\":\"fr-FR\",\"@id\":\"https:\/\/www.bbmpackaging.com\/fr\/machines\/convoyeurs\/solutions-modulaires\/changement-format-automatique\/#primaryimage\",\"url\":\"https:\/\/cdn.bbmpackaging.com\/wp-content\/uploads\/2024\/03\/BBM_Automatic-format-change-on-conveyors-2-e1710754042442.jpg\",\"contentUrl\":\"https:\/\/cdn.bbmpackaging.com\/wp-content\/uploads\/2024\/03\/BBM_Automatic-format-change-on-conveyors-2-e1710754042442.jpg\",\"width\":1024,\"height\":766,\"caption\":\"BBM_Automatic format change on conveyors\"},{\"@type\":\"BreadcrumbList\",\"@id\":\"https:\/\/www.bbmpackaging.com\/fr\/machines\/convoyeurs\/solutions-modulaires\/changement-format-automatique\/#breadcrumb\",\"itemListElement\":[{\"@type\":\"ListItem\",\"position\":1,\"name\":\"Home\",\"item\":\"https:\/\/www.bbmpackaging.com\/fr\/\"},{\"@type\":\"ListItem\",\"position\":2,\"name\":\"Produits\",\"item\":\"https:\/\/www.bbmpackaging.com\/fr\/produits\/\"},{\"@type\":\"ListItem\",\"position\":3,\"name\":\"Changement automatique de format\"}]},{\"@type\":\"WebSite\",\"@id\":\"https:\/\/www.bbmpackaging.com\/fr\/#website\",\"url\":\"https:\/\/www.bbmpackaging.com\/fr\/\",\"name\":\"BBM Packaging\",\"description\":\"Imbottigliamento: macchinari manutenzione e much more\",\"potentialAction\":[{\"@type\":\"SearchAction\",\"target\":{\"@type\":\"EntryPoint\",\"urlTemplate\":\"https:\/\/www.bbmpackaging.com\/fr\/?s={search_term_string}\"},\"query-input\":{\"@type\":\"PropertyValueSpecification\",\"valueRequired\":true,\"valueName\":\"search_term_string\"}}],\"inLanguage\":\"fr-FR\"}]}<\/script>\n<!-- \/ Yoast SEO plugin. -->","yoast_head_json":{"title":"Changement de format automatique - BBM Packaging","description":"Le changement de format automatique permet des modifications rapides sans intervention manuelle. D\u00e9couvrez les solutions BBM Packaging.","robots":{"index":"index","follow":"follow","max-snippet":"max-snippet:-1","max-image-preview":"max-image-preview:large","max-video-preview":"max-video-preview:-1"},"canonical":"https:\/\/www.bbmpackaging.com\/fr\/machines\/convoyeurs\/solutions-modulaires\/changement-format-automatique\/","og_locale":"fr_FR","og_type":"article","og_title":"Changement de format automatique - BBM Packaging","og_description":"Le changement de format automatique permet des modifications rapides sans intervention manuelle. D\u00e9couvrez les solutions BBM Packaging.","og_url":"https:\/\/www.bbmpackaging.com\/fr\/machines\/convoyeurs\/solutions-modulaires\/changement-format-automatique\/","og_site_name":"BBM Packaging","article_modified_time":"2026-02-05T11:33:10+00:00","og_image":[{"width":1024,"height":766,"url":"https:\/\/cdn.bbmpackaging.com\/wp-content\/uploads\/2024\/03\/BBM_Automatic-format-change-on-conveyors-2-e1710754042442.jpg","type":"image\/jpeg"}],"twitter_card":"summary_large_image","twitter_misc":{"Dur\u00e9e de lecture estim\u00e9e":"2 minutes"},"schema":{"@context":"https:\/\/schema.org","@graph":[{"@type":"WebPage","@id":"https:\/\/www.bbmpackaging.com\/fr\/machines\/convoyeurs\/solutions-modulaires\/changement-format-automatique\/","url":"https:\/\/www.bbmpackaging.com\/fr\/machines\/convoyeurs\/solutions-modulaires\/changement-format-automatique\/","name":"Changement de format automatique - BBM Packaging","isPartOf":{"@id":"https:\/\/www.bbmpackaging.com\/fr\/#website"},"primaryImageOfPage":{"@id":"https:\/\/www.bbmpackaging.com\/fr\/machines\/convoyeurs\/solutions-modulaires\/changement-format-automatique\/#primaryimage"},"image":{"@id":"https:\/\/www.bbmpackaging.com\/fr\/machines\/convoyeurs\/solutions-modulaires\/changement-format-automatique\/#primaryimage"},"thumbnailUrl":"https:\/\/cdn.bbmpackaging.com\/wp-content\/uploads\/2024\/03\/BBM_Automatic-format-change-on-conveyors-2-e1710754042442.jpg","datePublished":"2024-03-18T08:48:15+00:00","dateModified":"2026-02-05T11:33:10+00:00","description":"Le changement de format automatique permet des modifications rapides sans intervention manuelle. D\u00e9couvrez les solutions BBM Packaging.","breadcrumb":{"@id":"https:\/\/www.bbmpackaging.com\/fr\/machines\/convoyeurs\/solutions-modulaires\/changement-format-automatique\/#breadcrumb"},"inLanguage":"fr-FR","potentialAction":[{"@type":"ReadAction","target":["https:\/\/www.bbmpackaging.com\/fr\/machines\/convoyeurs\/solutions-modulaires\/changement-format-automatique\/"]}]},{"@type":"ImageObject","inLanguage":"fr-FR","@id":"https:\/\/www.bbmpackaging.com\/fr\/machines\/convoyeurs\/solutions-modulaires\/changement-format-automatique\/#primaryimage","url":"https:\/\/cdn.bbmpackaging.com\/wp-content\/uploads\/2024\/03\/BBM_Automatic-format-change-on-conveyors-2-e1710754042442.jpg","contentUrl":"https:\/\/cdn.bbmpackaging.com\/wp-content\/uploads\/2024\/03\/BBM_Automatic-format-change-on-conveyors-2-e1710754042442.jpg","width":1024,"height":766,"caption":"BBM_Automatic format change on conveyors"},{"@type":"BreadcrumbList","@id":"https:\/\/www.bbmpackaging.com\/fr\/machines\/convoyeurs\/solutions-modulaires\/changement-format-automatique\/#breadcrumb","itemListElement":[{"@type":"ListItem","position":1,"name":"Home","item":"https:\/\/www.bbmpackaging.com\/fr\/"},{"@type":"ListItem","position":2,"name":"Produits","item":"https:\/\/www.bbmpackaging.com\/fr\/produits\/"},{"@type":"ListItem","position":3,"name":"Changement automatique de format"}]},{"@type":"WebSite","@id":"https:\/\/www.bbmpackaging.com\/fr\/#website","url":"https:\/\/www.bbmpackaging.com\/fr\/","name":"BBM Packaging","description":"Imbottigliamento: macchinari manutenzione e much more","potentialAction":[{"@type":"SearchAction","target":{"@type":"EntryPoint","urlTemplate":"https:\/\/www.bbmpackaging.com\/fr\/?s={search_term_string}"},"query-input":{"@type":"PropertyValueSpecification","valueRequired":true,"valueName":"search_term_string"}}],"inLanguage":"fr-FR"}]}},"_links":{"self":[{"href":"https:\/\/www.bbmpackaging.com\/fr\/wp-json\/wp\/v2\/product\/39790","targetHints":{"allow":["GET"]}}],"collection":[{"href":"https:\/\/www.bbmpackaging.com\/fr\/wp-json\/wp\/v2\/product"}],"about":[{"href":"https:\/\/www.bbmpackaging.com\/fr\/wp-json\/wp\/v2\/types\/product"}],"replies":[{"embeddable":true,"href":"https:\/\/www.bbmpackaging.com\/fr\/wp-json\/wp\/v2\/comments?post=39790"}],"wp:featuredmedia":[{"embeddable":true,"href":"https:\/\/www.bbmpackaging.com\/fr\/wp-json\/wp\/v2\/media\/39758"}],"wp:attachment":[{"href":"https:\/\/www.bbmpackaging.com\/fr\/wp-json\/wp\/v2\/media?parent=39790"}],"wp:term":[{"taxonomy":"brand","embeddable":true,"href":"https:\/\/www.bbmpackaging.com\/fr\/wp-json\/wp\/v2\/brand?post=39790"},{"taxonomy":"product_brand","embeddable":true,"href":"https:\/\/www.bbmpackaging.com\/fr\/wp-json\/wp\/v2\/product_brand?post=39790"},{"taxonomy":"product_cat","embeddable":true,"href":"https:\/\/www.bbmpackaging.com\/fr\/wp-json\/wp\/v2\/product_cat?post=39790"},{"taxonomy":"product_tag","embeddable":true,"href":"https:\/\/www.bbmpackaging.com\/fr\/wp-json\/wp\/v2\/product_tag?post=39790"}],"curies":[{"name":"wp","href":"https:\/\/api.w.org\/{rel}","templated":true}]}}