{"id":42620,"date":"2024-08-23T10:28:17","date_gmt":"2024-08-23T08:28:17","guid":{"rendered":"https:\/\/www.bbmpackaging.com\/prodotto\/linea-pet-acqua-naturale-frizzante-e-bibite-6000-bph\/"},"modified":"2026-02-02T16:20:20","modified_gmt":"2026-02-02T15:20:20","slug":"ligne-pet-eau-naturelle-petillante-boissons-12000","status":"publish","type":"product","link":"https:\/\/www.bbmpackaging.com\/fr\/ligne-pet-eau-naturelle-petillante-boissons-12000\/","title":{"rendered":"Ligne PET eau naturelle gazeuseboissons 6000 bph"},"content":{"rendered":"<p>Ligne d&#8217;embouteillage id\u00e9ale pour embouteiller de l&rsquo;eau plate, gazeuse et des boissons.<br \/>\nLa ligne est con\u00e7ue pour produire jusqu&rsquo;\u00e0 6000 bouteilles par heure au format 1500 ml. Formats interchangeables disponibles. Parmi les principales caract\u00e9ristiques :<\/p>\n<ul>\n<li>Tribloc de remplissage neuf<\/li>\n<li>\u00c9tiquette en papier pr\u00e9d\u00e9coup\u00e9e<\/li>\n<li>Conditionnement sous film<\/li>\n<\/ul>\n<p>La liste des machines:<\/p>\n<ul>\n<li><a href=\"https:\/\/www.bbmpackaging.com\/fr\/sidel-sbo-6-10-serie-1\/\" target=\"_blank\" rel=\"noopener\"><strong>Souffleuse SIDEL SBO 6-10 S\u00e9rie 1<\/strong><\/a><\/li>\n<li>Tribloc de remplissage neuf, complet avec boucheuse AROL<\/li>\n<li><a href=\"https:\/\/www.bbmpackaging.com\/fr\/etiqueteuse-pe-labellers-executive\/\" target=\"_blank\" rel=\"noopener\"><strong>\u00c9tiqueteuse PE Labellers Executive<\/strong><\/a><\/li>\n<li><strong><a href=\"https:\/\/www.bbmpackaging.com\/fr\/fardeleuse-smi-lsk-30p\/\" target=\"_blank\" rel=\"noopener\">Fardeleuse SMI LSK 30P<\/a><\/strong><\/li>\n<\/ul>\n<p>La ligne d&#8217;embouteillage et de conditionnement est disponible r\u00e9vis\u00e9e et garantie par BBM Service.<\/p>\n","protected":false},"excerpt":{"rendered":"<p>Ligne d&#8217;embouteillage PET et d&#8217;emballage FILM. Utilis\u00e9, entretenu et garanti par BBM Service<\/p>\n","protected":false},"featured_media":42622,"comment_status":"closed","ping_status":"closed","template":"","meta":{"_acf_changed":false},"brand":[7500],"product_brand":[],"product_cat":[1102,1106,1108],"product_tag":[2725],"class_list":{"0":"post-42620","1":"product","2":"type-product","3":"status-publish","4":"has-post-thumbnail","6":"brand-muiltimarques","7":"product_cat-machines","8":"product_cat-occasion","9":"product_cat-lignes-embouteillage-occasion","10":"product_tag-bottling-fr","12":"first","13":"instock","14":"shipping-taxable","15":"product-type-simple"},"acf":[],"yoast_head":"<!-- This site is optimized with the Yoast SEO plugin v27.2 - https:\/\/yoast.com\/product\/yoast-seo-wordpress\/ -->\n<title>Ligne PET compl\u00e8te eau plate, gazeuse, boissons 6000 bph<\/title>\n<meta name=\"description\" content=\"Installation d\u2019embouteillage PET pour eau plate, gazeuse et boissons non alcoolis\u00e9es. Choisissez la solution compl\u00e8te BBM, sp\u00e9cialiste de l&#039;occasion r\u00e9vis\u00e9e.\" \/>\n<meta name=\"robots\" content=\"index, follow, max-snippet:-1, max-image-preview:large, max-video-preview:-1\" \/>\n<link rel=\"canonical\" href=\"https:\/\/www.bbmpackaging.com\/fr\/ligne-pet-eau-naturelle-petillante-boissons-12000\/\" \/>\n<meta property=\"og:locale\" content=\"fr_FR\" \/>\n<meta property=\"og:type\" content=\"article\" \/>\n<meta property=\"og:title\" content=\"Ligne PET compl\u00e8te eau plate, gazeuse, boissons 6000 bph\" \/>\n<meta property=\"og:description\" content=\"Installation d\u2019embouteillage PET pour eau plate, gazeuse et boissons non alcoolis\u00e9es. Choisissez la solution compl\u00e8te BBM, sp\u00e9cialiste de l&#039;occasion r\u00e9vis\u00e9e.\" \/>\n<meta property=\"og:url\" content=\"https:\/\/www.bbmpackaging.com\/fr\/ligne-pet-eau-naturelle-petillante-boissons-12000\/\" \/>\n<meta property=\"og:site_name\" content=\"BBM Packaging\" \/>\n<meta property=\"article:modified_time\" content=\"2026-02-02T15:20:20+00:00\" \/>\n<meta property=\"og:image\" content=\"https:\/\/cdn.bbmpackaging.com\/wp-content\/uploads\/2024\/08\/BBM_Ligne-dembouteillage-eau-plate-et-gazeuse-boissons_6000-bph.jpg\" \/>\n\t<meta property=\"og:image:width\" content=\"1024\" \/>\n\t<meta property=\"og:image:height\" content=\"768\" \/>\n\t<meta property=\"og:image:type\" content=\"image\/jpeg\" \/>\n<meta name=\"twitter:card\" content=\"summary_large_image\" \/>\n<meta name=\"twitter:label1\" content=\"Dur\u00e9e de lecture estim\u00e9e\" \/>\n\t<meta name=\"twitter:data1\" content=\"1 minute\" \/>\n<script type=\"application\/ld+json\" class=\"yoast-schema-graph\">{\"@context\":\"https:\/\/schema.org\",\"@graph\":[{\"@type\":\"WebPage\",\"@id\":\"https:\/\/www.bbmpackaging.com\/fr\/ligne-pet-eau-naturelle-petillante-boissons-12000\/\",\"url\":\"https:\/\/www.bbmpackaging.com\/fr\/ligne-pet-eau-naturelle-petillante-boissons-12000\/\",\"name\":\"Ligne PET compl\u00e8te eau plate, gazeuse, boissons 6000 bph\",\"isPartOf\":{\"@id\":\"https:\/\/www.bbmpackaging.com\/fr\/#website\"},\"primaryImageOfPage\":{\"@id\":\"https:\/\/www.bbmpackaging.com\/fr\/ligne-pet-eau-naturelle-petillante-boissons-12000\/#primaryimage\"},\"image\":{\"@id\":\"https:\/\/www.bbmpackaging.com\/fr\/ligne-pet-eau-naturelle-petillante-boissons-12000\/#primaryimage\"},\"thumbnailUrl\":\"https:\/\/cdn.bbmpackaging.com\/wp-content\/uploads\/2024\/08\/BBM_Ligne-dembouteillage-eau-plate-et-gazeuse-boissons_6000-bph.jpg\",\"datePublished\":\"2024-08-23T08:28:17+00:00\",\"dateModified\":\"2026-02-02T15:20:20+00:00\",\"description\":\"Installation d\u2019embouteillage PET pour eau plate, gazeuse et boissons non alcoolis\u00e9es. Choisissez la solution compl\u00e8te BBM, sp\u00e9cialiste de l'occasion r\u00e9vis\u00e9e.\",\"breadcrumb\":{\"@id\":\"https:\/\/www.bbmpackaging.com\/fr\/ligne-pet-eau-naturelle-petillante-boissons-12000\/#breadcrumb\"},\"inLanguage\":\"fr-FR\",\"potentialAction\":[{\"@type\":\"ReadAction\",\"target\":[\"https:\/\/www.bbmpackaging.com\/fr\/ligne-pet-eau-naturelle-petillante-boissons-12000\/\"]}]},{\"@type\":\"ImageObject\",\"inLanguage\":\"fr-FR\",\"@id\":\"https:\/\/www.bbmpackaging.com\/fr\/ligne-pet-eau-naturelle-petillante-boissons-12000\/#primaryimage\",\"url\":\"https:\/\/cdn.bbmpackaging.com\/wp-content\/uploads\/2024\/08\/BBM_Ligne-dembouteillage-eau-plate-et-gazeuse-boissons_6000-bph.jpg\",\"contentUrl\":\"https:\/\/cdn.bbmpackaging.com\/wp-content\/uploads\/2024\/08\/BBM_Ligne-dembouteillage-eau-plate-et-gazeuse-boissons_6000-bph.jpg\",\"width\":1024,\"height\":768,\"caption\":\"BBM_Ligne d'embouteillage eau plate et gazeuse, boissons_6000 bph\"},{\"@type\":\"BreadcrumbList\",\"@id\":\"https:\/\/www.bbmpackaging.com\/fr\/ligne-pet-eau-naturelle-petillante-boissons-12000\/#breadcrumb\",\"itemListElement\":[{\"@type\":\"ListItem\",\"position\":1,\"name\":\"Home\",\"item\":\"https:\/\/www.bbmpackaging.com\/fr\/\"},{\"@type\":\"ListItem\",\"position\":2,\"name\":\"Produits\",\"item\":\"https:\/\/www.bbmpackaging.com\/fr\/produits\/\"},{\"@type\":\"ListItem\",\"position\":3,\"name\":\"Machines d\u2019occasion\",\"item\":\"https:\/\/www.bbmpackaging.com\/fr\/machines\/occasion\/\"},{\"@type\":\"ListItem\",\"position\":4,\"name\":\"Ligne d\u2019embouteillage et d\u2019emballage\",\"item\":\"https:\/\/www.bbmpackaging.com\/fr\/machines\/lignes-embouteillage-occasion\/\"},{\"@type\":\"ListItem\",\"position\":5,\"name\":\"Ligne PET eau naturelle gazeuseboissons 6000 bph\"}]},{\"@type\":\"WebSite\",\"@id\":\"https:\/\/www.bbmpackaging.com\/fr\/#website\",\"url\":\"https:\/\/www.bbmpackaging.com\/fr\/\",\"name\":\"BBM Packaging\",\"description\":\"Imbottigliamento: macchinari manutenzione e much more\",\"potentialAction\":[{\"@type\":\"SearchAction\",\"target\":{\"@type\":\"EntryPoint\",\"urlTemplate\":\"https:\/\/www.bbmpackaging.com\/fr\/?s={search_term_string}\"},\"query-input\":{\"@type\":\"PropertyValueSpecification\",\"valueRequired\":true,\"valueName\":\"search_term_string\"}}],\"inLanguage\":\"fr-FR\"}]}<\/script>\n<!-- \/ Yoast SEO plugin. -->","yoast_head_json":{"title":"Ligne PET compl\u00e8te eau plate, gazeuse, boissons 6000 bph","description":"Installation d\u2019embouteillage PET pour eau plate, gazeuse et boissons non alcoolis\u00e9es. Choisissez la solution compl\u00e8te BBM, sp\u00e9cialiste de l'occasion r\u00e9vis\u00e9e.","robots":{"index":"index","follow":"follow","max-snippet":"max-snippet:-1","max-image-preview":"max-image-preview:large","max-video-preview":"max-video-preview:-1"},"canonical":"https:\/\/www.bbmpackaging.com\/fr\/ligne-pet-eau-naturelle-petillante-boissons-12000\/","og_locale":"fr_FR","og_type":"article","og_title":"Ligne PET compl\u00e8te eau plate, gazeuse, boissons 6000 bph","og_description":"Installation d\u2019embouteillage PET pour eau plate, gazeuse et boissons non alcoolis\u00e9es. Choisissez la solution compl\u00e8te BBM, sp\u00e9cialiste de l'occasion r\u00e9vis\u00e9e.","og_url":"https:\/\/www.bbmpackaging.com\/fr\/ligne-pet-eau-naturelle-petillante-boissons-12000\/","og_site_name":"BBM Packaging","article_modified_time":"2026-02-02T15:20:20+00:00","og_image":[{"width":1024,"height":768,"url":"https:\/\/cdn.bbmpackaging.com\/wp-content\/uploads\/2024\/08\/BBM_Ligne-dembouteillage-eau-plate-et-gazeuse-boissons_6000-bph.jpg","type":"image\/jpeg"}],"twitter_card":"summary_large_image","twitter_misc":{"Dur\u00e9e de lecture estim\u00e9e":"1 minute"},"schema":{"@context":"https:\/\/schema.org","@graph":[{"@type":"WebPage","@id":"https:\/\/www.bbmpackaging.com\/fr\/ligne-pet-eau-naturelle-petillante-boissons-12000\/","url":"https:\/\/www.bbmpackaging.com\/fr\/ligne-pet-eau-naturelle-petillante-boissons-12000\/","name":"Ligne PET compl\u00e8te eau plate, gazeuse, boissons 6000 bph","isPartOf":{"@id":"https:\/\/www.bbmpackaging.com\/fr\/#website"},"primaryImageOfPage":{"@id":"https:\/\/www.bbmpackaging.com\/fr\/ligne-pet-eau-naturelle-petillante-boissons-12000\/#primaryimage"},"image":{"@id":"https:\/\/www.bbmpackaging.com\/fr\/ligne-pet-eau-naturelle-petillante-boissons-12000\/#primaryimage"},"thumbnailUrl":"https:\/\/cdn.bbmpackaging.com\/wp-content\/uploads\/2024\/08\/BBM_Ligne-dembouteillage-eau-plate-et-gazeuse-boissons_6000-bph.jpg","datePublished":"2024-08-23T08:28:17+00:00","dateModified":"2026-02-02T15:20:20+00:00","description":"Installation d\u2019embouteillage PET pour eau plate, gazeuse et boissons non alcoolis\u00e9es. Choisissez la solution compl\u00e8te BBM, sp\u00e9cialiste de l'occasion r\u00e9vis\u00e9e.","breadcrumb":{"@id":"https:\/\/www.bbmpackaging.com\/fr\/ligne-pet-eau-naturelle-petillante-boissons-12000\/#breadcrumb"},"inLanguage":"fr-FR","potentialAction":[{"@type":"ReadAction","target":["https:\/\/www.bbmpackaging.com\/fr\/ligne-pet-eau-naturelle-petillante-boissons-12000\/"]}]},{"@type":"ImageObject","inLanguage":"fr-FR","@id":"https:\/\/www.bbmpackaging.com\/fr\/ligne-pet-eau-naturelle-petillante-boissons-12000\/#primaryimage","url":"https:\/\/cdn.bbmpackaging.com\/wp-content\/uploads\/2024\/08\/BBM_Ligne-dembouteillage-eau-plate-et-gazeuse-boissons_6000-bph.jpg","contentUrl":"https:\/\/cdn.bbmpackaging.com\/wp-content\/uploads\/2024\/08\/BBM_Ligne-dembouteillage-eau-plate-et-gazeuse-boissons_6000-bph.jpg","width":1024,"height":768,"caption":"BBM_Ligne d'embouteillage eau plate et gazeuse, boissons_6000 bph"},{"@type":"BreadcrumbList","@id":"https:\/\/www.bbmpackaging.com\/fr\/ligne-pet-eau-naturelle-petillante-boissons-12000\/#breadcrumb","itemListElement":[{"@type":"ListItem","position":1,"name":"Home","item":"https:\/\/www.bbmpackaging.com\/fr\/"},{"@type":"ListItem","position":2,"name":"Produits","item":"https:\/\/www.bbmpackaging.com\/fr\/produits\/"},{"@type":"ListItem","position":3,"name":"Machines d\u2019occasion","item":"https:\/\/www.bbmpackaging.com\/fr\/machines\/occasion\/"},{"@type":"ListItem","position":4,"name":"Ligne d\u2019embouteillage et d\u2019emballage","item":"https:\/\/www.bbmpackaging.com\/fr\/machines\/lignes-embouteillage-occasion\/"},{"@type":"ListItem","position":5,"name":"Ligne PET eau naturelle gazeuseboissons 6000 bph"}]},{"@type":"WebSite","@id":"https:\/\/www.bbmpackaging.com\/fr\/#website","url":"https:\/\/www.bbmpackaging.com\/fr\/","name":"BBM Packaging","description":"Imbottigliamento: macchinari manutenzione e much more","potentialAction":[{"@type":"SearchAction","target":{"@type":"EntryPoint","urlTemplate":"https:\/\/www.bbmpackaging.com\/fr\/?s={search_term_string}"},"query-input":{"@type":"PropertyValueSpecification","valueRequired":true,"valueName":"search_term_string"}}],"inLanguage":"fr-FR"}]}},"_links":{"self":[{"href":"https:\/\/www.bbmpackaging.com\/fr\/wp-json\/wp\/v2\/product\/42620","targetHints":{"allow":["GET"]}}],"collection":[{"href":"https:\/\/www.bbmpackaging.com\/fr\/wp-json\/wp\/v2\/product"}],"about":[{"href":"https:\/\/www.bbmpackaging.com\/fr\/wp-json\/wp\/v2\/types\/product"}],"replies":[{"embeddable":true,"href":"https:\/\/www.bbmpackaging.com\/fr\/wp-json\/wp\/v2\/comments?post=42620"}],"wp:featuredmedia":[{"embeddable":true,"href":"https:\/\/www.bbmpackaging.com\/fr\/wp-json\/wp\/v2\/media\/42622"}],"wp:attachment":[{"href":"https:\/\/www.bbmpackaging.com\/fr\/wp-json\/wp\/v2\/media?parent=42620"}],"wp:term":[{"taxonomy":"brand","embeddable":true,"href":"https:\/\/www.bbmpackaging.com\/fr\/wp-json\/wp\/v2\/brand?post=42620"},{"taxonomy":"product_brand","embeddable":true,"href":"https:\/\/www.bbmpackaging.com\/fr\/wp-json\/wp\/v2\/product_brand?post=42620"},{"taxonomy":"product_cat","embeddable":true,"href":"https:\/\/www.bbmpackaging.com\/fr\/wp-json\/wp\/v2\/product_cat?post=42620"},{"taxonomy":"product_tag","embeddable":true,"href":"https:\/\/www.bbmpackaging.com\/fr\/wp-json\/wp\/v2\/product_tag?post=42620"}],"curies":[{"name":"wp","href":"https:\/\/api.w.org\/{rel}","templated":true}]}}