{"id":44961,"date":"2024-10-03T16:43:07","date_gmt":"2024-10-03T14:43:07","guid":{"rendered":"https:\/\/www.bbmpackaging.com\/prodotto\/bbm-divider\/"},"modified":"2026-02-05T12:33:19","modified_gmt":"2026-02-05T11:33:19","slug":"bbm-divider-fr","status":"publish","type":"product","link":"https:\/\/www.bbmpackaging.com\/fr\/machines\/divider\/","title":{"rendered":"Divider"},"content":{"rendered":"<h2><strong>BBM Divider pour la r\u00e9partition des contenants d&rsquo;un canal unique \u00e0 un double canal<\/strong><\/h2>\n<p>Le Divider BBM est la solution id\u00e9ale pour la r\u00e9partition de contenants tels que des bouteilles, des canettes, des bo\u00eetes et des bidons, d&rsquo;un canal unique \u00e0 un double canal. Capable de fonctionner \u00e0 une vitesse de 25 000 bouteilles par heure (bph), le divider a \u00e9t\u00e9 con\u00e7u par le bureau technique de BBM Service pour \u00eatre int\u00e9gr\u00e9 \u00e0 diff\u00e9rents types de machines d&#8217;emballage.<br \/>\nLe Divider BBM repr\u00e9sente une alternative plus \u00e9conomique et compacte par rapport aux bandes traditionnelles avec des palettes de d\u00e9filement. Gr\u00e2ce \u00e0 son design l\u00e9ger et intuitif, le divider facilite le changement de format, le rendant id\u00e9al pour les lignes de production dynamiques et \u00e0 haute performance. BBM fournit directement des vis sans fin personnalis\u00e9es pour s&rsquo;adapter \u00e0 diff\u00e9rents formats de contenants.<\/p>\n","protected":false},"excerpt":{"rendered":"<p>S\u00e9parateur BBM des bouteilles, canettes et autres r\u00e9cipients d&rsquo;un canal simple \u00e0 un canal double<\/p>\n","protected":false},"featured_media":44957,"comment_status":"closed","ping_status":"closed","template":"","meta":{"_acf_changed":false},"brand":[7497],"product_brand":[],"product_cat":[1102,1106,1103],"product_tag":[],"class_list":{"0":"post-44961","1":"product","2":"type-product","3":"status-publish","4":"has-post-thumbnail","6":"brand-bbm-packaging","7":"product_cat-machines","8":"product_cat-occasion","9":"product_cat-neuf","11":"first","12":"instock","13":"shipping-taxable","14":"product-type-simple"},"acf":[],"yoast_head":"<!-- This site is optimized with the Yoast SEO plugin v27.2 - https:\/\/yoast.com\/product\/yoast-seo-wordpress\/ -->\n<title>S\u00e9parateur BBM des bouteilles<\/title>\n<meta name=\"description\" content=\"Le Divider BBM est la solution id\u00e9ale pour la r\u00e9partition de contenants tels que des bouteilles, des canettes, des bo\u00eetes et des bidons, d&#039;un canal unique \u00e0 un double canal.\" \/>\n<meta name=\"robots\" content=\"index, follow, max-snippet:-1, max-image-preview:large, max-video-preview:-1\" \/>\n<link rel=\"canonical\" href=\"https:\/\/www.bbmpackaging.com\/fr\/machines\/divider\/\" \/>\n<meta property=\"og:locale\" content=\"fr_FR\" \/>\n<meta property=\"og:type\" content=\"article\" \/>\n<meta property=\"og:title\" content=\"S\u00e9parateur BBM des bouteilles\" \/>\n<meta property=\"og:description\" content=\"Le Divider BBM est la solution id\u00e9ale pour la r\u00e9partition de contenants tels que des bouteilles, des canettes, des bo\u00eetes et des bidons, d&#039;un canal unique \u00e0 un double canal.\" \/>\n<meta property=\"og:url\" content=\"https:\/\/www.bbmpackaging.com\/fr\/machines\/divider\/\" \/>\n<meta property=\"og:site_name\" content=\"BBM Packaging\" \/>\n<meta property=\"article:modified_time\" content=\"2026-02-05T11:33:19+00:00\" \/>\n<meta property=\"og:image\" content=\"https:\/\/www.bbmpackaging.com\/wp-content\/uploads\/2024\/10\/BBM-Service_Divider_Prodotto-1.jpg\" \/>\n\t<meta property=\"og:image:width\" content=\"935\" \/>\n\t<meta property=\"og:image:height\" content=\"768\" \/>\n\t<meta property=\"og:image:type\" content=\"image\/jpeg\" \/>\n<meta name=\"twitter:card\" content=\"summary_large_image\" \/>\n<meta name=\"twitter:label1\" content=\"Dur\u00e9e de lecture estim\u00e9e\" \/>\n\t<meta name=\"twitter:data1\" content=\"1 minute\" \/>\n<script type=\"application\/ld+json\" class=\"yoast-schema-graph\">{\"@context\":\"https:\/\/schema.org\",\"@graph\":[{\"@type\":\"WebPage\",\"@id\":\"https:\/\/www.bbmpackaging.com\/fr\/machines\/divider\/\",\"url\":\"https:\/\/www.bbmpackaging.com\/fr\/machines\/divider\/\",\"name\":\"S\u00e9parateur BBM des bouteilles\",\"isPartOf\":{\"@id\":\"https:\/\/www.bbmpackaging.com\/fr\/#website\"},\"primaryImageOfPage\":{\"@id\":\"https:\/\/www.bbmpackaging.com\/fr\/machines\/divider\/#primaryimage\"},\"image\":{\"@id\":\"https:\/\/www.bbmpackaging.com\/fr\/machines\/divider\/#primaryimage\"},\"thumbnailUrl\":\"https:\/\/cdn.bbmpackaging.com\/wp-content\/uploads\/2024\/10\/BBM-Service_Divider_Prodotto-1.jpg\",\"datePublished\":\"2024-10-03T14:43:07+00:00\",\"dateModified\":\"2026-02-05T11:33:19+00:00\",\"description\":\"Le Divider BBM est la solution id\u00e9ale pour la r\u00e9partition de contenants tels que des bouteilles, des canettes, des bo\u00eetes et des bidons, d'un canal unique \u00e0 un double canal.\",\"breadcrumb\":{\"@id\":\"https:\/\/www.bbmpackaging.com\/fr\/machines\/divider\/#breadcrumb\"},\"inLanguage\":\"fr-FR\",\"potentialAction\":[{\"@type\":\"ReadAction\",\"target\":[\"https:\/\/www.bbmpackaging.com\/fr\/machines\/divider\/\"]}]},{\"@type\":\"ImageObject\",\"inLanguage\":\"fr-FR\",\"@id\":\"https:\/\/www.bbmpackaging.com\/fr\/machines\/divider\/#primaryimage\",\"url\":\"https:\/\/cdn.bbmpackaging.com\/wp-content\/uploads\/2024\/10\/BBM-Service_Divider_Prodotto-1.jpg\",\"contentUrl\":\"https:\/\/cdn.bbmpackaging.com\/wp-content\/uploads\/2024\/10\/BBM-Service_Divider_Prodotto-1.jpg\",\"width\":935,\"height\":768,\"caption\":\"BBM Divider per lo smistamento di bottiglie, lattine e altri contenitori da canale singolo a doppio canale\"},{\"@type\":\"BreadcrumbList\",\"@id\":\"https:\/\/www.bbmpackaging.com\/fr\/machines\/divider\/#breadcrumb\",\"itemListElement\":[{\"@type\":\"ListItem\",\"position\":1,\"name\":\"Home\",\"item\":\"https:\/\/www.bbmpackaging.com\/fr\/\"},{\"@type\":\"ListItem\",\"position\":2,\"name\":\"Produits\",\"item\":\"https:\/\/www.bbmpackaging.com\/fr\/produits\/\"},{\"@type\":\"ListItem\",\"position\":3,\"name\":\"Divider\"}]},{\"@type\":\"WebSite\",\"@id\":\"https:\/\/www.bbmpackaging.com\/fr\/#website\",\"url\":\"https:\/\/www.bbmpackaging.com\/fr\/\",\"name\":\"BBM Packaging\",\"description\":\"Imbottigliamento: macchinari manutenzione e much more\",\"potentialAction\":[{\"@type\":\"SearchAction\",\"target\":{\"@type\":\"EntryPoint\",\"urlTemplate\":\"https:\/\/www.bbmpackaging.com\/fr\/?s={search_term_string}\"},\"query-input\":{\"@type\":\"PropertyValueSpecification\",\"valueRequired\":true,\"valueName\":\"search_term_string\"}}],\"inLanguage\":\"fr-FR\"}]}<\/script>\n<!-- \/ Yoast SEO plugin. -->","yoast_head_json":{"title":"S\u00e9parateur BBM des bouteilles","description":"Le Divider BBM est la solution id\u00e9ale pour la r\u00e9partition de contenants tels que des bouteilles, des canettes, des bo\u00eetes et des bidons, d'un canal unique \u00e0 un double canal.","robots":{"index":"index","follow":"follow","max-snippet":"max-snippet:-1","max-image-preview":"max-image-preview:large","max-video-preview":"max-video-preview:-1"},"canonical":"https:\/\/www.bbmpackaging.com\/fr\/machines\/divider\/","og_locale":"fr_FR","og_type":"article","og_title":"S\u00e9parateur BBM des bouteilles","og_description":"Le Divider BBM est la solution id\u00e9ale pour la r\u00e9partition de contenants tels que des bouteilles, des canettes, des bo\u00eetes et des bidons, d'un canal unique \u00e0 un double canal.","og_url":"https:\/\/www.bbmpackaging.com\/fr\/machines\/divider\/","og_site_name":"BBM Packaging","article_modified_time":"2026-02-05T11:33:19+00:00","og_image":[{"width":935,"height":768,"url":"https:\/\/www.bbmpackaging.com\/wp-content\/uploads\/2024\/10\/BBM-Service_Divider_Prodotto-1.jpg","type":"image\/jpeg"}],"twitter_card":"summary_large_image","twitter_misc":{"Dur\u00e9e de lecture estim\u00e9e":"1 minute"},"schema":{"@context":"https:\/\/schema.org","@graph":[{"@type":"WebPage","@id":"https:\/\/www.bbmpackaging.com\/fr\/machines\/divider\/","url":"https:\/\/www.bbmpackaging.com\/fr\/machines\/divider\/","name":"S\u00e9parateur BBM des bouteilles","isPartOf":{"@id":"https:\/\/www.bbmpackaging.com\/fr\/#website"},"primaryImageOfPage":{"@id":"https:\/\/www.bbmpackaging.com\/fr\/machines\/divider\/#primaryimage"},"image":{"@id":"https:\/\/www.bbmpackaging.com\/fr\/machines\/divider\/#primaryimage"},"thumbnailUrl":"https:\/\/cdn.bbmpackaging.com\/wp-content\/uploads\/2024\/10\/BBM-Service_Divider_Prodotto-1.jpg","datePublished":"2024-10-03T14:43:07+00:00","dateModified":"2026-02-05T11:33:19+00:00","description":"Le Divider BBM est la solution id\u00e9ale pour la r\u00e9partition de contenants tels que des bouteilles, des canettes, des bo\u00eetes et des bidons, d'un canal unique \u00e0 un double canal.","breadcrumb":{"@id":"https:\/\/www.bbmpackaging.com\/fr\/machines\/divider\/#breadcrumb"},"inLanguage":"fr-FR","potentialAction":[{"@type":"ReadAction","target":["https:\/\/www.bbmpackaging.com\/fr\/machines\/divider\/"]}]},{"@type":"ImageObject","inLanguage":"fr-FR","@id":"https:\/\/www.bbmpackaging.com\/fr\/machines\/divider\/#primaryimage","url":"https:\/\/cdn.bbmpackaging.com\/wp-content\/uploads\/2024\/10\/BBM-Service_Divider_Prodotto-1.jpg","contentUrl":"https:\/\/cdn.bbmpackaging.com\/wp-content\/uploads\/2024\/10\/BBM-Service_Divider_Prodotto-1.jpg","width":935,"height":768,"caption":"BBM Divider per lo smistamento di bottiglie, lattine e altri contenitori da canale singolo a doppio canale"},{"@type":"BreadcrumbList","@id":"https:\/\/www.bbmpackaging.com\/fr\/machines\/divider\/#breadcrumb","itemListElement":[{"@type":"ListItem","position":1,"name":"Home","item":"https:\/\/www.bbmpackaging.com\/fr\/"},{"@type":"ListItem","position":2,"name":"Produits","item":"https:\/\/www.bbmpackaging.com\/fr\/produits\/"},{"@type":"ListItem","position":3,"name":"Divider"}]},{"@type":"WebSite","@id":"https:\/\/www.bbmpackaging.com\/fr\/#website","url":"https:\/\/www.bbmpackaging.com\/fr\/","name":"BBM Packaging","description":"Imbottigliamento: macchinari manutenzione e much more","potentialAction":[{"@type":"SearchAction","target":{"@type":"EntryPoint","urlTemplate":"https:\/\/www.bbmpackaging.com\/fr\/?s={search_term_string}"},"query-input":{"@type":"PropertyValueSpecification","valueRequired":true,"valueName":"search_term_string"}}],"inLanguage":"fr-FR"}]}},"_links":{"self":[{"href":"https:\/\/www.bbmpackaging.com\/fr\/wp-json\/wp\/v2\/product\/44961","targetHints":{"allow":["GET"]}}],"collection":[{"href":"https:\/\/www.bbmpackaging.com\/fr\/wp-json\/wp\/v2\/product"}],"about":[{"href":"https:\/\/www.bbmpackaging.com\/fr\/wp-json\/wp\/v2\/types\/product"}],"replies":[{"embeddable":true,"href":"https:\/\/www.bbmpackaging.com\/fr\/wp-json\/wp\/v2\/comments?post=44961"}],"wp:featuredmedia":[{"embeddable":true,"href":"https:\/\/www.bbmpackaging.com\/fr\/wp-json\/wp\/v2\/media\/44957"}],"wp:attachment":[{"href":"https:\/\/www.bbmpackaging.com\/fr\/wp-json\/wp\/v2\/media?parent=44961"}],"wp:term":[{"taxonomy":"brand","embeddable":true,"href":"https:\/\/www.bbmpackaging.com\/fr\/wp-json\/wp\/v2\/brand?post=44961"},{"taxonomy":"product_brand","embeddable":true,"href":"https:\/\/www.bbmpackaging.com\/fr\/wp-json\/wp\/v2\/product_brand?post=44961"},{"taxonomy":"product_cat","embeddable":true,"href":"https:\/\/www.bbmpackaging.com\/fr\/wp-json\/wp\/v2\/product_cat?post=44961"},{"taxonomy":"product_tag","embeddable":true,"href":"https:\/\/www.bbmpackaging.com\/fr\/wp-json\/wp\/v2\/product_tag?post=44961"}],"curies":[{"name":"wp","href":"https:\/\/api.w.org\/{rel}","templated":true}]}}